{"id":2053,"date":"2025-09-29T08:46:57","date_gmt":"2025-09-29T07:46:57","guid":{"rendered":"https:\/\/medicaltravel.net\/ueber-uns\/"},"modified":"2026-01-08T01:10:12","modified_gmt":"2026-01-08T00:10:12","slug":"ueber-uns","status":"publish","type":"page","link":"https:\/\/medicaltravel.net\/de\/ueber-uns\/","title":{"rendered":"\u00dcber uns"},"content":{"rendered":"\n<h4 class=\"wp-block-heading\">\u00dcBER MEDICALTRAVEL<\/h4>\n\n<p>MedicalTravel ist seit 2006 <strong>eine Agentur f\u00fcr Gesundheitstourismus<\/strong>.<\/p>\n\n<p>MedicalTravel hat sich zum Ziel gesetzt, Ihre Behandlungsw\u00fcnsche in <strong>h\u00f6chster Qualit\u00e4t in Bezug auf Medizin und Organisation<\/strong> in der T\u00fcrkei zu erf\u00fcllen. Dieser Zweck kann auch mit einer Reise in viele verschiedene St\u00e4dte der T\u00fcrkei verbunden werden. <\/p>\n\n<h4 class=\"wp-block-heading\">Unsere Vision<\/h4>\n\n<p>Dass Sie mit unseren Dienstleistungen und der Qualit\u00e4t Ihrer Operation <strong>zufrieden<\/strong> sind, ist f\u00fcr uns von gr\u00f6\u00dfter Bedeutung. Ihr Gl\u00fcck und Ihre Gesundheit vor, nach und w\u00e4hrend der Operation sind uns sehr wichtig. Wir bieten keine Dienstleistungen an, von denen wir nicht zu 100 Prozent \u00fcberzeugt sind.  <\/p>\n\n<h4 class=\"wp-block-heading\">Warum MedicalTravel?<\/h4>\n\n<ul class=\"wp-block-list\">\n<li>Wir sind Experten f\u00fcr Gesundheitstourismus in die T\u00fcrkei.<\/li>\n\n\n\n<li>Unsere jahrelange Erfahrung bietet einen perfekten Ablauf.<\/li>\n\n\n\n<li>Hunderte zufriedene Patienten haben von unseren Dienstleistungen profitiert.<\/li>\n\n\n\n<li>Dank unserer All-inclusive-Organisation von A bis Z m\u00fcssen Sie nur noch Ihre Behandlung genie\u00dfen.<\/li>\n\n\n\n<li>Sie profitieren auch nach der Operation von unserer Unterst\u00fctzung. Wir sind immer f\u00fcr Sie da. <\/li>\n\n\n\n<li>Wir bieten Voruntersuchungen in Europa an, die kein anderes Unternehmen anbietet.<\/li>\n\n\n\n<li>Die Zusammenarbeit mit den besten Krankenh\u00e4usern in der T\u00fcrkei ist f\u00fcr uns eine selbstverst\u00e4ndliche Unternehmenspolitik.<\/li>\n\n\n\n<li>Wir bieten eine Originalpreisgarantie: eine kostenlose und unverbindliche Beratung<br\/>Der Mensch steht bei uns im Mittelpunkt. Bitte genie\u00dfen Sie unsere pers\u00f6nliche und aufrichtige Beratung. <\/li>\n\n\n\n<li>Durch Zufriedenheitsumfragen nach der Operation erreichen wir eine stetig verbesserte hohe Qualit\u00e4t.<\/li>\n<\/ul>\n\n<figure class=\"wp-block-image size-full\"><img fetchpriority=\"high\" decoding=\"async\" width=\"200\" height=\"250\" src=\"https:\/\/medicaltravel.net\/wp-content\/uploads\/2025\/09\/portrait_serdarkaraagacli1.jpg\" alt=\"\" class=\"wp-image-143\"\/><\/figure>\n\n<p id=\"caption-attachment-125\">MedicalTravel Gr\u00fcnder und CEO Serdar Karaagacli<\/p>\n\n<h4 class=\"wp-block-heading\">Ethische Standards im Gesundheitstourismus<\/h4>\n\n<ul class=\"wp-block-list\">\n<li>In Bezug auf die Gesundheit machen wir keine Zugest\u00e4ndnisse bei der Qualit\u00e4t.<\/li>\n\n\n\n<li>Ihre Behandlung ist das Wichtigste. Und der Besuch von St\u00e4dten ist in diesem Fall ein sekund\u00e4rer Vorteil. <\/li>\n\n\n\n<li>Wir geben niemals unernste Versprechungen.<\/li>\n\n\n\n<li>Wir \u00fcben keinen Druck auf Sie aus, um Sie von einer Operation zu \u00fcberzeugen oder Sie zu einer solchen zu bewegen.<\/li>\n<\/ul>\n\n<p>Unser Ziel ist es, Ihren Wunsch nach \u201eeinem besseren Leben\u201c mit einer Behandlung in einer au\u00dfergew\u00f6hnlich sch\u00f6nen Welt, den St\u00e4dten der T\u00fcrkei, zu erf\u00fcllen, indem wir eine medizinische und organisatorische hohe Qualit\u00e4t bieten.<\/p>\n\n<p>Unsere Mission: Exzellenz in den Dienstleistungen!<\/p>\n","protected":false},"excerpt":{"rendered":"<p>\u00dcBER MEDICALTRAVEL MedicalTravel ist seit 2006 eine Agentur f\u00fcr Gesundheitstourismus. MedicalTravel hat sich zum Ziel gesetzt, Ihre Behandlungsw\u00fcnsche in h\u00f6chster Qualit\u00e4t in Bezug auf Medizin und Organisation in der T\u00fcrkei zu erf\u00fcllen. Dieser Zweck kann auch mit einer Reise in viele verschiedene St\u00e4dte der T\u00fcrkei verbunden werden. Unsere Vision Dass Sie mit unseren Dienstleistungen und der Qualit\u00e4t Ihrer Operation zufrieden sind, ist f\u00fcr uns von gr\u00f6\u00dfter Bedeutung. Ihr Gl\u00fcck und Ihre Gesundheit vor, nach und w\u00e4hrend der Operation sind uns sehr wichtig. Wir bieten keine Dienstleistungen an, von denen wir nicht zu 100 Prozent \u00fcberzeugt sind. Warum MedicalTravel? MedicalTravel Gr\u00fcnder und CEO Serdar Karaagacli Ethische Standards im Gesundheitstourismus Unser Ziel ist es, Ihren Wunsch nach \u201eeinem besseren Leben\u201c mit einer Behandlung in einer au\u00dfergew\u00f6hnlich sch\u00f6nen Welt, den St\u00e4dten der T\u00fcrkei, zu erf\u00fcllen, indem wir eine medizinische und organisatorische hohe Qualit\u00e4t bieten. Unsere Mission: Exzellenz in den Dienstleistungen!<\/p>\n","protected":false},"author":4,"featured_media":0,"parent":0,"menu_order":0,"comment_status":"closed","ping_status":"closed","template":"","meta":{"_joinchat":[],"footnotes":""},"class_list":["post-2053","page","type-page","status-publish","hentry"],"acf":[],"_links":{"self":[{"href":"https:\/\/medicaltravel.net\/de\/wp-json\/wp\/v2\/pages\/2053","targetHints":{"allow":["GET"]}}],"collection":[{"href":"https:\/\/medicaltravel.net\/de\/wp-json\/wp\/v2\/pages"}],"about":[{"href":"https:\/\/medicaltravel.net\/de\/wp-json\/wp\/v2\/types\/page"}],"author":[{"embeddable":true,"href":"https:\/\/medicaltravel.net\/de\/wp-json\/wp\/v2\/users\/4"}],"replies":[{"embeddable":true,"href":"https:\/\/medicaltravel.net\/de\/wp-json\/wp\/v2\/comments?post=2053"}],"version-history":[{"count":2,"href":"https:\/\/medicaltravel.net\/de\/wp-json\/wp\/v2\/pages\/2053\/revisions"}],"predecessor-version":[{"id":2246,"href":"https:\/\/medicaltravel.net\/de\/wp-json\/wp\/v2\/pages\/2053\/revisions\/2246"}],"wp:attachment":[{"href":"https:\/\/medicaltravel.net\/de\/wp-json\/wp\/v2\/media?parent=2053"}],"curies":[{"name":"wp","href":"https:\/\/api.w.org\/{rel}","templated":true}]}}