{"id":2059,"date":"2025-09-29T09:55:37","date_gmt":"2025-09-29T08:55:37","guid":{"rendered":"https:\/\/medicaltravel.net\/das-acibadem-krankenhaus-in-istanbul\/"},"modified":"2026-01-06T16:19:20","modified_gmt":"2026-01-06T15:19:20","slug":"das-acibadem-krankenhaus-in-istanbul","status":"publish","type":"page","link":"https:\/\/medicaltravel.net\/de\/das-acibadem-krankenhaus-in-istanbul\/","title":{"rendered":"Das Acibadem Krankenhaus in Istanbul"},"content":{"rendered":"\t\t<div data-elementor-type=\"wp-page\" data-elementor-id=\"2059\" class=\"elementor elementor-2059 elementor-103\" data-elementor-post-type=\"page\">\n\t\t\t\t<div class=\"elementor-element elementor-element-6a7bdfff e-flex e-con-boxed wpr-particle-no wpr-jarallax-no wpr-parallax-no wpr-sticky-section-no e-con e-parent\" data-id=\"6a7bdfff\" data-element_type=\"container\" data-e-type=\"container\">\n\t\t\t\t\t<div class=\"e-con-inner\">\n\t\t<div class=\"elementor-element elementor-element-7e14ece e-con-full e-flex wpr-particle-no wpr-jarallax-no wpr-parallax-no wpr-sticky-section-no e-con e-child\" data-id=\"7e14ece\" data-element_type=\"container\" data-e-type=\"container\">\n\t\t\t\t<div class=\"elementor-element elementor-element-3c7c860 elementor-widget elementor-widget-button\" data-id=\"3c7c860\" data-element_type=\"widget\" data-e-type=\"widget\" data-widget_type=\"button.default\">\n\t\t\t\t\t\t\t\t\t\t<a class=\"elementor-button elementor-button-link elementor-size-sm\" href=\"https:\/\/medicaltravel.net\/de\/das-acibadem-krankenhaus-in-istanbul\/\">\n\t\t\t\t\t\t<span class=\"elementor-button-content-wrapper\">\n\t\t\t\t\t\t\t\t\t<span class=\"elementor-button-text\">Acibadem<\/span>\n\t\t\t\t\t<\/span>\n\t\t\t\t\t<\/a>\n\t\t\t\t\t\t\t\t<\/div>\n\t\t\t\t<div class=\"elementor-element elementor-element-7bad087 elementor-widget elementor-widget-button\" data-id=\"7bad087\" data-element_type=\"widget\" data-e-type=\"widget\" data-widget_type=\"button.default\">\n\t\t\t\t\t\t\t\t\t\t<a class=\"elementor-button elementor-button-link elementor-size-sm\" href=\"https:\/\/medicaltravel.net\/liv_hospital_istanbul\/\">\n\t\t\t\t\t\t<span class=\"elementor-button-content-wrapper\">\n\t\t\t\t\t\t\t\t\t<span class=\"elementor-button-text\">Liv<\/span>\n\t\t\t\t\t<\/span>\n\t\t\t\t\t<\/a>\n\t\t\t\t\t\t\t\t<\/div>\n\t\t\t\t<div class=\"elementor-element elementor-element-139d70a elementor-widget elementor-widget-button\" data-id=\"139d70a\" data-element_type=\"widget\" data-e-type=\"widget\" data-widget_type=\"button.default\">\n\t\t\t\t\t\t\t\t\t\t<a class=\"elementor-button elementor-button-link elementor-size-sm\" href=\"https:\/\/medicaltravel.net\/hospitals-in-antalya\/\">\n\t\t\t\t\t\t<span class=\"elementor-button-content-wrapper\">\n\t\t\t\t\t\t\t\t\t<span class=\"elementor-button-text\">Antalya<\/span>\n\t\t\t\t\t<\/span>\n\t\t\t\t\t<\/a>\n\t\t\t\t\t\t\t\t<\/div>\n\t\t\t\t<div class=\"elementor-element elementor-element-bdcb0da elementor-widget elementor-widget-button\" data-id=\"bdcb0da\" data-element_type=\"widget\" data-e-type=\"widget\" data-widget_type=\"button.default\">\n\t\t\t\t\t\t\t\t\t\t<a class=\"elementor-button elementor-button-link elementor-size-sm\" href=\"https:\/\/medicaltravel.net\/hospital-in-izmir\/\">\n\t\t\t\t\t\t<span class=\"elementor-button-content-wrapper\">\n\t\t\t\t\t\t\t\t\t<span class=\"elementor-button-text\"> Izmir<\/span>\n\t\t\t\t\t<\/span>\n\t\t\t\t\t<\/a>\n\t\t\t\t\t\t\t\t<\/div>\n\t\t\t\t<div class=\"elementor-element elementor-element-b564963 elementor-widget elementor-widget-button\" data-id=\"b564963\" data-element_type=\"widget\" data-e-type=\"widget\" data-widget_type=\"button.default\">\n\t\t\t\t\t\t\t\t\t\t<a class=\"elementor-button elementor-button-link elementor-size-sm\" href=\"https:\/\/medicaltravel.net\/hospital-in-bodrum\/\">\n\t\t\t\t\t\t<span class=\"elementor-button-content-wrapper\">\n\t\t\t\t\t\t\t\t\t<span class=\"elementor-button-text\">Bodrum<\/span>\n\t\t\t\t\t<\/span>\n\t\t\t\t\t<\/a>\n\t\t\t\t\t\t\t\t<\/div>\n\t\t\t\t<div class=\"elementor-element elementor-element-d64a49b elementor-widget elementor-widget-button\" data-id=\"d64a49b\" data-element_type=\"widget\" data-e-type=\"widget\" data-widget_type=\"button.default\">\n\t\t\t\t\t\t\t\t\t\t<a class=\"elementor-button elementor-button-link elementor-size-sm\" href=\"https:\/\/medicaltravel.net\/rommer-rehabilitation-center-turkey\/\">\n\t\t\t\t\t\t<span class=\"elementor-button-content-wrapper\">\n\t\t\t\t\t\t\t\t\t<span class=\"elementor-button-text\">Rommer Bursa<\/span>\n\t\t\t\t\t<\/span>\n\t\t\t\t\t<\/a>\n\t\t\t\t\t\t\t\t<\/div>\n\t\t\t\t<\/div>\n\t\t\t\t<div class=\"elementor-element elementor-element-35399893 elementor-widget elementor-widget-text-editor\" data-id=\"35399893\" data-element_type=\"widget\" data-e-type=\"widget\" data-widget_type=\"text-editor.default\">\n\t\t\t\t\t\t\t\t\t<h3 class=\"wp-block-heading\">Die Acibadem Krankenh\u00e4user in Istanbul<\/h3>\n<p>Das <a href=\"https:\/\/en.wikipedia.org\/wiki\/Ac%C4%B1badem_Healthcare_Group\" target=\"_blank\" rel=\"noreferrer noopener\">Acibadem Krankenhaus<\/a> verf\u00fcgt \u00fcber die neueste Ausr\u00fcstung und Technologie in Istanbul. Gleichzeitig ist es eines der angesehensten privaten Krankenh\u00e4user in Istanbul und steht auf der Liste der Top 100 Unternehmen in der T\u00fcrkei. Au\u00dferdem w\u00e4chst und entwickelt sich die Acibadem Gesundheitsgruppe jedes Jahr weiter. Dieses Krankenhaus <strong>\u00fcbertrifft die hygienischen Standards der EU<\/strong>, und Sie werden von erfahrenen <strong>\u00c4rzten und Chirurgen betreut.<\/strong>   <\/p>\n<figure class=\"wp-block-image size-full\"><img fetchpriority=\"high\" decoding=\"async\" width=\"448\" height=\"299\" class=\"wp-image-269\" src=\"https:\/\/medicaltravel.net\/wp-content\/uploads\/2025\/09\/MG_5681_maslak_innegebaeude_01.jpg\" alt=\"\" srcset=\"https:\/\/medicaltravel.net\/wp-content\/uploads\/2025\/09\/MG_5681_maslak_innegebaeude_01.jpg 448w, https:\/\/medicaltravel.net\/wp-content\/uploads\/2025\/09\/MG_5681_maslak_innegebaeude_01-300x200.jpg 300w\" sizes=\"(max-width: 448px) 100vw, 448px\" \/><\/figure>\n<p id=\"caption-attachment-144\">Das moderne Krankenhaus Acibadem<\/p>\n<figure class=\"wp-block-image size-full\"><img decoding=\"async\" width=\"448\" height=\"298\" class=\"wp-image-270\" src=\"https:\/\/medicaltravel.net\/wp-content\/uploads\/2025\/09\/spital_inne_K_H_E_A_seite_2.jpg\" alt=\"\" srcset=\"https:\/\/medicaltravel.net\/wp-content\/uploads\/2025\/09\/spital_inne_K_H_E_A_seite_2.jpg 448w, https:\/\/medicaltravel.net\/wp-content\/uploads\/2025\/09\/spital_inne_K_H_E_A_seite_2-300x200.jpg 300w\" sizes=\"(max-width: 448px) 100vw, 448px\" \/><\/figure>\n<p id=\"caption-attachment-145\">Das Luxuskrankenhaus Acibadem<\/p>\n<p>Das Krankenhaus hat <strong>24 verschiedene medizinische Zentren<\/strong>, die meisten davon in Istanbul. Es ist die erste medizinische Wahl der Oberschicht in Istanbul und in ganz T\u00fcrkei. <strong>Die t\u00fcrkische Nationalmannschaft sowie bekannte Fu\u00dfballvereine<\/strong> wie Fenerbahce, Galatasaray oder Besiktas stehen ebenfalls unter medizinischem Schutz von Acibadem. <\/p>\n<p>Das Acibadem Krankenhaus hat von der US-amerikanischen JCI (Joint Commission International) ein Akkreditierungszertifikat erhalten, das die internationalen Qualit\u00e4tsstandards im Gesundheitswesen festlegt.<\/p>\n<p>Das Ac\u0131badem Krankenhaus verf\u00fcgt \u00fcber <strong>mehr als 1600 sehr gut ausgebildete \u00c4rzte<\/strong>, die kontinuierlich technologische und wissenschaftliche Entwicklungen weiterentwickeln, einschlie\u00dflich erfahrener \u00e4sthetischer Chirurgen.<\/p>\n<figure class=\"wp-block-image size-full\"><img decoding=\"async\" width=\"80\" height=\"80\" class=\"wp-image-272\" src=\"https:\/\/medicaltravel.net\/wp-content\/uploads\/2025\/09\/RTEmagicC_jc_goldseal-1040x1040_converted__1__85.jpg.jpg\" alt=\"\"><\/figure>\n<figure class=\"wp-block-image size-full\"><img loading=\"lazy\" decoding=\"async\" width=\"448\" height=\"299\" class=\"wp-image-271\" src=\"https:\/\/medicaltravel.net\/wp-content\/uploads\/2025\/09\/MG_5240.jpg\" alt=\"\" srcset=\"https:\/\/medicaltravel.net\/wp-content\/uploads\/2025\/09\/MG_5240.jpg 448w, https:\/\/medicaltravel.net\/wp-content\/uploads\/2025\/09\/MG_5240-300x200.jpg 300w\" sizes=\"(max-width: 448px) 100vw, 448px\" \/><\/figure>\n<p id=\"caption-attachment-146\">Das A+ Krankenhaus Acibadem<\/p>\n<p><strong>Warum sollten Sie das Ac\u0131badem Krankenhaus in Istanbul bevorzugen?<\/strong><\/p>\n<p>Krankenhaus<\/p>\n<ul class=\"wp-block-list\">\n<li>Es verf\u00fcgt \u00fcber ein Akkreditierungsdokument, das die internationalen medizinischen Qualit\u00e4tsstandards der Joint Commission International best\u00e4tigt.<\/li>\n<li>Es ist Mitglied der European Foundation for Quality Management.<\/li>\n<li>Es ist der medizinische Sponsor der t\u00fcrkischen Fu\u00dfballnationalmannschaft.<\/li>\n<li>Es besch\u00e4ftigt 10.500 Personen, davon sind 1.600 \u00c4rzte.<\/li>\n<li>Es verf\u00fcgt \u00fcber mehr als 24 medizinische Zentren in der T\u00fcrkei.<\/li>\n<li>Es geh\u00f6rt zu den Top-100-Unternehmen in der T\u00fcrkei.<\/li>\n<li>Es bietet alle Arten von medizinischen Behandlungen an.<\/li>\n<li>Es ist bekannt f\u00fcr seine Leistungen wie \u00e4sthetische Chirurgie, In-vitro-Fertilisation, Laser-Augentherapie und Haartransplantation.<\/li>\n<li>Es bietet \u00dcbersetzungsdienste in vielen Sprachen, einschlie\u00dflich Englisch, an. Die \u00c4rzte sprechen ebenfalls sehr gutes Englisch. <\/li>\n<\/ul>\n<p>Das breite Spektrum an Leistungen des Krankenhauses bietet den Patienten verschiedene Behandlungsm\u00f6glichkeiten. Dank seiner gro\u00dfen Erfahrung erf\u00fcllt dieses Krankenhaus Ihre Erwartungen an hohe Qualit\u00e4t und Service. <\/p>\n<p>Wenn es um Ihre Gesundheit und Sch\u00f6nheit geht, muss alles stimmen. Gut organisierte Operationen sind wichtig f\u00fcr gute und dauerhafte Ergebnisse. \u00c4sthetische Operationen werden nur von erfahrenen \u00e4sthetischen Chirurgen durchgef\u00fchrt, die das Berufszertifikat des European Board of Reconstructive and Aesthetic Surgery besitzen.  <\/p>\t\t\t\t\t\t\t\t<\/div>\n\t\t\t\t\t<\/div>\n\t\t\t\t<\/div>\n\t\t\t\t<\/div>\n\t\t","protected":false},"excerpt":{"rendered":"<p>Acibadem Liv Antalya Izmir Bodrum Rommer Bursa Die Acibadem Krankenh\u00e4user in Istanbul Das Acibadem Krankenhaus verf\u00fcgt \u00fcber die neueste Ausr\u00fcstung und Technologie in Istanbul. Gleichzeitig ist es eines der angesehensten privaten Krankenh\u00e4user in Istanbul und steht auf der Liste der Top 100 Unternehmen in der T\u00fcrkei. Au\u00dferdem w\u00e4chst und entwickelt sich die Acibadem Gesundheitsgruppe jedes Jahr weiter. Dieses Krankenhaus \u00fcbertrifft die hygienischen Standards der EU, und Sie werden von erfahrenen \u00c4rzten und Chirurgen betreut. Das moderne Krankenhaus Acibadem Das Luxuskrankenhaus Acibadem Das Krankenhaus hat 24 verschiedene medizinische Zentren, die meisten davon in Istanbul. Es ist die erste medizinische Wahl der Oberschicht in Istanbul und in ganz T\u00fcrkei. Die t\u00fcrkische Nationalmannschaft sowie bekannte Fu\u00dfballvereine wie Fenerbahce, Galatasaray oder Besiktas stehen ebenfalls unter medizinischem Schutz von Acibadem. Das Acibadem Krankenhaus hat von der US-amerikanischen JCI (Joint Commission International) ein Akkreditierungszertifikat erhalten, das die internationalen Qualit\u00e4tsstandards im Gesundheitswesen festlegt. Das Ac\u0131badem Krankenhaus verf\u00fcgt \u00fcber mehr als 1600 sehr gut ausgebildete \u00c4rzte, die kontinuierlich technologische und wissenschaftliche Entwicklungen weiterentwickeln, einschlie\u00dflich erfahrener \u00e4sthetischer Chirurgen. Das A+ Krankenhaus Acibadem Warum sollten Sie das Ac\u0131badem Krankenhaus in Istanbul bevorzugen? Krankenhaus Es verf\u00fcgt \u00fcber ein Akkreditierungsdokument, das die internationalen medizinischen Qualit\u00e4tsstandards der Joint Commission International best\u00e4tigt. Es ist Mitglied der European Foundation for Quality Management. Es ist der medizinische Sponsor der t\u00fcrkischen Fu\u00dfballnationalmannschaft. Es besch\u00e4ftigt 10.500 Personen, davon sind 1.600 \u00c4rzte. Es verf\u00fcgt \u00fcber mehr als 24 medizinische Zentren in der T\u00fcrkei. Es geh\u00f6rt zu den Top-100-Unternehmen in der T\u00fcrkei. Es bietet alle Arten von medizinischen Behandlungen an. Es ist bekannt f\u00fcr seine Leistungen wie \u00e4sthetische Chirurgie, In-vitro-Fertilisation, Laser-Augentherapie und Haartransplantation. Es bietet \u00dcbersetzungsdienste in vielen Sprachen, einschlie\u00dflich Englisch, an. Die \u00c4rzte sprechen ebenfalls sehr gutes Englisch. Das breite Spektrum an Leistungen des Krankenhauses bietet den Patienten verschiedene Behandlungsm\u00f6glichkeiten. Dank seiner gro\u00dfen Erfahrung erf\u00fcllt dieses Krankenhaus Ihre Erwartungen an hohe Qualit\u00e4t und Service. Wenn es um Ihre Gesundheit und Sch\u00f6nheit geht, muss alles stimmen. Gut organisierte Operationen sind wichtig f\u00fcr gute und dauerhafte Ergebnisse. \u00c4sthetische Operationen werden nur von erfahrenen \u00e4sthetischen Chirurgen durchgef\u00fchrt, die das Berufszertifikat des European Board of Reconstructive and Aesthetic Surgery besitzen.<\/p>\n","protected":false},"author":4,"featured_media":0,"parent":0,"menu_order":0,"comment_status":"closed","ping_status":"closed","template":"","meta":{"_joinchat":[],"footnotes":""},"class_list":["post-2059","page","type-page","status-publish","hentry"],"acf":[],"_links":{"self":[{"href":"https:\/\/medicaltravel.net\/de\/wp-json\/wp\/v2\/pages\/2059","targetHints":{"allow":["GET"]}}],"collection":[{"href":"https:\/\/medicaltravel.net\/de\/wp-json\/wp\/v2\/pages"}],"about":[{"href":"https:\/\/medicaltravel.net\/de\/wp-json\/wp\/v2\/types\/page"}],"author":[{"embeddable":true,"href":"https:\/\/medicaltravel.net\/de\/wp-json\/wp\/v2\/users\/4"}],"replies":[{"embeddable":true,"href":"https:\/\/medicaltravel.net\/de\/wp-json\/wp\/v2\/comments?post=2059"}],"version-history":[{"count":3,"href":"https:\/\/medicaltravel.net\/de\/wp-json\/wp\/v2\/pages\/2059\/revisions"}],"predecessor-version":[{"id":2149,"href":"https:\/\/medicaltravel.net\/de\/wp-json\/wp\/v2\/pages\/2059\/revisions\/2149"}],"wp:attachment":[{"href":"https:\/\/medicaltravel.net\/de\/wp-json\/wp\/v2\/media?parent=2059"}],"curies":[{"name":"wp","href":"https:\/\/api.w.org\/{rel}","templated":true}]}}