{"id":2062,"date":"2025-09-29T09:46:07","date_gmt":"2025-09-29T08:46:07","guid":{"rendered":"https:\/\/medicaltravel.net\/schoenheitsoperationen\/"},"modified":"2026-01-05T15:58:29","modified_gmt":"2026-01-05T14:58:29","slug":"schoenheitsoperationen","status":"publish","type":"page","link":"https:\/\/medicaltravel.net\/de\/schoenheitsoperationen\/","title":{"rendered":"Sch\u00f6nheitsoperationen"},"content":{"rendered":"\t\t<div data-elementor-type=\"wp-page\" data-elementor-id=\"2062\" class=\"elementor elementor-2062 elementor-81\" data-elementor-post-type=\"page\">\n\t\t\t\t<div class=\"elementor-element elementor-element-3cee63f6 e-flex e-con-boxed wpr-particle-no wpr-jarallax-no wpr-parallax-no wpr-sticky-section-no e-con e-parent\" data-id=\"3cee63f6\" data-element_type=\"container\" data-e-type=\"container\">\n\t\t\t\t\t<div class=\"e-con-inner\">\n\t\t<div class=\"elementor-element elementor-element-b39f98b e-con-full e-flex wpr-particle-no wpr-jarallax-no wpr-parallax-no wpr-sticky-section-no e-con e-child\" data-id=\"b39f98b\" data-element_type=\"container\" data-e-type=\"container\">\n\t\t\t\t<div class=\"elementor-element elementor-element-de87000 elementor-widget elementor-widget-button\" data-id=\"de87000\" data-element_type=\"widget\" data-e-type=\"widget\" data-widget_type=\"button.default\">\n\t\t\t\t\t\t\t\t\t\t<a class=\"elementor-button elementor-button-link elementor-size-sm\" href=\"https:\/\/medicaltravel.net\/de\/schoenheitsoperationen\/\">\n\t\t\t\t\t\t<span class=\"elementor-button-content-wrapper\">\n\t\t\t\t\t\t\t\t\t<span class=\"elementor-button-text\">Sch\u00f6nheitsoperationen<\/span>\n\t\t\t\t\t<\/span>\n\t\t\t\t\t<\/a>\n\t\t\t\t\t\t\t\t<\/div>\n\t\t\t\t<div class=\"elementor-element elementor-element-d8a72d6 elementor-widget elementor-widget-button\" data-id=\"d8a72d6\" data-element_type=\"widget\" data-e-type=\"widget\" data-widget_type=\"button.default\">\n\t\t\t\t\t\t\t\t\t\t<a class=\"elementor-button elementor-button-link elementor-size-sm\" href=\"https:\/\/medicaltravel.net\/breast-ops\/\">\n\t\t\t\t\t\t<span class=\"elementor-button-content-wrapper\">\n\t\t\t\t\t\t\t\t\t<span class=\"elementor-button-text\">Leistungsspektrum<\/span>\n\t\t\t\t\t<\/span>\n\t\t\t\t\t<\/a>\n\t\t\t\t\t\t\t\t<\/div>\n\t\t\t\t<div class=\"elementor-element elementor-element-5ef62ab elementor-widget elementor-widget-button\" data-id=\"5ef62ab\" data-element_type=\"widget\" data-e-type=\"widget\" data-widget_type=\"button.default\">\n\t\t\t\t\t\t\t\t\t\t<a class=\"elementor-button elementor-button-link elementor-size-sm\" href=\"https:\/\/medicaltravel.net\/offer\/\">\n\t\t\t\t\t\t<span class=\"elementor-button-content-wrapper\">\n\t\t\t\t\t\t\t\t\t<span class=\"elementor-button-text\">Angebot<\/span>\n\t\t\t\t\t<\/span>\n\t\t\t\t\t<\/a>\n\t\t\t\t\t\t\t\t<\/div>\n\t\t\t\t<div class=\"elementor-element elementor-element-2b073f5 elementor-widget elementor-widget-button\" data-id=\"2b073f5\" data-element_type=\"widget\" data-e-type=\"widget\" data-widget_type=\"button.default\">\n\t\t\t\t\t\t\t\t\t\t<a class=\"elementor-button elementor-button-link elementor-size-sm\" href=\"https:\/\/medicaltravel.net\/prices\/\">\n\t\t\t\t\t\t<span class=\"elementor-button-content-wrapper\">\n\t\t\t\t\t\t\t\t\t<span class=\"elementor-button-text\">Preise<\/span>\n\t\t\t\t\t<\/span>\n\t\t\t\t\t<\/a>\n\t\t\t\t\t\t\t\t<\/div>\n\t\t\t\t<\/div>\n\t\t\t\t<div class=\"elementor-element elementor-element-5932eef9 elementor-widget elementor-widget-text-editor\" data-id=\"5932eef9\" data-element_type=\"widget\" data-e-type=\"widget\" data-widget_type=\"text-editor.default\">\n\t\t\t\t\t\t\t\t\t\n<ul class=\"wp-block-list\"><\/ul>\n<h3 class=\"wp-block-heading\">SCH\u00d6NHEITSREISEN IN DIE T\u00dcRKEI<\/h3>\n\n<figure class=\"wp-block-image size-full\"><img fetchpriority=\"high\" decoding=\"async\" width=\"403\" height=\"268\" class=\"wp-image-238\" src=\"https:\/\/medicaltravel.net\/wp-content\/uploads\/2025\/09\/csm_estetik_internet_a7b0dc28fc.jpg\" alt=\"\" srcset=\"https:\/\/medicaltravel.net\/wp-content\/uploads\/2025\/09\/csm_estetik_internet_a7b0dc28fc.jpg 403w, https:\/\/medicaltravel.net\/wp-content\/uploads\/2025\/09\/csm_estetik_internet_a7b0dc28fc-300x200.jpg 300w\" sizes=\"(max-width: 403px) 100vw, 403px\" \/><\/figure>\n\n<p id=\"caption-attachment-420\">In der T\u00fcrkei erhalten Sie eine sorgf\u00e4ltige und umfassende Behandlung.<\/p>\n\n<h3 class=\"wp-block-heading\">\u00c4STHETISCHE OPERATIONEN IN ISTANBUL UND ANTALYA<\/h3>\n\n<p>Wir bieten hochwertige \u00e4sthetische Operationen in <strong>Istanbul, Izmir, Bodrum und Antalya an.<\/strong><\/p>\n\n<p>Im Vergleich zu anderen L\u00e4ndern werden <strong>\u00e4sthetische Operationen<\/strong> in der Schweiz, in Deutschland und in ganz Europa immer teurer. F\u00fcr Patienten, die die extrem hohen Preise und langen Wartezeiten in der Schweiz oder in Deutschland nicht l\u00e4nger tolerieren k\u00f6nnen, gibt es eine vern\u00fcnftige Alternative. Sie k\u00f6nnen hochwertige <strong>\u00e4sthetische Operationen<\/strong> in der T\u00fcrkei zu erschwinglichen Preisen und mit den <strong>gleichen Behandlungsmethoden und Ger\u00e4ten<\/strong> wie in der Schweiz und Europa erhalten.    <\/p>\n\n<p>Wir sorgen daf\u00fcr, dass Sie Ihre Behandlung in einem der besten Krankenh\u00e4user in der T\u00fcrkei erhalten, wie zum Beispiel dem Acibadem Krankenhaus oder dem Talya Krankenhaus. Auf Wunsch organisieren wir auch Flug- und Hotelbuchungen. Detaillierte Informationen finden Sie hier.  <\/p>\n\n<p><strong>Warum sollten Sie Istanbul, Antalya, Bodrum oder Izmir in der T\u00fcrkei w\u00e4hlen?<\/strong><\/p>\n\n<p>Diese St\u00e4dte <strong>haben sich zu verl\u00e4sslichen globalen Zentren des Gesundheitstourismus<\/strong> entwickelt. Jeden Monat reisen Tausende von Patienten in die T\u00fcrkei, um in einer hochwertigen Umgebung zu g\u00fcnstigeren Preisen behandelt zu werden. <\/p>\n\n<p>\u00c4rzte in diesen St\u00e4dten arbeiten auch im Ausland und absolvieren Teile ihrer Ausbildung im Ausland. Sie haben eine aktive Stimme im Bereich der globalen medizinischen Entwicklungen. <\/p>\n\n<p>Neben fortschrittlichen und hochmodernen Gesundheitseinrichtungen bieten die St\u00e4dte auch zahlreiche touristische Orte. Die Kulturen sind sowohl mit dem Westen als auch mit dem Osten verbunden. Da Sie w\u00e4hrend Ihrer Behandlung nicht den ganzen Tag im Krankenhaus verbringen werden, haben Sie viel Zeit, diese lebendigen Weltst\u00e4dte zu besichtigen. Detaillierte Informationen zu den St\u00e4dten finden Sie hier.   <\/p>\n\n<p>Die t\u00fcrkischen Menschen sind sehr gastfreundlich gegen\u00fcber Touristen, und das wird Ihrem Aufenthalt eine zus\u00e4tzliche Freude verleihen.<\/p>\n\n<p>Der Titel \u00c4sthetischer Chirurg ist in den meisten europ\u00e4ischen L\u00e4ndern wie Deutschland und der Schweiz nicht gesch\u00fctzt; jeder kann sich \u00e4sthetischer Chirurg nennen, unabh\u00e4ngig davon, ob er ein lizenzierter Arzt ist oder die erforderliche Fachkenntnis und Erfahrung besitzt.<\/p>\n\n<p>Obwohl dies in Westeuropa weit verbreitet ist, gibt es in der T\u00fcrkei sehr strenge Kontrollen. Ein \u00e4sthetischer Chirurg in der T\u00fcrkei ist ein Arzt, der seine chirurgische Ausbildung abgeschlossen hat und zudem mindestens f\u00fcnf Jahre Erfahrung vorweisen kann. Erst dann darf er eine Ausbildung in rekonstruktiver und \u00e4sthetischer Chirurgie absolvieren.  <\/p>\n\n<p><strong>Daher sind die \u00e4sthetischen Chirurgen in der T\u00fcrkei sehr gut ausgebildet und verdienen ihren Ruf.<\/strong><\/p>\n\t\t\t\t\t\t\t\t<\/div>\n\t\t\t\t\t<\/div>\n\t\t\t\t<\/div>\n\t\t\t\t<\/div>\n\t\t","protected":false},"excerpt":{"rendered":"<p>Sch\u00f6nheitsoperationen Leistungsspektrum Angebot Preise SCH\u00d6NHEITSREISEN IN DIE T\u00dcRKEI In der T\u00fcrkei erhalten Sie eine sorgf\u00e4ltige und umfassende Behandlung. \u00c4STHETISCHE OPERATIONEN IN ISTANBUL UND ANTALYA Wir bieten hochwertige \u00e4sthetische Operationen in Istanbul, Izmir, Bodrum und Antalya an. Im Vergleich zu anderen L\u00e4ndern werden \u00e4sthetische Operationen in der Schweiz, in Deutschland und in ganz Europa immer teurer. F\u00fcr Patienten, die die extrem hohen Preise und langen Wartezeiten in der Schweiz oder in Deutschland nicht l\u00e4nger tolerieren k\u00f6nnen, gibt es eine vern\u00fcnftige Alternative. Sie k\u00f6nnen hochwertige \u00e4sthetische Operationen in der T\u00fcrkei zu erschwinglichen Preisen und mit den gleichen Behandlungsmethoden und Ger\u00e4ten wie in der Schweiz und Europa erhalten. Wir sorgen daf\u00fcr, dass Sie Ihre Behandlung in einem der besten Krankenh\u00e4user in der T\u00fcrkei erhalten, wie zum Beispiel dem Acibadem Krankenhaus oder dem Talya Krankenhaus. Auf Wunsch organisieren wir auch Flug- und Hotelbuchungen. Detaillierte Informationen finden Sie hier. Warum sollten Sie Istanbul, Antalya, Bodrum oder Izmir in der T\u00fcrkei w\u00e4hlen? Diese St\u00e4dte haben sich zu verl\u00e4sslichen globalen Zentren des Gesundheitstourismus entwickelt. Jeden Monat reisen Tausende von Patienten in die T\u00fcrkei, um in einer hochwertigen Umgebung zu g\u00fcnstigeren Preisen behandelt zu werden. \u00c4rzte in diesen St\u00e4dten arbeiten auch im Ausland und absolvieren Teile ihrer Ausbildung im Ausland. Sie haben eine aktive Stimme im Bereich der globalen medizinischen Entwicklungen. Neben fortschrittlichen und hochmodernen Gesundheitseinrichtungen bieten die St\u00e4dte auch zahlreiche touristische Orte. Die Kulturen sind sowohl mit dem Westen als auch mit dem Osten verbunden. Da Sie w\u00e4hrend Ihrer Behandlung nicht den ganzen Tag im Krankenhaus verbringen werden, haben Sie viel Zeit, diese lebendigen Weltst\u00e4dte zu besichtigen. Detaillierte Informationen zu den St\u00e4dten finden Sie hier. Die t\u00fcrkischen Menschen sind sehr gastfreundlich gegen\u00fcber Touristen, und das wird Ihrem Aufenthalt eine zus\u00e4tzliche Freude verleihen. Der Titel \u00c4sthetischer Chirurg ist in den meisten europ\u00e4ischen L\u00e4ndern wie Deutschland und der Schweiz nicht gesch\u00fctzt; jeder kann sich \u00e4sthetischer Chirurg nennen, unabh\u00e4ngig davon, ob er ein lizenzierter Arzt ist oder die erforderliche Fachkenntnis und Erfahrung besitzt. Obwohl dies in Westeuropa weit verbreitet ist, gibt es in der T\u00fcrkei sehr strenge Kontrollen. Ein \u00e4sthetischer Chirurg in der T\u00fcrkei ist ein Arzt, der seine chirurgische Ausbildung abgeschlossen hat und zudem mindestens f\u00fcnf Jahre Erfahrung vorweisen kann. Erst dann darf er eine Ausbildung in rekonstruktiver und \u00e4sthetischer Chirurgie absolvieren. Daher sind die \u00e4sthetischen Chirurgen in der T\u00fcrkei sehr gut ausgebildet und verdienen ihren Ruf.<\/p>\n","protected":false},"author":4,"featured_media":0,"parent":0,"menu_order":0,"comment_status":"closed","ping_status":"closed","template":"","meta":{"_joinchat":[],"footnotes":""},"class_list":["post-2062","page","type-page","status-publish","hentry"],"acf":[],"_links":{"self":[{"href":"https:\/\/medicaltravel.net\/de\/wp-json\/wp\/v2\/pages\/2062","targetHints":{"allow":["GET"]}}],"collection":[{"href":"https:\/\/medicaltravel.net\/de\/wp-json\/wp\/v2\/pages"}],"about":[{"href":"https:\/\/medicaltravel.net\/de\/wp-json\/wp\/v2\/types\/page"}],"author":[{"embeddable":true,"href":"https:\/\/medicaltravel.net\/de\/wp-json\/wp\/v2\/users\/4"}],"replies":[{"embeddable":true,"href":"https:\/\/medicaltravel.net\/de\/wp-json\/wp\/v2\/comments?post=2062"}],"version-history":[{"count":3,"href":"https:\/\/medicaltravel.net\/de\/wp-json\/wp\/v2\/pages\/2062\/revisions"}],"predecessor-version":[{"id":2065,"href":"https:\/\/medicaltravel.net\/de\/wp-json\/wp\/v2\/pages\/2062\/revisions\/2065"}],"wp:attachment":[{"href":"https:\/\/medicaltravel.net\/de\/wp-json\/wp\/v2\/media?parent=2062"}],"curies":[{"name":"wp","href":"https:\/\/api.w.org\/{rel}","templated":true}]}}