{"id":2068,"date":"2025-09-29T09:53:09","date_gmt":"2025-09-29T08:53:09","guid":{"rendered":"https:\/\/medicaltravel.net\/bodylifting\/"},"modified":"2026-01-05T18:20:53","modified_gmt":"2026-01-05T17:20:53","slug":"bodylifting","status":"publish","type":"page","link":"https:\/\/medicaltravel.net\/de\/bodylifting\/","title":{"rendered":"Bodylifting"},"content":{"rendered":"\t\t<div data-elementor-type=\"wp-page\" data-elementor-id=\"2068\" class=\"elementor elementor-2068 elementor-97\" data-elementor-post-type=\"page\">\n\t\t\t\t<div class=\"elementor-element elementor-element-3dcd5f75 e-flex e-con-boxed wpr-particle-no wpr-jarallax-no wpr-parallax-no wpr-sticky-section-no e-con e-parent\" data-id=\"3dcd5f75\" data-element_type=\"container\" data-e-type=\"container\">\n\t\t\t\t\t<div class=\"e-con-inner\">\n\t\t<div class=\"elementor-element elementor-element-9ac9eda e-con-full e-flex wpr-particle-no wpr-jarallax-no wpr-parallax-no wpr-sticky-section-no e-con e-child\" data-id=\"9ac9eda\" data-element_type=\"container\" data-e-type=\"container\">\n\t\t\t\t<div class=\"elementor-element elementor-element-4c4e751 elementor-widget elementor-widget-button\" data-id=\"4c4e751\" data-element_type=\"widget\" data-e-type=\"widget\" data-widget_type=\"button.default\">\n\t\t\t\t\t\t\t\t\t\t<a class=\"elementor-button elementor-button-link elementor-size-sm\" href=\"https:\/\/medicaltravel.net\/breast-ops\/\">\n\t\t\t\t\t\t<span class=\"elementor-button-content-wrapper\">\n\t\t\t\t\t\t\t\t\t<span class=\"elementor-button-text\">Brustoperationen<\/span>\n\t\t\t\t\t<\/span>\n\t\t\t\t\t<\/a>\n\t\t\t\t\t\t\t\t<\/div>\n\t\t\t\t<div class=\"elementor-element elementor-element-17510f8 elementor-widget elementor-widget-button\" data-id=\"17510f8\" data-element_type=\"widget\" data-e-type=\"widget\" data-widget_type=\"button.default\">\n\t\t\t\t\t\t\t\t\t\t<a class=\"elementor-button elementor-button-link elementor-size-sm\" href=\"https:\/\/medicaltravel.net\/liposuction\/\">\n\t\t\t\t\t\t<span class=\"elementor-button-content-wrapper\">\n\t\t\t\t\t\t\t\t\t<span class=\"elementor-button-text\">Liposuction<\/span>\n\t\t\t\t\t<\/span>\n\t\t\t\t\t<\/a>\n\t\t\t\t\t\t\t\t<\/div>\n\t\t\t\t<div class=\"elementor-element elementor-element-cbeac12 elementor-widget elementor-widget-button\" data-id=\"cbeac12\" data-element_type=\"widget\" data-e-type=\"widget\" data-widget_type=\"button.default\">\n\t\t\t\t\t\t\t\t\t\t<a class=\"elementor-button elementor-button-link elementor-size-sm\" href=\"https:\/\/medicaltravel.net\/tummy-tuck\/\">\n\t\t\t\t\t\t<span class=\"elementor-button-content-wrapper\">\n\t\t\t\t\t\t\t\t\t<span class=\"elementor-button-text\">Bauchstraffung<\/span>\n\t\t\t\t\t<\/span>\n\t\t\t\t\t<\/a>\n\t\t\t\t\t\t\t\t<\/div>\n\t\t\t\t<div class=\"elementor-element elementor-element-297de1e elementor-widget elementor-widget-button\" data-id=\"297de1e\" data-element_type=\"widget\" data-e-type=\"widget\" data-widget_type=\"button.default\">\n\t\t\t\t\t\t\t\t\t\t<a class=\"elementor-button elementor-button-link elementor-size-sm\" href=\"https:\/\/medicaltravel.net\/eye-lid-correction\/\">\n\t\t\t\t\t\t<span class=\"elementor-button-content-wrapper\">\n\t\t\t\t\t\t\t\t\t<span class=\"elementor-button-text\">Lidkorrektur<\/span>\n\t\t\t\t\t<\/span>\n\t\t\t\t\t<\/a>\n\t\t\t\t\t\t\t\t<\/div>\n\t\t\t\t<div class=\"elementor-element elementor-element-c01a984 elementor-widget elementor-widget-button\" data-id=\"c01a984\" data-element_type=\"widget\" data-e-type=\"widget\" data-widget_type=\"button.default\">\n\t\t\t\t\t\t\t\t\t\t<a class=\"elementor-button elementor-button-link elementor-size-sm\" href=\"https:\/\/medicaltravel.net\/nose-correction\/\">\n\t\t\t\t\t\t<span class=\"elementor-button-content-wrapper\">\n\t\t\t\t\t\t\t\t\t<span class=\"elementor-button-text\">Nasenkorrektur<\/span>\n\t\t\t\t\t<\/span>\n\t\t\t\t\t<\/a>\n\t\t\t\t\t\t\t\t<\/div>\n\t\t\t\t<div class=\"elementor-element elementor-element-2d6c9d8 elementor-widget elementor-widget-button\" data-id=\"2d6c9d8\" data-element_type=\"widget\" data-e-type=\"widget\" data-widget_type=\"button.default\">\n\t\t\t\t\t\t\t\t\t\t<a class=\"elementor-button elementor-button-link elementor-size-sm\" href=\"https:\/\/medicaltravel.net\/facelifting\/\">\n\t\t\t\t\t\t<span class=\"elementor-button-content-wrapper\">\n\t\t\t\t\t\t\t\t\t<span class=\"elementor-button-text\">Gesichtsstraffung<\/span>\n\t\t\t\t\t<\/span>\n\t\t\t\t\t<\/a>\n\t\t\t\t\t\t\t\t<\/div>\n\t\t\t\t<div class=\"elementor-element elementor-element-9340a6f elementor-widget elementor-widget-button\" data-id=\"9340a6f\" data-element_type=\"widget\" data-e-type=\"widget\" data-widget_type=\"button.default\">\n\t\t\t\t\t\t\t\t\t\t<a class=\"elementor-button elementor-button-link elementor-size-sm\" href=\"https:\/\/medicaltravel.net\/ear-correction\/\">\n\t\t\t\t\t\t<span class=\"elementor-button-content-wrapper\">\n\t\t\t\t\t\t\t\t\t<span class=\"elementor-button-text\">Ohrkorrektur<\/span>\n\t\t\t\t\t<\/span>\n\t\t\t\t\t<\/a>\n\t\t\t\t\t\t\t\t<\/div>\n\t\t\t\t<div class=\"elementor-element elementor-element-b3b7241 elementor-widget elementor-widget-button\" data-id=\"b3b7241\" data-element_type=\"widget\" data-e-type=\"widget\" data-widget_type=\"button.default\">\n\t\t\t\t\t\t\t\t\t\t<a class=\"elementor-button elementor-button-link elementor-size-sm\" href=\"https:\/\/medicaltravel.net\/de\/bodylifting\/\">\n\t\t\t\t\t\t<span class=\"elementor-button-content-wrapper\">\n\t\t\t\t\t\t\t\t\t<span class=\"elementor-button-text\">K\u00f6rperstraffung<\/span>\n\t\t\t\t\t<\/span>\n\t\t\t\t\t<\/a>\n\t\t\t\t\t\t\t\t<\/div>\n\t\t\t\t<\/div>\n\t\t\t\t<div class=\"elementor-element elementor-element-dbc9ad3 elementor-widget elementor-widget-text-editor\" data-id=\"dbc9ad3\" data-element_type=\"widget\" data-e-type=\"widget\" data-widget_type=\"text-editor.default\">\n\t\t\t\t\t\t\t\t\t\n<h1 class=\"wp-block-heading\">K\u00d6RPERSTRAFFUNG<\/h1>\n\n<h3 class=\"wp-block-heading\">DIE OPERATIONEN ZUR STRAFFUNG VON ARMEN UND BEINEN WERDEN IN DER T\u00dcRKEI SORGF\u00c4LTIG DURCHGEF\u00dcHRT<\/h3>\n\n<h3 class=\"wp-block-heading\">Arme<\/h3>\n\n<p>Das Straffen herabh\u00e4ngender Arme ist ein Verfahren, bei dem der Oberarm chirurgisch angehoben wird. Es handelt sich um eine rein \u00e4sthetische Operation, die daher von einem erfahrenen Chirurgen durchgef\u00fchrt werden muss. Der Grund f\u00fcr das Straffen herabh\u00e4ngender Arme ist die \u00fcbersch\u00fcssige Haut, die ein schlaffes und faltiges Aussehen verursacht. Diese \u00fcbersch\u00fcssige Haut wird sichtbar an der Innenseite des Oberarms, wenn der Arm um 90 Grad angehoben wird. Diese Deformation kann psychische Probleme verursachen und entsteht durch folgende Faktoren:   <\/p>\n\n<ul class=\"wp-block-list\">\n<li>altersbedingtes erschlaffen<\/li>\n\n<li>nat\u00fcrlich schwaches kollagengewebe<\/li>\n\n<li>Fettleibigkeit<\/li>\n\n<li>starker gewichtsverlust<\/li>\n<\/ul>\n\n<figure class=\"wp-block-image size-full\"><img fetchpriority=\"high\" decoding=\"async\" width=\"349\" height=\"233\" class=\"wp-image-263\" src=\"https:\/\/medicaltravel.net\/wp-content\/uploads\/2025\/09\/csm_Fotolia_49355908_L_Beinstraffung_01_e0933bd7d9.jpg\" alt=\"\" srcset=\"https:\/\/medicaltravel.net\/wp-content\/uploads\/2025\/09\/csm_Fotolia_49355908_L_Beinstraffung_01_e0933bd7d9.jpg 349w, https:\/\/medicaltravel.net\/wp-content\/uploads\/2025\/09\/csm_Fotolia_49355908_L_Beinstraffung_01_e0933bd7d9-300x200.jpg 300w\" sizes=\"(max-width: 349px) 100vw, 349px\" \/><\/figure>\n\n<p id=\"caption-attachment-608\">Die Operationen zur Straffung von Armen und Beinen werden in der T\u00fcrkei sorgf\u00e4ltig durchgef\u00fchrt.<\/p>\n\n<p>Oberarmstraffung wird angewendet, wenn die Fettabsaugung aufgrund schlaffer Haut nicht zufriedenstellend ist.<\/p>\n\n<p><em><strong>Vorbereitungsphase vor der Operation<\/strong><\/em><\/p>\n\n<p>Da es sich um eine rein \u00e4sthetische Operation handelt, muss der Patient ausf\u00fchrlich \u00fcber m\u00f6gliche Komplikationen, Nebenwirkungen und damit zusammenh\u00e4ngende Ereignisse informiert werden. Obwohl die Operation Vorteile beim Straffen und Umformen bietet, kann sie auch lange Narben hinterlassen. <\/p>\n\n<p><em><strong>Ablauf der Operation<\/strong><\/em><\/p>\n\n<p>Zus\u00e4tzlich zu anderen speziellen Techniken ist die Entfernung von spindelf\u00f6rmigen Einschnitten aus Haut oder Gewebe die einfachste Anwendungsmethode f\u00fcr Oberarmstraffungs- und Umformungsoperationen. Die chirurgische Technik muss m\u00f6glicherweise an individuelle anatomische Gegebenheiten angepasst werden, die von Person zu Person leicht variieren k\u00f6nnen. Dies h\u00e4ngt von der Erfahrung des Chirurgen ab.  <\/p>\n\n<p>Dieser medizinische Eingriff wird in der Regel unter \u00f6rtlicher Bet\u00e4ubung durchgef\u00fchrt, auf Wunsch ist jedoch auch eine Vollnarkose m\u00f6glich. Der Schnitt erfolgt normalerweise innerhalb des Sulcus bicipitalis medialis, der aufgrund der Form des Oberarmmuskels eine nat\u00fcrliche Linie bildet. Sp\u00e4ter wird die Narbe kaum sichtbar, da sie genau dieser nat\u00fcrlichen Linie folgt.  <\/p>\n\n<p>Sobald das \u00fcbersch\u00fcssige Gewebe und die Haut entfernt sind, wird die Wunde vern\u00e4ht, wobei die Naht eine Zickzack-Naht in der Achselregion ist. Nach der Operation wird ein Verband angelegt, der leichten Druck auf den Arm aus\u00fcbt. <\/p>\n\n<p><em><strong>Nach der Operation<\/strong><\/em><\/p>\n\n<p>Nach der Operation werden die Arme in den ersten zwei Tagen angehoben, um Schwellungen zu verhindern. Ein Verband, der leichten Druck auf den Arm aus\u00fcbt, unterst\u00fctzt ebenfalls ein schnelleres Abschwellen. Schwere Arbeiten, die die Arme stark beanspruchen, sollten f\u00fcr die folgenden vier Wochen vermieden werden.  <\/p>\n\n<p><em><strong>Ihr Vorteil<\/strong><\/em><\/p>\n\n<p>Oberarmstraffung ist eine sehr ernsthafte chirurgische Operation und hilft Ihnen, sch\u00f6ne Armkonturen zu erhalten und dadurch Ihr Selbstbewusstsein zu st\u00e4rken.<br><br>Besonders nach starkem Gewichtsverlust ist diese Operation eine sehr kluge Wahl f\u00fcr das Wohlbefinden und die Zufriedenheit vieler Patienten.<\/p>\n\n<h3 class=\"wp-block-heading\">Oberschenkelstraffung<\/h3>\n\n<p>Die Oberschenkelstraffung ist ein chirurgisches Verfahren, das eine sch\u00f6ne und nat\u00fcrliche Oberschenkellinie bietet. Besonders weibliche Patienten haben Beschwerden und f\u00fchlen sich durch die Oberschenkel-Fettpolster, sogenannte Reiterhosen, unwohl. <\/p>\n\n<p>Bei schlaffer Haut an der Innenseite der Oberschenkel f\u00fchrt diese Situation dazu, dass weibliche Patienten mit ihren \u00e4sthetischen Erwartungen unzufrieden sind. Infolgedessen verlieren sie ihr Selbstvertrauen im sozialen Leben. <\/p>\n\n<p>Die Gr\u00fcnde f\u00fcr unsch\u00f6ne Oberschenkellinien sind in der Regel:<\/p>\n\n<ul class=\"wp-block-list\">\n<li>Altersbedingte schlaffe Haut und Fettgewebe<\/li>\n\n<li>Schwaches genetisches Gewebe wie Kollagengewebe<\/li>\n\n<li>Strukturell unterentwickeltes Oberschenkelmuskelsystem<\/li>\n\n<li>Starker Gewichtsverlust<\/li>\n<\/ul>\n\n<p>Dies sind die Gr\u00fcnde, die eine chirurgische Operation notwendig machen, da sie durch k\u00f6rperliche Aktivit\u00e4ten, Training oder Di\u00e4ten nicht erreicht werden kann.<\/p>\n\n<p><em><strong>Ablauf der Operation<\/strong><\/em><\/p>\n\n<p>Das Straffen der Oberschenkellinie wird durch eine Fettabsaugung durchgef\u00fchrt, bei der das Fett an den Au\u00dfenseiten der Oberschenkel, bekannt als Reiterhosen, reduziert wird.<\/p>\n\n<p>Das eigentliche Straffen und Formen der Oberschenkel wird an der Innenseite des oberen Beins durchgef\u00fchrt. Vor der Operation zeigt der Chirurg dem stehenden Patienten die Schnittlinie. Die Narben verlaufen sp\u00e4ter parallel zum Schambereich. Die \u00fcbersch\u00fcssige Haut und das Fett werden mittels einer spindelf\u00f6rmigen Technik entsprechend der individuellen Anatomie des Patienten entfernt.   <\/p>\n\n<p>Die Gr\u00f6\u00dfe des Schnitts h\u00e4ngt von der Menge des zu entfernenden Gewebes ab. Das Oberschenkelgewebe wird gestrafft und geformt, sobald die \u00fcbersch\u00fcssige Haut entfernt und die N\u00e4hte gesetzt wurden. <\/p>\n\n<p>Der Eingriff dauert 2 Stunden und wird unter Vollnarkose durchgef\u00fchrt. Alternativ ist auch eine An\u00e4sthesie ausschlie\u00dflich des Unterk\u00f6rpers m\u00f6glich. <\/p>\n\n<p><em><strong>Nach der Operation<\/strong><\/em><\/p>\n\n<p>Da es im Heilungsprozess zu Unregelm\u00e4\u00dfigkeiten kommen kann, ist es sehr wichtig, die langen Narben regelm\u00e4\u00dfig kontrollieren zu lassen. Sie k\u00f6nnen 2 Tage nach der Operation duschen, was zudem empfohlen wird, um den Bereich sauber zu halten. <\/p>\n\n<p>Der Patient muss in den ersten 2 Wochen auf sportliche Aktivit\u00e4ten verzichten und anschlie\u00dfend langsam mit leichtem und unterst\u00fctzendem Training beginnen.<\/p>\n\n<p>In der Regel wird eine Kompressionsbehandlung mittels eines komprimierenden Korsetts durchgef\u00fchrt, das die gew\u00fcnschte Kontur der Oberschenkel unterst\u00fctzt.<\/p>\n\t\t\t\t\t\t\t\t<\/div>\n\t\t\t\t\t<\/div>\n\t\t\t\t<\/div>\n\t\t\t\t<\/div>\n\t\t","protected":false},"excerpt":{"rendered":"<p>Brustoperationen Liposuction Bauchstraffung Lidkorrektur Nasenkorrektur Gesichtsstraffung Ohrkorrektur K\u00f6rperstraffung K\u00d6RPERSTRAFFUNG DIE OPERATIONEN ZUR STRAFFUNG VON ARMEN UND BEINEN WERDEN IN DER T\u00dcRKEI SORGF\u00c4LTIG DURCHGEF\u00dcHRT Arme Das Straffen herabh\u00e4ngender Arme ist ein Verfahren, bei dem der Oberarm chirurgisch angehoben wird. Es handelt sich um eine rein \u00e4sthetische Operation, die daher von einem erfahrenen Chirurgen durchgef\u00fchrt werden muss. Der Grund f\u00fcr das Straffen herabh\u00e4ngender Arme ist die \u00fcbersch\u00fcssige Haut, die ein schlaffes und faltiges Aussehen verursacht. Diese \u00fcbersch\u00fcssige Haut wird sichtbar an der Innenseite des Oberarms, wenn der Arm um 90 Grad angehoben wird. Diese Deformation kann psychische Probleme verursachen und entsteht durch folgende Faktoren: altersbedingtes erschlaffen nat\u00fcrlich schwaches kollagengewebe Fettleibigkeit starker gewichtsverlust Die Operationen zur Straffung von Armen und Beinen werden in der T\u00fcrkei sorgf\u00e4ltig durchgef\u00fchrt. Oberarmstraffung wird angewendet, wenn die Fettabsaugung aufgrund schlaffer Haut nicht zufriedenstellend ist. Vorbereitungsphase vor der Operation Da es sich um eine rein \u00e4sthetische Operation handelt, muss der Patient ausf\u00fchrlich \u00fcber m\u00f6gliche Komplikationen, Nebenwirkungen und damit zusammenh\u00e4ngende Ereignisse informiert werden. Obwohl die Operation Vorteile beim Straffen und Umformen bietet, kann sie auch lange Narben hinterlassen. Ablauf der Operation Zus\u00e4tzlich zu anderen speziellen Techniken ist die Entfernung von spindelf\u00f6rmigen Einschnitten aus Haut oder Gewebe die einfachste Anwendungsmethode f\u00fcr Oberarmstraffungs- und Umformungsoperationen. Die chirurgische Technik muss m\u00f6glicherweise an individuelle anatomische Gegebenheiten angepasst werden, die von Person zu Person leicht variieren k\u00f6nnen. Dies h\u00e4ngt von der Erfahrung des Chirurgen ab. Dieser medizinische Eingriff wird in der Regel unter \u00f6rtlicher Bet\u00e4ubung durchgef\u00fchrt, auf Wunsch ist jedoch auch eine Vollnarkose m\u00f6glich. Der Schnitt erfolgt normalerweise innerhalb des Sulcus bicipitalis medialis, der aufgrund der Form des Oberarmmuskels eine nat\u00fcrliche Linie bildet. Sp\u00e4ter wird die Narbe kaum sichtbar, da sie genau dieser nat\u00fcrlichen Linie folgt. Sobald das \u00fcbersch\u00fcssige Gewebe und die Haut entfernt sind, wird die Wunde vern\u00e4ht, wobei die Naht eine Zickzack-Naht in der Achselregion ist. Nach der Operation wird ein Verband angelegt, der leichten Druck auf den Arm aus\u00fcbt. Nach der Operation Nach der Operation werden die Arme in den ersten zwei Tagen angehoben, um Schwellungen zu verhindern. Ein Verband, der leichten Druck auf den Arm aus\u00fcbt, unterst\u00fctzt ebenfalls ein schnelleres Abschwellen. Schwere Arbeiten, die die Arme stark beanspruchen, sollten f\u00fcr die folgenden vier Wochen vermieden werden. Ihr Vorteil Oberarmstraffung ist eine sehr ernsthafte chirurgische Operation und hilft Ihnen, sch\u00f6ne Armkonturen zu erhalten und dadurch Ihr Selbstbewusstsein zu st\u00e4rken. Besonders nach starkem Gewichtsverlust ist diese Operation eine sehr kluge Wahl f\u00fcr das Wohlbefinden und die Zufriedenheit vieler Patienten. Oberschenkelstraffung Die Oberschenkelstraffung ist ein chirurgisches Verfahren, das eine sch\u00f6ne und nat\u00fcrliche Oberschenkellinie bietet. Besonders weibliche Patienten haben Beschwerden und f\u00fchlen sich durch die Oberschenkel-Fettpolster, sogenannte Reiterhosen, unwohl. Bei schlaffer Haut an der Innenseite der Oberschenkel f\u00fchrt diese Situation dazu, dass weibliche Patienten mit ihren \u00e4sthetischen Erwartungen unzufrieden sind. Infolgedessen verlieren sie ihr Selbstvertrauen im sozialen Leben. Die Gr\u00fcnde f\u00fcr unsch\u00f6ne Oberschenkellinien sind in der Regel: Altersbedingte schlaffe Haut und Fettgewebe Schwaches genetisches Gewebe wie Kollagengewebe Strukturell unterentwickeltes Oberschenkelmuskelsystem Starker Gewichtsverlust Dies sind die Gr\u00fcnde, die eine chirurgische Operation notwendig machen, da sie durch k\u00f6rperliche Aktivit\u00e4ten, Training oder Di\u00e4ten nicht erreicht werden kann. Ablauf der Operation Das Straffen der Oberschenkellinie wird durch eine Fettabsaugung durchgef\u00fchrt, bei der das Fett an den Au\u00dfenseiten der Oberschenkel, bekannt als Reiterhosen, reduziert wird. Das eigentliche Straffen und Formen der Oberschenkel wird an der Innenseite des oberen Beins durchgef\u00fchrt. Vor der Operation zeigt der Chirurg dem stehenden Patienten die Schnittlinie. Die Narben verlaufen sp\u00e4ter parallel zum Schambereich. Die \u00fcbersch\u00fcssige Haut und das Fett werden mittels einer spindelf\u00f6rmigen Technik entsprechend der individuellen Anatomie des Patienten entfernt. Die Gr\u00f6\u00dfe des Schnitts h\u00e4ngt von der Menge des zu entfernenden Gewebes ab. Das Oberschenkelgewebe wird gestrafft und geformt, sobald die \u00fcbersch\u00fcssige Haut entfernt und die N\u00e4hte gesetzt wurden. Der Eingriff dauert 2 Stunden und wird unter Vollnarkose durchgef\u00fchrt. Alternativ ist auch eine An\u00e4sthesie ausschlie\u00dflich des Unterk\u00f6rpers m\u00f6glich. Nach der Operation Da es im Heilungsprozess zu Unregelm\u00e4\u00dfigkeiten kommen kann, ist es sehr wichtig, die langen Narben regelm\u00e4\u00dfig kontrollieren zu lassen. Sie k\u00f6nnen 2 Tage nach der Operation duschen, was zudem empfohlen wird, um den Bereich sauber zu halten. Der Patient muss in den ersten 2 Wochen auf sportliche Aktivit\u00e4ten verzichten und anschlie\u00dfend langsam mit leichtem und unterst\u00fctzendem Training beginnen. In der Regel wird eine Kompressionsbehandlung mittels eines komprimierenden Korsetts durchgef\u00fchrt, das die gew\u00fcnschte Kontur der Oberschenkel unterst\u00fctzt.<\/p>\n","protected":false},"author":4,"featured_media":0,"parent":0,"menu_order":0,"comment_status":"closed","ping_status":"closed","template":"","meta":{"_joinchat":[],"footnotes":""},"class_list":["post-2068","page","type-page","status-publish","hentry"],"acf":[],"_links":{"self":[{"href":"https:\/\/medicaltravel.net\/de\/wp-json\/wp\/v2\/pages\/2068","targetHints":{"allow":["GET"]}}],"collection":[{"href":"https:\/\/medicaltravel.net\/de\/wp-json\/wp\/v2\/pages"}],"about":[{"href":"https:\/\/medicaltravel.net\/de\/wp-json\/wp\/v2\/types\/page"}],"author":[{"embeddable":true,"href":"https:\/\/medicaltravel.net\/de\/wp-json\/wp\/v2\/users\/4"}],"replies":[{"embeddable":true,"href":"https:\/\/medicaltravel.net\/de\/wp-json\/wp\/v2\/comments?post=2068"}],"version-history":[{"count":3,"href":"https:\/\/medicaltravel.net\/de\/wp-json\/wp\/v2\/pages\/2068\/revisions"}],"predecessor-version":[{"id":2071,"href":"https:\/\/medicaltravel.net\/de\/wp-json\/wp\/v2\/pages\/2068\/revisions\/2071"}],"wp:attachment":[{"href":"https:\/\/medicaltravel.net\/de\/wp-json\/wp\/v2\/media?parent=2068"}],"curies":[{"name":"wp","href":"https:\/\/api.w.org\/{rel}","templated":true}]}}