{"id":2073,"date":"2025-09-29T09:46:59","date_gmt":"2025-09-29T08:46:59","guid":{"rendered":"https:\/\/medicaltravel.net\/brustoperationen\/"},"modified":"2026-01-05T18:38:59","modified_gmt":"2026-01-05T17:38:59","slug":"brustoperationen","status":"publish","type":"page","link":"https:\/\/medicaltravel.net\/de\/brustoperationen\/","title":{"rendered":"Brustoperationen"},"content":{"rendered":"\t\t<div data-elementor-type=\"wp-page\" data-elementor-id=\"2073\" class=\"elementor elementor-2073 elementor-83\" data-elementor-post-type=\"page\">\n\t\t\t\t<div class=\"elementor-element elementor-element-19c3b3db e-flex e-con-boxed wpr-particle-no wpr-jarallax-no wpr-parallax-no wpr-sticky-section-no e-con e-parent\" data-id=\"19c3b3db\" data-element_type=\"container\" data-e-type=\"container\">\n\t\t\t\t\t<div class=\"e-con-inner\">\n\t\t<div class=\"elementor-element elementor-element-b768443 e-con-full e-flex wpr-particle-no wpr-jarallax-no wpr-parallax-no wpr-sticky-section-no e-con e-child\" data-id=\"b768443\" data-element_type=\"container\" data-e-type=\"container\">\n\t\t\t\t<div class=\"elementor-element elementor-element-046892f elementor-widget elementor-widget-button\" data-id=\"046892f\" data-element_type=\"widget\" data-e-type=\"widget\" data-widget_type=\"button.default\">\n\t\t\t\t\t\t\t\t\t\t<a class=\"elementor-button elementor-button-link elementor-size-sm\" href=\"https:\/\/medicaltravel.net\/de\/brustoperationen\/\">\n\t\t\t\t\t\t<span class=\"elementor-button-content-wrapper\">\n\t\t\t\t\t\t\t\t\t<span class=\"elementor-button-text\">Brustoperationen<\/span>\n\t\t\t\t\t<\/span>\n\t\t\t\t\t<\/a>\n\t\t\t\t\t\t\t\t<\/div>\n\t\t\t\t<div class=\"elementor-element elementor-element-c1c3aae elementor-widget elementor-widget-button\" data-id=\"c1c3aae\" data-element_type=\"widget\" data-e-type=\"widget\" data-widget_type=\"button.default\">\n\t\t\t\t\t\t\t\t\t\t<a class=\"elementor-button elementor-button-link elementor-size-sm\" href=\"https:\/\/medicaltravel.net\/liposuction\/\">\n\t\t\t\t\t\t<span class=\"elementor-button-content-wrapper\">\n\t\t\t\t\t\t\t\t\t<span class=\"elementor-button-text\">Liposuction<\/span>\n\t\t\t\t\t<\/span>\n\t\t\t\t\t<\/a>\n\t\t\t\t\t\t\t\t<\/div>\n\t\t\t\t<div class=\"elementor-element elementor-element-a240f4c elementor-widget elementor-widget-button\" data-id=\"a240f4c\" data-element_type=\"widget\" data-e-type=\"widget\" data-widget_type=\"button.default\">\n\t\t\t\t\t\t\t\t\t\t<a class=\"elementor-button elementor-button-link elementor-size-sm\" href=\"https:\/\/medicaltravel.net\/tummy-tuck\/\">\n\t\t\t\t\t\t<span class=\"elementor-button-content-wrapper\">\n\t\t\t\t\t\t\t\t\t<span class=\"elementor-button-text\">Bauchstraffung<\/span>\n\t\t\t\t\t<\/span>\n\t\t\t\t\t<\/a>\n\t\t\t\t\t\t\t\t<\/div>\n\t\t\t\t<div class=\"elementor-element elementor-element-688b0a1 elementor-widget elementor-widget-button\" data-id=\"688b0a1\" data-element_type=\"widget\" data-e-type=\"widget\" data-widget_type=\"button.default\">\n\t\t\t\t\t\t\t\t\t\t<a class=\"elementor-button elementor-button-link elementor-size-sm\" href=\"https:\/\/medicaltravel.net\/eye-lid-correction\/\">\n\t\t\t\t\t\t<span class=\"elementor-button-content-wrapper\">\n\t\t\t\t\t\t\t\t\t<span class=\"elementor-button-text\">Lidkorrektur<\/span>\n\t\t\t\t\t<\/span>\n\t\t\t\t\t<\/a>\n\t\t\t\t\t\t\t\t<\/div>\n\t\t\t\t<div class=\"elementor-element elementor-element-8ea1988 elementor-widget elementor-widget-button\" data-id=\"8ea1988\" data-element_type=\"widget\" data-e-type=\"widget\" data-widget_type=\"button.default\">\n\t\t\t\t\t\t\t\t\t\t<a class=\"elementor-button elementor-button-link elementor-size-sm\" href=\"https:\/\/medicaltravel.net\/nose-correction\/\">\n\t\t\t\t\t\t<span class=\"elementor-button-content-wrapper\">\n\t\t\t\t\t\t\t\t\t<span class=\"elementor-button-text\">Nasenkorrektur<\/span>\n\t\t\t\t\t<\/span>\n\t\t\t\t\t<\/a>\n\t\t\t\t\t\t\t\t<\/div>\n\t\t\t\t<div class=\"elementor-element elementor-element-c4eb1e4 elementor-widget elementor-widget-button\" data-id=\"c4eb1e4\" data-element_type=\"widget\" data-e-type=\"widget\" data-widget_type=\"button.default\">\n\t\t\t\t\t\t\t\t\t\t<a class=\"elementor-button elementor-button-link elementor-size-sm\" href=\"https:\/\/medicaltravel.net\/facelifting\/\">\n\t\t\t\t\t\t<span class=\"elementor-button-content-wrapper\">\n\t\t\t\t\t\t\t\t\t<span class=\"elementor-button-text\">Gesichtsstraffung<\/span>\n\t\t\t\t\t<\/span>\n\t\t\t\t\t<\/a>\n\t\t\t\t\t\t\t\t<\/div>\n\t\t\t\t<div class=\"elementor-element elementor-element-04a70a9 elementor-widget elementor-widget-button\" data-id=\"04a70a9\" data-element_type=\"widget\" data-e-type=\"widget\" data-widget_type=\"button.default\">\n\t\t\t\t\t\t\t\t\t\t<a class=\"elementor-button elementor-button-link elementor-size-sm\" href=\"https:\/\/medicaltravel.net\/ear-correction\/\">\n\t\t\t\t\t\t<span class=\"elementor-button-content-wrapper\">\n\t\t\t\t\t\t\t\t\t<span class=\"elementor-button-text\">Ohrkorrektur<\/span>\n\t\t\t\t\t<\/span>\n\t\t\t\t\t<\/a>\n\t\t\t\t\t\t\t\t<\/div>\n\t\t\t\t<div class=\"elementor-element elementor-element-abea7cd elementor-widget elementor-widget-button\" data-id=\"abea7cd\" data-element_type=\"widget\" data-e-type=\"widget\" data-widget_type=\"button.default\">\n\t\t\t\t\t\t\t\t\t\t<a class=\"elementor-button elementor-button-link elementor-size-sm\" href=\"https:\/\/medicaltravel.net\/de\/bodylifting\/\">\n\t\t\t\t\t\t<span class=\"elementor-button-content-wrapper\">\n\t\t\t\t\t\t\t\t\t<span class=\"elementor-button-text\">Bodylifting<\/span>\n\t\t\t\t\t<\/span>\n\t\t\t\t\t<\/a>\n\t\t\t\t\t\t\t\t<\/div>\n\t\t\t\t<\/div>\n\t\t\t\t<div class=\"elementor-element elementor-element-53eedd2 elementor-widget elementor-widget-text-editor\" data-id=\"53eedd2\" data-element_type=\"widget\" data-e-type=\"widget\" data-widget_type=\"text-editor.default\">\n\t\t\t\t\t\t\t\t\t\n<h3 class=\"wp-block-heading\">BRUSTOPERATIONEN<\/h3>\n\n<h3 class=\"wp-block-heading\">MAMMOPLASTIK VERGR\u00d6SSERUNG MASTOPEXIE<\/h3>\n\n<h4 class=\"wp-block-heading\">Brustvergr\u00f6\u00dferung mit Implantat<\/h4>\n\n<p>Es ist der Traum jeder Frau, sch\u00f6ne, glatte und straffe Br\u00fcste zu haben. Allerdings hat nicht jede Frau die M\u00f6glichkeit, dieses Aussehen auf nat\u00fcrliche Weise zu erreichen. Br\u00fcste symbolisieren Weiblichkeit und manchmal haben Frauen mit kleinen Br\u00fcsten das Gef\u00fchl, nicht feminin genug zu sein. Dies kann zu einem kaum ertr\u00e4glichen Problem werden.   <\/p>\n\n<p>Dank Implantaten k\u00f6nnen Mammoplastik-Vergr\u00f6\u00dferungsoperationen eine L\u00f6sung bieten. Ihre Br\u00fcste erhalten ein gr\u00f6\u00dferes, wohlgeformtes, feminines und straffes Aussehen. Au\u00dferdem werden kleine Unregelm\u00e4\u00dfigkeiten ebenfalls korrigiert.  <\/p>\n\n<p>Die Brustform ver\u00e4ndert sich im Laufe des Lebens durch Schwangerschaft, Alterung oder starken Gewichtsverlust. Die meisten Frauen entscheiden sich f\u00fcr eine Mammoplastik-Vergr\u00f6\u00dferung, um diese Ver\u00e4nderungen r\u00fcckg\u00e4ngig zu machen. <\/p>\n\n<figure class=\"wp-block-image size-full\"><img fetchpriority=\"high\" decoding=\"async\" width=\"450\" height=\"300\" class=\"wp-image-241\" src=\"https:\/\/medicaltravel.net\/wp-content\/uploads\/2025\/09\/brustoperation.jpg\" alt=\"\" srcset=\"https:\/\/medicaltravel.net\/wp-content\/uploads\/2025\/09\/brustoperation.jpg 450w, https:\/\/medicaltravel.net\/wp-content\/uploads\/2025\/09\/brustoperation-300x200.jpg 300w\" sizes=\"(max-width: 450px) 100vw, 450px\" \/><\/figure>\n\n<p id=\"caption-attachment-526\">W\u00e4hrend Ihrer \u00e4sthetischen Mammoplastik-Operation in der T\u00fcrkei werden Sie in guten H\u00e4nden sein<\/p>\n\n<p><em><strong>Vor der Operation<\/strong><\/em><\/p>\n\n<p>Sie d\u00fcrfen mindestens 7 Tage vor der Mammoplastik-Vergr\u00f6\u00dferungsoperation kein Aspirin oder Schlafmittel einnehmen und keinen Alkohol trinken. Aspirin und andere Schmerzmittel verz\u00f6gern die Blutgerinnung, was zu unerw\u00fcnschten Blutungen f\u00fchren kann. <\/p>\n\n<p>Raucher m\u00fcssen 4 Wochen vor der Operation den Nikotinkonsum ganz einstellen oder stark reduzieren, um den Heilungsprozess nicht zu gef\u00e4hrden.<\/p>\n\n<p><em><strong>Implantatauswahl<\/strong><\/em><\/p>\n\n<p>Implantate bestehen aus Silikonh\u00fcllen, die Schutz vor Verletzungen bieten und ein nat\u00fcrliches Gef\u00fchl vermitteln.<\/p>\n\n<p>F\u00fcr verschiedene Implantate werden unterschiedliche F\u00fcllmaterialien verwendet. Gelsilikone, Hydrogel und Kochsalzl\u00f6sung sind die gebr\u00e4uchlichsten. Das passende Implantat wird in Absprache mit Ihrem Arzt f\u00fcr die Behandlung ausgew\u00e4hlt.  <\/p>\n\n<p>Krankenh\u00e4user in der T\u00fcrkei verwenden in der Regel Implantate der Marke Mentor. Dank ihrer Texturen erm\u00f6glichen sie eine sehr gute Integration des Implantats. <\/p>\n\n<p>Spezielle BHs bieten die M\u00f6glichkeit, die Implantate anzuprobieren, um eine bessere Vorstellung vom Endergebnis zu erhalten.<\/p>\n\n<p><em><strong>Ablauf der Operation<\/strong><\/em><\/p>\n\n<p>Die Mammoplastik-Vergr\u00f6\u00dferung wird unter Vollnarkose durchgef\u00fchrt und erfordert daher aus Sicherheitsgr\u00fcnden einen Krankenhausaufenthalt \u00fcber Nacht.<\/p>\n\n<p>Um das Implantat zu platzieren, werden in der Regel inframamm\u00e4re Schnitte von etwa 4 bis 5 cm unter der Brust bevorzugt.<\/p>\n\n<p>Diese Schnittart erm\u00f6glicht dem Chirurgen w\u00e4hrend der Operation eine gute \u00dcbersicht, hinterl\u00e4sst jedoch an bestimmten Stellen eine sichtbare Narbe. Ebenso ist ein Schnitt entlang der Areola m\u00f6glich (ein halbmondf\u00f6rmiger Schnitt direkt unter der Brustwarze), und diese Narbe wird am Ende der Heilungsphase vollst\u00e4ndig unsichtbar. <\/p>\n\n<p>Ob das Implantat oberhalb oder unterhalb des Brustmuskels platziert wird, h\u00e4ngt von der K\u00f6rperform und der Grundstruktur der Brust ab.<\/p>\n\n<p>In der Regel wird das Implantat bei Frauen mit sehr schwachem und wenig Fettgewebe oder wenigen Dr\u00fcsen unterhalb des Brustmuskels oder oberhalb des Brustmuskels, der unterhalb der Brustdr\u00fcse liegt, platziert; dabei wird das Brustgewebe w\u00e4hrend der Operation m\u00f6glichst wenig ber\u00fchrt.<\/p>\n\n<p>Um die Empfindlichkeit nicht zu verlieren, wird bei allen Mammoplastik-Operationen gro\u00dfer Wert darauf gelegt, die empfindlichen Nerven und Blutgef\u00e4\u00dfe der Brustwarze nicht zu besch\u00e4digen.<\/p>\n\n<p>Nach Abschluss der Operation wird die Wunde vern\u00e4ht und bei Bedarf Drainagen eingelegt, um Blut- und Gewebefl\u00fcssigkeit abzuf\u00fchren. F\u00fcr die postoperative Unterst\u00fctzung wird ein fester Verband angelegt. <\/p>\n\n<p><em><strong>Nach der Operation<\/strong><\/em><\/p>\n\n<p>In den ersten Tagen nach der Operation wird es Ihnen schwerfallen, den Oberk\u00f6rper und die Arme zu bewegen, wodurch Schwellungen und Bluterg\u00fcsse auftreten k\u00f6nnen. Die F\u00e4den m\u00fcssen nicht entfernt werden, da sie von selbst abfallen. <\/p>\n\n<p>Mit der Zeit verschwinden die Fadenmarken und werden fast unsichtbar. In den ersten drei Monaten m\u00fcssen Sie einen speziellen BH mit st\u00fctzender Funktion und einen Brustgurt tragen. Diese Kombination sorgt daf\u00fcr, dass die Implantate stabilisiert werden und somit schneller heilen.  <\/p>\n\n<p>Die vollst\u00e4ndige Erholungsphase betr\u00e4gt etwa drei Monate.<\/p>\n\n<p><em><strong>Ihr Vorteil<\/strong><\/em><\/p>\n\n<p>Die Mammoplastik-Vergr\u00f6\u00dferungsoperation wird Ihnen helfen, sich weiblicher und attraktiver zu f\u00fchlen und Ihr Selbstvertrauen zu st\u00e4rken, indem sie Sie von psychischem Druck befreit.<\/p>\n\n<h3 class=\"wp-block-heading\">Mastopexie \u2013 Brustkorrektur \u2013 Straffung<\/h3>\n\n<p><em><strong>Was bedeutet ein h\u00e4ngendes Aussehen?<\/strong><\/em><\/p>\n\n<p>Mit der Zeit, besonders durch die Schwerkraft, erh\u00e4lt das Brustgewebe ein h\u00e4ngendes Aussehen, ebenso wie die Haut um die Brust und die Brustwarze. Die Brustwarzen sind entscheidend f\u00fcr das Aussehen der Brustform. Es gibt einige bestimmte Formunterschiede:  <\/p>\n\n<p><em><strong>Br\u00fcste normaler Gr\u00f6\u00dfe, Brustwarzen ohne nennenswerte Ptosis<\/strong><\/em><\/p>\n\n<p>Dank eines medizinischen Eingriffs in halbmondf\u00f6rmiger Form ausschlie\u00dflich am oberen Teil oder eines kleinen, runden Eingriffs um die Brustwarze wird eine erhebliche Wiederherstellung aller Br\u00fcste bis zu einem gro\u00dfen Ausma\u00df m\u00f6glich. Dieser Eingriff erfolgt unter \u00f6rtlicher Bet\u00e4ubung. <\/p>\n\n<p><em><strong>Br\u00fcste normaler Gr\u00f6\u00dfe mit h\u00e4ngender Form, Brustwarzen mit deutlicher Ptosis<\/strong><\/em><\/p>\n\n<p>Die Brustform wird korrigiert, indem die Dr\u00fcsen angehoben und das \u00fcbersch\u00fcssige Gewebe um die Brustwarze entfernt wird. Es handelt sich um einen tiefergehenden Eingriff, der daher eine Vollnarkose erfordert. <\/p>\n\n<p><em><strong>Kleine h\u00e4ngende Br\u00fcste mit leichter oder keiner Ptosis der Brustwarzen<\/strong><\/em><\/p>\n\n<p>Bei diesem Eingriff ist eine Gewebeverst\u00e4rkung erforderlich. Dies wird in der Regel durch die Injektion zus\u00e4tzlicher Implantate (Link-Augmentation) oder von eigenem Fettgewebe (abh\u00e4ngig davon, ob ein ausreichender \u201eTransmitterbereich\u201c vorhanden ist) oder durch die Injektion von Hyalurons\u00e4ure (Makro-Lone) durchgef\u00fchrt. <\/p>\n\n<p><em><strong>Extrem gro\u00dfe und h\u00e4ngende Br\u00fcste<\/strong><\/em><\/p>\n\n<p>Bei diesem Eingriff erfolgt die Korrektur entweder mit einer narbenfreien Methode oder mit einer ankerf\u00f6rmigen Narbe w\u00e4hrend einer Brustverkleinerung.<\/p>\n\n<p><em><strong>Vorbereitungsphase vor der Operation<\/strong><\/em><\/p>\n\n<p>Sie d\u00fcrfen mindestens 7 Tage vor der Mastoplastik-Operation kein Aspirin oder Schlafmittel einnehmen und keinen Alkohol trinken. Aspirin und andere Schmerzmittel verz\u00f6gern die Blutgerinnung, was zu unerw\u00fcnschten Blutungen f\u00fchren kann. <\/p>\n\n<p>Raucher m\u00fcssen 4 Wochen vor der Operation den Nikotinkonsum ganz einstellen oder stark reduzieren, um den Heilungsprozess nicht zu gef\u00e4hrden.<\/p>\n\n<p><em><strong>Ablauf der Operation<\/strong><\/em><\/p>\n\n<p>Mastopexie-Operationen werden unter Vollnarkose durchgef\u00fchrt. Je nach Wunsch k\u00f6nnen Sie nach einigen Stunden in der Aufwachstation nach Wiedererlangen des Bewusstseins nach Hause gehen oder im Krankenhaus bleiben. <\/p>\n\n<p>Der zu entfernende Bereich h\u00e4ngt vom Ergebnis ab. In der Regel reicht es aus, ein bestimmtes Hautst\u00fcck in Form eines einzelnen Rings zu entfernen (perimamill\u00e4re Straffung). Da die Narbe um die Brustwarze liegt, ist sie unsichtbar. Falls dies nicht ausreicht, k\u00f6nnen Schnitte unterhalb der Areola oder in den Brustmuskel mit einer narbenfreien Technik vorgenommen werden.   <\/p>\n\n<p>Wenn die Brust vor der geplanten Mastopexie zu klein ist, k\u00f6nnen zus\u00e4tzliche Brustimplantate eingesetzt werden, um das gew\u00fcnschte Ergebnis zu erzielen.<\/p>\n\n<p>Bei extrem gro\u00dfen Br\u00fcsten, die bereits in jungen Jahren ein h\u00e4ngendes Aussehen entwickeln, sind Mastopexie oder Bruststraffungen manchmal unzureichend, da sie aufgrund ihres eigenen Gewichts erneut h\u00e4ngen werden. Um optimale Ergebnisse zu erzielen, muss der Mastopexie-Eingriff manchmal mit einer Brustverkleinerung kombiniert werden. <\/p>\n\n<p>Um die Empfindlichkeit nicht zu verlieren, wird bei allen Mammoplastik-Operationen gro\u00dfer Wert darauf gelegt, die empfindlichen Nerven und Blutgef\u00e4\u00dfe der Brustwarze nicht zu besch\u00e4digen.<\/p>\n\n<p>Nach Abschluss der Operation wird die Wunde vern\u00e4ht und bei Bedarf Drainagen eingelegt, um Blut- und Gewebefl\u00fcssigkeit abzuf\u00fchren. F\u00fcr die postoperative Unterst\u00fctzung wird ein fester Verband angelegt. <\/p>\n\n<p><em><strong>Nach der Operation<\/strong><\/em><\/p>\n\n<p>Es dauert einige Monate, bis die Brustwarzen ihre Empfindlichkeit zur\u00fcckgewinnen. Die chirurgische Kontrolle erfolgt etwa 2 Wochen sp\u00e4ter. Das endg\u00fcltige Ergebnis wird im Wesentlichen etwa sechs Wochen sp\u00e4ter erreicht.  <\/p>\n\n<p><em><strong>Ihre Vorteile<\/strong><\/em><\/p>\n\n<p>Straffe Br\u00fcste symbolisieren Jugend und Sch\u00f6nheit und helfen Ihnen daher, Ihr Wohlbefinden und Ihre Lebensfreude zur\u00fcckzugewinnen.<\/p>\n\t\t\t\t\t\t\t\t<\/div>\n\t\t\t\t\t<\/div>\n\t\t\t\t<\/div>\n\t\t\t\t<\/div>\n\t\t","protected":false},"excerpt":{"rendered":"<p>Brustoperationen Liposuction Bauchstraffung Lidkorrektur Nasenkorrektur Gesichtsstraffung Ohrkorrektur Bodylifting BRUSTOPERATIONEN MAMMOPLASTIK VERGR\u00d6SSERUNG MASTOPEXIE Brustvergr\u00f6\u00dferung mit Implantat Es ist der Traum jeder Frau, sch\u00f6ne, glatte und straffe Br\u00fcste zu haben. Allerdings hat nicht jede Frau die M\u00f6glichkeit, dieses Aussehen auf nat\u00fcrliche Weise zu erreichen. Br\u00fcste symbolisieren Weiblichkeit und manchmal haben Frauen mit kleinen Br\u00fcsten das Gef\u00fchl, nicht feminin genug zu sein. Dies kann zu einem kaum ertr\u00e4glichen Problem werden. Dank Implantaten k\u00f6nnen Mammoplastik-Vergr\u00f6\u00dferungsoperationen eine L\u00f6sung bieten. Ihre Br\u00fcste erhalten ein gr\u00f6\u00dferes, wohlgeformtes, feminines und straffes Aussehen. Au\u00dferdem werden kleine Unregelm\u00e4\u00dfigkeiten ebenfalls korrigiert. Die Brustform ver\u00e4ndert sich im Laufe des Lebens durch Schwangerschaft, Alterung oder starken Gewichtsverlust. Die meisten Frauen entscheiden sich f\u00fcr eine Mammoplastik-Vergr\u00f6\u00dferung, um diese Ver\u00e4nderungen r\u00fcckg\u00e4ngig zu machen. W\u00e4hrend Ihrer \u00e4sthetischen Mammoplastik-Operation in der T\u00fcrkei werden Sie in guten H\u00e4nden sein Vor der Operation Sie d\u00fcrfen mindestens 7 Tage vor der Mammoplastik-Vergr\u00f6\u00dferungsoperation kein Aspirin oder Schlafmittel einnehmen und keinen Alkohol trinken. Aspirin und andere Schmerzmittel verz\u00f6gern die Blutgerinnung, was zu unerw\u00fcnschten Blutungen f\u00fchren kann. Raucher m\u00fcssen 4 Wochen vor der Operation den Nikotinkonsum ganz einstellen oder stark reduzieren, um den Heilungsprozess nicht zu gef\u00e4hrden. Implantatauswahl Implantate bestehen aus Silikonh\u00fcllen, die Schutz vor Verletzungen bieten und ein nat\u00fcrliches Gef\u00fchl vermitteln. F\u00fcr verschiedene Implantate werden unterschiedliche F\u00fcllmaterialien verwendet. Gelsilikone, Hydrogel und Kochsalzl\u00f6sung sind die gebr\u00e4uchlichsten. Das passende Implantat wird in Absprache mit Ihrem Arzt f\u00fcr die Behandlung ausgew\u00e4hlt. Krankenh\u00e4user in der T\u00fcrkei verwenden in der Regel Implantate der Marke Mentor. Dank ihrer Texturen erm\u00f6glichen sie eine sehr gute Integration des Implantats. Spezielle BHs bieten die M\u00f6glichkeit, die Implantate anzuprobieren, um eine bessere Vorstellung vom Endergebnis zu erhalten. Ablauf der Operation Die Mammoplastik-Vergr\u00f6\u00dferung wird unter Vollnarkose durchgef\u00fchrt und erfordert daher aus Sicherheitsgr\u00fcnden einen Krankenhausaufenthalt \u00fcber Nacht. Um das Implantat zu platzieren, werden in der Regel inframamm\u00e4re Schnitte von etwa 4 bis 5 cm unter der Brust bevorzugt. Diese Schnittart erm\u00f6glicht dem Chirurgen w\u00e4hrend der Operation eine gute \u00dcbersicht, hinterl\u00e4sst jedoch an bestimmten Stellen eine sichtbare Narbe. Ebenso ist ein Schnitt entlang der Areola m\u00f6glich (ein halbmondf\u00f6rmiger Schnitt direkt unter der Brustwarze), und diese Narbe wird am Ende der Heilungsphase vollst\u00e4ndig unsichtbar. Ob das Implantat oberhalb oder unterhalb des Brustmuskels platziert wird, h\u00e4ngt von der K\u00f6rperform und der Grundstruktur der Brust ab. In der Regel wird das Implantat bei Frauen mit sehr schwachem und wenig Fettgewebe oder wenigen Dr\u00fcsen unterhalb des Brustmuskels oder oberhalb des Brustmuskels, der unterhalb der Brustdr\u00fcse liegt, platziert; dabei wird das Brustgewebe w\u00e4hrend der Operation m\u00f6glichst wenig ber\u00fchrt. Um die Empfindlichkeit nicht zu verlieren, wird bei allen Mammoplastik-Operationen gro\u00dfer Wert darauf gelegt, die empfindlichen Nerven und Blutgef\u00e4\u00dfe der Brustwarze nicht zu besch\u00e4digen. Nach Abschluss der Operation wird die Wunde vern\u00e4ht und bei Bedarf Drainagen eingelegt, um Blut- und Gewebefl\u00fcssigkeit abzuf\u00fchren. F\u00fcr die postoperative Unterst\u00fctzung wird ein fester Verband angelegt. Nach der Operation In den ersten Tagen nach der Operation wird es Ihnen schwerfallen, den Oberk\u00f6rper und die Arme zu bewegen, wodurch Schwellungen und Bluterg\u00fcsse auftreten k\u00f6nnen. Die F\u00e4den m\u00fcssen nicht entfernt werden, da sie von selbst abfallen. Mit der Zeit verschwinden die Fadenmarken und werden fast unsichtbar. In den ersten drei Monaten m\u00fcssen Sie einen speziellen BH mit st\u00fctzender Funktion und einen Brustgurt tragen. Diese Kombination sorgt daf\u00fcr, dass die Implantate stabilisiert werden und somit schneller heilen. Die vollst\u00e4ndige Erholungsphase betr\u00e4gt etwa drei Monate. Ihr Vorteil Die Mammoplastik-Vergr\u00f6\u00dferungsoperation wird Ihnen helfen, sich weiblicher und attraktiver zu f\u00fchlen und Ihr Selbstvertrauen zu st\u00e4rken, indem sie Sie von psychischem Druck befreit. Mastopexie \u2013 Brustkorrektur \u2013 Straffung Was bedeutet ein h\u00e4ngendes Aussehen? Mit der Zeit, besonders durch die Schwerkraft, erh\u00e4lt das Brustgewebe ein h\u00e4ngendes Aussehen, ebenso wie die Haut um die Brust und die Brustwarze. Die Brustwarzen sind entscheidend f\u00fcr das Aussehen der Brustform. Es gibt einige bestimmte Formunterschiede: Br\u00fcste normaler Gr\u00f6\u00dfe, Brustwarzen ohne nennenswerte Ptosis Dank eines medizinischen Eingriffs in halbmondf\u00f6rmiger Form ausschlie\u00dflich am oberen Teil oder eines kleinen, runden Eingriffs um die Brustwarze wird eine erhebliche Wiederherstellung aller Br\u00fcste bis zu einem gro\u00dfen Ausma\u00df m\u00f6glich. Dieser Eingriff erfolgt unter \u00f6rtlicher Bet\u00e4ubung. Br\u00fcste normaler Gr\u00f6\u00dfe mit h\u00e4ngender Form, Brustwarzen mit deutlicher Ptosis Die Brustform wird korrigiert, indem die Dr\u00fcsen angehoben und das \u00fcbersch\u00fcssige Gewebe um die Brustwarze entfernt wird. Es handelt sich um einen tiefergehenden Eingriff, der daher eine Vollnarkose erfordert. Kleine h\u00e4ngende Br\u00fcste mit leichter oder keiner Ptosis der Brustwarzen Bei diesem Eingriff ist eine Gewebeverst\u00e4rkung erforderlich. Dies wird in der Regel durch die Injektion zus\u00e4tzlicher Implantate (Link-Augmentation) oder von eigenem Fettgewebe (abh\u00e4ngig davon, ob ein ausreichender \u201eTransmitterbereich\u201c vorhanden ist) oder durch die Injektion von Hyalurons\u00e4ure (Makro-Lone) durchgef\u00fchrt. Extrem gro\u00dfe und h\u00e4ngende Br\u00fcste Bei diesem Eingriff erfolgt die Korrektur entweder mit einer narbenfreien Methode oder mit einer ankerf\u00f6rmigen Narbe w\u00e4hrend einer Brustverkleinerung. Vorbereitungsphase vor der Operation Sie d\u00fcrfen mindestens 7 Tage vor der Mastoplastik-Operation kein Aspirin oder Schlafmittel einnehmen und keinen Alkohol trinken. Aspirin und andere Schmerzmittel verz\u00f6gern die Blutgerinnung, was zu unerw\u00fcnschten Blutungen f\u00fchren kann. Raucher m\u00fcssen 4 Wochen vor der Operation den Nikotinkonsum ganz einstellen oder stark reduzieren, um den Heilungsprozess nicht zu gef\u00e4hrden. Ablauf der Operation Mastopexie-Operationen werden unter Vollnarkose durchgef\u00fchrt. Je nach Wunsch k\u00f6nnen Sie nach einigen Stunden in der Aufwachstation nach Wiedererlangen des Bewusstseins nach Hause gehen oder im Krankenhaus bleiben. Der zu entfernende Bereich h\u00e4ngt vom Ergebnis ab. In der Regel reicht es aus, ein bestimmtes Hautst\u00fcck in Form eines einzelnen Rings zu entfernen (perimamill\u00e4re Straffung). Da die Narbe um die Brustwarze liegt, ist sie unsichtbar. Falls dies nicht ausreicht, k\u00f6nnen Schnitte unterhalb der Areola oder in den Brustmuskel mit einer narbenfreien Technik vorgenommen werden. Wenn die Brust vor der geplanten Mastopexie zu klein ist, k\u00f6nnen zus\u00e4tzliche Brustimplantate eingesetzt werden, um das gew\u00fcnschte Ergebnis zu erzielen. Bei extrem gro\u00dfen Br\u00fcsten, die bereits in jungen Jahren ein h\u00e4ngendes Aussehen entwickeln, sind Mastopexie oder Bruststraffungen manchmal unzureichend, da sie aufgrund ihres eigenen Gewichts erneut h\u00e4ngen werden. Um optimale Ergebnisse zu erzielen, muss der Mastopexie-Eingriff manchmal mit einer Brustverkleinerung kombiniert werden. Um die Empfindlichkeit nicht zu verlieren, wird bei allen Mammoplastik-Operationen gro\u00dfer Wert darauf gelegt, die empfindlichen Nerven und Blutgef\u00e4\u00dfe der Brustwarze nicht zu besch\u00e4digen. Nach Abschluss<\/p>\n","protected":false},"author":4,"featured_media":0,"parent":0,"menu_order":0,"comment_status":"closed","ping_status":"closed","template":"","meta":{"_joinchat":[],"footnotes":""},"class_list":["post-2073","page","type-page","status-publish","hentry"],"acf":[],"_links":{"self":[{"href":"https:\/\/medicaltravel.net\/de\/wp-json\/wp\/v2\/pages\/2073","targetHints":{"allow":["GET"]}}],"collection":[{"href":"https:\/\/medicaltravel.net\/de\/wp-json\/wp\/v2\/pages"}],"about":[{"href":"https:\/\/medicaltravel.net\/de\/wp-json\/wp\/v2\/types\/page"}],"author":[{"embeddable":true,"href":"https:\/\/medicaltravel.net\/de\/wp-json\/wp\/v2\/users\/4"}],"replies":[{"embeddable":true,"href":"https:\/\/medicaltravel.net\/de\/wp-json\/wp\/v2\/comments?post=2073"}],"version-history":[{"count":3,"href":"https:\/\/medicaltravel.net\/de\/wp-json\/wp\/v2\/pages\/2073\/revisions"}],"predecessor-version":[{"id":2076,"href":"https:\/\/medicaltravel.net\/de\/wp-json\/wp\/v2\/pages\/2073\/revisions\/2076"}],"wp:attachment":[{"href":"https:\/\/medicaltravel.net\/de\/wp-json\/wp\/v2\/media?parent=2073"}],"curies":[{"name":"wp","href":"https:\/\/api.w.org\/{rel}","templated":true}]}}