{"id":2083,"date":"2025-09-29T09:03:22","date_gmt":"2025-09-29T08:03:22","guid":{"rendered":"https:\/\/medicaltravel.net\/krebsbehandlungen-tuerkei-istanbul-antalya-izmir-bursa\/krebsstrahlentherapie-tuerkei-istanbul-antalya-izmir-bursa\/"},"modified":"2026-01-05T20:11:13","modified_gmt":"2026-01-05T19:11:13","slug":"krebsstrahlentherapie-tuerkei-istanbul-antalya-izmir-bursa","status":"publish","type":"page","link":"https:\/\/medicaltravel.net\/de\/krebsbehandlungen-tuerkei-istanbul-antalya-izmir-bursa\/krebsstrahlentherapie-tuerkei-istanbul-antalya-izmir-bursa\/","title":{"rendered":"Krebsstrahlentherapie T\u00fcrkei Istanbul Antalya Izmir Bursa"},"content":{"rendered":"\t\t<div data-elementor-type=\"wp-page\" data-elementor-id=\"2083\" class=\"elementor elementor-2083 elementor-28\" data-elementor-post-type=\"page\">\n\t\t\t\t<div class=\"elementor-element elementor-element-3183e3d8 e-flex e-con-boxed wpr-particle-no wpr-jarallax-no wpr-parallax-no wpr-sticky-section-no e-con e-parent\" data-id=\"3183e3d8\" data-element_type=\"container\" data-e-type=\"container\">\n\t\t\t\t\t<div class=\"e-con-inner\">\n\t\t<div class=\"elementor-element elementor-element-88994f7 e-con-full e-flex wpr-particle-no wpr-jarallax-no wpr-parallax-no wpr-sticky-section-no e-con e-child\" data-id=\"88994f7\" data-element_type=\"container\" data-e-type=\"container\">\n\t\t\t\t<div class=\"elementor-element elementor-element-beb708c elementor-widget elementor-widget-button\" data-id=\"beb708c\" data-element_type=\"widget\" data-e-type=\"widget\" data-widget_type=\"button.default\">\n\t\t\t\t\t\t\t\t\t\t<a class=\"elementor-button elementor-button-link elementor-size-sm\" href=\"https:\/\/medicaltravel.net\/cancer-treatments-turkey-istanbul\/cancer-radiotherapy\/gamma-knife\/\">\n\t\t\t\t\t\t<span class=\"elementor-button-content-wrapper\">\n\t\t\t\t\t\t\t\t\t<span class=\"elementor-button-text\">Gamma Knife<\/span>\n\t\t\t\t\t<\/span>\n\t\t\t\t\t<\/a>\n\t\t\t\t\t\t\t\t<\/div>\n\t\t\t\t<div class=\"elementor-element elementor-element-8476d76 elementor-widget elementor-widget-button\" data-id=\"8476d76\" data-element_type=\"widget\" data-e-type=\"widget\" data-widget_type=\"button.default\">\n\t\t\t\t\t\t\t\t\t\t<a class=\"elementor-button elementor-button-link elementor-size-sm\" href=\"https:\/\/medicaltravel.net\/cancer-treatments-turkey-istanbul\/cancer-radiotherapy\/cyber-knife\/\">\n\t\t\t\t\t\t<span class=\"elementor-button-content-wrapper\">\n\t\t\t\t\t\t\t\t\t<span class=\"elementor-button-text\">CyberKnife<\/span>\n\t\t\t\t\t<\/span>\n\t\t\t\t\t<\/a>\n\t\t\t\t\t\t\t\t<\/div>\n\t\t\t\t<div class=\"elementor-element elementor-element-f6e8420 elementor-widget elementor-widget-button\" data-id=\"f6e8420\" data-element_type=\"widget\" data-e-type=\"widget\" data-widget_type=\"button.default\">\n\t\t\t\t\t\t\t\t\t\t<a class=\"elementor-button elementor-button-link elementor-size-sm\" href=\"https:\/\/medicaltravel.net\/cancer-treatments-turkey-istanbul\/cancer-radiotherapy\/single-dose-therapy-liac\/\">\n\t\t\t\t\t\t<span class=\"elementor-button-content-wrapper\">\n\t\t\t\t\t\t\t\t\t<span class=\"elementor-button-text\">Einzeldosis-Therapie (Liac)<\/span>\n\t\t\t\t\t<\/span>\n\t\t\t\t\t<\/a>\n\t\t\t\t\t\t\t\t<\/div>\n\t\t\t\t<div class=\"elementor-element elementor-element-ce7b034 elementor-widget elementor-widget-button\" data-id=\"ce7b034\" data-element_type=\"widget\" data-e-type=\"widget\" data-widget_type=\"button.default\">\n\t\t\t\t\t\t\t\t\t\t<a class=\"elementor-button elementor-button-link elementor-size-sm\" href=\"https:\/\/medicaltravel.net\/cancer-treatments-turkey-istanbul\/cancer-radiotherapy\/truebeam-stx\/\">\n\t\t\t\t\t\t<span class=\"elementor-button-content-wrapper\">\n\t\t\t\t\t\t\t\t\t<span class=\"elementor-button-text\">TrueBeam STx<\/span>\n\t\t\t\t\t<\/span>\n\t\t\t\t\t<\/a>\n\t\t\t\t\t\t\t\t<\/div>\n\t\t\t\t<\/div>\n\t\t\t\t<div class=\"elementor-element elementor-element-2936adea elementor-widget elementor-widget-text-editor\" data-id=\"2936adea\" data-element_type=\"widget\" data-e-type=\"widget\" data-widget_type=\"text-editor.default\">\n\t\t\t\t\t\t\t\t\t\n<h3 class=\"wp-block-heading\">STRAHLENTHERAPIE-BEHANDLUNGEN IN DER T\u00dcRKEI- Istanbul- Antalya- Izmir<\/h3>\n\n<p>Die Radioonkologie ist die Disziplin, die mithilfe ionisierender Strahlung die Auswirkungen der Strahlung auf den Krebs untersucht, das Verhalten von Tumoren analysiert und auch die Forschung in diesem Bereich umfasst. Die Radioonkologie hat zwei Anwendungsbereiche: Radiotherapie und Radiochirurgie. <\/p>\n\n<h3 class=\"wp-block-heading\">Radiotherapie (R\u00f6ntgentherapie)<\/h3>\n\n<p>Die Radiotherapie wird als die Behandlung von krebsartigem Gewebe oder einiger gutartiger Tumoren mit Strahlung definiert. In der \u00d6ffentlichkeit wird sie auch als \u201eStrahlentherapie\u201c oder \u201eR\u00f6ntgentherapie\u201c bezeichnet. Die in der Radiotherapie eingesetzten Strahlen zielen darauf ab, das Wachstum krebsartiger Zellen zu stoppen oder sie abzut\u00f6ten. Die Radiotherapie wird h\u00e4ufig in der Krebsbehandlung angewendet. Daher ben\u00f6tigen nach der Diagnose Krebs 60\u201380 Prozent der Krebspatienten mindestens eine Dosis Radiotherapie.    <\/p>\n\n<h3 class=\"wp-block-heading\">Behandlungsger\u00e4te, die in der Anwendung der Radioonkologie eingesetzt werden:<\/h3>\n\n<ul class=\"wp-block-list\">\n<li>RapidarcRapidarc ist ein Hightech-Radiotherapieger\u00e4t, das die Dauer der Strahlentherapie f\u00fcr Patienten verk\u00fcrzt. Durch die Reduzierung der Sitzungsdauer von 15\u201330 Minuten auf nur etwa 2 Minuten bietet es den Patienten mehr Komfort und Erleichterung. <\/li>\n\n<li>TrilogyTrilogy ist eine Art Linearbeschleuniger, also ein LINAC-Ger\u00e4t, das in der Strahlentherapie eingesetzt wird. Das Trilogy-Ger\u00e4t vereint die verschiedenen Funktionen anderer Ger\u00e4te, sodass Fach\u00e4rzte pr\u00e4zise Eingriffe in k\u00fcrzester Zeit und im idealen Umfang durchf\u00fchren k\u00f6nnen. Dies bedeutet, dass der Patient die genaueste Behandlung in k\u00fcrzester Zeit erh\u00e4lt.  <\/li>\n\n<li>BrachytherapyBrachytherapy ist eine Methode, die verwendet wird, um die lokale Kontrolle der Erkrankung zu erh\u00f6hen, indem die auf den Tumor angewendete Strahlendosis vor und nach der externen Radiotherapie erh\u00f6ht wird. Sie kann jedoch auch allein zu kurativen Zwecken bei Patienten eingesetzt werden, deren Situation f\u00fcr eine solche Behandlung geeignet ist. Bei der Brachytherapie werden radioaktive Quellen mit speziellen Methoden in den Tumor und das Zielgewebe platziert; so wird eine Begrenzung der Dosis um die Quellen herum gew\u00e4hrleistet. <\/li>\n<\/ul>\n\n<h3 class=\"wp-block-heading\">Techniken, die in der Anwendung der Radioonkologie eingesetzt werden:<\/h3>\n\n<ul class=\"wp-block-list\">\n<li><strong>IGRT<\/strong>: Bildgesteuerte Strahlentherapie<\/li>\n\n<li><strong>IMRT<\/strong> : Intensit\u00e4tsmodulierte Strahlentherapie<\/li>\n\n<li><strong>Konforme Radiotherapie<\/strong> : 3D-konforme Radiotherapie<\/li>\n\n<li><strong>SRT \/ SRS<\/strong> : Stereotaktische Radiotherapie \/ Stereotaktische Radiochirurgie<\/li>\n<\/ul>\n\n<h3 class=\"wp-block-heading\">Anwendungsbereiche der Radiotherapie<\/h3>\n\n<p>Je nach Krankheitszustand l\u00e4sst sich die Radiotherapie in zwei Hauptgruppen unterteilen:<\/p>\n\n<ul class=\"wp-block-list\">\n<li>Kurative Radiotherapie: Im Lichte der verf\u00fcgbaren Informationen \u00fcber die Erkrankung wird sie in F\u00e4llen angewendet, in denen die Krankheit vollst\u00e4ndig behandelt werden kann. Sie kann allein oder in Kombination mit Operation und\/oder Chemotherapie eingesetzt werden. <\/li>\n\n<li>Palliative Radiotherapy:Applied in cases where it is impossible to completely destroy the disease. The goal is to prevent and relieve suffering and to improve quality of life for people facing serious, complex illness. For instance, the bone pain suffered by a patient can be reduced by radiotherapy. Blood loss can be brought under control with radiotherapy applied on hemorrhagic tumors. The radiation dose given in this type of radiotherapy is lesser than the dose given in curative radiotherapy. The treatment duration is also shorter.     <\/li>\n<\/ul>\n\n<h3 class=\"wp-block-heading\">Radiochirurgie (Skalpellfreie und blutungsfreie chirurgische Behandlung mithilfe von Strahlen)<\/h3>\n\n<p>Das grundlegende Ziel der Radiochirurgie, einem Anwendungsbereich der Radioonkologie, besteht darin, viele Strahlen mit geringer Energie auf den erkrankten Bereich zu richten und durch Fokussierung auf den erkrankten Punkt nur dort Strahlen mit hoher Energie einzusetzen.<\/p>\n\n<p>Ziel ist es, die Krebszellen mit intensiven Strahlen zu verkleinern oder abzut\u00f6ten, w\u00e4hrend das umliegende gesunde Gewebe vor den sch\u00e4dlichen Auswirkungen der Strahlung gesch\u00fctzt wird.<\/p>\n\n<h3 class=\"wp-block-heading\">Techniken, die in der Anwendung der Radioonkologie eingesetzt werden:<\/h3>\n\n<ul class=\"wp-block-list\">\n<li>SRS \/ SRT Stereotaktische Radiochirurgie (SRS), die als Behandlung eines bestimmten Ziels mittels Koordinaten erkl\u00e4rt werden kann, bezeichnet die vollst\u00e4ndige Zerst\u00f6rung des Tumors in einer einzigen Sitzung durch hohe Strahlendosen, nachdem die 3D-Koordinaten des Ziels bestimmt wurden. Wird diese Therapie in mehreren Sitzungen (in der Regel 3\u20135 Sitzungen) angewendet, wird sie als stereotaktische Radiotherapie (SRT) bezeichnet. <\/li>\n<\/ul>\n\t\t\t\t\t\t\t\t<\/div>\n\t\t\t\t\t<\/div>\n\t\t\t\t<\/div>\n\t\t\t\t<\/div>\n\t\t","protected":false},"excerpt":{"rendered":"<p>Gamma Knife CyberKnife Einzeldosis-Therapie (Liac) TrueBeam STx STRAHLENTHERAPIE-BEHANDLUNGEN IN DER T\u00dcRKEI- Istanbul- Antalya- Izmir Die Radioonkologie ist die Disziplin, die mithilfe ionisierender Strahlung die Auswirkungen der Strahlung auf den Krebs untersucht, das Verhalten von Tumoren analysiert und auch die Forschung in diesem Bereich umfasst. Die Radioonkologie hat zwei Anwendungsbereiche: Radiotherapie und Radiochirurgie. Radiotherapie (R\u00f6ntgentherapie) Die Radiotherapie wird als die Behandlung von krebsartigem Gewebe oder einiger gutartiger Tumoren mit Strahlung definiert. In der \u00d6ffentlichkeit wird sie auch als \u201eStrahlentherapie\u201c oder \u201eR\u00f6ntgentherapie\u201c bezeichnet. Die in der Radiotherapie eingesetzten Strahlen zielen darauf ab, das Wachstum krebsartiger Zellen zu stoppen oder sie abzut\u00f6ten. Die Radiotherapie wird h\u00e4ufig in der Krebsbehandlung angewendet. Daher ben\u00f6tigen nach der Diagnose Krebs 60\u201380 Prozent der Krebspatienten mindestens eine Dosis Radiotherapie. Behandlungsger\u00e4te, die in der Anwendung der Radioonkologie eingesetzt werden: RapidarcRapidarc ist ein Hightech-Radiotherapieger\u00e4t, das die Dauer der Strahlentherapie f\u00fcr Patienten verk\u00fcrzt. Durch die Reduzierung der Sitzungsdauer von 15\u201330 Minuten auf nur etwa 2 Minuten bietet es den Patienten mehr Komfort und Erleichterung. TrilogyTrilogy ist eine Art Linearbeschleuniger, also ein LINAC-Ger\u00e4t, das in der Strahlentherapie eingesetzt wird. Das Trilogy-Ger\u00e4t vereint die verschiedenen Funktionen anderer Ger\u00e4te, sodass Fach\u00e4rzte pr\u00e4zise Eingriffe in k\u00fcrzester Zeit und im idealen Umfang durchf\u00fchren k\u00f6nnen. Dies bedeutet, dass der Patient die genaueste Behandlung in k\u00fcrzester Zeit erh\u00e4lt. BrachytherapyBrachytherapy ist eine Methode, die verwendet wird, um die lokale Kontrolle der Erkrankung zu erh\u00f6hen, indem die auf den Tumor angewendete Strahlendosis vor und nach der externen Radiotherapie erh\u00f6ht wird. Sie kann jedoch auch allein zu kurativen Zwecken bei Patienten eingesetzt werden, deren Situation f\u00fcr eine solche Behandlung geeignet ist. Bei der Brachytherapie werden radioaktive Quellen mit speziellen Methoden in den Tumor und das Zielgewebe platziert; so wird eine Begrenzung der Dosis um die Quellen herum gew\u00e4hrleistet. Techniken, die in der Anwendung der Radioonkologie eingesetzt werden: IGRT: Bildgesteuerte Strahlentherapie IMRT : Intensit\u00e4tsmodulierte Strahlentherapie Konforme Radiotherapie : 3D-konforme Radiotherapie SRT \/ SRS : Stereotaktische Radiotherapie \/ Stereotaktische Radiochirurgie Anwendungsbereiche der Radiotherapie Je nach Krankheitszustand l\u00e4sst sich die Radiotherapie in zwei Hauptgruppen unterteilen: Kurative Radiotherapie: Im Lichte der verf\u00fcgbaren Informationen \u00fcber die Erkrankung wird sie in F\u00e4llen angewendet, in denen die Krankheit vollst\u00e4ndig behandelt werden kann. Sie kann allein oder in Kombination mit Operation und\/oder Chemotherapie eingesetzt werden. Palliative Radiotherapy:Applied in cases where it is impossible to completely destroy the disease. The goal is to prevent and relieve suffering and to improve quality of life for people facing serious, complex illness. For instance, the bone pain suffered by a patient can be reduced by radiotherapy. Blood loss can be brought under control with radiotherapy applied on hemorrhagic tumors. The radiation dose given in this type of radiotherapy is lesser than the dose given in curative radiotherapy. The treatment duration is also shorter. Radiochirurgie (Skalpellfreie und blutungsfreie chirurgische Behandlung mithilfe von Strahlen) Das grundlegende Ziel der Radiochirurgie, einem Anwendungsbereich der Radioonkologie, besteht darin, viele Strahlen mit geringer Energie auf den erkrankten Bereich zu richten und durch Fokussierung auf den erkrankten Punkt nur dort Strahlen mit hoher Energie einzusetzen. Ziel ist es, die Krebszellen mit intensiven Strahlen zu verkleinern oder abzut\u00f6ten, w\u00e4hrend das umliegende gesunde Gewebe vor den sch\u00e4dlichen Auswirkungen der Strahlung gesch\u00fctzt wird. Techniken, die in der Anwendung der Radioonkologie eingesetzt werden: SRS \/ SRT Stereotaktische Radiochirurgie (SRS), die als Behandlung eines bestimmten Ziels mittels Koordinaten erkl\u00e4rt werden kann, bezeichnet die vollst\u00e4ndige Zerst\u00f6rung des Tumors in einer einzigen Sitzung durch hohe Strahlendosen, nachdem die 3D-Koordinaten des Ziels bestimmt wurden. Wird diese Therapie in mehreren Sitzungen (in der Regel 3\u20135 Sitzungen) angewendet, wird sie als stereotaktische Radiotherapie (SRT) bezeichnet.<\/p>\n","protected":false},"author":4,"featured_media":0,"parent":2079,"menu_order":0,"comment_status":"closed","ping_status":"closed","template":"","meta":{"_joinchat":[],"footnotes":""},"class_list":["post-2083","page","type-page","status-publish","hentry"],"acf":[],"_links":{"self":[{"href":"https:\/\/medicaltravel.net\/de\/wp-json\/wp\/v2\/pages\/2083","targetHints":{"allow":["GET"]}}],"collection":[{"href":"https:\/\/medicaltravel.net\/de\/wp-json\/wp\/v2\/pages"}],"about":[{"href":"https:\/\/medicaltravel.net\/de\/wp-json\/wp\/v2\/types\/page"}],"author":[{"embeddable":true,"href":"https:\/\/medicaltravel.net\/de\/wp-json\/wp\/v2\/users\/4"}],"replies":[{"embeddable":true,"href":"https:\/\/medicaltravel.net\/de\/wp-json\/wp\/v2\/comments?post=2083"}],"version-history":[{"count":3,"href":"https:\/\/medicaltravel.net\/de\/wp-json\/wp\/v2\/pages\/2083\/revisions"}],"predecessor-version":[{"id":2086,"href":"https:\/\/medicaltravel.net\/de\/wp-json\/wp\/v2\/pages\/2083\/revisions\/2086"}],"up":[{"embeddable":true,"href":"https:\/\/medicaltravel.net\/de\/wp-json\/wp\/v2\/pages\/2079"}],"wp:attachment":[{"href":"https:\/\/medicaltravel.net\/de\/wp-json\/wp\/v2\/media?parent=2083"}],"curies":[{"name":"wp","href":"https:\/\/api.w.org\/{rel}","templated":true}]}}