{"id":2088,"date":"2025-09-29T09:05:31","date_gmt":"2025-09-29T08:05:31","guid":{"rendered":"https:\/\/medicaltravel.net\/krebsbehandlungen-tuerkei-istanbul-antalya-izmir-bursa\/krebsstrahlentherapie-tuerkei-istanbul-antalya-izmir-bursa\/cyber-knife-tuerkei-istanbul-antalya-izmir-bursa-adana\/"},"modified":"2026-01-05T20:17:51","modified_gmt":"2026-01-05T19:17:51","slug":"cyber-knife-tuerkei-istanbul-antalya-izmir-bursa-adana","status":"publish","type":"page","link":"https:\/\/medicaltravel.net\/de\/krebsbehandlungen-tuerkei-istanbul-antalya-izmir-bursa\/krebsstrahlentherapie-tuerkei-istanbul-antalya-izmir-bursa\/cyber-knife-tuerkei-istanbul-antalya-izmir-bursa-adana\/","title":{"rendered":"Cyber Knife T\u00fcrkei Istanbul Antalya Izmir Bursa Adana"},"content":{"rendered":"\t\t<div data-elementor-type=\"wp-page\" data-elementor-id=\"2088\" class=\"elementor elementor-2088 elementor-33\" data-elementor-post-type=\"page\">\n\t\t\t\t<div class=\"elementor-element elementor-element-144dac3f e-flex e-con-boxed wpr-particle-no wpr-jarallax-no wpr-parallax-no wpr-sticky-section-no e-con e-parent\" data-id=\"144dac3f\" data-element_type=\"container\" data-e-type=\"container\">\n\t\t\t\t\t<div class=\"e-con-inner\">\n\t\t<div class=\"elementor-element elementor-element-510089f e-con-full e-flex wpr-particle-no wpr-jarallax-no wpr-parallax-no wpr-sticky-section-no e-con e-child\" data-id=\"510089f\" data-element_type=\"container\" data-e-type=\"container\">\n\t\t\t\t<div class=\"elementor-element elementor-element-ce5c66d elementor-widget elementor-widget-button\" data-id=\"ce5c66d\" data-element_type=\"widget\" data-e-type=\"widget\" data-widget_type=\"button.default\">\n\t\t\t\t\t\t\t\t\t\t<a class=\"elementor-button elementor-button-link elementor-size-sm\" href=\"https:\/\/medicaltravel.net\/cancer-treatments-turkey-istanbul\/cancer-radiotherapy\/gamma-knife\/\">\n\t\t\t\t\t\t<span class=\"elementor-button-content-wrapper\">\n\t\t\t\t\t\t\t\t\t<span class=\"elementor-button-text\">Gamma Knife<\/span>\n\t\t\t\t\t<\/span>\n\t\t\t\t\t<\/a>\n\t\t\t\t\t\t\t\t<\/div>\n\t\t\t\t<div class=\"elementor-element elementor-element-f81798c elementor-widget elementor-widget-button\" data-id=\"f81798c\" data-element_type=\"widget\" data-e-type=\"widget\" data-widget_type=\"button.default\">\n\t\t\t\t\t\t\t\t\t\t<a class=\"elementor-button elementor-button-link elementor-size-sm\" href=\"https:\/\/medicaltravel.net\/de\/krebsbehandlungen-tuerkei-istanbul-antalya-izmir-bursa\/krebsstrahlentherapie-tuerkei-istanbul-antalya-izmir-bursa\/cyber-knife-tuerkei-istanbul-antalya-izmir-bursa-adana\/\">\n\t\t\t\t\t\t<span class=\"elementor-button-content-wrapper\">\n\t\t\t\t\t\t\t\t\t<span class=\"elementor-button-text\">CyberKnife<\/span>\n\t\t\t\t\t<\/span>\n\t\t\t\t\t<\/a>\n\t\t\t\t\t\t\t\t<\/div>\n\t\t\t\t<div class=\"elementor-element elementor-element-b714030 elementor-widget elementor-widget-button\" data-id=\"b714030\" data-element_type=\"widget\" data-e-type=\"widget\" data-widget_type=\"button.default\">\n\t\t\t\t\t\t\t\t\t\t<a class=\"elementor-button elementor-button-link elementor-size-sm\" href=\"https:\/\/medicaltravel.net\/cancer-treatments-turkey-istanbul\/cancer-radiotherapy\/single-dose-therapy-liac\/\">\n\t\t\t\t\t\t<span class=\"elementor-button-content-wrapper\">\n\t\t\t\t\t\t\t\t\t<span class=\"elementor-button-text\">Einzeldosis-Therapie (Liac)<\/span>\n\t\t\t\t\t<\/span>\n\t\t\t\t\t<\/a>\n\t\t\t\t\t\t\t\t<\/div>\n\t\t\t\t<div class=\"elementor-element elementor-element-77cafa7 elementor-widget elementor-widget-button\" data-id=\"77cafa7\" data-element_type=\"widget\" data-e-type=\"widget\" data-widget_type=\"button.default\">\n\t\t\t\t\t\t\t\t\t\t<a class=\"elementor-button elementor-button-link elementor-size-sm\" href=\"https:\/\/medicaltravel.net\/cancer-treatments-turkey-istanbul\/cancer-radiotherapy\/truebeam-stx\/\">\n\t\t\t\t\t\t<span class=\"elementor-button-content-wrapper\">\n\t\t\t\t\t\t\t\t\t<span class=\"elementor-button-text\">TrueBeam STx<\/span>\n\t\t\t\t\t<\/span>\n\t\t\t\t\t<\/a>\n\t\t\t\t\t\t\t\t<\/div>\n\t\t\t\t<\/div>\n\t\t\t\t<div class=\"elementor-element elementor-element-2f5fdec6 elementor-widget elementor-widget-text-editor\" data-id=\"2f5fdec6\" data-element_type=\"widget\" data-e-type=\"widget\" data-widget_type=\"text-editor.default\">\n\t\t\t\t\t\t\t\t\t\n<h3 class=\"wp-block-heading\">Cyber Knife T\u00fcrkei Istanbul Antalya Izmir Bursa Adana<\/h3>\n\n<h3 class=\"wp-block-heading\">WIE BEHANDELT CYBERKNIFE LUNGENKREBS<\/h3>\n\n<p>CyberKnife ist als das weltweit erste und einzige robotergest\u00fctzte Radiochirurgiesystem bekannt, das alle Arten von Krebs im gesamten K\u00f6rper mit h\u00f6chster Pr\u00e4zision, sogar bis auf einen Millimeter, behandeln kann. Mit diesem System k\u00f6nnen krebsartige Bereiche im Gehirn oder im K\u00f6rper gezielt mit hohen Strahlendosen behandelt werden. Gleichzeitig k\u00f6nnen normale Gewebe maximal vor den Nebenwirkungen der Strahlung gesch\u00fctzt werden.  <\/p>\n\n<p>Das CyberKnife-Ger\u00e4t ist ein weiterentwickelter Linearbeschleuniger, der auf Robotern eingesetzt wird, die urspr\u00fcnglich in der Industrie verwendet wurden. CyberKnife ist das Produkt einer neuartigen Technologie, die Strahlencluster gezielt einsetzt und hohe Dosen an den krebsartigen Bereichen von Gehirn und K\u00f6rper abgibt, w\u00e4hrend normale und gesunde Gewebe maximal gesch\u00fctzt werden. Im computerkontrollierten Robotersystem des CyberKnife dreht sich das Behandlungsger\u00e4t um den Patienten, als w\u00fcrde es eine Tanzroutine ausf\u00fchren, und schlie\u00dft die Behandlung ab, indem es aus hunderten verschiedenen Winkeln bestrahlt. Die Genauigkeit bei der Bestrahlung des Zielbereichs liegt bei etwa <strong>0,95 mm.<\/strong>   <\/p>\n\n<figure class=\"wp-block-image size-full\"><img fetchpriority=\"high\" decoding=\"async\" width=\"560\" height=\"260\" class=\"wp-image-181\" src=\"https:\/\/medicaltravel.net\/wp-content\/uploads\/2025\/09\/cyber_knife.jpg\" alt=\"\" srcset=\"https:\/\/medicaltravel.net\/wp-content\/uploads\/2025\/09\/cyber_knife.jpg 560w, https:\/\/medicaltravel.net\/wp-content\/uploads\/2025\/09\/cyber_knife-300x139.jpg 300w\" sizes=\"(max-width: 560px) 100vw, 560px\" \/><\/figure>\n\n<p id=\"caption-attachment-317\">Wie behandelt CyberKnife Lungenkrebs?<\/p>\n\n<p>Wenn die Behandlung \u00fcber mehrere Sitzungen erfolgt, wird sie <strong>\u201estereotaktische Radiotherapie\u201c<\/strong> genannt; wird sie in einer einzigen Sitzung angewendet, spricht man von \u201estereotaktischer Radiochirurgie\u201c. Bei CyberKnife-Anwendungen wird das Zielgebiet in erster Linie durch fortschrittliche diagnostische Methoden bestimmt. Der gr\u00f6\u00dfte Vorteil dieser Methode ist ihre F\u00e4higkeit, die Bewegungen des Patienten und seiner Organe w\u00e4hrend der Behandlung zu erkennen und die Bestrahlung entsprechend anzupassen.  <\/p>\n\n<p>Das CyberKnife-Ger\u00e4t ist routinem\u00e4\u00dfig mit der Funktion \u201ebildgest\u00fctzte Strahlentherapie\u201c (Image-Guided Radiotherapy, IGRT) ausgestattet, einer in den letzten Jahren entwickelten Methode, um w\u00e4hrend der Behandlung Bildaufnahmen zu erstellen. Besonders bei Organ-Tumoren, die sich durch die Atmung verschieben (insbesondere Lungen- und Lebertumoren), ist es das einzige Ger\u00e4t, das die Atembewegungen aktiv \u00fcberwachen und gleichzeitig die Behandlung durchf\u00fchren kann. <\/p>\n\n<p>Bei ausgew\u00e4hlten Patienten wird CyberKnife zur Behandlung von <strong>Lungenkrebs, Prostatakrebs, Kopf- und Halskrebs, Wirbeltumoren, Bauchspeicheldr\u00fcsenkrebs und einer geringen Anzahl von K\u00f6rpermetastasen eingesetzt.<\/strong><\/p>\n\n<p>Das im <strong>Maslak Ac\u0131badem Krankenhaus<\/strong> installierte CyberKnife-Ger\u00e4t ist anderen Ger\u00e4ten im Land \u00fcberlegen, da es mit einem Iris-Kollimator und einem speziellen Deluxe-Behandlungsbett ausgestattet ist. W\u00e4hrend diese neuen Methoden den therapeutischen Komfort erh\u00f6hen, wird auch die Behandlungsdauer verk\u00fcrzt. <\/p>\n\t\t\t\t\t\t\t\t<\/div>\n\t\t\t\t\t<\/div>\n\t\t\t\t<\/div>\n\t\t\t\t<\/div>\n\t\t","protected":false},"excerpt":{"rendered":"<p>Gamma Knife CyberKnife Einzeldosis-Therapie (Liac) TrueBeam STx Cyber Knife T\u00fcrkei Istanbul Antalya Izmir Bursa Adana WIE BEHANDELT CYBERKNIFE LUNGENKREBS CyberKnife ist als das weltweit erste und einzige robotergest\u00fctzte Radiochirurgiesystem bekannt, das alle Arten von Krebs im gesamten K\u00f6rper mit h\u00f6chster Pr\u00e4zision, sogar bis auf einen Millimeter, behandeln kann. Mit diesem System k\u00f6nnen krebsartige Bereiche im Gehirn oder im K\u00f6rper gezielt mit hohen Strahlendosen behandelt werden. Gleichzeitig k\u00f6nnen normale Gewebe maximal vor den Nebenwirkungen der Strahlung gesch\u00fctzt werden. Das CyberKnife-Ger\u00e4t ist ein weiterentwickelter Linearbeschleuniger, der auf Robotern eingesetzt wird, die urspr\u00fcnglich in der Industrie verwendet wurden. CyberKnife ist das Produkt einer neuartigen Technologie, die Strahlencluster gezielt einsetzt und hohe Dosen an den krebsartigen Bereichen von Gehirn und K\u00f6rper abgibt, w\u00e4hrend normale und gesunde Gewebe maximal gesch\u00fctzt werden. Im computerkontrollierten Robotersystem des CyberKnife dreht sich das Behandlungsger\u00e4t um den Patienten, als w\u00fcrde es eine Tanzroutine ausf\u00fchren, und schlie\u00dft die Behandlung ab, indem es aus hunderten verschiedenen Winkeln bestrahlt. Die Genauigkeit bei der Bestrahlung des Zielbereichs liegt bei etwa 0,95 mm. Wie behandelt CyberKnife Lungenkrebs? Wenn die Behandlung \u00fcber mehrere Sitzungen erfolgt, wird sie \u201estereotaktische Radiotherapie\u201c genannt; wird sie in einer einzigen Sitzung angewendet, spricht man von \u201estereotaktischer Radiochirurgie\u201c. Bei CyberKnife-Anwendungen wird das Zielgebiet in erster Linie durch fortschrittliche diagnostische Methoden bestimmt. Der gr\u00f6\u00dfte Vorteil dieser Methode ist ihre F\u00e4higkeit, die Bewegungen des Patienten und seiner Organe w\u00e4hrend der Behandlung zu erkennen und die Bestrahlung entsprechend anzupassen. Das CyberKnife-Ger\u00e4t ist routinem\u00e4\u00dfig mit der Funktion \u201ebildgest\u00fctzte Strahlentherapie\u201c (Image-Guided Radiotherapy, IGRT) ausgestattet, einer in den letzten Jahren entwickelten Methode, um w\u00e4hrend der Behandlung Bildaufnahmen zu erstellen. Besonders bei Organ-Tumoren, die sich durch die Atmung verschieben (insbesondere Lungen- und Lebertumoren), ist es das einzige Ger\u00e4t, das die Atembewegungen aktiv \u00fcberwachen und gleichzeitig die Behandlung durchf\u00fchren kann. Bei ausgew\u00e4hlten Patienten wird CyberKnife zur Behandlung von Lungenkrebs, Prostatakrebs, Kopf- und Halskrebs, Wirbeltumoren, Bauchspeicheldr\u00fcsenkrebs und einer geringen Anzahl von K\u00f6rpermetastasen eingesetzt. Das im Maslak Ac\u0131badem Krankenhaus installierte CyberKnife-Ger\u00e4t ist anderen Ger\u00e4ten im Land \u00fcberlegen, da es mit einem Iris-Kollimator und einem speziellen Deluxe-Behandlungsbett ausgestattet ist. W\u00e4hrend diese neuen Methoden den therapeutischen Komfort erh\u00f6hen, wird auch die Behandlungsdauer verk\u00fcrzt.<\/p>\n","protected":false},"author":4,"featured_media":0,"parent":2083,"menu_order":0,"comment_status":"closed","ping_status":"closed","template":"","meta":{"_joinchat":[],"footnotes":""},"class_list":["post-2088","page","type-page","status-publish","hentry"],"acf":[],"_links":{"self":[{"href":"https:\/\/medicaltravel.net\/de\/wp-json\/wp\/v2\/pages\/2088","targetHints":{"allow":["GET"]}}],"collection":[{"href":"https:\/\/medicaltravel.net\/de\/wp-json\/wp\/v2\/pages"}],"about":[{"href":"https:\/\/medicaltravel.net\/de\/wp-json\/wp\/v2\/types\/page"}],"author":[{"embeddable":true,"href":"https:\/\/medicaltravel.net\/de\/wp-json\/wp\/v2\/users\/4"}],"replies":[{"embeddable":true,"href":"https:\/\/medicaltravel.net\/de\/wp-json\/wp\/v2\/comments?post=2088"}],"version-history":[{"count":3,"href":"https:\/\/medicaltravel.net\/de\/wp-json\/wp\/v2\/pages\/2088\/revisions"}],"predecessor-version":[{"id":2091,"href":"https:\/\/medicaltravel.net\/de\/wp-json\/wp\/v2\/pages\/2088\/revisions\/2091"}],"up":[{"embeddable":true,"href":"https:\/\/medicaltravel.net\/de\/wp-json\/wp\/v2\/pages\/2083"}],"wp:attachment":[{"href":"https:\/\/medicaltravel.net\/de\/wp-json\/wp\/v2\/media?parent=2088"}],"curies":[{"name":"wp","href":"https:\/\/api.w.org\/{rel}","templated":true}]}}