{"id":2093,"date":"2025-09-29T09:04:44","date_gmt":"2025-09-29T08:04:44","guid":{"rendered":"https:\/\/medicaltravel.net\/krebsbehandlungen-tuerkei-istanbul-antalya-izmir-bursa\/krebsstrahlentherapie-tuerkei-istanbul-antalya-izmir-bursa\/gamma-knife-tuerkei-istanbul-antalya-izmir-bursa-adana\/"},"modified":"2026-01-05T20:21:33","modified_gmt":"2026-01-05T19:21:33","slug":"gamma-knife-tuerkei-istanbul-antalya-izmir-bursa-adana","status":"publish","type":"page","link":"https:\/\/medicaltravel.net\/de\/krebsbehandlungen-tuerkei-istanbul-antalya-izmir-bursa\/krebsstrahlentherapie-tuerkei-istanbul-antalya-izmir-bursa\/gamma-knife-tuerkei-istanbul-antalya-izmir-bursa-adana\/","title":{"rendered":"Gamma Knife T\u00fcrkei Istanbul Antalya Izmir Bursa Adana"},"content":{"rendered":"\t\t<div data-elementor-type=\"wp-page\" data-elementor-id=\"2093\" class=\"elementor elementor-2093 elementor-31\" data-elementor-post-type=\"page\">\n\t\t\t\t<div class=\"elementor-element elementor-element-76090a5d e-flex e-con-boxed wpr-particle-no wpr-jarallax-no wpr-parallax-no wpr-sticky-section-no e-con e-parent\" data-id=\"76090a5d\" data-element_type=\"container\" data-e-type=\"container\">\n\t\t\t\t\t<div class=\"e-con-inner\">\n\t\t<div class=\"elementor-element elementor-element-a6ed584 e-con-full e-flex wpr-particle-no wpr-jarallax-no wpr-parallax-no wpr-sticky-section-no e-con e-child\" data-id=\"a6ed584\" data-element_type=\"container\" data-e-type=\"container\">\n\t\t\t\t<div class=\"elementor-element elementor-element-7590943 elementor-widget elementor-widget-button\" data-id=\"7590943\" data-element_type=\"widget\" data-e-type=\"widget\" data-widget_type=\"button.default\">\n\t\t\t\t\t\t\t\t\t\t<a class=\"elementor-button elementor-button-link elementor-size-sm\" href=\"https:\/\/medicaltravel.net\/de\/krebsbehandlungen-tuerkei-istanbul-antalya-izmir-bursa\/krebsstrahlentherapie-tuerkei-istanbul-antalya-izmir-bursa\/gamma-knife-tuerkei-istanbul-antalya-izmir-bursa-adana\/\">\n\t\t\t\t\t\t<span class=\"elementor-button-content-wrapper\">\n\t\t\t\t\t\t\t\t\t<span class=\"elementor-button-text\">Gamma Knife<\/span>\n\t\t\t\t\t<\/span>\n\t\t\t\t\t<\/a>\n\t\t\t\t\t\t\t\t<\/div>\n\t\t\t\t<div class=\"elementor-element elementor-element-221bd9e elementor-widget elementor-widget-button\" data-id=\"221bd9e\" data-element_type=\"widget\" data-e-type=\"widget\" data-widget_type=\"button.default\">\n\t\t\t\t\t\t\t\t\t\t<a class=\"elementor-button elementor-button-link elementor-size-sm\" href=\"https:\/\/medicaltravel.net\/de\/krebsbehandlungen-tuerkei-istanbul-antalya-izmir-bursa\/krebsstrahlentherapie-tuerkei-istanbul-antalya-izmir-bursa\/cyber-knife-tuerkei-istanbul-antalya-izmir-bursa-adana\/\">\n\t\t\t\t\t\t<span class=\"elementor-button-content-wrapper\">\n\t\t\t\t\t\t\t\t\t<span class=\"elementor-button-text\">CyberKnife<\/span>\n\t\t\t\t\t<\/span>\n\t\t\t\t\t<\/a>\n\t\t\t\t\t\t\t\t<\/div>\n\t\t\t\t<div class=\"elementor-element elementor-element-5bf9261 elementor-widget elementor-widget-button\" data-id=\"5bf9261\" data-element_type=\"widget\" data-e-type=\"widget\" data-widget_type=\"button.default\">\n\t\t\t\t\t\t\t\t\t\t<a class=\"elementor-button elementor-button-link elementor-size-sm\" href=\"https:\/\/medicaltravel.net\/cancer-treatments-turkey-istanbul\/cancer-radiotherapy\/single-dose-therapy-liac\/\">\n\t\t\t\t\t\t<span class=\"elementor-button-content-wrapper\">\n\t\t\t\t\t\t\t\t\t<span class=\"elementor-button-text\">Einzeldosis-Therapie (Liac)<\/span>\n\t\t\t\t\t<\/span>\n\t\t\t\t\t<\/a>\n\t\t\t\t\t\t\t\t<\/div>\n\t\t\t\t<div class=\"elementor-element elementor-element-3bf71c8 elementor-widget elementor-widget-button\" data-id=\"3bf71c8\" data-element_type=\"widget\" data-e-type=\"widget\" data-widget_type=\"button.default\">\n\t\t\t\t\t\t\t\t\t\t<a class=\"elementor-button elementor-button-link elementor-size-sm\" href=\"https:\/\/medicaltravel.net\/cancer-treatments-turkey-istanbul\/cancer-radiotherapy\/truebeam-stx\/\">\n\t\t\t\t\t\t<span class=\"elementor-button-content-wrapper\">\n\t\t\t\t\t\t\t\t\t<span class=\"elementor-button-text\">TrueBeam STx<\/span>\n\t\t\t\t\t<\/span>\n\t\t\t\t\t<\/a>\n\t\t\t\t\t\t\t\t<\/div>\n\t\t\t\t<\/div>\n\t\t\t\t<div class=\"elementor-element elementor-element-5a6414b6 elementor-widget elementor-widget-text-editor\" data-id=\"5a6414b6\" data-element_type=\"widget\" data-e-type=\"widget\" data-widget_type=\"text-editor.default\">\n\t\t\t\t\t\t\t\t\t\n<h3 class=\"wp-block-heading\">GAMMA KNIFE in der T\u00fcrkei \u2013 Istanbul \u2013 Antalya \u2013 Izmir \u2013 Bursa<\/h3>\n\n<h3 class=\"wp-block-heading\">GAMMA KNIFE, BEHANDLUNG, GEHIRNTUMOREN<\/h3>\n\n<p>Das Gamma Knife, das Gehirntumore ohne Operation behandelt und keine An\u00e4sthesie oder Intensivpflege ben\u00f6tigt, ist ein radiochirurgisches Ger\u00e4t, das zur Behandlung von Gehirntumoren eingesetzt wird. Das Gamma Knife kann in einer einzigen Sitzung angewendet werden, sodass die Patienten am selben Tag nach Hause zur\u00fcckkehren k\u00f6nnen.<\/p>\n\n<p>Das Gamma Knife, das zur Behandlung von Gehirntumoren ohne Operation eingesetzt wird, ist eine erprobte und wissenschaftlich bewiesene radiochirurgische Methode. Das Gamma Knife erm\u00f6glicht die schnelle, blutungsfreie Behandlung von Gehirntumoren mit einem Durchmesser von weniger als 3,5 mm, ohne dass pr\u00e4zise und riskante chirurgische Eingriffe erforderlich sind. Die Gamma-Knife-Therapie, die nicht unter Vollnarkose durchgef\u00fchrt wird, wird innerhalb weniger Stunden abgeschlossen, und die Patienten k\u00f6nnen am selben Tag nach Hause zur\u00fcckkehren.<\/p>\n\n<figure class=\"wp-block-image size-full\"><img fetchpriority=\"high\" decoding=\"async\" width=\"560\" height=\"260\" class=\"wp-image-179\" src=\"https:\/\/medicaltravel.net\/wp-content\/uploads\/2025\/09\/GAMMA_KNIFE3.jpg\" alt=\"\" srcset=\"https:\/\/medicaltravel.net\/wp-content\/uploads\/2025\/09\/GAMMA_KNIFE3.jpg 560w, https:\/\/medicaltravel.net\/wp-content\/uploads\/2025\/09\/GAMMA_KNIFE3-300x139.jpg 300w\" sizes=\"(max-width: 560px) 100vw, 560px\" \/><\/figure>\n\n<p id=\"caption-attachment-309\">Gamma-Knife-Behandlung von Gehirntumoren<\/p>\n\t\t\t\t\t\t\t\t<\/div>\n\t\t\t\t\t<\/div>\n\t\t\t\t<\/div>\n\t\t\t\t<\/div>\n\t\t","protected":false},"excerpt":{"rendered":"<p>Gamma Knife CyberKnife Einzeldosis-Therapie (Liac) TrueBeam STx GAMMA KNIFE in der T\u00fcrkei \u2013 Istanbul \u2013 Antalya \u2013 Izmir \u2013 Bursa GAMMA KNIFE, BEHANDLUNG, GEHIRNTUMOREN Das Gamma Knife, das Gehirntumore ohne Operation behandelt und keine An\u00e4sthesie oder Intensivpflege ben\u00f6tigt, ist ein radiochirurgisches Ger\u00e4t, das zur Behandlung von Gehirntumoren eingesetzt wird. Das Gamma Knife kann in einer einzigen Sitzung angewendet werden, sodass die Patienten am selben Tag nach Hause zur\u00fcckkehren k\u00f6nnen. Das Gamma Knife, das zur Behandlung von Gehirntumoren ohne Operation eingesetzt wird, ist eine erprobte und wissenschaftlich bewiesene radiochirurgische Methode. Das Gamma Knife erm\u00f6glicht die schnelle, blutungsfreie Behandlung von Gehirntumoren mit einem Durchmesser von weniger als 3,5 mm, ohne dass pr\u00e4zise und riskante chirurgische Eingriffe erforderlich sind. Die Gamma-Knife-Therapie, die nicht unter Vollnarkose durchgef\u00fchrt wird, wird innerhalb weniger Stunden abgeschlossen, und die Patienten k\u00f6nnen am selben Tag nach Hause zur\u00fcckkehren. Gamma-Knife-Behandlung von Gehirntumoren<\/p>\n","protected":false},"author":4,"featured_media":0,"parent":2083,"menu_order":0,"comment_status":"closed","ping_status":"closed","template":"","meta":{"_joinchat":[],"footnotes":""},"class_list":["post-2093","page","type-page","status-publish","hentry"],"acf":[],"_links":{"self":[{"href":"https:\/\/medicaltravel.net\/de\/wp-json\/wp\/v2\/pages\/2093","targetHints":{"allow":["GET"]}}],"collection":[{"href":"https:\/\/medicaltravel.net\/de\/wp-json\/wp\/v2\/pages"}],"about":[{"href":"https:\/\/medicaltravel.net\/de\/wp-json\/wp\/v2\/types\/page"}],"author":[{"embeddable":true,"href":"https:\/\/medicaltravel.net\/de\/wp-json\/wp\/v2\/users\/4"}],"replies":[{"embeddable":true,"href":"https:\/\/medicaltravel.net\/de\/wp-json\/wp\/v2\/comments?post=2093"}],"version-history":[{"count":3,"href":"https:\/\/medicaltravel.net\/de\/wp-json\/wp\/v2\/pages\/2093\/revisions"}],"predecessor-version":[{"id":2096,"href":"https:\/\/medicaltravel.net\/de\/wp-json\/wp\/v2\/pages\/2093\/revisions\/2096"}],"up":[{"embeddable":true,"href":"https:\/\/medicaltravel.net\/de\/wp-json\/wp\/v2\/pages\/2083"}],"wp:attachment":[{"href":"https:\/\/medicaltravel.net\/de\/wp-json\/wp\/v2\/media?parent=2093"}],"curies":[{"name":"wp","href":"https:\/\/api.w.org\/{rel}","templated":true}]}}