{"id":2098,"date":"2025-09-29T09:06:16","date_gmt":"2025-09-29T08:06:16","guid":{"rendered":"https:\/\/medicaltravel.net\/krebsbehandlungen-tuerkei-istanbul-antalya-izmir-bursa\/krebsstrahlentherapie-tuerkei-istanbul-antalya-izmir-bursa\/einzeldosis-therapie-liac-tuerkei-istanbul-antalya-izmir\/"},"modified":"2026-01-05T20:26:33","modified_gmt":"2026-01-05T19:26:33","slug":"einzeldosis-therapie-liac-tuerkei-istanbul-antalya-izmir","status":"publish","type":"page","link":"https:\/\/medicaltravel.net\/de\/krebsbehandlungen-tuerkei-istanbul-antalya-izmir-bursa\/krebsstrahlentherapie-tuerkei-istanbul-antalya-izmir-bursa\/einzeldosis-therapie-liac-tuerkei-istanbul-antalya-izmir\/","title":{"rendered":"Einzeldosis-Therapie (Liac) T\u00fcrkei Istanbul Antalya Izmir"},"content":{"rendered":"\t\t<div data-elementor-type=\"wp-page\" data-elementor-id=\"2098\" class=\"elementor elementor-2098 elementor-35\" data-elementor-post-type=\"page\">\n\t\t\t\t<div class=\"elementor-element elementor-element-7421c80c e-flex e-con-boxed wpr-particle-no wpr-jarallax-no wpr-parallax-no wpr-sticky-section-no e-con e-parent\" data-id=\"7421c80c\" data-element_type=\"container\" data-e-type=\"container\">\n\t\t\t\t\t<div class=\"e-con-inner\">\n\t\t<div class=\"elementor-element elementor-element-627c0a8 e-con-full e-flex wpr-particle-no wpr-jarallax-no wpr-parallax-no wpr-sticky-section-no e-con e-child\" data-id=\"627c0a8\" data-element_type=\"container\" data-e-type=\"container\">\n\t\t\t\t<div class=\"elementor-element elementor-element-cb14740 elementor-widget elementor-widget-button\" data-id=\"cb14740\" data-element_type=\"widget\" data-e-type=\"widget\" data-widget_type=\"button.default\">\n\t\t\t\t\t\t\t\t\t\t<a class=\"elementor-button elementor-button-link elementor-size-sm\" href=\"https:\/\/medicaltravel.net\/de\/krebsbehandlungen-tuerkei-istanbul-antalya-izmir-bursa\/krebsstrahlentherapie-tuerkei-istanbul-antalya-izmir-bursa\/gamma-knife-tuerkei-istanbul-antalya-izmir-bursa-adana\/\">\n\t\t\t\t\t\t<span class=\"elementor-button-content-wrapper\">\n\t\t\t\t\t\t\t\t\t<span class=\"elementor-button-text\">Gamma Knife<\/span>\n\t\t\t\t\t<\/span>\n\t\t\t\t\t<\/a>\n\t\t\t\t\t\t\t\t<\/div>\n\t\t\t\t<div class=\"elementor-element elementor-element-ce5292c elementor-widget elementor-widget-button\" data-id=\"ce5292c\" data-element_type=\"widget\" data-e-type=\"widget\" data-widget_type=\"button.default\">\n\t\t\t\t\t\t\t\t\t\t<a class=\"elementor-button elementor-button-link elementor-size-sm\" href=\"https:\/\/medicaltravel.net\/de\/krebsbehandlungen-tuerkei-istanbul-antalya-izmir-bursa\/krebsstrahlentherapie-tuerkei-istanbul-antalya-izmir-bursa\/cyber-knife-tuerkei-istanbul-antalya-izmir-bursa-adana\/\">\n\t\t\t\t\t\t<span class=\"elementor-button-content-wrapper\">\n\t\t\t\t\t\t\t\t\t<span class=\"elementor-button-text\">CyberKnife<\/span>\n\t\t\t\t\t<\/span>\n\t\t\t\t\t<\/a>\n\t\t\t\t\t\t\t\t<\/div>\n\t\t\t\t<div class=\"elementor-element elementor-element-31e5426 elementor-widget elementor-widget-button\" data-id=\"31e5426\" data-element_type=\"widget\" data-e-type=\"widget\" data-widget_type=\"button.default\">\n\t\t\t\t\t\t\t\t\t\t<a class=\"elementor-button elementor-button-link elementor-size-sm\" href=\"https:\/\/medicaltravel.net\/de\/krebsbehandlungen-tuerkei-istanbul-antalya-izmir-bursa\/krebsstrahlentherapie-tuerkei-istanbul-antalya-izmir-bursa\/einzeldosis-therapie-liac-tuerkei-istanbul-antalya-izmir\/\">\n\t\t\t\t\t\t<span class=\"elementor-button-content-wrapper\">\n\t\t\t\t\t\t\t\t\t<span class=\"elementor-button-text\">Einzeldosis-Therapie (Liac)<\/span>\n\t\t\t\t\t<\/span>\n\t\t\t\t\t<\/a>\n\t\t\t\t\t\t\t\t<\/div>\n\t\t\t\t<div class=\"elementor-element elementor-element-0a3505e elementor-widget elementor-widget-button\" data-id=\"0a3505e\" data-element_type=\"widget\" data-e-type=\"widget\" data-widget_type=\"button.default\">\n\t\t\t\t\t\t\t\t\t\t<a class=\"elementor-button elementor-button-link elementor-size-sm\" href=\"https:\/\/medicaltravel.net\/cancer-treatments-turkey-istanbul\/cancer-radiotherapy\/truebeam-stx\/\">\n\t\t\t\t\t\t<span class=\"elementor-button-content-wrapper\">\n\t\t\t\t\t\t\t\t\t<span class=\"elementor-button-text\">TrueBeam STx<\/span>\n\t\t\t\t\t<\/span>\n\t\t\t\t\t<\/a>\n\t\t\t\t\t\t\t\t<\/div>\n\t\t\t\t<\/div>\n\t\t\t\t<div class=\"elementor-element elementor-element-3004cd7c elementor-widget elementor-widget-text-editor\" data-id=\"3004cd7c\" data-element_type=\"widget\" data-e-type=\"widget\" data-widget_type=\"text-editor.default\">\n\t\t\t\t\t\t\t\t\t\n<h3 class=\"wp-block-heading\">Single Dose Therapy (Liac) Turkey Istanbul Antalya Izmir<\/h3>\n\n<h3 class=\"wp-block-heading\">NEUE STRAHLENTHERAPIE: EINZELDOSIS<\/h3>\n\n<h3 class=\"wp-block-heading\">Die \u00c4ra der Einzeldosis-Strahlentherapie w\u00e4hrend der Operation beginnt\u2026<\/h3>\n\n<h3 class=\"wp-block-heading\">Was ist Einzeldosis-Therapie?<\/h3>\n\n<p>Bei Patientinnen mit Brustkrebs kann die Strahlentherapie mit einer Einzeldosisanwendung mittels der Methode der intraoperativen Strahlentherapie (IORT) w\u00e4hrend der Operation abgeschlossen werden. Nachdem der Tumor in der Brust operativ entfernt wurde, wird der spezielle Applikator des Ger\u00e4ts in dem Bereich mit dem Tumor platziert. Nach den erforderlichen Berechnungen wird die Hochdosisstrahlung nur auf diesen Bereich abgegeben, wodurch alle lokalen Behandlungen abgeschlossen und gesundes Gewebe gesch\u00fctzt werden.  <\/p>\n\n<figure class=\"wp-block-image size-full\"><img fetchpriority=\"high\" decoding=\"async\" width=\"560\" height=\"260\" class=\"wp-image-184\" src=\"https:\/\/medicaltravel.net\/wp-content\/uploads\/2025\/09\/liac.jpg\" alt=\"\" srcset=\"https:\/\/medicaltravel.net\/wp-content\/uploads\/2025\/09\/liac.jpg 560w, https:\/\/medicaltravel.net\/wp-content\/uploads\/2025\/09\/liac-300x139.jpg 300w\" sizes=\"(max-width: 560px) 100vw, 560px\" \/><\/figure>\n\n<p id=\"caption-attachment-333\">Die Einzeldosis-Behandlung von Brustkrebs bietet neuen Patienten mit Brustkrebs im Fr\u00fchstadium Hoffnung.<\/p>\n\n<h3 class=\"wp-block-heading\">Wie wird die traditionelle Strahlentherapie angewendet?<\/h3>\n\n<p>Die Strahlentherapie wird mit \u201eLinearbeschleunigern\u201c durchgef\u00fchrt, die Photonen und Elektronen erzeugen, in speziell gesch\u00fctzten R\u00e4umen der Abteilungen f\u00fcr Radioonkologie der Krankenh\u00e4user. In fast allen F\u00e4llen, bei denen Brustkrebs diagnostiziert und mit einer \u201eschutzenden Operation\u201c behandelt wurde (bei der nur der Tumorbereich der Brust entfernt und der Rest der Brust erhalten bleibt), ist nach der Operation eine Strahlentherapie erforderlich. <\/p>\n\n<p>Die Strahlentherapie beginnt vorzugsweise nach einer Chemotherapie bei Patientinnen, die diese ben\u00f6tigen, oder mindestens 3 Wochen nach der Operation bei Patientinnen, die nur mit Hormontherapie behandelt werden. Bei Patientinnen, die eine Strahlentherapie f\u00fcr die Brust erhalten, werden zun\u00e4chst computergest\u00fctzte Tomographieschnitte mit 2-mm-Schritten zu Planungszwecken angefertigt. Anschlie\u00dfend wird festgelegt, wie die notwendige Dosis auf die Risikobereiche der bestrahlten Brust angewendet wird, w\u00e4hrend gesunde Organe (Herz, Hauptarterien des Herzens, Lungen, andere Brust usw., in denen sich die Erkrankung nicht ausgebreitet hat) gesch\u00fctzt werden. Sobald der Plan genehmigt ist, erh\u00e4lt die Patientin die Strahlenbehandlung \u00fcber 5 bis 7 Wochen, abh\u00e4ngig vom Krankheitszustand und bestimmt durch die Radioonkologin bzw. den Radioonkologen. Andere Patientinnen erhalten weiterhin eine Kurzzeitbehandlung, die sogenannte Hypofraktion, welche 3 Wochen dauert.    <\/p>\n\n<h3 class=\"wp-block-heading\">Vorteile der Einzeldosis-Anwendung<\/h3>\n\n<p>Die Einzeldosis-Anwendung mit dem Instrument der intraoperativen Strahlentherapie (IORT) nutzt einen Linearbeschleuniger \u00e4hnlich wie die traditionelle Strahlentherapie. Diese Methode wird im Operationssaal mit einem sicheren und tragbaren Ger\u00e4t angewendet, das linear und beschleunigt arbeitet, nur Elektronenenergie erzeugt und dabei nicht so starken Personalschutz erfordert wie herk\u00f6mmliche Linearbeschleuniger. Neben dem chirurgischen Team sind auch eine Fach\u00e4rztin bzw. ein Facharzt f\u00fcr Radioonkologie und eine medizinische Physikerin bzw. ein medizinischer Physiker im Operationssaal anwesend. Auf diese Weise wird die Strahlentherapie gleichzeitig mit der Operation durchgef\u00fchrt. Ein gro\u00dfer Vorteil f\u00fcr die Patientin bzw. den Patienten besteht darin, dass nach der Operation nicht auf die Wundheilung gewartet werden muss, keine separate Planung der Strahlentherapie erforderlich ist und keine t\u00e4glichen Krankenhausbesuche f\u00fcr die Behandlung notwendig sind. Dadurch wird auch die Gesamtdauer der Therapie verk\u00fcrzt.     <\/p>\n\n<p>W\u00e4hrend der Operation, nachdem der Tumor in der Brust entfernt wurde, wird der spezielle Applikator des Ger\u00e4ts in dem Bereich platziert, in dem sich der Tumor befand. Nach den erforderlichen Berechnungen wird die Hochdosisstrahlung ausschlie\u00dflich auf diesen Bereich abgegeben, wodurch das gesunde Gewebe vollst\u00e4ndig gesch\u00fctzt wird. Obwohl die Einzeldosis-Anwendung oder die Nutzung verschiedener Methoden, um die Strahlung nur auf den Tumorbereich statt auf die gesamte Brust zu richten, in den letzten Jahren weltweit zunehmend akzeptiert wurden, ist die Einzeldosis-Anwendung nicht f\u00fcr jede Patientin bzw. jeden Patienten geeignet. Die Entscheidung, ob eine Patientin bzw. ein Patient f\u00fcr diese Behandlung geeignet ist, muss gemeinsam von der Radioonkologin bzw. dem Radioonkologen, der Chirurgin bzw. dem Chirurgen und der Pathologin bzw. dem Pathologen, die direkt mit der Patientin bzw. dem Patienten arbeiten, getroffen werden. Alter der Patientin\/des Patienten, Tumorgr\u00f6\u00dfe und andere pathologische Eigenschaften des Tumors spielen bei dieser Entscheidung eine wichtige Rolle.    <\/p>\n\n<h3 class=\"wp-block-heading\">Wer erh\u00e4lt die Strahlungsaufdosierung?<\/h3>\n\n<p>Patientinnen unter 50\u201360 Jahren gelten nicht als ideale Kandidatinnen f\u00fcr die Einzeldosis-Anwendung. Bei diesen Patientinnen ist es notwendig, nach der Strahlung der gesamten Brust im traditionellen Verfahren die Strahlung gezielt auf den Tumorbereich anzuwenden. Nachdem die Behandlung der gesamten Brust \u00fcber 25 bis 28 Arbeitstage, Wochenenden ausgeschlossen, abgeschlossen ist, wird statt der gesamten Brust nur der Bereich, in dem der Tumor entfernt wurde, bestrahlt. Dies dauert je nach Patientin und den individuellen Umst\u00e4nden etwa 5 bis 8 Arbeitstage. Die gezielte Bestrahlung des Tumorbereichs wird als Strahlungsboost bezeichnet. Dank der IORT-Methode wird der Strahlungsboost als Einzeldosis w\u00e4hrend der Operation verabreicht, danach wird die gesamte Brust bestrahlt, wodurch die Gesamtdauer der Behandlung verk\u00fcrzt wird.    <\/p>\n\n<h3 class=\"wp-block-heading\">Strahlentherapie am Mamillenkomplex anwenden<\/h3>\n\n<p>Die brusterhaltende Operation ist m\u00f6glicherweise nicht f\u00fcr alle Patientinnen geeignet. Bei Patientinnen, bei denen die gesamte Brust entfernt werden muss, bleiben die Brustwarze und das umliegende Gewebe f\u00fcr ein besseres kosmetisches Ergebnis erhalten. Dies wird als \u201enipple-sparing Mastektomie\u201c bezeichnet. Mit der IORT-Methode wird eine Einzeldosis Strahlung auf die Brustwarze und das darunterliegende Gewebe appliziert, um das R\u00fcckfallrisiko in diesem Bereich zu verringern. Den Strahlungsboost gibt es in dieser Form erstmals in der T\u00fcrkei im Breast Health Center des Ac\u0131badem Maslak Krankenhauses.    <\/p>\n\t\t\t\t\t\t\t\t<\/div>\n\t\t\t\t\t<\/div>\n\t\t\t\t<\/div>\n\t\t\t\t<\/div>\n\t\t","protected":false},"excerpt":{"rendered":"<p>Gamma Knife CyberKnife Einzeldosis-Therapie (Liac) TrueBeam STx Single Dose Therapy (Liac) Turkey Istanbul Antalya Izmir NEUE STRAHLENTHERAPIE: EINZELDOSIS Die \u00c4ra der Einzeldosis-Strahlentherapie w\u00e4hrend der Operation beginnt\u2026 Was ist Einzeldosis-Therapie? Bei Patientinnen mit Brustkrebs kann die Strahlentherapie mit einer Einzeldosisanwendung mittels der Methode der intraoperativen Strahlentherapie (IORT) w\u00e4hrend der Operation abgeschlossen werden. Nachdem der Tumor in der Brust operativ entfernt wurde, wird der spezielle Applikator des Ger\u00e4ts in dem Bereich mit dem Tumor platziert. Nach den erforderlichen Berechnungen wird die Hochdosisstrahlung nur auf diesen Bereich abgegeben, wodurch alle lokalen Behandlungen abgeschlossen und gesundes Gewebe gesch\u00fctzt werden. Die Einzeldosis-Behandlung von Brustkrebs bietet neuen Patienten mit Brustkrebs im Fr\u00fchstadium Hoffnung. Wie wird die traditionelle Strahlentherapie angewendet? Die Strahlentherapie wird mit \u201eLinearbeschleunigern\u201c durchgef\u00fchrt, die Photonen und Elektronen erzeugen, in speziell gesch\u00fctzten R\u00e4umen der Abteilungen f\u00fcr Radioonkologie der Krankenh\u00e4user. In fast allen F\u00e4llen, bei denen Brustkrebs diagnostiziert und mit einer \u201eschutzenden Operation\u201c behandelt wurde (bei der nur der Tumorbereich der Brust entfernt und der Rest der Brust erhalten bleibt), ist nach der Operation eine Strahlentherapie erforderlich. Die Strahlentherapie beginnt vorzugsweise nach einer Chemotherapie bei Patientinnen, die diese ben\u00f6tigen, oder mindestens 3 Wochen nach der Operation bei Patientinnen, die nur mit Hormontherapie behandelt werden. Bei Patientinnen, die eine Strahlentherapie f\u00fcr die Brust erhalten, werden zun\u00e4chst computergest\u00fctzte Tomographieschnitte mit 2-mm-Schritten zu Planungszwecken angefertigt. Anschlie\u00dfend wird festgelegt, wie die notwendige Dosis auf die Risikobereiche der bestrahlten Brust angewendet wird, w\u00e4hrend gesunde Organe (Herz, Hauptarterien des Herzens, Lungen, andere Brust usw., in denen sich die Erkrankung nicht ausgebreitet hat) gesch\u00fctzt werden. Sobald der Plan genehmigt ist, erh\u00e4lt die Patientin die Strahlenbehandlung \u00fcber 5 bis 7 Wochen, abh\u00e4ngig vom Krankheitszustand und bestimmt durch die Radioonkologin bzw. den Radioonkologen. Andere Patientinnen erhalten weiterhin eine Kurzzeitbehandlung, die sogenannte Hypofraktion, welche 3 Wochen dauert. Vorteile der Einzeldosis-Anwendung Die Einzeldosis-Anwendung mit dem Instrument der intraoperativen Strahlentherapie (IORT) nutzt einen Linearbeschleuniger \u00e4hnlich wie die traditionelle Strahlentherapie. Diese Methode wird im Operationssaal mit einem sicheren und tragbaren Ger\u00e4t angewendet, das linear und beschleunigt arbeitet, nur Elektronenenergie erzeugt und dabei nicht so starken Personalschutz erfordert wie herk\u00f6mmliche Linearbeschleuniger. Neben dem chirurgischen Team sind auch eine Fach\u00e4rztin bzw. ein Facharzt f\u00fcr Radioonkologie und eine medizinische Physikerin bzw. ein medizinischer Physiker im Operationssaal anwesend. Auf diese Weise wird die Strahlentherapie gleichzeitig mit der Operation durchgef\u00fchrt. Ein gro\u00dfer Vorteil f\u00fcr die Patientin bzw. den Patienten besteht darin, dass nach der Operation nicht auf die Wundheilung gewartet werden muss, keine separate Planung der Strahlentherapie erforderlich ist und keine t\u00e4glichen Krankenhausbesuche f\u00fcr die Behandlung notwendig sind. Dadurch wird auch die Gesamtdauer der Therapie verk\u00fcrzt. W\u00e4hrend der Operation, nachdem der Tumor in der Brust entfernt wurde, wird der spezielle Applikator des Ger\u00e4ts in dem Bereich platziert, in dem sich der Tumor befand. Nach den erforderlichen Berechnungen wird die Hochdosisstrahlung ausschlie\u00dflich auf diesen Bereich abgegeben, wodurch das gesunde Gewebe vollst\u00e4ndig gesch\u00fctzt wird. Obwohl die Einzeldosis-Anwendung oder die Nutzung verschiedener Methoden, um die Strahlung nur auf den Tumorbereich statt auf die gesamte Brust zu richten, in den letzten Jahren weltweit zunehmend akzeptiert wurden, ist die Einzeldosis-Anwendung nicht f\u00fcr jede Patientin bzw. jeden Patienten geeignet. Die Entscheidung, ob eine Patientin bzw. ein Patient f\u00fcr diese Behandlung geeignet ist, muss gemeinsam von der Radioonkologin bzw. dem Radioonkologen, der Chirurgin bzw. dem Chirurgen und der Pathologin bzw. dem Pathologen, die direkt mit der Patientin bzw. dem Patienten arbeiten, getroffen werden. Alter der Patientin\/des Patienten, Tumorgr\u00f6\u00dfe und andere pathologische Eigenschaften des Tumors spielen bei dieser Entscheidung eine wichtige Rolle. Wer erh\u00e4lt die Strahlungsaufdosierung? Patientinnen unter 50\u201360 Jahren gelten nicht als ideale Kandidatinnen f\u00fcr die Einzeldosis-Anwendung. Bei diesen Patientinnen ist es notwendig, nach der Strahlung der gesamten Brust im traditionellen Verfahren die Strahlung gezielt auf den Tumorbereich anzuwenden. Nachdem die Behandlung der gesamten Brust \u00fcber 25 bis 28 Arbeitstage, Wochenenden ausgeschlossen, abgeschlossen ist, wird statt der gesamten Brust nur der Bereich, in dem der Tumor entfernt wurde, bestrahlt. Dies dauert je nach Patientin und den individuellen Umst\u00e4nden etwa 5 bis 8 Arbeitstage. Die gezielte Bestrahlung des Tumorbereichs wird als Strahlungsboost bezeichnet. Dank der IORT-Methode wird der Strahlungsboost als Einzeldosis w\u00e4hrend der Operation verabreicht, danach wird die gesamte Brust bestrahlt, wodurch die Gesamtdauer der Behandlung verk\u00fcrzt wird. Strahlentherapie am Mamillenkomplex anwenden Die brusterhaltende Operation ist m\u00f6glicherweise nicht f\u00fcr alle Patientinnen geeignet. Bei Patientinnen, bei denen die gesamte Brust entfernt werden muss, bleiben die Brustwarze und das umliegende Gewebe f\u00fcr ein besseres kosmetisches Ergebnis erhalten. Dies wird als \u201enipple-sparing Mastektomie\u201c bezeichnet. Mit der IORT-Methode wird eine Einzeldosis Strahlung auf die Brustwarze und das darunterliegende Gewebe appliziert, um das R\u00fcckfallrisiko in diesem Bereich zu verringern. Den Strahlungsboost gibt es in dieser Form erstmals in der T\u00fcrkei im Breast Health Center des Ac\u0131badem Maslak Krankenhauses.<\/p>\n","protected":false},"author":4,"featured_media":0,"parent":2083,"menu_order":0,"comment_status":"closed","ping_status":"closed","template":"","meta":{"_joinchat":[],"footnotes":""},"class_list":["post-2098","page","type-page","status-publish","hentry"],"acf":[],"_links":{"self":[{"href":"https:\/\/medicaltravel.net\/de\/wp-json\/wp\/v2\/pages\/2098","targetHints":{"allow":["GET"]}}],"collection":[{"href":"https:\/\/medicaltravel.net\/de\/wp-json\/wp\/v2\/pages"}],"about":[{"href":"https:\/\/medicaltravel.net\/de\/wp-json\/wp\/v2\/types\/page"}],"author":[{"embeddable":true,"href":"https:\/\/medicaltravel.net\/de\/wp-json\/wp\/v2\/users\/4"}],"replies":[{"embeddable":true,"href":"https:\/\/medicaltravel.net\/de\/wp-json\/wp\/v2\/comments?post=2098"}],"version-history":[{"count":3,"href":"https:\/\/medicaltravel.net\/de\/wp-json\/wp\/v2\/pages\/2098\/revisions"}],"predecessor-version":[{"id":2101,"href":"https:\/\/medicaltravel.net\/de\/wp-json\/wp\/v2\/pages\/2098\/revisions\/2101"}],"up":[{"embeddable":true,"href":"https:\/\/medicaltravel.net\/de\/wp-json\/wp\/v2\/pages\/2083"}],"wp:attachment":[{"href":"https:\/\/medicaltravel.net\/de\/wp-json\/wp\/v2\/media?parent=2098"}],"curies":[{"name":"wp","href":"https:\/\/api.w.org\/{rel}","templated":true}]}}