{"id":2105,"date":"2025-09-29T09:07:23","date_gmt":"2025-09-29T08:07:23","guid":{"rendered":"https:\/\/medicaltravel.net\/krebsbehandlungen-tuerkei-istanbul-antalya-izmir-bursa\/krebsstrahlentherapie-tuerkei-istanbul-antalya-izmir-bursa\/truebeam-stx-tuerkei-istanbul-antalya-izmir-ankara-bursa\/"},"modified":"2026-01-05T20:35:39","modified_gmt":"2026-01-05T19:35:39","slug":"truebeam-stx-tuerkei-istanbul-antalya-izmir-ankara-bursa","status":"publish","type":"page","link":"https:\/\/medicaltravel.net\/de\/krebsbehandlungen-tuerkei-istanbul-antalya-izmir-bursa\/krebsstrahlentherapie-tuerkei-istanbul-antalya-izmir-bursa\/truebeam-stx-tuerkei-istanbul-antalya-izmir-ankara-bursa\/","title":{"rendered":"TrueBeam STx T\u00fcrkei Istanbul Antalya Izmir Ankara Bursa"},"content":{"rendered":"\t\t<div data-elementor-type=\"wp-page\" data-elementor-id=\"2105\" class=\"elementor elementor-2105 elementor-37\" data-elementor-post-type=\"page\">\n\t\t\t\t<div class=\"elementor-element elementor-element-5d23c537 e-flex e-con-boxed wpr-particle-no wpr-jarallax-no wpr-parallax-no wpr-sticky-section-no e-con e-parent\" data-id=\"5d23c537\" data-element_type=\"container\" data-e-type=\"container\">\n\t\t\t\t\t<div class=\"e-con-inner\">\n\t\t<div class=\"elementor-element elementor-element-5639f29 e-con-full e-flex wpr-particle-no wpr-jarallax-no wpr-parallax-no wpr-sticky-section-no e-con e-child\" data-id=\"5639f29\" data-element_type=\"container\" data-e-type=\"container\">\n\t\t\t\t<div class=\"elementor-element elementor-element-1e23ea1 elementor-widget elementor-widget-button\" data-id=\"1e23ea1\" data-element_type=\"widget\" data-e-type=\"widget\" data-widget_type=\"button.default\">\n\t\t\t\t\t\t\t\t\t\t<a class=\"elementor-button elementor-button-link elementor-size-sm\" href=\"https:\/\/medicaltravel.net\/de\/krebsbehandlungen-tuerkei-istanbul-antalya-izmir-bursa\/krebsstrahlentherapie-tuerkei-istanbul-antalya-izmir-bursa\/gamma-knife-tuerkei-istanbul-antalya-izmir-bursa-adana\/\">\n\t\t\t\t\t\t<span class=\"elementor-button-content-wrapper\">\n\t\t\t\t\t\t\t\t\t<span class=\"elementor-button-text\">Gamma Knife<\/span>\n\t\t\t\t\t<\/span>\n\t\t\t\t\t<\/a>\n\t\t\t\t\t\t\t\t<\/div>\n\t\t\t\t<div class=\"elementor-element elementor-element-a5e041d elementor-widget elementor-widget-button\" data-id=\"a5e041d\" data-element_type=\"widget\" data-e-type=\"widget\" data-widget_type=\"button.default\">\n\t\t\t\t\t\t\t\t\t\t<a class=\"elementor-button elementor-button-link elementor-size-sm\" href=\"https:\/\/medicaltravel.net\/de\/krebsbehandlungen-tuerkei-istanbul-antalya-izmir-bursa\/krebsstrahlentherapie-tuerkei-istanbul-antalya-izmir-bursa\/cyber-knife-tuerkei-istanbul-antalya-izmir-bursa-adana\/\">\n\t\t\t\t\t\t<span class=\"elementor-button-content-wrapper\">\n\t\t\t\t\t\t\t\t\t<span class=\"elementor-button-text\">CyberKnife<\/span>\n\t\t\t\t\t<\/span>\n\t\t\t\t\t<\/a>\n\t\t\t\t\t\t\t\t<\/div>\n\t\t\t\t<div class=\"elementor-element elementor-element-486e15e elementor-widget elementor-widget-button\" data-id=\"486e15e\" data-element_type=\"widget\" data-e-type=\"widget\" data-widget_type=\"button.default\">\n\t\t\t\t\t\t\t\t\t\t<a class=\"elementor-button elementor-button-link elementor-size-sm\" href=\"https:\/\/medicaltravel.net\/de\/krebsbehandlungen-tuerkei-istanbul-antalya-izmir-bursa\/krebsstrahlentherapie-tuerkei-istanbul-antalya-izmir-bursa\/einzeldosis-therapie-liac-tuerkei-istanbul-antalya-izmir\/\">\n\t\t\t\t\t\t<span class=\"elementor-button-content-wrapper\">\n\t\t\t\t\t\t\t\t\t<span class=\"elementor-button-text\">Einzeldosis-Therapie (Liac)<\/span>\n\t\t\t\t\t<\/span>\n\t\t\t\t\t<\/a>\n\t\t\t\t\t\t\t\t<\/div>\n\t\t\t\t<div class=\"elementor-element elementor-element-a9f1c48 elementor-widget elementor-widget-button\" data-id=\"a9f1c48\" data-element_type=\"widget\" data-e-type=\"widget\" data-widget_type=\"button.default\">\n\t\t\t\t\t\t\t\t\t\t<a class=\"elementor-button elementor-button-link elementor-size-sm\" href=\"https:\/\/medicaltravel.net\/de\/krebsbehandlungen-tuerkei-istanbul-antalya-izmir-bursa\/krebsstrahlentherapie-tuerkei-istanbul-antalya-izmir-bursa\/truebeam-stx-tuerkei-istanbul-antalya-izmir-ankara-bursa\/\">\n\t\t\t\t\t\t<span class=\"elementor-button-content-wrapper\">\n\t\t\t\t\t\t\t\t\t<span class=\"elementor-button-text\">TrueBeam STx<\/span>\n\t\t\t\t\t<\/span>\n\t\t\t\t\t<\/a>\n\t\t\t\t\t\t\t\t<\/div>\n\t\t\t\t<\/div>\n\t\t\t\t<div class=\"elementor-element elementor-element-63949efe elementor-widget elementor-widget-text-editor\" data-id=\"63949efe\" data-element_type=\"widget\" data-e-type=\"widget\" data-widget_type=\"text-editor.default\">\n\t\t\t\t\t\t\t\t\t\n<h3 class=\"wp-block-heading\">TrueBeam STx in der T\u00fcrkei \u2013 Istanbul, Antalya, Izmir, Ankara, Bursa<\/h3>\n\n<p>Das TrueBeam STx-Ger\u00e4t wurde um ein zweites, empfindlicheres System erg\u00e4nzt, das den Patienten in Behandlungsposition bringt und Atem\u00fcberwachung, Lagekontrolle sowie Korrekturen erm\u00f6glicht. Dank dieses Zusatzsystems, Novalis-ExacTrac genannt, ist eine 6-dimensionale Positionskorrektur m\u00f6glich. Mit TrueBeam sind Radiotherapie unter st\u00e4rkerer Bildgebung und die Bestrahlung des Zielvolumens mit einem geringeren Sicherheitsabstand m\u00f6glich. Dadurch r\u00fccken wir der Vermeidung von Strahlenbelastung f\u00fcr gesundes Gewebe einen Schritt n\u00e4her. Mit neuen Strahlungsproduktions- und -anwendungsoptionen, die sich von anderen Behandlungsger\u00e4ten unterscheiden, wird eine v\u00f6llig neue \u00c4ra der Krebsbehandlung er\u00f6ffnet.    <\/p>\n\n<h3 class=\"wp-block-heading\">Alle neuen Strahlentherapietechniken werden in einem einzigen Ger\u00e4t bereitgestellt.<\/h3>\n\n<figure class=\"wp-block-image size-full\"><img fetchpriority=\"high\" decoding=\"async\" width=\"560\" height=\"361\" class=\"wp-image-186\" src=\"https:\/\/medicaltravel.net\/wp-content\/uploads\/2025\/09\/TRUEBEAM-TEAM.jpg\" alt=\"\" srcset=\"https:\/\/medicaltravel.net\/wp-content\/uploads\/2025\/09\/TRUEBEAM-TEAM.jpg 560w, https:\/\/medicaltravel.net\/wp-content\/uploads\/2025\/09\/TRUEBEAM-TEAM-300x193.jpg 300w\" sizes=\"(max-width: 560px) 100vw, 560px\" \/><\/figure>\n\n<p id=\"caption-attachment-339\">TRUEBEAM STx zur Tumorbehandlung in der T\u00fcrkei<\/p>\n\n<ul class=\"wp-block-list\">\n<li>W\u00e4hrend das Ger\u00e4t jede Art einfacher Strahlung durchf\u00fchren kann, verf\u00fcgt es auch \u00fcber eine konforme Technik, um die Strahlung an die Tumorstruktur anzupassen, IMRT (intensit\u00e4tsangepasste Strahlentherapie) und IGRT (bildgef\u00fchrte Strahlentherapie) sowie RapidArc (eine volumengebundene, intensit\u00e4tsanpassbare Behandlung, die die Behandlungsdauer f\u00fcr den Patienten verk\u00fcrzt) und Radiochirurgie-Methoden mit den empfindlichsten Bildgebungs- und Anwendungsf\u00e4higkeiten.<\/li>\n\n<li>Die Radiochirurgie (SRS)-Technik, die ein Ziel in drei Dimensionen mit einer hohen Dosis fokussiert und dadurch die gleichen Ergebnisse wie eine operative Entfernung des Ziels erzielen kann, kann ebenfalls mit TrueBeam STx durchgef\u00fchrt werden.<\/li>\n\n<li>Mit diesem Ger\u00e4t ist auch die SBRT-Technik m\u00f6glich, bei der Tumore mit kleinem Volumen an beliebiger Stelle im K\u00f6rper sicher in weniger Sitzungen (3\u20135 Sitzungen) behandelt werden.<\/li>\n<\/ul>\n\n<figure class=\"wp-block-image size-full\"><img decoding=\"async\" width=\"250\" height=\"176\" class=\"wp-image-187\" src=\"https:\/\/medicaltravel.net\/wp-content\/uploads\/2025\/09\/RTEmagicC_814e8ec54d.jpg.jpg\" alt=\"\"><\/figure>\n\n<p id=\"caption-attachment-344\">TrueBeam STx T\u00fcrkei<\/p>\n\n<h3 class=\"wp-block-heading\">Gesunde Gewebe werden gesch\u00fctzt und die Behandlungsdauer um das 4- bis 8-Fache verk\u00fcrzt.<\/h3>\n\n<p>Die wichtigste Eigenschaft des Ger\u00e4ts ist, dass es eine schnellere, sicherere und effektivere Behandlung erm\u00f6glicht. Mit diesem Ger\u00e4t ist es m\u00f6glich, ein Ziel mit einer Genauigkeit von unter 0,5 mm zu bestimmen und die Strahlung innerhalb sehr kurzer Zeit anzuwenden. Dank dieser Eigenschaft, die es erlaubt, in einer Sitzung eine sehr hohe Dosis zu verabreichen, k\u00f6nnen erfolgreiche Behandlungen in kurzen Gesamtdauer von 3\u20135 Sitzungen anstelle von 25\u201335 Sitzungen erreicht werden. Die um das 4- bis 8-Fache verk\u00fcrzte Behandlungsdauer reduziert auch die Zeit, in der der Patient w\u00e4hrend der Strahlenbehandlung unbewegt in einer bestimmten Position verharren muss. Dadurch werden Unsicherheiten, die durch Bewegungen des Tumors w\u00e4hrend der Behandlung entstehen, auf ein Minimum reduziert. Dass die Strahlentherapie auf das Zentrum des Ziels fokussiert werden kann, bedeutet, dass gesunde Gewebe weniger Strahlung abbekommen. Au\u00dferdem erm\u00f6glicht die F\u00e4higkeit des Ger\u00e4ts, die Atmung w\u00e4hrend der Bestrahlung von Organen zu \u00fcberwachen, die der Atmung unterliegen, wie Lunge, Leber und Brust, dass weniger gesundes Gewebe gesch\u00e4digt wird und eine h\u00f6here Dosis verabreicht werden kann.      <\/p>\n\n<h3 class=\"wp-block-heading\">Es \u00fcberpr\u00fcft die Genauigkeit der Anwendung in Millisekundenintervallen.<\/h3>\n\n<p>Das Ger\u00e4t, das das technologisch fortschrittlichste Modell der in der Strahlentherapie noch eingesetzten Linearbeschleuniger ist, f\u00fchrt die gesamte Behandlung computergesteuert durch. Das System minimiert menschliche Fehler und \u00fcberpr\u00fcft die Genauigkeit der Anwendung w\u00e4hrend der gesamten Behandlung in Millisekundenintervallen durch das Kollimatorsystem, das sich im \u201eGehirn\u201c des Ger\u00e4ts befindet, um sicherzustellen, dass der Patient wie geplant behandelt wird. Das Kollimatorsystem im Ger\u00e4t gew\u00e4hrleistet, dass die Strahlung kontinuierlich \u00fcberwacht wird, sodass der Patient die Behandlung in h\u00f6chster Pr\u00e4zision erh\u00e4lt. Die Systeme, die den Behandlungstisch und die Patientenposition in synchroner Abstimmung anzeigen, erh\u00f6hen die Geschwindigkeit und Genauigkeit der Patientenpositionierung.   <\/p>\n\n<h3 class=\"wp-block-heading\">Bietet Behandlung f\u00fcr alle Tumore, die eine Strahlentherapie ben\u00f6tigen.<\/h3>\n\n<p>Alle Tumore, die eine Strahlentherapie ben\u00f6tigen, k\u00f6nnen mit diesem Ger\u00e4t sicher behandelt werden. Es ist besonders n\u00fctzlich f\u00fcr Tumore im Kopfbereich sowie f\u00fcr Tumore mit kleinem Volumen im K\u00f6rper und in der N\u00e4he gef\u00e4hrdeter Organe. Es bietet eine geeignete Methode zur Behandlung von Lungen- und Wirbels\u00e4ulentumoren sowie f\u00fcr eine zweite Reihe von Strahlentherapien. Die Behandlungsgenauigkeit der Strahlentherapie, wie sie beim Gamma-Knife-Ger\u00e4t erreicht wird, ist mit diesem Ger\u00e4t auch bei Tumoren im Kopfbereich m\u00f6glich, die aufgrund ihrer Gr\u00f6\u00dfe und Lage nicht f\u00fcr eine Behandlung mit dem Gamma-Knife-Ger\u00e4t geeignet sind.   <\/p>\n\n<figure class=\"wp-block-image size-full\"><img decoding=\"async\" width=\"250\" height=\"228\" class=\"wp-image-189\" src=\"https:\/\/medicaltravel.net\/wp-content\/uploads\/2025\/09\/RTEmagicC_b2f70c5e41.jpg.jpg\" alt=\"\"><\/figure>\n\n<p id=\"caption-attachment-346\">TrueBeam STx Istanbul<\/p>\n\n<h3 class=\"wp-block-heading\">Was sind die Vorteile?<\/h3>\n\n<p>Als technologisches Spitzen-Ger\u00e4t in der Krebsbehandlung bietet TrueBeam STx dem Patienten sehr wichtige Vorteile.<\/p>\n\n<ul class=\"wp-block-list\">\n<li>Es erm\u00f6glicht, den Tumor mit einer hohen Dosis in sehr kurzer Zeit zu behandeln. Die durch die M\u00f6glichkeit, die Strahlung in sehr kurzer Zeit anzuwenden, verk\u00fcrzte Strahlentherapie erh\u00f6ht die Genauigkeit der Behandlung und den Komfort des Patienten. <\/li>\n\n<li>Die Bildqualit\u00e4t ist sehr hoch. Dadurch k\u00f6nnen Radiologen kleine Details besser erkennen. <\/li>\n\n<li>Auch mit Hilfe der IGRT-Systeme (bildgef\u00fchrte Strahlentherapie) kann die genaue Position des Ziels empfindlicher und in k\u00fcrzerer Zeit angepasst werden.<\/li>\n\n<li>Die zus\u00e4tzliche Strahlung, die Patienten durch Bildgebungssysteme erhalten, ist bei diesem System um 25 Prozent geringer.<\/li>\n\n<li>Die mechanische Genauigkeit von unter einem Millimeter ist entscheidend, um die Strahlen pr\u00e4zise auf das Ziel zu fokussieren. Dies erm\u00f6glicht, dass die Behandlung des Patienten genau nach Plan durchgef\u00fchrt werden kann. <\/li>\n\n<li>Die F\u00e4higkeit des mechanischen Systems, schneller als die anderen Ger\u00e4te zu arbeiten, verk\u00fcrzt die Behandlungsdauer um das 4- bis 8-Fache.<\/li>\n<\/ul>\n\t\t\t\t\t\t\t\t<\/div>\n\t\t\t\t\t<\/div>\n\t\t\t\t<\/div>\n\t\t\t\t<\/div>\n\t\t","protected":false},"excerpt":{"rendered":"<p>Gamma Knife CyberKnife Einzeldosis-Therapie (Liac) TrueBeam STx TrueBeam STx in der T\u00fcrkei \u2013 Istanbul, Antalya, Izmir, Ankara, Bursa Das TrueBeam STx-Ger\u00e4t wurde um ein zweites, empfindlicheres System erg\u00e4nzt, das den Patienten in Behandlungsposition bringt und Atem\u00fcberwachung, Lagekontrolle sowie Korrekturen erm\u00f6glicht. Dank dieses Zusatzsystems, Novalis-ExacTrac genannt, ist eine 6-dimensionale Positionskorrektur m\u00f6glich. Mit TrueBeam sind Radiotherapie unter st\u00e4rkerer Bildgebung und die Bestrahlung des Zielvolumens mit einem geringeren Sicherheitsabstand m\u00f6glich. Dadurch r\u00fccken wir der Vermeidung von Strahlenbelastung f\u00fcr gesundes Gewebe einen Schritt n\u00e4her. Mit neuen Strahlungsproduktions- und -anwendungsoptionen, die sich von anderen Behandlungsger\u00e4ten unterscheiden, wird eine v\u00f6llig neue \u00c4ra der Krebsbehandlung er\u00f6ffnet. Alle neuen Strahlentherapietechniken werden in einem einzigen Ger\u00e4t bereitgestellt. TRUEBEAM STx zur Tumorbehandlung in der T\u00fcrkei W\u00e4hrend das Ger\u00e4t jede Art einfacher Strahlung durchf\u00fchren kann, verf\u00fcgt es auch \u00fcber eine konforme Technik, um die Strahlung an die Tumorstruktur anzupassen, IMRT (intensit\u00e4tsangepasste Strahlentherapie) und IGRT (bildgef\u00fchrte Strahlentherapie) sowie RapidArc (eine volumengebundene, intensit\u00e4tsanpassbare Behandlung, die die Behandlungsdauer f\u00fcr den Patienten verk\u00fcrzt) und Radiochirurgie-Methoden mit den empfindlichsten Bildgebungs- und Anwendungsf\u00e4higkeiten. Die Radiochirurgie (SRS)-Technik, die ein Ziel in drei Dimensionen mit einer hohen Dosis fokussiert und dadurch die gleichen Ergebnisse wie eine operative Entfernung des Ziels erzielen kann, kann ebenfalls mit TrueBeam STx durchgef\u00fchrt werden. Mit diesem Ger\u00e4t ist auch die SBRT-Technik m\u00f6glich, bei der Tumore mit kleinem Volumen an beliebiger Stelle im K\u00f6rper sicher in weniger Sitzungen (3\u20135 Sitzungen) behandelt werden. TrueBeam STx T\u00fcrkei Gesunde Gewebe werden gesch\u00fctzt und die Behandlungsdauer um das 4- bis 8-Fache verk\u00fcrzt. Die wichtigste Eigenschaft des Ger\u00e4ts ist, dass es eine schnellere, sicherere und effektivere Behandlung erm\u00f6glicht. Mit diesem Ger\u00e4t ist es m\u00f6glich, ein Ziel mit einer Genauigkeit von unter 0,5 mm zu bestimmen und die Strahlung innerhalb sehr kurzer Zeit anzuwenden. Dank dieser Eigenschaft, die es erlaubt, in einer Sitzung eine sehr hohe Dosis zu verabreichen, k\u00f6nnen erfolgreiche Behandlungen in kurzen Gesamtdauer von 3\u20135 Sitzungen anstelle von 25\u201335 Sitzungen erreicht werden. Die um das 4- bis 8-Fache verk\u00fcrzte Behandlungsdauer reduziert auch die Zeit, in der der Patient w\u00e4hrend der Strahlenbehandlung unbewegt in einer bestimmten Position verharren muss. Dadurch werden Unsicherheiten, die durch Bewegungen des Tumors w\u00e4hrend der Behandlung entstehen, auf ein Minimum reduziert. Dass die Strahlentherapie auf das Zentrum des Ziels fokussiert werden kann, bedeutet, dass gesunde Gewebe weniger Strahlung abbekommen. Au\u00dferdem erm\u00f6glicht die F\u00e4higkeit des Ger\u00e4ts, die Atmung w\u00e4hrend der Bestrahlung von Organen zu \u00fcberwachen, die der Atmung unterliegen, wie Lunge, Leber und Brust, dass weniger gesundes Gewebe gesch\u00e4digt wird und eine h\u00f6here Dosis verabreicht werden kann. Es \u00fcberpr\u00fcft die Genauigkeit der Anwendung in Millisekundenintervallen. Das Ger\u00e4t, das das technologisch fortschrittlichste Modell der in der Strahlentherapie noch eingesetzten Linearbeschleuniger ist, f\u00fchrt die gesamte Behandlung computergesteuert durch. Das System minimiert menschliche Fehler und \u00fcberpr\u00fcft die Genauigkeit der Anwendung w\u00e4hrend der gesamten Behandlung in Millisekundenintervallen durch das Kollimatorsystem, das sich im \u201eGehirn\u201c des Ger\u00e4ts befindet, um sicherzustellen, dass der Patient wie geplant behandelt wird. Das Kollimatorsystem im Ger\u00e4t gew\u00e4hrleistet, dass die Strahlung kontinuierlich \u00fcberwacht wird, sodass der Patient die Behandlung in h\u00f6chster Pr\u00e4zision erh\u00e4lt. Die Systeme, die den Behandlungstisch und die Patientenposition in synchroner Abstimmung anzeigen, erh\u00f6hen die Geschwindigkeit und Genauigkeit der Patientenpositionierung. Bietet Behandlung f\u00fcr alle Tumore, die eine Strahlentherapie ben\u00f6tigen. Alle Tumore, die eine Strahlentherapie ben\u00f6tigen, k\u00f6nnen mit diesem Ger\u00e4t sicher behandelt werden. Es ist besonders n\u00fctzlich f\u00fcr Tumore im Kopfbereich sowie f\u00fcr Tumore mit kleinem Volumen im K\u00f6rper und in der N\u00e4he gef\u00e4hrdeter Organe. Es bietet eine geeignete Methode zur Behandlung von Lungen- und Wirbels\u00e4ulentumoren sowie f\u00fcr eine zweite Reihe von Strahlentherapien. Die Behandlungsgenauigkeit der Strahlentherapie, wie sie beim Gamma-Knife-Ger\u00e4t erreicht wird, ist mit diesem Ger\u00e4t auch bei Tumoren im Kopfbereich m\u00f6glich, die aufgrund ihrer Gr\u00f6\u00dfe und Lage nicht f\u00fcr eine Behandlung mit dem Gamma-Knife-Ger\u00e4t geeignet sind. TrueBeam STx Istanbul Was sind die Vorteile? Als technologisches Spitzen-Ger\u00e4t in der Krebsbehandlung bietet TrueBeam STx dem Patienten sehr wichtige Vorteile. Es erm\u00f6glicht, den Tumor mit einer hohen Dosis in sehr kurzer Zeit zu behandeln. Die durch die M\u00f6glichkeit, die Strahlung in sehr kurzer Zeit anzuwenden, verk\u00fcrzte Strahlentherapie erh\u00f6ht die Genauigkeit der Behandlung und den Komfort des Patienten. Die Bildqualit\u00e4t ist sehr hoch. Dadurch k\u00f6nnen Radiologen kleine Details besser erkennen. Auch mit Hilfe der IGRT-Systeme (bildgef\u00fchrte Strahlentherapie) kann die genaue Position des Ziels empfindlicher und in k\u00fcrzerer Zeit angepasst werden. Die zus\u00e4tzliche Strahlung, die Patienten durch Bildgebungssysteme erhalten, ist bei diesem System um 25 Prozent geringer. Die mechanische Genauigkeit von unter einem Millimeter ist entscheidend, um die Strahlen pr\u00e4zise auf das Ziel zu fokussieren. Dies erm\u00f6glicht, dass die Behandlung des Patienten genau nach Plan durchgef\u00fchrt werden kann. Die F\u00e4higkeit des mechanischen Systems, schneller als die anderen Ger\u00e4te zu arbeiten, verk\u00fcrzt die Behandlungsdauer um das 4- bis 8-Fache.<\/p>\n","protected":false},"author":4,"featured_media":0,"parent":2083,"menu_order":0,"comment_status":"closed","ping_status":"closed","template":"","meta":{"_joinchat":[],"footnotes":""},"class_list":["post-2105","page","type-page","status-publish","hentry"],"acf":[],"_links":{"self":[{"href":"https:\/\/medicaltravel.net\/de\/wp-json\/wp\/v2\/pages\/2105","targetHints":{"allow":["GET"]}}],"collection":[{"href":"https:\/\/medicaltravel.net\/de\/wp-json\/wp\/v2\/pages"}],"about":[{"href":"https:\/\/medicaltravel.net\/de\/wp-json\/wp\/v2\/types\/page"}],"author":[{"embeddable":true,"href":"https:\/\/medicaltravel.net\/de\/wp-json\/wp\/v2\/users\/4"}],"replies":[{"embeddable":true,"href":"https:\/\/medicaltravel.net\/de\/wp-json\/wp\/v2\/comments?post=2105"}],"version-history":[{"count":3,"href":"https:\/\/medicaltravel.net\/de\/wp-json\/wp\/v2\/pages\/2105\/revisions"}],"predecessor-version":[{"id":2108,"href":"https:\/\/medicaltravel.net\/de\/wp-json\/wp\/v2\/pages\/2105\/revisions\/2108"}],"up":[{"embeddable":true,"href":"https:\/\/medicaltravel.net\/de\/wp-json\/wp\/v2\/pages\/2083"}],"wp:attachment":[{"href":"https:\/\/medicaltravel.net\/de\/wp-json\/wp\/v2\/media?parent=2105"}],"curies":[{"name":"wp","href":"https:\/\/api.w.org\/{rel}","templated":true}]}}