{"id":2109,"date":"2025-09-29T09:11:03","date_gmt":"2025-09-29T08:11:03","guid":{"rendered":"https:\/\/medicaltravel.net\/krebsbehandlungen-tuerkei-istanbul-antalya-izmir-bursa\/chirurgische-onkologie-in-der-tuerkei-istanbul-antalya-izmir-bursa-ankara-da-vinci\/"},"modified":"2026-01-05T20:39:23","modified_gmt":"2026-01-05T19:39:23","slug":"chirurgische-onkologie-in-der-tuerkei-istanbul-antalya-izmir-bursa-ankara-da-vinci","status":"publish","type":"page","link":"https:\/\/medicaltravel.net\/de\/krebsbehandlungen-tuerkei-istanbul-antalya-izmir-bursa\/chirurgische-onkologie-in-der-tuerkei-istanbul-antalya-izmir-bursa-ankara-da-vinci\/","title":{"rendered":"Chirurgische Onkologie in der T\u00fcrkei: Istanbul, Antalya, Izmir, Bursa, Ankara \u2013 Da Vinci"},"content":{"rendered":"\t\t<div data-elementor-type=\"wp-page\" data-elementor-id=\"2109\" class=\"elementor elementor-2109 elementor-39\" data-elementor-post-type=\"page\">\n\t\t\t\t<div class=\"elementor-element elementor-element-2f192a7c e-flex e-con-boxed wpr-particle-no wpr-jarallax-no wpr-parallax-no wpr-sticky-section-no e-con e-parent\" data-id=\"2f192a7c\" data-element_type=\"container\" data-e-type=\"container\">\n\t\t\t\t\t<div class=\"e-con-inner\">\n\t\t<div class=\"elementor-element elementor-element-a2b7d3b e-con-full e-flex wpr-particle-no wpr-jarallax-no wpr-parallax-no wpr-sticky-section-no e-con e-child\" data-id=\"a2b7d3b\" data-element_type=\"container\" data-e-type=\"container\">\n\t\t\t\t<div class=\"elementor-element elementor-element-7e42324 elementor-widget elementor-widget-button\" data-id=\"7e42324\" data-element_type=\"widget\" data-e-type=\"widget\" data-widget_type=\"button.default\">\n\t\t\t\t\t\t\t\t\t\t<a class=\"elementor-button elementor-button-link elementor-size-sm\" href=\"https:\/\/medicaltravel.net\/de\/krebsbehandlungen-tuerkei-istanbul-antalya-izmir-bursa\/krebsstrahlentherapie-tuerkei-istanbul-antalya-izmir-bursa\/\">\n\t\t\t\t\t\t<span class=\"elementor-button-content-wrapper\">\n\t\t\t\t\t\t\t\t\t<span class=\"elementor-button-text\">Krebsstrahlentherapie<\/span>\n\t\t\t\t\t<\/span>\n\t\t\t\t\t<\/a>\n\t\t\t\t\t\t\t\t<\/div>\n\t\t\t\t<div class=\"elementor-element elementor-element-d921b00 elementor-widget elementor-widget-button\" data-id=\"d921b00\" data-element_type=\"widget\" data-e-type=\"widget\" data-widget_type=\"button.default\">\n\t\t\t\t\t\t\t\t\t\t<a class=\"elementor-button elementor-button-link elementor-size-sm\" href=\"https:\/\/medicaltravel.net\/de\/krebsbehandlungen-tuerkei-istanbul-antalya-izmir-bursa\/chirurgische-onkologie-in-der-tuerkei-istanbul-antalya-izmir-bursa-ankara-da-vinci\/\">\n\t\t\t\t\t\t<span class=\"elementor-button-content-wrapper\">\n\t\t\t\t\t\t\t\t\t<span class=\"elementor-button-text\">Chirurgische Onkologie<\/span>\n\t\t\t\t\t<\/span>\n\t\t\t\t\t<\/a>\n\t\t\t\t\t\t\t\t<\/div>\n\t\t\t\t<\/div>\n\t\t\t\t<div class=\"elementor-element elementor-element-aa2dc19 elementor-widget elementor-widget-text-editor\" data-id=\"aa2dc19\" data-element_type=\"widget\" data-e-type=\"widget\" data-widget_type=\"text-editor.default\">\n\t\t\t\t\t\t\t\t\t\n<h3 class=\"wp-block-heading\"><br>Chirurgische Onkologie in der T\u00fcrkei: Istanbul, Antalya, Izmir, Bursa, Ankara \u2013 Da Vinci<\/h3>\n\n\n\n<h3 class=\"wp-block-heading\">Operation zur Krebsbehandlung durch physische Entfernung des Tumors<\/h3>\n\n\n\n<h3 class=\"wp-block-heading\">Anwendungsbereiche der chirurgischen Behandlung<\/h3>\n\n\n\n<p>Kurative Chirurgie wird auch im Rahmen der chirurgischen Onkologie angewendet. Voraussetzung f\u00fcr eine kurative Operation ist jedoch, dass die Erkrankung auf das Organ oder die Lymphknoten beschr\u00e4nkt ist, in denen sie zuerst aufgetreten ist. Bei diesen Patienten d\u00fcrfen keine Fernmetastasen vorhanden sein, und pathologisch d\u00fcrfen im durch die chirurgische Entfernung gewonnenen Schnitt keine Tumoren nachweisbar sein.  <\/p>\n\n\n\n<p>Tumoren k\u00f6nnen vollst\u00e4ndig bei den Patienten entfernt werden, vorausgesetzt, ihre Grenzen sind klar definiert. Es gibt jedoch F\u00e4lle, in denen der Tumor nicht vollst\u00e4ndig entfernt werden kann. In solchen F\u00e4llen kann eine Reduktionsoperation (Debulking) durchgef\u00fchrt werden, um die Tumormasse zu verringern. Au\u00dferdem erh\u00f6ht die Entfernung von Metastasen, die nur in geringer Zahl vorhanden sind, die Chancen des Patienten auf eine erfolgreiche Genesung.   <\/p>\n\n\n\n<h3 class=\"wp-block-heading\">Robotische Chirurgie mit \u201eDa Vinci\u201c in der T\u00fcrkei \u2013 Istanbul<\/h3>\n\n\n\n<p>Laparoskopische Eingriffe, die mit dem chirurgischen Roboter \u201eDa Vinci\u201c durchgef\u00fchrt werden, werden als robotergest\u00fctzte Chirurgie bezeichnet. Diese Eingriffe bieten den Patienten zahlreiche Vorteile. Neben den \u00fcblichen Vorteilen aller laparoskopischen Operationen wie weniger Schmerzen, minimalen Narben auf der Haut und k\u00fcrzerem Krankenhausaufenthalt treten weniger Blutungen auf, und die Erfolgsquote der Operation ist h\u00f6her. Die \u201eDa Vinci\u201c-Robotikchirurgie wird besonders in folgenden Bereichen eingesetzt: Gyn\u00e4kologie, gyn\u00e4kologische Onkologie, Urologie, Herz- und Gef\u00e4\u00dfchirurgie, Allgemeinchirurgie sowie Hals-Nasen-Ohren-Heilkunde.   <\/p>\n\t\t\t\t\t\t\t\t<\/div>\n\t\t\t\t\t<\/div>\n\t\t\t\t<\/div>\n\t\t\t\t<\/div>\n\t\t","protected":false},"excerpt":{"rendered":"<p>Krebsstrahlentherapie Chirurgische Onkologie Chirurgische Onkologie in der T\u00fcrkei: Istanbul, Antalya, Izmir, Bursa, Ankara \u2013 Da Vinci Operation zur Krebsbehandlung durch physische Entfernung des Tumors Anwendungsbereiche der chirurgischen Behandlung Kurative Chirurgie wird auch im Rahmen der chirurgischen Onkologie angewendet. Voraussetzung f\u00fcr eine kurative Operation ist jedoch, dass die Erkrankung auf das Organ oder die Lymphknoten beschr\u00e4nkt ist, in denen sie zuerst aufgetreten ist. Bei diesen Patienten d\u00fcrfen keine Fernmetastasen vorhanden sein, und pathologisch d\u00fcrfen im durch die chirurgische Entfernung gewonnenen Schnitt keine Tumoren nachweisbar sein. Tumoren k\u00f6nnen vollst\u00e4ndig bei den Patienten entfernt werden, vorausgesetzt, ihre Grenzen sind klar definiert. Es gibt jedoch F\u00e4lle, in denen der Tumor nicht vollst\u00e4ndig entfernt werden kann. In solchen F\u00e4llen kann eine Reduktionsoperation (Debulking) durchgef\u00fchrt werden, um die Tumormasse zu verringern. Au\u00dferdem erh\u00f6ht die Entfernung von Metastasen, die nur in geringer Zahl vorhanden sind, die Chancen des Patienten auf eine erfolgreiche Genesung. Robotische Chirurgie mit \u201eDa Vinci\u201c in der T\u00fcrkei \u2013 Istanbul Laparoskopische Eingriffe, die mit dem chirurgischen Roboter \u201eDa Vinci\u201c durchgef\u00fchrt werden, werden als robotergest\u00fctzte Chirurgie bezeichnet. Diese Eingriffe bieten den Patienten zahlreiche Vorteile. Neben den \u00fcblichen Vorteilen aller laparoskopischen Operationen wie weniger Schmerzen, minimalen Narben auf der Haut und k\u00fcrzerem Krankenhausaufenthalt treten weniger Blutungen auf, und die Erfolgsquote der Operation ist h\u00f6her. Die \u201eDa Vinci\u201c-Robotikchirurgie wird besonders in folgenden Bereichen eingesetzt: Gyn\u00e4kologie, gyn\u00e4kologische Onkologie, Urologie, Herz- und Gef\u00e4\u00dfchirurgie, Allgemeinchirurgie sowie Hals-Nasen-Ohren-Heilkunde.<\/p>\n","protected":false},"author":4,"featured_media":0,"parent":2079,"menu_order":0,"comment_status":"closed","ping_status":"closed","template":"","meta":{"_joinchat":[],"footnotes":""},"class_list":["post-2109","page","type-page","status-publish","hentry"],"acf":[],"_links":{"self":[{"href":"https:\/\/medicaltravel.net\/de\/wp-json\/wp\/v2\/pages\/2109","targetHints":{"allow":["GET"]}}],"collection":[{"href":"https:\/\/medicaltravel.net\/de\/wp-json\/wp\/v2\/pages"}],"about":[{"href":"https:\/\/medicaltravel.net\/de\/wp-json\/wp\/v2\/types\/page"}],"author":[{"embeddable":true,"href":"https:\/\/medicaltravel.net\/de\/wp-json\/wp\/v2\/users\/4"}],"replies":[{"embeddable":true,"href":"https:\/\/medicaltravel.net\/de\/wp-json\/wp\/v2\/comments?post=2109"}],"version-history":[{"count":3,"href":"https:\/\/medicaltravel.net\/de\/wp-json\/wp\/v2\/pages\/2109\/revisions"}],"predecessor-version":[{"id":2112,"href":"https:\/\/medicaltravel.net\/de\/wp-json\/wp\/v2\/pages\/2109\/revisions\/2112"}],"up":[{"embeddable":true,"href":"https:\/\/medicaltravel.net\/de\/wp-json\/wp\/v2\/pages\/2079"}],"wp:attachment":[{"href":"https:\/\/medicaltravel.net\/de\/wp-json\/wp\/v2\/media?parent=2109"}],"curies":[{"name":"wp","href":"https:\/\/api.w.org\/{rel}","templated":true}]}}