{"id":2114,"date":"2025-09-29T09:14:03","date_gmt":"2025-09-29T08:14:03","guid":{"rendered":"https:\/\/medicaltravel.net\/kardiologie-herzbehandlungen-in-der-tuerkei-istanbul-antalya-izmir-bursa\/"},"modified":"2026-01-06T22:42:03","modified_gmt":"2026-01-06T21:42:03","slug":"kardiologie-herzbehandlungen-in-der-tuerkei-istanbul-antalya-izmir-bursa","status":"publish","type":"page","link":"https:\/\/medicaltravel.net\/de\/kardiologie-herzbehandlungen-in-der-tuerkei-istanbul-antalya-izmir-bursa\/","title":{"rendered":"Kardiologie \u2013 Herzbehandlungen in der T\u00fcrkei: Istanbul, Antalya, Izmir, Bursa"},"content":{"rendered":"\t\t<div data-elementor-type=\"wp-page\" data-elementor-id=\"2114\" class=\"elementor elementor-2114 elementor-41\" data-elementor-post-type=\"page\">\n\t\t\t\t<div class=\"elementor-element elementor-element-1b14a8ed e-flex e-con-boxed wpr-particle-no wpr-jarallax-no wpr-parallax-no wpr-sticky-section-no e-con e-parent\" data-id=\"1b14a8ed\" data-element_type=\"container\" data-e-type=\"container\">\n\t\t\t\t\t<div class=\"e-con-inner\">\n\t\t<div class=\"elementor-element elementor-element-b7de59b e-con-full e-flex wpr-particle-no wpr-jarallax-no wpr-parallax-no wpr-sticky-section-no e-con e-child\" data-id=\"b7de59b\" data-element_type=\"container\" data-e-type=\"container\">\n\t\t\t\t<div class=\"elementor-element elementor-element-ae2a513 elementor-widget elementor-widget-button\" data-id=\"ae2a513\" data-element_type=\"widget\" data-e-type=\"widget\" data-widget_type=\"button.default\">\n\t\t\t\t\t\t\t\t\t\t<a class=\"elementor-button elementor-button-link elementor-size-sm\" href=\"https:\/\/medicaltravel.net\/de\/kardiologie-herzbehandlungen-in-der-tuerkei-istanbul-antalya-izmir-bursa\/herzbetreuung-tuerkei-istanbul-antalya-bursa-adana-herz-kreislauf\/\">\n\t\t\t\t\t\t<span class=\"elementor-button-content-wrapper\">\n\t\t\t\t\t\t\t\t\t<span class=\"elementor-button-text\">Herzbetreuungsdienste<\/span>\n\t\t\t\t\t<\/span>\n\t\t\t\t\t<\/a>\n\t\t\t\t\t\t\t\t<\/div>\n\t\t\t\t<div class=\"elementor-element elementor-element-88f2b92 elementor-widget elementor-widget-button\" data-id=\"88f2b92\" data-element_type=\"widget\" data-e-type=\"widget\" data-widget_type=\"button.default\">\n\t\t\t\t\t\t\t\t\t\t<a class=\"elementor-button elementor-button-link elementor-size-sm\" href=\"https:\/\/medicaltravel.net\/de\/kardiologie-herzbehandlungen-in-der-tuerkei-istanbul-antalya-izmir-bursa\/behandlung-von-herzkrankheiten-bei-kindern-tuerkei-istanbul-antalya-izmir\/\">\n\t\t\t\t\t\t<span class=\"elementor-button-content-wrapper\">\n\t\t\t\t\t\t\t\t\t<span class=\"elementor-button-text\">P\u00e4diatrische Herzabteilung<\/span>\n\t\t\t\t\t<\/span>\n\t\t\t\t\t<\/a>\n\t\t\t\t\t\t\t\t<\/div>\n\t\t\t\t<div class=\"elementor-element elementor-element-16b00a6 elementor-widget elementor-widget-button\" data-id=\"16b00a6\" data-element_type=\"widget\" data-e-type=\"widget\" data-widget_type=\"button.default\">\n\t\t\t\t\t\t\t\t\t\t<a class=\"elementor-button elementor-button-link elementor-size-sm\" href=\"https:\/\/medicaltravel.net\/de\/kardiologie-herzbehandlungen-in-der-tuerkei-istanbul-antalya-izmir-bursa\/behandlungen-von-erwachsenenherzerkrankungen-in-der-tuerkei-istanbul-antalya-izmir\/\">\n\t\t\t\t\t\t<span class=\"elementor-button-content-wrapper\">\n\t\t\t\t\t\t\t\t\t<span class=\"elementor-button-text\">Erwachsenenherzerkrankungen<\/span>\n\t\t\t\t\t<\/span>\n\t\t\t\t\t<\/a>\n\t\t\t\t\t\t\t\t<\/div>\n\t\t\t\t<div class=\"elementor-element elementor-element-ef4628e elementor-widget elementor-widget-button\" data-id=\"ef4628e\" data-element_type=\"widget\" data-e-type=\"widget\" data-widget_type=\"button.default\">\n\t\t\t\t\t\t\t\t\t\t<a class=\"elementor-button elementor-button-link elementor-size-sm\" href=\"https:\/\/medicaltravel.net\/de\/kardiologie-herzbehandlungen-in-der-tuerkei-istanbul-antalya-izmir-bursa\/herzkrankheiten-diagnose-behandlung-tuerkei-istanbul-antalya-izmir\/\">\n\t\t\t\t\t\t<span class=\"elementor-button-content-wrapper\">\n\t\t\t\t\t\t\t\t\t<span class=\"elementor-button-text\">Diagnose &amp; Behandlung<\/span>\n\t\t\t\t\t<\/span>\n\t\t\t\t\t<\/a>\n\t\t\t\t\t\t\t\t<\/div>\n\t\t\t\t<div class=\"elementor-element elementor-element-25244c5 elementor-widget elementor-widget-button\" data-id=\"25244c5\" data-element_type=\"widget\" data-e-type=\"widget\" data-widget_type=\"button.default\">\n\t\t\t\t\t\t\t\t\t\t<a class=\"elementor-button elementor-button-link elementor-size-sm\" href=\"https:\/\/medicaltravel.net\/de\/kardiologie-herzbehandlungen-in-der-tuerkei-istanbul-antalya-izmir-bursa\/interventionelle-methoden-fuer-die-kardiologie-tuerkei-istanbul-antalya-izmir-angioplastie-stent\/\">\n\t\t\t\t\t\t<span class=\"elementor-button-content-wrapper\">\n\t\t\t\t\t\t\t\t\t<span class=\"elementor-button-text\">Interventionelle Medizin<\/span>\n\t\t\t\t\t<\/span>\n\t\t\t\t\t<\/a>\n\t\t\t\t\t\t\t\t<\/div>\n\t\t\t\t<div class=\"elementor-element elementor-element-4cdae8e elementor-widget elementor-widget-button\" data-id=\"4cdae8e\" data-element_type=\"widget\" data-e-type=\"widget\" data-widget_type=\"button.default\">\n\t\t\t\t\t\t\t\t\t\t<a class=\"elementor-button elementor-button-link elementor-size-sm\" href=\"https:\/\/medicaltravel.net\/de\/kardiologie-herzbehandlungen-in-der-tuerkei-istanbul-antalya-izmir-bursa\/robotische-chirurgie-da-vinci-tuerkei-istanbul-antalya-izmir\/\">\n\t\t\t\t\t\t<span class=\"elementor-button-content-wrapper\">\n\t\t\t\t\t\t\t\t\t<span class=\"elementor-button-text\">Robotische Chirurgie<\/span>\n\t\t\t\t\t<\/span>\n\t\t\t\t\t<\/a>\n\t\t\t\t\t\t\t\t<\/div>\n\t\t\t\t<\/div>\n\t\t\t\t<div class=\"elementor-element elementor-element-6634d977 elementor-widget elementor-widget-text-editor\" data-id=\"6634d977\" data-element_type=\"widget\" data-e-type=\"widget\" data-widget_type=\"text-editor.default\">\n\t\t\t\t\t\t\t\t\t\n<h3 class=\"wp-block-heading\">KARDIOLOGIE \u2013 BEHANDLUNG VON HERZERKRANKUNGEN IN DER T\u00dcRKEI: Istanbul, Antalya, Izmir, Bursa<\/h3>\n\n<p>Die zunehmende Zahl von Herz-Kreislauf-Erkrankungen geh\u00f6rt zu den h\u00e4ufigsten Todesursachen, und ihre Diagnose und Behandlung sollten von erfahrenen \u00c4rzten in voll ausgestatteten Krankenh\u00e4usern mit moderner Medizintechnik durchgef\u00fchrt werden.<\/p>\n\n<p>Die Herzzentren in der T\u00fcrkei geh\u00f6ren weltweit zur Spitzenklasse und bieten die modernste Herzversorgung. Sie setzen modernste technologische Ger\u00e4te f\u00fcr die fr\u00fchzeitige Diagnose und Behandlung von Herz-Kreislauf-Erkrankungen ein. <\/p>\n\n<p>Mit Schwerpunkt auf der lebensrettenden Bedeutung der Fr\u00fchdiagnose legen die Herzzentren besonderen Wert auf den Einsatz fortschrittlicher Technologien in den Diagnoseger\u00e4ten. Zu den verwendeten Instrumenten geh\u00f6ren die 2\u00d764-Cross-Section-Dual-Source-Computertomographie, die eine Herzangioplastik in sechs Sekunden durchf\u00fchren kann, die PET-CT f\u00fcr detaillierte Herzbildgebung und die Flash-CT. Die Flash-CT ist das schnellste Tomographieger\u00e4t der Welt und kann eine Herzangioplastik in 0,25 Sekunden durchf\u00fchren, dabei strahlt sie gleichzeitig das geringste Niveau an Strahlung weltweit aus. <\/p>\n\n<figure class=\"wp-block-image size-full\"><img fetchpriority=\"high\" decoding=\"async\" width=\"560\" height=\"260\" class=\"wp-image-192\" src=\"https:\/\/medicaltravel.net\/wp-content\/uploads\/2025\/09\/heart.jpg\" alt=\"\" srcset=\"https:\/\/medicaltravel.net\/wp-content\/uploads\/2025\/09\/heart.jpg 560w, https:\/\/medicaltravel.net\/wp-content\/uploads\/2025\/09\/heart-300x139.jpg 300w\" sizes=\"(max-width: 560px) 100vw, 560px\" \/><\/figure>\n\n<p id=\"caption-attachment-210\">Kardiologische Behandlungen in der T\u00fcrkei: Istanbul, Antalya<\/p>\n\n<h3 class=\"wp-block-heading\">Medizinische Leistungsindikatoren<\/h3>\n\n<p>Seit 2002 \u00fcberwachen die Herzkliniken in der T\u00fcrkei ihre medizinische und administrative Leistung anhand von Leistungsindikatoren. Die Patientensicherheit und -zufriedenheit haben oberste Priorit\u00e4t, und die erzielten Ergebnisse in der Herzversorgung \u2013 sowie in allen anderen Fachbereichen \u2013 dienen als Leitfaden, um eine bessere Patientenversorgung zu gew\u00e4hrleisten. <\/p>\n\n<ul class=\"wp-block-list\">\n<li>Die \u201eEuroSCORE\u201c-Kriterien geben die erwartete Sterblichkeitsrate bei einer offenen Herzoperation mit 3,8\u202f% an, w\u00e4hrend sie in der T\u00fcrkei bei 1,6\u202f% liegt.<\/li>\n\n<li>Die \u201eEuroSCORE\u201c-Kriterien geben die erwartete Sterblichkeitsrate bei einer koronaren Bypass-Operation mit 2,7\u202f% an, w\u00e4hrend sie in der T\u00fcrkei bei 1,0\u202f% liegt.<\/li>\n<\/ul>\n\n<h3 class=\"wp-block-heading\">Was ist der EuroSCORE?<\/h3>\n\n<p>Operationen bei \u00e4lteren Menschen, Diabetikern oder Patienten mit Herzinfarkt-Vorgeschichte, Herzoperationen, Kontraktions- und Erschlaffungsst\u00f6rungen des Herzens sowie Funktionsst\u00f6rungen von Nieren, Leber und Lungen bergen ein h\u00f6heres Operationsrisiko. Verschiedene Risikobewertungssysteme existieren, um den Patienten unter Ber\u00fccksichtigung dieser Faktoren objektiv einzusch\u00e4tzen. Dabei werden gewichtete Risikozahlen berechnet. Der EuroSCORE ist das am h\u00e4ufigsten verwendete Bewertungssystem.  <\/p>\n\n<h3 class=\"wp-block-heading\">Umfassende Herzversorgung in t\u00fcrkischen Gesundheitszentren<\/h3>\n\n<p>Die T\u00fcrkei bietet einen hohen Standard an moderner Diagnose, Behandlung und Unterst\u00fctzungsleistungen f\u00fcr erwachsene und p\u00e4diatrische Herz-Kreislauf-Erkrankungen.<\/p>\n\t\t\t\t\t\t\t\t<\/div>\n\t\t\t\t\t<\/div>\n\t\t\t\t<\/div>\n\t\t\t\t<\/div>\n\t\t","protected":false},"excerpt":{"rendered":"<p>Herzbetreuungsdienste P\u00e4diatrische Herzabteilung Erwachsenenherzerkrankungen Diagnose &amp; Behandlung Interventionelle Medizin Robotische Chirurgie KARDIOLOGIE \u2013 BEHANDLUNG VON HERZERKRANKUNGEN IN DER T\u00dcRKEI: Istanbul, Antalya, Izmir, Bursa Die zunehmende Zahl von Herz-Kreislauf-Erkrankungen geh\u00f6rt zu den h\u00e4ufigsten Todesursachen, und ihre Diagnose und Behandlung sollten von erfahrenen \u00c4rzten in voll ausgestatteten Krankenh\u00e4usern mit moderner Medizintechnik durchgef\u00fchrt werden. Die Herzzentren in der T\u00fcrkei geh\u00f6ren weltweit zur Spitzenklasse und bieten die modernste Herzversorgung. Sie setzen modernste technologische Ger\u00e4te f\u00fcr die fr\u00fchzeitige Diagnose und Behandlung von Herz-Kreislauf-Erkrankungen ein. Mit Schwerpunkt auf der lebensrettenden Bedeutung der Fr\u00fchdiagnose legen die Herzzentren besonderen Wert auf den Einsatz fortschrittlicher Technologien in den Diagnoseger\u00e4ten. Zu den verwendeten Instrumenten geh\u00f6ren die 2\u00d764-Cross-Section-Dual-Source-Computertomographie, die eine Herzangioplastik in sechs Sekunden durchf\u00fchren kann, die PET-CT f\u00fcr detaillierte Herzbildgebung und die Flash-CT. Die Flash-CT ist das schnellste Tomographieger\u00e4t der Welt und kann eine Herzangioplastik in 0,25 Sekunden durchf\u00fchren, dabei strahlt sie gleichzeitig das geringste Niveau an Strahlung weltweit aus. Kardiologische Behandlungen in der T\u00fcrkei: Istanbul, Antalya Medizinische Leistungsindikatoren Seit 2002 \u00fcberwachen die Herzkliniken in der T\u00fcrkei ihre medizinische und administrative Leistung anhand von Leistungsindikatoren. Die Patientensicherheit und -zufriedenheit haben oberste Priorit\u00e4t, und die erzielten Ergebnisse in der Herzversorgung \u2013 sowie in allen anderen Fachbereichen \u2013 dienen als Leitfaden, um eine bessere Patientenversorgung zu gew\u00e4hrleisten. Die \u201eEuroSCORE\u201c-Kriterien geben die erwartete Sterblichkeitsrate bei einer offenen Herzoperation mit 3,8\u202f% an, w\u00e4hrend sie in der T\u00fcrkei bei 1,6\u202f% liegt. Die \u201eEuroSCORE\u201c-Kriterien geben die erwartete Sterblichkeitsrate bei einer koronaren Bypass-Operation mit 2,7\u202f% an, w\u00e4hrend sie in der T\u00fcrkei bei 1,0\u202f% liegt. Was ist der EuroSCORE? Operationen bei \u00e4lteren Menschen, Diabetikern oder Patienten mit Herzinfarkt-Vorgeschichte, Herzoperationen, Kontraktions- und Erschlaffungsst\u00f6rungen des Herzens sowie Funktionsst\u00f6rungen von Nieren, Leber und Lungen bergen ein h\u00f6heres Operationsrisiko. Verschiedene Risikobewertungssysteme existieren, um den Patienten unter Ber\u00fccksichtigung dieser Faktoren objektiv einzusch\u00e4tzen. Dabei werden gewichtete Risikozahlen berechnet. Der EuroSCORE ist das am h\u00e4ufigsten verwendete Bewertungssystem. Umfassende Herzversorgung in t\u00fcrkischen Gesundheitszentren Die T\u00fcrkei bietet einen hohen Standard an moderner Diagnose, Behandlung und Unterst\u00fctzungsleistungen f\u00fcr erwachsene und p\u00e4diatrische Herz-Kreislauf-Erkrankungen.<\/p>\n","protected":false},"author":4,"featured_media":0,"parent":0,"menu_order":0,"comment_status":"closed","ping_status":"closed","template":"","meta":{"_joinchat":[],"footnotes":""},"class_list":["post-2114","page","type-page","status-publish","hentry"],"acf":[],"_links":{"self":[{"href":"https:\/\/medicaltravel.net\/de\/wp-json\/wp\/v2\/pages\/2114","targetHints":{"allow":["GET"]}}],"collection":[{"href":"https:\/\/medicaltravel.net\/de\/wp-json\/wp\/v2\/pages"}],"about":[{"href":"https:\/\/medicaltravel.net\/de\/wp-json\/wp\/v2\/types\/page"}],"author":[{"embeddable":true,"href":"https:\/\/medicaltravel.net\/de\/wp-json\/wp\/v2\/users\/4"}],"replies":[{"embeddable":true,"href":"https:\/\/medicaltravel.net\/de\/wp-json\/wp\/v2\/comments?post=2114"}],"version-history":[{"count":7,"href":"https:\/\/medicaltravel.net\/de\/wp-json\/wp\/v2\/pages\/2114\/revisions"}],"predecessor-version":[{"id":2164,"href":"https:\/\/medicaltravel.net\/de\/wp-json\/wp\/v2\/pages\/2114\/revisions\/2164"}],"wp:attachment":[{"href":"https:\/\/medicaltravel.net\/de\/wp-json\/wp\/v2\/media?parent=2114"}],"curies":[{"name":"wp","href":"https:\/\/api.w.org\/{rel}","templated":true}]}}