{"id":2124,"date":"2025-09-29T09:15:23","date_gmt":"2025-09-29T08:15:23","guid":{"rendered":"https:\/\/medicaltravel.net\/kardiologie-herzbehandlungen-in-der-tuerkei-istanbul-antalya-izmir-bursa\/herzbetreuung-tuerkei-istanbul-antalya-bursa-adana-herz-kreislauf\/"},"modified":"2026-01-05T21:47:02","modified_gmt":"2026-01-05T20:47:02","slug":"herzbetreuung-tuerkei-istanbul-antalya-bursa-adana-herz-kreislauf","status":"publish","type":"page","link":"https:\/\/medicaltravel.net\/de\/kardiologie-herzbehandlungen-in-der-tuerkei-istanbul-antalya-izmir-bursa\/herzbetreuung-tuerkei-istanbul-antalya-bursa-adana-herz-kreislauf\/","title":{"rendered":"Herzbetreuung \u2013 T\u00fcrkei: Istanbul, Antalya, Bursa, Adana \u2013 Herz-Kreislauf"},"content":{"rendered":"\t\t<div data-elementor-type=\"wp-page\" data-elementor-id=\"2124\" class=\"elementor elementor-2124 elementor-43\" data-elementor-post-type=\"page\">\n\t\t\t\t<div class=\"elementor-element elementor-element-2649fa3c e-flex e-con-boxed wpr-particle-no wpr-jarallax-no wpr-parallax-no wpr-sticky-section-no e-con e-parent\" data-id=\"2649fa3c\" data-element_type=\"container\" data-e-type=\"container\">\n\t\t\t\t\t<div class=\"e-con-inner\">\n\t\t<div class=\"elementor-element elementor-element-d0f28eb e-con-full e-flex wpr-particle-no wpr-jarallax-no wpr-parallax-no wpr-sticky-section-no e-con e-child\" data-id=\"d0f28eb\" data-element_type=\"container\" data-e-type=\"container\">\n\t\t\t\t<div class=\"elementor-element elementor-element-4f480c3 elementor-widget elementor-widget-button\" data-id=\"4f480c3\" data-element_type=\"widget\" data-e-type=\"widget\" data-widget_type=\"button.default\">\n\t\t\t\t\t\t\t\t\t\t<a class=\"elementor-button elementor-button-link elementor-size-sm\" href=\"https:\/\/medicaltravel.net\/de\/kardiologie-herzbehandlungen-in-der-tuerkei-istanbul-antalya-izmir-bursa\/herzbetreuung-tuerkei-istanbul-antalya-bursa-adana-herz-kreislauf\/\">\n\t\t\t\t\t\t<span class=\"elementor-button-content-wrapper\">\n\t\t\t\t\t\t\t\t\t<span class=\"elementor-button-text\">Herzbetreuungsdienste<\/span>\n\t\t\t\t\t<\/span>\n\t\t\t\t\t<\/a>\n\t\t\t\t\t\t\t\t<\/div>\n\t\t\t\t<div class=\"elementor-element elementor-element-c7f5d2b elementor-widget elementor-widget-button\" data-id=\"c7f5d2b\" data-element_type=\"widget\" data-e-type=\"widget\" data-widget_type=\"button.default\">\n\t\t\t\t\t\t\t\t\t\t<a class=\"elementor-button elementor-button-link elementor-size-sm\" href=\"https:\/\/medicaltravel.net\/cardiology-turkey-istanbul-antalya\/pediatric-heart-diseases\/\">\n\t\t\t\t\t\t<span class=\"elementor-button-content-wrapper\">\n\t\t\t\t\t\t\t\t\t<span class=\"elementor-button-text\">P\u00e4diatrische Herzabteilung<\/span>\n\t\t\t\t\t<\/span>\n\t\t\t\t\t<\/a>\n\t\t\t\t\t\t\t\t<\/div>\n\t\t\t\t<div class=\"elementor-element elementor-element-1994352 elementor-widget elementor-widget-button\" data-id=\"1994352\" data-element_type=\"widget\" data-e-type=\"widget\" data-widget_type=\"button.default\">\n\t\t\t\t\t\t\t\t\t\t<a class=\"elementor-button elementor-button-link elementor-size-sm\" href=\"https:\/\/medicaltravel.net\/de\/kardiologie-herzbehandlungen-in-der-tuerkei-istanbul-antalya-izmir-bursa\/behandlungen-von-erwachsenenherzerkrankungen-in-der-tuerkei-istanbul-antalya-izmir\/\">\n\t\t\t\t\t\t<span class=\"elementor-button-content-wrapper\">\n\t\t\t\t\t\t\t\t\t<span class=\"elementor-button-text\">Erwachsenenherzerkrankungen<\/span>\n\t\t\t\t\t<\/span>\n\t\t\t\t\t<\/a>\n\t\t\t\t\t\t\t\t<\/div>\n\t\t\t\t<div class=\"elementor-element elementor-element-4dfd972 elementor-widget elementor-widget-button\" data-id=\"4dfd972\" data-element_type=\"widget\" data-e-type=\"widget\" data-widget_type=\"button.default\">\n\t\t\t\t\t\t\t\t\t\t<a class=\"elementor-button elementor-button-link elementor-size-sm\" href=\"https:\/\/medicaltravel.net\/cardiology-turkey-istanbul-antalya\/diagnosis-treatment\/\">\n\t\t\t\t\t\t<span class=\"elementor-button-content-wrapper\">\n\t\t\t\t\t\t\t\t\t<span class=\"elementor-button-text\">Diagnose &amp; Behandlung<\/span>\n\t\t\t\t\t<\/span>\n\t\t\t\t\t<\/a>\n\t\t\t\t\t\t\t\t<\/div>\n\t\t\t\t<div class=\"elementor-element elementor-element-4cb7023 elementor-widget elementor-widget-button\" data-id=\"4cb7023\" data-element_type=\"widget\" data-e-type=\"widget\" data-widget_type=\"button.default\">\n\t\t\t\t\t\t\t\t\t\t<a class=\"elementor-button elementor-button-link elementor-size-sm\" href=\"https:\/\/medicaltravel.net\/cardiology-turkey-istanbul-antalya\/interventional-methods\/\">\n\t\t\t\t\t\t<span class=\"elementor-button-content-wrapper\">\n\t\t\t\t\t\t\t\t\t<span class=\"elementor-button-text\">Interventionelle Medizin<\/span>\n\t\t\t\t\t<\/span>\n\t\t\t\t\t<\/a>\n\t\t\t\t\t\t\t\t<\/div>\n\t\t\t\t<div class=\"elementor-element elementor-element-267b884 elementor-widget elementor-widget-button\" data-id=\"267b884\" data-element_type=\"widget\" data-e-type=\"widget\" data-widget_type=\"button.default\">\n\t\t\t\t\t\t\t\t\t\t<a class=\"elementor-button elementor-button-link elementor-size-sm\" href=\"https:\/\/medicaltravel.net\/cardiology-turkey-istanbul-antalya\/robotic-surgery-davinci\/\">\n\t\t\t\t\t\t<span class=\"elementor-button-content-wrapper\">\n\t\t\t\t\t\t\t\t\t<span class=\"elementor-button-text\">Robotische Chirurgie<\/span>\n\t\t\t\t\t<\/span>\n\t\t\t\t\t<\/a>\n\t\t\t\t\t\t\t\t<\/div>\n\t\t\t\t<\/div>\n\t\t\t\t<div class=\"elementor-element elementor-element-1e4ab008 elementor-widget elementor-widget-text-editor\" data-id=\"1e4ab008\" data-element_type=\"widget\" data-e-type=\"widget\" data-widget_type=\"text-editor.default\">\n\t\t\t\t\t\t\t\t\t\n<h3 class=\"wp-block-heading\">KARDIOLOGIE UND HERZ-KREISLAUF-CHIRURGIE, T\u00dcRKEI Istanbul, Antalya, Izmir<\/h3>\n\n<h3 class=\"wp-block-heading\">Die Herzbetreuungsleistungen umfassen:<\/h3>\n\n<h3 class=\"wp-block-heading\">Herz-Kreislauf-Embolie<\/h3>\n\n<ul class=\"wp-block-list\">\n<li>Belastungstest<\/li>\n\n<li>Koronare CT-Angiographie<\/li>\n\n<li>Myokard-Perfusionsszintigraphie<\/li>\n\n<li>Positronen-Emissions-Tomographie (PET)<\/li>\n\n<li>Koronarangiographie<\/li>\n\n<li>Koronar-Stent- und Ballon-Angioplastie-Anwendungen<\/li>\n\n<li>Koronar-Bypass<\/li>\n\n<li>Roboterassistierter Koronar-Bypass<\/li>\n\n<li>Koronar-Bypass \u00fcber kleinen Schnitt<\/li>\n<\/ul>\n\n<figure class=\"wp-block-image size-full\"><img fetchpriority=\"high\" decoding=\"async\" width=\"560\" height=\"260\" class=\"wp-image-195\" src=\"https:\/\/medicaltravel.net\/wp-content\/uploads\/2025\/09\/cardiac.jpg\" alt=\"\" srcset=\"https:\/\/medicaltravel.net\/wp-content\/uploads\/2025\/09\/cardiac.jpg 560w, https:\/\/medicaltravel.net\/wp-content\/uploads\/2025\/09\/cardiac-300x139.jpg 300w\" sizes=\"(max-width: 560px) 100vw, 560px\" \/><\/figure>\n\n<p id=\"caption-attachment-357\">Herzbetreuungsleistungen in der T\u00fcrkei \u2013 Wir organisieren Ihre medizinische Reise f\u00fcr Herzbehandlungen in der T\u00fcrkei<\/p>\n\n<h3 class=\"wp-block-heading\">Herzklappenerkrankungen<\/h3>\n\n<ul class=\"wp-block-list\">\n<li>Echocardiography<\/li>\n\n<li>Angiographie und Katheterisierung<\/li>\n\n<li>Perkutane Valvuloplastie<\/li>\n\n<li>Die Kathetermethode und die Implantation der Aortenklappe (TAVI)<\/li>\n\n<li>Robotische Herzklappenoperation<\/li>\n\n<li>Herzklappenoperation mit kleinem Schnitt<\/li>\n<\/ul>\n\n<h3 class=\"wp-block-heading\">Herzrhythmusst\u00f6rungen<\/h3>\n\n<ul class=\"wp-block-list\">\n<li>Holter-\u00dcberwachung<\/li>\n\n<li>Diagnostische Elektrophysiologische Untersuchung (EPS)<\/li>\n\n<li>Katheterablation<\/li>\n\n<li>Einsetzen eines permanenten und eines tempor\u00e4ren Herzschrittmachers<\/li>\n\n<li>AICD-Implantation<\/li>\n\n<li>Herzschrittmacherimplantation mit drei Kammern<\/li>\n<\/ul>\n\n<h3 class=\"wp-block-heading\">Gef\u00e4\u00dferkrankungen der Aorta<\/h3>\n\n<ul class=\"wp-block-list\">\n<li>Endovaskul\u00e4re Aneurysma-Reparatur (EVAR)<\/li>\n\n<li>Thorakale endovaskul\u00e4re Aneurysma-Reparatur (TEVAR)<\/li>\n\n<li>Hybride Behandlung<\/li>\n\n<li>Chirurgische Rekonstruktion<\/li>\n\n<li>TAVI<\/li>\n<\/ul>\n\n<h3 class=\"wp-block-heading\">Periphere Embolien<\/h3>\n\n<ul class=\"wp-block-list\">\n<li>Doppler-Ultraschall<\/li>\n\n<li>CT-Angiographie<\/li>\n\n<li>Magnetresonanztomographie (MRT)<\/li>\n\n<li>Digitale Subtraktionsangiographie (DSA)<\/li>\n\n<li>Stentimplantation in der Karotis-Aorta (CAS)<\/li>\n\n<li>Endarterektomie in der Karotis-Aorta (CEA)<\/li>\n\n<li>Peripherer chirurgischer Bypass<\/li>\n\n<li>Peripherer endoluminaler Bypass<\/li>\n<\/ul>\n\n<h3 class=\"wp-block-heading\">Krampfadern<\/h3>\n\n<ul class=\"wp-block-list\">\n<li>Transdermaler Laser<\/li>\n\n<li>Sclerotherapy<\/li>\n\n<li>Krampfaderoperation<\/li>\n\n<li>Endoven\u00f6se Krampfaderoperation<\/li>\n<\/ul>\n\n<h3 class=\"wp-block-heading\">Kardiomyopathien<\/h3>\n\n<ul class=\"wp-block-list\">\n<li>Interventionelle Behandlung (Ablation)<\/li>\n\n<li>Chirurgische Behandlung<\/li>\n<\/ul>\n\n<h3 class=\"wp-block-heading\">Angeborene Herzkrankheiten<\/h3>\n\n<ul class=\"wp-block-list\">\n<li>P\u00e4diatrische Kardiologie<\/li>\n\n<li>P\u00e4diatrische Herzchirurgie<\/li>\n\n<li>Behandlung angeborener Herzkrankheiten mit Katheter<br>Behandlung angeborener Herzkrankheiten<br><\/li>\n<\/ul>\n\t\t\t\t\t\t\t\t<\/div>\n\t\t\t\t\t<\/div>\n\t\t\t\t<\/div>\n\t\t\t\t<\/div>\n\t\t","protected":false},"excerpt":{"rendered":"<p>Herzbetreuungsdienste P\u00e4diatrische Herzabteilung Erwachsenenherzerkrankungen Diagnose &amp; Behandlung Interventionelle Medizin Robotische Chirurgie KARDIOLOGIE UND HERZ-KREISLAUF-CHIRURGIE, T\u00dcRKEI Istanbul, Antalya, Izmir Die Herzbetreuungsleistungen umfassen: Herz-Kreislauf-Embolie Belastungstest Koronare CT-Angiographie Myokard-Perfusionsszintigraphie Positronen-Emissions-Tomographie (PET) Koronarangiographie Koronar-Stent- und Ballon-Angioplastie-Anwendungen Koronar-Bypass Roboterassistierter Koronar-Bypass Koronar-Bypass \u00fcber kleinen Schnitt Herzbetreuungsleistungen in der T\u00fcrkei \u2013 Wir organisieren Ihre medizinische Reise f\u00fcr Herzbehandlungen in der T\u00fcrkei Herzklappenerkrankungen Echocardiography Angiographie und Katheterisierung Perkutane Valvuloplastie Die Kathetermethode und die Implantation der Aortenklappe (TAVI) Robotische Herzklappenoperation Herzklappenoperation mit kleinem Schnitt Herzrhythmusst\u00f6rungen Holter-\u00dcberwachung Diagnostische Elektrophysiologische Untersuchung (EPS) Katheterablation Einsetzen eines permanenten und eines tempor\u00e4ren Herzschrittmachers AICD-Implantation Herzschrittmacherimplantation mit drei Kammern Gef\u00e4\u00dferkrankungen der Aorta Endovaskul\u00e4re Aneurysma-Reparatur (EVAR) Thorakale endovaskul\u00e4re Aneurysma-Reparatur (TEVAR) Hybride Behandlung Chirurgische Rekonstruktion TAVI Periphere Embolien Doppler-Ultraschall CT-Angiographie Magnetresonanztomographie (MRT) Digitale Subtraktionsangiographie (DSA) Stentimplantation in der Karotis-Aorta (CAS) Endarterektomie in der Karotis-Aorta (CEA) Peripherer chirurgischer Bypass Peripherer endoluminaler Bypass Krampfadern Transdermaler Laser Sclerotherapy Krampfaderoperation Endoven\u00f6se Krampfaderoperation Kardiomyopathien Interventionelle Behandlung (Ablation) Chirurgische Behandlung Angeborene Herzkrankheiten P\u00e4diatrische Kardiologie P\u00e4diatrische Herzchirurgie Behandlung angeborener Herzkrankheiten mit KatheterBehandlung angeborener Herzkrankheiten<\/p>\n","protected":false},"author":4,"featured_media":0,"parent":2114,"menu_order":0,"comment_status":"closed","ping_status":"closed","template":"","meta":{"_joinchat":[],"footnotes":""},"class_list":["post-2124","page","type-page","status-publish","hentry"],"acf":[],"_links":{"self":[{"href":"https:\/\/medicaltravel.net\/de\/wp-json\/wp\/v2\/pages\/2124","targetHints":{"allow":["GET"]}}],"collection":[{"href":"https:\/\/medicaltravel.net\/de\/wp-json\/wp\/v2\/pages"}],"about":[{"href":"https:\/\/medicaltravel.net\/de\/wp-json\/wp\/v2\/types\/page"}],"author":[{"embeddable":true,"href":"https:\/\/medicaltravel.net\/de\/wp-json\/wp\/v2\/users\/4"}],"replies":[{"embeddable":true,"href":"https:\/\/medicaltravel.net\/de\/wp-json\/wp\/v2\/comments?post=2124"}],"version-history":[{"count":3,"href":"https:\/\/medicaltravel.net\/de\/wp-json\/wp\/v2\/pages\/2124\/revisions"}],"predecessor-version":[{"id":2127,"href":"https:\/\/medicaltravel.net\/de\/wp-json\/wp\/v2\/pages\/2124\/revisions\/2127"}],"up":[{"embeddable":true,"href":"https:\/\/medicaltravel.net\/de\/wp-json\/wp\/v2\/pages\/2114"}],"wp:attachment":[{"href":"https:\/\/medicaltravel.net\/de\/wp-json\/wp\/v2\/media?parent=2124"}],"curies":[{"name":"wp","href":"https:\/\/api.w.org\/{rel}","templated":true}]}}