{"id":2129,"date":"2025-09-29T09:21:48","date_gmt":"2025-09-29T08:21:48","guid":{"rendered":"https:\/\/medicaltravel.net\/kardiologie-herzbehandlungen-in-der-tuerkei-istanbul-antalya-izmir-bursa\/herzkrankheiten-diagnose-behandlung-tuerkei-istanbul-antalya-izmir\/"},"modified":"2026-01-06T15:10:36","modified_gmt":"2026-01-06T14:10:36","slug":"herzkrankheiten-diagnose-behandlung-tuerkei-istanbul-antalya-izmir","status":"publish","type":"page","link":"https:\/\/medicaltravel.net\/de\/kardiologie-herzbehandlungen-in-der-tuerkei-istanbul-antalya-izmir-bursa\/herzkrankheiten-diagnose-behandlung-tuerkei-istanbul-antalya-izmir\/","title":{"rendered":"Herzkrankheiten Diagnose &amp; Behandlung T\u00fcrkei Istanbul Antalya Izmir"},"content":{"rendered":"\t\t<div data-elementor-type=\"wp-page\" data-elementor-id=\"2129\" class=\"elementor elementor-2129 elementor-49\" data-elementor-post-type=\"page\">\n\t\t\t\t<div class=\"elementor-element elementor-element-15ace45a e-flex e-con-boxed wpr-particle-no wpr-jarallax-no wpr-parallax-no wpr-sticky-section-no e-con e-parent\" data-id=\"15ace45a\" data-element_type=\"container\" data-e-type=\"container\">\n\t\t\t\t\t<div class=\"e-con-inner\">\n\t\t<div class=\"elementor-element elementor-element-e6ec12c e-con-full e-flex wpr-particle-no wpr-jarallax-no wpr-parallax-no wpr-sticky-section-no e-con e-child\" data-id=\"e6ec12c\" data-element_type=\"container\" data-e-type=\"container\">\n\t\t\t\t<div class=\"elementor-element elementor-element-ba4fb1a elementor-widget elementor-widget-button\" data-id=\"ba4fb1a\" data-element_type=\"widget\" data-e-type=\"widget\" data-widget_type=\"button.default\">\n\t\t\t\t\t\t\t\t\t\t<a class=\"elementor-button elementor-button-link elementor-size-sm\" href=\"https:\/\/medicaltravel.net\/de\/kardiologie-herzbehandlungen-in-der-tuerkei-istanbul-antalya-izmir-bursa\/herzbetreuung-tuerkei-istanbul-antalya-bursa-adana-herz-kreislauf\/\">\n\t\t\t\t\t\t<span class=\"elementor-button-content-wrapper\">\n\t\t\t\t\t\t\t\t\t<span class=\"elementor-button-text\">Herzbetreuungsdienste<\/span>\n\t\t\t\t\t<\/span>\n\t\t\t\t\t<\/a>\n\t\t\t\t\t\t\t\t<\/div>\n\t\t\t\t<div class=\"elementor-element elementor-element-404c6c3 elementor-widget elementor-widget-button\" data-id=\"404c6c3\" data-element_type=\"widget\" data-e-type=\"widget\" data-widget_type=\"button.default\">\n\t\t\t\t\t\t\t\t\t\t<a class=\"elementor-button elementor-button-link elementor-size-sm\" href=\"https:\/\/medicaltravel.net\/cardiology-turkey-istanbul-antalya\/pediatric-heart-diseases\/\">\n\t\t\t\t\t\t<span class=\"elementor-button-content-wrapper\">\n\t\t\t\t\t\t\t\t\t<span class=\"elementor-button-text\">P\u00e4diatrische Herzabteilung<\/span>\n\t\t\t\t\t<\/span>\n\t\t\t\t\t<\/a>\n\t\t\t\t\t\t\t\t<\/div>\n\t\t\t\t<div class=\"elementor-element elementor-element-d4b52e5 elementor-widget elementor-widget-button\" data-id=\"d4b52e5\" data-element_type=\"widget\" data-e-type=\"widget\" data-widget_type=\"button.default\">\n\t\t\t\t\t\t\t\t\t\t<a class=\"elementor-button elementor-button-link elementor-size-sm\" href=\"https:\/\/medicaltravel.net\/de\/kardiologie-herzbehandlungen-in-der-tuerkei-istanbul-antalya-izmir-bursa\/behandlungen-von-erwachsenenherzerkrankungen-in-der-tuerkei-istanbul-antalya-izmir\/\">\n\t\t\t\t\t\t<span class=\"elementor-button-content-wrapper\">\n\t\t\t\t\t\t\t\t\t<span class=\"elementor-button-text\">Erwachsenenherzerkrankungen<\/span>\n\t\t\t\t\t<\/span>\n\t\t\t\t\t<\/a>\n\t\t\t\t\t\t\t\t<\/div>\n\t\t\t\t<div class=\"elementor-element elementor-element-3c62c95 elementor-widget elementor-widget-button\" data-id=\"3c62c95\" data-element_type=\"widget\" data-e-type=\"widget\" data-widget_type=\"button.default\">\n\t\t\t\t\t\t\t\t\t\t<a class=\"elementor-button elementor-button-link elementor-size-sm\" href=\"https:\/\/medicaltravel.net\/de\/kardiologie-herzbehandlungen-in-der-tuerkei-istanbul-antalya-izmir-bursa\/herzkrankheiten-diagnose-behandlung-tuerkei-istanbul-antalya-izmir\/\">\n\t\t\t\t\t\t<span class=\"elementor-button-content-wrapper\">\n\t\t\t\t\t\t\t\t\t<span class=\"elementor-button-text\">Diagnose &amp; Behandlung<\/span>\n\t\t\t\t\t<\/span>\n\t\t\t\t\t<\/a>\n\t\t\t\t\t\t\t\t<\/div>\n\t\t\t\t<div class=\"elementor-element elementor-element-0af8dfc elementor-widget elementor-widget-button\" data-id=\"0af8dfc\" data-element_type=\"widget\" data-e-type=\"widget\" data-widget_type=\"button.default\">\n\t\t\t\t\t\t\t\t\t\t<a class=\"elementor-button elementor-button-link elementor-size-sm\" href=\"https:\/\/medicaltravel.net\/cardiology-turkey-istanbul-antalya\/interventional-methods\/\">\n\t\t\t\t\t\t<span class=\"elementor-button-content-wrapper\">\n\t\t\t\t\t\t\t\t\t<span class=\"elementor-button-text\">Interventionelle Medizin<\/span>\n\t\t\t\t\t<\/span>\n\t\t\t\t\t<\/a>\n\t\t\t\t\t\t\t\t<\/div>\n\t\t\t\t<div class=\"elementor-element elementor-element-95f3ad4 elementor-widget elementor-widget-button\" data-id=\"95f3ad4\" data-element_type=\"widget\" data-e-type=\"widget\" data-widget_type=\"button.default\">\n\t\t\t\t\t\t\t\t\t\t<a class=\"elementor-button elementor-button-link elementor-size-sm\" href=\"https:\/\/medicaltravel.net\/cardiology-turkey-istanbul-antalya\/robotic-surgery-davinci\/\">\n\t\t\t\t\t\t<span class=\"elementor-button-content-wrapper\">\n\t\t\t\t\t\t\t\t\t<span class=\"elementor-button-text\">Robotische Chirurgie<\/span>\n\t\t\t\t\t<\/span>\n\t\t\t\t\t<\/a>\n\t\t\t\t\t\t\t\t<\/div>\n\t\t\t\t<\/div>\n\t\t\t\t<div class=\"elementor-element elementor-element-6db3f5f3 elementor-widget elementor-widget-text-editor\" data-id=\"6db3f5f3\" data-element_type=\"widget\" data-e-type=\"widget\" data-widget_type=\"text-editor.default\">\n\t\t\t\t\t\t\t\t\t\n<h3 class=\"wp-block-heading\">Herzkrankheiten Diagnose &amp; Behandlung T\u00fcrkei Istanbul Antalya Izmir<br>INTERVENTIONELLE KARDIOLOGIE<\/h3>\n\n<figure class=\"wp-block-image size-full\"><img fetchpriority=\"high\" decoding=\"async\" width=\"560\" height=\"260\" class=\"wp-image-203\" src=\"https:\/\/medicaltravel.net\/wp-content\/uploads\/2025\/09\/diagnososo.jpg\" alt=\"\" srcset=\"https:\/\/medicaltravel.net\/wp-content\/uploads\/2025\/09\/diagnososo.jpg 560w, https:\/\/medicaltravel.net\/wp-content\/uploads\/2025\/09\/diagnososo-300x139.jpg 300w\" sizes=\"(max-width: 560px) 100vw, 560px\" \/><\/figure>\n\n<p id=\"caption-attachment-380\">Ihr Arzt wird eine Herzinsuffizienz anhand Ihrer medizinischen und famili\u00e4ren Vorgeschichte, einer k\u00f6rperlichen Untersuchung und der Testergebnisse diagnostizieren.<\/p>\n\n<p>Wie bei allen anderen Erkrankungen ist die fr\u00fchzeitige Diagnose von Herzerkrankungen von entscheidender Bedeutung f\u00fcr eine erfolgreiche Behandlung. Regelm\u00e4\u00dfige Kontrolluntersuchungen und eine engmaschige \u00dcberwachung der Herzgesundheit sind die wichtigste Voraussetzung f\u00fcr eine fr\u00fche Diagnose. Die Ac\u0131badem Heart Care Centers bieten Diagnostik und Behandlung mit modernster technischer Ausstattung an.  <\/p>\n\n<p><strong>EKG:<\/strong> Die Elektrokardiografie (EKG) ist ein Verfahren, mit dem die elektrische Aktivit\u00e4t des Herzens aufgezeichnet wird, um den Herzmuskel und seine Funktion zu beurteilen. Sie wird f\u00fcr schnelle Untersuchungen eingesetzt, insbesondere in Notfallsituationen. <\/p>\n\n<p>Das EKG ist ein wichtiges Instrument bei der Diagnose von Herz-Kreislauf-Erkrankungen, strukturellen Anomalien und Herzrhythmusst\u00f6rungen. Die EKG-\u00dcberwachung und -Auswertung kann schnell durchgef\u00fchrt werden. <\/p>\n\n<p><strong>Der Belastungs-EKG-Test: <\/strong>Dies ist ein Belastungstest, der auf einem Laufband nach einem systematischen, spezifischen Protokoll durchgef\u00fchrt wird. Er basiert auf der Auswertung der EKG-Aufzeichnungen, die \u00fcber auf der Brust angebrachte Elektroden w\u00e4hrend der Belastung empfangen werden. Der Test dauert in der Regel 5 bis 10 Minuten, kann jedoch je nach Alter und Zustand des Patienten variieren.  <\/p>\n\n<p>Es ist ein Test, der das Funktionsmuster des Herzens unter Belastung \u00fcberwacht und verwendet wird, um Embolien zu erkennen, die im normalen Alltag normalerweise keine Symptome zeigen.<\/p>\n\n<p>Die Auswertung des Belastungs-EKG-Tests zur Diagnose sollte von erfahrenen \u00c4rzten durchgef\u00fchrt werden, um Fehlinterpretationen im Hinblick auf andere Erkrankungen mit \u00e4hnlichen Befunden zu vermeiden.<\/p>\n\n<p><strong>Echokardiografie: <\/strong>Die Echokardiografie ist ein diagnostisches und Untersuchungsinstrument, das es erm\u00f6glicht, Struktur, Pathologie und Funktionen des Herzens mithilfe von Ultraschallwellen zu untersuchen.<\/p>\n\n<p>Mit der Echokardiografie ist es m\u00f6glich, die Bewegungen und die Kammer der Ventrikelwand, das Wachstum des Herzmuskels und die Herzklappen zu untersuchen. Sie erm\u00f6glicht auch die Beobachtung der Struktur und Funktion von implantierten k\u00fcnstlichen Klappen. Praktisch alle angeborenen Herzkrankheiten werden mit dieser Methode diagnostiziert.  <\/p>\n\n<p>Sie hat keine sch\u00e4dlichen Nebenwirkungen f\u00fcr die Patienten und kann einfach angewendet werden. Der Patient versp\u00fcrt w\u00e4hrend der Untersuchung keine Schmerzen. <\/p>\n\n<p>Holter-\u00dcberwachung: Ein Holter-Monitor wird verwendet, um den Herzrhythmus oder den Blutdruck des Patienten zu \u00fcberwachen. F\u00fcr EKG-Aufzeichnungen und Blutdruckmessungen werden separate Ger\u00e4te in der Gr\u00f6\u00dfe von Mobiltelefonen verwendet. Die Ger\u00e4te werden in der Regel f\u00fcr 24 Stunden oder l\u00e4nger am K\u00f6rper des Patienten befestigt. Die Ger\u00e4te messen kontinuierlich den Herzrhythmus und den Blutdruck.   <\/p>\n\n<p>Es wird in der Regel verwendet, um den Herzrhythmus und den Blutdruck des Patienten im Alltag zu \u00fcberwachen. \u00c4rzte setzen diesen Test bei Verdacht auf einen abnormalen Herzrhythmus oder ein Ungleichgewicht des Blutdrucks ein. <\/p>\n\n<p><strong>Trans-Telefonische \u00dcberwachung<\/strong>: Ein Aufnahmeger\u00e4t, \u00e4hnlich dem Holter-Ger\u00e4t, wird am Patienten angebracht, um die Herzfunktionen zu \u00fcberwachen.<\/p>\n\n<p>Unter normalen Umst\u00e4nden k\u00f6nnen Holter-Ger\u00e4te zwei bis drei Tage am Patienten verbleiben. Bei Patienten, die nur selten Beschwerden versp\u00fcren, k\u00f6nnen die Symptome jedoch w\u00e4hrend der Tragezeit des Holter-Ger\u00e4ts nicht auftreten. In solchen F\u00e4llen kann ein telemedizinisches Ger\u00e4t verwendet werden, das trans-telefonisch arbeitet.  <\/p>\n\n<p><strong>Stress-Echokardiografie:<\/strong> Die Echokardiografie, die in Ruhephasen durchgef\u00fchrt wird, bestimmt die Weite der Herzkammer, Fehlfunktionen in der Bewegung der Herzwand und die Kontraktionsfunktionen des Herzens. Sie kann helfen, eine koronare Herzkrankheit indirekt zu diagnostizieren. Sie hilft auch, andere Zust\u00e4nde zu erkennen, wie Kardiomyopathie, die andere Klappenerkrankungen begleiten kann, Herzinnenhautentz\u00fcndungen, einen Riss in der Aorta und \u00fcberm\u00e4\u00dfige Verdickung des Herzens, die Brustschmerzen und Atembeschwerden verursachen k\u00f6nnten.  <\/p>\n\n<p>Die Stress-Echokardiografie kann in Verbindung mit dem Belastungs-EKG verwendet werden, um den Ort einer Gef\u00e4\u00dferkrankung zu bestimmen.<\/p>\n\n<p><strong>Myokard-Perfusionsszintigraphie<\/strong>: Die Myokard-Perfusionsszintigraphie wird haupts\u00e4chlich verwendet, um Probleme bei der Blutversorgung des Herzmuskels zu erkennen. Sie liefert Informationen \u00fcber die Blutversorgung des Herzens unter zwei verschiedenen Bedingungen, einmal unter Belastung (zum Beispiel w\u00e4hrend des Trainings) und einmal in Ruhe. <\/p>\n\n<p>Die Myokard-Szintigraphie kann verwendet werden, um schwere koronare Herzkrankheiten zu erkennen. Ihre diagnostische Sensitivit\u00e4t und Genauigkeit bei der Diagnose schwerer Gef\u00e4\u00dferkrankungen liegt bei etwa 90 Prozent. Die w\u00e4hrend des Tests gewonnenen Befunde liefern auch Informationen \u00fcber das Sterberisiko, die Herzfunktionen und fortgeschrittene Herzinsuffizienz des Patienten sowie wichtige Daten f\u00fcr die Entscheidung \u00fcber den richtigen Behandlungsverlauf.  <\/p>\n\n<p><strong>Flash-CT:<\/strong> Flash-CT ist ein radiologisches Diagnoseverfahren, das ein Querschnittsbild des untersuchten Bereichs mithilfe von R\u00f6ntgenstrahlen erstellt.<\/p>\n\n<p>Als radiologisches Diagnoseverfahren kann die Flash-CT Bilder aller K\u00f6rperbereiche liefern, insbesondere Herz- und Lungenuntersuchungen.<\/p>\n\n<p>Das Herz kann in 250 Millisekunden gescannt werden. Im Vergleich zu Systemen mit nur einer R\u00f6hre und einem Detektor liefert es die Bilder in der H\u00e4lfte der Zeit. Es erm\u00f6glicht, das Herz in 250 Millisekunden mit einer Genauigkeit von 99 Prozent zu scannen (ein Viertel der Zeit eines Herzschlags). Somit besteht selbst in F\u00e4llen, in denen die Herzfrequenz des Patienten \u00fcber 100 Schl\u00e4ge pro Minute liegt, keine Notwendigkeit, das Herz medikament\u00f6s zu verlangsamen.     . Flash-CT ist ein Scanverfahren, das die niedrigste Strahlungsdosis auf dem Markt abgibt. Herzuntersuchungen k\u00f6nnen mit 80 Prozent weniger Strahlung durchgef\u00fchrt werden. Es kann als nicht-invasives kardiologisches Diagnoseverfahren in Routineuntersuchungen eingesetzt werden.  <\/p>\n\n<p>Cardiac MRI Test: The MRI Test provides valuable information on congenital cardiac diseases and cardiac cavities and enables detailed assessments of structures of the main arteries entering and exiting the heart. It supplements echocardiography findings without adversely affecting the patient.It provides detailed information in the assessment of cardiovascular constrictions, the extent of the effect of a heart attack on cardiac muscles, and the condition of the heart in preserving its vitality and functionality. The MRI test has the highest level of diagnostic sensitivity in the assessment of cardiac muscle diseases and masses in the heart.<br>  <\/p>\n\n<p>Im Gegensatz zu herk\u00f6mmlichen bildgebenden Verfahren enth\u00e4lt die MRT weder Strahlung noch Ultraschallwellen. Die genauen Bilder der Organe werden unter Verwendung physiologischer Parameter dargestellt. <\/p>\n\n<p><strong>PET-CT:<\/strong> Das PET-CT ist eine kardiologische Untersuchung, die auf Szintigraphie basiert. Diese Methode wird verwendet, um die Vitalit\u00e4t des Herzens zu beobachten. Sie dient haupts\u00e4chlich dazu, detaillierte Informationen \u00fcber die Funktion und Vitalit\u00e4t der Herzmuskelzellen zu erhalten und liefert genaue Ergebnisse zur Vitalit\u00e4t des Herzgewebes. Sie gibt Hinweise darauf, ob eine Bypass-Operation f\u00fcr einen Hochrisikopatienten sinnvoll w\u00e4re.   <\/p>\n\t\t\t\t\t\t\t\t<\/div>\n\t\t\t\t\t<\/div>\n\t\t\t\t<\/div>\n\t\t\t\t<\/div>\n\t\t","protected":false},"excerpt":{"rendered":"<p>Herzbetreuungsdienste P\u00e4diatrische Herzabteilung Erwachsenenherzerkrankungen Diagnose &amp; Behandlung Interventionelle Medizin Robotische Chirurgie Herzkrankheiten Diagnose &amp; Behandlung T\u00fcrkei Istanbul Antalya IzmirINTERVENTIONELLE KARDIOLOGIE Ihr Arzt wird eine Herzinsuffizienz anhand Ihrer medizinischen und famili\u00e4ren Vorgeschichte, einer k\u00f6rperlichen Untersuchung und der Testergebnisse diagnostizieren. Wie bei allen anderen Erkrankungen ist die fr\u00fchzeitige Diagnose von Herzerkrankungen von entscheidender Bedeutung f\u00fcr eine erfolgreiche Behandlung. Regelm\u00e4\u00dfige Kontrolluntersuchungen und eine engmaschige \u00dcberwachung der Herzgesundheit sind die wichtigste Voraussetzung f\u00fcr eine fr\u00fche Diagnose. Die Ac\u0131badem Heart Care Centers bieten Diagnostik und Behandlung mit modernster technischer Ausstattung an. EKG: Die Elektrokardiografie (EKG) ist ein Verfahren, mit dem die elektrische Aktivit\u00e4t des Herzens aufgezeichnet wird, um den Herzmuskel und seine Funktion zu beurteilen. Sie wird f\u00fcr schnelle Untersuchungen eingesetzt, insbesondere in Notfallsituationen. Das EKG ist ein wichtiges Instrument bei der Diagnose von Herz-Kreislauf-Erkrankungen, strukturellen Anomalien und Herzrhythmusst\u00f6rungen. Die EKG-\u00dcberwachung und -Auswertung kann schnell durchgef\u00fchrt werden. Der Belastungs-EKG-Test: Dies ist ein Belastungstest, der auf einem Laufband nach einem systematischen, spezifischen Protokoll durchgef\u00fchrt wird. Er basiert auf der Auswertung der EKG-Aufzeichnungen, die \u00fcber auf der Brust angebrachte Elektroden w\u00e4hrend der Belastung empfangen werden. Der Test dauert in der Regel 5 bis 10 Minuten, kann jedoch je nach Alter und Zustand des Patienten variieren. Es ist ein Test, der das Funktionsmuster des Herzens unter Belastung \u00fcberwacht und verwendet wird, um Embolien zu erkennen, die im normalen Alltag normalerweise keine Symptome zeigen. Die Auswertung des Belastungs-EKG-Tests zur Diagnose sollte von erfahrenen \u00c4rzten durchgef\u00fchrt werden, um Fehlinterpretationen im Hinblick auf andere Erkrankungen mit \u00e4hnlichen Befunden zu vermeiden. Echokardiografie: Die Echokardiografie ist ein diagnostisches und Untersuchungsinstrument, das es erm\u00f6glicht, Struktur, Pathologie und Funktionen des Herzens mithilfe von Ultraschallwellen zu untersuchen. Mit der Echokardiografie ist es m\u00f6glich, die Bewegungen und die Kammer der Ventrikelwand, das Wachstum des Herzmuskels und die Herzklappen zu untersuchen. Sie erm\u00f6glicht auch die Beobachtung der Struktur und Funktion von implantierten k\u00fcnstlichen Klappen. Praktisch alle angeborenen Herzkrankheiten werden mit dieser Methode diagnostiziert. Sie hat keine sch\u00e4dlichen Nebenwirkungen f\u00fcr die Patienten und kann einfach angewendet werden. Der Patient versp\u00fcrt w\u00e4hrend der Untersuchung keine Schmerzen. Holter-\u00dcberwachung: Ein Holter-Monitor wird verwendet, um den Herzrhythmus oder den Blutdruck des Patienten zu \u00fcberwachen. F\u00fcr EKG-Aufzeichnungen und Blutdruckmessungen werden separate Ger\u00e4te in der Gr\u00f6\u00dfe von Mobiltelefonen verwendet. Die Ger\u00e4te werden in der Regel f\u00fcr 24 Stunden oder l\u00e4nger am K\u00f6rper des Patienten befestigt. Die Ger\u00e4te messen kontinuierlich den Herzrhythmus und den Blutdruck. Es wird in der Regel verwendet, um den Herzrhythmus und den Blutdruck des Patienten im Alltag zu \u00fcberwachen. \u00c4rzte setzen diesen Test bei Verdacht auf einen abnormalen Herzrhythmus oder ein Ungleichgewicht des Blutdrucks ein. Trans-Telefonische \u00dcberwachung: Ein Aufnahmeger\u00e4t, \u00e4hnlich dem Holter-Ger\u00e4t, wird am Patienten angebracht, um die Herzfunktionen zu \u00fcberwachen. Unter normalen Umst\u00e4nden k\u00f6nnen Holter-Ger\u00e4te zwei bis drei Tage am Patienten verbleiben. Bei Patienten, die nur selten Beschwerden versp\u00fcren, k\u00f6nnen die Symptome jedoch w\u00e4hrend der Tragezeit des Holter-Ger\u00e4ts nicht auftreten. In solchen F\u00e4llen kann ein telemedizinisches Ger\u00e4t verwendet werden, das trans-telefonisch arbeitet. Stress-Echokardiografie: Die Echokardiografie, die in Ruhephasen durchgef\u00fchrt wird, bestimmt die Weite der Herzkammer, Fehlfunktionen in der Bewegung der Herzwand und die Kontraktionsfunktionen des Herzens. Sie kann helfen, eine koronare Herzkrankheit indirekt zu diagnostizieren. Sie hilft auch, andere Zust\u00e4nde zu erkennen, wie Kardiomyopathie, die andere Klappenerkrankungen begleiten kann, Herzinnenhautentz\u00fcndungen, einen Riss in der Aorta und \u00fcberm\u00e4\u00dfige Verdickung des Herzens, die Brustschmerzen und Atembeschwerden verursachen k\u00f6nnten. Die Stress-Echokardiografie kann in Verbindung mit dem Belastungs-EKG verwendet werden, um den Ort einer Gef\u00e4\u00dferkrankung zu bestimmen. Myokard-Perfusionsszintigraphie: Die Myokard-Perfusionsszintigraphie wird haupts\u00e4chlich verwendet, um Probleme bei der Blutversorgung des Herzmuskels zu erkennen. Sie liefert Informationen \u00fcber die Blutversorgung des Herzens unter zwei verschiedenen Bedingungen, einmal unter Belastung (zum Beispiel w\u00e4hrend des Trainings) und einmal in Ruhe. Die Myokard-Szintigraphie kann verwendet werden, um schwere koronare Herzkrankheiten zu erkennen. Ihre diagnostische Sensitivit\u00e4t und Genauigkeit bei der Diagnose schwerer Gef\u00e4\u00dferkrankungen liegt bei etwa 90 Prozent. Die w\u00e4hrend des Tests gewonnenen Befunde liefern auch Informationen \u00fcber das Sterberisiko, die Herzfunktionen und fortgeschrittene Herzinsuffizienz des Patienten sowie wichtige Daten f\u00fcr die Entscheidung \u00fcber den richtigen Behandlungsverlauf. Flash-CT: Flash-CT ist ein radiologisches Diagnoseverfahren, das ein Querschnittsbild des untersuchten Bereichs mithilfe von R\u00f6ntgenstrahlen erstellt. Als radiologisches Diagnoseverfahren kann die Flash-CT Bilder aller K\u00f6rperbereiche liefern, insbesondere Herz- und Lungenuntersuchungen. Das Herz kann in 250 Millisekunden gescannt werden. Im Vergleich zu Systemen mit nur einer R\u00f6hre und einem Detektor liefert es die Bilder in der H\u00e4lfte der Zeit. Es erm\u00f6glicht, das Herz in 250 Millisekunden mit einer Genauigkeit von 99 Prozent zu scannen (ein Viertel der Zeit eines Herzschlags). Somit besteht selbst in F\u00e4llen, in denen die Herzfrequenz des Patienten \u00fcber 100 Schl\u00e4ge pro Minute liegt, keine Notwendigkeit, das Herz medikament\u00f6s zu verlangsamen. . Flash-CT ist ein Scanverfahren, das die niedrigste Strahlungsdosis auf dem Markt abgibt. Herzuntersuchungen k\u00f6nnen mit 80 Prozent weniger Strahlung durchgef\u00fchrt werden. Es kann als nicht-invasives kardiologisches Diagnoseverfahren in Routineuntersuchungen eingesetzt werden. Cardiac MRI Test: The MRI Test provides valuable information on congenital cardiac diseases and cardiac cavities and enables detailed assessments of structures of the main arteries entering and exiting the heart. It supplements echocardiography findings without adversely affecting the patient.It provides detailed information in the assessment of cardiovascular constrictions, the extent of the effect of a heart attack on cardiac muscles, and the condition of the heart in preserving its vitality and functionality. The MRI test has the highest level of diagnostic sensitivity in the assessment of cardiac muscle diseases and masses in the heart. Im Gegensatz zu herk\u00f6mmlichen bildgebenden Verfahren enth\u00e4lt die MRT weder Strahlung noch Ultraschallwellen. Die genauen Bilder der Organe werden unter Verwendung physiologischer Parameter dargestellt. PET-CT: Das PET-CT ist eine kardiologische Untersuchung, die auf Szintigraphie basiert. Diese Methode wird verwendet, um die Vitalit\u00e4t des Herzens zu beobachten. Sie dient haupts\u00e4chlich dazu, detaillierte Informationen \u00fcber die Funktion und Vitalit\u00e4t der Herzmuskelzellen zu erhalten und liefert genaue Ergebnisse zur Vitalit\u00e4t des Herzgewebes. Sie gibt Hinweise darauf, ob eine Bypass-Operation f\u00fcr einen Hochrisikopatienten sinnvoll w\u00e4re.<\/p>\n","protected":false},"author":4,"featured_media":0,"parent":2114,"menu_order":0,"comment_status":"closed","ping_status":"closed","template":"","meta":{"_joinchat":[],"footnotes":""},"class_list":["post-2129","page","type-page","status-publish","hentry"],"acf":[],"_links":{"self":[{"href":"https:\/\/medicaltravel.net\/de\/wp-json\/wp\/v2\/pages\/2129","targetHints":{"allow":["GET"]}}],"collection":[{"href":"https:\/\/medicaltravel.net\/de\/wp-json\/wp\/v2\/pages"}],"about":[{"href":"https:\/\/medicaltravel.net\/de\/wp-json\/wp\/v2\/types\/page"}],"author":[{"embeddable":true,"href":"https:\/\/medicaltravel.net\/de\/wp-json\/wp\/v2\/users\/4"}],"replies":[{"embeddable":true,"href":"https:\/\/medicaltravel.net\/de\/wp-json\/wp\/v2\/comments?post=2129"}],"version-history":[{"count":3,"href":"https:\/\/medicaltravel.net\/de\/wp-json\/wp\/v2\/pages\/2129\/revisions"}],"predecessor-version":[{"id":2132,"href":"https:\/\/medicaltravel.net\/de\/wp-json\/wp\/v2\/pages\/2129\/revisions\/2132"}],"up":[{"embeddable":true,"href":"https:\/\/medicaltravel.net\/de\/wp-json\/wp\/v2\/pages\/2114"}],"wp:attachment":[{"href":"https:\/\/medicaltravel.net\/de\/wp-json\/wp\/v2\/media?parent=2129"}],"curies":[{"name":"wp","href":"https:\/\/api.w.org\/{rel}","templated":true}]}}