{"id":2134,"date":"2025-09-29T09:23:02","date_gmt":"2025-09-29T08:23:02","guid":{"rendered":"https:\/\/medicaltravel.net\/kardiologie-herzbehandlungen-in-der-tuerkei-istanbul-antalya-izmir-bursa\/interventionelle-methoden-fuer-die-kardiologie-tuerkei-istanbul-antalya-izmir-angioplastie-stent\/"},"modified":"2026-01-06T15:40:10","modified_gmt":"2026-01-06T14:40:10","slug":"interventionelle-methoden-fuer-die-kardiologie-tuerkei-istanbul-antalya-izmir-angioplastie-stent","status":"publish","type":"page","link":"https:\/\/medicaltravel.net\/de\/kardiologie-herzbehandlungen-in-der-tuerkei-istanbul-antalya-izmir-bursa\/interventionelle-methoden-fuer-die-kardiologie-tuerkei-istanbul-antalya-izmir-angioplastie-stent\/","title":{"rendered":"Interventionelle Methoden f\u00fcr die Kardiologie T\u00fcrkei Istanbul Antalya Izmir Angioplastie-Stent"},"content":{"rendered":"\t\t<div data-elementor-type=\"wp-page\" data-elementor-id=\"2134\" class=\"elementor elementor-2134 elementor-51\" data-elementor-post-type=\"page\">\n\t\t\t\t<div class=\"elementor-element elementor-element-57284c0e e-flex e-con-boxed wpr-particle-no wpr-jarallax-no wpr-parallax-no wpr-sticky-section-no e-con e-parent\" data-id=\"57284c0e\" data-element_type=\"container\" data-e-type=\"container\">\n\t\t\t\t\t<div class=\"e-con-inner\">\n\t\t<div class=\"elementor-element elementor-element-2a6674d e-con-full e-flex wpr-particle-no wpr-jarallax-no wpr-parallax-no wpr-sticky-section-no e-con e-child\" data-id=\"2a6674d\" data-element_type=\"container\" data-e-type=\"container\">\n\t\t\t\t<div class=\"elementor-element elementor-element-20918ad elementor-widget elementor-widget-button\" data-id=\"20918ad\" data-element_type=\"widget\" data-e-type=\"widget\" data-widget_type=\"button.default\">\n\t\t\t\t\t\t\t\t\t\t<a class=\"elementor-button elementor-button-link elementor-size-sm\" href=\"https:\/\/medicaltravel.net\/de\/kardiologie-herzbehandlungen-in-der-tuerkei-istanbul-antalya-izmir-bursa\/herzbetreuung-tuerkei-istanbul-antalya-bursa-adana-herz-kreislauf\/\">\n\t\t\t\t\t\t<span class=\"elementor-button-content-wrapper\">\n\t\t\t\t\t\t\t\t\t<span class=\"elementor-button-text\">Herzbetreuungsdienste<\/span>\n\t\t\t\t\t<\/span>\n\t\t\t\t\t<\/a>\n\t\t\t\t\t\t\t\t<\/div>\n\t\t\t\t<div class=\"elementor-element elementor-element-ddaaf5a elementor-widget elementor-widget-button\" data-id=\"ddaaf5a\" data-element_type=\"widget\" data-e-type=\"widget\" data-widget_type=\"button.default\">\n\t\t\t\t\t\t\t\t\t\t<a class=\"elementor-button elementor-button-link elementor-size-sm\" href=\"https:\/\/medicaltravel.net\/cardiology-turkey-istanbul-antalya\/pediatric-heart-diseases\/\">\n\t\t\t\t\t\t<span class=\"elementor-button-content-wrapper\">\n\t\t\t\t\t\t\t\t\t<span class=\"elementor-button-text\">P\u00e4diatrische Herzabteilung<\/span>\n\t\t\t\t\t<\/span>\n\t\t\t\t\t<\/a>\n\t\t\t\t\t\t\t\t<\/div>\n\t\t\t\t<div class=\"elementor-element elementor-element-836d38f elementor-widget elementor-widget-button\" data-id=\"836d38f\" data-element_type=\"widget\" data-e-type=\"widget\" data-widget_type=\"button.default\">\n\t\t\t\t\t\t\t\t\t\t<a class=\"elementor-button elementor-button-link elementor-size-sm\" href=\"https:\/\/medicaltravel.net\/de\/kardiologie-herzbehandlungen-in-der-tuerkei-istanbul-antalya-izmir-bursa\/behandlungen-von-erwachsenenherzerkrankungen-in-der-tuerkei-istanbul-antalya-izmir\/\">\n\t\t\t\t\t\t<span class=\"elementor-button-content-wrapper\">\n\t\t\t\t\t\t\t\t\t<span class=\"elementor-button-text\">Erwachsenenherzerkrankungen<\/span>\n\t\t\t\t\t<\/span>\n\t\t\t\t\t<\/a>\n\t\t\t\t\t\t\t\t<\/div>\n\t\t\t\t<div class=\"elementor-element elementor-element-0583f6b elementor-widget elementor-widget-button\" data-id=\"0583f6b\" data-element_type=\"widget\" data-e-type=\"widget\" data-widget_type=\"button.default\">\n\t\t\t\t\t\t\t\t\t\t<a class=\"elementor-button elementor-button-link elementor-size-sm\" href=\"https:\/\/medicaltravel.net\/de\/kardiologie-herzbehandlungen-in-der-tuerkei-istanbul-antalya-izmir-bursa\/herzkrankheiten-diagnose-behandlung-tuerkei-istanbul-antalya-izmir\/\">\n\t\t\t\t\t\t<span class=\"elementor-button-content-wrapper\">\n\t\t\t\t\t\t\t\t\t<span class=\"elementor-button-text\">Diagnose &amp; Behandlung<\/span>\n\t\t\t\t\t<\/span>\n\t\t\t\t\t<\/a>\n\t\t\t\t\t\t\t\t<\/div>\n\t\t\t\t<div class=\"elementor-element elementor-element-35c9916 elementor-widget elementor-widget-button\" data-id=\"35c9916\" data-element_type=\"widget\" data-e-type=\"widget\" data-widget_type=\"button.default\">\n\t\t\t\t\t\t\t\t\t\t<a class=\"elementor-button elementor-button-link elementor-size-sm\" href=\"https:\/\/medicaltravel.net\/de\/kardiologie-herzbehandlungen-in-der-tuerkei-istanbul-antalya-izmir-bursa\/interventionelle-methoden-fuer-die-kardiologie-tuerkei-istanbul-antalya-izmir-angioplastie-stent\/\">\n\t\t\t\t\t\t<span class=\"elementor-button-content-wrapper\">\n\t\t\t\t\t\t\t\t\t<span class=\"elementor-button-text\">Interventionelle Medizin<\/span>\n\t\t\t\t\t<\/span>\n\t\t\t\t\t<\/a>\n\t\t\t\t\t\t\t\t<\/div>\n\t\t\t\t<div class=\"elementor-element elementor-element-b5e67b0 elementor-widget elementor-widget-button\" data-id=\"b5e67b0\" data-element_type=\"widget\" data-e-type=\"widget\" data-widget_type=\"button.default\">\n\t\t\t\t\t\t\t\t\t\t<a class=\"elementor-button elementor-button-link elementor-size-sm\" href=\"https:\/\/medicaltravel.net\/cardiology-turkey-istanbul-antalya\/robotic-surgery-davinci\/\">\n\t\t\t\t\t\t<span class=\"elementor-button-content-wrapper\">\n\t\t\t\t\t\t\t\t\t<span class=\"elementor-button-text\">Robotische Chirurgie<\/span>\n\t\t\t\t\t<\/span>\n\t\t\t\t\t<\/a>\n\t\t\t\t\t\t\t\t<\/div>\n\t\t\t\t<\/div>\n\t\t\t\t<div class=\"elementor-element elementor-element-4d9b64e2 elementor-widget elementor-widget-text-editor\" data-id=\"4d9b64e2\" data-element_type=\"widget\" data-e-type=\"widget\" data-widget_type=\"text-editor.default\">\n\t\t\t\t\t\t\t\t\t\n<h3 class=\"wp-block-heading\">INTERVENTIONELLE KARDIOLOGIE T\u00dcRKEI (ANGIOPLASTIE UND STENT)<\/h3>\n\n<figure class=\"wp-block-image size-full\"><img fetchpriority=\"high\" decoding=\"async\" width=\"560\" height=\"260\" class=\"wp-image-205\" src=\"https:\/\/medicaltravel.net\/wp-content\/uploads\/2025\/09\/interv.jpg\" alt=\"\" srcset=\"https:\/\/medicaltravel.net\/wp-content\/uploads\/2025\/09\/interv.jpg 560w, https:\/\/medicaltravel.net\/wp-content\/uploads\/2025\/09\/interv-300x139.jpg 300w\" sizes=\"(max-width: 560px) 100vw, 560px\" \/><\/figure>\n\n<p id=\"caption-attachment-384\">Interventionelle Kardiologen im Acibadem Krankenhaus verwenden die neuesten technologischen, nicht-chirurgischen Methoden, um verengte Blutgef\u00e4\u00dfe im Herzen, in den Beinen, im Hals und im Bauch zu diagnostizieren und zu behandeln; strukturelle Herzkrankheiten, einschlie\u00dflich verengter oder undichter Herzklappen; kongenitale<\/p>\n\n<p><strong>Koronarangiografie:<\/strong> Dies ist die zuverl\u00e4ssigste Methode, um die anatomische Struktur von Arterienverengungen zu untersuchen und mit erg\u00e4nzenden Techniken eine funktionelle Beurteilung zu erm\u00f6glichen.<\/p>\n\n<p>Die Methode wird bei Patienten angewendet, deren Ergebnisse anderer Tests auf eine koronare Verengung hinweisen, bei Patienten, die f\u00fcr eine Stent- oder Ballonangioplastie vorgesehen sind, oder bei der Diagnose und Behandlung von Notfall-Herzinfarkten.<\/p>\n\n<p>Der Eingriff wird im Katheterlabor durchgef\u00fchrt, wodurch ein Krankenhausaufenthalt erforderlich ist. Der Patient versp\u00fcrt w\u00e4hrend des Eingriffs keine Schmerzen, sondern nur eine W\u00e4rme, die sich w\u00e4hrend der wenigen Sekunden der Injektion eines r\u00f6ntgendichten Stoffes \u00fcber den ganzen K\u00f6rper ausbreitet. Unter normalen Umst\u00e4nden ist der Eingriff kurz und dauert nur 5 bis 10 Minuten. <\/p>\n\n<p>Es weist eine extrem niedrige Sterblichkeitsrate auf, wenn es von erfahrenem Personal in erfahrenen Zentren durchgef\u00fchrt wird (&lt;0,1 %).<\/p>\n\n<p>Es weist eine extrem niedrige Sterblichkeitsrate auf, wenn es von erfahrenem Personal in erfahrenen Zentren durchgef\u00fchrt wird (&lt; 0,1 %).<\/p>\n\n<p>Handgelenksangiografie: Die Angiografie spielt eine Schl\u00fcsselrolle bei der Diagnose von Herz-Kreislauf-Erkrankungen. Mithilfe der entwickelten modernen Technologien kann sie vom Handgelenk anstelle der Leistenregion durchgef\u00fchrt werden. Wenn eine Verengung in den Venen der Leistenregion besteht oder die Leistenregion aufgrund von \u00dcbergewicht nicht geeignet ist, wird die Handgelenksangiografie bevorzugt.  <\/p>\n\n<p>Sie kann bei 99 Prozent der Patienten angewendet werden. Venenkomplikationen treten beim Patienten nur sehr selten auf. Nach dem Eingriff kann der Patient sitzen, herumlaufen und essen. Der Patient kann noch am selben Tag in seinen Alltag zur\u00fcckkehren.   <\/p>\n\n<h3 class=\"wp-block-heading\">Behandlung<\/h3>\n\n<p><strong>Koronare Angioplastie- und Stent-Anwendungen:<\/strong> Die koronare Angioplastie (Ballon-Endarteriektomie) ist die Erweiterung lokaler Verengungen in den Koronararterien mittels nicht-chirurgischer Methoden. Ein \u201eF\u00fchrungsdraht\u201c wird eingef\u00fchrt und von der Leistenarterie bis zu den Koronarvenen vorgeschoben. Ein entleerter Ballon gleitet \u00fcber diesen Draht, bis er den verengten Bereich erreicht. Wenn der Ballon von au\u00dfen aufgeblasen wird (etwa 3 cm lang und 3\u20134 cm breit), wird die Verengung in den Koronarvenen beseitigt.   <\/p>\n\n<p>Doch nicht jede koronare Verengung eignet sich f\u00fcr diese Methode. Bei einigen Patienten kann eine Bypass-Operation erforderlich sein, w\u00e4hrend bei anderen Herzmedikamente eine effektive und sichere Behandlungsform darstellen k\u00f6nnen. Solche Entscheidungen sollten nur von entsprechenden Fach\u00e4rzten getroffen werden.   <\/p>\n\n<p><strong>Bypass-Operation:<\/strong> Abh\u00e4ngig vom Ausma\u00df der Arterienverengungen kann der Arzt eine koronare Bypass-Operation empfehlen. Dieser Eingriff korrigiert den Blutfluss, der das Herz versorgt, und stellt somit die Gesundheit wieder her. Eine koronare Bypass-Operation kann Ihrem Herzen und Ihrem Leben eine zweite Chance geben.  <\/p>\n\n<p>Die koronare Bypass-Operation versorgt das Herz erneut mit Blut, indem ein anderer Weg gebildet wird, der die verengte oder blockierte Arterie umgeht. Bei mehr als einer verengten Arterie sind mehrere Byp\u00e4sse erforderlich. <\/p>\n\n<p>Die f\u00fcr den Bypass zu verwendende Arterie, auch als Transplantat bezeichnet, wird aus der Brust, dem Arm oder dem Bein entnommen und an die verengte Koronararterie angeschlossen. Die am h\u00e4ufigsten verwendeten Transplantate sind die inneren Brustarterien, die Aorta aus den Armen und die Venen aus den Beinen. Da die Ursprungsbereiche dieser Venen \u00fcber zus\u00e4tzliche Venen verf\u00fcgen, beeintr\u00e4chtigt ihre Entfernung die Durchblutung des K\u00f6rpers nicht.  <\/p>\n\n<p><strong>Minimalinvasive Chirurgie<\/strong>: Die endoskopische Chirurgie ist ein minimal-invasives Verfahren, bei dem die Herzoperation mithilfe spezieller endoskopischer Instrumente durch einen kleinen Schnitt im Brustbereich durchgef\u00fchrt wird. W\u00e4hrend der Operation befinden sich alle chirurgischen Instrumente unter der Kontrolle des Chirurgen. Gleichzeitig kann die endoskopische Kamera verwendet werden, um den Operationsbereich einzusehen.  <\/p>\n\n<p>Die koronare Bypass-Operation mit der endoskopischen Methode kann f\u00fcr Klappenreparaturen, Klappenimplantationen, die Reparatur von Ventrikelseptumdefekten und Ablationen zur Rhythmusbehandlung eingesetzt werden.<\/p>\n\n<p>Im Vergleich zur offenen Chirurgie ist die Mobilit\u00e4t h\u00f6her und die Narbenheilung deutlich schneller. Nach der Operation kehren die Patienten fr\u00fcher an ihren Arbeitsplatz zur\u00fcck und nehmen ihr aktives Leben wieder auf. Allerdings m\u00fcssen die Struktur der Brustbeinwand und die Anatomie des Herzens f\u00fcr diese Methode geeignet sein.  <\/p>\n\n<p><strong>TAVI: <\/strong>Die transkatheterale Aortenklappenimplantation (TAVI) beinhaltet die Implantation einer Aortenklappe am Herzen mithilfe der Kathetermethode, ohne offene Operation. Bei Klappenimplantationen werden weltweit und in der T\u00fcrkei biologische Herzklappen verwendet. Bei der TAVI-Methode wird diese biologische Klappe in eine Stent-H\u00fclle gesetzt, die nach dem \u00d6ffnen fest an der Implantationsstelle der Klappe sitzt.  <\/p>\n\n<p>Bei dieser Methode k\u00f6nnen zwei verschiedene Techniken angewendet werden. Bei der ersten Technik, \u00e4hnlich einer Klappenangiografie, wird die Klappe mithilfe eines Katheters von der Leistenregion zum Herzen vorgeschoben. Sobald sie an der richtigen Stelle ist, wird der Stent-Mechanismus ge\u00f6ffnet. Die zweite Technik wird angewendet, wenn eine Verengung in der Leisten- oder Bauchregion besteht, die f\u00fcr den Zugang zum Herzen genutzt werden soll. Dann wird ein kleiner Schnitt von 4 bis 5 cm in der Vorderwand des Brustbeins gemacht, um den Endpunkt des Herzens zu erreichen. Die Klappe wird mit Hilfe eines zum Herzen vorgeschobenen Katheters eingesetzt. Bei beiden Methoden ist es nicht notwendig, das Herz anzuhalten oder eine offene Operation durchzuf\u00fchren. Der Eingriff kann unter \u00f6rtlicher Bet\u00e4ubung abgeschlossen werden.<\/p>\n\n<p>Nach dem TAVI-Eingriff werden die Patienten auf ihre Zimmer gebracht. W\u00e4hrend dieser Zeit erhalten sie Antikoagulanzien und werden unter normalen Bedingungen 4\u20135 Tage \u00fcberwacht, bevor sie entlassen werden. Nach mehreren Tagen Ruhe kommt der Patient zu einer Nachuntersuchung zur\u00fcck und nimmt seinen Alltag wieder auf. Die TAVI-Methode wird haupts\u00e4chlich f\u00fcr Hochrisikopatienten empfohlen, die sonst eine offene Klappenimplantation nicht \u00fcberstehen w\u00fcrden. Au\u00dferdem kann sie bei Patienten angewendet werden, die andere Hindernisse gegen eine offene Operation haben. Die TAVI-Methode hat sich bei solchen Patienten als wirksam erwiesen, verl\u00e4ngert ihr Leben und verbessert ihren klinischen Zustand.     <\/p>\n\n<p>Obwohl TAVI eine erst k\u00fcrzlich entwickelte Methode ist, deuten technologische Fortschritte, Anwendungserfahrungen und wissenschaftliche Ergebnisse darauf hin, dass sie deutlich h\u00e4ufiger angewendet werden wird.<\/p>\n\n<p>TAVI BEI ACIBADEM: TAVI-Klappenverfahren werden seit 2002 in experimentellen Umgebungen und seit 2004 am Menschen weltweit durchgef\u00fchrt. Der Eingriff wurde bis 2010 erfolgreich in mehreren f\u00fchrenden Zentren sowohl in den USA als auch in Europa angewendet. In der T\u00fcrkei wurde er erstmals 2009 eingesetzt. Das Kardiologie- und Herz-Kreislauf-Chirurgie-Team von Ac\u0131badem verf\u00fcgt \u00fcber die notwendige Ausr\u00fcstung, um diese neue und erfolgreiche Behandlungsmethode durchzuf\u00fchren, und kann das TAVI-Verfahren erfolgreich umsetzen.   <\/p>\n\n<p>Der Eingriff wird von einem Team organisiert und durchgef\u00fchrt, das aus vielen Spezialisten verschiedener Fachrichtungen besteht, darunter Herz-Kreislauf-Chirurgie, Kardiologie, An\u00e4sthesiologie, Reanimation und Radiologie.<\/p>\n\t\t\t\t\t\t\t\t<\/div>\n\t\t\t\t\t<\/div>\n\t\t\t\t<\/div>\n\t\t\t\t<\/div>\n\t\t","protected":false},"excerpt":{"rendered":"<p>Herzbetreuungsdienste P\u00e4diatrische Herzabteilung Erwachsenenherzerkrankungen Diagnose &amp; Behandlung Interventionelle Medizin Robotische Chirurgie INTERVENTIONELLE KARDIOLOGIE T\u00dcRKEI (ANGIOPLASTIE UND STENT) Interventionelle Kardiologen im Acibadem Krankenhaus verwenden die neuesten technologischen, nicht-chirurgischen Methoden, um verengte Blutgef\u00e4\u00dfe im Herzen, in den Beinen, im Hals und im Bauch zu diagnostizieren und zu behandeln; strukturelle Herzkrankheiten, einschlie\u00dflich verengter oder undichter Herzklappen; kongenitale Koronarangiografie: Dies ist die zuverl\u00e4ssigste Methode, um die anatomische Struktur von Arterienverengungen zu untersuchen und mit erg\u00e4nzenden Techniken eine funktionelle Beurteilung zu erm\u00f6glichen. Die Methode wird bei Patienten angewendet, deren Ergebnisse anderer Tests auf eine koronare Verengung hinweisen, bei Patienten, die f\u00fcr eine Stent- oder Ballonangioplastie vorgesehen sind, oder bei der Diagnose und Behandlung von Notfall-Herzinfarkten. Der Eingriff wird im Katheterlabor durchgef\u00fchrt, wodurch ein Krankenhausaufenthalt erforderlich ist. Der Patient versp\u00fcrt w\u00e4hrend des Eingriffs keine Schmerzen, sondern nur eine W\u00e4rme, die sich w\u00e4hrend der wenigen Sekunden der Injektion eines r\u00f6ntgendichten Stoffes \u00fcber den ganzen K\u00f6rper ausbreitet. Unter normalen Umst\u00e4nden ist der Eingriff kurz und dauert nur 5 bis 10 Minuten. Es weist eine extrem niedrige Sterblichkeitsrate auf, wenn es von erfahrenem Personal in erfahrenen Zentren durchgef\u00fchrt wird (&lt;0,1 %). Es weist eine extrem niedrige Sterblichkeitsrate auf, wenn es von erfahrenem Personal in erfahrenen Zentren durchgef\u00fchrt wird (&lt; 0,1 %). Handgelenksangiografie: Die Angiografie spielt eine Schl\u00fcsselrolle bei der Diagnose von Herz-Kreislauf-Erkrankungen. Mithilfe der entwickelten modernen Technologien kann sie vom Handgelenk anstelle der Leistenregion durchgef\u00fchrt werden. Wenn eine Verengung in den Venen der Leistenregion besteht oder die Leistenregion aufgrund von \u00dcbergewicht nicht geeignet ist, wird die Handgelenksangiografie bevorzugt. Sie kann bei 99 Prozent der Patienten angewendet werden. Venenkomplikationen treten beim Patienten nur sehr selten auf. Nach dem Eingriff kann der Patient sitzen, herumlaufen und essen. Der Patient kann noch am selben Tag in seinen Alltag zur\u00fcckkehren. Behandlung Koronare Angioplastie- und Stent-Anwendungen: Die koronare Angioplastie (Ballon-Endarteriektomie) ist die Erweiterung lokaler Verengungen in den Koronararterien mittels nicht-chirurgischer Methoden. Ein \u201eF\u00fchrungsdraht\u201c wird eingef\u00fchrt und von der Leistenarterie bis zu den Koronarvenen vorgeschoben. Ein entleerter Ballon gleitet \u00fcber diesen Draht, bis er den verengten Bereich erreicht. Wenn der Ballon von au\u00dfen aufgeblasen wird (etwa 3 cm lang und 3\u20134 cm breit), wird die Verengung in den Koronarvenen beseitigt. Doch nicht jede koronare Verengung eignet sich f\u00fcr diese Methode. Bei einigen Patienten kann eine Bypass-Operation erforderlich sein, w\u00e4hrend bei anderen Herzmedikamente eine effektive und sichere Behandlungsform darstellen k\u00f6nnen. Solche Entscheidungen sollten nur von entsprechenden Fach\u00e4rzten getroffen werden. Bypass-Operation: Abh\u00e4ngig vom Ausma\u00df der Arterienverengungen kann der Arzt eine koronare Bypass-Operation empfehlen. Dieser Eingriff korrigiert den Blutfluss, der das Herz versorgt, und stellt somit die Gesundheit wieder her. Eine koronare Bypass-Operation kann Ihrem Herzen und Ihrem Leben eine zweite Chance geben. Die koronare Bypass-Operation versorgt das Herz erneut mit Blut, indem ein anderer Weg gebildet wird, der die verengte oder blockierte Arterie umgeht. Bei mehr als einer verengten Arterie sind mehrere Byp\u00e4sse erforderlich. Die f\u00fcr den Bypass zu verwendende Arterie, auch als Transplantat bezeichnet, wird aus der Brust, dem Arm oder dem Bein entnommen und an die verengte Koronararterie angeschlossen. Die am h\u00e4ufigsten verwendeten Transplantate sind die inneren Brustarterien, die Aorta aus den Armen und die Venen aus den Beinen. Da die Ursprungsbereiche dieser Venen \u00fcber zus\u00e4tzliche Venen verf\u00fcgen, beeintr\u00e4chtigt ihre Entfernung die Durchblutung des K\u00f6rpers nicht. Minimalinvasive Chirurgie: Die endoskopische Chirurgie ist ein minimal-invasives Verfahren, bei dem die Herzoperation mithilfe spezieller endoskopischer Instrumente durch einen kleinen Schnitt im Brustbereich durchgef\u00fchrt wird. W\u00e4hrend der Operation befinden sich alle chirurgischen Instrumente unter der Kontrolle des Chirurgen. Gleichzeitig kann die endoskopische Kamera verwendet werden, um den Operationsbereich einzusehen. Die koronare Bypass-Operation mit der endoskopischen Methode kann f\u00fcr Klappenreparaturen, Klappenimplantationen, die Reparatur von Ventrikelseptumdefekten und Ablationen zur Rhythmusbehandlung eingesetzt werden. Im Vergleich zur offenen Chirurgie ist die Mobilit\u00e4t h\u00f6her und die Narbenheilung deutlich schneller. Nach der Operation kehren die Patienten fr\u00fcher an ihren Arbeitsplatz zur\u00fcck und nehmen ihr aktives Leben wieder auf. Allerdings m\u00fcssen die Struktur der Brustbeinwand und die Anatomie des Herzens f\u00fcr diese Methode geeignet sein. TAVI: Die transkatheterale Aortenklappenimplantation (TAVI) beinhaltet die Implantation einer Aortenklappe am Herzen mithilfe der Kathetermethode, ohne offene Operation. Bei Klappenimplantationen werden weltweit und in der T\u00fcrkei biologische Herzklappen verwendet. Bei der TAVI-Methode wird diese biologische Klappe in eine Stent-H\u00fclle gesetzt, die nach dem \u00d6ffnen fest an der Implantationsstelle der Klappe sitzt. Bei dieser Methode k\u00f6nnen zwei verschiedene Techniken angewendet werden. Bei der ersten Technik, \u00e4hnlich einer Klappenangiografie, wird die Klappe mithilfe eines Katheters von der Leistenregion zum Herzen vorgeschoben. Sobald sie an der richtigen Stelle ist, wird der Stent-Mechanismus ge\u00f6ffnet. Die zweite Technik wird angewendet, wenn eine Verengung in der Leisten- oder Bauchregion besteht, die f\u00fcr den Zugang zum Herzen genutzt werden soll. Dann wird ein kleiner Schnitt von 4 bis 5 cm in der Vorderwand des Brustbeins gemacht, um den Endpunkt des Herzens zu erreichen. Die Klappe wird mit Hilfe eines zum Herzen vorgeschobenen Katheters eingesetzt. Bei beiden Methoden ist es nicht notwendig, das Herz anzuhalten oder eine offene Operation durchzuf\u00fchren. Der Eingriff kann unter \u00f6rtlicher Bet\u00e4ubung abgeschlossen werden. Nach dem TAVI-Eingriff werden die Patienten auf ihre Zimmer gebracht. W\u00e4hrend dieser Zeit erhalten sie Antikoagulanzien und werden unter normalen Bedingungen 4\u20135 Tage \u00fcberwacht, bevor sie entlassen werden. Nach mehreren Tagen Ruhe kommt der Patient zu einer Nachuntersuchung zur\u00fcck und nimmt seinen Alltag wieder auf. Die TAVI-Methode wird haupts\u00e4chlich f\u00fcr Hochrisikopatienten empfohlen, die sonst eine offene Klappenimplantation nicht \u00fcberstehen w\u00fcrden. Au\u00dferdem kann sie bei Patienten angewendet werden, die andere Hindernisse gegen eine offene Operation haben. Die TAVI-Methode hat sich bei solchen Patienten als wirksam erwiesen, verl\u00e4ngert ihr Leben und verbessert ihren klinischen Zustand. Obwohl TAVI eine erst k\u00fcrzlich entwickelte Methode ist, deuten technologische Fortschritte, Anwendungserfahrungen und wissenschaftliche Ergebnisse darauf hin, dass sie deutlich h\u00e4ufiger angewendet werden wird. TAVI BEI ACIBADEM: TAVI-Klappenverfahren werden seit 2002 in experimentellen Umgebungen und seit 2004 am Menschen weltweit durchgef\u00fchrt. Der Eingriff wurde bis 2010 erfolgreich in mehreren f\u00fchrenden Zentren sowohl in den USA als auch in Europa angewendet. In der T\u00fcrkei wurde er erstmals 2009 eingesetzt. Das Kardiologie- und Herz-Kreislauf-Chirurgie-Team von Ac\u0131badem verf\u00fcgt \u00fcber die notwendige Ausr\u00fcstung, um diese neue und erfolgreiche Behandlungsmethode durchzuf\u00fchren, und<\/p>\n","protected":false},"author":4,"featured_media":0,"parent":2114,"menu_order":0,"comment_status":"closed","ping_status":"closed","template":"","meta":{"_joinchat":[],"footnotes":""},"class_list":["post-2134","page","type-page","status-publish","hentry"],"acf":[],"_links":{"self":[{"href":"https:\/\/medicaltravel.net\/de\/wp-json\/wp\/v2\/pages\/2134","targetHints":{"allow":["GET"]}}],"collection":[{"href":"https:\/\/medicaltravel.net\/de\/wp-json\/wp\/v2\/pages"}],"about":[{"href":"https:\/\/medicaltravel.net\/de\/wp-json\/wp\/v2\/types\/page"}],"author":[{"embeddable":true,"href":"https:\/\/medicaltravel.net\/de\/wp-json\/wp\/v2\/users\/4"}],"replies":[{"embeddable":true,"href":"https:\/\/medicaltravel.net\/de\/wp-json\/wp\/v2\/comments?post=2134"}],"version-history":[{"count":3,"href":"https:\/\/medicaltravel.net\/de\/wp-json\/wp\/v2\/pages\/2134\/revisions"}],"predecessor-version":[{"id":2137,"href":"https:\/\/medicaltravel.net\/de\/wp-json\/wp\/v2\/pages\/2134\/revisions\/2137"}],"up":[{"embeddable":true,"href":"https:\/\/medicaltravel.net\/de\/wp-json\/wp\/v2\/pages\/2114"}],"wp:attachment":[{"href":"https:\/\/medicaltravel.net\/de\/wp-json\/wp\/v2\/media?parent=2134"}],"curies":[{"name":"wp","href":"https:\/\/api.w.org\/{rel}","templated":true}]}}