{"id":2139,"date":"2025-09-29T09:25:20","date_gmt":"2025-09-29T08:25:20","guid":{"rendered":"https:\/\/medicaltravel.net\/kardiologie-herzbehandlungen-in-der-tuerkei-istanbul-antalya-izmir-bursa\/nierentransplantation-tuerkei-istanbul-antalya-bursa-izmir\/"},"modified":"2026-01-06T16:09:54","modified_gmt":"2026-01-06T15:09:54","slug":"nierentransplantation-tuerkei-istanbul-antalya-bursa-izmir","status":"publish","type":"page","link":"https:\/\/medicaltravel.net\/de\/kardiologie-herzbehandlungen-in-der-tuerkei-istanbul-antalya-izmir-bursa\/nierentransplantation-tuerkei-istanbul-antalya-bursa-izmir\/","title":{"rendered":"Nierentransplantation T\u00fcrkei Istanbul Antalya Bursa Izmir"},"content":{"rendered":"\t\t<div data-elementor-type=\"wp-page\" data-elementor-id=\"2139\" class=\"elementor elementor-2139 elementor-55\" data-elementor-post-type=\"page\">\n\t\t\t\t<div class=\"elementor-element elementor-element-59dbe4c5 e-flex e-con-boxed wpr-particle-no wpr-jarallax-no wpr-parallax-no wpr-sticky-section-no e-con e-parent\" data-id=\"59dbe4c5\" data-element_type=\"container\" data-e-type=\"container\">\n\t\t\t\t\t<div class=\"e-con-inner\">\n\t\t<div class=\"elementor-element elementor-element-a857f6c e-con-full e-flex wpr-particle-no wpr-jarallax-no wpr-parallax-no wpr-sticky-section-no e-con e-child\" data-id=\"a857f6c\" data-element_type=\"container\" data-e-type=\"container\">\n\t\t\t\t<div class=\"elementor-element elementor-element-23589a3 elementor-widget elementor-widget-button\" data-id=\"23589a3\" data-element_type=\"widget\" data-e-type=\"widget\" data-widget_type=\"button.default\">\n\t\t\t\t\t\t\t\t\t\t<a class=\"elementor-button elementor-button-link elementor-size-sm\" href=\"https:\/\/medicaltravel.net\/de\/kardiologie-herzbehandlungen-in-der-tuerkei-istanbul-antalya-izmir-bursa\/nierentransplantation-tuerkei-istanbul-antalya-bursa-izmir\/\">\n\t\t\t\t\t\t<span class=\"elementor-button-content-wrapper\">\n\t\t\t\t\t\t\t\t\t<span class=\"elementor-button-text\">Nierentransplantation<\/span>\n\t\t\t\t\t<\/span>\n\t\t\t\t\t<\/a>\n\t\t\t\t\t\t\t\t<\/div>\n\t\t\t\t<div class=\"elementor-element elementor-element-3760917 elementor-widget elementor-widget-button\" data-id=\"3760917\" data-element_type=\"widget\" data-e-type=\"widget\" data-widget_type=\"button.default\">\n\t\t\t\t\t\t\t\t\t\t<a class=\"elementor-button elementor-button-link elementor-size-sm\" href=\"https:\/\/medicaltravel.net\/cardiology-turkey-istanbul-antalya\/liver-transplant-turkey-istanbul-antalya\/\">\n\t\t\t\t\t\t<span class=\"elementor-button-content-wrapper\">\n\t\t\t\t\t\t\t\t\t<span class=\"elementor-button-text\">Lebertransplantation<\/span>\n\t\t\t\t\t<\/span>\n\t\t\t\t\t<\/a>\n\t\t\t\t\t\t\t\t<\/div>\n\t\t\t\t<\/div>\n\t\t\t\t<div class=\"elementor-element elementor-element-423c9ade elementor-widget elementor-widget-text-editor\" data-id=\"423c9ade\" data-element_type=\"widget\" data-e-type=\"widget\" data-widget_type=\"text-editor.default\">\n\t\t\t\t\t\t\t\t\t\n<h3 class=\"wp-block-heading\">NIERENTRANSPLANTATION VERFAHREN, T\u00dcRKEI- Istanbul- Antalya- Izmir- Bursa<\/h3>\n\n<p>Viele hochrangige Krankenh\u00e4user in der T\u00fcrkei haben ihre Organtransplantationszentren zwischen 2000 und 2010 er\u00f6ffnet. Das am International Hospital in Istanbul der Gruppe gelegene Zentrum verf\u00fcgt \u00fcber ein Team, das an weltweit renommierten Institutionen ausgebildet wurde und in seiner Karriere mehr als 2000 Nieren-, 250 Leber- und 60 Pankreastransplantationen durchgef\u00fchrt hat. Das Zentrum wird von den besten klinischen Laboren und der intensivmedizinischen Abteilung des Landes unterst\u00fctzt und f\u00fchrt Nieren- und Lebertransplantationen durch.  <\/p>\n\n<p>Vorteile der Nierentransplantation in der T\u00fcrkei<\/p>\n\n<figure class=\"wp-block-image size-full\"><img fetchpriority=\"high\" decoding=\"async\" width=\"560\" height=\"260\" class=\"wp-image-211\" src=\"https:\/\/medicaltravel.net\/wp-content\/uploads\/2025\/09\/organnakli.jpg\" alt=\"\" srcset=\"https:\/\/medicaltravel.net\/wp-content\/uploads\/2025\/09\/organnakli.jpg 560w, https:\/\/medicaltravel.net\/wp-content\/uploads\/2025\/09\/organnakli-300x139.jpg 300w\" sizes=\"(max-width: 560px) 100vw, 560px\" \/><\/figure>\n\n<p id=\"caption-attachment-291\">Das beste Krankenhaus f\u00fcr Nierentransplantationen in der T\u00fcrkei<\/p>\n\n<ul class=\"wp-block-list\">\n<li>Modernste Technologie und h\u00f6chste Servicequalit\u00e4t<\/li>\n<\/ul>\n\n<p>Die Operationss\u00e4le und Intensivstationen des International Hospital sind mit der neuesten technologischen Infrastruktur ausgestattet. Die vollendoskopische Technik verringert den Bedarf an Intensivpflege f\u00fcr den Spender. F\u00fcr Leber- und einige Nierenempf\u00e4nger sind jedoch vollwertige Intensivstationen von entscheidender Bedeutung.  <\/p>\n\n<p>Das Spenderschutzprogramm (Nachsorge und Betreuung des Spenders nach der Transplantation) ist einer der einzigartigen Services, die das Transplantationszentrum des International Hospital anbietet.<\/p>\n\n<p>Das Transplantationszentrum des International Hospital verpflichtet sich vollst\u00e4ndig zu den h\u00f6chsten moralischen und ethischen Standards bei Organspenden und Transplantationen. Es h\u00e4lt die Grunds\u00e4tze der Istanbul-Erkl\u00e4rung \u00fcber Organhandel und Transplantationstourismus der Transplantation Society und der International Society of Nephrology sowie die Konsenserkl\u00e4rung des Amsterdam-Forums ein, die von der Transplantation Society zur Betreuung lebender Nierenspender angenommen wurde. Das Zentrum erf\u00fcllt zudem die Standards des t\u00fcrkischen Koordinationssystems f\u00fcr Organ- und Gewebetransplantationen.  <\/p>\n\n<ul class=\"wp-block-list\">\n<li>Infrastruktur nach internationalen Standards<\/li>\n<\/ul>\n\n<p>Operationss\u00e4le, Labore und Intensivstationen sind die wichtigsten Bereiche bei Organspenden und Transplantationen. Die fortschrittliche Technologie und international anerkannten hohen Qualit\u00e4tsstandards erm\u00f6glichen es Organtransplantationspatienten und Spendern, in den Laboren, Intensivstationen und Operationss\u00e4len von Ac\u0131badem die bestm\u00f6gliche medizinische Versorgung und Betreuung zu erhalten. <\/p>\n\n<p>Spezialisten mit internationaler Erfahrung f\u00fchren Operationen unter Einsatz hochmoderner Methoden durch. Ein Beispiel hierf\u00fcr ist die Entnahme der Niere \u00fcber einen nur 5 cm langen Schnitt in der Leistenregion, die vollst\u00e4ndig laparoskopisch durchgef\u00fchrt wird. Die angewandten fortschrittlichen medizinischen Methoden erm\u00f6glichen es den Spendern, innerhalb von 24 Stunden nach der Operation entlassen zu werden und bereits nach einer Woche wieder arbeiten zu k\u00f6nnen. Der Empf\u00e4nger kann das Krankenhaus in etwa einer Woche verlassen.   <\/p>\n\n<p>Das Team des Organtransplantationszentrums des International Hospital wird von dem weltweit renommierten Dr. Alihan Gurkan, Professor f\u00fcr Allgemeinchirurgie, geleitet. Zu den ersten Errungenschaften von Dr. Gurkan, der im Laufe seiner Karriere \u00fcber 2.000 Nierentransplantationen durchgef\u00fchrt hat, geh\u00f6ren folgende: <\/p>\n\n<ul class=\"wp-block-list\">\n<li>Die erste Lebertransplantation von einem lebenden Spender in S\u00fcd-T\u00fcrkei im Jahr 2001<\/li>\n\n<li>Die erste Leberteiltransplantation in der T\u00fcrkei im Jahr 2002<\/li>\n\n<li>Die erste Block-Nierentransplantation (Kombination von zwei Kinder-Nieren zur Transplantation als ein Organ bei einem Erwachsenen) in der T\u00fcrkei im Jahr 2003<\/li>\n\n<li>Die weltweit erste kombinierte Hilfs-Leber- und Nierentransplantation zur Behandlung der Oxalose im Jahr 2004<\/li>\n\n<li>Die erste und einzige kombinierte Herz-Nieren-Transplantation in der T\u00fcrkei im Jahr 2009<\/li>\n\n<li>Nierentransplantation von einem lebenden Spender an den \u00e4ltesten Empf\u00e4nger in der T\u00fcrkei im Jahr 2009<\/li>\n\n<li>Lebertransplantation vom \u00e4ltesten verstorbenen Spender im Jahr 2009<\/li>\n\n<li>Nierentransplantation an den weltweit leichtesten Empf\u00e4nger (7,5 kg) im Jahr 2010<\/li>\n\n<li>Kombinierte Nieren- und Lebertransplantation an den weltweit leichtesten Empf\u00e4nger (7,9 kg) im Jahr 2010<\/li>\n\n<li>Laparoskopische Lebertransplantation von dem \u00e4ltesten lebenden Spender in der T\u00fcrkei (84 Jahre) im Jahr 2010<\/li>\n<\/ul>\n\n<h3 class=\"wp-block-heading\">Vollst\u00e4ndig laparoskopische Techniken<\/h3>\n\n<p>Vollst\u00e4ndig laparoskopische Techniken, die bei Operationen verwendet werden, erm\u00f6glichen einen minimalen Krankenhausaufenthalt f\u00fcr Spender. Diese Techniken werden nur in Zentren mit hoch erfahrenem Fachpersonal eingesetzt und bieten viele Vorteile gegen\u00fcber offenen Operationen: W\u00e4hrend bei offenen Operationen Schnitte von 15\u201320 cm notwendig sind, erm\u00f6glicht die Laparoskopie Schnitte von nur 5 cm L\u00e4nge. Die Operation wird durch eine in den Bauch eingef\u00fchrte Kamera erm\u00f6glicht, die eine hohe visuelle Kontrolle bietet. Ein kleineres Operationsfeld bedeutet weniger postoperative Schmerzen und geringeres Risiko von Operationswunden. Das Fehlen gro\u00dfer Narben verringert kosmetische Bedenken und senkt das Risiko von Hernien, Taubheitsgef\u00fchlen, Wundinfektionen und Lungenembolien. Mit der laparoskopischen Technik k\u00f6nnen Spender noch am Abend der Operation mobilisiert werden und Fl\u00fcssigkeiten zu sich nehmen, am n\u00e4chsten Tag feste Nahrung aufnehmen und entlassen werden sowie bereits in der darauffolgenden Woche wieder arbeiten. Der Empf\u00e4nger kann das Krankenhaus in etwa einer Woche verlassen.      <\/p>\n\t\t\t\t\t\t\t\t<\/div>\n\t\t\t\t\t<\/div>\n\t\t\t\t<\/div>\n\t\t\t\t<\/div>\n\t\t","protected":false},"excerpt":{"rendered":"<p>Nierentransplantation Lebertransplantation NIERENTRANSPLANTATION VERFAHREN, T\u00dcRKEI- Istanbul- Antalya- Izmir- Bursa Viele hochrangige Krankenh\u00e4user in der T\u00fcrkei haben ihre Organtransplantationszentren zwischen 2000 und 2010 er\u00f6ffnet. Das am International Hospital in Istanbul der Gruppe gelegene Zentrum verf\u00fcgt \u00fcber ein Team, das an weltweit renommierten Institutionen ausgebildet wurde und in seiner Karriere mehr als 2000 Nieren-, 250 Leber- und 60 Pankreastransplantationen durchgef\u00fchrt hat. Das Zentrum wird von den besten klinischen Laboren und der intensivmedizinischen Abteilung des Landes unterst\u00fctzt und f\u00fchrt Nieren- und Lebertransplantationen durch. Vorteile der Nierentransplantation in der T\u00fcrkei Das beste Krankenhaus f\u00fcr Nierentransplantationen in der T\u00fcrkei Modernste Technologie und h\u00f6chste Servicequalit\u00e4t Die Operationss\u00e4le und Intensivstationen des International Hospital sind mit der neuesten technologischen Infrastruktur ausgestattet. Die vollendoskopische Technik verringert den Bedarf an Intensivpflege f\u00fcr den Spender. F\u00fcr Leber- und einige Nierenempf\u00e4nger sind jedoch vollwertige Intensivstationen von entscheidender Bedeutung. Das Spenderschutzprogramm (Nachsorge und Betreuung des Spenders nach der Transplantation) ist einer der einzigartigen Services, die das Transplantationszentrum des International Hospital anbietet. Das Transplantationszentrum des International Hospital verpflichtet sich vollst\u00e4ndig zu den h\u00f6chsten moralischen und ethischen Standards bei Organspenden und Transplantationen. Es h\u00e4lt die Grunds\u00e4tze der Istanbul-Erkl\u00e4rung \u00fcber Organhandel und Transplantationstourismus der Transplantation Society und der International Society of Nephrology sowie die Konsenserkl\u00e4rung des Amsterdam-Forums ein, die von der Transplantation Society zur Betreuung lebender Nierenspender angenommen wurde. Das Zentrum erf\u00fcllt zudem die Standards des t\u00fcrkischen Koordinationssystems f\u00fcr Organ- und Gewebetransplantationen. Infrastruktur nach internationalen Standards Operationss\u00e4le, Labore und Intensivstationen sind die wichtigsten Bereiche bei Organspenden und Transplantationen. Die fortschrittliche Technologie und international anerkannten hohen Qualit\u00e4tsstandards erm\u00f6glichen es Organtransplantationspatienten und Spendern, in den Laboren, Intensivstationen und Operationss\u00e4len von Ac\u0131badem die bestm\u00f6gliche medizinische Versorgung und Betreuung zu erhalten. Spezialisten mit internationaler Erfahrung f\u00fchren Operationen unter Einsatz hochmoderner Methoden durch. Ein Beispiel hierf\u00fcr ist die Entnahme der Niere \u00fcber einen nur 5 cm langen Schnitt in der Leistenregion, die vollst\u00e4ndig laparoskopisch durchgef\u00fchrt wird. Die angewandten fortschrittlichen medizinischen Methoden erm\u00f6glichen es den Spendern, innerhalb von 24 Stunden nach der Operation entlassen zu werden und bereits nach einer Woche wieder arbeiten zu k\u00f6nnen. Der Empf\u00e4nger kann das Krankenhaus in etwa einer Woche verlassen. Das Team des Organtransplantationszentrums des International Hospital wird von dem weltweit renommierten Dr. Alihan Gurkan, Professor f\u00fcr Allgemeinchirurgie, geleitet. Zu den ersten Errungenschaften von Dr. Gurkan, der im Laufe seiner Karriere \u00fcber 2.000 Nierentransplantationen durchgef\u00fchrt hat, geh\u00f6ren folgende: Die erste Lebertransplantation von einem lebenden Spender in S\u00fcd-T\u00fcrkei im Jahr 2001 Die erste Leberteiltransplantation in der T\u00fcrkei im Jahr 2002 Die erste Block-Nierentransplantation (Kombination von zwei Kinder-Nieren zur Transplantation als ein Organ bei einem Erwachsenen) in der T\u00fcrkei im Jahr 2003 Die weltweit erste kombinierte Hilfs-Leber- und Nierentransplantation zur Behandlung der Oxalose im Jahr 2004 Die erste und einzige kombinierte Herz-Nieren-Transplantation in der T\u00fcrkei im Jahr 2009 Nierentransplantation von einem lebenden Spender an den \u00e4ltesten Empf\u00e4nger in der T\u00fcrkei im Jahr 2009 Lebertransplantation vom \u00e4ltesten verstorbenen Spender im Jahr 2009 Nierentransplantation an den weltweit leichtesten Empf\u00e4nger (7,5 kg) im Jahr 2010 Kombinierte Nieren- und Lebertransplantation an den weltweit leichtesten Empf\u00e4nger (7,9 kg) im Jahr 2010 Laparoskopische Lebertransplantation von dem \u00e4ltesten lebenden Spender in der T\u00fcrkei (84 Jahre) im Jahr 2010 Vollst\u00e4ndig laparoskopische Techniken Vollst\u00e4ndig laparoskopische Techniken, die bei Operationen verwendet werden, erm\u00f6glichen einen minimalen Krankenhausaufenthalt f\u00fcr Spender. Diese Techniken werden nur in Zentren mit hoch erfahrenem Fachpersonal eingesetzt und bieten viele Vorteile gegen\u00fcber offenen Operationen: W\u00e4hrend bei offenen Operationen Schnitte von 15\u201320 cm notwendig sind, erm\u00f6glicht die Laparoskopie Schnitte von nur 5 cm L\u00e4nge. Die Operation wird durch eine in den Bauch eingef\u00fchrte Kamera erm\u00f6glicht, die eine hohe visuelle Kontrolle bietet. Ein kleineres Operationsfeld bedeutet weniger postoperative Schmerzen und geringeres Risiko von Operationswunden. Das Fehlen gro\u00dfer Narben verringert kosmetische Bedenken und senkt das Risiko von Hernien, Taubheitsgef\u00fchlen, Wundinfektionen und Lungenembolien. Mit der laparoskopischen Technik k\u00f6nnen Spender noch am Abend der Operation mobilisiert werden und Fl\u00fcssigkeiten zu sich nehmen, am n\u00e4chsten Tag feste Nahrung aufnehmen und entlassen werden sowie bereits in der darauffolgenden Woche wieder arbeiten. Der Empf\u00e4nger kann das Krankenhaus in etwa einer Woche verlassen.<\/p>\n","protected":false},"author":4,"featured_media":0,"parent":2114,"menu_order":0,"comment_status":"closed","ping_status":"closed","template":"","meta":{"_joinchat":[],"footnotes":""},"class_list":["post-2139","page","type-page","status-publish","hentry"],"acf":[],"_links":{"self":[{"href":"https:\/\/medicaltravel.net\/de\/wp-json\/wp\/v2\/pages\/2139","targetHints":{"allow":["GET"]}}],"collection":[{"href":"https:\/\/medicaltravel.net\/de\/wp-json\/wp\/v2\/pages"}],"about":[{"href":"https:\/\/medicaltravel.net\/de\/wp-json\/wp\/v2\/types\/page"}],"author":[{"embeddable":true,"href":"https:\/\/medicaltravel.net\/de\/wp-json\/wp\/v2\/users\/4"}],"replies":[{"embeddable":true,"href":"https:\/\/medicaltravel.net\/de\/wp-json\/wp\/v2\/comments?post=2139"}],"version-history":[{"count":3,"href":"https:\/\/medicaltravel.net\/de\/wp-json\/wp\/v2\/pages\/2139\/revisions"}],"predecessor-version":[{"id":2142,"href":"https:\/\/medicaltravel.net\/de\/wp-json\/wp\/v2\/pages\/2139\/revisions\/2142"}],"up":[{"embeddable":true,"href":"https:\/\/medicaltravel.net\/de\/wp-json\/wp\/v2\/pages\/2114"}],"wp:attachment":[{"href":"https:\/\/medicaltravel.net\/de\/wp-json\/wp\/v2\/media?parent=2139"}],"curies":[{"name":"wp","href":"https:\/\/api.w.org\/{rel}","templated":true}]}}