{"id":2144,"date":"2025-09-29T09:26:19","date_gmt":"2025-09-29T08:26:19","guid":{"rendered":"https:\/\/medicaltravel.net\/kardiologie-herzbehandlungen-in-der-tuerkei-istanbul-antalya-izmir-bursa\/lebertransplantation-tuerkei-istanbul-antalya-izmir-bursa\/"},"modified":"2026-01-06T16:16:28","modified_gmt":"2026-01-06T15:16:28","slug":"lebertransplantation-tuerkei-istanbul-antalya-izmir-bursa","status":"publish","type":"page","link":"https:\/\/medicaltravel.net\/de\/kardiologie-herzbehandlungen-in-der-tuerkei-istanbul-antalya-izmir-bursa\/lebertransplantation-tuerkei-istanbul-antalya-izmir-bursa\/","title":{"rendered":"Lebertransplantation T\u00fcrkei Istanbul Antalya Izmir Bursa"},"content":{"rendered":"\t\t<div data-elementor-type=\"wp-page\" data-elementor-id=\"2144\" class=\"elementor elementor-2144 elementor-57\" data-elementor-post-type=\"page\">\n\t\t\t\t<div class=\"elementor-element elementor-element-16077b99 e-flex e-con-boxed wpr-particle-no wpr-jarallax-no wpr-parallax-no wpr-sticky-section-no e-con e-parent\" data-id=\"16077b99\" data-element_type=\"container\" data-e-type=\"container\">\n\t\t\t\t\t<div class=\"e-con-inner\">\n\t\t<div class=\"elementor-element elementor-element-68b4cf3 e-con-full e-flex wpr-particle-no wpr-jarallax-no wpr-parallax-no wpr-sticky-section-no e-con e-child\" data-id=\"68b4cf3\" data-element_type=\"container\" data-e-type=\"container\">\n\t\t\t\t<div class=\"elementor-element elementor-element-433efcb elementor-widget elementor-widget-button\" data-id=\"433efcb\" data-element_type=\"widget\" data-e-type=\"widget\" data-widget_type=\"button.default\">\n\t\t\t\t\t\t\t\t\t\t<a class=\"elementor-button elementor-button-link elementor-size-sm\" href=\"https:\/\/medicaltravel.net\/de\/kardiologie-herzbehandlungen-in-der-tuerkei-istanbul-antalya-izmir-bursa\/nierentransplantation-tuerkei-istanbul-antalya-bursa-izmir\/\">\n\t\t\t\t\t\t<span class=\"elementor-button-content-wrapper\">\n\t\t\t\t\t\t\t\t\t<span class=\"elementor-button-text\">Nierentransplantation<\/span>\n\t\t\t\t\t<\/span>\n\t\t\t\t\t<\/a>\n\t\t\t\t\t\t\t\t<\/div>\n\t\t\t\t<div class=\"elementor-element elementor-element-88ba454 elementor-widget elementor-widget-button\" data-id=\"88ba454\" data-element_type=\"widget\" data-e-type=\"widget\" data-widget_type=\"button.default\">\n\t\t\t\t\t\t\t\t\t\t<a class=\"elementor-button elementor-button-link elementor-size-sm\" href=\"https:\/\/medicaltravel.net\/de\/kardiologie-herzbehandlungen-in-der-tuerkei-istanbul-antalya-izmir-bursa\/lebertransplantation-tuerkei-istanbul-antalya-izmir-bursa\/\">\n\t\t\t\t\t\t<span class=\"elementor-button-content-wrapper\">\n\t\t\t\t\t\t\t\t\t<span class=\"elementor-button-text\">Lebertransplantation<\/span>\n\t\t\t\t\t<\/span>\n\t\t\t\t\t<\/a>\n\t\t\t\t\t\t\t\t<\/div>\n\t\t\t\t<\/div>\n\t\t\t\t<div class=\"elementor-element elementor-element-410382f7 elementor-widget elementor-widget-text-editor\" data-id=\"410382f7\" data-element_type=\"widget\" data-e-type=\"widget\" data-widget_type=\"text-editor.default\">\n\t\t\t\t\t\t\t\t\t\n<h3 class=\"wp-block-heading\">Lebertransplantation in der T\u00fcrkei \u2013 Istanbul \u2013 Antalya \u2013 Izmir \u2013 Bursa<\/h3>\n\n<p>T\u00fcrkische Krankenh\u00e4user machen einen gro\u00dfen Unterschied bei Lebertransplantationen.<\/p>\n\n<p><strong>Das einzige Organ, das sich selbst regenerieren kann<\/strong><\/p>\n\n<p>Die Leber gilt als das komplizierteste und stoffwechselaktivste Organ unseres K\u00f6rpers. Sie kann jedoch weiterhin funktionieren, selbst wenn 70 % ihres Gewebes entfernt werden m\u00fcssen. Wenn ein Leberspender mehr als die H\u00e4lfte seiner Leber f\u00fcr eine Transplantation spendet, kann der verbleibende Teil seine Funktion ohne Verlust oder ernsthafte Komplikationen wieder aufnehmen. Diese F\u00e4higkeit verdanken wir der Regenerationsf\u00e4higkeit der Leber, da sie das einzige Organ ist, das sich nach der Entfernung von mehr als der H\u00e4lfte seines Gewebes selbst regenerieren kann.   <\/p>\n\n<figure class=\"wp-block-image size-full\"><img fetchpriority=\"high\" decoding=\"async\" width=\"560\" height=\"350\" class=\"wp-image-213\" src=\"https:\/\/medicaltravel.net\/wp-content\/uploads\/2025\/09\/csm_shutterstock_89792167_e4a19dac79.jpg\" alt=\"\" srcset=\"https:\/\/medicaltravel.net\/wp-content\/uploads\/2025\/09\/csm_shutterstock_89792167_e4a19dac79.jpg 560w, https:\/\/medicaltravel.net\/wp-content\/uploads\/2025\/09\/csm_shutterstock_89792167_e4a19dac79-300x188.jpg 300w\" sizes=\"(max-width: 560px) 100vw, 560px\" \/><\/figure>\n\n<p id=\"caption-attachment-295\">Lebertransplantation im Ausland \u2013 T\u00fcrkei<\/p>\n\n<h3 class=\"wp-block-heading\">Wann ist eine Lebertransplantation erforderlich?<\/h3>\n\n<p>Selbst bei Entz\u00fcndungen durch Alkoholkonsum oder Fettlebererkrankungen, Hepatitis-Infektionen, langfristigen Stauungen oder Gallensteinen, bestimmten Stoffwechselerkrankungen, Tumoren oder angeborenen Enzymdefiziten k\u00f6nnen Patienten lange Zeit ein normales Leben f\u00fchren, solange der Krankheitsverlauf langsam ist. Sobald jedoch eine Leberinsuffizienz auftritt, kann dies zu Juckreiz, Fl\u00fcssigkeitsansammlungen in der Lunge und Bauchwasser (Aszites), schwerer Hepatitis, Blutungen und An\u00e4mie f\u00fchren. <\/p>\n\n<p>Bei fortgeschrittener Lebererkrankung k\u00f6nnen Ver\u00e4nderungen der Pers\u00f6nlichkeit und des Verhaltens auftreten. Gewichtsverlust, verminderte Urinproduktion und M\u00fcdigkeit k\u00f6nnen bis zu einem Koma fortschreiten. <\/p>\n\n<p>Diese Symptome weisen darauf hin, dass die Leber des Patienten die Bed\u00fcrfnisse des K\u00f6rpers nicht mehr erf\u00fcllen kann. Dieser Zustand, \u201eLeberversagen\u201c genannt, macht eine Lebertransplantation zur einzigen Option f\u00fcr den Patienten. <\/p>\n\n<h3 class=\"wp-block-heading\">Erfolgreiche Ergebnisse bei der Goldstandard-Methode \u201eOrthotope Lebertransplantation\u201c<\/h3>\n\n<p>Im Organtransplantationszentrum Ac\u0131badem Bursa wird die Leber sowohl von lebenden Spendern als auch von Verstorbenen transplantiert. Die bei diesen Operationen angewandte Methode ist die orthotope Lebertransplantation, eine weltweit als \u201eGoldstandard\u201c anerkannte Technik. Bei dieser modernen Methode wird die gro\u00dfe Vene hinter der Leber vor der Transplantation mit chirurgischen Klammern gesichert. F\u00fcr den Erfolg dieser Operation sind ein chirurgisches Team und Ger\u00e4te mit hoher technischer Kapazit\u00e4t erforderlich. Wie bei jeder Transplantation sollten auch Lebertransplantationen in Krankenh\u00e4usern und Operationss\u00e4len mit modernster Technologie durchgef\u00fchrt werden. Bei einer Transplantation von einem lebenden Spender wird die H\u00e4lfte der Leber auf den Empf\u00e4nger \u00fcbertragen. Daher ist der chirurgische Prozess technisch sehr anspruchsvoll. Nach der Transplantation k\u00f6nnen lebende Spender in 6\u20137 Tagen entlassen werden, w\u00e4hrend Organempf\u00e4nger 15\u201320 Tage im Krankenhaus bleiben m\u00fcssen. Die transplantierte Leber regeneriert sich dann selbst und w\u00e4chst schnell auf eine Gr\u00f6\u00dfe heran, die den Bed\u00fcrfnissen des Empf\u00e4ngers entspricht.        <\/p>\n\n<h3 class=\"wp-block-heading\">Internationale Qualit\u00e4t in der Infrastruktur<\/h3>\n\n<p>Das Organtransplantationszentrum des Ac\u0131badem Bursa Krankenhauses bietet seine Leistungen mit einer technischen Infrastruktur auf internationalem Standard an. Organempf\u00e4nger und -spender werden in Operationss\u00e4len und Intensivstationen unter vollst\u00e4ndig sterilen Bedingungen mit Laminarflow und modernster technologischer Ausstattung behandelt. Die Laborverfahren werden im Ac\u0131badem Labmed durchgef\u00fchrt, einem Labor nach internationalen Standards, das ebenfalls Mitglied der Ac\u0131badem Healthcare Gruppe ist.  <\/p>\n\n<h3 class=\"wp-block-heading\">Erfahrenes Team<\/h3>\n\n<p>Das im Ac\u0131badem Bursa Krankenhaus eingerichtete Organtransplantationszentrum verf\u00fcgt \u00fcber die gesamte notwendige Technologie f\u00fcr Lebertransplantationen. Leiter dieses Lebertransplantationszentrums ist Prof. Dr. Remzi Emiro\u011flu, der in der T\u00fcrkei neue Ma\u00dfst\u00e4be bei Nieren- und Lebertransplantationen gesetzt hat. Seit 1998 hat Prof. Emiro\u011flu etwa 200 Leber- und mehr als 200 Nierentransplantationen durchgef\u00fchrt.  <\/p>\n\n<p>Prof. Emiro\u011flu und sein Team sind sowohl in der Hilfs-Lebertransplantation (d.\u202fh. ohne vollst\u00e4ndige Entfernung der Leber) als auch in der Standard-orthotopen Lebertransplantation erfahren. Das Team verf\u00fcgt au\u00dferdem \u00fcber Erfahrung in allen Arten von Shunt-Operationen und Sugiura-Verfahren bei Patienten mit Blutungen aufgrund einer Leberzirrhose. Prof. Emiro\u011flu, der die ersten Transplantationen von lebenden und verstorbenen Spendern an Erwachsene und Kinder in Bursa durchgef\u00fchrt hat, hat etwa 100 wissenschaftliche Artikel zur Organtransplantation ver\u00f6ffentlicht, von denen 85 im Ausland erschienen sind.  <\/p>\n\t\t\t\t\t\t\t\t<\/div>\n\t\t\t\t\t<\/div>\n\t\t\t\t<\/div>\n\t\t\t\t<\/div>\n\t\t","protected":false},"excerpt":{"rendered":"<p>Nierentransplantation Lebertransplantation Lebertransplantation in der T\u00fcrkei \u2013 Istanbul \u2013 Antalya \u2013 Izmir \u2013 Bursa T\u00fcrkische Krankenh\u00e4user machen einen gro\u00dfen Unterschied bei Lebertransplantationen. Das einzige Organ, das sich selbst regenerieren kann Die Leber gilt als das komplizierteste und stoffwechselaktivste Organ unseres K\u00f6rpers. Sie kann jedoch weiterhin funktionieren, selbst wenn 70 % ihres Gewebes entfernt werden m\u00fcssen. Wenn ein Leberspender mehr als die H\u00e4lfte seiner Leber f\u00fcr eine Transplantation spendet, kann der verbleibende Teil seine Funktion ohne Verlust oder ernsthafte Komplikationen wieder aufnehmen. Diese F\u00e4higkeit verdanken wir der Regenerationsf\u00e4higkeit der Leber, da sie das einzige Organ ist, das sich nach der Entfernung von mehr als der H\u00e4lfte seines Gewebes selbst regenerieren kann. Lebertransplantation im Ausland \u2013 T\u00fcrkei Wann ist eine Lebertransplantation erforderlich? Selbst bei Entz\u00fcndungen durch Alkoholkonsum oder Fettlebererkrankungen, Hepatitis-Infektionen, langfristigen Stauungen oder Gallensteinen, bestimmten Stoffwechselerkrankungen, Tumoren oder angeborenen Enzymdefiziten k\u00f6nnen Patienten lange Zeit ein normales Leben f\u00fchren, solange der Krankheitsverlauf langsam ist. Sobald jedoch eine Leberinsuffizienz auftritt, kann dies zu Juckreiz, Fl\u00fcssigkeitsansammlungen in der Lunge und Bauchwasser (Aszites), schwerer Hepatitis, Blutungen und An\u00e4mie f\u00fchren. Bei fortgeschrittener Lebererkrankung k\u00f6nnen Ver\u00e4nderungen der Pers\u00f6nlichkeit und des Verhaltens auftreten. Gewichtsverlust, verminderte Urinproduktion und M\u00fcdigkeit k\u00f6nnen bis zu einem Koma fortschreiten. Diese Symptome weisen darauf hin, dass die Leber des Patienten die Bed\u00fcrfnisse des K\u00f6rpers nicht mehr erf\u00fcllen kann. Dieser Zustand, \u201eLeberversagen\u201c genannt, macht eine Lebertransplantation zur einzigen Option f\u00fcr den Patienten. Erfolgreiche Ergebnisse bei der Goldstandard-Methode \u201eOrthotope Lebertransplantation\u201c Im Organtransplantationszentrum Ac\u0131badem Bursa wird die Leber sowohl von lebenden Spendern als auch von Verstorbenen transplantiert. Die bei diesen Operationen angewandte Methode ist die orthotope Lebertransplantation, eine weltweit als \u201eGoldstandard\u201c anerkannte Technik. Bei dieser modernen Methode wird die gro\u00dfe Vene hinter der Leber vor der Transplantation mit chirurgischen Klammern gesichert. F\u00fcr den Erfolg dieser Operation sind ein chirurgisches Team und Ger\u00e4te mit hoher technischer Kapazit\u00e4t erforderlich. Wie bei jeder Transplantation sollten auch Lebertransplantationen in Krankenh\u00e4usern und Operationss\u00e4len mit modernster Technologie durchgef\u00fchrt werden. Bei einer Transplantation von einem lebenden Spender wird die H\u00e4lfte der Leber auf den Empf\u00e4nger \u00fcbertragen. Daher ist der chirurgische Prozess technisch sehr anspruchsvoll. Nach der Transplantation k\u00f6nnen lebende Spender in 6\u20137 Tagen entlassen werden, w\u00e4hrend Organempf\u00e4nger 15\u201320 Tage im Krankenhaus bleiben m\u00fcssen. Die transplantierte Leber regeneriert sich dann selbst und w\u00e4chst schnell auf eine Gr\u00f6\u00dfe heran, die den Bed\u00fcrfnissen des Empf\u00e4ngers entspricht. Internationale Qualit\u00e4t in der Infrastruktur Das Organtransplantationszentrum des Ac\u0131badem Bursa Krankenhauses bietet seine Leistungen mit einer technischen Infrastruktur auf internationalem Standard an. Organempf\u00e4nger und -spender werden in Operationss\u00e4len und Intensivstationen unter vollst\u00e4ndig sterilen Bedingungen mit Laminarflow und modernster technologischer Ausstattung behandelt. Die Laborverfahren werden im Ac\u0131badem Labmed durchgef\u00fchrt, einem Labor nach internationalen Standards, das ebenfalls Mitglied der Ac\u0131badem Healthcare Gruppe ist. Erfahrenes Team Das im Ac\u0131badem Bursa Krankenhaus eingerichtete Organtransplantationszentrum verf\u00fcgt \u00fcber die gesamte notwendige Technologie f\u00fcr Lebertransplantationen. Leiter dieses Lebertransplantationszentrums ist Prof. Dr. Remzi Emiro\u011flu, der in der T\u00fcrkei neue Ma\u00dfst\u00e4be bei Nieren- und Lebertransplantationen gesetzt hat. Seit 1998 hat Prof. Emiro\u011flu etwa 200 Leber- und mehr als 200 Nierentransplantationen durchgef\u00fchrt. Prof. Emiro\u011flu und sein Team sind sowohl in der Hilfs-Lebertransplantation (d.\u202fh. ohne vollst\u00e4ndige Entfernung der Leber) als auch in der Standard-orthotopen Lebertransplantation erfahren. Das Team verf\u00fcgt au\u00dferdem \u00fcber Erfahrung in allen Arten von Shunt-Operationen und Sugiura-Verfahren bei Patienten mit Blutungen aufgrund einer Leberzirrhose. Prof. Emiro\u011flu, der die ersten Transplantationen von lebenden und verstorbenen Spendern an Erwachsene und Kinder in Bursa durchgef\u00fchrt hat, hat etwa 100 wissenschaftliche Artikel zur Organtransplantation ver\u00f6ffentlicht, von denen 85 im Ausland erschienen sind.<\/p>\n","protected":false},"author":4,"featured_media":0,"parent":2114,"menu_order":0,"comment_status":"closed","ping_status":"closed","template":"","meta":{"_joinchat":[],"footnotes":""},"class_list":["post-2144","page","type-page","status-publish","hentry"],"acf":[],"_links":{"self":[{"href":"https:\/\/medicaltravel.net\/de\/wp-json\/wp\/v2\/pages\/2144","targetHints":{"allow":["GET"]}}],"collection":[{"href":"https:\/\/medicaltravel.net\/de\/wp-json\/wp\/v2\/pages"}],"about":[{"href":"https:\/\/medicaltravel.net\/de\/wp-json\/wp\/v2\/types\/page"}],"author":[{"embeddable":true,"href":"https:\/\/medicaltravel.net\/de\/wp-json\/wp\/v2\/users\/4"}],"replies":[{"embeddable":true,"href":"https:\/\/medicaltravel.net\/de\/wp-json\/wp\/v2\/comments?post=2144"}],"version-history":[{"count":3,"href":"https:\/\/medicaltravel.net\/de\/wp-json\/wp\/v2\/pages\/2144\/revisions"}],"predecessor-version":[{"id":2147,"href":"https:\/\/medicaltravel.net\/de\/wp-json\/wp\/v2\/pages\/2144\/revisions\/2147"}],"up":[{"embeddable":true,"href":"https:\/\/medicaltravel.net\/de\/wp-json\/wp\/v2\/pages\/2114"}],"wp:attachment":[{"href":"https:\/\/medicaltravel.net\/de\/wp-json\/wp\/v2\/media?parent=2144"}],"curies":[{"name":"wp","href":"https:\/\/api.w.org\/{rel}","templated":true}]}}