{"id":2156,"date":"2025-09-29T09:23:51","date_gmt":"2025-09-29T08:23:51","guid":{"rendered":"https:\/\/medicaltravel.net\/kardiologie-herzbehandlungen-in-der-tuerkei-istanbul-antalya-izmir-bursa\/robotische-chirurgie-da-vinci-tuerkei-istanbul-antalya-izmir\/"},"modified":"2026-01-06T18:39:05","modified_gmt":"2026-01-06T17:39:05","slug":"robotische-chirurgie-da-vinci-tuerkei-istanbul-antalya-izmir","status":"publish","type":"page","link":"https:\/\/medicaltravel.net\/de\/kardiologie-herzbehandlungen-in-der-tuerkei-istanbul-antalya-izmir-bursa\/robotische-chirurgie-da-vinci-tuerkei-istanbul-antalya-izmir\/","title":{"rendered":"Robotische Chirurgie Da Vinci T\u00fcrkei Istanbul Antalya Izmir"},"content":{"rendered":"\t\t<div data-elementor-type=\"wp-page\" data-elementor-id=\"2156\" class=\"elementor elementor-2156 elementor-53\" data-elementor-post-type=\"page\">\n\t\t\t\t<div class=\"elementor-element elementor-element-36c99e2a e-flex e-con-boxed wpr-particle-no wpr-jarallax-no wpr-parallax-no wpr-sticky-section-no e-con e-parent\" data-id=\"36c99e2a\" data-element_type=\"container\" data-e-type=\"container\">\n\t\t\t\t\t<div class=\"e-con-inner\">\n\t\t<div class=\"elementor-element elementor-element-5b1df2a e-con-full e-flex wpr-particle-no wpr-jarallax-no wpr-parallax-no wpr-sticky-section-no e-con e-child\" data-id=\"5b1df2a\" data-element_type=\"container\" data-e-type=\"container\">\n\t\t\t\t<div class=\"elementor-element elementor-element-6d21a06 elementor-widget elementor-widget-button\" data-id=\"6d21a06\" data-element_type=\"widget\" data-e-type=\"widget\" data-widget_type=\"button.default\">\n\t\t\t\t\t\t\t\t\t\t<a class=\"elementor-button elementor-button-link elementor-size-sm\" href=\"https:\/\/medicaltravel.net\/de\/kardiologie-herzbehandlungen-in-der-tuerkei-istanbul-antalya-izmir-bursa\/herzbetreuung-tuerkei-istanbul-antalya-bursa-adana-herz-kreislauf\/\">\n\t\t\t\t\t\t<span class=\"elementor-button-content-wrapper\">\n\t\t\t\t\t\t\t\t\t<span class=\"elementor-button-text\">Herzbetreuungsdienste<\/span>\n\t\t\t\t\t<\/span>\n\t\t\t\t\t<\/a>\n\t\t\t\t\t\t\t\t<\/div>\n\t\t\t\t<div class=\"elementor-element elementor-element-4a1d8ef elementor-widget elementor-widget-button\" data-id=\"4a1d8ef\" data-element_type=\"widget\" data-e-type=\"widget\" data-widget_type=\"button.default\">\n\t\t\t\t\t\t\t\t\t\t<a class=\"elementor-button elementor-button-link elementor-size-sm\" href=\"https:\/\/medicaltravel.net\/de\/kardiologie-herzbehandlungen-in-der-tuerkei-istanbul-antalya-izmir-bursa\/behandlung-von-herzkrankheiten-bei-kindern-tuerkei-istanbul-antalya-izmir\/\">\n\t\t\t\t\t\t<span class=\"elementor-button-content-wrapper\">\n\t\t\t\t\t\t\t\t\t<span class=\"elementor-button-text\">P\u00e4diatrische Herzabteilung<\/span>\n\t\t\t\t\t<\/span>\n\t\t\t\t\t<\/a>\n\t\t\t\t\t\t\t\t<\/div>\n\t\t\t\t<div class=\"elementor-element elementor-element-84fa814 elementor-widget elementor-widget-button\" data-id=\"84fa814\" data-element_type=\"widget\" data-e-type=\"widget\" data-widget_type=\"button.default\">\n\t\t\t\t\t\t\t\t\t\t<a class=\"elementor-button elementor-button-link elementor-size-sm\" href=\"https:\/\/medicaltravel.net\/de\/kardiologie-herzbehandlungen-in-der-tuerkei-istanbul-antalya-izmir-bursa\/behandlungen-von-erwachsenenherzerkrankungen-in-der-tuerkei-istanbul-antalya-izmir\/\">\n\t\t\t\t\t\t<span class=\"elementor-button-content-wrapper\">\n\t\t\t\t\t\t\t\t\t<span class=\"elementor-button-text\">Erwachsenenherzerkrankungen<\/span>\n\t\t\t\t\t<\/span>\n\t\t\t\t\t<\/a>\n\t\t\t\t\t\t\t\t<\/div>\n\t\t\t\t<div class=\"elementor-element elementor-element-b5be78f elementor-widget elementor-widget-button\" data-id=\"b5be78f\" data-element_type=\"widget\" data-e-type=\"widget\" data-widget_type=\"button.default\">\n\t\t\t\t\t\t\t\t\t\t<a class=\"elementor-button elementor-button-link elementor-size-sm\" href=\"https:\/\/medicaltravel.net\/de\/kardiologie-herzbehandlungen-in-der-tuerkei-istanbul-antalya-izmir-bursa\/herzkrankheiten-diagnose-behandlung-tuerkei-istanbul-antalya-izmir\/\">\n\t\t\t\t\t\t<span class=\"elementor-button-content-wrapper\">\n\t\t\t\t\t\t\t\t\t<span class=\"elementor-button-text\">Diagnose &amp; Behandlung<\/span>\n\t\t\t\t\t<\/span>\n\t\t\t\t\t<\/a>\n\t\t\t\t\t\t\t\t<\/div>\n\t\t\t\t<div class=\"elementor-element elementor-element-c1a20de elementor-widget elementor-widget-button\" data-id=\"c1a20de\" data-element_type=\"widget\" data-e-type=\"widget\" data-widget_type=\"button.default\">\n\t\t\t\t\t\t\t\t\t\t<a class=\"elementor-button elementor-button-link elementor-size-sm\" href=\"https:\/\/medicaltravel.net\/de\/kardiologie-herzbehandlungen-in-der-tuerkei-istanbul-antalya-izmir-bursa\/interventionelle-methoden-fuer-die-kardiologie-tuerkei-istanbul-antalya-izmir-angioplastie-stent\/\">\n\t\t\t\t\t\t<span class=\"elementor-button-content-wrapper\">\n\t\t\t\t\t\t\t\t\t<span class=\"elementor-button-text\">Interventionelle Medizin<\/span>\n\t\t\t\t\t<\/span>\n\t\t\t\t\t<\/a>\n\t\t\t\t\t\t\t\t<\/div>\n\t\t\t\t<div class=\"elementor-element elementor-element-7a88f81 elementor-widget elementor-widget-button\" data-id=\"7a88f81\" data-element_type=\"widget\" data-e-type=\"widget\" data-widget_type=\"button.default\">\n\t\t\t\t\t\t\t\t\t\t<a class=\"elementor-button elementor-button-link elementor-size-sm\" href=\"https:\/\/medicaltravel.net\/de\/kardiologie-herzbehandlungen-in-der-tuerkei-istanbul-antalya-izmir-bursa\/robotische-chirurgie-da-vinci-tuerkei-istanbul-antalya-izmir\/\">\n\t\t\t\t\t\t<span class=\"elementor-button-content-wrapper\">\n\t\t\t\t\t\t\t\t\t<span class=\"elementor-button-text\">Robotische Chirurgie<\/span>\n\t\t\t\t\t<\/span>\n\t\t\t\t\t<\/a>\n\t\t\t\t\t\t\t\t<\/div>\n\t\t\t\t<\/div>\n\t\t\t\t<div class=\"elementor-element elementor-element-15f407a5 elementor-widget elementor-widget-text-editor\" data-id=\"15f407a5\" data-element_type=\"widget\" data-e-type=\"widget\" data-widget_type=\"text-editor.default\">\n\t\t\t\t\t\t\t\t\t\n<h3 class=\"wp-block-heading\">ROBOTER-ASSISTIERTE CHIRURGIE DA VINCI<\/h3>\n\n<figure class=\"wp-block-image size-full\"><img fetchpriority=\"high\" decoding=\"async\" width=\"639\" height=\"480\" class=\"wp-image-208\" src=\"https:\/\/medicaltravel.net\/wp-content\/uploads\/2025\/09\/csm_da_Vinci_action_023874_e7522b3e3a.jpg\" alt=\"\" srcset=\"https:\/\/medicaltravel.net\/wp-content\/uploads\/2025\/09\/csm_da_Vinci_action_023874_e7522b3e3a.jpg 639w, https:\/\/medicaltravel.net\/wp-content\/uploads\/2025\/09\/csm_da_Vinci_action_023874_e7522b3e3a-300x225.jpg 300w\" sizes=\"(max-width: 639px) 100vw, 639px\" \/><\/figure>\n\n<p id=\"caption-attachment-388\">Minimalinvasive Da-Vinci-Chirurgie nutzt die neuesten chirurgischen und robotischen Technologien<\/p>\n\n<h3 class=\"wp-block-heading\">Robotische und minimalinvasive Herzchirurgie<\/h3>\n\n<p>Robotische Herzchirurgie, die fortgeschrittene Techniken und eine spezielle Infrastruktur erfordert, wird nur in einer begrenzten Anzahl von Zentren weltweit, einschlie\u00dflich der USA, angewendet. Ac\u0131badem Roboter- und minimalinvasive Herzchirurgie <\/p>\n\n<p>Robotische Herzchirurgie, die fortgeschrittene Techniken und eine spezielle Infrastruktur erfordert, wird nur in einer begrenzten Anzahl von Zentren weltweit, einschlie\u00dflich der USA, angewendet. Das Ac\u0131badem Maslak Krankenhaus ist ein Pionierzentrum der robotischen Herzchirurgie. Weltweit und in unserem Land wurden durch Operationen mit robotischer Chirurgie folgende Premieren erzielt:  <\/p>\n\n<h3 class=\"wp-block-heading\">Eins\u00e4tze des Da-Vinci-Roboters im Ac\u0131badem Maslak Krankenhaus:<\/h3>\n\n<p>\u2013 Aneurysma (Ausbeulung) des linken Herzventrikels zum ersten Mal weltweit,<\/p>\n\n<p>\u2013 Erste komplexe Mitralklappenreparatur in der T\u00fcrkei,<\/p>\n\n<p>\u2013 Erste Mitralklappenersatzoperationen.<\/p>\n\n<p>Bei Patienten mit Koronararterien, die keine Gef\u00e4\u00dferkrankungen aufweisen, wird die Operation routinem\u00e4\u00dfig roboter-assistiert durchgef\u00fchrt, sofern die anatomischen Gegebenheiten passen. Au\u00dferdem k\u00f6nnen Mitralklappenreparaturen, Mitralklappenersatz und Trikuspidalklappen-Interventionen bei Patienten mit geeigneter Anatomie durchgef\u00fchrt werden. Die technische Erfolgsrate der robotischen Herzchirurgie liegt bei 90\u202f%.  <\/p>\n\n<h3 class=\"wp-block-heading\">Warum Robotergest\u00fctzte \u2013 Minimalinvasive Herzchirurgie?<\/h3>\n\n<ul class=\"wp-block-list\">\n<li>Weniger Blutung<\/li>\n\n<li>Weniger bedarf an bluttransfusion<\/li>\n\n<li>Weniger schmerzen<\/li>\n\n<li>Geringeres Infektrisiko<\/li>\n\n<li>Schnellere entlassung aus dem krankenhaus<\/li>\n\n<li>Schnellere genesung<\/li>\n\n<li>\u00c4sthetischer<\/li>\n<\/ul>\n\n<h3 class=\"wp-block-heading\">Vorteile der robotergest\u00fctzten und minimalinvasiven chirurgie<\/h3>\n\n<ul class=\"wp-block-list\">\n<li>Die Erfolgsquote der Operation steigt: Dank der dreidimensionalen Kamera erm\u00f6glicht sie eine einfache Sicht auf die Bereiche, die am schwersten zu beobachten sind. Au\u00dferdem k\u00f6nnen sich die Arme des Roboters um 540 Grad drehen und sich in 6 Richtungen bewegen. Da die verwendeten Instrumente sehr klein sind, k\u00f6nnen sie Bereiche erreichen, die eine menschliche Hand nicht erreichen kann. Zum Beispiel steigt mit dieser Methode die Rate der Reparatur der Herzklappe.   <\/li>\n\n<li>Der Patient hat weniger Schmerzen: Da der Eingriff mit sehr kleinen Schnitten durchgef\u00fchrt wird, versp\u00fcren die Patienten im Vergleich zu einer offenen Operation weniger Schmerzen.<\/li>\n\n<li>Der Patient hat weniger Schmerzen: Da der Eingriff mit sehr kleinen Schnitten durchgef\u00fchrt wird, versp\u00fcren die Patienten im Vergleich zu einer offenen Operation weniger Schmerzen.<\/li>\n\n<li>Der Krankenhausaufenthalt ist k\u00fcrzer: Dank eines kleineren Operationsschnitts und eines geringeren Blutverlusts k\u00f6nnen Patienten selbst bei den kompliziertesten Operationen innerhalb von 1\u20132 Wochen entlassen werden.<\/li>\n\n<li>Schnellere R\u00fcckkehr zur Arbeit und zum sozialen Leben: An den Operationsstellen entstehen nur minimale Sch\u00e4den. Dadurch ist es f\u00fcr den Patienten viel einfacher und schneller, das Bett zu verlassen und wieder an den gewohnten k\u00f6rperlichen Aktivit\u00e4ten teilzunehmen. <\/li>\n\n<li>Verringerte Blutungsrate: Dank dreidimensionaler hochaufl\u00f6sender Kameras, die das Operationsgebiet vergr\u00f6\u00dfern k\u00f6nnen, sind Blutungsbereiche klar erkennbar. Dadurch ist der Blutverlust minimal und es ist oft keine Bluttransfusion f\u00fcr den Patienten erforderlich. <\/li>\n\n<li>Kein Brustbeinproblem: Da ein Durchtrennen des Brustbeins nicht erforderlich ist, besteht kein Risiko wie eine Verschiebung oder Infektion des Brustbeins.<\/li>\n<\/ul>\n\n<p>Das Maslak Hospital ist ein f\u00fchrendes Zentrum f\u00fcr robotergest\u00fctzte Herzchirurgie. Durch Operationen mit robotischer Chirurgie wurden weltweit und in unserem Land erstmals neue Verfahren umgesetzt: <\/p>\n\t\t\t\t\t\t\t\t<\/div>\n\t\t\t\t\t<\/div>\n\t\t\t\t<\/div>\n\t\t\t\t<\/div>\n\t\t","protected":false},"excerpt":{"rendered":"<p>Herzbetreuungsdienste P\u00e4diatrische Herzabteilung Erwachsenenherzerkrankungen Diagnose &amp; Behandlung Interventionelle Medizin Robotische Chirurgie ROBOTER-ASSISTIERTE CHIRURGIE DA VINCI Minimalinvasive Da-Vinci-Chirurgie nutzt die neuesten chirurgischen und robotischen Technologien Robotische und minimalinvasive Herzchirurgie Robotische Herzchirurgie, die fortgeschrittene Techniken und eine spezielle Infrastruktur erfordert, wird nur in einer begrenzten Anzahl von Zentren weltweit, einschlie\u00dflich der USA, angewendet. Ac\u0131badem Roboter- und minimalinvasive Herzchirurgie Robotische Herzchirurgie, die fortgeschrittene Techniken und eine spezielle Infrastruktur erfordert, wird nur in einer begrenzten Anzahl von Zentren weltweit, einschlie\u00dflich der USA, angewendet. Das Ac\u0131badem Maslak Krankenhaus ist ein Pionierzentrum der robotischen Herzchirurgie. Weltweit und in unserem Land wurden durch Operationen mit robotischer Chirurgie folgende Premieren erzielt: Eins\u00e4tze des Da-Vinci-Roboters im Ac\u0131badem Maslak Krankenhaus: \u2013 Aneurysma (Ausbeulung) des linken Herzventrikels zum ersten Mal weltweit, \u2013 Erste komplexe Mitralklappenreparatur in der T\u00fcrkei, \u2013 Erste Mitralklappenersatzoperationen. Bei Patienten mit Koronararterien, die keine Gef\u00e4\u00dferkrankungen aufweisen, wird die Operation routinem\u00e4\u00dfig roboter-assistiert durchgef\u00fchrt, sofern die anatomischen Gegebenheiten passen. Au\u00dferdem k\u00f6nnen Mitralklappenreparaturen, Mitralklappenersatz und Trikuspidalklappen-Interventionen bei Patienten mit geeigneter Anatomie durchgef\u00fchrt werden. Die technische Erfolgsrate der robotischen Herzchirurgie liegt bei 90\u202f%. Warum Robotergest\u00fctzte \u2013 Minimalinvasive Herzchirurgie? Weniger Blutung Weniger bedarf an bluttransfusion Weniger schmerzen Geringeres Infektrisiko Schnellere entlassung aus dem krankenhaus Schnellere genesung \u00c4sthetischer Vorteile der robotergest\u00fctzten und minimalinvasiven chirurgie Die Erfolgsquote der Operation steigt: Dank der dreidimensionalen Kamera erm\u00f6glicht sie eine einfache Sicht auf die Bereiche, die am schwersten zu beobachten sind. Au\u00dferdem k\u00f6nnen sich die Arme des Roboters um 540 Grad drehen und sich in 6 Richtungen bewegen. Da die verwendeten Instrumente sehr klein sind, k\u00f6nnen sie Bereiche erreichen, die eine menschliche Hand nicht erreichen kann. Zum Beispiel steigt mit dieser Methode die Rate der Reparatur der Herzklappe. Der Patient hat weniger Schmerzen: Da der Eingriff mit sehr kleinen Schnitten durchgef\u00fchrt wird, versp\u00fcren die Patienten im Vergleich zu einer offenen Operation weniger Schmerzen. Der Patient hat weniger Schmerzen: Da der Eingriff mit sehr kleinen Schnitten durchgef\u00fchrt wird, versp\u00fcren die Patienten im Vergleich zu einer offenen Operation weniger Schmerzen. Der Krankenhausaufenthalt ist k\u00fcrzer: Dank eines kleineren Operationsschnitts und eines geringeren Blutverlusts k\u00f6nnen Patienten selbst bei den kompliziertesten Operationen innerhalb von 1\u20132 Wochen entlassen werden. Schnellere R\u00fcckkehr zur Arbeit und zum sozialen Leben: An den Operationsstellen entstehen nur minimale Sch\u00e4den. Dadurch ist es f\u00fcr den Patienten viel einfacher und schneller, das Bett zu verlassen und wieder an den gewohnten k\u00f6rperlichen Aktivit\u00e4ten teilzunehmen. Verringerte Blutungsrate: Dank dreidimensionaler hochaufl\u00f6sender Kameras, die das Operationsgebiet vergr\u00f6\u00dfern k\u00f6nnen, sind Blutungsbereiche klar erkennbar. Dadurch ist der Blutverlust minimal und es ist oft keine Bluttransfusion f\u00fcr den Patienten erforderlich. Kein Brustbeinproblem: Da ein Durchtrennen des Brustbeins nicht erforderlich ist, besteht kein Risiko wie eine Verschiebung oder Infektion des Brustbeins. Das Maslak Hospital ist ein f\u00fchrendes Zentrum f\u00fcr robotergest\u00fctzte Herzchirurgie. Durch Operationen mit robotischer Chirurgie wurden weltweit und in unserem Land erstmals neue Verfahren umgesetzt:<\/p>\n","protected":false},"author":4,"featured_media":0,"parent":2114,"menu_order":0,"comment_status":"closed","ping_status":"closed","template":"","meta":{"_joinchat":[],"footnotes":""},"class_list":["post-2156","page","type-page","status-publish","hentry"],"acf":[],"_links":{"self":[{"href":"https:\/\/medicaltravel.net\/de\/wp-json\/wp\/v2\/pages\/2156","targetHints":{"allow":["GET"]}}],"collection":[{"href":"https:\/\/medicaltravel.net\/de\/wp-json\/wp\/v2\/pages"}],"about":[{"href":"https:\/\/medicaltravel.net\/de\/wp-json\/wp\/v2\/types\/page"}],"author":[{"embeddable":true,"href":"https:\/\/medicaltravel.net\/de\/wp-json\/wp\/v2\/users\/4"}],"replies":[{"embeddable":true,"href":"https:\/\/medicaltravel.net\/de\/wp-json\/wp\/v2\/comments?post=2156"}],"version-history":[{"count":3,"href":"https:\/\/medicaltravel.net\/de\/wp-json\/wp\/v2\/pages\/2156\/revisions"}],"predecessor-version":[{"id":2159,"href":"https:\/\/medicaltravel.net\/de\/wp-json\/wp\/v2\/pages\/2156\/revisions\/2159"}],"up":[{"embeddable":true,"href":"https:\/\/medicaltravel.net\/de\/wp-json\/wp\/v2\/pages\/2114"}],"wp:attachment":[{"href":"https:\/\/medicaltravel.net\/de\/wp-json\/wp\/v2\/media?parent=2156"}],"curies":[{"name":"wp","href":"https:\/\/api.w.org\/{rel}","templated":true}]}}