{"id":2165,"date":"2025-09-29T09:39:37","date_gmt":"2025-09-29T08:39:37","guid":{"rendered":"https:\/\/medicaltravel.net\/brustchirurgie-tuerkei\/"},"modified":"2026-01-07T00:32:25","modified_gmt":"2026-01-06T23:32:25","slug":"brustchirurgie-tuerkei","status":"publish","type":"page","link":"https:\/\/medicaltravel.net\/de\/brustchirurgie-tuerkei\/","title":{"rendered":"Brustchirurgie T\u00fcrkei"},"content":{"rendered":"\t\t<div data-elementor-type=\"wp-page\" data-elementor-id=\"2165\" class=\"elementor elementor-2165 elementor-71\" data-elementor-post-type=\"page\">\n\t\t\t\t<div class=\"elementor-element elementor-element-75abff6c e-flex e-con-boxed wpr-particle-no wpr-jarallax-no wpr-parallax-no wpr-sticky-section-no e-con e-parent\" data-id=\"75abff6c\" data-element_type=\"container\" data-e-type=\"container\">\n\t\t\t\t\t<div class=\"e-con-inner\">\n\t\t\t\t<div class=\"elementor-element elementor-element-d9b44e8 elementor-widget elementor-widget-text-editor\" data-id=\"d9b44e8\" data-element_type=\"widget\" data-e-type=\"widget\" data-widget_type=\"text-editor.default\">\n\t\t\t\t\t\t\t\t\t\n<h3 class=\"wp-block-heading\">BRUSTCHIRURGIE T\u00dcRKEI<\/h3>\n\n<p>Die Thoraxchirurgie-Abteilung der Ac\u0131badem Hospitals Group bietet umfassende Versorgung f\u00fcr erwachsene und p\u00e4diatrische Patienten aus der ganzen Welt mit den neuesten diagnostischen Techniken und Behandlungsmethoden.<\/p>\n\n<p>Die Thoraxchirurgie-Abteilung widmet sich der Bereitstellung eines breiten Spektrums chirurgischer Leistungen f\u00fcr die Diagnose und Behandlung komplexer Brustprobleme, einschlie\u00dflich der Lunge und der Speiser\u00f6hre. Die Thoraxchirurgen von Ac\u0131badem verfolgen einen multidisziplin\u00e4ren Ansatz und arbeiten mit Spezialisten aus der Onkologie und Radiologie zusammen. <\/p>\n\n<figure class=\"wp-block-image size-full\"><img fetchpriority=\"high\" decoding=\"async\" width=\"560\" height=\"260\" class=\"wp-image-223\" src=\"https:\/\/medicaltravel.net\/wp-content\/uploads\/2025\/09\/chest_surgery.jpg\" alt=\"\" srcset=\"https:\/\/medicaltravel.net\/wp-content\/uploads\/2025\/09\/chest_surgery.jpg 560w, https:\/\/medicaltravel.net\/wp-content\/uploads\/2025\/09\/chest_surgery-300x139.jpg 300w\" sizes=\"(max-width: 560px) 100vw, 560px\" \/><\/figure>\n\n<p id=\"caption-attachment-280\">\u00dcberblick \u00fcber die Brustchirurgie (Allgemeine Thoraxchirurgie) in der T\u00fcrkei, das Ac\u0131badem Krankenhaus geh\u00f6rt zu den besten auf diesem Gebiet. Es ist von der JCI zertifiziert. <\/p>\n\n<h3 class=\"wp-block-heading\">Zu den am h\u00e4ufigsten in unseren Krankenh\u00e4usern durchgef\u00fchrten Eingriffen\/Operationen geh\u00f6ren:<\/h3>\n\n<ol class=\"wp-block-list\">\n<li><strong>LUNGEN:<\/strong> Operationen zur Resektion, Rekonstruktion, Reparatur und Biopsie der Lunge.<\/li>\n\n<li><strong>BRUSTWAND: <\/strong>Operationen an der Brustwand, einschlie\u00dflich Resektion und Rekonstruktion von Tumoren, Thorakoplastik und Reparatur von Pectus excavatum und Pectus carinatum sowie anderen Deformit\u00e4ten der Brustwand, au\u00dferdem die Behandlung von traumatischer Instabilit\u00e4t der Brustwand.<\/li>\n\n<li><strong>ATEMWEGE:<\/strong> Operationen zur Resektion, Rekonstruktion und Reparatur der Luftr\u00f6hre und Bronchien bei Tumoren, Verengungen und Traumata. Operationen zur Kontrolle der Atemwege, einschlie\u00dflich Tracheotomie, endotrachealer Intubation und endoluminaler Eingriffe. <\/li>\n\n<li><strong>DIAPHRAGM:<\/strong> Operations involving resection, reconstruction and repair of the diaphragm.<\/li>\n\n<li><strong>MEDIASTINUM:<\/strong> Operations involving the mediastinum, including biopsy and resection of neoplasms, drainage of infections, mediastinal lymphadenectomy, mediastinotomy and mediastinoscopy.<\/li>\n\n<li><strong>PERIKARD: <\/strong>Operationen am Perikard, einschlie\u00dflich Resektion, Rekonstruktion und Drainage.<\/li>\n\n<li><strong>ENDOSKOPIE:<\/strong> Endoskopische Eingriffe unter Verwendung von flexiblen und starren Endoskopen sowie Instrumenten f\u00fcr den Tracheobronchialbaum und die Speiser\u00f6hre.<\/li>\n\n<li><strong>LYMPH NODES:<\/strong> Operations for biopsy of the cervical, mediastinal and axillary lymph nodes.<\/li>\n\n<li><strong>HYPERHIDROSE:<\/strong> Operationen an den thorakalen Sympathikusnerven.<\/li>\n\n<li><strong>THORAKALE ENTR\u00c9E:<\/strong> Operationen zur Korrektur von Anomalien des thorakalen Eingangs.<\/li>\n\n<li><strong>PLEURA: <\/strong>Operationen zur Behandlung von Pleuramesotheliom und Problemen im Pleuraspalt, einschlie\u00dflich Thorakozentese, Thoraxdrainage, Shunt-Anlage bei Pleuraerguss, Behandlung von Pneumothorax, Pleuriektomie, Dekortikation sowie Drainage und Resektion von Empyemen.<\/li>\n\n<li><strong>EMPHYSEMA:<\/strong> Operations for functional corrections and complications of emphysema.<\/li>\n\n<li><strong>TRAUMA:<\/strong> Operationen bei traumatischen Verletzungen der Brust oder der Organe im Brustkorb sowie deren Folgen.<\/li>\n<\/ol>\n\n<h3 class=\"wp-block-heading\">Chirurgische Ans\u00e4tze der Thoraxchirurgie-Abteilung von Ac\u0131badem<\/h3>\n\n<ul class=\"wp-block-list\">\n<li>Minimalinvasive Chirurgie (VATS) bei Lungentumoren im Fr\u00fchstadium<\/li>\n<\/ul>\n\n<p>Die Behandlung von Lungenkrebs kann im Fr\u00fchstadium der Erkrankung heilend sein. Die geeignetste Behandlung f\u00fcr Lungenkrebs wird durch eine umfassende Untersuchung des Patienten durch ein Gremium ermittelt, das erfahrene \u00c4rzte wie einen medizinischen Onkologen, Strahlenonkologen, Lungenfacharzt, Thoraxchirurgen, Radiologen, Pathologen und Nuklearmediziner umfasst. Zeigen die Untersuchungen, dass die Operation die Erkrankung heilen kann, wird der Eingriff von Chirurgen durchgef\u00fchrt, die Erfahrung in der Lungenkrebschirurgie haben. In der Thoraxchirurgie-Abteilung der Ac\u0131badem Hospitals Group wird bei Lungenkrebs im Fr\u00fchstadium minimalinvasive Chirurgie, die sogenannte \u201eVideoassistierte Thoraxchirurgie (VATS)\u201c, durchgef\u00fchrt.   <\/p>\n\n<ul class=\"wp-block-list\">\n<li>VATS-Ansatz in der Thoraxchirurgie<\/li>\n<\/ul>\n\n<p>VATS ist ein minimalinvasiver chirurgischer Ansatz zur Behandlung von Lungentumoren im Fr\u00fchstadium, bei dem Mikroinstrumente und drei kleine Schnitte von 2 bis 3 cm L\u00e4nge verwendet werden. Eine kleine Videokamera wird durch einen der Schnitte eingef\u00fchrt, damit der Thoraxchirurg die Brusth\u00f6hle einsehen kann. Die Entfernung der Lungenknoten und -lappen erfolgt mithilfe eines Beutels, ohne den Brustkorb zu \u00f6ffnen.  <\/p>\n\n<p>Die Vorteile dieses minimalinvasiven Verfahrens umfassen:<\/p>\n\n<ul class=\"wp-block-list\">\n<li>K\u00fcrzere Krankenhausaufenthalte<\/li>\n\n<li>Weniger postoperative Schmerzen<\/li>\n\n<li>Weniger Narbenbildung<\/li>\n\n<li>Schnellere Genesungszeit<\/li>\n<\/ul>\n\t\t\t\t\t\t\t\t<\/div>\n\t\t\t\t\t<\/div>\n\t\t\t\t<\/div>\n\t\t\t\t<\/div>\n\t\t","protected":false},"excerpt":{"rendered":"<p>BRUSTCHIRURGIE T\u00dcRKEI Die Thoraxchirurgie-Abteilung der Ac\u0131badem Hospitals Group bietet umfassende Versorgung f\u00fcr erwachsene und p\u00e4diatrische Patienten aus der ganzen Welt mit den neuesten diagnostischen Techniken und Behandlungsmethoden. Die Thoraxchirurgie-Abteilung widmet sich der Bereitstellung eines breiten Spektrums chirurgischer Leistungen f\u00fcr die Diagnose und Behandlung komplexer Brustprobleme, einschlie\u00dflich der Lunge und der Speiser\u00f6hre. Die Thoraxchirurgen von Ac\u0131badem verfolgen einen multidisziplin\u00e4ren Ansatz und arbeiten mit Spezialisten aus der Onkologie und Radiologie zusammen. \u00dcberblick \u00fcber die Brustchirurgie (Allgemeine Thoraxchirurgie) in der T\u00fcrkei, das Ac\u0131badem Krankenhaus geh\u00f6rt zu den besten auf diesem Gebiet. Es ist von der JCI zertifiziert. Zu den am h\u00e4ufigsten in unseren Krankenh\u00e4usern durchgef\u00fchrten Eingriffen\/Operationen geh\u00f6ren: LUNGEN: Operationen zur Resektion, Rekonstruktion, Reparatur und Biopsie der Lunge. BRUSTWAND: Operationen an der Brustwand, einschlie\u00dflich Resektion und Rekonstruktion von Tumoren, Thorakoplastik und Reparatur von Pectus excavatum und Pectus carinatum sowie anderen Deformit\u00e4ten der Brustwand, au\u00dferdem die Behandlung von traumatischer Instabilit\u00e4t der Brustwand. ATEMWEGE: Operationen zur Resektion, Rekonstruktion und Reparatur der Luftr\u00f6hre und Bronchien bei Tumoren, Verengungen und Traumata. Operationen zur Kontrolle der Atemwege, einschlie\u00dflich Tracheotomie, endotrachealer Intubation und endoluminaler Eingriffe. DIAPHRAGM: Operations involving resection, reconstruction and repair of the diaphragm. MEDIASTINUM: Operations involving the mediastinum, including biopsy and resection of neoplasms, drainage of infections, mediastinal lymphadenectomy, mediastinotomy and mediastinoscopy. PERIKARD: Operationen am Perikard, einschlie\u00dflich Resektion, Rekonstruktion und Drainage. ENDOSKOPIE: Endoskopische Eingriffe unter Verwendung von flexiblen und starren Endoskopen sowie Instrumenten f\u00fcr den Tracheobronchialbaum und die Speiser\u00f6hre. LYMPH NODES: Operations for biopsy of the cervical, mediastinal and axillary lymph nodes. HYPERHIDROSE: Operationen an den thorakalen Sympathikusnerven. THORAKALE ENTR\u00c9E: Operationen zur Korrektur von Anomalien des thorakalen Eingangs. PLEURA: Operationen zur Behandlung von Pleuramesotheliom und Problemen im Pleuraspalt, einschlie\u00dflich Thorakozentese, Thoraxdrainage, Shunt-Anlage bei Pleuraerguss, Behandlung von Pneumothorax, Pleuriektomie, Dekortikation sowie Drainage und Resektion von Empyemen. EMPHYSEMA: Operations for functional corrections and complications of emphysema. TRAUMA: Operationen bei traumatischen Verletzungen der Brust oder der Organe im Brustkorb sowie deren Folgen. Chirurgische Ans\u00e4tze der Thoraxchirurgie-Abteilung von Ac\u0131badem Minimalinvasive Chirurgie (VATS) bei Lungentumoren im Fr\u00fchstadium Die Behandlung von Lungenkrebs kann im Fr\u00fchstadium der Erkrankung heilend sein. Die geeignetste Behandlung f\u00fcr Lungenkrebs wird durch eine umfassende Untersuchung des Patienten durch ein Gremium ermittelt, das erfahrene \u00c4rzte wie einen medizinischen Onkologen, Strahlenonkologen, Lungenfacharzt, Thoraxchirurgen, Radiologen, Pathologen und Nuklearmediziner umfasst. Zeigen die Untersuchungen, dass die Operation die Erkrankung heilen kann, wird der Eingriff von Chirurgen durchgef\u00fchrt, die Erfahrung in der Lungenkrebschirurgie haben. In der Thoraxchirurgie-Abteilung der Ac\u0131badem Hospitals Group wird bei Lungenkrebs im Fr\u00fchstadium minimalinvasive Chirurgie, die sogenannte \u201eVideoassistierte Thoraxchirurgie (VATS)\u201c, durchgef\u00fchrt. VATS-Ansatz in der Thoraxchirurgie VATS ist ein minimalinvasiver chirurgischer Ansatz zur Behandlung von Lungentumoren im Fr\u00fchstadium, bei dem Mikroinstrumente und drei kleine Schnitte von 2 bis 3 cm L\u00e4nge verwendet werden. Eine kleine Videokamera wird durch einen der Schnitte eingef\u00fchrt, damit der Thoraxchirurg die Brusth\u00f6hle einsehen kann. Die Entfernung der Lungenknoten und -lappen erfolgt mithilfe eines Beutels, ohne den Brustkorb zu \u00f6ffnen. Die Vorteile dieses minimalinvasiven Verfahrens umfassen: K\u00fcrzere Krankenhausaufenthalte Weniger postoperative Schmerzen Weniger Narbenbildung Schnellere Genesungszeit<\/p>\n","protected":false},"author":4,"featured_media":0,"parent":0,"menu_order":0,"comment_status":"closed","ping_status":"closed","template":"","meta":{"_joinchat":[],"footnotes":""},"class_list":["post-2165","page","type-page","status-publish","hentry"],"acf":[],"_links":{"self":[{"href":"https:\/\/medicaltravel.net\/de\/wp-json\/wp\/v2\/pages\/2165","targetHints":{"allow":["GET"]}}],"collection":[{"href":"https:\/\/medicaltravel.net\/de\/wp-json\/wp\/v2\/pages"}],"about":[{"href":"https:\/\/medicaltravel.net\/de\/wp-json\/wp\/v2\/types\/page"}],"author":[{"embeddable":true,"href":"https:\/\/medicaltravel.net\/de\/wp-json\/wp\/v2\/users\/4"}],"replies":[{"embeddable":true,"href":"https:\/\/medicaltravel.net\/de\/wp-json\/wp\/v2\/comments?post=2165"}],"version-history":[{"count":3,"href":"https:\/\/medicaltravel.net\/de\/wp-json\/wp\/v2\/pages\/2165\/revisions"}],"predecessor-version":[{"id":2168,"href":"https:\/\/medicaltravel.net\/de\/wp-json\/wp\/v2\/pages\/2165\/revisions\/2168"}],"wp:attachment":[{"href":"https:\/\/medicaltravel.net\/de\/wp-json\/wp\/v2\/media?parent=2165"}],"curies":[{"name":"wp","href":"https:\/\/api.w.org\/{rel}","templated":true}]}}