{"id":2173,"date":"2025-10-06T18:44:56","date_gmt":"2025-10-06T17:44:56","guid":{"rendered":"https:\/\/medicaltravel.net\/costen-preise-athetische-operationen-tuerkei\/"},"modified":"2026-01-07T02:09:18","modified_gmt":"2026-01-07T01:09:18","slug":"costen-preise-athetische-operationen-tuerkei","status":"publish","type":"page","link":"https:\/\/medicaltravel.net\/de\/costen-preise-athetische-operationen-tuerkei\/","title":{"rendered":"costen preise athetische operationen T\u00fcrkei"},"content":{"rendered":"\t\t<div data-elementor-type=\"wp-page\" data-elementor-id=\"2173\" class=\"elementor elementor-2173 elementor-1291\" data-elementor-post-type=\"page\">\n\t\t\t\t<div class=\"elementor-element elementor-element-c0d8bbd e-flex e-con-boxed wpr-particle-no wpr-jarallax-no wpr-parallax-no wpr-sticky-section-no e-con e-parent\" data-id=\"c0d8bbd\" data-element_type=\"container\" data-e-type=\"container\">\n\t\t\t\t\t<div class=\"e-con-inner\">\n\t\t<div class=\"elementor-element elementor-element-cc278d2 e-con-full e-flex wpr-particle-no wpr-jarallax-no wpr-parallax-no wpr-sticky-section-no e-con e-child\" data-id=\"cc278d2\" data-element_type=\"container\" data-e-type=\"container\">\n\t\t\t\t<div class=\"elementor-element elementor-element-cb3ea59 elementor-widget elementor-widget-button\" data-id=\"cb3ea59\" data-element_type=\"widget\" data-e-type=\"widget\" data-widget_type=\"button.default\">\n\t\t\t\t\t\t\t\t\t\t<a class=\"elementor-button elementor-button-link elementor-size-sm\" href=\"https:\/\/medicaltravel.net\/de\/schoenheitsoperationen\/\">\n\t\t\t\t\t\t<span class=\"elementor-button-content-wrapper\">\n\t\t\t\t\t\t\t\t\t<span class=\"elementor-button-text\">Sch\u00f6nheitsoperationen<\/span>\n\t\t\t\t\t<\/span>\n\t\t\t\t\t<\/a>\n\t\t\t\t\t\t\t\t<\/div>\n\t\t\t\t<div class=\"elementor-element elementor-element-b0b8736 elementor-widget elementor-widget-button\" data-id=\"b0b8736\" data-element_type=\"widget\" data-e-type=\"widget\" data-widget_type=\"button.default\">\n\t\t\t\t\t\t\t\t\t\t<a class=\"elementor-button elementor-button-link elementor-size-sm\" href=\"https:\/\/medicaltravel.net\/de\/brustoperationen\/\">\n\t\t\t\t\t\t<span class=\"elementor-button-content-wrapper\">\n\t\t\t\t\t\t\t\t\t<span class=\"elementor-button-text\">Leistungsspektrum<\/span>\n\t\t\t\t\t<\/span>\n\t\t\t\t\t<\/a>\n\t\t\t\t\t\t\t\t<\/div>\n\t\t\t\t<div class=\"elementor-element elementor-element-09f7a8e elementor-widget elementor-widget-button\" data-id=\"09f7a8e\" data-element_type=\"widget\" data-e-type=\"widget\" data-widget_type=\"button.default\">\n\t\t\t\t\t\t\t\t\t\t<a class=\"elementor-button elementor-button-link elementor-size-sm\" href=\"https:\/\/medicaltravel.net\/offer\/\">\n\t\t\t\t\t\t<span class=\"elementor-button-content-wrapper\">\n\t\t\t\t\t\t\t\t\t<span class=\"elementor-button-text\">Angebot<\/span>\n\t\t\t\t\t<\/span>\n\t\t\t\t\t<\/a>\n\t\t\t\t\t\t\t\t<\/div>\n\t\t\t\t<div class=\"elementor-element elementor-element-af97222 elementor-widget elementor-widget-button\" data-id=\"af97222\" data-element_type=\"widget\" data-e-type=\"widget\" data-widget_type=\"button.default\">\n\t\t\t\t\t\t\t\t\t\t<a class=\"elementor-button elementor-button-link elementor-size-sm\" href=\"https:\/\/medicaltravel.net\/prices\/\">\n\t\t\t\t\t\t<span class=\"elementor-button-content-wrapper\">\n\t\t\t\t\t\t\t\t\t<span class=\"elementor-button-text\">Preise<\/span>\n\t\t\t\t\t<\/span>\n\t\t\t\t\t<\/a>\n\t\t\t\t\t\t\t\t<\/div>\n\t\t\t\t<\/div>\n\t\t\t\t<div class=\"elementor-element elementor-element-5d80753c elementor-widget elementor-widget-text-editor\" data-id=\"5d80753c\" data-element_type=\"widget\" data-e-type=\"widget\" data-widget_type=\"text-editor.default\">\n\t\t\t\t\t\t\t\t\t\n<h1 class=\"wp-block-heading\">PRICES<\/h1>\n\n<h3 class=\"wp-block-heading\">KOSTENPREISE F\u00dcR SCH\u00d6NHEITS\u2011 UND \u00c4STHETISCHE OPERATIONEN IN DER T\u00dcRKEI<\/h3>\n\n<p>Verlockende <strong>Preise<\/strong>, die wir <strong>f\u00fcr Ihre \u00e4sthetische Operation in der T\u00fcrkei anbieten<\/strong><\/p>\n\n<figure class=\"wp-block-table\">\n<table class=\"has-fixed-layout\">\n<thead>\n<tr>\n<th>Behandlungen<\/th>\n<th>Preise *<\/th>\n<\/tr>\n<\/thead>\n<tbody>\n<tr>\n<td>Gesichtslifting<\/td>\n<td>4270<\/td>\n<\/tr>\n<tr>\n<td>Nasenkorrektur<\/td>\n<td><strong>3005<\/strong><\/td> \n<\/tr>\n<tr>\n<td>Ohrkorrektur<\/td>\n<td>1790<\/td>\n<\/tr>\n<tr>\n<strong><td>Brustvergr\u00f6\u00dferung<\/td><\/strong>\n<td><strong> 4263 <\/strong><\/td> \n<\/tr>\n<tr>\n<td>Brustverkleinerung<\/td>\n<td>3163<\/td>\n<\/tr>\n<tr>\n<td><strong>Bruststraffung<\/strong><\/td>\n<td><strong> 3163 <\/strong><\/td> \n<\/tr>\n<tr>\n<td>Fettabsaugung<\/td>\n<td>ab 2530<\/td>\n<\/tr>\n<tr>\n<td>Bauchdeckenstraffung<\/td>\n<td><strong> 4084 <\/strong><\/td> \n<\/tr>\n<tr>\n<td>Augenlidkorrektur<\/td>\n<td>ab 1581<\/td>\n<\/tr>\n<\/tbody>\n<\/table>\n<\/figure>\n\n<p>Die Preise sind in Euro angegeben. Die Preise k\u00f6nnen je nach verwendetem Material und Methode variieren. Das Recht auf Preis\u00e4nderungen bleibt vorbehalten. Bei Brustvergr\u00f6\u00dferungen sind die Implantate im Preis enthalten.   <\/p>\n\n<p>Transfers zwischen Flughafen, Hotel und Klinik sind ebenfalls im Preis enthalten.<\/p>\n\n<p><strong>Planung Ihrer Reise<\/strong><br>Damit wir Ihre Behandlung planen k\u00f6nnen, f\u00fcllen Sie bitte dieses <a href=\"https:\/\/medicaltravel.net\/de\/kontakt\/\" data-type=\"page\" data-id=\"168\">Kontaktformular<\/a> vollst\u00e4ndig aus und senden es uns zu. Sie k\u00f6nnen relevante Fotos an unsere E-Mail-Adresse <a href=\"mailto:info@medicaltravel.net\">info@medicaltravel.net<\/a> oder per <a href=\"https:\/\/wa.me\/41787373541\" target=\"_blank\" rel=\"noopener\">WhatsApp<\/a> senden. <\/p>\n\n<p><strong>Zahlung<\/strong><br>Alle Zahlungen erfolgen in der T\u00fcrkei, ohne dass eine Anzahlung erforderlich ist. Sie k\u00f6nnen bar in T\u00fcrkischen Lira, Euro oder USD bezahlen; eine Zahlung per Kreditkarte oder \u00dcberweisung ist ebenfalls m\u00f6glich. <\/p>\n\n<p><strong>Flugpreise<\/strong><br>Die Flugpreise variieren stark. Sie h\u00e4ngen sowohl von der Fluggesellschaft als auch von den Reisedaten ab. Sie liegen zwischen 100 und 300 Euro. Wir k\u00f6nnen Ihnen helfen, einen passenden Flug zu finden.   <\/p>\n\n<p>Hotelpreise<br>In der T\u00fcrkei gibt es Hotels mit unterschiedlichen Preisen, ungef\u00e4hr von 55 bis 100 Euro pro Nacht, abh\u00e4ngig davon, in welchem Hotel Sie \u00fcbernachten m\u00f6chten.<\/p>\n\n<p>In Antalya und Izmir k\u00f6nnen Sie auch in verschiedenen Strandhotels \u00fcbernachten. Die Hotels in Bodrum, Izmir und Antalya k\u00f6nnen mit Fl\u00fcgen kombiniert werden. <\/p>\n\t\t\t\t\t\t\t\t<\/div>\n\t\t\t\t\t<\/div>\n\t\t\t\t<\/div>\n\t\t\t\t<\/div>\n\t\t","protected":false},"excerpt":{"rendered":"<p>Sch\u00f6nheitsoperationen Leistungsspektrum Angebot Preise PRICES KOSTENPREISE F\u00dcR SCH\u00d6NHEITS\u2011 UND \u00c4STHETISCHE OPERATIONEN IN DER T\u00dcRKEI Verlockende Preise, die wir f\u00fcr Ihre \u00e4sthetische Operation in der T\u00fcrkei anbieten Behandlungen Preise * Gesichtslifting 4270 Nasenkorrektur 3005 Ohrkorrektur 1790 Brustvergr\u00f6\u00dferung 4263 Brustverkleinerung 3163 Bruststraffung 3163 Fettabsaugung ab 2530 Bauchdeckenstraffung 4084 Augenlidkorrektur ab 1581 Die Preise sind in Euro angegeben. Die Preise k\u00f6nnen je nach verwendetem Material und Methode variieren. Das Recht auf Preis\u00e4nderungen bleibt vorbehalten. Bei Brustvergr\u00f6\u00dferungen sind die Implantate im Preis enthalten. Transfers zwischen Flughafen, Hotel und Klinik sind ebenfalls im Preis enthalten. Planung Ihrer ReiseDamit wir Ihre Behandlung planen k\u00f6nnen, f\u00fcllen Sie bitte dieses Kontaktformular vollst\u00e4ndig aus und senden es uns zu. Sie k\u00f6nnen relevante Fotos an unsere E-Mail-Adresse info@medicaltravel.net oder per WhatsApp senden. ZahlungAlle Zahlungen erfolgen in der T\u00fcrkei, ohne dass eine Anzahlung erforderlich ist. Sie k\u00f6nnen bar in T\u00fcrkischen Lira, Euro oder USD bezahlen; eine Zahlung per Kreditkarte oder \u00dcberweisung ist ebenfalls m\u00f6glich. FlugpreiseDie Flugpreise variieren stark. Sie h\u00e4ngen sowohl von der Fluggesellschaft als auch von den Reisedaten ab. Sie liegen zwischen 100 und 300 Euro. Wir k\u00f6nnen Ihnen helfen, einen passenden Flug zu finden. HotelpreiseIn der T\u00fcrkei gibt es Hotels mit unterschiedlichen Preisen, ungef\u00e4hr von 55 bis 100 Euro pro Nacht, abh\u00e4ngig davon, in welchem Hotel Sie \u00fcbernachten m\u00f6chten. In Antalya und Izmir k\u00f6nnen Sie auch in verschiedenen Strandhotels \u00fcbernachten. Die Hotels in Bodrum, Izmir und Antalya k\u00f6nnen mit Fl\u00fcgen kombiniert werden.<\/p>\n","protected":false},"author":4,"featured_media":0,"parent":0,"menu_order":0,"comment_status":"closed","ping_status":"closed","template":"","meta":{"_joinchat":[],"footnotes":""},"class_list":["post-2173","page","type-page","status-publish","hentry"],"acf":[],"_links":{"self":[{"href":"https:\/\/medicaltravel.net\/de\/wp-json\/wp\/v2\/pages\/2173","targetHints":{"allow":["GET"]}}],"collection":[{"href":"https:\/\/medicaltravel.net\/de\/wp-json\/wp\/v2\/pages"}],"about":[{"href":"https:\/\/medicaltravel.net\/de\/wp-json\/wp\/v2\/types\/page"}],"author":[{"embeddable":true,"href":"https:\/\/medicaltravel.net\/de\/wp-json\/wp\/v2\/users\/4"}],"replies":[{"embeddable":true,"href":"https:\/\/medicaltravel.net\/de\/wp-json\/wp\/v2\/comments?post=2173"}],"version-history":[{"count":3,"href":"https:\/\/medicaltravel.net\/de\/wp-json\/wp\/v2\/pages\/2173\/revisions"}],"predecessor-version":[{"id":2176,"href":"https:\/\/medicaltravel.net\/de\/wp-json\/wp\/v2\/pages\/2173\/revisions\/2176"}],"wp:attachment":[{"href":"https:\/\/medicaltravel.net\/de\/wp-json\/wp\/v2\/media?parent=2173"}],"curies":[{"name":"wp","href":"https:\/\/api.w.org\/{rel}","templated":true}]}}