{"id":2178,"date":"2025-09-29T09:52:13","date_gmt":"2025-09-29T08:52:13","guid":{"rendered":"https:\/\/medicaltravel.net\/ohrkorrektur\/"},"modified":"2026-01-07T13:49:16","modified_gmt":"2026-01-07T12:49:16","slug":"ohrkorrektur","status":"publish","type":"page","link":"https:\/\/medicaltravel.net\/de\/ohrkorrektur\/","title":{"rendered":"Ohrkorrektur"},"content":{"rendered":"\t\t<div data-elementor-type=\"wp-page\" data-elementor-id=\"2178\" class=\"elementor elementor-2178 elementor-95\" data-elementor-post-type=\"page\">\n\t\t\t\t<div class=\"elementor-element elementor-element-61dc1ddc e-flex e-con-boxed wpr-particle-no wpr-jarallax-no wpr-parallax-no wpr-sticky-section-no e-con e-parent\" data-id=\"61dc1ddc\" data-element_type=\"container\" data-e-type=\"container\">\n\t\t\t\t\t<div class=\"e-con-inner\">\n\t\t<div class=\"elementor-element elementor-element-e05afcd e-con-full e-flex wpr-particle-no wpr-jarallax-no wpr-parallax-no wpr-sticky-section-no e-con e-child\" data-id=\"e05afcd\" data-element_type=\"container\" data-e-type=\"container\">\n\t\t\t\t<div class=\"elementor-element elementor-element-6e1f85a elementor-widget elementor-widget-button\" data-id=\"6e1f85a\" data-element_type=\"widget\" data-e-type=\"widget\" data-widget_type=\"button.default\">\n\t\t\t\t\t\t\t\t\t\t<a class=\"elementor-button elementor-button-link elementor-size-sm\" href=\"https:\/\/medicaltravel.net\/de\/brustoperationen\/\">\n\t\t\t\t\t\t<span class=\"elementor-button-content-wrapper\">\n\t\t\t\t\t\t\t\t\t<span class=\"elementor-button-text\">Brustoperationen<\/span>\n\t\t\t\t\t<\/span>\n\t\t\t\t\t<\/a>\n\t\t\t\t\t\t\t\t<\/div>\n\t\t\t\t<div class=\"elementor-element elementor-element-9e6ef22 elementor-widget elementor-widget-button\" data-id=\"9e6ef22\" data-element_type=\"widget\" data-e-type=\"widget\" data-widget_type=\"button.default\">\n\t\t\t\t\t\t\t\t\t\t<a class=\"elementor-button elementor-button-link elementor-size-sm\" href=\"https:\/\/medicaltravel.net\/liposuction\/\">\n\t\t\t\t\t\t<span class=\"elementor-button-content-wrapper\">\n\t\t\t\t\t\t\t\t\t<span class=\"elementor-button-text\">Liposuction<\/span>\n\t\t\t\t\t<\/span>\n\t\t\t\t\t<\/a>\n\t\t\t\t\t\t\t\t<\/div>\n\t\t\t\t<div class=\"elementor-element elementor-element-a079a8a elementor-widget elementor-widget-button\" data-id=\"a079a8a\" data-element_type=\"widget\" data-e-type=\"widget\" data-widget_type=\"button.default\">\n\t\t\t\t\t\t\t\t\t\t<a class=\"elementor-button elementor-button-link elementor-size-sm\" href=\"https:\/\/medicaltravel.net\/tummy-tuck\/\">\n\t\t\t\t\t\t<span class=\"elementor-button-content-wrapper\">\n\t\t\t\t\t\t\t\t\t<span class=\"elementor-button-text\">Bauchstraffung<\/span>\n\t\t\t\t\t<\/span>\n\t\t\t\t\t<\/a>\n\t\t\t\t\t\t\t\t<\/div>\n\t\t\t\t<div class=\"elementor-element elementor-element-b585731 elementor-widget elementor-widget-button\" data-id=\"b585731\" data-element_type=\"widget\" data-e-type=\"widget\" data-widget_type=\"button.default\">\n\t\t\t\t\t\t\t\t\t\t<a class=\"elementor-button elementor-button-link elementor-size-sm\" href=\"https:\/\/medicaltravel.net\/eye-lid-correction\/\">\n\t\t\t\t\t\t<span class=\"elementor-button-content-wrapper\">\n\t\t\t\t\t\t\t\t\t<span class=\"elementor-button-text\">Lidkorrektur<\/span>\n\t\t\t\t\t<\/span>\n\t\t\t\t\t<\/a>\n\t\t\t\t\t\t\t\t<\/div>\n\t\t\t\t<div class=\"elementor-element elementor-element-d528378 elementor-widget elementor-widget-button\" data-id=\"d528378\" data-element_type=\"widget\" data-e-type=\"widget\" data-widget_type=\"button.default\">\n\t\t\t\t\t\t\t\t\t\t<a class=\"elementor-button elementor-button-link elementor-size-sm\" href=\"https:\/\/medicaltravel.net\/nose-correction\/\">\n\t\t\t\t\t\t<span class=\"elementor-button-content-wrapper\">\n\t\t\t\t\t\t\t\t\t<span class=\"elementor-button-text\">Nasenkorrektur<\/span>\n\t\t\t\t\t<\/span>\n\t\t\t\t\t<\/a>\n\t\t\t\t\t\t\t\t<\/div>\n\t\t\t\t<div class=\"elementor-element elementor-element-e5165f0 elementor-widget elementor-widget-button\" data-id=\"e5165f0\" data-element_type=\"widget\" data-e-type=\"widget\" data-widget_type=\"button.default\">\n\t\t\t\t\t\t\t\t\t\t<a class=\"elementor-button elementor-button-link elementor-size-sm\" href=\"https:\/\/medicaltravel.net\/facelifting\/\">\n\t\t\t\t\t\t<span class=\"elementor-button-content-wrapper\">\n\t\t\t\t\t\t\t\t\t<span class=\"elementor-button-text\">Gesichtsstraffung<\/span>\n\t\t\t\t\t<\/span>\n\t\t\t\t\t<\/a>\n\t\t\t\t\t\t\t\t<\/div>\n\t\t\t\t<div class=\"elementor-element elementor-element-8f5c1d7 elementor-widget elementor-widget-button\" data-id=\"8f5c1d7\" data-element_type=\"widget\" data-e-type=\"widget\" data-widget_type=\"button.default\">\n\t\t\t\t\t\t\t\t\t\t<a class=\"elementor-button elementor-button-link elementor-size-sm\" href=\"https:\/\/medicaltravel.net\/de\/ohrkorrektur\/\">\n\t\t\t\t\t\t<span class=\"elementor-button-content-wrapper\">\n\t\t\t\t\t\t\t\t\t<span class=\"elementor-button-text\">Ohrkorrektur<\/span>\n\t\t\t\t\t<\/span>\n\t\t\t\t\t<\/a>\n\t\t\t\t\t\t\t\t<\/div>\n\t\t\t\t<div class=\"elementor-element elementor-element-79f9ee2 elementor-widget elementor-widget-button\" data-id=\"79f9ee2\" data-element_type=\"widget\" data-e-type=\"widget\" data-widget_type=\"button.default\">\n\t\t\t\t\t\t\t\t\t\t<a class=\"elementor-button elementor-button-link elementor-size-sm\" href=\"https:\/\/medicaltravel.net\/de\/bodylifting\/\">\n\t\t\t\t\t\t<span class=\"elementor-button-content-wrapper\">\n\t\t\t\t\t\t\t\t\t<span class=\"elementor-button-text\">Bodylifting<\/span>\n\t\t\t\t\t<\/span>\n\t\t\t\t\t<\/a>\n\t\t\t\t\t\t\t\t<\/div>\n\t\t\t\t<\/div>\n\t\t\t\t<div class=\"elementor-element elementor-element-4aaf704b elementor-widget elementor-widget-text-editor\" data-id=\"4aaf704b\" data-element_type=\"widget\" data-e-type=\"widget\" data-widget_type=\"text-editor.default\">\n\t\t\t\t\t\t\t\t\t\n<h1 class=\"wp-block-heading\">OHRENKORREKTUR<\/h1>\n\n<h3 class=\"wp-block-heading\">OHRENKORREKTUR-BEHANDLUNGEN IN ISTANBUL, ANTALYA, IZMIR, BODRUM<\/h3>\n\n<h3 class=\"wp-block-heading\">Anwendungen der Otoplastik (Ohrenoperation)<\/h3>\n\n<p>Abstehende Ohren k\u00f6nnen f\u00fcr viele Menschen ein Problem sein. Schon in sehr fr\u00fchen Jahren wird man zum Ziel von Spott. Diese Erinnerungen haben sowohl auf unsere Zukunft als auch auf unsere Entwicklung Einfluss.  <\/p>\n\n<p>Um sicherzustellen, dass Kinder diese schlechten Erinnerungen nicht mehr erleben, kann eine Ohrenkorrektur heute bereits vor dem Schulalter durchgef\u00fchrt werden.<\/p>\n\n<p>Nat\u00fcrlich kann diese Behandlung auch bei Erwachsenen erfolgreich angewendet werden, die ihr Leben lang Beschwerden hatten.<\/p>\n\n<p>Eine angeborene Deformation des Ohrknorpels oder ein asymmetrisches Wachstum der Knorpel in der Pubert\u00e4t kann zu abstehenden Ohren f\u00fchren.<\/p>\n\n<figure class=\"wp-block-image size-full\"><img fetchpriority=\"high\" decoding=\"async\" width=\"236\" height=\"233\" class=\"wp-image-259\" src=\"https:\/\/medicaltravel.net\/wp-content\/uploads\/2025\/09\/csm_Ohrenkorrektur_a0ecac63ae.jpg\" alt=\"\"><\/figure>\n\n<p id=\"caption-attachment-601\">Wir planen Ihre Ohrenkorrektur-Behandlung in der T\u00fcrkei sorgf\u00e4ltig gemeinsam mit Ihnen.<\/p>\n\n<p><em><strong>Vorbereitungsphase vor der Operation<\/strong><\/em><\/p>\n\n<p>Sie d\u00fcrfen mindestens eine Woche vor der Operation kein Aspirin oder Schlafmittel einnehmen und keinen Alkohol trinken. Aspirin und andere Schmerzmittel verz\u00f6gern die Blutgerinnung, was das Risiko von Bluterg\u00fcssen erh\u00f6hen kann. <\/p>\n\n<p>Smokers must completely stop or significantly reduce nicotine consumption at least 4 weeks before the surgery to avoid compromising the healing process.<\/p>\n\n<p><em><strong>Der Ablauf der Operation<\/strong><\/em><\/p>\n\n<p>Ohrenkorrektur-Operationen werden normalerweise unter lokaler Bet\u00e4ubung durchgef\u00fchrt, aber auf Wunsch ist auch Vollnarkose m\u00f6glich. Sie oder Ihr Kind k\u00f6nnen direkt nach der Operation nach Hause gehen, ohne dass ein Krankenhausaufenthalt erforderlich ist. Wenn Ihr Arzt es f\u00fcr notwendig h\u00e4lt, bleiben Sie eine Nacht im Krankenhaus.  <\/p>\n\n<p>Es gibt mehrere Techniken, um die Ohren n\u00e4her an den Kopf zu bringen. Grundprinzip ist, \u00fcbersch\u00fcssigen Knorpel zu entfernen oder den abstehenden Rand neu zu formen. Zuerst wird die Hautfalte hinter dem Ohr eingeschnitten, wodurch Haut und Knorpel vorsichtig getrennt werden. Sobald der Knorpel frei ist, kann er mit speziellen Instrumenten neu geformt werden.  <\/p>\n\n<p>Anschlie\u00dfend wird der Knorpel teilweise entfernt, entweder geschnitten oder abgetragen. Die neue Form wird mit N\u00e4hten stabilisiert und die Wunde wird verschlossen. <\/p>\n\n<p><em><strong>Nach der Operation<\/strong><\/em><\/p>\n\n<p>In der postoperativen Phase wird f\u00fcr 2 Wochen tags und nachts ein spezieller Verband getragen und danach nur noch nachts f\u00fcr ein bis zwei Wochen. Die geeignetste Form des Verbandes ist ein Stirnband mit Klettverschluss. <\/p>\n\n<p>Die N\u00e4hte m\u00fcssen nicht entfernt werden, da sie von selbst abfallen. Mit der Zeit verschwinden die Nahtspuren hinter dem Ohr. Die endg\u00fcltigen Ergebnisse sind nach zwei bis drei Monaten sichtbar.  <\/p>\n\n<p><em><strong>Ihre Vorteile<\/strong><\/em><\/p>\n\n<p>Dank der Ohrenkorrektur-Anwendung werden Kinder frei davon, Ziel von Spott unter ihren Altersgenossen zu sein.<\/p>\n\n<p>Im Austausch f\u00fcr das, was sie bisher unter ihren abstehenden Ohren gelitten haben, gewinnen Erwachsene ihr Selbstvertrauen und eine neue Lebensfreude zur\u00fcck.<\/p>\n\t\t\t\t\t\t\t\t<\/div>\n\t\t\t\t\t<\/div>\n\t\t\t\t<\/div>\n\t\t\t\t<\/div>\n\t\t","protected":false},"excerpt":{"rendered":"<p>Brustoperationen Liposuction Bauchstraffung Lidkorrektur Nasenkorrektur Gesichtsstraffung Ohrkorrektur Bodylifting OHRENKORREKTUR OHRENKORREKTUR-BEHANDLUNGEN IN ISTANBUL, ANTALYA, IZMIR, BODRUM Anwendungen der Otoplastik (Ohrenoperation) Abstehende Ohren k\u00f6nnen f\u00fcr viele Menschen ein Problem sein. Schon in sehr fr\u00fchen Jahren wird man zum Ziel von Spott. Diese Erinnerungen haben sowohl auf unsere Zukunft als auch auf unsere Entwicklung Einfluss. Um sicherzustellen, dass Kinder diese schlechten Erinnerungen nicht mehr erleben, kann eine Ohrenkorrektur heute bereits vor dem Schulalter durchgef\u00fchrt werden. Nat\u00fcrlich kann diese Behandlung auch bei Erwachsenen erfolgreich angewendet werden, die ihr Leben lang Beschwerden hatten. Eine angeborene Deformation des Ohrknorpels oder ein asymmetrisches Wachstum der Knorpel in der Pubert\u00e4t kann zu abstehenden Ohren f\u00fchren. Wir planen Ihre Ohrenkorrektur-Behandlung in der T\u00fcrkei sorgf\u00e4ltig gemeinsam mit Ihnen. Vorbereitungsphase vor der Operation Sie d\u00fcrfen mindestens eine Woche vor der Operation kein Aspirin oder Schlafmittel einnehmen und keinen Alkohol trinken. Aspirin und andere Schmerzmittel verz\u00f6gern die Blutgerinnung, was das Risiko von Bluterg\u00fcssen erh\u00f6hen kann. Smokers must completely stop or significantly reduce nicotine consumption at least 4 weeks before the surgery to avoid compromising the healing process. Der Ablauf der Operation Ohrenkorrektur-Operationen werden normalerweise unter lokaler Bet\u00e4ubung durchgef\u00fchrt, aber auf Wunsch ist auch Vollnarkose m\u00f6glich. Sie oder Ihr Kind k\u00f6nnen direkt nach der Operation nach Hause gehen, ohne dass ein Krankenhausaufenthalt erforderlich ist. Wenn Ihr Arzt es f\u00fcr notwendig h\u00e4lt, bleiben Sie eine Nacht im Krankenhaus. Es gibt mehrere Techniken, um die Ohren n\u00e4her an den Kopf zu bringen. Grundprinzip ist, \u00fcbersch\u00fcssigen Knorpel zu entfernen oder den abstehenden Rand neu zu formen. Zuerst wird die Hautfalte hinter dem Ohr eingeschnitten, wodurch Haut und Knorpel vorsichtig getrennt werden. Sobald der Knorpel frei ist, kann er mit speziellen Instrumenten neu geformt werden. Anschlie\u00dfend wird der Knorpel teilweise entfernt, entweder geschnitten oder abgetragen. Die neue Form wird mit N\u00e4hten stabilisiert und die Wunde wird verschlossen. Nach der Operation In der postoperativen Phase wird f\u00fcr 2 Wochen tags und nachts ein spezieller Verband getragen und danach nur noch nachts f\u00fcr ein bis zwei Wochen. Die geeignetste Form des Verbandes ist ein Stirnband mit Klettverschluss. Die N\u00e4hte m\u00fcssen nicht entfernt werden, da sie von selbst abfallen. Mit der Zeit verschwinden die Nahtspuren hinter dem Ohr. Die endg\u00fcltigen Ergebnisse sind nach zwei bis drei Monaten sichtbar. Ihre Vorteile Dank der Ohrenkorrektur-Anwendung werden Kinder frei davon, Ziel von Spott unter ihren Altersgenossen zu sein. Im Austausch f\u00fcr das, was sie bisher unter ihren abstehenden Ohren gelitten haben, gewinnen Erwachsene ihr Selbstvertrauen und eine neue Lebensfreude zur\u00fcck.<\/p>\n","protected":false},"author":4,"featured_media":0,"parent":0,"menu_order":0,"comment_status":"closed","ping_status":"closed","template":"","meta":{"_joinchat":[],"footnotes":""},"class_list":["post-2178","page","type-page","status-publish","hentry"],"acf":[],"_links":{"self":[{"href":"https:\/\/medicaltravel.net\/de\/wp-json\/wp\/v2\/pages\/2178","targetHints":{"allow":["GET"]}}],"collection":[{"href":"https:\/\/medicaltravel.net\/de\/wp-json\/wp\/v2\/pages"}],"about":[{"href":"https:\/\/medicaltravel.net\/de\/wp-json\/wp\/v2\/types\/page"}],"author":[{"embeddable":true,"href":"https:\/\/medicaltravel.net\/de\/wp-json\/wp\/v2\/users\/4"}],"replies":[{"embeddable":true,"href":"https:\/\/medicaltravel.net\/de\/wp-json\/wp\/v2\/comments?post=2178"}],"version-history":[{"count":3,"href":"https:\/\/medicaltravel.net\/de\/wp-json\/wp\/v2\/pages\/2178\/revisions"}],"predecessor-version":[{"id":2181,"href":"https:\/\/medicaltravel.net\/de\/wp-json\/wp\/v2\/pages\/2178\/revisions\/2181"}],"wp:attachment":[{"href":"https:\/\/medicaltravel.net\/de\/wp-json\/wp\/v2\/media?parent=2178"}],"curies":[{"name":"wp","href":"https:\/\/api.w.org\/{rel}","templated":true}]}}