{"id":2183,"date":"2025-09-29T09:49:21","date_gmt":"2025-09-29T08:49:21","guid":{"rendered":"https:\/\/medicaltravel.net\/lidkorrektur\/"},"modified":"2026-01-07T14:09:29","modified_gmt":"2026-01-07T13:09:29","slug":"lidkorrektur","status":"publish","type":"page","link":"https:\/\/medicaltravel.net\/de\/lidkorrektur\/","title":{"rendered":"Lidkorrektur"},"content":{"rendered":"\t\t<div data-elementor-type=\"wp-page\" data-elementor-id=\"2183\" class=\"elementor elementor-2183 elementor-89\" data-elementor-post-type=\"page\">\n\t\t\t\t<div class=\"elementor-element elementor-element-14206d18 e-flex e-con-boxed wpr-particle-no wpr-jarallax-no wpr-parallax-no wpr-sticky-section-no e-con e-parent\" data-id=\"14206d18\" data-element_type=\"container\" data-e-type=\"container\">\n\t\t\t\t\t<div class=\"e-con-inner\">\n\t\t<div class=\"elementor-element elementor-element-56e0685 e-con-full e-flex wpr-particle-no wpr-jarallax-no wpr-parallax-no wpr-sticky-section-no e-con e-child\" data-id=\"56e0685\" data-element_type=\"container\" data-e-type=\"container\">\n\t\t\t\t<div class=\"elementor-element elementor-element-34da10a elementor-widget elementor-widget-button\" data-id=\"34da10a\" data-element_type=\"widget\" data-e-type=\"widget\" data-widget_type=\"button.default\">\n\t\t\t\t\t\t\t\t\t\t<a class=\"elementor-button elementor-button-link elementor-size-sm\" href=\"https:\/\/medicaltravel.net\/de\/brustoperationen\/\">\n\t\t\t\t\t\t<span class=\"elementor-button-content-wrapper\">\n\t\t\t\t\t\t\t\t\t<span class=\"elementor-button-text\">Brustoperationen<\/span>\n\t\t\t\t\t<\/span>\n\t\t\t\t\t<\/a>\n\t\t\t\t\t\t\t\t<\/div>\n\t\t\t\t<div class=\"elementor-element elementor-element-ff44a73 elementor-widget elementor-widget-button\" data-id=\"ff44a73\" data-element_type=\"widget\" data-e-type=\"widget\" data-widget_type=\"button.default\">\n\t\t\t\t\t\t\t\t\t\t<a class=\"elementor-button elementor-button-link elementor-size-sm\" href=\"https:\/\/medicaltravel.net\/liposuction\/\">\n\t\t\t\t\t\t<span class=\"elementor-button-content-wrapper\">\n\t\t\t\t\t\t\t\t\t<span class=\"elementor-button-text\">Liposuction<\/span>\n\t\t\t\t\t<\/span>\n\t\t\t\t\t<\/a>\n\t\t\t\t\t\t\t\t<\/div>\n\t\t\t\t<div class=\"elementor-element elementor-element-c5834e1 elementor-widget elementor-widget-button\" data-id=\"c5834e1\" data-element_type=\"widget\" data-e-type=\"widget\" data-widget_type=\"button.default\">\n\t\t\t\t\t\t\t\t\t\t<a class=\"elementor-button elementor-button-link elementor-size-sm\" href=\"https:\/\/medicaltravel.net\/tummy-tuck\/\">\n\t\t\t\t\t\t<span class=\"elementor-button-content-wrapper\">\n\t\t\t\t\t\t\t\t\t<span class=\"elementor-button-text\">Bauchstraffung<\/span>\n\t\t\t\t\t<\/span>\n\t\t\t\t\t<\/a>\n\t\t\t\t\t\t\t\t<\/div>\n\t\t\t\t<div class=\"elementor-element elementor-element-3dd1720 elementor-widget elementor-widget-button\" data-id=\"3dd1720\" data-element_type=\"widget\" data-e-type=\"widget\" data-widget_type=\"button.default\">\n\t\t\t\t\t\t\t\t\t\t<a class=\"elementor-button elementor-button-link elementor-size-sm\" href=\"https:\/\/medicaltravel.net\/de\/lidkorrektur\/\">\n\t\t\t\t\t\t<span class=\"elementor-button-content-wrapper\">\n\t\t\t\t\t\t\t\t\t<span class=\"elementor-button-text\">Lidkorrektur<\/span>\n\t\t\t\t\t<\/span>\n\t\t\t\t\t<\/a>\n\t\t\t\t\t\t\t\t<\/div>\n\t\t\t\t<div class=\"elementor-element elementor-element-4fd0b96 elementor-widget elementor-widget-button\" data-id=\"4fd0b96\" data-element_type=\"widget\" data-e-type=\"widget\" data-widget_type=\"button.default\">\n\t\t\t\t\t\t\t\t\t\t<a class=\"elementor-button elementor-button-link elementor-size-sm\" href=\"https:\/\/medicaltravel.net\/nose-correction\/\">\n\t\t\t\t\t\t<span class=\"elementor-button-content-wrapper\">\n\t\t\t\t\t\t\t\t\t<span class=\"elementor-button-text\">Nasenkorrektur<\/span>\n\t\t\t\t\t<\/span>\n\t\t\t\t\t<\/a>\n\t\t\t\t\t\t\t\t<\/div>\n\t\t\t\t<div class=\"elementor-element elementor-element-09c506f elementor-widget elementor-widget-button\" data-id=\"09c506f\" data-element_type=\"widget\" data-e-type=\"widget\" data-widget_type=\"button.default\">\n\t\t\t\t\t\t\t\t\t\t<a class=\"elementor-button elementor-button-link elementor-size-sm\" href=\"https:\/\/medicaltravel.net\/facelifting\/\">\n\t\t\t\t\t\t<span class=\"elementor-button-content-wrapper\">\n\t\t\t\t\t\t\t\t\t<span class=\"elementor-button-text\">Gesichtsstraffung<\/span>\n\t\t\t\t\t<\/span>\n\t\t\t\t\t<\/a>\n\t\t\t\t\t\t\t\t<\/div>\n\t\t\t\t<div class=\"elementor-element elementor-element-8863159 elementor-widget elementor-widget-button\" data-id=\"8863159\" data-element_type=\"widget\" data-e-type=\"widget\" data-widget_type=\"button.default\">\n\t\t\t\t\t\t\t\t\t\t<a class=\"elementor-button elementor-button-link elementor-size-sm\" href=\"https:\/\/medicaltravel.net\/de\/ohrkorrektur\/\">\n\t\t\t\t\t\t<span class=\"elementor-button-content-wrapper\">\n\t\t\t\t\t\t\t\t\t<span class=\"elementor-button-text\">Ohrkorrektur<\/span>\n\t\t\t\t\t<\/span>\n\t\t\t\t\t<\/a>\n\t\t\t\t\t\t\t\t<\/div>\n\t\t\t\t<div class=\"elementor-element elementor-element-9b452a3 elementor-widget elementor-widget-button\" data-id=\"9b452a3\" data-element_type=\"widget\" data-e-type=\"widget\" data-widget_type=\"button.default\">\n\t\t\t\t\t\t\t\t\t\t<a class=\"elementor-button elementor-button-link elementor-size-sm\" href=\"https:\/\/medicaltravel.net\/de\/bodylifting\/\">\n\t\t\t\t\t\t<span class=\"elementor-button-content-wrapper\">\n\t\t\t\t\t\t\t\t\t<span class=\"elementor-button-text\">Bodylifting<\/span>\n\t\t\t\t\t<\/span>\n\t\t\t\t\t<\/a>\n\t\t\t\t\t\t\t\t<\/div>\n\t\t\t\t<\/div>\n\t\t\t\t<div class=\"elementor-element elementor-element-3cb88ac2 elementor-widget elementor-widget-text-editor\" data-id=\"3cb88ac2\" data-element_type=\"widget\" data-e-type=\"widget\" data-widget_type=\"text-editor.default\">\n\t\t\t\t\t\t\t\t\t\n<h3 class=\"wp-block-heading\">AUGENLIDKORREKTUR<\/h3>\n\n<h3 class=\"wp-block-heading\">AUGENLIDKORREKTUR- H\u00c4NGENDE AUGENLIDER LIFTEN<\/h3>\n\n<h3 class=\"wp-block-heading\">Blepharoplastik<\/h3>\n\n<p>Die Augenlidstraffungs-Operation, auch Blepharoplastik oder Augenlidkorrektur genannt, ist eine sehr h\u00e4ufig durchgef\u00fchrte Sch\u00f6nheitsoperation.<\/p>\n\n<p>Die Augen sind Spiegel der Stimmung, der Gef\u00fchle und des Gl\u00fccks.<\/p>\n\n<p>H\u00e4ngende Augenlider, schlaffe Augenlider, Kr\u00e4henf\u00fc\u00dfe oder Tr\u00e4nens\u00e4cke lassen einen traurig, m\u00fcde oder krank aussehen, obwohl man sich eigentlich v\u00f6llig wohl f\u00fchlt. Dies hat einen erheblichen Einfluss auf die Lebensfreude. <\/p>\n\n<p><em><strong>Vorbereitungsphase vor der Operation<\/strong><\/em><\/p>\n\n<p>Sie d\u00fcrfen mindestens 4 Tage vor der Operation kein Aspirin oder Schlafmittel einnehmen und keinen Alkohol trinken. Aspirin und andere Schmerzmittel verz\u00f6gern die Blutgerinnung. <\/p>\n\n<p><em><strong>Ablauf der Operation<\/strong><\/em><\/p>\n\n<p>Die Augenlidkorrektur ist in der Regel eine ambulante Behandlung, die keinen Krankenhausaufenthalt erfordert. Ein direktes Nachhausegehen nach der Operation ist m\u00f6glich. Wenn Ihr Arzt es f\u00fcr notwendig h\u00e4lt, bleiben Sie eine Nacht im Krankenhaus.  <\/p>\n\n<p>Normalerweise wird f\u00fcr die Operation die lokale Bet\u00e4ubung bevorzugt; auf Wunsch ist jedoch auch Vollnarkose m\u00f6glich.<\/p>\n\n<figure class=\"wp-block-image size-full\"><img fetchpriority=\"high\" decoding=\"async\" width=\"350\" height=\"333\" class=\"wp-image-250\" src=\"https:\/\/medicaltravel.net\/wp-content\/uploads\/2025\/09\/csm_augenlidkorrektur_ef4d99386d.jpg\" alt=\"\" srcset=\"https:\/\/medicaltravel.net\/wp-content\/uploads\/2025\/09\/csm_augenlidkorrektur_ef4d99386d.jpg 350w, https:\/\/medicaltravel.net\/wp-content\/uploads\/2025\/09\/csm_augenlidkorrektur_ef4d99386d-300x285.jpg 300w\" sizes=\"(max-width: 350px) 100vw, 350px\" \/><\/figure>\n\n<p id=\"caption-attachment-563\">Die Augenlidkorrektur wird speziell f\u00fcr Sie in der T\u00fcrkei durchgef\u00fchrt.<\/p>\n\n<p><em><strong>Um ein symmetrisches Ergebnis zu erzielen, werden die Augenlider vollst\u00e4ndig vermessen.<\/strong><\/em><\/p>\n\n<p>Um die h\u00e4ngenden Augenlider zu korrigieren, wird ein sichelf\u00f6rmiges Hautst\u00fcck entfernt und \u00fcbersch\u00fcssiges Fettgewebe abgetragen. Anschlie\u00dfend wird die Wunde entlang der Lidlinie mit N\u00e4hten verschlossen, sodass sie unsichtbar werden. <\/p>\n\n<p>Um die unteren Augenlider zu korrigieren, erfolgt der Schnitt etwa zwei Millimeter unterhalb der Wimpernlinie. Anschlie\u00dfend werden \u00fcbersch\u00fcssiges Fett und das Fett, das die Tr\u00e4nens\u00e4cke verursacht, entfernt. <\/p>\n\n<p><em><strong>Nach der Operation<\/strong><\/em><\/p>\n\n<p>Nach dieser Operation werden Ihre Augen etwas anschwellen und Bluterg\u00fcsse k\u00f6nnen auftreten. Etwa eine Woche sp\u00e4ter sind keine Spuren von Bluterg\u00fcssen oder N\u00e4hten mehr sichtbar. <\/p>\n\n<p>Um die Schwellung zu verringern, k\u00f6nnen Sie in den ersten Tagen feuchte Kompressen oder k\u00fchlende Eisbeutel auflegen. Die N\u00e4hte werden f\u00fcnf bis sechs Tage nach der Operation entfernt. <\/p>\n\n<p><em><strong>Vorteile<\/strong><\/em><\/p>\n\n<p>Sobald Ihre Augen ein frisches, junges und lebendiges Aussehen zur\u00fcckgewinnen, werden Sie eine neue, strahlende Lebensfreude erlangen. Im Allgemeinen sind die Ergebnisse der Augenlidkorrektur dauerhaft. <\/p>\n\t\t\t\t\t\t\t\t<\/div>\n\t\t\t\t\t<\/div>\n\t\t\t\t<\/div>\n\t\t\t\t<\/div>\n\t\t","protected":false},"excerpt":{"rendered":"<p>Brustoperationen Liposuction Bauchstraffung Lidkorrektur Nasenkorrektur Gesichtsstraffung Ohrkorrektur Bodylifting AUGENLIDKORREKTUR AUGENLIDKORREKTUR- H\u00c4NGENDE AUGENLIDER LIFTEN Blepharoplastik Die Augenlidstraffungs-Operation, auch Blepharoplastik oder Augenlidkorrektur genannt, ist eine sehr h\u00e4ufig durchgef\u00fchrte Sch\u00f6nheitsoperation. Die Augen sind Spiegel der Stimmung, der Gef\u00fchle und des Gl\u00fccks. H\u00e4ngende Augenlider, schlaffe Augenlider, Kr\u00e4henf\u00fc\u00dfe oder Tr\u00e4nens\u00e4cke lassen einen traurig, m\u00fcde oder krank aussehen, obwohl man sich eigentlich v\u00f6llig wohl f\u00fchlt. Dies hat einen erheblichen Einfluss auf die Lebensfreude. Vorbereitungsphase vor der Operation Sie d\u00fcrfen mindestens 4 Tage vor der Operation kein Aspirin oder Schlafmittel einnehmen und keinen Alkohol trinken. Aspirin und andere Schmerzmittel verz\u00f6gern die Blutgerinnung. Ablauf der Operation Die Augenlidkorrektur ist in der Regel eine ambulante Behandlung, die keinen Krankenhausaufenthalt erfordert. Ein direktes Nachhausegehen nach der Operation ist m\u00f6glich. Wenn Ihr Arzt es f\u00fcr notwendig h\u00e4lt, bleiben Sie eine Nacht im Krankenhaus. Normalerweise wird f\u00fcr die Operation die lokale Bet\u00e4ubung bevorzugt; auf Wunsch ist jedoch auch Vollnarkose m\u00f6glich. Die Augenlidkorrektur wird speziell f\u00fcr Sie in der T\u00fcrkei durchgef\u00fchrt. Um ein symmetrisches Ergebnis zu erzielen, werden die Augenlider vollst\u00e4ndig vermessen. Um die h\u00e4ngenden Augenlider zu korrigieren, wird ein sichelf\u00f6rmiges Hautst\u00fcck entfernt und \u00fcbersch\u00fcssiges Fettgewebe abgetragen. Anschlie\u00dfend wird die Wunde entlang der Lidlinie mit N\u00e4hten verschlossen, sodass sie unsichtbar werden. Um die unteren Augenlider zu korrigieren, erfolgt der Schnitt etwa zwei Millimeter unterhalb der Wimpernlinie. Anschlie\u00dfend werden \u00fcbersch\u00fcssiges Fett und das Fett, das die Tr\u00e4nens\u00e4cke verursacht, entfernt. Nach der Operation Nach dieser Operation werden Ihre Augen etwas anschwellen und Bluterg\u00fcsse k\u00f6nnen auftreten. Etwa eine Woche sp\u00e4ter sind keine Spuren von Bluterg\u00fcssen oder N\u00e4hten mehr sichtbar. Um die Schwellung zu verringern, k\u00f6nnen Sie in den ersten Tagen feuchte Kompressen oder k\u00fchlende Eisbeutel auflegen. Die N\u00e4hte werden f\u00fcnf bis sechs Tage nach der Operation entfernt. Vorteile Sobald Ihre Augen ein frisches, junges und lebendiges Aussehen zur\u00fcckgewinnen, werden Sie eine neue, strahlende Lebensfreude erlangen. Im Allgemeinen sind die Ergebnisse der Augenlidkorrektur dauerhaft.<\/p>\n","protected":false},"author":4,"featured_media":0,"parent":0,"menu_order":0,"comment_status":"closed","ping_status":"closed","template":"","meta":{"_joinchat":[],"footnotes":""},"class_list":["post-2183","page","type-page","status-publish","hentry"],"acf":[],"_links":{"self":[{"href":"https:\/\/medicaltravel.net\/de\/wp-json\/wp\/v2\/pages\/2183","targetHints":{"allow":["GET"]}}],"collection":[{"href":"https:\/\/medicaltravel.net\/de\/wp-json\/wp\/v2\/pages"}],"about":[{"href":"https:\/\/medicaltravel.net\/de\/wp-json\/wp\/v2\/types\/page"}],"author":[{"embeddable":true,"href":"https:\/\/medicaltravel.net\/de\/wp-json\/wp\/v2\/users\/4"}],"replies":[{"embeddable":true,"href":"https:\/\/medicaltravel.net\/de\/wp-json\/wp\/v2\/comments?post=2183"}],"version-history":[{"count":3,"href":"https:\/\/medicaltravel.net\/de\/wp-json\/wp\/v2\/pages\/2183\/revisions"}],"predecessor-version":[{"id":2186,"href":"https:\/\/medicaltravel.net\/de\/wp-json\/wp\/v2\/pages\/2183\/revisions\/2186"}],"wp:attachment":[{"href":"https:\/\/medicaltravel.net\/de\/wp-json\/wp\/v2\/media?parent=2183"}],"curies":[{"name":"wp","href":"https:\/\/api.w.org\/{rel}","templated":true}]}}