{"id":2188,"date":"2025-09-29T09:51:24","date_gmt":"2025-09-29T08:51:24","guid":{"rendered":"https:\/\/medicaltravel.net\/gesichtsstraffung\/"},"modified":"2026-01-07T14:41:06","modified_gmt":"2026-01-07T13:41:06","slug":"gesichtsstraffung","status":"publish","type":"page","link":"https:\/\/medicaltravel.net\/de\/gesichtsstraffung\/","title":{"rendered":"Gesichtsstraffung"},"content":{"rendered":"\t\t<div data-elementor-type=\"wp-page\" data-elementor-id=\"2188\" class=\"elementor elementor-2188 elementor-93\" data-elementor-post-type=\"page\">\n\t\t\t\t<div class=\"elementor-element elementor-element-18a729ef e-flex e-con-boxed wpr-particle-no wpr-jarallax-no wpr-parallax-no wpr-sticky-section-no e-con e-parent\" data-id=\"18a729ef\" data-element_type=\"container\" data-e-type=\"container\">\n\t\t\t\t\t<div class=\"e-con-inner\">\n\t\t<div class=\"elementor-element elementor-element-5f6f191 e-con-full e-flex wpr-particle-no wpr-jarallax-no wpr-parallax-no wpr-sticky-section-no e-con e-child\" data-id=\"5f6f191\" data-element_type=\"container\" data-e-type=\"container\">\n\t\t\t\t<div class=\"elementor-element elementor-element-850b744 elementor-widget elementor-widget-button\" data-id=\"850b744\" data-element_type=\"widget\" data-e-type=\"widget\" data-widget_type=\"button.default\">\n\t\t\t\t\t\t\t\t\t\t<a class=\"elementor-button elementor-button-link elementor-size-sm\" href=\"https:\/\/medicaltravel.net\/de\/brustoperationen\/\">\n\t\t\t\t\t\t<span class=\"elementor-button-content-wrapper\">\n\t\t\t\t\t\t\t\t\t<span class=\"elementor-button-text\">Brustoperationen<\/span>\n\t\t\t\t\t<\/span>\n\t\t\t\t\t<\/a>\n\t\t\t\t\t\t\t\t<\/div>\n\t\t\t\t<div class=\"elementor-element elementor-element-ad0494e elementor-widget elementor-widget-button\" data-id=\"ad0494e\" data-element_type=\"widget\" data-e-type=\"widget\" data-widget_type=\"button.default\">\n\t\t\t\t\t\t\t\t\t\t<a class=\"elementor-button elementor-button-link elementor-size-sm\" href=\"https:\/\/medicaltravel.net\/liposuction\/\">\n\t\t\t\t\t\t<span class=\"elementor-button-content-wrapper\">\n\t\t\t\t\t\t\t\t\t<span class=\"elementor-button-text\">Liposuction<\/span>\n\t\t\t\t\t<\/span>\n\t\t\t\t\t<\/a>\n\t\t\t\t\t\t\t\t<\/div>\n\t\t\t\t<div class=\"elementor-element elementor-element-564180f elementor-widget elementor-widget-button\" data-id=\"564180f\" data-element_type=\"widget\" data-e-type=\"widget\" data-widget_type=\"button.default\">\n\t\t\t\t\t\t\t\t\t\t<a class=\"elementor-button elementor-button-link elementor-size-sm\" href=\"https:\/\/medicaltravel.net\/tummy-tuck\/\">\n\t\t\t\t\t\t<span class=\"elementor-button-content-wrapper\">\n\t\t\t\t\t\t\t\t\t<span class=\"elementor-button-text\">Bauchstraffung<\/span>\n\t\t\t\t\t<\/span>\n\t\t\t\t\t<\/a>\n\t\t\t\t\t\t\t\t<\/div>\n\t\t\t\t<div class=\"elementor-element elementor-element-e36e503 elementor-widget elementor-widget-button\" data-id=\"e36e503\" data-element_type=\"widget\" data-e-type=\"widget\" data-widget_type=\"button.default\">\n\t\t\t\t\t\t\t\t\t\t<a class=\"elementor-button elementor-button-link elementor-size-sm\" href=\"https:\/\/medicaltravel.net\/de\/lidkorrektur\/\">\n\t\t\t\t\t\t<span class=\"elementor-button-content-wrapper\">\n\t\t\t\t\t\t\t\t\t<span class=\"elementor-button-text\">Lidkorrektur<\/span>\n\t\t\t\t\t<\/span>\n\t\t\t\t\t<\/a>\n\t\t\t\t\t\t\t\t<\/div>\n\t\t\t\t<div class=\"elementor-element elementor-element-0cc8557 elementor-widget elementor-widget-button\" data-id=\"0cc8557\" data-element_type=\"widget\" data-e-type=\"widget\" data-widget_type=\"button.default\">\n\t\t\t\t\t\t\t\t\t\t<a class=\"elementor-button elementor-button-link elementor-size-sm\" href=\"https:\/\/medicaltravel.net\/nose-correction\/\">\n\t\t\t\t\t\t<span class=\"elementor-button-content-wrapper\">\n\t\t\t\t\t\t\t\t\t<span class=\"elementor-button-text\">Nasenkorrektur<\/span>\n\t\t\t\t\t<\/span>\n\t\t\t\t\t<\/a>\n\t\t\t\t\t\t\t\t<\/div>\n\t\t\t\t<div class=\"elementor-element elementor-element-c19bba5 elementor-widget elementor-widget-button\" data-id=\"c19bba5\" data-element_type=\"widget\" data-e-type=\"widget\" data-widget_type=\"button.default\">\n\t\t\t\t\t\t\t\t\t\t<a class=\"elementor-button elementor-button-link elementor-size-sm\" href=\"https:\/\/medicaltravel.net\/de\/gesichtsstraffung\/\">\n\t\t\t\t\t\t<span class=\"elementor-button-content-wrapper\">\n\t\t\t\t\t\t\t\t\t<span class=\"elementor-button-text\">Gesichtsstraffung<\/span>\n\t\t\t\t\t<\/span>\n\t\t\t\t\t<\/a>\n\t\t\t\t\t\t\t\t<\/div>\n\t\t\t\t<div class=\"elementor-element elementor-element-9ea504a elementor-widget elementor-widget-button\" data-id=\"9ea504a\" data-element_type=\"widget\" data-e-type=\"widget\" data-widget_type=\"button.default\">\n\t\t\t\t\t\t\t\t\t\t<a class=\"elementor-button elementor-button-link elementor-size-sm\" href=\"https:\/\/medicaltravel.net\/de\/ohrkorrektur\/\">\n\t\t\t\t\t\t<span class=\"elementor-button-content-wrapper\">\n\t\t\t\t\t\t\t\t\t<span class=\"elementor-button-text\">Ohrkorrektur<\/span>\n\t\t\t\t\t<\/span>\n\t\t\t\t\t<\/a>\n\t\t\t\t\t\t\t\t<\/div>\n\t\t\t\t<div class=\"elementor-element elementor-element-351fa4d elementor-widget elementor-widget-button\" data-id=\"351fa4d\" data-element_type=\"widget\" data-e-type=\"widget\" data-widget_type=\"button.default\">\n\t\t\t\t\t\t\t\t\t\t<a class=\"elementor-button elementor-button-link elementor-size-sm\" href=\"https:\/\/medicaltravel.net\/de\/bodylifting\/\">\n\t\t\t\t\t\t<span class=\"elementor-button-content-wrapper\">\n\t\t\t\t\t\t\t\t\t<span class=\"elementor-button-text\">Bodylifting<\/span>\n\t\t\t\t\t<\/span>\n\t\t\t\t\t<\/a>\n\t\t\t\t\t\t\t\t<\/div>\n\t\t\t\t<\/div>\n\t\t\t\t<div class=\"elementor-element elementor-element-7a354edd elementor-widget elementor-widget-text-editor\" data-id=\"7a354edd\" data-element_type=\"widget\" data-e-type=\"widget\" data-widget_type=\"text-editor.default\">\n\t\t\t\t\t\t\t\t\t\n<h1 class=\"wp-block-heading\">FACELIFTING IN DER T\u00dcRKEI<\/h1>\n\n<h3 class=\"wp-block-heading\">Facelifting<\/h3>\n\n<p>Als nat\u00fcrliche Folge des Alterns nehmen die Falten im Gesicht und am Hals zu.<\/p>\n\n<p>Die Haut verliert ihre Elastizit\u00e4t, die Muskeln erschlaffen und es entsteht \u00fcbersch\u00fcssige Haut.<\/p>\n\n<p>Dies ist ein ganz nat\u00fcrlicher Verlauf, und viele Menschen sehen tats\u00e4chlich \u00e4lter aus, als sie sind.<\/p>\n\n<p>Da es die Augen- und Stirnbereiche nicht beeinflusst, wird das Facelifting h\u00e4ufig zusammen mit einem Stirnlifting und\/oder einer Augenlidkorrektur durchgef\u00fchrt oder diese werden sp\u00e4ter vorgenommen.<\/p>\n\n<p><em><strong>Vorbereitungsphase vor der Operation<\/strong><\/em><\/p>\n\n<p>Sie d\u00fcrfen mindestens 14 Tage vor der Operation kein Aspirin oder Schlafmittel einnehmen und keinen Alkohol trinken. Aspirin und andere Schmerzmittel verz\u00f6gern die Blutgerinnung. <\/p>\n\n<p>Raucher m\u00fcssen mindestens 4 Wochen vor der Operation den Nikotinkonsum vollst\u00e4ndig einstellen oder stark reduzieren, um den Heilungsprozess nicht zu gef\u00e4hrden.<\/p>\n\n<figure class=\"wp-block-image size-full\"><img fetchpriority=\"high\" decoding=\"async\" width=\"222\" height=\"333\" class=\"wp-image-256\" src=\"https:\/\/medicaltravel.net\/wp-content\/uploads\/2025\/09\/csm_Fotolia_43368969_L_gesichtstraffung_e4a802dd83.jpg\" alt=\"\" srcset=\"https:\/\/medicaltravel.net\/wp-content\/uploads\/2025\/09\/csm_Fotolia_43368969_L_gesichtstraffung_e4a802dd83.jpg 222w, https:\/\/medicaltravel.net\/wp-content\/uploads\/2025\/09\/csm_Fotolia_43368969_L_gesichtstraffung_e4a802dd83-200x300.jpg 200w\" sizes=\"(max-width: 222px) 100vw, 222px\" \/><\/figure>\n\n<p id=\"caption-attachment-594\">Ihr Facelifting wird ausschlie\u00dflich von hochqualifizierten Chirurgen durchgef\u00fchrt.<\/p>\n\n<p><em><strong>Ablauf der Operation<\/strong><\/em><\/p>\n\n<p>Die Facelifting-Operation kann unter lokaler Bet\u00e4ubung oder Vollnarkose durchgef\u00fchrt werden.<\/p>\n\n<p>Es ist nicht notwendig, die Haare zu rasieren. Um unsichtbare Narben zu erzielen, schneidet der Chirurg so sorgf\u00e4ltig wie m\u00f6glich in behaarten Bereichen oder entlang nat\u00fcrlicher Gesichtslinien. <\/p>\n\n<p>Das Unterhautgewebe, also die Muskeln, wird vom Fett- und Kollagengewebe getrennt. Dadurch ist es m\u00f6glich, die verschiedenen Gewebe zu korrigieren: \u00dcbersch\u00fcssiges Fett wird entfernt; Muskeln und Gewebsverbindungen werden \u00fcber sehr feine Fasern umgeformt. <\/p>\n\n<p>Nachdem das Gewebe korrigiert wurde, wird die Haut zur\u00fcckgelegt und \u00fcbersch\u00fcssige Haut entlang der Schnittlinie entfernt. Sobald dies abgeschlossen ist, wird die Wunde vern\u00e4ht. <\/p>\n\n<p><em><strong>Nach der Operation<\/strong><\/em><\/p>\n\n<p>Sie k\u00f6nnen nach der Operation ein paar Tage im Krankenhaus bleiben.<\/p>\n\n<p>Nach der Operation werden Drainagen eingesetzt, um die Ansammlung von Blut und Gewebefl\u00fcssigkeit zu verhindern. Ein Verband wird f\u00fcr einige Tage angelegt, um Ihren Kopf zu sch\u00fctzen. <\/p>\n\n<p>Ihre Haut wird anfangs etwas gespannt sein. Schwellungen und Bluterg\u00fcsse sind zu erwarten. <\/p>\n\n<p>Etwa zwei Wochen sp\u00e4ter k\u00f6nnen Sie wieder in Ihren Alltag zur\u00fcckkehren.<\/p>\n\n<p>Die N\u00e4hte werden mindestens zwei Wochen nach der Operation entfernt, und die Narben verschwinden mit der Zeit.<\/p>\n\n<p>Die endg\u00fcltigen Ergebnisse zeigen sich einige Monate sp\u00e4ter.<\/p>\n\n<p><em><strong>Ihre Vorteile<\/strong><\/em><\/p>\n\n<p>Die Facelifting-Anwendung kehrt die Zeit um einige Jahre zur\u00fcck. Sie erhalten ein j\u00fcngeres, frischeres und attraktiveres Aussehen. <\/p>\n\n<h3 class=\"wp-block-heading\">J\u00dcNGERE GESICHTER OHNE OPERATION- EIN NEUER ANSATZ<\/h3>\n\n<p>Unsere genetischen Eigenschaften spiegeln sich in unserem Aussehen wider. Unsere Gene bestimmen, wie wir altern, wann unsere Haut erschlafft, ob wir Augenringe und Tr\u00e4nens\u00e4cke bekommen und viele andere k\u00f6rperliche Merkmale. Trotz der Wirkung unseres genetischen Erbes suchen wir jedoch nach medizinischen oder kosmetischen L\u00f6sungen, um unerw\u00fcnschte Ergebnisse zu verhindern. Zwei dieser unerw\u00fcnschten Effekte sind Augenringe und Tr\u00e4nens\u00e4cke. Heutzutage k\u00f6nnen die Augenringe und Tr\u00e4nens\u00e4cke, \u00fcber die Frauen klagen und die sie mit verschiedenen Kosmetikprodukten zu verbergen versuchen, mit einem neuen F\u00fcllmaterial kaschiert werden, das aufgrund seines Kupfergehalts einen gr\u00fcnen Farbton erzeugt.   <\/p>\n\n<p>Mit der Zeit k\u00f6nnen Tr\u00e4nens\u00e4cke zu Augenringen f\u00fchren. Ein neues F\u00fcllmaterial, speziell f\u00fcr diesen Bereich entwickelt, wird direkt in die Linie unterhalb des Tr\u00e4nensacks injiziert und reduziert die Augenringe, indem die Linie zwischen Augenlid und Wangenbereich gegl\u00e4ttet wird. Der Spezialist f\u00fcr \u00c4sthetische, Rekonstruktive und Plastische Chirurgie, Professor Dr. Ferit Demirkan vom Acibadem Fulya Krankenhaus, erkl\u00e4rt, dass dieses Produkt, das Hyalurons\u00e4ure enth\u00e4lt, die nat\u00fcrlich im menschlichen K\u00f6rper vorkommt, etwa anderthalb Jahre wirksam sein kann.  <\/p>\n\n<p>Professor Dr. Ferit Demirkan gibt folgende Informationen, um die Fragen zu diesem Produkt zu beantworten:<\/p>\n\n<p><strong>Wie beseitigt dieses neue F\u00fcllmaterial die Augenringe?<br><\/strong>Dieses Produkt enth\u00e4lt Hyalurons\u00e4ure, die nat\u00fcrlicherweise im menschlichen K\u00f6rper vorkommt. Die molekulare Struktur des Produkts ist speziell f\u00fcr die Anwendung unter den Augen entwickelt. Das Produkt enth\u00e4lt au\u00dferdem Kupfer, dessen gr\u00fcner Farbton die dunkle Verf\u00e4rbung der Augenringe neutralisiert. \u00c4hnliche Farbneutralisationsmethoden werden auch im professionellen Make-up f\u00fcr B\u00fchnenauftritte angewendet. Es ist als \u201eUnder-eye Light Filling\u201c bekannt. Meiner Meinung nach liegt der eigentliche Vorteil dieser F\u00fcllung jedoch darin, dass sie eine M\u00f6glichkeit bietet, das Absacken des unteren Augenlids und des mittleren Gesichtsbereichs zu korrigieren, das typischerweise ab Mitte vierzig auftritt.     <\/p>\n\n<p><strong>Wie kann man das Altern im Augenbereich verhindern?<br><\/strong>Die ersten Anzeichen des Alterns treten im Augenbereich auf. Die Augenbrauen fallen leicht, das obere Augenlid erschlafft und das untere Augenlid schwillt leicht an. Die Schwellung des unteren Augenlids wird deutlicher, wenn die Wangen absacken, da die Linie zwischen Wange und Schwellung des unteren Augenlids tiefer wird. Fr\u00fcher entfernten plastische Chirurgen, die am unteren Augenlid operierten, nur die Schwellung. Heutzutage gehen wir davon aus, dass auch das Anheben des mittleren Gesichtsbereichs notwendig ist. Wir liften das mittlere Gesicht, indem wir mit einem Endoskop durch die Stirn oder das Augenlid vorgehen. Andernfalls wird bei der alleinigen Behandlung des unteren Augenlids die Linie unter den Tr\u00e4nens\u00e4cken nicht korrigiert, sodass die Kombination der Operation am unteren Augenlid mit dem Lift des mittleren Gesichts die richtige L\u00f6sung bietet. Zwei Faktoren lassen uns aus der Entfernung \u00e4lter wirken, zwei Anzeichen des Alterns: das Absacken und die Volumenzunahme des Kinns und die Tr\u00e4nens\u00e4cke im seitlichen Blick.       <\/p>\n\n<p><strong>Wie wird dieses Produkt angewendet, um die Schwellung unter den Augen zu kaschieren? Bietet es eine ausreichende L\u00f6sung, oder ist ein chirurgischer Eingriff notwendig? <\/strong><br>Das Produkt wird mit winzigen Nadeln in die Linie oder in Punkte zwischen den Tr\u00e4nens\u00e4cken und der Wange injiziert. Nach der Anwendung wird der behandelte Bereich mit einem speziellen Roll-on-Mittel massiert und Unregelm\u00e4\u00dfigkeiten werden korrigiert. Da die Haut des unteren Augenlids sehr d\u00fcnn ist, verringert die aufgetragene F\u00fcllung die vorhandenen Augenringe. Dieses Produkt beseitigt die Tr\u00e4nens\u00e4cke nicht vollst\u00e4ndig; durch das Auff\u00fcllen und Anheben der tiefen Linie zwischen Augenlid und Wange entsteht jedoch eine optische T\u00e4uschung. In schweren F\u00e4llen bevorzugen wir diese Methode nicht und empfehlen stattdessen einen chirurgischen Eingriff. Folglich ist die am besten geeignete Altersgruppe f\u00fcr dieses Produkt 35-45 Jahre. Patienten, die keine Zeit f\u00fcr eine Operation haben oder sich scheuen, k\u00f6nnen diese Methode ebenfalls w\u00e4hlen. Da die Tr\u00e4nens\u00e4cke ab Mitte f\u00fcnfzig zunehmen, k\u00f6nnen in solchen F\u00e4llen chirurgische Eingriffe erforderlich werden, und Facelifting-Operationen k\u00f6nnen unvermeidlich sein.       <\/p>\n\n<p><strong>Wird mit dieser Methode der Augenbereich verj\u00fcngt, oder sind zus\u00e4tzliche Eingriffe erforderlich?<\/strong><br>Tats\u00e4chlich l\u00f6st das Under-eye Light Filling den gr\u00f6\u00dften Teil des Problems. Botulinumtoxin-Anwendungen bieten erfolgreiche L\u00f6sungen bei abgesunkenen Augenbrauen und feinen Falten, den sogenannten Kr\u00e4henf\u00fc\u00dfen. Die Kombination beider Methoden kann einen harmonischeren Gesamteindruck im Augenbereich erzeugen.  <\/p>\n\n<p><strong>Wie viel j\u00fcnger kann eine Frau durch die chirurgische Entfernung der Tr\u00e4nens\u00e4cke wirken?<br><\/strong>Wenn die Patientin keine ausgepr\u00e4gte Erschlaffung des oberen Augenlids hat, kann diese F\u00fcllmethode, unterst\u00fctzt durch eine Botox-Injektion, der Frau helfen, zu ihrem Aussehen in den Drei\u00dfigern zur\u00fcckzukehren. Manchmal kann auch eine Auff\u00fcllung der Wangen erforderlich sein. <\/p>\n\t\t\t\t\t\t\t\t<\/div>\n\t\t\t\t\t<\/div>\n\t\t\t\t<\/div>\n\t\t\t\t<\/div>\n\t\t","protected":false},"excerpt":{"rendered":"<p>Brustoperationen Liposuction Bauchstraffung Lidkorrektur Nasenkorrektur Gesichtsstraffung Ohrkorrektur Bodylifting FACELIFTING IN DER T\u00dcRKEI Facelifting Als nat\u00fcrliche Folge des Alterns nehmen die Falten im Gesicht und am Hals zu. Die Haut verliert ihre Elastizit\u00e4t, die Muskeln erschlaffen und es entsteht \u00fcbersch\u00fcssige Haut. Dies ist ein ganz nat\u00fcrlicher Verlauf, und viele Menschen sehen tats\u00e4chlich \u00e4lter aus, als sie sind. Da es die Augen- und Stirnbereiche nicht beeinflusst, wird das Facelifting h\u00e4ufig zusammen mit einem Stirnlifting und\/oder einer Augenlidkorrektur durchgef\u00fchrt oder diese werden sp\u00e4ter vorgenommen. Vorbereitungsphase vor der Operation Sie d\u00fcrfen mindestens 14 Tage vor der Operation kein Aspirin oder Schlafmittel einnehmen und keinen Alkohol trinken. Aspirin und andere Schmerzmittel verz\u00f6gern die Blutgerinnung. Raucher m\u00fcssen mindestens 4 Wochen vor der Operation den Nikotinkonsum vollst\u00e4ndig einstellen oder stark reduzieren, um den Heilungsprozess nicht zu gef\u00e4hrden. Ihr Facelifting wird ausschlie\u00dflich von hochqualifizierten Chirurgen durchgef\u00fchrt. Ablauf der Operation Die Facelifting-Operation kann unter lokaler Bet\u00e4ubung oder Vollnarkose durchgef\u00fchrt werden. Es ist nicht notwendig, die Haare zu rasieren. Um unsichtbare Narben zu erzielen, schneidet der Chirurg so sorgf\u00e4ltig wie m\u00f6glich in behaarten Bereichen oder entlang nat\u00fcrlicher Gesichtslinien. Das Unterhautgewebe, also die Muskeln, wird vom Fett- und Kollagengewebe getrennt. Dadurch ist es m\u00f6glich, die verschiedenen Gewebe zu korrigieren: \u00dcbersch\u00fcssiges Fett wird entfernt; Muskeln und Gewebsverbindungen werden \u00fcber sehr feine Fasern umgeformt. Nachdem das Gewebe korrigiert wurde, wird die Haut zur\u00fcckgelegt und \u00fcbersch\u00fcssige Haut entlang der Schnittlinie entfernt. Sobald dies abgeschlossen ist, wird die Wunde vern\u00e4ht. Nach der Operation Sie k\u00f6nnen nach der Operation ein paar Tage im Krankenhaus bleiben. Nach der Operation werden Drainagen eingesetzt, um die Ansammlung von Blut und Gewebefl\u00fcssigkeit zu verhindern. Ein Verband wird f\u00fcr einige Tage angelegt, um Ihren Kopf zu sch\u00fctzen. Ihre Haut wird anfangs etwas gespannt sein. Schwellungen und Bluterg\u00fcsse sind zu erwarten. Etwa zwei Wochen sp\u00e4ter k\u00f6nnen Sie wieder in Ihren Alltag zur\u00fcckkehren. Die N\u00e4hte werden mindestens zwei Wochen nach der Operation entfernt, und die Narben verschwinden mit der Zeit. Die endg\u00fcltigen Ergebnisse zeigen sich einige Monate sp\u00e4ter. Ihre Vorteile Die Facelifting-Anwendung kehrt die Zeit um einige Jahre zur\u00fcck. Sie erhalten ein j\u00fcngeres, frischeres und attraktiveres Aussehen. J\u00dcNGERE GESICHTER OHNE OPERATION- EIN NEUER ANSATZ Unsere genetischen Eigenschaften spiegeln sich in unserem Aussehen wider. Unsere Gene bestimmen, wie wir altern, wann unsere Haut erschlafft, ob wir Augenringe und Tr\u00e4nens\u00e4cke bekommen und viele andere k\u00f6rperliche Merkmale. Trotz der Wirkung unseres genetischen Erbes suchen wir jedoch nach medizinischen oder kosmetischen L\u00f6sungen, um unerw\u00fcnschte Ergebnisse zu verhindern. Zwei dieser unerw\u00fcnschten Effekte sind Augenringe und Tr\u00e4nens\u00e4cke. Heutzutage k\u00f6nnen die Augenringe und Tr\u00e4nens\u00e4cke, \u00fcber die Frauen klagen und die sie mit verschiedenen Kosmetikprodukten zu verbergen versuchen, mit einem neuen F\u00fcllmaterial kaschiert werden, das aufgrund seines Kupfergehalts einen gr\u00fcnen Farbton erzeugt. Mit der Zeit k\u00f6nnen Tr\u00e4nens\u00e4cke zu Augenringen f\u00fchren. Ein neues F\u00fcllmaterial, speziell f\u00fcr diesen Bereich entwickelt, wird direkt in die Linie unterhalb des Tr\u00e4nensacks injiziert und reduziert die Augenringe, indem die Linie zwischen Augenlid und Wangenbereich gegl\u00e4ttet wird. Der Spezialist f\u00fcr \u00c4sthetische, Rekonstruktive und Plastische Chirurgie, Professor Dr. Ferit Demirkan vom Acibadem Fulya Krankenhaus, erkl\u00e4rt, dass dieses Produkt, das Hyalurons\u00e4ure enth\u00e4lt, die nat\u00fcrlich im menschlichen K\u00f6rper vorkommt, etwa anderthalb Jahre wirksam sein kann. Professor Dr. Ferit Demirkan gibt folgende Informationen, um die Fragen zu diesem Produkt zu beantworten: Wie beseitigt dieses neue F\u00fcllmaterial die Augenringe?Dieses Produkt enth\u00e4lt Hyalurons\u00e4ure, die nat\u00fcrlicherweise im menschlichen K\u00f6rper vorkommt. Die molekulare Struktur des Produkts ist speziell f\u00fcr die Anwendung unter den Augen entwickelt. Das Produkt enth\u00e4lt au\u00dferdem Kupfer, dessen gr\u00fcner Farbton die dunkle Verf\u00e4rbung der Augenringe neutralisiert. \u00c4hnliche Farbneutralisationsmethoden werden auch im professionellen Make-up f\u00fcr B\u00fchnenauftritte angewendet. Es ist als \u201eUnder-eye Light Filling\u201c bekannt. Meiner Meinung nach liegt der eigentliche Vorteil dieser F\u00fcllung jedoch darin, dass sie eine M\u00f6glichkeit bietet, das Absacken des unteren Augenlids und des mittleren Gesichtsbereichs zu korrigieren, das typischerweise ab Mitte vierzig auftritt. Wie kann man das Altern im Augenbereich verhindern?Die ersten Anzeichen des Alterns treten im Augenbereich auf. Die Augenbrauen fallen leicht, das obere Augenlid erschlafft und das untere Augenlid schwillt leicht an. Die Schwellung des unteren Augenlids wird deutlicher, wenn die Wangen absacken, da die Linie zwischen Wange und Schwellung des unteren Augenlids tiefer wird. Fr\u00fcher entfernten plastische Chirurgen, die am unteren Augenlid operierten, nur die Schwellung. Heutzutage gehen wir davon aus, dass auch das Anheben des mittleren Gesichtsbereichs notwendig ist. Wir liften das mittlere Gesicht, indem wir mit einem Endoskop durch die Stirn oder das Augenlid vorgehen. Andernfalls wird bei der alleinigen Behandlung des unteren Augenlids die Linie unter den Tr\u00e4nens\u00e4cken nicht korrigiert, sodass die Kombination der Operation am unteren Augenlid mit dem Lift des mittleren Gesichts die richtige L\u00f6sung bietet. Zwei Faktoren lassen uns aus der Entfernung \u00e4lter wirken, zwei Anzeichen des Alterns: das Absacken und die Volumenzunahme des Kinns und die Tr\u00e4nens\u00e4cke im seitlichen Blick. Wie wird dieses Produkt angewendet, um die Schwellung unter den Augen zu kaschieren? Bietet es eine ausreichende L\u00f6sung, oder ist ein chirurgischer Eingriff notwendig? Das Produkt wird mit winzigen Nadeln in die Linie oder in Punkte zwischen den Tr\u00e4nens\u00e4cken und der Wange injiziert. Nach der Anwendung wird der behandelte Bereich mit einem speziellen Roll-on-Mittel massiert und Unregelm\u00e4\u00dfigkeiten werden korrigiert. Da die Haut des unteren Augenlids sehr d\u00fcnn ist, verringert die aufgetragene F\u00fcllung die vorhandenen Augenringe. Dieses Produkt beseitigt die Tr\u00e4nens\u00e4cke nicht vollst\u00e4ndig; durch das Auff\u00fcllen und Anheben der tiefen Linie zwischen Augenlid und Wange entsteht jedoch eine optische T\u00e4uschung. In schweren F\u00e4llen bevorzugen wir diese Methode nicht und empfehlen stattdessen einen chirurgischen Eingriff. Folglich ist die am besten geeignete Altersgruppe f\u00fcr dieses Produkt 35-45 Jahre. Patienten, die keine Zeit f\u00fcr eine Operation haben oder sich scheuen, k\u00f6nnen diese Methode ebenfalls w\u00e4hlen. Da die Tr\u00e4nens\u00e4cke ab Mitte f\u00fcnfzig zunehmen, k\u00f6nnen in solchen F\u00e4llen chirurgische Eingriffe erforderlich werden, und Facelifting-Operationen k\u00f6nnen unvermeidlich sein. Wird mit dieser Methode der Augenbereich verj\u00fcngt, oder sind zus\u00e4tzliche Eingriffe erforderlich?Tats\u00e4chlich l\u00f6st das Under-eye Light Filling den gr\u00f6\u00dften Teil des Problems. Botulinumtoxin-Anwendungen bieten erfolgreiche L\u00f6sungen bei abgesunkenen Augenbrauen und feinen Falten, den sogenannten Kr\u00e4henf\u00fc\u00dfen. Die Kombination beider Methoden kann einen harmonischeren Gesamteindruck im Augenbereich erzeugen. Wie viel j\u00fcnger kann eine Frau durch die chirurgische Entfernung der Tr\u00e4nens\u00e4cke<\/p>\n","protected":false},"author":4,"featured_media":0,"parent":0,"menu_order":0,"comment_status":"closed","ping_status":"closed","template":"","meta":{"_joinchat":[],"footnotes":""},"class_list":["post-2188","page","type-page","status-publish","hentry"],"acf":[],"_links":{"self":[{"href":"https:\/\/medicaltravel.net\/de\/wp-json\/wp\/v2\/pages\/2188","targetHints":{"allow":["GET"]}}],"collection":[{"href":"https:\/\/medicaltravel.net\/de\/wp-json\/wp\/v2\/pages"}],"about":[{"href":"https:\/\/medicaltravel.net\/de\/wp-json\/wp\/v2\/types\/page"}],"author":[{"embeddable":true,"href":"https:\/\/medicaltravel.net\/de\/wp-json\/wp\/v2\/users\/4"}],"replies":[{"embeddable":true,"href":"https:\/\/medicaltravel.net\/de\/wp-json\/wp\/v2\/comments?post=2188"}],"version-history":[{"count":3,"href":"https:\/\/medicaltravel.net\/de\/wp-json\/wp\/v2\/pages\/2188\/revisions"}],"predecessor-version":[{"id":2191,"href":"https:\/\/medicaltravel.net\/de\/wp-json\/wp\/v2\/pages\/2188\/revisions\/2191"}],"wp:attachment":[{"href":"https:\/\/medicaltravel.net\/de\/wp-json\/wp\/v2\/media?parent=2188"}],"curies":[{"name":"wp","href":"https:\/\/api.w.org\/{rel}","templated":true}]}}