{"id":2201,"date":"2025-11-12T08:38:21","date_gmt":"2025-11-12T07:38:21","guid":{"rendered":"https:\/\/medicaltravel.net\/allgemeine-bedingungen\/"},"modified":"2026-01-08T16:27:53","modified_gmt":"2026-01-08T15:27:53","slug":"allgemeine-bedingungen","status":"publish","type":"page","link":"https:\/\/medicaltravel.net\/de\/allgemeine-bedingungen\/","title":{"rendered":"ALLGEMEINE BEDINGUNGEN"},"content":{"rendered":"\n<p><strong>Allgemeine Gesch\u00e4ftsbedingungen der MedicalTravel GmbH<br\/><\/strong>Unsere Dienstleistungen umfassen ausschlie\u00dflich Flugreservierungen, Hotelreservierungen, Terminvereinbarungen mit dem Krankenhaus und Augen\u00e4rzten sowie Transport- und Organisationsdienstleistungen. Es liegt nicht in unserer Verantwortung, sicherzustellen, dass geplante Reisen durchgef\u00fchrt werden oder nicht. Wir sind kein vermittelnder Reiseveranstalter. Aufgrund der reservierten Leistungen werden Vertr\u00e4ge mit den Reiseb\u00fcros, Fluggesellschaften, Hotels, Krankenh\u00e4usern und Transferunternehmen geschlossen. Ob die von uns lediglich vermittelten Leistungen erbracht werden, ist nicht Bestandteil unserer vertraglichen Verpflichtungen.    <\/p>\n\n<p>Informationen und Preise zu den von uns vermittelten Dienstleistern h\u00e4ngen vollst\u00e4ndig von den Angaben des jeweiligen Dienstleisters ab. F\u00fcr die von uns vermittelten Leistungen \u00fcbernehmen wir keine Verantwortung daf\u00fcr, dass diese ordnungsgem\u00e4\u00df erbracht werden. <\/p>\n\n<p>Wir \u00fcbernehmen insbesondere keine Verantwortung daf\u00fcr, dass die medizinischen Einrichtungen ihre Behandlungsanforderungen nicht erf\u00fcllen. Alle Entscheidungen \u00fcber die Art der medizinischen Behandlung trifft allein der Patient. F\u00fcr Behandlungsfehler \u00fcbernehmen wir insbesondere keine Verantwortung. Operationen, operationsbezogene Voruntersuchungen und medizinische Kontrollen, alle Arten von medizinischen Leistungen sowie zus\u00e4tzliche und \u00e4hnliche Leistungen sind von uns vermittelte Dienstleistungen Dritter. Der Kunde schlie\u00dft f\u00fcr diesen Teil der Reise einen Vertrag direkt mit dem Krankenhaus ab.    <\/p>\n","protected":false},"excerpt":{"rendered":"<p>Allgemeine Gesch\u00e4ftsbedingungen der MedicalTravel GmbHUnsere Dienstleistungen umfassen ausschlie\u00dflich Flugreservierungen, Hotelreservierungen, Terminvereinbarungen mit dem Krankenhaus und Augen\u00e4rzten sowie Transport- und Organisationsdienstleistungen. Es liegt nicht in unserer Verantwortung, sicherzustellen, dass geplante Reisen durchgef\u00fchrt werden oder nicht. Wir sind kein vermittelnder Reiseveranstalter. Aufgrund der reservierten Leistungen werden Vertr\u00e4ge mit den Reiseb\u00fcros, Fluggesellschaften, Hotels, Krankenh\u00e4usern und Transferunternehmen geschlossen. Ob die von uns lediglich vermittelten Leistungen erbracht werden, ist nicht Bestandteil unserer vertraglichen Verpflichtungen. Informationen und Preise zu den von uns vermittelten Dienstleistern h\u00e4ngen vollst\u00e4ndig von den Angaben des jeweiligen Dienstleisters ab. F\u00fcr die von uns vermittelten Leistungen \u00fcbernehmen wir keine Verantwortung daf\u00fcr, dass diese ordnungsgem\u00e4\u00df erbracht werden. Wir \u00fcbernehmen insbesondere keine Verantwortung daf\u00fcr, dass die medizinischen Einrichtungen ihre Behandlungsanforderungen nicht erf\u00fcllen. Alle Entscheidungen \u00fcber die Art der medizinischen Behandlung trifft allein der Patient. F\u00fcr Behandlungsfehler \u00fcbernehmen wir insbesondere keine Verantwortung. Operationen, operationsbezogene Voruntersuchungen und medizinische Kontrollen, alle Arten von medizinischen Leistungen sowie zus\u00e4tzliche und \u00e4hnliche Leistungen sind von uns vermittelte Dienstleistungen Dritter. Der Kunde schlie\u00dft f\u00fcr diesen Teil der Reise einen Vertrag direkt mit dem Krankenhaus ab.<\/p>\n","protected":false},"author":4,"featured_media":0,"parent":0,"menu_order":0,"comment_status":"closed","ping_status":"closed","template":"","meta":{"_joinchat":[],"footnotes":""},"class_list":["post-2201","page","type-page","status-publish","hentry"],"acf":[],"_links":{"self":[{"href":"https:\/\/medicaltravel.net\/de\/wp-json\/wp\/v2\/pages\/2201","targetHints":{"allow":["GET"]}}],"collection":[{"href":"https:\/\/medicaltravel.net\/de\/wp-json\/wp\/v2\/pages"}],"about":[{"href":"https:\/\/medicaltravel.net\/de\/wp-json\/wp\/v2\/types\/page"}],"author":[{"embeddable":true,"href":"https:\/\/medicaltravel.net\/de\/wp-json\/wp\/v2\/users\/4"}],"replies":[{"embeddable":true,"href":"https:\/\/medicaltravel.net\/de\/wp-json\/wp\/v2\/comments?post=2201"}],"version-history":[{"count":2,"href":"https:\/\/medicaltravel.net\/de\/wp-json\/wp\/v2\/pages\/2201\/revisions"}],"predecessor-version":[{"id":2257,"href":"https:\/\/medicaltravel.net\/de\/wp-json\/wp\/v2\/pages\/2201\/revisions\/2257"}],"wp:attachment":[{"href":"https:\/\/medicaltravel.net\/de\/wp-json\/wp\/v2\/media?parent=2201"}],"curies":[{"name":"wp","href":"https:\/\/api.w.org\/{rel}","templated":true}]}}