{"id":2204,"date":"2025-09-29T11:37:56","date_gmt":"2025-09-29T10:37:56","guid":{"rendered":"https:\/\/medicaltravel.net\/allgemeinchirurgie\/"},"modified":"2026-01-08T16:29:31","modified_gmt":"2026-01-08T15:29:31","slug":"allgemeinchirurgie","status":"publish","type":"page","link":"https:\/\/medicaltravel.net\/de\/allgemeinchirurgie\/","title":{"rendered":"Allgemeinchirurgie"},"content":{"rendered":"\t\t<div data-elementor-type=\"wp-page\" data-elementor-id=\"2204\" class=\"elementor elementor-2204 elementor-225\" data-elementor-post-type=\"page\">\n\t\t\t\t<div class=\"elementor-element elementor-element-e348eab e-flex e-con-boxed wpr-particle-no wpr-jarallax-no wpr-parallax-no wpr-sticky-section-no e-con e-parent\" data-id=\"e348eab\" data-element_type=\"container\" data-e-type=\"container\">\n\t\t\t\t\t<div class=\"e-con-inner\">\n\t\t\t\t<div class=\"elementor-element elementor-element-1f7911c6 elementor-widget elementor-widget-text-editor\" data-id=\"1f7911c6\" data-element_type=\"widget\" data-e-type=\"widget\" data-widget_type=\"text-editor.default\">\n\t\t\t\t\t\t\t\t\t\n<h3 class=\"wp-block-heading\">ALLGEMEINCHIRURGIE IM AUSLAND ZU FAIREN PREISEN<\/h3>\n\n<p>Unsere Klinik f\u00fcr Allgemeinchirurgie wurde von erfahrenen \u00c4rzten gegr\u00fcndet, die gro\u00dfen Wert auf Fachspezialisierung legen. Dabei wurde darauf geachtet, die Fachbereiche einzubeziehen, die die am h\u00e4ufigsten auftretenden chirurgischen Erkrankungen in der Bev\u00f6lkerung abdecken. <\/p>\n\n<h3 class=\"wp-block-heading\">Gastrointestinale Chirurgie<\/h3>\n\n<p>Die Behandlung chirurgischer Erkrankungen von Magen und Darm hat durch die Fortschritte in endoskopischen und laparoskopischen Operationstechniken gro\u00dfe Fortschritte gemacht. Unsere Klinik f\u00fcr Allgemeinchirurgie verf\u00fcgt insbesondere \u00fcber gro\u00dfe Erfahrung in der Fr\u00fcherkennung sowie in der endoskopischen und laparoskopischen chirurgischen Behandlung von Darmerkrankungen. <\/p>\n\n<h3 class=\"wp-block-heading\">Chirurgie von Leber, Bauchspeicheldr\u00fcse und Gallenwegen<\/h3>\n\n<p>Die j\u00fcngsten Entwicklungen in der Onkologie bieten neue M\u00f6glichkeiten bei der Behandlung von Tumoren der Leber und Bauchspeicheldr\u00fcse. Neben Chirurgen, die in diesen Eingriffen erfahren sind, stellt das multidisziplin\u00e4re Zentrum, das mit Spezialisten f\u00fcr interventionelle Radiologie, Endoskopie und Onkologie aufgebaut wurde, dem gesamten Land eine neue M\u00f6glichkeit in der Behandlung von Leber- und Bauchspeicheldr\u00fcsenerkrankungen zur Verf\u00fcgung. <\/p>\n\n<h3 class=\"wp-block-heading\">Brustklinik<\/h3>\n\n<p>Die Brustklinik versorgt die Patienten innerhalb einer einheitlichen Struktur mit Poliklinikr\u00e4umen, R\u00e4umen f\u00fcr kleinere Eingriffe und Erholung, Mammographie- und Ultraschallr\u00e4umen. Die Gesundheitsleistungen werden unter der Leitung des Tumor-Komitees erbracht, das aus Spezialisten der Allgemeinchirurgie, Radiologie, Pathologie sowie der medizinischen und Strahlenonkologie besteht. Durch die physische Einheitlichkeit und die Zusammenarbeit der \u00c4rzte erhalten die Patienten die M\u00f6glichkeit zur Diagnose und Behandlung, ohne den Standort wechseln zu m\u00fcssen.  <\/p>\n\n<h3 class=\"wp-block-heading\">Schilddr\u00fcsenklinik<\/h3>\n\n<p>Abgesehen von chirurgischen Eingriffen erfordert die Behandlung von Schilddr\u00fcsenpatienten die Beteiligung von Spezialisten aus den Bereichen Endokrinologie und Nuklearmedizin. Patienten in der Schilddr\u00fcsenklinik unseres Krankenhauses erhalten die Behandlung gem\u00e4\u00df den von erfahrenen Spezialisten dieser drei Fachbereiche entwickelten Protokollen. <\/p>\n\n<p>Die Abteilung f\u00fcr Allgemeinchirurgie der Ac\u0131badem Health Group wurde organisiert, um Patienten in den bestehenden Krankenh\u00e4usern, medizinischen Zentren und Ambulanzen Untersuchungen und Behandlungen anzubieten. Station\u00e4re, ambulante und Notfallleistungen werden rund um die Uhr bereitgestellt. <\/p>\n\n<p>Die Mission der Abteilung ist es, einen patientenorientierten, freundlichen, qualifizierten und zuverl\u00e4ssigen Service ohne medizinische Fehler zu bieten. In allen klinischen chirurgischen Verfahren, insbesondere minimalinvasiven Eingriffen (laparoskopische \u2013 blutarme Operationen) und Notfalloperationen, wird die Vision verfolgt, ein f\u00fchrendes Zentrum in Istanbul zu werden. <\/p>\n\n<p>Bei den w\u00f6chentlich regelm\u00e4\u00dfig stattfindenden Schulungstreffen werden durchgef\u00fchrte oder bevorstehende Operationen bewertet. In diesen Treffen werden in Zusammenarbeit mit den relevanten Abteilungen auch Leitf\u00e4den erstellt, um eine einheitliche Vorgehensweise in den klinischen Praktiken zu gew\u00e4hrleisten. Es werden Konferenzen und Podiumsdiskussionen organisiert, an denen interne und externe Referenten teilnehmen, wodurch ein Wissensaustausch zwischen Kollegen verschiedener Gruppen stattfindet. Periodisch werden zudem Treffen mit Industrieunternehmen der Branche abgehalten, um neue Produkte vorzustellen, und Plattformen geschaffen, auf denen aktuelle Themen diskutiert werden.   <\/p>\n\n<p>Dank der hohen Fachspezialisierung in verschiedenen Interessengebieten werden insbesondere in der minimalinvasiven Chirurgie, in der Notfallchirurgie sowie in der endokrinen Chirurgie (Brust, Schilddr\u00fcse und Nebennierenrinde), in der Chirurgie des Gastrointestinaltrakts (Verdauungssystem) und der hepato-pankreato-bili\u00e4ren Chirurgie (Leber, Bauchspeicheldr\u00fcse und Galleng\u00e4nge) wegweisende Anwendungen durchgef\u00fchrt. Das Zentrum befindet sich auf dem Weg, ein Referenzzentrum f\u00fcr Hernienchirurgie zu werden, und hat in den letzten Jahren zahlreiche laparoskopische Hernienoperationen (blutarme Operationen) durchgef\u00fchrt. <\/p>\n\n<p>Alle Eingriffe bei Erkrankungen des Dick- und Enddarms werden unter Verwendung modernster Technologien durchgef\u00fchrt. Insbesondere wird unseren Patienten ein breites Spektrum an Therapien bei Erkrankungen des Analbereichs wie H\u00e4morrhoiden, Fisteln und Fissuren angeboten. <\/p>\n\n<p>Bei der Acibadem Health Group werden radiologische Untersuchungen (R\u00f6ntgen, Ultraschall, Computertomographie, Magnetresonanztomographie, Angiographie, Cholangiographie), Endoskopien und perkutane Biopsiemethoden in Abstimmung mit den jeweiligen Spezialisten eingesetzt, um Daten f\u00fcr die Planung der Patientenversorgung und Behandlung zu gewinnen.<\/p>\n\n<h3 class=\"wp-block-heading\">Nachfolgend sind die Krankheitsgruppen aufgef\u00fchrt, die von der Abteilung f\u00fcr Allgemeinchirurgie untersucht, diagnostiziert und behandelt werden:<\/h3>\n\n<p>Erkrankungen der Schilddr\u00fcse (Kropf, \u00dcberfunktion)<\/p>\n\n<p>Brustkrebs und gutartige Erkrankungen der Brust<\/p>\n\n<p>Speiser\u00f6hrenkrebs und gutartige Erkrankungen<\/p>\n\n<p>Stomach cancer<\/p>\n\n<p>Chirurgische erkrankungen des d\u00fcnndarms, darmverschl\u00fcsse<\/p>\n\n<p>Kolon \u2013 rektale tumoren, entz\u00fcndliche erkrankungen<\/p>\n\n<p>Anorektale anomalien: Tumoren, H\u00e4morrhoide, analfissur, fistel<\/p>\n\n<p>Maligne und benigne tumoren, zysten der leber<\/p>\n\n<p>Mechanischer Ikterus<\/p>\n\n<p>Gallenblase und gallenwegssteine sowie tumoren<\/p>\n\n<p>Pankreaszysten und tumoren<\/p>\n\n<p>Akute und chronische Pankreatitis<\/p>\n\n<p>Chirurgische erkrankungen der milz<\/p>\n\n<p>Bauchwand- und Leistenhernien, postoperative Hernien<\/p>\n\n<p>Verschiedene Weichteilinfektionen<\/p>\n\n<p>Traumata und Notfallchirurgie<\/p>\n\n<figure class=\"wp-block-image size-full\"><img fetchpriority=\"high\" decoding=\"async\" width=\"560\" height=\"280\" class=\"wp-image-227\" src=\"https:\/\/medicaltravel.net\/wp-content\/uploads\/2025\/09\/general-surgery-1.jpg\" alt=\"\" srcset=\"https:\/\/medicaltravel.net\/wp-content\/uploads\/2025\/09\/general-surgery-1.jpg 560w, https:\/\/medicaltravel.net\/wp-content\/uploads\/2025\/09\/general-surgery-1-300x150.jpg 300w\" sizes=\"(max-width: 560px) 100vw, 560px\" \/><\/figure>\n\n<p>Harmonische Zusammenarbeit mit anderen abteilungen und eine operationssaal-infrastruktur, die mit moderner technologie ausgestattet ist, tragen ebenfalls zur erreichung der erwarteten klinischen ergebnisse bei. Die chirurgie-intensivstation, auf der anspruchsvolle patienten \u00fcberwacht werden, leistet einen wichtigen beitrag zu diesem prozess. Ein multidisziplin\u00e4res ern\u00e4hrungsteam ist f\u00fcr die betreuung chronischer patienten zust\u00e4ndig.  <\/p>\n\n<p> <\/p>\n\t\t\t\t\t\t\t\t<\/div>\n\t\t\t\t\t<\/div>\n\t\t\t\t<\/div>\n\t\t\t\t<\/div>\n\t\t","protected":false},"excerpt":{"rendered":"<p>ALLGEMEINCHIRURGIE IM AUSLAND ZU FAIREN PREISEN Unsere Klinik f\u00fcr Allgemeinchirurgie wurde von erfahrenen \u00c4rzten gegr\u00fcndet, die gro\u00dfen Wert auf Fachspezialisierung legen. Dabei wurde darauf geachtet, die Fachbereiche einzubeziehen, die die am h\u00e4ufigsten auftretenden chirurgischen Erkrankungen in der Bev\u00f6lkerung abdecken. Gastrointestinale Chirurgie Die Behandlung chirurgischer Erkrankungen von Magen und Darm hat durch die Fortschritte in endoskopischen und laparoskopischen Operationstechniken gro\u00dfe Fortschritte gemacht. Unsere Klinik f\u00fcr Allgemeinchirurgie verf\u00fcgt insbesondere \u00fcber gro\u00dfe Erfahrung in der Fr\u00fcherkennung sowie in der endoskopischen und laparoskopischen chirurgischen Behandlung von Darmerkrankungen. Chirurgie von Leber, Bauchspeicheldr\u00fcse und Gallenwegen Die j\u00fcngsten Entwicklungen in der Onkologie bieten neue M\u00f6glichkeiten bei der Behandlung von Tumoren der Leber und Bauchspeicheldr\u00fcse. Neben Chirurgen, die in diesen Eingriffen erfahren sind, stellt das multidisziplin\u00e4re Zentrum, das mit Spezialisten f\u00fcr interventionelle Radiologie, Endoskopie und Onkologie aufgebaut wurde, dem gesamten Land eine neue M\u00f6glichkeit in der Behandlung von Leber- und Bauchspeicheldr\u00fcsenerkrankungen zur Verf\u00fcgung. Brustklinik Die Brustklinik versorgt die Patienten innerhalb einer einheitlichen Struktur mit Poliklinikr\u00e4umen, R\u00e4umen f\u00fcr kleinere Eingriffe und Erholung, Mammographie- und Ultraschallr\u00e4umen. Die Gesundheitsleistungen werden unter der Leitung des Tumor-Komitees erbracht, das aus Spezialisten der Allgemeinchirurgie, Radiologie, Pathologie sowie der medizinischen und Strahlenonkologie besteht. Durch die physische Einheitlichkeit und die Zusammenarbeit der \u00c4rzte erhalten die Patienten die M\u00f6glichkeit zur Diagnose und Behandlung, ohne den Standort wechseln zu m\u00fcssen. Schilddr\u00fcsenklinik Abgesehen von chirurgischen Eingriffen erfordert die Behandlung von Schilddr\u00fcsenpatienten die Beteiligung von Spezialisten aus den Bereichen Endokrinologie und Nuklearmedizin. Patienten in der Schilddr\u00fcsenklinik unseres Krankenhauses erhalten die Behandlung gem\u00e4\u00df den von erfahrenen Spezialisten dieser drei Fachbereiche entwickelten Protokollen. Die Abteilung f\u00fcr Allgemeinchirurgie der Ac\u0131badem Health Group wurde organisiert, um Patienten in den bestehenden Krankenh\u00e4usern, medizinischen Zentren und Ambulanzen Untersuchungen und Behandlungen anzubieten. Station\u00e4re, ambulante und Notfallleistungen werden rund um die Uhr bereitgestellt. Die Mission der Abteilung ist es, einen patientenorientierten, freundlichen, qualifizierten und zuverl\u00e4ssigen Service ohne medizinische Fehler zu bieten. In allen klinischen chirurgischen Verfahren, insbesondere minimalinvasiven Eingriffen (laparoskopische \u2013 blutarme Operationen) und Notfalloperationen, wird die Vision verfolgt, ein f\u00fchrendes Zentrum in Istanbul zu werden. Bei den w\u00f6chentlich regelm\u00e4\u00dfig stattfindenden Schulungstreffen werden durchgef\u00fchrte oder bevorstehende Operationen bewertet. In diesen Treffen werden in Zusammenarbeit mit den relevanten Abteilungen auch Leitf\u00e4den erstellt, um eine einheitliche Vorgehensweise in den klinischen Praktiken zu gew\u00e4hrleisten. Es werden Konferenzen und Podiumsdiskussionen organisiert, an denen interne und externe Referenten teilnehmen, wodurch ein Wissensaustausch zwischen Kollegen verschiedener Gruppen stattfindet. Periodisch werden zudem Treffen mit Industrieunternehmen der Branche abgehalten, um neue Produkte vorzustellen, und Plattformen geschaffen, auf denen aktuelle Themen diskutiert werden. Dank der hohen Fachspezialisierung in verschiedenen Interessengebieten werden insbesondere in der minimalinvasiven Chirurgie, in der Notfallchirurgie sowie in der endokrinen Chirurgie (Brust, Schilddr\u00fcse und Nebennierenrinde), in der Chirurgie des Gastrointestinaltrakts (Verdauungssystem) und der hepato-pankreato-bili\u00e4ren Chirurgie (Leber, Bauchspeicheldr\u00fcse und Galleng\u00e4nge) wegweisende Anwendungen durchgef\u00fchrt. Das Zentrum befindet sich auf dem Weg, ein Referenzzentrum f\u00fcr Hernienchirurgie zu werden, und hat in den letzten Jahren zahlreiche laparoskopische Hernienoperationen (blutarme Operationen) durchgef\u00fchrt. Alle Eingriffe bei Erkrankungen des Dick- und Enddarms werden unter Verwendung modernster Technologien durchgef\u00fchrt. Insbesondere wird unseren Patienten ein breites Spektrum an Therapien bei Erkrankungen des Analbereichs wie H\u00e4morrhoiden, Fisteln und Fissuren angeboten. Bei der Acibadem Health Group werden radiologische Untersuchungen (R\u00f6ntgen, Ultraschall, Computertomographie, Magnetresonanztomographie, Angiographie, Cholangiographie), Endoskopien und perkutane Biopsiemethoden in Abstimmung mit den jeweiligen Spezialisten eingesetzt, um Daten f\u00fcr die Planung der Patientenversorgung und Behandlung zu gewinnen. Nachfolgend sind die Krankheitsgruppen aufgef\u00fchrt, die von der Abteilung f\u00fcr Allgemeinchirurgie untersucht, diagnostiziert und behandelt werden: Erkrankungen der Schilddr\u00fcse (Kropf, \u00dcberfunktion) Brustkrebs und gutartige Erkrankungen der Brust Speiser\u00f6hrenkrebs und gutartige Erkrankungen Stomach cancer Chirurgische erkrankungen des d\u00fcnndarms, darmverschl\u00fcsse Kolon \u2013 rektale tumoren, entz\u00fcndliche erkrankungen Anorektale anomalien: Tumoren, H\u00e4morrhoide, analfissur, fistel Maligne und benigne tumoren, zysten der leber Mechanischer Ikterus Gallenblase und gallenwegssteine sowie tumoren Pankreaszysten und tumoren Akute und chronische Pankreatitis Chirurgische erkrankungen der milz Bauchwand- und Leistenhernien, postoperative Hernien Verschiedene Weichteilinfektionen Traumata und Notfallchirurgie Harmonische Zusammenarbeit mit anderen abteilungen und eine operationssaal-infrastruktur, die mit moderner technologie ausgestattet ist, tragen ebenfalls zur erreichung der erwarteten klinischen ergebnisse bei. Die chirurgie-intensivstation, auf der anspruchsvolle patienten \u00fcberwacht werden, leistet einen wichtigen beitrag zu diesem prozess. Ein multidisziplin\u00e4res ern\u00e4hrungsteam ist f\u00fcr die betreuung chronischer patienten zust\u00e4ndig.<\/p>\n","protected":false},"author":4,"featured_media":0,"parent":0,"menu_order":0,"comment_status":"closed","ping_status":"closed","template":"","meta":{"_joinchat":[],"footnotes":""},"class_list":["post-2204","page","type-page","status-publish","hentry"],"acf":[],"_links":{"self":[{"href":"https:\/\/medicaltravel.net\/de\/wp-json\/wp\/v2\/pages\/2204","targetHints":{"allow":["GET"]}}],"collection":[{"href":"https:\/\/medicaltravel.net\/de\/wp-json\/wp\/v2\/pages"}],"about":[{"href":"https:\/\/medicaltravel.net\/de\/wp-json\/wp\/v2\/types\/page"}],"author":[{"embeddable":true,"href":"https:\/\/medicaltravel.net\/de\/wp-json\/wp\/v2\/users\/4"}],"replies":[{"embeddable":true,"href":"https:\/\/medicaltravel.net\/de\/wp-json\/wp\/v2\/comments?post=2204"}],"version-history":[{"count":7,"href":"https:\/\/medicaltravel.net\/de\/wp-json\/wp\/v2\/pages\/2204\/revisions"}],"predecessor-version":[{"id":2261,"href":"https:\/\/medicaltravel.net\/de\/wp-json\/wp\/v2\/pages\/2204\/revisions\/2261"}],"wp:attachment":[{"href":"https:\/\/medicaltravel.net\/de\/wp-json\/wp\/v2\/media?parent=2204"}],"curies":[{"name":"wp","href":"https:\/\/api.w.org\/{rel}","templated":true}]}}