{"id":2212,"date":"2025-09-29T09:58:03","date_gmt":"2025-09-29T08:58:03","guid":{"rendered":"https:\/\/medicaltravel.net\/krankenhaus-in-bodrum\/"},"modified":"2026-01-08T16:33:36","modified_gmt":"2026-01-08T15:33:36","slug":"krankenhaus-in-bodrum","status":"publish","type":"page","link":"https:\/\/medicaltravel.net\/de\/krankenhaus-in-bodrum\/","title":{"rendered":"Krankenhaus in Bodrum"},"content":{"rendered":"\t\t<div data-elementor-type=\"wp-page\" data-elementor-id=\"2212\" class=\"elementor elementor-2212 elementor-111\" data-elementor-post-type=\"page\">\n\t\t\t\t<div class=\"elementor-element elementor-element-17fff462 e-flex e-con-boxed wpr-particle-no wpr-jarallax-no wpr-parallax-no wpr-sticky-section-no e-con e-parent\" data-id=\"17fff462\" data-element_type=\"container\" data-e-type=\"container\">\n\t\t\t\t\t<div class=\"e-con-inner\">\n\t\t<div class=\"elementor-element elementor-element-4ba74f3 e-con-full e-flex wpr-particle-no wpr-jarallax-no wpr-parallax-no wpr-sticky-section-no e-con e-child\" data-id=\"4ba74f3\" data-element_type=\"container\" data-e-type=\"container\">\n\t\t\t\t<div class=\"elementor-element elementor-element-99cc19f elementor-widget elementor-widget-button\" data-id=\"99cc19f\" data-element_type=\"widget\" data-e-type=\"widget\" data-widget_type=\"button.default\">\n\t\t\t\t\t\t\t\t\t\t<a class=\"elementor-button elementor-button-link elementor-size-sm\" href=\"https:\/\/medicaltravel.net\/de\/das-acibadem-krankenhaus-in-istanbul\/\">\n\t\t\t\t\t\t<span class=\"elementor-button-content-wrapper\">\n\t\t\t\t\t\t\t\t\t<span class=\"elementor-button-text\">Acibadem<\/span>\n\t\t\t\t\t<\/span>\n\t\t\t\t\t<\/a>\n\t\t\t\t\t\t\t\t<\/div>\n\t\t\t\t<div class=\"elementor-element elementor-element-190f319 elementor-widget elementor-widget-button\" data-id=\"190f319\" data-element_type=\"widget\" data-e-type=\"widget\" data-widget_type=\"button.default\">\n\t\t\t\t\t\t\t\t\t\t<a class=\"elementor-button elementor-button-link elementor-size-sm\" href=\"https:\/\/medicaltravel.net\/liv_hospital_istanbul\/\">\n\t\t\t\t\t\t<span class=\"elementor-button-content-wrapper\">\n\t\t\t\t\t\t\t\t\t<span class=\"elementor-button-text\">Liv<\/span>\n\t\t\t\t\t<\/span>\n\t\t\t\t\t<\/a>\n\t\t\t\t\t\t\t\t<\/div>\n\t\t\t\t<div class=\"elementor-element elementor-element-226b0f4 elementor-widget elementor-widget-button\" data-id=\"226b0f4\" data-element_type=\"widget\" data-e-type=\"widget\" data-widget_type=\"button.default\">\n\t\t\t\t\t\t\t\t\t\t<a class=\"elementor-button elementor-button-link elementor-size-sm\" href=\"https:\/\/medicaltravel.net\/de\/krankenhaeuser-in-antalya\/\">\n\t\t\t\t\t\t<span class=\"elementor-button-content-wrapper\">\n\t\t\t\t\t\t\t\t\t<span class=\"elementor-button-text\">Antalya<\/span>\n\t\t\t\t\t<\/span>\n\t\t\t\t\t<\/a>\n\t\t\t\t\t\t\t\t<\/div>\n\t\t\t\t<div class=\"elementor-element elementor-element-d9ddb1c elementor-widget elementor-widget-button\" data-id=\"d9ddb1c\" data-element_type=\"widget\" data-e-type=\"widget\" data-widget_type=\"button.default\">\n\t\t\t\t\t\t\t\t\t\t<a class=\"elementor-button elementor-button-link elementor-size-sm\" href=\"https:\/\/medicaltravel.net\/de\/krankenhaus-in-izmir\/\">\n\t\t\t\t\t\t<span class=\"elementor-button-content-wrapper\">\n\t\t\t\t\t\t\t\t\t<span class=\"elementor-button-text\"> Izmir<\/span>\n\t\t\t\t\t<\/span>\n\t\t\t\t\t<\/a>\n\t\t\t\t\t\t\t\t<\/div>\n\t\t\t\t<div class=\"elementor-element elementor-element-02829bf elementor-widget elementor-widget-button\" data-id=\"02829bf\" data-element_type=\"widget\" data-e-type=\"widget\" data-widget_type=\"button.default\">\n\t\t\t\t\t\t\t\t\t\t<a class=\"elementor-button elementor-button-link elementor-size-sm\" href=\"https:\/\/medicaltravel.net\/de\/krankenhaus-in-bodrum\/\">\n\t\t\t\t\t\t<span class=\"elementor-button-content-wrapper\">\n\t\t\t\t\t\t\t\t\t<span class=\"elementor-button-text\">Bodrum<\/span>\n\t\t\t\t\t<\/span>\n\t\t\t\t\t<\/a>\n\t\t\t\t\t\t\t\t<\/div>\n\t\t\t\t<div class=\"elementor-element elementor-element-b2f4f8d elementor-widget elementor-widget-button\" data-id=\"b2f4f8d\" data-element_type=\"widget\" data-e-type=\"widget\" data-widget_type=\"button.default\">\n\t\t\t\t\t\t\t\t\t\t<a class=\"elementor-button elementor-button-link elementor-size-sm\" href=\"https:\/\/medicaltravel.net\/rommer-rehabilitation-center-turkey\/\">\n\t\t\t\t\t\t<span class=\"elementor-button-content-wrapper\">\n\t\t\t\t\t\t\t\t\t<span class=\"elementor-button-text\">Rommer Bursa<\/span>\n\t\t\t\t\t<\/span>\n\t\t\t\t\t<\/a>\n\t\t\t\t\t\t\t\t<\/div>\n\t\t\t\t<\/div>\n\t\t\t\t<div class=\"elementor-element elementor-element-71dde06 elementor-widget elementor-widget-text-editor\" data-id=\"71dde06\" data-element_type=\"widget\" data-e-type=\"widget\" data-widget_type=\"text-editor.default\">\n\t\t\t\t\t\t\t\t\t\n<h3 class=\"wp-block-heading\">Das Acibadem Krankenhaus in Bodrum<\/h3>\n\n<h3 class=\"wp-block-heading\">Ihre Sch\u00f6nheitsklinik in Bodrum<\/h3>\n\n<p>Auf einer \u00fcberdachten Fl\u00e4che von 22.000 Quadratmetern erbaut, befindet sich das Krankenhaus in Ortakent (w\u00f6rtlich Mittelstadt) und ist von der gesamten Bodrum-Halbinsel aus leicht erreichbar, einschlie\u00dflich Flughafen, H\u00e4fen und Marinas. Die Innenr\u00e4ume des Krankenhauses spiegeln die Ruhe und Sch\u00f6nheit von Bodrum wider hohe Decken, gro\u00dfz\u00fcgiger Einsatz von Fenstern, Patientenzimmer mit Panoramablick auf die \u00c4g\u00e4isk\u00fcste, Innenh\u00f6fe, beruhigende Farb- und Materialauswahl sowie \u00fcppige Gartenanlagen bieten den Patienten eine Umgebung, die die Heilung optimal unterst\u00fctzt. <\/p>\n\n<figure class=\"wp-block-image size-full\"><img decoding=\"async\" width=\"200\" height=\"133\" class=\"wp-image-285\" src=\"https:\/\/medicaltravel.net\/wp-content\/uploads\/2025\/09\/csm_bodrum_01_e89cf6a2d1.jpg\" alt=\"\"><\/figure>\n\n<p id=\"caption-attachment-512\">Bodrum Krankenhaus von au\u00dfen<\/p>\n\n<figure class=\"wp-block-image size-full\"><img decoding=\"async\" width=\"169\" height=\"133\" class=\"wp-image-287\" src=\"https:\/\/medicaltravel.net\/wp-content\/uploads\/2025\/09\/csm_acibadem-tanitim-3_01_afd089eb4d.jpg\" alt=\"\"><\/figure>\n\n<p id=\"caption-attachment-514\">Bodrum Krankenhaus von innen<\/p>\n\n<p><strong>Viele Premieren werden mit dem Ac\u0131badem Bodrum Krankenhaus in der Region eingef\u00fchrt:<\/strong><br>Die Radiologieabteilung verf\u00fcgt \u00fcber 1,5-Tesla-MRT, 256-Zeilen-Computertomographie, die Herzgef\u00e4\u00dfe in weniger als 6 Sekunden pr\u00e4zise abbilden kann, digitale Mammographie, digitales R\u00f6ntgen, Panoramar\u00f6ntgen, farbige Doppler-Ultraschallger\u00e4te sowie ein digitales Bildarchivierungs- und \u00dcbertragungssystem (PACS), das das Ac\u0131badem Bodrum Krankenhaus vollst\u00e4ndig mit den \u00fcbrigen Ac\u0131badem-Einrichtungen integriert. Die Infrastruktur der Nuklearmedizin umfasst eine Gammakamera f\u00fcr Herz-, Knochen- und Ganzk\u00f6rperszintigrafien sowie Knochendensitometrie und eine PET-CT-Anlage, die nach Fertigstellung eine weitere Premiere f\u00fcr die Region darstellen wird.<br><br> <\/p>\n\n<p><strong>Unser Engagement f\u00fcr Qualit\u00e4t ist fest in unseren t\u00e4glichen Abl\u00e4ufen und Praktiken verankert:<\/strong><br>Bedingungslose Unterst\u00fctzung und F\u00fchrung durch das Management sowie die Bereitstellung der notwendigen Ressourcen, kombiniert mit der 20-j\u00e4hrigen Erfahrung von Ac\u0131badem im Gesundheitswesen, haben zu einem robusten Qualit\u00e4tssystem gef\u00fchrt, das die konsequente Einhaltung der Standards der Joint Commission International, elektronische und integrierte medizinische Akten, evidenzbasierte Medizin durch den umfassenden Einsatz klinischer Behandlungspfade und Leitlinien, die regelm\u00e4\u00dfige \u00dcberwachung klinischer Indikatoren sowie die kontinuierliche Aus- und Weiterbildung der Mitarbeitenden umfasst.<\/p>\n\n<figure class=\"wp-block-image size-full\"><img decoding=\"async\" width=\"170\" height=\"133\" class=\"wp-image-288\" src=\"https:\/\/medicaltravel.net\/wp-content\/uploads\/2025\/09\/csm_acibadem-tanitim-1_1__01_167622d624.jpg\" alt=\"\"><\/figure>\n\n<p id=\"caption-attachment-516\">Operationssaal f\u00fcr Ihre Sch\u00f6nheitsoperation<\/p>\n\n<p><strong>Der patientenorientierte Ansatz durchdringt alle Aspekte von Architektur und Design:<\/strong><br>Komfort und Sicherheit der Patienten haben im Ac\u0131badem Bodrum Krankenhaus h\u00f6chste Priorit\u00e4t. Das intelligente Geb\u00e4ude \u00fcberwacht nicht nur alle Systeme und Bereiche rund um die Uhr elektronisch, sondern verf\u00fcgt auch \u00fcber ein Layout, das die Bewegung der Patienten im Krankenhaus minimiert, sowie \u00fcber einen Hubschrauberlandeplatz f\u00fcr den Transport kritischer F\u00e4lle.<\/p>\n\n<p>Wenn es um Ihre Gesundheit und Sch\u00f6nheit geht, muss alles korrekt sein. Gut organisierte Operationen sind entscheidend f\u00fcr gute und dauerhafte Ergebnisse. \u00c4sthetische Operationen werden ausschlie\u00dflich von erfahrenen \u00e4sthetischen Chirurgen durchgef\u00fchrt, die das Berufszertifikat des European Board of Reconstructive and Aesthetic Surgery besitzen.  <\/p>\n\n<h3 class=\"wp-block-heading\"><a href=\"http:\/\/www.acibadem.com.tr\/SanalTur\/bodrum\/en.html\" target=\"_blank\" rel=\"noreferrer noopener\">Hier k\u00f6nnen Sie eine virtuelle Tour durch das Krankenhaus machen. Sind Sie bereit? Sehen Sie es mit eigenen Augen und lassen Sie sich begeistern!  <\/a><\/h3>\n\t\t\t\t\t\t\t\t<\/div>\n\t\t\t\t\t<\/div>\n\t\t\t\t<\/div>\n\t\t\t\t<\/div>\n\t\t","protected":false},"excerpt":{"rendered":"<p>Acibadem Liv Antalya Izmir Bodrum Rommer Bursa Das Acibadem Krankenhaus in Bodrum Ihre Sch\u00f6nheitsklinik in Bodrum Auf einer \u00fcberdachten Fl\u00e4che von 22.000 Quadratmetern erbaut, befindet sich das Krankenhaus in Ortakent (w\u00f6rtlich Mittelstadt) und ist von der gesamten Bodrum-Halbinsel aus leicht erreichbar, einschlie\u00dflich Flughafen, H\u00e4fen und Marinas. Die Innenr\u00e4ume des Krankenhauses spiegeln die Ruhe und Sch\u00f6nheit von Bodrum wider hohe Decken, gro\u00dfz\u00fcgiger Einsatz von Fenstern, Patientenzimmer mit Panoramablick auf die \u00c4g\u00e4isk\u00fcste, Innenh\u00f6fe, beruhigende Farb- und Materialauswahl sowie \u00fcppige Gartenanlagen bieten den Patienten eine Umgebung, die die Heilung optimal unterst\u00fctzt. Bodrum Krankenhaus von au\u00dfen Bodrum Krankenhaus von innen Viele Premieren werden mit dem Ac\u0131badem Bodrum Krankenhaus in der Region eingef\u00fchrt:Die Radiologieabteilung verf\u00fcgt \u00fcber 1,5-Tesla-MRT, 256-Zeilen-Computertomographie, die Herzgef\u00e4\u00dfe in weniger als 6 Sekunden pr\u00e4zise abbilden kann, digitale Mammographie, digitales R\u00f6ntgen, Panoramar\u00f6ntgen, farbige Doppler-Ultraschallger\u00e4te sowie ein digitales Bildarchivierungs- und \u00dcbertragungssystem (PACS), das das Ac\u0131badem Bodrum Krankenhaus vollst\u00e4ndig mit den \u00fcbrigen Ac\u0131badem-Einrichtungen integriert. Die Infrastruktur der Nuklearmedizin umfasst eine Gammakamera f\u00fcr Herz-, Knochen- und Ganzk\u00f6rperszintigrafien sowie Knochendensitometrie und eine PET-CT-Anlage, die nach Fertigstellung eine weitere Premiere f\u00fcr die Region darstellen wird. Unser Engagement f\u00fcr Qualit\u00e4t ist fest in unseren t\u00e4glichen Abl\u00e4ufen und Praktiken verankert:Bedingungslose Unterst\u00fctzung und F\u00fchrung durch das Management sowie die Bereitstellung der notwendigen Ressourcen, kombiniert mit der 20-j\u00e4hrigen Erfahrung von Ac\u0131badem im Gesundheitswesen, haben zu einem robusten Qualit\u00e4tssystem gef\u00fchrt, das die konsequente Einhaltung der Standards der Joint Commission International, elektronische und integrierte medizinische Akten, evidenzbasierte Medizin durch den umfassenden Einsatz klinischer Behandlungspfade und Leitlinien, die regelm\u00e4\u00dfige \u00dcberwachung klinischer Indikatoren sowie die kontinuierliche Aus- und Weiterbildung der Mitarbeitenden umfasst. Operationssaal f\u00fcr Ihre Sch\u00f6nheitsoperation Der patientenorientierte Ansatz durchdringt alle Aspekte von Architektur und Design:Komfort und Sicherheit der Patienten haben im Ac\u0131badem Bodrum Krankenhaus h\u00f6chste Priorit\u00e4t. Das intelligente Geb\u00e4ude \u00fcberwacht nicht nur alle Systeme und Bereiche rund um die Uhr elektronisch, sondern verf\u00fcgt auch \u00fcber ein Layout, das die Bewegung der Patienten im Krankenhaus minimiert, sowie \u00fcber einen Hubschrauberlandeplatz f\u00fcr den Transport kritischer F\u00e4lle. Wenn es um Ihre Gesundheit und Sch\u00f6nheit geht, muss alles korrekt sein. Gut organisierte Operationen sind entscheidend f\u00fcr gute und dauerhafte Ergebnisse. \u00c4sthetische Operationen werden ausschlie\u00dflich von erfahrenen \u00e4sthetischen Chirurgen durchgef\u00fchrt, die das Berufszertifikat des European Board of Reconstructive and Aesthetic Surgery besitzen. Hier k\u00f6nnen Sie eine virtuelle Tour durch das Krankenhaus machen. Sind Sie bereit? Sehen Sie es mit eigenen Augen und lassen Sie sich begeistern!<\/p>\n","protected":false},"author":4,"featured_media":0,"parent":0,"menu_order":0,"comment_status":"closed","ping_status":"closed","template":"","meta":{"_joinchat":[],"footnotes":""},"class_list":["post-2212","page","type-page","status-publish","hentry"],"acf":[],"_links":{"self":[{"href":"https:\/\/medicaltravel.net\/de\/wp-json\/wp\/v2\/pages\/2212","targetHints":{"allow":["GET"]}}],"collection":[{"href":"https:\/\/medicaltravel.net\/de\/wp-json\/wp\/v2\/pages"}],"about":[{"href":"https:\/\/medicaltravel.net\/de\/wp-json\/wp\/v2\/types\/page"}],"author":[{"embeddable":true,"href":"https:\/\/medicaltravel.net\/de\/wp-json\/wp\/v2\/users\/4"}],"replies":[{"embeddable":true,"href":"https:\/\/medicaltravel.net\/de\/wp-json\/wp\/v2\/comments?post=2212"}],"version-history":[{"count":7,"href":"https:\/\/medicaltravel.net\/de\/wp-json\/wp\/v2\/pages\/2212\/revisions"}],"predecessor-version":[{"id":2266,"href":"https:\/\/medicaltravel.net\/de\/wp-json\/wp\/v2\/pages\/2212\/revisions\/2266"}],"wp:attachment":[{"href":"https:\/\/medicaltravel.net\/de\/wp-json\/wp\/v2\/media?parent=2212"}],"curies":[{"name":"wp","href":"https:\/\/api.w.org\/{rel}","templated":true}]}}