{"id":2217,"date":"2025-09-29T09:57:24","date_gmt":"2025-09-29T08:57:24","guid":{"rendered":"https:\/\/medicaltravel.net\/krankenhaus-in-izmir\/"},"modified":"2026-01-08T16:34:52","modified_gmt":"2026-01-08T15:34:52","slug":"krankenhaus-in-izmir","status":"publish","type":"page","link":"https:\/\/medicaltravel.net\/de\/krankenhaus-in-izmir\/","title":{"rendered":"Krankenhaus in Izmir"},"content":{"rendered":"\t\t<div data-elementor-type=\"wp-page\" data-elementor-id=\"2217\" class=\"elementor elementor-2217 elementor-109\" data-elementor-post-type=\"page\">\n\t\t\t\t<div class=\"elementor-element elementor-element-5b0e6206 e-flex e-con-boxed wpr-particle-no wpr-jarallax-no wpr-parallax-no wpr-sticky-section-no e-con e-parent\" data-id=\"5b0e6206\" data-element_type=\"container\" data-e-type=\"container\">\n\t\t\t\t\t<div class=\"e-con-inner\">\n\t\t<div class=\"elementor-element elementor-element-06f4d30 e-con-full e-flex wpr-particle-no wpr-jarallax-no wpr-parallax-no wpr-sticky-section-no e-con e-child\" data-id=\"06f4d30\" data-element_type=\"container\" data-e-type=\"container\">\n\t\t\t\t<div class=\"elementor-element elementor-element-707c2e6 elementor-widget elementor-widget-button\" data-id=\"707c2e6\" data-element_type=\"widget\" data-e-type=\"widget\" data-widget_type=\"button.default\">\n\t\t\t\t\t\t\t\t\t\t<a class=\"elementor-button elementor-button-link elementor-size-sm\" href=\"https:\/\/medicaltravel.net\/de\/das-acibadem-krankenhaus-in-istanbul\/\">\n\t\t\t\t\t\t<span class=\"elementor-button-content-wrapper\">\n\t\t\t\t\t\t\t\t\t<span class=\"elementor-button-text\">Acibadem<\/span>\n\t\t\t\t\t<\/span>\n\t\t\t\t\t<\/a>\n\t\t\t\t\t\t\t\t<\/div>\n\t\t\t\t<div class=\"elementor-element elementor-element-6dc1fc3 elementor-widget elementor-widget-button\" data-id=\"6dc1fc3\" data-element_type=\"widget\" data-e-type=\"widget\" data-widget_type=\"button.default\">\n\t\t\t\t\t\t\t\t\t\t<a class=\"elementor-button elementor-button-link elementor-size-sm\" href=\"https:\/\/medicaltravel.net\/liv_hospital_istanbul\/\">\n\t\t\t\t\t\t<span class=\"elementor-button-content-wrapper\">\n\t\t\t\t\t\t\t\t\t<span class=\"elementor-button-text\">Liv<\/span>\n\t\t\t\t\t<\/span>\n\t\t\t\t\t<\/a>\n\t\t\t\t\t\t\t\t<\/div>\n\t\t\t\t<div class=\"elementor-element elementor-element-62ba96f elementor-widget elementor-widget-button\" data-id=\"62ba96f\" data-element_type=\"widget\" data-e-type=\"widget\" data-widget_type=\"button.default\">\n\t\t\t\t\t\t\t\t\t\t<a class=\"elementor-button elementor-button-link elementor-size-sm\" href=\"https:\/\/medicaltravel.net\/de\/krankenhaeuser-in-antalya\/\">\n\t\t\t\t\t\t<span class=\"elementor-button-content-wrapper\">\n\t\t\t\t\t\t\t\t\t<span class=\"elementor-button-text\">Antalya<\/span>\n\t\t\t\t\t<\/span>\n\t\t\t\t\t<\/a>\n\t\t\t\t\t\t\t\t<\/div>\n\t\t\t\t<div class=\"elementor-element elementor-element-50fc94b elementor-widget elementor-widget-button\" data-id=\"50fc94b\" data-element_type=\"widget\" data-e-type=\"widget\" data-widget_type=\"button.default\">\n\t\t\t\t\t\t\t\t\t\t<a class=\"elementor-button elementor-button-link elementor-size-sm\" href=\"https:\/\/medicaltravel.net\/de\/krankenhaus-in-izmir\/\">\n\t\t\t\t\t\t<span class=\"elementor-button-content-wrapper\">\n\t\t\t\t\t\t\t\t\t<span class=\"elementor-button-text\"> Izmir<\/span>\n\t\t\t\t\t<\/span>\n\t\t\t\t\t<\/a>\n\t\t\t\t\t\t\t\t<\/div>\n\t\t\t\t<div class=\"elementor-element elementor-element-dec1e7d elementor-widget elementor-widget-button\" data-id=\"dec1e7d\" data-element_type=\"widget\" data-e-type=\"widget\" data-widget_type=\"button.default\">\n\t\t\t\t\t\t\t\t\t\t<a class=\"elementor-button elementor-button-link elementor-size-sm\" href=\"https:\/\/medicaltravel.net\/de\/krankenhaus-in-bodrum\/\">\n\t\t\t\t\t\t<span class=\"elementor-button-content-wrapper\">\n\t\t\t\t\t\t\t\t\t<span class=\"elementor-button-text\">Bodrum<\/span>\n\t\t\t\t\t<\/span>\n\t\t\t\t\t<\/a>\n\t\t\t\t\t\t\t\t<\/div>\n\t\t\t\t<div class=\"elementor-element elementor-element-8fa9de0 elementor-widget elementor-widget-button\" data-id=\"8fa9de0\" data-element_type=\"widget\" data-e-type=\"widget\" data-widget_type=\"button.default\">\n\t\t\t\t\t\t\t\t\t\t<a class=\"elementor-button elementor-button-link elementor-size-sm\" href=\"https:\/\/medicaltravel.net\/rommer-rehabilitation-center-turkey\/\">\n\t\t\t\t\t\t<span class=\"elementor-button-content-wrapper\">\n\t\t\t\t\t\t\t\t\t<span class=\"elementor-button-text\">Rommer Bursa<\/span>\n\t\t\t\t\t<\/span>\n\t\t\t\t\t<\/a>\n\t\t\t\t\t\t\t\t<\/div>\n\t\t\t\t<\/div>\n\t\t\t\t<div class=\"elementor-element elementor-element-6dbafd1f elementor-widget elementor-widget-text-editor\" data-id=\"6dbafd1f\" data-element_type=\"widget\" data-e-type=\"widget\" data-widget_type=\"text-editor.default\">\n\t\t\t\t\t\t\t\t\t\n<h3 class=\"wp-block-heading\">Hospital in Izmir<\/h3>\n\n<h3 class=\"wp-block-heading\">Ihr Sch\u00f6nheitschirurg in Izmir<\/h3>\n\n<p>Prof. Dr. Cuneyt Ozek wurde 1964 in Izmir geboren. Nach seinem Abschluss an der Ankara Fen Lisesi (Science High School) im Jahr 1982 absolvierte er 1988 sein Medizinstudium an der Hacettepe Medizinischen Fakult\u00e4t in Ankara. 1992 bestand er die ECFMG-Pr\u00fcfung (Examination of Educational Commission for Foreign Medical Graduates). Nach drei Jahren Facharztausbildung in Allgemeinchirurgie am Kartal Staatskrankenhaus in Istanbul begann er 1992 seine Ausbildung in Plastischer Chirurgie an der Abteilung f\u00fcr Plastische, Rekonstruktive und \u00c4sthetische Chirurgie der Medizinischen Fakult\u00e4t der Ege Universit\u00e4t in Izmir. 1997 schloss er seine Facharztausbildung ab und wurde Spezialist im Bereich Plastische und \u00c4sthetische Chirurgie.   <\/p>\n\n<figure class=\"wp-block-image size-full\"><img decoding=\"async\" width=\"89\" height=\"133\" class=\"wp-image-283\" src=\"https:\/\/medicaltravel.net\/wp-content\/uploads\/2025\/09\/csm_cuneytozek_88e18e4a79.jpg\" alt=\"\"><\/figure>\n\n<p id=\"caption-attachment-506\">Prof. Dr. \u00d6zek geh\u00f6rt zu den Besten der Welt.<\/p>\n\n<p>W\u00e4hrend seiner Facharztausbildung erhielt er 1995\u20131996 ein Forschungsstipendium in der Abteilung f\u00fcr Plastische und Rekonstruktive Chirurgie der Stanford University, Palo Alto, Kalifornien, USA. W\u00e4hrend dieses Stipendiums f\u00fchrte er wissenschaftliche Forschungen im Bereich Mikrochirurgie durch und ver\u00f6ffentlichte diese in den renommiertesten Fachzeitschriften der Plastischen Chirurgie. In diesem Zeitraum war er au\u00dferdem Teil der Operationsteams in Privatpraxen. Er hatte die Gelegenheit, gemeinsam mit legend\u00e4ren Plastischen Chirurgen wie Dr. Harry Buncke, Dr. Donald Laub, Dr. William Lineaweaver, Dr. Feng Zhang und Dr. George Commons zu operieren und von ihnen zu lernen. Er verfeinerte seine Techniken weiter in Mikrochirurgie, Fettabsaugung und K\u00f6rperformung, \u00e4sthetischer Chirurgie von Gesicht, Nase, Brust und Augenbereich. Gleichzeitig hatte er die Gelegenheit, zusammen mit dem renommierten Experten Donald Laub zwei Buchkapitel \u00fcber Sch\u00f6nheitschirurgie zu schreiben. Zudem beobachtete er die Arbeit von Steven Hoefflin aus Los Angeles.       <\/p>\n\n<p>Er ist klinischer au\u00dferordentlicher Professor in der Abteilung f\u00fcr Plastische Chirurgie am Medizinischen Zentrum der Ege Universit\u00e4t, wo er an der Ausbildung von plastischen Chirurgen im Facharztausbildungsprogramm sowie von Medizinstudenten teilnimmt.<\/p>\n\n<p>Die Fachartikel von Prof. Dr. \u00d6zek wurden im British Journal of Plastic Surgery, im Journal of Craniofacial Surgery, im Plastic Reconstructive Surgery Journal und in den Annals of Plastic Surgery ver\u00f6ffentlicht. Dar\u00fcber hinaus sind zahlreiche Artikel von Prof. Dr. \u00d6zek in allgemeinen Zeitungen und Magazinen erschienen.   <\/p>\n\n<p>Prof. Dr. \u00d6zek ist seit 2000 Mitglied des Herausgeberbeirats der bekanntesten Fachzeitschrift f\u00fcr Mikrochirurgie, Journal of Microsurgery. Au\u00dferdem ist er Mitglied der Herausgeberbeir\u00e4te von Zeitschriften wie Turkish Clinics und dem Ege University Journal.  <\/p>\n\n<p>Von der European Board of Plastic Surgery zertifiziert ist Prof. Dr. \u00d6zek Fellow der European Plastic Surgeons, einer Berufsorganisation, deren strenge Standards f\u00fcr chirurgische Exzellenz den Facharzt definieren. Das European Board of Plastic Surgery, Inc., das strenge schriftliche und m\u00fcndliche Pr\u00fcfungen f\u00fcr Chirurgen mit Spezialisierung auf Plastische Chirurgie durchf\u00fchrt, zertifiziert ihn ebenfalls als Plastischen Chirurgen. Er ist der erste t\u00fcrkische Plastische Chirurg, der diese Pr\u00fcfungen bestanden hat.   <\/p>\n\n<p>Er ist ein von der T\u00fcrkischen Vereinigung f\u00fcr Plastische, Rekonstruktive und \u00c4sthetische Chirurgie zertifiziertes Mitglied. Au\u00dferdem ist er Mitglied der Turkish Society of Aesthetic Surgery, der Turkish Association of Reconstructive Microsurgery und der Wound Care Society. <\/p>\n\n<p>Er ist au\u00dferdem Mitglied von EURAPS, der Europ\u00e4ischen Vereinigung f\u00fcr Plastische Chirurgie, und BAPRAS, der Balkanvereinigung f\u00fcr Plastische und Rekonstruktive Chirurgie.<\/p>\n\t\t\t\t\t\t\t\t<\/div>\n\t\t\t\t\t<\/div>\n\t\t\t\t<\/div>\n\t\t\t\t<\/div>\n\t\t","protected":false},"excerpt":{"rendered":"<p>Acibadem Liv Antalya Izmir Bodrum Rommer Bursa Hospital in Izmir Ihr Sch\u00f6nheitschirurg in Izmir Prof. Dr. Cuneyt Ozek wurde 1964 in Izmir geboren. Nach seinem Abschluss an der Ankara Fen Lisesi (Science High School) im Jahr 1982 absolvierte er 1988 sein Medizinstudium an der Hacettepe Medizinischen Fakult\u00e4t in Ankara. 1992 bestand er die ECFMG-Pr\u00fcfung (Examination of Educational Commission for Foreign Medical Graduates). Nach drei Jahren Facharztausbildung in Allgemeinchirurgie am Kartal Staatskrankenhaus in Istanbul begann er 1992 seine Ausbildung in Plastischer Chirurgie an der Abteilung f\u00fcr Plastische, Rekonstruktive und \u00c4sthetische Chirurgie der Medizinischen Fakult\u00e4t der Ege Universit\u00e4t in Izmir. 1997 schloss er seine Facharztausbildung ab und wurde Spezialist im Bereich Plastische und \u00c4sthetische Chirurgie. Prof. Dr. \u00d6zek geh\u00f6rt zu den Besten der Welt. W\u00e4hrend seiner Facharztausbildung erhielt er 1995\u20131996 ein Forschungsstipendium in der Abteilung f\u00fcr Plastische und Rekonstruktive Chirurgie der Stanford University, Palo Alto, Kalifornien, USA. W\u00e4hrend dieses Stipendiums f\u00fchrte er wissenschaftliche Forschungen im Bereich Mikrochirurgie durch und ver\u00f6ffentlichte diese in den renommiertesten Fachzeitschriften der Plastischen Chirurgie. In diesem Zeitraum war er au\u00dferdem Teil der Operationsteams in Privatpraxen. Er hatte die Gelegenheit, gemeinsam mit legend\u00e4ren Plastischen Chirurgen wie Dr. Harry Buncke, Dr. Donald Laub, Dr. William Lineaweaver, Dr. Feng Zhang und Dr. George Commons zu operieren und von ihnen zu lernen. Er verfeinerte seine Techniken weiter in Mikrochirurgie, Fettabsaugung und K\u00f6rperformung, \u00e4sthetischer Chirurgie von Gesicht, Nase, Brust und Augenbereich. Gleichzeitig hatte er die Gelegenheit, zusammen mit dem renommierten Experten Donald Laub zwei Buchkapitel \u00fcber Sch\u00f6nheitschirurgie zu schreiben. Zudem beobachtete er die Arbeit von Steven Hoefflin aus Los Angeles. Er ist klinischer au\u00dferordentlicher Professor in der Abteilung f\u00fcr Plastische Chirurgie am Medizinischen Zentrum der Ege Universit\u00e4t, wo er an der Ausbildung von plastischen Chirurgen im Facharztausbildungsprogramm sowie von Medizinstudenten teilnimmt. Die Fachartikel von Prof. Dr. \u00d6zek wurden im British Journal of Plastic Surgery, im Journal of Craniofacial Surgery, im Plastic Reconstructive Surgery Journal und in den Annals of Plastic Surgery ver\u00f6ffentlicht. Dar\u00fcber hinaus sind zahlreiche Artikel von Prof. Dr. \u00d6zek in allgemeinen Zeitungen und Magazinen erschienen. Prof. Dr. \u00d6zek ist seit 2000 Mitglied des Herausgeberbeirats der bekanntesten Fachzeitschrift f\u00fcr Mikrochirurgie, Journal of Microsurgery. Au\u00dferdem ist er Mitglied der Herausgeberbeir\u00e4te von Zeitschriften wie Turkish Clinics und dem Ege University Journal. Von der European Board of Plastic Surgery zertifiziert ist Prof. Dr. \u00d6zek Fellow der European Plastic Surgeons, einer Berufsorganisation, deren strenge Standards f\u00fcr chirurgische Exzellenz den Facharzt definieren. Das European Board of Plastic Surgery, Inc., das strenge schriftliche und m\u00fcndliche Pr\u00fcfungen f\u00fcr Chirurgen mit Spezialisierung auf Plastische Chirurgie durchf\u00fchrt, zertifiziert ihn ebenfalls als Plastischen Chirurgen. Er ist der erste t\u00fcrkische Plastische Chirurg, der diese Pr\u00fcfungen bestanden hat. Er ist ein von der T\u00fcrkischen Vereinigung f\u00fcr Plastische, Rekonstruktive und \u00c4sthetische Chirurgie zertifiziertes Mitglied. Au\u00dferdem ist er Mitglied der Turkish Society of Aesthetic Surgery, der Turkish Association of Reconstructive Microsurgery und der Wound Care Society. Er ist au\u00dferdem Mitglied von EURAPS, der Europ\u00e4ischen Vereinigung f\u00fcr Plastische Chirurgie, und BAPRAS, der Balkanvereinigung f\u00fcr Plastische und Rekonstruktive Chirurgie.<\/p>\n","protected":false},"author":4,"featured_media":0,"parent":0,"menu_order":0,"comment_status":"closed","ping_status":"closed","template":"","meta":{"_joinchat":[],"footnotes":""},"class_list":["post-2217","page","type-page","status-publish","hentry"],"acf":[],"_links":{"self":[{"href":"https:\/\/medicaltravel.net\/de\/wp-json\/wp\/v2\/pages\/2217","targetHints":{"allow":["GET"]}}],"collection":[{"href":"https:\/\/medicaltravel.net\/de\/wp-json\/wp\/v2\/pages"}],"about":[{"href":"https:\/\/medicaltravel.net\/de\/wp-json\/wp\/v2\/types\/page"}],"author":[{"embeddable":true,"href":"https:\/\/medicaltravel.net\/de\/wp-json\/wp\/v2\/users\/4"}],"replies":[{"embeddable":true,"href":"https:\/\/medicaltravel.net\/de\/wp-json\/wp\/v2\/comments?post=2217"}],"version-history":[{"count":7,"href":"https:\/\/medicaltravel.net\/de\/wp-json\/wp\/v2\/pages\/2217\/revisions"}],"predecessor-version":[{"id":2270,"href":"https:\/\/medicaltravel.net\/de\/wp-json\/wp\/v2\/pages\/2217\/revisions\/2270"}],"wp:attachment":[{"href":"https:\/\/medicaltravel.net\/de\/wp-json\/wp\/v2\/media?parent=2217"}],"curies":[{"name":"wp","href":"https:\/\/api.w.org\/{rel}","templated":true}]}}