{"id":2224,"date":"2025-09-29T09:56:50","date_gmt":"2025-09-29T08:56:50","guid":{"rendered":"https:\/\/medicaltravel.net\/krankenhaeuser-in-antalya\/"},"modified":"2026-01-08T16:35:59","modified_gmt":"2026-01-08T15:35:59","slug":"krankenhaeuser-in-antalya","status":"publish","type":"page","link":"https:\/\/medicaltravel.net\/de\/krankenhaeuser-in-antalya\/","title":{"rendered":"Krankenh\u00e4user in Antalya"},"content":{"rendered":"\t\t<div data-elementor-type=\"wp-page\" data-elementor-id=\"2224\" class=\"elementor elementor-2224 elementor-107\" data-elementor-post-type=\"page\">\n\t\t\t\t<div class=\"elementor-element elementor-element-15ec3fc1 e-flex e-con-boxed wpr-particle-no wpr-jarallax-no wpr-parallax-no wpr-sticky-section-no e-con e-parent\" data-id=\"15ec3fc1\" data-element_type=\"container\" data-e-type=\"container\">\n\t\t\t\t\t<div class=\"e-con-inner\">\n\t\t<div class=\"elementor-element elementor-element-671632e e-con-full e-flex wpr-particle-no wpr-jarallax-no wpr-parallax-no wpr-sticky-section-no e-con e-child\" data-id=\"671632e\" data-element_type=\"container\" data-e-type=\"container\">\n\t\t\t\t<div class=\"elementor-element elementor-element-8c4a9c1 elementor-widget elementor-widget-button\" data-id=\"8c4a9c1\" data-element_type=\"widget\" data-e-type=\"widget\" data-widget_type=\"button.default\">\n\t\t\t\t\t\t\t\t\t\t<a class=\"elementor-button elementor-button-link elementor-size-sm\" href=\"https:\/\/medicaltravel.net\/de\/das-acibadem-krankenhaus-in-istanbul\/\">\n\t\t\t\t\t\t<span class=\"elementor-button-content-wrapper\">\n\t\t\t\t\t\t\t\t\t<span class=\"elementor-button-text\">Acibadem<\/span>\n\t\t\t\t\t<\/span>\n\t\t\t\t\t<\/a>\n\t\t\t\t\t\t\t\t<\/div>\n\t\t\t\t<div class=\"elementor-element elementor-element-2fbf678 elementor-widget elementor-widget-button\" data-id=\"2fbf678\" data-element_type=\"widget\" data-e-type=\"widget\" data-widget_type=\"button.default\">\n\t\t\t\t\t\t\t\t\t\t<a class=\"elementor-button elementor-button-link elementor-size-sm\" href=\"https:\/\/medicaltravel.net\/liv_hospital_istanbul\/\">\n\t\t\t\t\t\t<span class=\"elementor-button-content-wrapper\">\n\t\t\t\t\t\t\t\t\t<span class=\"elementor-button-text\">Liv<\/span>\n\t\t\t\t\t<\/span>\n\t\t\t\t\t<\/a>\n\t\t\t\t\t\t\t\t<\/div>\n\t\t\t\t<div class=\"elementor-element elementor-element-31d5172 elementor-widget elementor-widget-button\" data-id=\"31d5172\" data-element_type=\"widget\" data-e-type=\"widget\" data-widget_type=\"button.default\">\n\t\t\t\t\t\t\t\t\t\t<a class=\"elementor-button elementor-button-link elementor-size-sm\" href=\"https:\/\/medicaltravel.net\/de\/krankenhaeuser-in-antalya\/\">\n\t\t\t\t\t\t<span class=\"elementor-button-content-wrapper\">\n\t\t\t\t\t\t\t\t\t<span class=\"elementor-button-text\">Antalya<\/span>\n\t\t\t\t\t<\/span>\n\t\t\t\t\t<\/a>\n\t\t\t\t\t\t\t\t<\/div>\n\t\t\t\t<div class=\"elementor-element elementor-element-e577b9f elementor-widget elementor-widget-button\" data-id=\"e577b9f\" data-element_type=\"widget\" data-e-type=\"widget\" data-widget_type=\"button.default\">\n\t\t\t\t\t\t\t\t\t\t<a class=\"elementor-button elementor-button-link elementor-size-sm\" href=\"https:\/\/medicaltravel.net\/de\/krankenhaus-in-izmir\/\">\n\t\t\t\t\t\t<span class=\"elementor-button-content-wrapper\">\n\t\t\t\t\t\t\t\t\t<span class=\"elementor-button-text\"> Izmir<\/span>\n\t\t\t\t\t<\/span>\n\t\t\t\t\t<\/a>\n\t\t\t\t\t\t\t\t<\/div>\n\t\t\t\t<div class=\"elementor-element elementor-element-cc06e63 elementor-widget elementor-widget-button\" data-id=\"cc06e63\" data-element_type=\"widget\" data-e-type=\"widget\" data-widget_type=\"button.default\">\n\t\t\t\t\t\t\t\t\t\t<a class=\"elementor-button elementor-button-link elementor-size-sm\" href=\"https:\/\/medicaltravel.net\/de\/krankenhaus-in-bodrum\/\">\n\t\t\t\t\t\t<span class=\"elementor-button-content-wrapper\">\n\t\t\t\t\t\t\t\t\t<span class=\"elementor-button-text\">Bodrum<\/span>\n\t\t\t\t\t<\/span>\n\t\t\t\t\t<\/a>\n\t\t\t\t\t\t\t\t<\/div>\n\t\t\t\t<div class=\"elementor-element elementor-element-0209e05 elementor-widget elementor-widget-button\" data-id=\"0209e05\" data-element_type=\"widget\" data-e-type=\"widget\" data-widget_type=\"button.default\">\n\t\t\t\t\t\t\t\t\t\t<a class=\"elementor-button elementor-button-link elementor-size-sm\" href=\"https:\/\/medicaltravel.net\/rommer-rehabilitation-center-turkey\/\">\n\t\t\t\t\t\t<span class=\"elementor-button-content-wrapper\">\n\t\t\t\t\t\t\t\t\t<span class=\"elementor-button-text\">Rommer Bursa<\/span>\n\t\t\t\t\t<\/span>\n\t\t\t\t\t<\/a>\n\t\t\t\t\t\t\t\t<\/div>\n\t\t\t\t<\/div>\n\t\t\t\t<div class=\"elementor-element elementor-element-58a4501d elementor-widget elementor-widget-text-editor\" data-id=\"58a4501d\" data-element_type=\"widget\" data-e-type=\"widget\" data-widget_type=\"text-editor.default\">\n\t\t\t\t\t\t\t\t\t\n<h3 class=\"wp-block-heading\">Krankenh\u00e4user in Antalya<\/h3>\n\n<p>Das Talya Medical Center verf\u00fcgt \u00fcber die modernste Ausstattung und Technologie in Antalya. Gleichzeitig ist es eines der renommiertesten privaten Krankenh\u00e4user in der T\u00fcrkei. Au\u00dferdem w\u00e4chst und entwickelt sich die Memorial Krankenhausgruppe jedes Jahr weiter. Dieses Krankenhaus erf\u00fcllt mehr als die Hygienestandards der EU, und Sie werden von erfahrenen \u00c4rzten und Chirurgen betreut.   <\/p>\n\n<p>Es ist die erste medizinische Wahl f\u00fcr die Oberschicht in Antalya.<\/p>\n\n<p>Das Zentrum verf\u00fcgt \u00fcber sehr gut ausgebildete \u00c4rzte und kontinuierlich fortschreitende technologische und wissenschaftliche Entwicklungen, einschlie\u00dflich erfahrener \u00e4sthetischer Chirurgen.<\/p>\n\n<figure class=\"wp-block-image size-full\"><img decoding=\"async\" width=\"200\" height=\"133\" class=\"wp-image-278\" src=\"https:\/\/medicaltravel.net\/wp-content\/uploads\/2025\/09\/csm_imagesCA7YBLF8_92f68d6bb0.jpg\" alt=\"\"><\/figure>\n\n<p id=\"caption-attachment-160\">Die moderne Sch\u00f6nheitsklinik in Antalya f\u00fcr Ihre Sch\u00f6nheitsoperation<\/p>\n\n<figure class=\"wp-block-image size-full\"><img fetchpriority=\"high\" decoding=\"async\" width=\"500\" height=\"300\" class=\"wp-image-280\" src=\"https:\/\/medicaltravel.net\/wp-content\/uploads\/2025\/09\/talya_goz_gebaeude_draussen_3.jpg\" alt=\"\" srcset=\"https:\/\/medicaltravel.net\/wp-content\/uploads\/2025\/09\/talya_goz_gebaeude_draussen_3.jpg 500w, https:\/\/medicaltravel.net\/wp-content\/uploads\/2025\/09\/talya_goz_gebaeude_draussen_3-300x180.jpg 300w\" sizes=\"(max-width: 500px) 100vw, 500px\" \/><\/figure>\n\n<p><strong>Warum sollten Sie dieses Krankenhaus in Antalya bevorzugen?<\/strong><\/p>\n\n<p>Sch\u00f6nheitsklinik in Antalya, T\u00fcrkei \u2013 Antalya ist die Hauptstadt des Tourismus in der T\u00fcrkei.<\/p>\n\n<ul class=\"wp-block-list\">\n<li>Das Zentrum hat seit seiner Gr\u00fcndung mehr als viertausend ausl\u00e4ndische Patienten behandelt.<\/li>\n\n<li>Sein Ziel ist es, ein hohes Niveau an technologischer Infrastruktur aufrechtzuerhalten.<\/li>\n\n<li>Die Behandlungskosten hier sind 3-5 Mal niedriger als im Ausland.<\/li>\n\n<li>Die Patienten profitieren von noch besserer Technologie, zahlen aber weniger.<\/li>\n\n<li>Internationale Anerkennung und Wertsch\u00e4tzung der Leistungen des Zentrums im Gesundheitswesen sowie Antalya mit sehr guten klimatischen Bedingungen und einer hoch entwickelten touristischen Infrastruktur<\/li>\n<\/ul>\n\n<p>Die verschiedenen Behandlungsm\u00f6glichkeiten des Krankenhauses bieten den Patienten ein breites Spektrum an Dienstleistungen. Mit der gro\u00dfen Erfahrung, die in diesem Krankenhaus geboten wird, wird die Servicequalit\u00e4t Ihre Erwartungen erf\u00fcllen. <\/p>\n\n<p>Ihre Operation wird von Dr. E. \u00dcst\u00fcnsoy durchgef\u00fchrt, der \u00fcber gro\u00dfe Erfahrung in diesem Bereich verf\u00fcgt und auch in Deutschland gearbeitet hat.<\/p>\n\n<figure class=\"wp-block-image size-full\"><img decoding=\"async\" width=\"167\" height=\"169\" class=\"wp-image-281\" src=\"https:\/\/medicaltravel.net\/wp-content\/uploads\/2025\/09\/RTEmagicC_dr_engin_ustunsoy_1__8e2c2d_07.jpg.jpg\" alt=\"\"><\/figure>\n\n<p id=\"caption-attachment-502\">Dr. E. \u00dcst\u00fcnsoy<\/p>\n\t\t\t\t\t\t\t\t<\/div>\n\t\t\t\t\t<\/div>\n\t\t\t\t<\/div>\n\t\t\t\t<\/div>\n\t\t","protected":false},"excerpt":{"rendered":"<p>Acibadem Liv Antalya Izmir Bodrum Rommer Bursa Krankenh\u00e4user in Antalya Das Talya Medical Center verf\u00fcgt \u00fcber die modernste Ausstattung und Technologie in Antalya. Gleichzeitig ist es eines der renommiertesten privaten Krankenh\u00e4user in der T\u00fcrkei. Au\u00dferdem w\u00e4chst und entwickelt sich die Memorial Krankenhausgruppe jedes Jahr weiter. Dieses Krankenhaus erf\u00fcllt mehr als die Hygienestandards der EU, und Sie werden von erfahrenen \u00c4rzten und Chirurgen betreut. Es ist die erste medizinische Wahl f\u00fcr die Oberschicht in Antalya. Das Zentrum verf\u00fcgt \u00fcber sehr gut ausgebildete \u00c4rzte und kontinuierlich fortschreitende technologische und wissenschaftliche Entwicklungen, einschlie\u00dflich erfahrener \u00e4sthetischer Chirurgen. Die moderne Sch\u00f6nheitsklinik in Antalya f\u00fcr Ihre Sch\u00f6nheitsoperation Warum sollten Sie dieses Krankenhaus in Antalya bevorzugen? Sch\u00f6nheitsklinik in Antalya, T\u00fcrkei \u2013 Antalya ist die Hauptstadt des Tourismus in der T\u00fcrkei. Das Zentrum hat seit seiner Gr\u00fcndung mehr als viertausend ausl\u00e4ndische Patienten behandelt. Sein Ziel ist es, ein hohes Niveau an technologischer Infrastruktur aufrechtzuerhalten. Die Behandlungskosten hier sind 3-5 Mal niedriger als im Ausland. Die Patienten profitieren von noch besserer Technologie, zahlen aber weniger. Internationale Anerkennung und Wertsch\u00e4tzung der Leistungen des Zentrums im Gesundheitswesen sowie Antalya mit sehr guten klimatischen Bedingungen und einer hoch entwickelten touristischen Infrastruktur Die verschiedenen Behandlungsm\u00f6glichkeiten des Krankenhauses bieten den Patienten ein breites Spektrum an Dienstleistungen. Mit der gro\u00dfen Erfahrung, die in diesem Krankenhaus geboten wird, wird die Servicequalit\u00e4t Ihre Erwartungen erf\u00fcllen. Ihre Operation wird von Dr. E. \u00dcst\u00fcnsoy durchgef\u00fchrt, der \u00fcber gro\u00dfe Erfahrung in diesem Bereich verf\u00fcgt und auch in Deutschland gearbeitet hat. Dr. E. \u00dcst\u00fcnsoy<\/p>\n","protected":false},"author":4,"featured_media":0,"parent":0,"menu_order":0,"comment_status":"closed","ping_status":"closed","template":"","meta":{"_joinchat":[],"footnotes":""},"class_list":["post-2224","page","type-page","status-publish","hentry"],"acf":[],"_links":{"self":[{"href":"https:\/\/medicaltravel.net\/de\/wp-json\/wp\/v2\/pages\/2224","targetHints":{"allow":["GET"]}}],"collection":[{"href":"https:\/\/medicaltravel.net\/de\/wp-json\/wp\/v2\/pages"}],"about":[{"href":"https:\/\/medicaltravel.net\/de\/wp-json\/wp\/v2\/types\/page"}],"author":[{"embeddable":true,"href":"https:\/\/medicaltravel.net\/de\/wp-json\/wp\/v2\/users\/4"}],"replies":[{"embeddable":true,"href":"https:\/\/medicaltravel.net\/de\/wp-json\/wp\/v2\/comments?post=2224"}],"version-history":[{"count":7,"href":"https:\/\/medicaltravel.net\/de\/wp-json\/wp\/v2\/pages\/2224\/revisions"}],"predecessor-version":[{"id":2274,"href":"https:\/\/medicaltravel.net\/de\/wp-json\/wp\/v2\/pages\/2224\/revisions\/2274"}],"wp:attachment":[{"href":"https:\/\/medicaltravel.net\/de\/wp-json\/wp\/v2\/media?parent=2224"}],"curies":[{"name":"wp","href":"https:\/\/api.w.org\/{rel}","templated":true}]}}