{"id":2276,"date":"2025-09-29T09:47:43","date_gmt":"2025-09-29T08:47:43","guid":{"rendered":"https:\/\/medicaltravel.net\/liposuktion\/"},"modified":"2026-01-08T18:52:47","modified_gmt":"2026-01-08T17:52:47","slug":"liposuktion","status":"publish","type":"page","link":"https:\/\/medicaltravel.net\/de\/liposuktion\/","title":{"rendered":"Liposuktion"},"content":{"rendered":"\t\t<div data-elementor-type=\"wp-page\" data-elementor-id=\"2276\" class=\"elementor elementor-2276 elementor-85\" data-elementor-post-type=\"page\">\n\t\t\t\t<div class=\"elementor-element elementor-element-1f533086 e-flex e-con-boxed wpr-particle-no wpr-jarallax-no wpr-parallax-no wpr-sticky-section-no e-con e-parent\" data-id=\"1f533086\" data-element_type=\"container\" data-e-type=\"container\">\n\t\t\t\t\t<div class=\"e-con-inner\">\n\t\t<div class=\"elementor-element elementor-element-c9f7d8b e-con-full e-flex wpr-particle-no wpr-jarallax-no wpr-parallax-no wpr-sticky-section-no e-con e-child\" data-id=\"c9f7d8b\" data-element_type=\"container\" data-e-type=\"container\">\n\t\t\t\t<div class=\"elementor-element elementor-element-aad5f4d elementor-widget elementor-widget-button\" data-id=\"aad5f4d\" data-element_type=\"widget\" data-e-type=\"widget\" data-widget_type=\"button.default\">\n\t\t\t\t\t\t\t\t\t\t<a class=\"elementor-button elementor-button-link elementor-size-sm\" href=\"https:\/\/medicaltravel.net\/de\/brustoperationen\/\">\n\t\t\t\t\t\t<span class=\"elementor-button-content-wrapper\">\n\t\t\t\t\t\t\t\t\t<span class=\"elementor-button-text\">Brustoperationen<\/span>\n\t\t\t\t\t<\/span>\n\t\t\t\t\t<\/a>\n\t\t\t\t\t\t\t\t<\/div>\n\t\t\t\t<div class=\"elementor-element elementor-element-de58957 elementor-widget elementor-widget-button\" data-id=\"de58957\" data-element_type=\"widget\" data-e-type=\"widget\" data-widget_type=\"button.default\">\n\t\t\t\t\t\t\t\t\t\t<a class=\"elementor-button elementor-button-link elementor-size-sm\" href=\"https:\/\/medicaltravel.net\/de\/liposuktion\/\">\n\t\t\t\t\t\t<span class=\"elementor-button-content-wrapper\">\n\t\t\t\t\t\t\t\t\t<span class=\"elementor-button-text\">Liposuktion<\/span>\n\t\t\t\t\t<\/span>\n\t\t\t\t\t<\/a>\n\t\t\t\t\t\t\t\t<\/div>\n\t\t\t\t<div class=\"elementor-element elementor-element-ddf1ed5 elementor-widget elementor-widget-button\" data-id=\"ddf1ed5\" data-element_type=\"widget\" data-e-type=\"widget\" data-widget_type=\"button.default\">\n\t\t\t\t\t\t\t\t\t\t<a class=\"elementor-button elementor-button-link elementor-size-sm\" href=\"https:\/\/medicaltravel.net\/tummy-tuck\/\">\n\t\t\t\t\t\t<span class=\"elementor-button-content-wrapper\">\n\t\t\t\t\t\t\t\t\t<span class=\"elementor-button-text\">Bauchstraffung<\/span>\n\t\t\t\t\t<\/span>\n\t\t\t\t\t<\/a>\n\t\t\t\t\t\t\t\t<\/div>\n\t\t\t\t<div class=\"elementor-element elementor-element-5c5388b elementor-widget elementor-widget-button\" data-id=\"5c5388b\" data-element_type=\"widget\" data-e-type=\"widget\" data-widget_type=\"button.default\">\n\t\t\t\t\t\t\t\t\t\t<a class=\"elementor-button elementor-button-link elementor-size-sm\" href=\"https:\/\/medicaltravel.net\/de\/lidkorrektur\/\">\n\t\t\t\t\t\t<span class=\"elementor-button-content-wrapper\">\n\t\t\t\t\t\t\t\t\t<span class=\"elementor-button-text\">Lidkorrektur<\/span>\n\t\t\t\t\t<\/span>\n\t\t\t\t\t<\/a>\n\t\t\t\t\t\t\t\t<\/div>\n\t\t\t\t<div class=\"elementor-element elementor-element-07c7990 elementor-widget elementor-widget-button\" data-id=\"07c7990\" data-element_type=\"widget\" data-e-type=\"widget\" data-widget_type=\"button.default\">\n\t\t\t\t\t\t\t\t\t\t<a class=\"elementor-button elementor-button-link elementor-size-sm\" href=\"https:\/\/medicaltravel.net\/nose-correction\/\">\n\t\t\t\t\t\t<span class=\"elementor-button-content-wrapper\">\n\t\t\t\t\t\t\t\t\t<span class=\"elementor-button-text\">Nasenkorrektur<\/span>\n\t\t\t\t\t<\/span>\n\t\t\t\t\t<\/a>\n\t\t\t\t\t\t\t\t<\/div>\n\t\t\t\t<div class=\"elementor-element elementor-element-44e45c3 elementor-widget elementor-widget-button\" data-id=\"44e45c3\" data-element_type=\"widget\" data-e-type=\"widget\" data-widget_type=\"button.default\">\n\t\t\t\t\t\t\t\t\t\t<a class=\"elementor-button elementor-button-link elementor-size-sm\" href=\"https:\/\/medicaltravel.net\/de\/gesichtsstraffung\/\">\n\t\t\t\t\t\t<span class=\"elementor-button-content-wrapper\">\n\t\t\t\t\t\t\t\t\t<span class=\"elementor-button-text\">Gesichtsstraffung<\/span>\n\t\t\t\t\t<\/span>\n\t\t\t\t\t<\/a>\n\t\t\t\t\t\t\t\t<\/div>\n\t\t\t\t<div class=\"elementor-element elementor-element-b55b5fe elementor-widget elementor-widget-button\" data-id=\"b55b5fe\" data-element_type=\"widget\" data-e-type=\"widget\" data-widget_type=\"button.default\">\n\t\t\t\t\t\t\t\t\t\t<a class=\"elementor-button elementor-button-link elementor-size-sm\" href=\"https:\/\/medicaltravel.net\/de\/ohrkorrektur\/\">\n\t\t\t\t\t\t<span class=\"elementor-button-content-wrapper\">\n\t\t\t\t\t\t\t\t\t<span class=\"elementor-button-text\">Ohrkorrektur<\/span>\n\t\t\t\t\t<\/span>\n\t\t\t\t\t<\/a>\n\t\t\t\t\t\t\t\t<\/div>\n\t\t\t\t<div class=\"elementor-element elementor-element-0c4303f elementor-widget elementor-widget-button\" data-id=\"0c4303f\" data-element_type=\"widget\" data-e-type=\"widget\" data-widget_type=\"button.default\">\n\t\t\t\t\t\t\t\t\t\t<a class=\"elementor-button elementor-button-link elementor-size-sm\" href=\"https:\/\/medicaltravel.net\/de\/bodylifting\/\">\n\t\t\t\t\t\t<span class=\"elementor-button-content-wrapper\">\n\t\t\t\t\t\t\t\t\t<span class=\"elementor-button-text\">Bodylifting<\/span>\n\t\t\t\t\t<\/span>\n\t\t\t\t\t<\/a>\n\t\t\t\t\t\t\t\t<\/div>\n\t\t\t\t<\/div>\n\t\t\t\t<div class=\"elementor-element elementor-element-3597f7ad elementor-widget elementor-widget-text-editor\" data-id=\"3597f7ad\" data-element_type=\"widget\" data-e-type=\"widget\" data-widget_type=\"text-editor.default\">\n\t\t\t\t\t\t\t\t\t\n<h3 class=\"wp-block-heading\">LIPOSUKTION<\/h3>\n\n<h3 class=\"wp-block-heading\">LIPOSUKTION IN DER T\u00dcRKEI<\/h3>\n\n<h4 class=\"wp-block-heading\">Liposuktion<br><\/h4>\n\n<p>Mit der Liposuktionsmethode kann die Zunahme von subkutanem regionalem Fettgewebe korrigiert werden. Diese Methode ist keine allgemeine Gewichtsabnahmemethode. <\/p>\n\n<p><em><strong>Voroperative Behandlung<\/strong><\/em><\/p>\n\n<p>Um das Gewebe zu entfernen, ist eine direkte Vorbehandlung erforderlich. Unabh\u00e4ngig vom Liposuktionsger\u00e4t (Saugpumpe, vibrierende Absaugung, Ejektoren) wird Fl\u00fcssigkeit in bestimmte Bereiche injiziert. <\/p>\n\n<p>Dann schwillt das gesamte Gewebe an; dadurch werden die Fettzellen gel\u00f6st und \u00fcber eine Kan\u00fcle abgesaugt.<\/p>\n\n<p>Die relevanten Bereiche werden markiert und anschlie\u00dfend desinfiziert, und es wird eine Fl\u00fcssigkeit mit Bet\u00e4ubungsmittel und Vasokonstriktor injiziert.<\/p>\n\n<p><em><strong>Anwendung<\/strong><\/em><\/p>\n\n<p>Das injizierte Medikament wird innerhalb von einer halben Stunde wirksam, und dann wird eine Kan\u00fcle \u00fcber einen 5-mm-Schnitt in das subkutane Fettgewebe eingef\u00fchrt. Das injizierte Medikament bleibt 4 bis 5 Stunden aktiv, in dieser Zeit versp\u00fcren Sie keine Schmerzen. <\/p>\n\n<figure class=\"wp-block-image size-full\"><img fetchpriority=\"high\" decoding=\"async\" width=\"334\" height=\"433\" class=\"wp-image-244\" src=\"https:\/\/medicaltravel.net\/wp-content\/uploads\/2025\/09\/csm_fettabsaugen_6fb602394c.jpg\" alt=\"\" srcset=\"https:\/\/medicaltravel.net\/wp-content\/uploads\/2025\/09\/csm_fettabsaugen_6fb602394c.jpg 334w, https:\/\/medicaltravel.net\/wp-content\/uploads\/2025\/09\/csm_fettabsaugen_6fb602394c-231x300.jpg 231w\" sizes=\"(max-width: 334px) 100vw, 334px\" \/><\/figure>\n\n<p id=\"caption-attachment-532\">Lassen Sie Ihre Liposuktion von den weltweit bekannten \u00c4rzten in der T\u00fcrkei durchf\u00fchren.<\/p>\n\n<p>Es ist sehr anstrengend, Fettgewebe auf mechanischem Wege abzusaugen. Daher wurden in der Industrie Hilfsger\u00e4te entwickelt, die die Arbeit eines plastischen Chirurgen erleichtern. <\/p>\n\n<p><strong>Vibrierende Liposuktion: <\/strong>Fettzellen werden aus ihrem Gewebeverbund gel\u00f6st, nachdem sie durch das Platzieren von Saugkan\u00fclen \u00fcber einen elektronischen Motor vibriert wurden.<\/p>\n\n<p><strong>Wasserbasierte Liposuktion:<\/strong> Bei diesem Verfahren werden Fettzellen im Gewebeverbund mit einer Hochdrucknadel ausgesp\u00fclt. Diese Methode schont die nahegelegenen Venen und Nerven, und es wird ein vollkommen sauberes Fett gewonnen. Dieses Fett kann sp\u00e4ter verwendet werden, um m\u00f6gliche Falten zu korrigieren oder Gewebe an anderen Stellen zu verst\u00e4rken, beispielsweise zur Auff\u00fcllung des Wangenknochenbereichs, oder es kann f\u00fcr eine Brustvergr\u00f6\u00dferung bei der Mammoplastik genutzt werden.  <\/p>\n\n<p><strong>Laser-Liposuktion<\/strong>: Eine kleine Kan\u00fcle mit Laser, 1\u20132 mm Durchmesser, wird unter die Haut eingef\u00fchrt. Die Hin- und Herbewegung der Kan\u00fcle erm\u00f6glicht, dass der Laserstrahl direkt auf die Gewebezellen wirkt und diese zerst\u00f6rt. Der Laserstrahl wirkt auch auf den subkutanen Bereich, wo er eine Verringerung der Hautfasern bewirkt.  <\/p>\n\n<p><strong><em>Nach der Erholungsphase<\/em><\/strong><\/p>\n\n<p>Sie haben etwa 2 Tage nach der Operation keine Beschwerden. Danach k\u00f6nnen jedoch Beschwerden wie Muskelsteifheit und Muskelschmerzen auftreten. Sie m\u00fcssen 6 Wochen lang Kompressionsunterw\u00e4sche tragen. Dies sorgt daf\u00fcr, dass die beim Entfernen des Fettgewebes entstandenen Hohlr\u00e4ume geschlossen werden.   <\/p>\n\n<p>Zu Beginn treten f\u00fcr etwa zwei Tage Austritte aus den Einstichstellen auf, bestehend aus Resten des Verd\u00fcnnungsmaterials vermischt mit Blut. Dies ist v\u00f6llig normal. <\/p>\n\t\t\t\t\t\t\t\t<\/div>\n\t\t\t\t\t<\/div>\n\t\t\t\t<\/div>\n\t\t\t\t<\/div>\n\t\t","protected":false},"excerpt":{"rendered":"<p>Brustoperationen Liposuktion Bauchstraffung Lidkorrektur Nasenkorrektur Gesichtsstraffung Ohrkorrektur Bodylifting LIPOSUKTION LIPOSUKTION IN DER T\u00dcRKEI Liposuktion Mit der Liposuktionsmethode kann die Zunahme von subkutanem regionalem Fettgewebe korrigiert werden. Diese Methode ist keine allgemeine Gewichtsabnahmemethode. Voroperative Behandlung Um das Gewebe zu entfernen, ist eine direkte Vorbehandlung erforderlich. Unabh\u00e4ngig vom Liposuktionsger\u00e4t (Saugpumpe, vibrierende Absaugung, Ejektoren) wird Fl\u00fcssigkeit in bestimmte Bereiche injiziert. Dann schwillt das gesamte Gewebe an; dadurch werden die Fettzellen gel\u00f6st und \u00fcber eine Kan\u00fcle abgesaugt. Die relevanten Bereiche werden markiert und anschlie\u00dfend desinfiziert, und es wird eine Fl\u00fcssigkeit mit Bet\u00e4ubungsmittel und Vasokonstriktor injiziert. Anwendung Das injizierte Medikament wird innerhalb von einer halben Stunde wirksam, und dann wird eine Kan\u00fcle \u00fcber einen 5-mm-Schnitt in das subkutane Fettgewebe eingef\u00fchrt. Das injizierte Medikament bleibt 4 bis 5 Stunden aktiv, in dieser Zeit versp\u00fcren Sie keine Schmerzen. Lassen Sie Ihre Liposuktion von den weltweit bekannten \u00c4rzten in der T\u00fcrkei durchf\u00fchren. Es ist sehr anstrengend, Fettgewebe auf mechanischem Wege abzusaugen. Daher wurden in der Industrie Hilfsger\u00e4te entwickelt, die die Arbeit eines plastischen Chirurgen erleichtern. Vibrierende Liposuktion: Fettzellen werden aus ihrem Gewebeverbund gel\u00f6st, nachdem sie durch das Platzieren von Saugkan\u00fclen \u00fcber einen elektronischen Motor vibriert wurden. Wasserbasierte Liposuktion: Bei diesem Verfahren werden Fettzellen im Gewebeverbund mit einer Hochdrucknadel ausgesp\u00fclt. Diese Methode schont die nahegelegenen Venen und Nerven, und es wird ein vollkommen sauberes Fett gewonnen. Dieses Fett kann sp\u00e4ter verwendet werden, um m\u00f6gliche Falten zu korrigieren oder Gewebe an anderen Stellen zu verst\u00e4rken, beispielsweise zur Auff\u00fcllung des Wangenknochenbereichs, oder es kann f\u00fcr eine Brustvergr\u00f6\u00dferung bei der Mammoplastik genutzt werden. Laser-Liposuktion: Eine kleine Kan\u00fcle mit Laser, 1\u20132 mm Durchmesser, wird unter die Haut eingef\u00fchrt. Die Hin- und Herbewegung der Kan\u00fcle erm\u00f6glicht, dass der Laserstrahl direkt auf die Gewebezellen wirkt und diese zerst\u00f6rt. Der Laserstrahl wirkt auch auf den subkutanen Bereich, wo er eine Verringerung der Hautfasern bewirkt. Nach der Erholungsphase Sie haben etwa 2 Tage nach der Operation keine Beschwerden. Danach k\u00f6nnen jedoch Beschwerden wie Muskelsteifheit und Muskelschmerzen auftreten. Sie m\u00fcssen 6 Wochen lang Kompressionsunterw\u00e4sche tragen. Dies sorgt daf\u00fcr, dass die beim Entfernen des Fettgewebes entstandenen Hohlr\u00e4ume geschlossen werden. Zu Beginn treten f\u00fcr etwa zwei Tage Austritte aus den Einstichstellen auf, bestehend aus Resten des Verd\u00fcnnungsmaterials vermischt mit Blut. Dies ist v\u00f6llig normal.<\/p>\n","protected":false},"author":4,"featured_media":0,"parent":0,"menu_order":0,"comment_status":"closed","ping_status":"closed","template":"","meta":{"_joinchat":[],"footnotes":""},"class_list":["post-2276","page","type-page","status-publish","hentry"],"acf":[],"_links":{"self":[{"href":"https:\/\/medicaltravel.net\/de\/wp-json\/wp\/v2\/pages\/2276","targetHints":{"allow":["GET"]}}],"collection":[{"href":"https:\/\/medicaltravel.net\/de\/wp-json\/wp\/v2\/pages"}],"about":[{"href":"https:\/\/medicaltravel.net\/de\/wp-json\/wp\/v2\/types\/page"}],"author":[{"embeddable":true,"href":"https:\/\/medicaltravel.net\/de\/wp-json\/wp\/v2\/users\/4"}],"replies":[{"embeddable":true,"href":"https:\/\/medicaltravel.net\/de\/wp-json\/wp\/v2\/comments?post=2276"}],"version-history":[{"count":3,"href":"https:\/\/medicaltravel.net\/de\/wp-json\/wp\/v2\/pages\/2276\/revisions"}],"predecessor-version":[{"id":2279,"href":"https:\/\/medicaltravel.net\/de\/wp-json\/wp\/v2\/pages\/2276\/revisions\/2279"}],"wp:attachment":[{"href":"https:\/\/medicaltravel.net\/de\/wp-json\/wp\/v2\/media?parent=2276"}],"curies":[{"name":"wp","href":"https:\/\/api.w.org\/{rel}","templated":true}]}}