{"id":2282,"date":"2025-09-29T09:56:15","date_gmt":"2025-09-29T08:56:15","guid":{"rendered":"https:\/\/medicaltravel.net\/liv-hospital\/"},"modified":"2026-01-08T19:22:01","modified_gmt":"2026-01-08T18:22:01","slug":"liv-hospital","status":"publish","type":"page","link":"https:\/\/medicaltravel.net\/de\/liv-hospital\/","title":{"rendered":"Liv Hospital"},"content":{"rendered":"\t\t<div data-elementor-type=\"wp-page\" data-elementor-id=\"2282\" class=\"elementor elementor-2282 elementor-105\" data-elementor-post-type=\"page\">\n\t\t\t\t<div class=\"elementor-element elementor-element-2b3750fa e-flex e-con-boxed wpr-particle-no wpr-jarallax-no wpr-parallax-no wpr-sticky-section-no e-con e-parent\" data-id=\"2b3750fa\" data-element_type=\"container\" data-e-type=\"container\">\n\t\t\t\t\t<div class=\"e-con-inner\">\n\t\t<div class=\"elementor-element elementor-element-5c771b2 e-con-full e-flex wpr-particle-no wpr-jarallax-no wpr-parallax-no wpr-sticky-section-no e-con e-child\" data-id=\"5c771b2\" data-element_type=\"container\" data-e-type=\"container\">\n\t\t\t\t<div class=\"elementor-element elementor-element-a525eca elementor-widget elementor-widget-button\" data-id=\"a525eca\" data-element_type=\"widget\" data-e-type=\"widget\" data-widget_type=\"button.default\">\n\t\t\t\t\t\t\t\t\t\t<a class=\"elementor-button elementor-button-link elementor-size-sm\" href=\"https:\/\/medicaltravel.net\/de\/das-acibadem-krankenhaus-in-istanbul\/\">\n\t\t\t\t\t\t<span class=\"elementor-button-content-wrapper\">\n\t\t\t\t\t\t\t\t\t<span class=\"elementor-button-text\">Acibadem<\/span>\n\t\t\t\t\t<\/span>\n\t\t\t\t\t<\/a>\n\t\t\t\t\t\t\t\t<\/div>\n\t\t\t\t<div class=\"elementor-element elementor-element-94f21ed elementor-widget elementor-widget-button\" data-id=\"94f21ed\" data-element_type=\"widget\" data-e-type=\"widget\" data-widget_type=\"button.default\">\n\t\t\t\t\t\t\t\t\t\t<a class=\"elementor-button elementor-button-link elementor-size-sm\" href=\"https:\/\/medicaltravel.net\/de\/liv-hospital\/\">\n\t\t\t\t\t\t<span class=\"elementor-button-content-wrapper\">\n\t\t\t\t\t\t\t\t\t<span class=\"elementor-button-text\">Liv<\/span>\n\t\t\t\t\t<\/span>\n\t\t\t\t\t<\/a>\n\t\t\t\t\t\t\t\t<\/div>\n\t\t\t\t<div class=\"elementor-element elementor-element-39ffae1 elementor-widget elementor-widget-button\" data-id=\"39ffae1\" data-element_type=\"widget\" data-e-type=\"widget\" data-widget_type=\"button.default\">\n\t\t\t\t\t\t\t\t\t\t<a class=\"elementor-button elementor-button-link elementor-size-sm\" href=\"https:\/\/medicaltravel.net\/de\/krankenhaeuser-in-antalya\/\">\n\t\t\t\t\t\t<span class=\"elementor-button-content-wrapper\">\n\t\t\t\t\t\t\t\t\t<span class=\"elementor-button-text\">Antalya<\/span>\n\t\t\t\t\t<\/span>\n\t\t\t\t\t<\/a>\n\t\t\t\t\t\t\t\t<\/div>\n\t\t\t\t<div class=\"elementor-element elementor-element-a7d1921 elementor-widget elementor-widget-button\" data-id=\"a7d1921\" data-element_type=\"widget\" data-e-type=\"widget\" data-widget_type=\"button.default\">\n\t\t\t\t\t\t\t\t\t\t<a class=\"elementor-button elementor-button-link elementor-size-sm\" href=\"https:\/\/medicaltravel.net\/de\/krankenhaus-in-izmir\/\">\n\t\t\t\t\t\t<span class=\"elementor-button-content-wrapper\">\n\t\t\t\t\t\t\t\t\t<span class=\"elementor-button-text\"> Izmir<\/span>\n\t\t\t\t\t<\/span>\n\t\t\t\t\t<\/a>\n\t\t\t\t\t\t\t\t<\/div>\n\t\t\t\t<div class=\"elementor-element elementor-element-3c763f4 elementor-widget elementor-widget-button\" data-id=\"3c763f4\" data-element_type=\"widget\" data-e-type=\"widget\" data-widget_type=\"button.default\">\n\t\t\t\t\t\t\t\t\t\t<a class=\"elementor-button elementor-button-link elementor-size-sm\" href=\"https:\/\/medicaltravel.net\/de\/krankenhaus-in-bodrum\/\">\n\t\t\t\t\t\t<span class=\"elementor-button-content-wrapper\">\n\t\t\t\t\t\t\t\t\t<span class=\"elementor-button-text\">Bodrum<\/span>\n\t\t\t\t\t<\/span>\n\t\t\t\t\t<\/a>\n\t\t\t\t\t\t\t\t<\/div>\n\t\t\t\t<div class=\"elementor-element elementor-element-81717c3 elementor-widget elementor-widget-button\" data-id=\"81717c3\" data-element_type=\"widget\" data-e-type=\"widget\" data-widget_type=\"button.default\">\n\t\t\t\t\t\t\t\t\t\t<a class=\"elementor-button elementor-button-link elementor-size-sm\" href=\"https:\/\/medicaltravel.net\/rommer-rehabilitation-center-turkey\/\">\n\t\t\t\t\t\t<span class=\"elementor-button-content-wrapper\">\n\t\t\t\t\t\t\t\t\t<span class=\"elementor-button-text\">Rommer Bursa<\/span>\n\t\t\t\t\t<\/span>\n\t\t\t\t\t<\/a>\n\t\t\t\t\t\t\t\t<\/div>\n\t\t\t\t<\/div>\n\t\t\t\t<div class=\"elementor-element elementor-element-ae71872 elementor-widget elementor-widget-text-editor\" data-id=\"ae71872\" data-element_type=\"widget\" data-e-type=\"widget\" data-widget_type=\"text-editor.default\">\n\t\t\t\t\t\t\t\t\t\n<h3 class=\"wp-block-heading\">Das Liv Krankenhaus in Istanbul<\/h3>\n\n<p><strong>Das Liv Krankenhaus Istanbul <\/strong>erhielt kurz nach seiner Er\u00f6ffnung die Joint Commission International (<strong>JCI<\/strong>) der USA, das wichtigste internationale Akkreditierungszertifikat im Gesundheitswesen, sowie das <strong>T\u00dcV-Zertifikat<\/strong>, das europ\u00e4ische <strong>ISO<\/strong>-Zertifikat.<\/p>\n\n<p><strong>Das Liv Krankenhaus Ulus<\/strong>, das in den letzten sechs Jahren mit seinen medizinischen Abteilungen, seiner Technologie, seinem fachkundigen \u00c4rzteteam und seiner aufrichtigen Hingabe an den Wert des menschlichen Lebens stetig gewachsen ist, hat sich in kurzer Zeit zu einem Referenzzentrum im <strong>Gesundheitswesen<\/strong> entwickelt.<\/p>\n\n<p><strong>Das Liv Krankenhaus<\/strong> ist eine multidisziplin\u00e4re Einrichtung, die von der Joint Commission International akkreditiert und ISO-zertifiziert ist. Neben seiner Abteilung f\u00fcr plastische und \u00e4sthetische Chirurgie ist das Krankenhaus auch auf Kardiologie, <strong>Neurologie<\/strong>, Orthop\u00e4die, <strong>Allgemeinmedizin<\/strong>, Adipositaschirurgie, <strong>Gastroenterologie<\/strong>, P\u00e4diatrie, <strong>Rehabilitation<\/strong>, Onkologie sowie <strong>Geburtshilfe und Gyn\u00e4kologie<\/strong> spezialisiert. Das Team international ausgebildeter \u00c4rzte des Liv Krankenhauses hat \u00fcber 14.000 internationale Patienten mit fortschrittlicher Diagnostik und modernster Technologie behandelt.  <\/p>\n\n<figure class=\"wp-block-image size-large\"><img fetchpriority=\"high\" decoding=\"async\" width=\"1024\" height=\"263\" class=\"wp-image-274\" src=\"https:\/\/medicaltravel.net\/wp-content\/uploads\/2025\/09\/518-1024x263.jpg\" alt=\"\" srcset=\"https:\/\/medicaltravel.net\/wp-content\/uploads\/2025\/09\/518-1024x263.jpg 1024w, https:\/\/medicaltravel.net\/wp-content\/uploads\/2025\/09\/518-300x77.jpg 300w, https:\/\/medicaltravel.net\/wp-content\/uploads\/2025\/09\/518-768x197.jpg 768w, https:\/\/medicaltravel.net\/wp-content\/uploads\/2025\/09\/518-1536x395.jpg 1536w, https:\/\/medicaltravel.net\/wp-content\/uploads\/2025\/09\/518.jpg 1900w\" sizes=\"(max-width: 1024px) 100vw, 1024px\" \/><\/figure>\n\n<p id=\"caption-attachment-1197\">Das \u00e4u\u00dferst sch\u00f6ne Privatkrankenhaus Liv in Istanbul<\/p>\n\n<figure class=\"wp-block-image size-large\"><img decoding=\"async\" width=\"1024\" height=\"263\" class=\"wp-image-276\" src=\"https:\/\/medicaltravel.net\/wp-content\/uploads\/2025\/09\/120-1024x263.jpg\" alt=\"\" srcset=\"https:\/\/medicaltravel.net\/wp-content\/uploads\/2025\/09\/120-1024x263.jpg 1024w, https:\/\/medicaltravel.net\/wp-content\/uploads\/2025\/09\/120-300x77.jpg 300w, https:\/\/medicaltravel.net\/wp-content\/uploads\/2025\/09\/120-768x197.jpg 768w, https:\/\/medicaltravel.net\/wp-content\/uploads\/2025\/09\/120-1536x395.jpg 1536w, https:\/\/medicaltravel.net\/wp-content\/uploads\/2025\/09\/120.jpg 1900w\" sizes=\"(max-width: 1024px) 100vw, 1024px\" \/><\/figure>\n\n<p id=\"caption-attachment-1193\">Das Luxuskkrankenhaus Liv Ulus Istanbul<\/p>\n\n<p>Das Krankenhaus verf\u00fcgt \u00fcber <strong>verschiedene medizinische Zentren<\/strong>, von denen sich die meisten in Istanbul befinden. Es ist die erste medizinische Wahl der gehobenen Gesellschaft in Istanbul und in ganz T\u00fcrkei. <\/p>\n\t\t\t\t\t\t\t\t<\/div>\n\t\t\t\t\t<\/div>\n\t\t\t\t<\/div>\n\t\t\t\t<\/div>\n\t\t","protected":false},"excerpt":{"rendered":"<p>Acibadem Liv Antalya Izmir Bodrum Rommer Bursa Das Liv Krankenhaus in Istanbul Das Liv Krankenhaus Istanbul erhielt kurz nach seiner Er\u00f6ffnung die Joint Commission International (JCI) der USA, das wichtigste internationale Akkreditierungszertifikat im Gesundheitswesen, sowie das T\u00dcV-Zertifikat, das europ\u00e4ische ISO-Zertifikat. Das Liv Krankenhaus Ulus, das in den letzten sechs Jahren mit seinen medizinischen Abteilungen, seiner Technologie, seinem fachkundigen \u00c4rzteteam und seiner aufrichtigen Hingabe an den Wert des menschlichen Lebens stetig gewachsen ist, hat sich in kurzer Zeit zu einem Referenzzentrum im Gesundheitswesen entwickelt. Das Liv Krankenhaus ist eine multidisziplin\u00e4re Einrichtung, die von der Joint Commission International akkreditiert und ISO-zertifiziert ist. Neben seiner Abteilung f\u00fcr plastische und \u00e4sthetische Chirurgie ist das Krankenhaus auch auf Kardiologie, Neurologie, Orthop\u00e4die, Allgemeinmedizin, Adipositaschirurgie, Gastroenterologie, P\u00e4diatrie, Rehabilitation, Onkologie sowie Geburtshilfe und Gyn\u00e4kologie spezialisiert. Das Team international ausgebildeter \u00c4rzte des Liv Krankenhauses hat \u00fcber 14.000 internationale Patienten mit fortschrittlicher Diagnostik und modernster Technologie behandelt. Das \u00e4u\u00dferst sch\u00f6ne Privatkrankenhaus Liv in Istanbul Das Luxuskkrankenhaus Liv Ulus Istanbul Das Krankenhaus verf\u00fcgt \u00fcber verschiedene medizinische Zentren, von denen sich die meisten in Istanbul befinden. Es ist die erste medizinische Wahl der gehobenen Gesellschaft in Istanbul und in ganz T\u00fcrkei.<\/p>\n","protected":false},"author":4,"featured_media":0,"parent":0,"menu_order":0,"comment_status":"closed","ping_status":"closed","template":"","meta":{"_joinchat":[],"footnotes":""},"class_list":["post-2282","page","type-page","status-publish","hentry"],"acf":[],"_links":{"self":[{"href":"https:\/\/medicaltravel.net\/de\/wp-json\/wp\/v2\/pages\/2282","targetHints":{"allow":["GET"]}}],"collection":[{"href":"https:\/\/medicaltravel.net\/de\/wp-json\/wp\/v2\/pages"}],"about":[{"href":"https:\/\/medicaltravel.net\/de\/wp-json\/wp\/v2\/types\/page"}],"author":[{"embeddable":true,"href":"https:\/\/medicaltravel.net\/de\/wp-json\/wp\/v2\/users\/4"}],"replies":[{"embeddable":true,"href":"https:\/\/medicaltravel.net\/de\/wp-json\/wp\/v2\/comments?post=2282"}],"version-history":[{"count":3,"href":"https:\/\/medicaltravel.net\/de\/wp-json\/wp\/v2\/pages\/2282\/revisions"}],"predecessor-version":[{"id":2285,"href":"https:\/\/medicaltravel.net\/de\/wp-json\/wp\/v2\/pages\/2282\/revisions\/2285"}],"wp:attachment":[{"href":"https:\/\/medicaltravel.net\/de\/wp-json\/wp\/v2\/media?parent=2282"}],"curies":[{"name":"wp","href":"https:\/\/api.w.org\/{rel}","templated":true}]}}