{"id":2287,"date":"2025-09-29T09:29:06","date_gmt":"2025-09-29T08:29:06","guid":{"rendered":"https:\/\/medicaltravel.net\/das-liv-krankenhaus-in-istanbul\/"},"modified":"2026-01-08T20:12:56","modified_gmt":"2026-01-08T19:12:56","slug":"das-liv-krankenhaus-in-istanbul","status":"publish","type":"page","link":"https:\/\/medicaltravel.net\/de\/das-liv-krankenhaus-in-istanbul\/","title":{"rendered":"Das Liv Krankenhaus in Istanbul"},"content":{"rendered":"\t\t<div data-elementor-type=\"wp-page\" data-elementor-id=\"2287\" class=\"elementor elementor-2287 elementor-59\" data-elementor-post-type=\"page\">\n\t\t\t\t<div class=\"elementor-element elementor-element-265212af e-flex e-con-boxed wpr-particle-no wpr-jarallax-no wpr-parallax-no wpr-sticky-section-no e-con e-parent\" data-id=\"265212af\" data-element_type=\"container\" data-e-type=\"container\">\n\t\t\t\t\t<div class=\"e-con-inner\">\n\t\t<div class=\"elementor-element elementor-element-e7c7611 e-con-full e-flex wpr-particle-no wpr-jarallax-no wpr-parallax-no wpr-sticky-section-no e-con e-child\" data-id=\"e7c7611\" data-element_type=\"container\" data-e-type=\"container\">\n\t\t\t\t<div class=\"elementor-element elementor-element-88cc28c elementor-widget elementor-widget-button\" data-id=\"88cc28c\" data-element_type=\"widget\" data-e-type=\"widget\" data-widget_type=\"button.default\">\n\t\t\t\t\t\t\t\t\t\t<a class=\"elementor-button elementor-button-link elementor-size-sm\" href=\"https:\/\/medicaltravel.net\/de\/das-liv-krankenhaus-in-istanbul\/krankheiten\/behandlungen-bei-morbus-parkinson-tuerkei-istanbul-antalya-izmir\/\">\n\t\t\t\t\t\t<span class=\"elementor-button-content-wrapper\">\n\t\t\t\t\t\t\t\t\t<span class=\"elementor-button-text\">Morbus Parkinson<\/span>\n\t\t\t\t\t<\/span>\n\t\t\t\t\t<\/a>\n\t\t\t\t\t\t\t\t<\/div>\n\t\t\t\t<div class=\"elementor-element elementor-element-f66cb13 elementor-widget elementor-widget-button\" data-id=\"f66cb13\" data-element_type=\"widget\" data-e-type=\"widget\" data-widget_type=\"button.default\">\n\t\t\t\t\t\t\t\t\t\t<a class=\"elementor-button elementor-button-link elementor-size-sm\" href=\"https:\/\/medicaltravel.net\/neurological-treatments-turkey-istanbul\/diseases-epilepsy-surgery\/\">\n\t\t\t\t\t\t<span class=\"elementor-button-content-wrapper\">\n\t\t\t\t\t\t\t\t\t<span class=\"elementor-button-text\">Epilepsiechirurgie<\/span>\n\t\t\t\t\t<\/span>\n\t\t\t\t\t<\/a>\n\t\t\t\t\t\t\t\t<\/div>\n\t\t\t\t<div class=\"elementor-element elementor-element-a09d91b elementor-widget elementor-widget-button\" data-id=\"a09d91b\" data-element_type=\"widget\" data-e-type=\"widget\" data-widget_type=\"button.default\">\n\t\t\t\t\t\t\t\t\t\t<a class=\"elementor-button elementor-button-link elementor-size-sm\" href=\"https:\/\/medicaltravel.net\/de\/das-liv-krankenhaus-in-istanbul\/krankheiten\/behandlungen-der-zerebralparese-tuerkei-istanbul-antalya-izmir\/\">\n\t\t\t\t\t\t<span class=\"elementor-button-content-wrapper\">\n\t\t\t\t\t\t\t\t\t<span class=\"elementor-button-text\">Zerebralparese<\/span>\n\t\t\t\t\t<\/span>\n\t\t\t\t\t<\/a>\n\t\t\t\t\t\t\t\t<\/div>\n\t\t\t\t<div class=\"elementor-element elementor-element-515c760 elementor-widget elementor-widget-button\" data-id=\"515c760\" data-element_type=\"widget\" data-e-type=\"widget\" data-widget_type=\"button.default\">\n\t\t\t\t\t\t\t\t\t\t<a class=\"elementor-button elementor-button-link elementor-size-sm\" href=\"https:\/\/medicaltravel.net\/neurological-treatments-turkey-istanbul\/neurology\/\">\n\t\t\t\t\t\t<span class=\"elementor-button-content-wrapper\">\n\t\t\t\t\t\t\t\t\t<span class=\"elementor-button-text\">Weitere Behandlungen<\/span>\n\t\t\t\t\t<\/span>\n\t\t\t\t\t<\/a>\n\t\t\t\t\t\t\t\t<\/div>\n\t\t\t\t<\/div>\n\t\t\t\t<div class=\"elementor-element elementor-element-1a3e888d elementor-widget elementor-widget-text-editor\" data-id=\"1a3e888d\" data-element_type=\"widget\" data-e-type=\"widget\" data-widget_type=\"text-editor.default\">\n\t\t\t\t\t\t\t\t\t\n<h3 class=\"wp-block-heading\">Neurologische Behandlungen in der T\u00fcrkei \u2013 Istanbul \u2013 Antalya \u2013 Izmir<\/h3>\n\n<p>Die Abteilungen f\u00fcr Neurologie und Neurochirurgie der t\u00fcrkischen Krankenh\u00e4user behandeln die komplexesten Erkrankungen mit einem multidisziplin\u00e4ren Ansatz. Sowohl die Neurologie- als auch die Neurochirurgieprogramme f\u00fcr Erwachsene und Kinder arbeiten eng mit anderen p\u00e4diatrischen, radiologischen und onkologischen Fachbereichen zusammen, um unseren Patienten eine umfassende Versorgung zu bieten. <\/p>\n\n<figure class=\"wp-block-image size-full\"><img fetchpriority=\"high\" decoding=\"async\" width=\"622\" height=\"350\" class=\"wp-image-216\" src=\"https:\/\/medicaltravel.net\/wp-content\/uploads\/2025\/09\/csm_head_xray_52a012b826.jpg\" alt=\"\" srcset=\"https:\/\/medicaltravel.net\/wp-content\/uploads\/2025\/09\/csm_head_xray_52a012b826.jpg 622w, https:\/\/medicaltravel.net\/wp-content\/uploads\/2025\/09\/csm_head_xray_52a012b826-300x169.jpg 300w\" sizes=\"(max-width: 622px) 100vw, 622px\" \/><\/figure>\n\n<p id=\"caption-attachment-235\">Wir organisieren medizinische Reisen in die T\u00fcrkei f\u00fcr die Behandlung Ihrer neurologischen Erkrankungen in einem der besten Krankenh\u00e4user auf diesem Gebiet. Die Krankenh\u00e4user sind JCI-zertifiziert.<\/p>\n\n<h3 class=\"wp-block-heading\">Wie werden neurologische Erkrankungen behandelt?<\/h3>\n\n<p>Viele Erkrankungen k\u00f6nnen behandelt werden. Die Behandlung oder Linderung der Symptome unterscheidet sich je nach Erkrankung. Um Behandlungsm\u00f6glichkeiten zu finden, f\u00fchren Neurologen Tests am Gehirn oder Nervensystem durch und werten diese aus. Die Behandlung kann Patienten mit neurologischen Erkrankungen helfen, die bestm\u00f6gliche Lebensqualit\u00e4t zu erhalten.   <\/p>\n\n<h3 class=\"wp-block-heading\">Was ist eine neurologische Untersuchung?<\/h3>\n\n<p>W\u00e4hrend einer neurologischen Untersuchung \u00fcberpr\u00fcft der Neurologe die Krankengeschichte des Patienten, wobei besonderes Augenmerk auf den aktuellen Zustand gelegt wird. Anschlie\u00dfend f\u00fchrt der Patient eine neurologische Untersuchung durch. Typischerweise werden dabei Sehkraft, Kraft, Koordination, Reflexe und Empfindungen getestet. Diese Informationen helfen dem Neurologen festzustellen, ob das Problem im Nervensystem liegt. Weitere Tests k\u00f6nnen erforderlich sein, um eine Diagnose zu best\u00e4tigen oder eine spezifische Behandlung zu finden.    <\/p>\n\n<h3 class=\"wp-block-heading\">Warum ben\u00f6tigen Patienten eine neurologische Untersuchung?<\/h3>\n\n<p>Eine Untersuchung wird durchgef\u00fchrt, wenn ein Hausarzt eine fach\u00e4rztliche Meinung zu einem Patienten einholt, dessen Symptome das Gehirn oder das Nervensystem betreffen k\u00f6nnten. Die Untersuchung kann auch erfolgen, wenn ein Patient eine Zweitmeinung von einem Neurologen w\u00fcnscht. Die Expertise des Neurologen bei Erkrankungen des Gehirns und Nervensystems kann den Patienten eine effektive Diagnose und Behandlung neurologischer Erkrankungen bieten.  <\/p>\n\n<p>Die Neurochirurgen und Neurologen haben Erfahrung in der Bewertung und Behandlung der komplexesten neurologischen Erkrankungen und bieten die aktuellsten verf\u00fcgbaren Behandlungsmethoden an. Alle Fach\u00e4rzte nutzen die modernste verf\u00fcgbare Technologie in der Neurochirurgie. <\/p>\n\n<p><strong>Neurologische Rehabilitation<\/strong><br><a href=\"https:\/\/medicaltravel.net\/rommer-rehabilitation-center-turkey\/\" data-type=\"page\" data-id=\"113\">Hier<\/a> finden Sie weitere Informationen \u00fcber die neurologischen Rehabilitationskliniken in der T\u00fcrkei.<\/p>\n\t\t\t\t\t\t\t\t<\/div>\n\t\t\t\t\t<\/div>\n\t\t\t\t<\/div>\n\t\t\t\t<\/div>\n\t\t","protected":false},"excerpt":{"rendered":"<p>Morbus Parkinson Epilepsiechirurgie Zerebralparese Weitere Behandlungen Neurologische Behandlungen in der T\u00fcrkei \u2013 Istanbul \u2013 Antalya \u2013 Izmir Die Abteilungen f\u00fcr Neurologie und Neurochirurgie der t\u00fcrkischen Krankenh\u00e4user behandeln die komplexesten Erkrankungen mit einem multidisziplin\u00e4ren Ansatz. Sowohl die Neurologie- als auch die Neurochirurgieprogramme f\u00fcr Erwachsene und Kinder arbeiten eng mit anderen p\u00e4diatrischen, radiologischen und onkologischen Fachbereichen zusammen, um unseren Patienten eine umfassende Versorgung zu bieten. Wir organisieren medizinische Reisen in die T\u00fcrkei f\u00fcr die Behandlung Ihrer neurologischen Erkrankungen in einem der besten Krankenh\u00e4user auf diesem Gebiet. Die Krankenh\u00e4user sind JCI-zertifiziert. Wie werden neurologische Erkrankungen behandelt? Viele Erkrankungen k\u00f6nnen behandelt werden. Die Behandlung oder Linderung der Symptome unterscheidet sich je nach Erkrankung. Um Behandlungsm\u00f6glichkeiten zu finden, f\u00fchren Neurologen Tests am Gehirn oder Nervensystem durch und werten diese aus. Die Behandlung kann Patienten mit neurologischen Erkrankungen helfen, die bestm\u00f6gliche Lebensqualit\u00e4t zu erhalten. Was ist eine neurologische Untersuchung? W\u00e4hrend einer neurologischen Untersuchung \u00fcberpr\u00fcft der Neurologe die Krankengeschichte des Patienten, wobei besonderes Augenmerk auf den aktuellen Zustand gelegt wird. Anschlie\u00dfend f\u00fchrt der Patient eine neurologische Untersuchung durch. Typischerweise werden dabei Sehkraft, Kraft, Koordination, Reflexe und Empfindungen getestet. Diese Informationen helfen dem Neurologen festzustellen, ob das Problem im Nervensystem liegt. Weitere Tests k\u00f6nnen erforderlich sein, um eine Diagnose zu best\u00e4tigen oder eine spezifische Behandlung zu finden. Warum ben\u00f6tigen Patienten eine neurologische Untersuchung? Eine Untersuchung wird durchgef\u00fchrt, wenn ein Hausarzt eine fach\u00e4rztliche Meinung zu einem Patienten einholt, dessen Symptome das Gehirn oder das Nervensystem betreffen k\u00f6nnten. Die Untersuchung kann auch erfolgen, wenn ein Patient eine Zweitmeinung von einem Neurologen w\u00fcnscht. Die Expertise des Neurologen bei Erkrankungen des Gehirns und Nervensystems kann den Patienten eine effektive Diagnose und Behandlung neurologischer Erkrankungen bieten. Die Neurochirurgen und Neurologen haben Erfahrung in der Bewertung und Behandlung der komplexesten neurologischen Erkrankungen und bieten die aktuellsten verf\u00fcgbaren Behandlungsmethoden an. Alle Fach\u00e4rzte nutzen die modernste verf\u00fcgbare Technologie in der Neurochirurgie. Neurologische RehabilitationHier finden Sie weitere Informationen \u00fcber die neurologischen Rehabilitationskliniken in der T\u00fcrkei.<\/p>\n","protected":false},"author":4,"featured_media":0,"parent":0,"menu_order":0,"comment_status":"closed","ping_status":"closed","template":"","meta":{"_joinchat":[],"footnotes":""},"class_list":["post-2287","page","type-page","status-publish","hentry"],"acf":[],"_links":{"self":[{"href":"https:\/\/medicaltravel.net\/de\/wp-json\/wp\/v2\/pages\/2287","targetHints":{"allow":["GET"]}}],"collection":[{"href":"https:\/\/medicaltravel.net\/de\/wp-json\/wp\/v2\/pages"}],"about":[{"href":"https:\/\/medicaltravel.net\/de\/wp-json\/wp\/v2\/types\/page"}],"author":[{"embeddable":true,"href":"https:\/\/medicaltravel.net\/de\/wp-json\/wp\/v2\/users\/4"}],"replies":[{"embeddable":true,"href":"https:\/\/medicaltravel.net\/de\/wp-json\/wp\/v2\/comments?post=2287"}],"version-history":[{"count":7,"href":"https:\/\/medicaltravel.net\/de\/wp-json\/wp\/v2\/pages\/2287\/revisions"}],"predecessor-version":[{"id":2305,"href":"https:\/\/medicaltravel.net\/de\/wp-json\/wp\/v2\/pages\/2287\/revisions\/2305"}],"wp:attachment":[{"href":"https:\/\/medicaltravel.net\/de\/wp-json\/wp\/v2\/media?parent=2287"}],"curies":[{"name":"wp","href":"https:\/\/api.w.org\/{rel}","templated":true}]}}