{"id":2291,"date":"2025-09-29T09:31:40","date_gmt":"2025-09-29T08:31:40","guid":{"rendered":"https:\/\/medicaltravel.net\/das-liv-krankenhaus-in-istanbul\/krankheiten\/"},"modified":"2026-01-09T20:09:27","modified_gmt":"2026-01-09T19:09:27","slug":"krankheiten","status":"publish","type":"page","link":"https:\/\/medicaltravel.net\/de\/das-liv-krankenhaus-in-istanbul\/krankheiten\/","title":{"rendered":"Krankheiten"},"content":{"rendered":"\n<ul class=\"wp-block-list\">\n<li><a href=\"https:\/\/www.medicaltravel.net\/neurological-diseases\/diseases\/parkinsons-disease\/\">Morbus Parkinson<\/a><\/li>\n\n\n\n<li><a href=\"https:\/\/www.medicaltravel.net\/neurological-diseases\/diseases\/epilepsy-surgery\/\">Epilepsiechirurgie<\/a><\/li>\n\n\n\n<li><a href=\"https:\/\/www.medicaltravel.net\/neurological-diseases\/diseases\/cerebral-palsy\/\">Zerebralparese<\/a><\/li>\n<\/ul>\n\n<h3 class=\"wp-block-heading\">BEHANDLUNGSPROGRAMME F\u00dcR NEUROLOGISCHE ERKRANKUNGEN IN DER T\u00dcRKEI<\/h3>\n\n<p>In den Ac\u0131badem-Krankenh\u00e4usern k\u00f6nnen alle Arten von neurochirurgischen Eingriffen durchgef\u00fchrt werden.<\/p>\n\n<p><strong>Erwachsene<\/strong><\/p>\n\n<ul class=\"wp-block-list\">\n<li><strong>Das Gehirn<\/strong>\n<ul class=\"wp-block-list\">\n<li>Hirntumore (gutartig und b\u00f6sartig)<\/li>\n\n\n\n<li>Sch\u00e4delbasistumore<\/li>\n\n\n\n<li>Gef\u00e4\u00dferkrankungen (Hirnblutung, zerebrale Aneurysmen, arterioven\u00f6se Malformationen, kavern\u00f6se Malformationen und Schlaganfall)<\/li>\n\n\n\n<li>Hydrozephalus (Fl\u00fcssigkeitsansammlung im Gehirn)<\/li>\n\n\n\n<li>Trauma<\/li>\n\n\n\n<li>Angeborene Fehlbildungen<\/li>\n\n\n\n<li>Infektionen<\/li>\n\n\n\n<li>Funktionelle Neurochirurgie (Chirurgie bei Bewegungsst\u00f6rungen, Schmerzchirurgie)<\/li>\n\n\n\n<li>Gamma-Knife-Radiochirurgie<\/li>\n<\/ul>\n<\/li>\n<\/ul>\n\n<ul class=\"wp-block-list\">\n<li><strong>Die Wirbels\u00e4ule<\/strong>\n<ul class=\"wp-block-list\">\n<li>Bandscheibenvorfall-Operation\n<ul class=\"wp-block-list\">\n<li>Zervikal<\/li>\n\n\n\n<li>Thorakal<\/li>\n\n\n\n<li>Lumbal<\/li>\n<\/ul>\n<\/li>\n\n\n\n<li>Degenerative und altersbedingte Wirbels\u00e4ulenerkrankungen<\/li>\n\n\n\n<li>Komplexe Wirbels\u00e4ulenoperationen, einschlie\u00dflich Instrumentierungen<\/li>\n\n\n\n<li>R\u00fcckenmark- und Wirbelknochentumore<\/li>\n\n\n\n<li>Gef\u00e4\u00dffehlbildungen (Spinale arterioven\u00f6se Malformationen)<\/li>\n\n\n\n<li>Trauma<\/li>\n\n\n\n<li>Infektionen<\/li>\n<\/ul>\n<\/li>\n<\/ul>\n\n<ul class=\"wp-block-list\">\n<li><strong>Das periphere Nervensystem<\/strong>\n<ul class=\"wp-block-list\">\n<li>Nervenkompressionssyndrome<\/li>\n\n\n\n<li>Nervenverletzungen<\/li>\n<\/ul>\n<\/li>\n<\/ul>\n\n<ul class=\"wp-block-list\">\n<li><strong>P\u00e4diatrie<\/strong>\n<ul class=\"wp-block-list\">\n<li>Angeborene zerebrale Anomalien<\/li>\n\n\n\n<li>Hydrozephalus (Fl\u00fcssigkeitsansammlung im Gehirn)<\/li>\n\n\n\n<li>Kraniosynostose (vorzeitiger Verschluss der Sch\u00e4delknochen)<\/li>\n\n\n\n<li>Arachnoidalzysten (Hirnzysten)<\/li>\n\n\n\n<li>Die kraniovertebralen \u00dcbergangsanomalien<\/li>\n\n\n\n<li>Spinale Dysraphie (Tethered-Cord-Syndrom, Split-Cord-Anomalien)<\/li>\n<\/ul>\n<\/li>\n<\/ul>\n","protected":false},"excerpt":{"rendered":"<p>BEHANDLUNGSPROGRAMME F\u00dcR NEUROLOGISCHE ERKRANKUNGEN IN DER T\u00dcRKEI In den Ac\u0131badem-Krankenh\u00e4usern k\u00f6nnen alle Arten von neurochirurgischen Eingriffen durchgef\u00fchrt werden. Erwachsene<\/p>\n","protected":false},"author":4,"featured_media":0,"parent":2287,"menu_order":0,"comment_status":"closed","ping_status":"closed","template":"","meta":{"_joinchat":[],"footnotes":""},"class_list":["post-2291","page","type-page","status-publish","hentry"],"acf":[],"_links":{"self":[{"href":"https:\/\/medicaltravel.net\/de\/wp-json\/wp\/v2\/pages\/2291","targetHints":{"allow":["GET"]}}],"collection":[{"href":"https:\/\/medicaltravel.net\/de\/wp-json\/wp\/v2\/pages"}],"about":[{"href":"https:\/\/medicaltravel.net\/de\/wp-json\/wp\/v2\/types\/page"}],"author":[{"embeddable":true,"href":"https:\/\/medicaltravel.net\/de\/wp-json\/wp\/v2\/users\/4"}],"replies":[{"embeddable":true,"href":"https:\/\/medicaltravel.net\/de\/wp-json\/wp\/v2\/comments?post=2291"}],"version-history":[{"count":3,"href":"https:\/\/medicaltravel.net\/de\/wp-json\/wp\/v2\/pages\/2291\/revisions"}],"predecessor-version":[{"id":2331,"href":"https:\/\/medicaltravel.net\/de\/wp-json\/wp\/v2\/pages\/2291\/revisions\/2331"}],"up":[{"embeddable":true,"href":"https:\/\/medicaltravel.net\/de\/wp-json\/wp\/v2\/pages\/2287"}],"wp:attachment":[{"href":"https:\/\/medicaltravel.net\/de\/wp-json\/wp\/v2\/media?parent=2291"}],"curies":[{"name":"wp","href":"https:\/\/api.w.org\/{rel}","templated":true}]}}