{"id":2293,"date":"2025-09-29T09:36:20","date_gmt":"2025-09-29T08:36:20","guid":{"rendered":"https:\/\/medicaltravel.net\/das-liv-krankenhaus-in-istanbul\/krankheiten\/behandlungen-der-zerebralparese-tuerkei-istanbul-antalya-izmir\/"},"modified":"2026-01-08T19:58:35","modified_gmt":"2026-01-08T18:58:35","slug":"behandlungen-der-zerebralparese-tuerkei-istanbul-antalya-izmir","status":"publish","type":"page","link":"https:\/\/medicaltravel.net\/de\/das-liv-krankenhaus-in-istanbul\/krankheiten\/behandlungen-der-zerebralparese-tuerkei-istanbul-antalya-izmir\/","title":{"rendered":"Behandlungen der Zerebralparese T\u00fcrkei Istanbul Antalya Izmir"},"content":{"rendered":"\t\t<div data-elementor-type=\"wp-page\" data-elementor-id=\"2293\" class=\"elementor elementor-2293 elementor-67\" data-elementor-post-type=\"page\">\n\t\t\t\t<div class=\"elementor-element elementor-element-3c898600 e-flex e-con-boxed wpr-particle-no wpr-jarallax-no wpr-parallax-no wpr-sticky-section-no e-con e-parent\" data-id=\"3c898600\" data-element_type=\"container\" data-e-type=\"container\">\n\t\t\t\t\t<div class=\"e-con-inner\">\n\t\t<div class=\"elementor-element elementor-element-a8a018f e-con-full e-flex wpr-particle-no wpr-jarallax-no wpr-parallax-no wpr-sticky-section-no e-con e-child\" data-id=\"a8a018f\" data-element_type=\"container\" data-e-type=\"container\">\n\t\t\t\t<div class=\"elementor-element elementor-element-8f54a64 elementor-widget elementor-widget-button\" data-id=\"8f54a64\" data-element_type=\"widget\" data-e-type=\"widget\" data-widget_type=\"button.default\">\n\t\t\t\t\t\t\t\t\t\t<a class=\"elementor-button elementor-button-link elementor-size-sm\" href=\"https:\/\/medicaltravel.net\/neurological-treatments-turkey-istanbul\/diseases\/parkinson\/\">\n\t\t\t\t\t\t<span class=\"elementor-button-content-wrapper\">\n\t\t\t\t\t\t\t\t\t<span class=\"elementor-button-text\">Morbus Parkinson<\/span>\n\t\t\t\t\t<\/span>\n\t\t\t\t\t<\/a>\n\t\t\t\t\t\t\t\t<\/div>\n\t\t\t\t<div class=\"elementor-element elementor-element-bd7d733 elementor-widget elementor-widget-button\" data-id=\"bd7d733\" data-element_type=\"widget\" data-e-type=\"widget\" data-widget_type=\"button.default\">\n\t\t\t\t\t\t\t\t\t\t<a class=\"elementor-button elementor-button-link elementor-size-sm\" href=\"https:\/\/medicaltravel.net\/neurological-treatments-turkey-istanbul\/diseases-epilepsy-surgery\/\">\n\t\t\t\t\t\t<span class=\"elementor-button-content-wrapper\">\n\t\t\t\t\t\t\t\t\t<span class=\"elementor-button-text\">Epilepsiechirurgie<\/span>\n\t\t\t\t\t<\/span>\n\t\t\t\t\t<\/a>\n\t\t\t\t\t\t\t\t<\/div>\n\t\t\t\t<div class=\"elementor-element elementor-element-7e68ae9 elementor-widget elementor-widget-button\" data-id=\"7e68ae9\" data-element_type=\"widget\" data-e-type=\"widget\" data-widget_type=\"button.default\">\n\t\t\t\t\t\t\t\t\t\t<a class=\"elementor-button elementor-button-link elementor-size-sm\" href=\"https:\/\/medicaltravel.net\/de\/das-liv-krankenhaus-in-istanbul\/krankheiten\/behandlungen-der-zerebralparese-tuerkei-istanbul-antalya-izmir\/\">\n\t\t\t\t\t\t<span class=\"elementor-button-content-wrapper\">\n\t\t\t\t\t\t\t\t\t<span class=\"elementor-button-text\">Zerebralparese<\/span>\n\t\t\t\t\t<\/span>\n\t\t\t\t\t<\/a>\n\t\t\t\t\t\t\t\t<\/div>\n\t\t\t\t<div class=\"elementor-element elementor-element-6b4e1b5 elementor-widget elementor-widget-button\" data-id=\"6b4e1b5\" data-element_type=\"widget\" data-e-type=\"widget\" data-widget_type=\"button.default\">\n\t\t\t\t\t\t\t\t\t\t<a class=\"elementor-button elementor-button-link elementor-size-sm\" href=\"https:\/\/medicaltravel.net\/neurological-treatments-turkey-istanbul\/neurology\/\">\n\t\t\t\t\t\t<span class=\"elementor-button-content-wrapper\">\n\t\t\t\t\t\t\t\t\t<span class=\"elementor-button-text\">Weitere Behandlungen<\/span>\n\t\t\t\t\t<\/span>\n\t\t\t\t\t<\/a>\n\t\t\t\t\t\t\t\t<\/div>\n\t\t\t\t<\/div>\n\t\t\t\t<div class=\"elementor-element elementor-element-626a73c9 elementor-widget elementor-widget-text-editor\" data-id=\"626a73c9\" data-element_type=\"widget\" data-e-type=\"widget\" data-widget_type=\"text-editor.default\">\n\t\t\t\t\t\t\t\t\t\n<h3 class=\"wp-block-heading\">STEM CELL TREATMENT FOR CEREBRAL PALSY<\/h3>\n\n<p>Zerebralparese ist eine bewegungs- und formst\u00f6rung, die mit sch\u00e4den im gehirn in verbindung steht, die vor oder nach der geburt oder w\u00e4hrend der geburt entstanden sind.<\/p>\n\n<h3 class=\"wp-block-heading\">Arten der zerebralparese<\/h3>\n\n<p>Cerebralparese zeigt unterschiedliche merkmale und wird entsprechend der stelle der sch\u00e4digung im gehirn in kategorien eingeteilt.<\/p>\n\n<h3 class=\"wp-block-heading\">Der spastische typ<\/h3>\n\n<p>Spastizit\u00e4t ist die erh\u00f6hte spannung der muskeln in armen und beinen. dies begrenzt die bewegung. sie wird in typen unterteilt, abh\u00e4ngig vom ort der spastizit\u00e4t im k\u00f6rper.  <\/p>\n\n<ul class=\"wp-block-list\">\n<li><strong>Diparese:<\/strong> Spastizit\u00e4t ist nur in den Beinen vorhanden.<\/li>\n\n<li><strong>Hemiparese: <\/strong>Spastizit\u00e4t ist auf einer K\u00f6rperseite vorhanden.<\/li>\n\n<li><strong>Tetraparese: <\/strong>Spastizit\u00e4t ist in Armen und Beinen vorhanden.<\/li>\n<\/ul>\n\n<h3 class=\"wp-block-heading\">Die dyskinetischen typen<\/h3>\n\n<ul class=\"wp-block-list\">\n<li><strong>Der athetoide typ: <\/strong>kinder mit unwillk\u00fcrlichen und langsamen drehbewegungen der oberen segmente von armen und beinen<\/li>\n\n<li><strong>Der dystone typ:<\/strong> kinder mit spasmen, die einem verdrehen oder drehen \u00e4hneln. der spasmus verst\u00e4rkt sich bei willk\u00fcrlichen bewegungen. er tritt h\u00e4ufiger in den oberen bereichen von armen und beinen auf.  <\/li>\n\n<li><strong>Ataxie: <\/strong>eine koordinationsst\u00f6rung. das kind hat schwierigkeiten, beim gehen das gleichgewicht zu halten. <\/li>\n\n<li><strong>Hypotonie:<\/strong> im k\u00f6rper sind keine spasmen vorhanden. es liegt ein v\u00f6llig entgegengesetzter zustand der lockerheit vor. <\/li>\n<\/ul>\n\n<h3 class=\"wp-block-heading\">Behandlungsalternativen bei zerebralparese<\/h3>\n\n<p><strong>Physiotherapie<\/strong><\/p>\n\n<ul class=\"wp-block-list\">\n<li>Zur verhinderung von strukturellen st\u00f6rungen, die durch die spasmen entstehen k\u00f6nnten<\/li>\n\n<li>Um Kr\u00e4mpfe durch den Einsatz verschiedener Techniken zu verringern<\/li>\n\n<li>Um die funktionelle Leistungsf\u00e4higkeit des Kindes zu steigern und dadurch mehr Selbstst\u00e4ndigkeit im t\u00e4glichen Leben zu erm\u00f6glichen<\/li>\n\n<li>Um die vom Kind ben\u00f6tigten Hilfsmittel auszuw\u00e4hlen und dem Kind deren Nutzung beizubringen<\/li>\n<\/ul>\n\n<p><strong>Medizinische Behandlung<\/strong><\/p>\n\n<ul class=\"wp-block-list\">\n<li>Die Ern\u00e4hrung regulieren<\/li>\n\n<li>Zur Verhinderung von Anf\u00e4llen<\/li>\n\n<li>Zur Wahrung der allgemeinen Gesundheit<\/li>\n\n<li>Zur Verringerung der Spastizit\u00e4t<\/li>\n\n<li>Neurochirurgische Eingriffe<\/li>\n<\/ul>\n\n<p>Spastizit\u00e4tsoperationen sollten durchgef\u00fchrt werden, wenn die Rehabilitation keine Ergebnisse zeigt, die Spasmen die t\u00e4gliche Pflege erschweren und beim Kind Schmerzen verursachen.<\/p>\n\n<p><strong>Operationsalternativen:<\/strong><\/p>\n\n<ul class=\"wp-block-list\">\n<li>Selektive dorsale Rhizotomie<\/li>\n\n<li>Neurotomie<\/li>\n\n<li>Tiefe Hirnstimulation<\/li>\n\n<li>Baclofen-Pumpenimplantation<\/li>\n\n<li>Pallidotomy<\/li>\n<\/ul>\n\n<h3 class=\"wp-block-heading\">Orthop\u00e4dische Eingriffe<\/h3>\n\n<p>Verk\u00fcrzungen der Muskeln, die das Wachstum des Kindes verhindern, oder strukturelle Unregelm\u00e4\u00dfigkeiten in den Gelenken erfordern eine orthop\u00e4dische Behandlung.<\/p>\n\n<h3 class=\"wp-block-heading\">Sonderp\u00e4dagogik<\/h3>\n\n<p>Sonderp\u00e4dagogische F\u00f6rderung bei Zerebralparese beginnt mit Ma\u00dfnahmen, die dem Kind entsprechend seiner k\u00f6rperlichen Beeintr\u00e4chtigung durchgef\u00fchrt werden, sowie mit der Schulung des Kindes im Umgang mit den erforderlichen Hilfsmitteln. Nachdem die Selbstst\u00e4ndigkeit im Umgang mit diesen Hilfsmitteln erreicht wurde, wird die Ausbildung entsprechend der geistigen Leistungsf\u00e4higkeit des Kindes geplant. <\/p>\n\n<h3 class=\"wp-block-heading\">Sprachtherapie<\/h3>\n\n<p>Der Patient wird anhand seiner Sprachentwicklung und sprachlichen Besonderheiten beurteilt, wobei das Niveau und die angewandte Kommunikationsmethode bestimmt werden. Kommunikationsziele, die darauf abzielen, die Selbstst\u00e4ndigkeit im Alltag zu erh\u00f6hen, werden festgelegt, und die Therapie wird durchgef\u00fchrt. Eine Ern\u00e4hrungstherapie, einschlie\u00dflich Unterst\u00fctzung und Schulung der Familie, wird auf der Grundlage einer Beurteilung der Kau- und Schluckf\u00e4higkeiten angeboten. Die Auswahl und Nutzung alternativer Kommunikationssysteme und anderer therapeutischer Hilfsmittel zur Erm\u00f6glichung oder F\u00f6rderung der Kommunikation dienen als Leitfaden f\u00fcr die Familie.   <\/p>\n\n<h3 class=\"wp-block-heading\">Weitere Probleme, die bei Kindern mit Zerebralparese auftreten k\u00f6nnen<\/h3>\n\n<ul class=\"wp-block-list\">\n<li>Intelligenzprobleme<\/li>\n\n<li>Seizures<\/li>\n\n<li>Ern\u00e4hrungsprobleme (fehlende Schluck- und Kaukompetenz)<\/li>\n\n<li>Sprachst\u00f6rungen<\/li>\n\n<li>Zahnprobleme<\/li>\n\n<li>Sehst\u00f6rungen<\/li>\n\n<li>Schwierigkeiten beim H\u00f6ren<\/li>\n\n<li>Atemwegserkrankungen<\/li>\n\n<li>Harnprobleme (Toilettenkontrolle)<\/li>\n<\/ul>\n\n<p>Die Behandlung von Zerebralparese erfolgt durch ein multidisziplin\u00e4res Team. Alle Teammitglieder m\u00fcssen im Zentrum anwesend sein, in dem das Kind mit Zerebralparese behandelt wird. Es m\u00fcssen regelm\u00e4\u00dfige Sitzungen organisiert werden, bei denen alle Teammitglieder f\u00fcr eine gemeinsame Beurteilung des Patienten anwesend sind. Ziel solcher Sitzungen ist die gleichzeitige Bewertung des Patienten durch alle Teammitglieder und die Erstellung eines Behandlungsplans.   <\/p>\n\t\t\t\t\t\t\t\t<\/div>\n\t\t\t\t\t<\/div>\n\t\t\t\t<\/div>\n\t\t\t\t<\/div>\n\t\t","protected":false},"excerpt":{"rendered":"<p>Morbus Parkinson Epilepsiechirurgie Zerebralparese Weitere Behandlungen STEM CELL TREATMENT FOR CEREBRAL PALSY Zerebralparese ist eine bewegungs- und formst\u00f6rung, die mit sch\u00e4den im gehirn in verbindung steht, die vor oder nach der geburt oder w\u00e4hrend der geburt entstanden sind. Arten der zerebralparese Cerebralparese zeigt unterschiedliche merkmale und wird entsprechend der stelle der sch\u00e4digung im gehirn in kategorien eingeteilt. Der spastische typ Spastizit\u00e4t ist die erh\u00f6hte spannung der muskeln in armen und beinen. dies begrenzt die bewegung. sie wird in typen unterteilt, abh\u00e4ngig vom ort der spastizit\u00e4t im k\u00f6rper. Diparese: Spastizit\u00e4t ist nur in den Beinen vorhanden. Hemiparese: Spastizit\u00e4t ist auf einer K\u00f6rperseite vorhanden. Tetraparese: Spastizit\u00e4t ist in Armen und Beinen vorhanden. Die dyskinetischen typen Der athetoide typ: kinder mit unwillk\u00fcrlichen und langsamen drehbewegungen der oberen segmente von armen und beinen Der dystone typ: kinder mit spasmen, die einem verdrehen oder drehen \u00e4hneln. der spasmus verst\u00e4rkt sich bei willk\u00fcrlichen bewegungen. er tritt h\u00e4ufiger in den oberen bereichen von armen und beinen auf. Ataxie: eine koordinationsst\u00f6rung. das kind hat schwierigkeiten, beim gehen das gleichgewicht zu halten. Hypotonie: im k\u00f6rper sind keine spasmen vorhanden. es liegt ein v\u00f6llig entgegengesetzter zustand der lockerheit vor. Behandlungsalternativen bei zerebralparese Physiotherapie Zur verhinderung von strukturellen st\u00f6rungen, die durch die spasmen entstehen k\u00f6nnten Um Kr\u00e4mpfe durch den Einsatz verschiedener Techniken zu verringern Um die funktionelle Leistungsf\u00e4higkeit des Kindes zu steigern und dadurch mehr Selbstst\u00e4ndigkeit im t\u00e4glichen Leben zu erm\u00f6glichen Um die vom Kind ben\u00f6tigten Hilfsmittel auszuw\u00e4hlen und dem Kind deren Nutzung beizubringen Medizinische Behandlung Die Ern\u00e4hrung regulieren Zur Verhinderung von Anf\u00e4llen Zur Wahrung der allgemeinen Gesundheit Zur Verringerung der Spastizit\u00e4t Neurochirurgische Eingriffe Spastizit\u00e4tsoperationen sollten durchgef\u00fchrt werden, wenn die Rehabilitation keine Ergebnisse zeigt, die Spasmen die t\u00e4gliche Pflege erschweren und beim Kind Schmerzen verursachen. Operationsalternativen: Selektive dorsale Rhizotomie Neurotomie Tiefe Hirnstimulation Baclofen-Pumpenimplantation Pallidotomy Orthop\u00e4dische Eingriffe Verk\u00fcrzungen der Muskeln, die das Wachstum des Kindes verhindern, oder strukturelle Unregelm\u00e4\u00dfigkeiten in den Gelenken erfordern eine orthop\u00e4dische Behandlung. Sonderp\u00e4dagogik Sonderp\u00e4dagogische F\u00f6rderung bei Zerebralparese beginnt mit Ma\u00dfnahmen, die dem Kind entsprechend seiner k\u00f6rperlichen Beeintr\u00e4chtigung durchgef\u00fchrt werden, sowie mit der Schulung des Kindes im Umgang mit den erforderlichen Hilfsmitteln. Nachdem die Selbstst\u00e4ndigkeit im Umgang mit diesen Hilfsmitteln erreicht wurde, wird die Ausbildung entsprechend der geistigen Leistungsf\u00e4higkeit des Kindes geplant. Sprachtherapie Der Patient wird anhand seiner Sprachentwicklung und sprachlichen Besonderheiten beurteilt, wobei das Niveau und die angewandte Kommunikationsmethode bestimmt werden. Kommunikationsziele, die darauf abzielen, die Selbstst\u00e4ndigkeit im Alltag zu erh\u00f6hen, werden festgelegt, und die Therapie wird durchgef\u00fchrt. Eine Ern\u00e4hrungstherapie, einschlie\u00dflich Unterst\u00fctzung und Schulung der Familie, wird auf der Grundlage einer Beurteilung der Kau- und Schluckf\u00e4higkeiten angeboten. Die Auswahl und Nutzung alternativer Kommunikationssysteme und anderer therapeutischer Hilfsmittel zur Erm\u00f6glichung oder F\u00f6rderung der Kommunikation dienen als Leitfaden f\u00fcr die Familie. Weitere Probleme, die bei Kindern mit Zerebralparese auftreten k\u00f6nnen Intelligenzprobleme Seizures Ern\u00e4hrungsprobleme (fehlende Schluck- und Kaukompetenz) Sprachst\u00f6rungen Zahnprobleme Sehst\u00f6rungen Schwierigkeiten beim H\u00f6ren Atemwegserkrankungen Harnprobleme (Toilettenkontrolle) Die Behandlung von Zerebralparese erfolgt durch ein multidisziplin\u00e4res Team. Alle Teammitglieder m\u00fcssen im Zentrum anwesend sein, in dem das Kind mit Zerebralparese behandelt wird. Es m\u00fcssen regelm\u00e4\u00dfige Sitzungen organisiert werden, bei denen alle Teammitglieder f\u00fcr eine gemeinsame Beurteilung des Patienten anwesend sind. Ziel solcher Sitzungen ist die gleichzeitige Bewertung des Patienten durch alle Teammitglieder und die Erstellung eines Behandlungsplans.<\/p>\n","protected":false},"author":4,"featured_media":0,"parent":2291,"menu_order":0,"comment_status":"closed","ping_status":"closed","template":"","meta":{"_joinchat":[],"footnotes":""},"class_list":["post-2293","page","type-page","status-publish","hentry"],"acf":[],"_links":{"self":[{"href":"https:\/\/medicaltravel.net\/de\/wp-json\/wp\/v2\/pages\/2293","targetHints":{"allow":["GET"]}}],"collection":[{"href":"https:\/\/medicaltravel.net\/de\/wp-json\/wp\/v2\/pages"}],"about":[{"href":"https:\/\/medicaltravel.net\/de\/wp-json\/wp\/v2\/types\/page"}],"author":[{"embeddable":true,"href":"https:\/\/medicaltravel.net\/de\/wp-json\/wp\/v2\/users\/4"}],"replies":[{"embeddable":true,"href":"https:\/\/medicaltravel.net\/de\/wp-json\/wp\/v2\/comments?post=2293"}],"version-history":[{"count":3,"href":"https:\/\/medicaltravel.net\/de\/wp-json\/wp\/v2\/pages\/2293\/revisions"}],"predecessor-version":[{"id":2296,"href":"https:\/\/medicaltravel.net\/de\/wp-json\/wp\/v2\/pages\/2293\/revisions\/2296"}],"up":[{"embeddable":true,"href":"https:\/\/medicaltravel.net\/de\/wp-json\/wp\/v2\/pages\/2291"}],"wp:attachment":[{"href":"https:\/\/medicaltravel.net\/de\/wp-json\/wp\/v2\/media?parent=2293"}],"curies":[{"name":"wp","href":"https:\/\/api.w.org\/{rel}","templated":true}]}}