{"id":2306,"date":"2025-09-29T09:35:28","date_gmt":"2025-09-29T08:35:28","guid":{"rendered":"https:\/\/medicaltravel.net\/das-liv-krankenhaus-in-istanbul\/epilepsie-operation-behandlung-tuerkei-istanbul-antalya-izmir\/"},"modified":"2026-01-08T20:20:09","modified_gmt":"2026-01-08T19:20:09","slug":"epilepsie-operation-behandlung-tuerkei-istanbul-antalya-izmir","status":"publish","type":"page","link":"https:\/\/medicaltravel.net\/de\/das-liv-krankenhaus-in-istanbul\/epilepsie-operation-behandlung-tuerkei-istanbul-antalya-izmir\/","title":{"rendered":"Epilepsie-Operation Behandlung T\u00fcrkei Istanbul Antalya Izmir"},"content":{"rendered":"\t\t<div data-elementor-type=\"wp-page\" data-elementor-id=\"2306\" class=\"elementor elementor-2306 elementor-65\" data-elementor-post-type=\"page\">\n\t\t\t\t<div class=\"elementor-element elementor-element-1ebaceeb e-flex e-con-boxed wpr-particle-no wpr-jarallax-no wpr-parallax-no wpr-sticky-section-no e-con e-parent\" data-id=\"1ebaceeb\" data-element_type=\"container\" data-e-type=\"container\">\n\t\t\t\t\t<div class=\"e-con-inner\">\n\t\t<div class=\"elementor-element elementor-element-9d3ae71 e-con-full e-flex wpr-particle-no wpr-jarallax-no wpr-parallax-no wpr-sticky-section-no e-con e-child\" data-id=\"9d3ae71\" data-element_type=\"container\" data-e-type=\"container\">\n\t\t\t\t<div class=\"elementor-element elementor-element-0d32653 elementor-widget elementor-widget-button\" data-id=\"0d32653\" data-element_type=\"widget\" data-e-type=\"widget\" data-widget_type=\"button.default\">\n\t\t\t\t\t\t\t\t\t\t<a class=\"elementor-button elementor-button-link elementor-size-sm\" href=\"https:\/\/medicaltravel.net\/de\/das-liv-krankenhaus-in-istanbul\/krankheiten\/behandlungen-bei-morbus-parkinson-tuerkei-istanbul-antalya-izmir\/\">\n\t\t\t\t\t\t<span class=\"elementor-button-content-wrapper\">\n\t\t\t\t\t\t\t\t\t<span class=\"elementor-button-text\">Morbus Parkinson<\/span>\n\t\t\t\t\t<\/span>\n\t\t\t\t\t<\/a>\n\t\t\t\t\t\t\t\t<\/div>\n\t\t\t\t<div class=\"elementor-element elementor-element-3c38cf5 elementor-widget elementor-widget-button\" data-id=\"3c38cf5\" data-element_type=\"widget\" data-e-type=\"widget\" data-widget_type=\"button.default\">\n\t\t\t\t\t\t\t\t\t\t<a class=\"elementor-button elementor-button-link elementor-size-sm\" href=\"https:\/\/medicaltravel.net\/de\/das-liv-krankenhaus-in-istanbul\/epilepsie-operation-behandlung-tuerkei-istanbul-antalya-izmir\/\">\n\t\t\t\t\t\t<span class=\"elementor-button-content-wrapper\">\n\t\t\t\t\t\t\t\t\t<span class=\"elementor-button-text\">Epilepsiechirurgie<\/span>\n\t\t\t\t\t<\/span>\n\t\t\t\t\t<\/a>\n\t\t\t\t\t\t\t\t<\/div>\n\t\t\t\t<div class=\"elementor-element elementor-element-2a521e3 elementor-widget elementor-widget-button\" data-id=\"2a521e3\" data-element_type=\"widget\" data-e-type=\"widget\" data-widget_type=\"button.default\">\n\t\t\t\t\t\t\t\t\t\t<a class=\"elementor-button elementor-button-link elementor-size-sm\" href=\"https:\/\/medicaltravel.net\/de\/das-liv-krankenhaus-in-istanbul\/krankheiten\/behandlungen-der-zerebralparese-tuerkei-istanbul-antalya-izmir\/\">\n\t\t\t\t\t\t<span class=\"elementor-button-content-wrapper\">\n\t\t\t\t\t\t\t\t\t<span class=\"elementor-button-text\">Zerebralparese<\/span>\n\t\t\t\t\t<\/span>\n\t\t\t\t\t<\/a>\n\t\t\t\t\t\t\t\t<\/div>\n\t\t\t\t<div class=\"elementor-element elementor-element-2985a47 elementor-widget elementor-widget-button\" data-id=\"2985a47\" data-element_type=\"widget\" data-e-type=\"widget\" data-widget_type=\"button.default\">\n\t\t\t\t\t\t\t\t\t\t<a class=\"elementor-button elementor-button-link elementor-size-sm\" href=\"https:\/\/medicaltravel.net\/neurological-treatments-turkey-istanbul\/neurology\/\">\n\t\t\t\t\t\t<span class=\"elementor-button-content-wrapper\">\n\t\t\t\t\t\t\t\t\t<span class=\"elementor-button-text\">Weitere Behandlungen<\/span>\n\t\t\t\t\t<\/span>\n\t\t\t\t\t<\/a>\n\t\t\t\t\t\t\t\t<\/div>\n\t\t\t\t<\/div>\n\t\t\t\t<div class=\"elementor-element elementor-element-5285204f elementor-widget elementor-widget-text-editor\" data-id=\"5285204f\" data-element_type=\"widget\" data-e-type=\"widget\" data-widget_type=\"text-editor.default\">\n\t\t\t\t\t\t\t\t\t\n<h3 class=\"wp-block-heading\">Epilepsie\u2011Operationsbehandlung T\u00fcrkei Istanbul Antalya Izmir<br>BESTES EPILEPSIEZENTRUM IN DER T\u00dcRKEI<\/h3>\n\n<p>Die besten t\u00fcrkischen Krankenh\u00e4user f\u00fcr die Abteilung f\u00fcr Neurochirurgie f\u00fcr Erwachsene und Kinder f\u00fchren alle verf\u00fcgbaren Operationsarten der Epilepsiechirurgie durch. Obwohl die prim\u00e4re Behandlung der Epilepsie medikament\u00f6s ist, sprechen etwa 20\u201330\u202f% der Patienten nicht auf Medikamente an. Bei diesen Patienten stellt die Operation eine Alternative dar. Alle drei Methoden der Epilepsiechirurgie (Resektionsoperation, Disconnectionsoperation und Vagusnervstimulation) werden beispielsweise erfolgreich in der Ac\u0131badem Healthcare Group durchgef\u00fchrt.   <\/p>\n\n<h3 class=\"wp-block-heading\">Wie wird Epilepsie diagnostiziert?<\/h3>\n\n<ol class=\"wp-block-list\">\n<li>Epilepsie ist eine rein klinische Diagnose. Eine genaue Diagnose kann nach einer ausf\u00fchrlichen Anamnese des Patienten oder nach der Beobachtung eines Anfalls gestellt werden. <\/li>\n\n<li>Das EEG (Elektroenzephalographie), ein MRT (Magnetresonanztomographie) des Gehirns, eine PET\u2011Untersuchung, SPECT und neuropsychologische Untersuchungen sind Methoden, die bei der Diagnose von Epilepsie helfen.<\/li>\n<\/ol>\n\n<h3 class=\"wp-block-heading\">Wie wird Epilepsie behandelt?<\/h3>\n\n<ul class=\"wp-block-list\">\n<li>\n<ul class=\"wp-block-list\">\n<li>Behandlung mit Medikamenten<\/li>\n<\/ul>\n<\/li>\n<\/ul>\n\n<p>Der Patient wird sofort nach der Diagnose Epilepsie mit Medikamenten behandelt. Die Entscheidung \u00fcber die Art des zu verwendenden Medikaments wird unter Ber\u00fccksichtigung der Anfallsarten, der Epilepsie-Kategorie sowie der EEG- und MRT-Befunde getroffen. Die am h\u00e4ufigsten beobachteten Nebenwirkungen sind Hautabl\u00f6sungen, erh\u00f6hte Leberwerte und Druck auf das R\u00fcckenmark. Die Angeh\u00f6rigen des Patienten werden \u00fcber diese Nebenwirkungen informiert und gewarnt. Bestimmte Medikamente erfordern, dass die Leberwerte und Blutwerte des Patienten in bestimmten Abst\u00e4nden \u00fcberwacht werden. Obwohl dies von Patient zu Patient unterschiedlich ist, muss das Medikament mindestens zwei Jahre lang weiter eingenommen werden. Am Ende dieses Zeitraums kann es unter \u00e4rztlicher Kontrolle abgesetzt werden.      <\/p>\n\n<ul class=\"wp-block-list\">\n<li>\n<ul class=\"wp-block-list\">\n<li>Chirurgische Behandlung<\/li>\n<\/ul>\n<\/li>\n<\/ul>\n\n<p>Eine Behandlung durch Operation kann f\u00fcr Patienten m\u00f6glich sein, die nicht auf medikament\u00f6se Behandlung ansprechen (medikamentenresistente Epilepsie). Die meisten dieser Patienten haben abnormale MRT-Befunde. Diese Patienten werden mit Methoden wie fokaler Resektion (Entfernung des betroffenen Bereichs), Corpus-Callosotomie (Trennung der Gehirnh\u00e4lften), Hemisph\u00e4rektomie (Trennung einer Gehirnh\u00e4lfte von der anderen, in F\u00e4llen, in denen nur eine Gehirnh\u00e4lfte gesch\u00e4digt ist) und Batterien (Vagusnervstimulation) behandelt. <\/p>\n\n<h3 class=\"wp-block-heading\">Krankenh\u00e4user<\/h3>\n\n<p><strong>Kinder-Epilepsie-Zentrum<\/strong><br>In diesem Zentrum erhalten Patienten medikament\u00f6se und chirurgische Behandlungen der Epilepsie. Abteilungen wie p\u00e4diatrische Epileptologie, Kinderneurologie, Kinderchirurgie, P\u00e4dagogik, Neuroradiologie, Sprachtherapie und Physiotherapie arbeiten in diesem Zentrum eng zusammen. <\/p>\n\n<p><strong>Umfassende Behandlung von Spastizit\u00e4t<\/strong><br>Monatlich finden Spastizit\u00e4tsgremien statt, in denen ein multidisziplin\u00e4res Team aus Kinder- und funktionellen Neurochirurgen, Kinderneurologen, Orthop\u00e4den, Sprachtherapeuten und Rehabilitationsspezialisten spastische Kinder aus dem ganzen Land bewertet und Behandlungspl\u00e4ne erstellt. Baclofen-Pumpenimplantationen, Pallidotomien, Thalamotomien, Implantationen zur Tiefenhirnstimulation (Deep Brain Stimulation) und selektive dorsale Rhizotomien werden bei geeigneten Patienten mit vielversprechenden Ergebnissen durchgef\u00fchrt. <\/p>\n\n<p>In jedem einzelnen Gremium sorgt eine hohe Expertise erfahrener \u00c4rzte und eine erstklassige medizinische Infrastruktur f\u00fcr exzellente Ergebnisse mit hohen Erfolgsraten, die die internationalen medizinischen Durchschnittswerte \u00fcbertreffen.<\/p>\n\t\t\t\t\t\t\t\t<\/div>\n\t\t\t\t\t<\/div>\n\t\t\t\t<\/div>\n\t\t\t\t<\/div>\n\t\t","protected":false},"excerpt":{"rendered":"<p>Morbus Parkinson Epilepsiechirurgie Zerebralparese Weitere Behandlungen Epilepsie\u2011Operationsbehandlung T\u00fcrkei Istanbul Antalya IzmirBESTES EPILEPSIEZENTRUM IN DER T\u00dcRKEI Die besten t\u00fcrkischen Krankenh\u00e4user f\u00fcr die Abteilung f\u00fcr Neurochirurgie f\u00fcr Erwachsene und Kinder f\u00fchren alle verf\u00fcgbaren Operationsarten der Epilepsiechirurgie durch. Obwohl die prim\u00e4re Behandlung der Epilepsie medikament\u00f6s ist, sprechen etwa 20\u201330\u202f% der Patienten nicht auf Medikamente an. Bei diesen Patienten stellt die Operation eine Alternative dar. Alle drei Methoden der Epilepsiechirurgie (Resektionsoperation, Disconnectionsoperation und Vagusnervstimulation) werden beispielsweise erfolgreich in der Ac\u0131badem Healthcare Group durchgef\u00fchrt. Wie wird Epilepsie diagnostiziert? Epilepsie ist eine rein klinische Diagnose. Eine genaue Diagnose kann nach einer ausf\u00fchrlichen Anamnese des Patienten oder nach der Beobachtung eines Anfalls gestellt werden. Das EEG (Elektroenzephalographie), ein MRT (Magnetresonanztomographie) des Gehirns, eine PET\u2011Untersuchung, SPECT und neuropsychologische Untersuchungen sind Methoden, die bei der Diagnose von Epilepsie helfen. Wie wird Epilepsie behandelt? Behandlung mit Medikamenten Der Patient wird sofort nach der Diagnose Epilepsie mit Medikamenten behandelt. Die Entscheidung \u00fcber die Art des zu verwendenden Medikaments wird unter Ber\u00fccksichtigung der Anfallsarten, der Epilepsie-Kategorie sowie der EEG- und MRT-Befunde getroffen. Die am h\u00e4ufigsten beobachteten Nebenwirkungen sind Hautabl\u00f6sungen, erh\u00f6hte Leberwerte und Druck auf das R\u00fcckenmark. Die Angeh\u00f6rigen des Patienten werden \u00fcber diese Nebenwirkungen informiert und gewarnt. Bestimmte Medikamente erfordern, dass die Leberwerte und Blutwerte des Patienten in bestimmten Abst\u00e4nden \u00fcberwacht werden. Obwohl dies von Patient zu Patient unterschiedlich ist, muss das Medikament mindestens zwei Jahre lang weiter eingenommen werden. Am Ende dieses Zeitraums kann es unter \u00e4rztlicher Kontrolle abgesetzt werden. Chirurgische Behandlung Eine Behandlung durch Operation kann f\u00fcr Patienten m\u00f6glich sein, die nicht auf medikament\u00f6se Behandlung ansprechen (medikamentenresistente Epilepsie). Die meisten dieser Patienten haben abnormale MRT-Befunde. Diese Patienten werden mit Methoden wie fokaler Resektion (Entfernung des betroffenen Bereichs), Corpus-Callosotomie (Trennung der Gehirnh\u00e4lften), Hemisph\u00e4rektomie (Trennung einer Gehirnh\u00e4lfte von der anderen, in F\u00e4llen, in denen nur eine Gehirnh\u00e4lfte gesch\u00e4digt ist) und Batterien (Vagusnervstimulation) behandelt. Krankenh\u00e4user Kinder-Epilepsie-ZentrumIn diesem Zentrum erhalten Patienten medikament\u00f6se und chirurgische Behandlungen der Epilepsie. Abteilungen wie p\u00e4diatrische Epileptologie, Kinderneurologie, Kinderchirurgie, P\u00e4dagogik, Neuroradiologie, Sprachtherapie und Physiotherapie arbeiten in diesem Zentrum eng zusammen. Umfassende Behandlung von Spastizit\u00e4tMonatlich finden Spastizit\u00e4tsgremien statt, in denen ein multidisziplin\u00e4res Team aus Kinder- und funktionellen Neurochirurgen, Kinderneurologen, Orthop\u00e4den, Sprachtherapeuten und Rehabilitationsspezialisten spastische Kinder aus dem ganzen Land bewertet und Behandlungspl\u00e4ne erstellt. Baclofen-Pumpenimplantationen, Pallidotomien, Thalamotomien, Implantationen zur Tiefenhirnstimulation (Deep Brain Stimulation) und selektive dorsale Rhizotomien werden bei geeigneten Patienten mit vielversprechenden Ergebnissen durchgef\u00fchrt. In jedem einzelnen Gremium sorgt eine hohe Expertise erfahrener \u00c4rzte und eine erstklassige medizinische Infrastruktur f\u00fcr exzellente Ergebnisse mit hohen Erfolgsraten, die die internationalen medizinischen Durchschnittswerte \u00fcbertreffen.<\/p>\n","protected":false},"author":4,"featured_media":0,"parent":2287,"menu_order":0,"comment_status":"closed","ping_status":"closed","template":"","meta":{"_joinchat":[],"footnotes":""},"class_list":["post-2306","page","type-page","status-publish","hentry"],"acf":[],"_links":{"self":[{"href":"https:\/\/medicaltravel.net\/de\/wp-json\/wp\/v2\/pages\/2306","targetHints":{"allow":["GET"]}}],"collection":[{"href":"https:\/\/medicaltravel.net\/de\/wp-json\/wp\/v2\/pages"}],"about":[{"href":"https:\/\/medicaltravel.net\/de\/wp-json\/wp\/v2\/types\/page"}],"author":[{"embeddable":true,"href":"https:\/\/medicaltravel.net\/de\/wp-json\/wp\/v2\/users\/4"}],"replies":[{"embeddable":true,"href":"https:\/\/medicaltravel.net\/de\/wp-json\/wp\/v2\/comments?post=2306"}],"version-history":[{"count":7,"href":"https:\/\/medicaltravel.net\/de\/wp-json\/wp\/v2\/pages\/2306\/revisions"}],"predecessor-version":[{"id":2313,"href":"https:\/\/medicaltravel.net\/de\/wp-json\/wp\/v2\/pages\/2306\/revisions\/2313"}],"up":[{"embeddable":true,"href":"https:\/\/medicaltravel.net\/de\/wp-json\/wp\/v2\/pages\/2287"}],"wp:attachment":[{"href":"https:\/\/medicaltravel.net\/de\/wp-json\/wp\/v2\/media?parent=2306"}],"curies":[{"name":"wp","href":"https:\/\/api.w.org\/{rel}","templated":true}]}}