{"id":2314,"date":"2025-09-29T09:37:47","date_gmt":"2025-09-29T08:37:47","guid":{"rendered":"https:\/\/medicaltravel.net\/das-liv-krankenhaus-in-istanbul\/neurologie-kliniken-tuerkei-istanbul-antalya-izmir\/"},"modified":"2026-01-08T20:23:15","modified_gmt":"2026-01-08T19:23:15","slug":"neurologie-kliniken-tuerkei-istanbul-antalya-izmir","status":"publish","type":"page","link":"https:\/\/medicaltravel.net\/de\/das-liv-krankenhaus-in-istanbul\/neurologie-kliniken-tuerkei-istanbul-antalya-izmir\/","title":{"rendered":"Neurologie-Kliniken T\u00fcrkei Istanbul Antalya Izmir"},"content":{"rendered":"\t\t<div data-elementor-type=\"wp-page\" data-elementor-id=\"2314\" class=\"elementor elementor-2314 elementor-69\" data-elementor-post-type=\"page\">\n\t\t\t\t<div class=\"elementor-element elementor-element-955af1b e-flex e-con-boxed wpr-particle-no wpr-jarallax-no wpr-parallax-no wpr-sticky-section-no e-con e-parent\" data-id=\"955af1b\" data-element_type=\"container\" data-e-type=\"container\">\n\t\t\t\t\t<div class=\"e-con-inner\">\n\t\t<div class=\"elementor-element elementor-element-72f061f e-con-full e-flex wpr-particle-no wpr-jarallax-no wpr-parallax-no wpr-sticky-section-no e-con e-child\" data-id=\"72f061f\" data-element_type=\"container\" data-e-type=\"container\">\n\t\t\t\t<div class=\"elementor-element elementor-element-d959348 elementor-widget elementor-widget-button\" data-id=\"d959348\" data-element_type=\"widget\" data-e-type=\"widget\" data-widget_type=\"button.default\">\n\t\t\t\t\t\t\t\t\t\t<a class=\"elementor-button elementor-button-link elementor-size-sm\" href=\"https:\/\/medicaltravel.net\/de\/das-liv-krankenhaus-in-istanbul\/krankheiten\/behandlungen-bei-morbus-parkinson-tuerkei-istanbul-antalya-izmir\/\">\n\t\t\t\t\t\t<span class=\"elementor-button-content-wrapper\">\n\t\t\t\t\t\t\t\t\t<span class=\"elementor-button-text\">Morbus Parkinson<\/span>\n\t\t\t\t\t<\/span>\n\t\t\t\t\t<\/a>\n\t\t\t\t\t\t\t\t<\/div>\n\t\t\t\t<div class=\"elementor-element elementor-element-e0f5989 elementor-widget elementor-widget-button\" data-id=\"e0f5989\" data-element_type=\"widget\" data-e-type=\"widget\" data-widget_type=\"button.default\">\n\t\t\t\t\t\t\t\t\t\t<a class=\"elementor-button elementor-button-link elementor-size-sm\" href=\"https:\/\/medicaltravel.net\/de\/das-liv-krankenhaus-in-istanbul\/epilepsie-operation-behandlung-tuerkei-istanbul-antalya-izmir\/\">\n\t\t\t\t\t\t<span class=\"elementor-button-content-wrapper\">\n\t\t\t\t\t\t\t\t\t<span class=\"elementor-button-text\">Epilepsiechirurgie<\/span>\n\t\t\t\t\t<\/span>\n\t\t\t\t\t<\/a>\n\t\t\t\t\t\t\t\t<\/div>\n\t\t\t\t<div class=\"elementor-element elementor-element-2fe54c2 elementor-widget elementor-widget-button\" data-id=\"2fe54c2\" data-element_type=\"widget\" data-e-type=\"widget\" data-widget_type=\"button.default\">\n\t\t\t\t\t\t\t\t\t\t<a class=\"elementor-button elementor-button-link elementor-size-sm\" href=\"https:\/\/medicaltravel.net\/de\/das-liv-krankenhaus-in-istanbul\/krankheiten\/behandlungen-der-zerebralparese-tuerkei-istanbul-antalya-izmir\/\">\n\t\t\t\t\t\t<span class=\"elementor-button-content-wrapper\">\n\t\t\t\t\t\t\t\t\t<span class=\"elementor-button-text\">Zerebralparese<\/span>\n\t\t\t\t\t<\/span>\n\t\t\t\t\t<\/a>\n\t\t\t\t\t\t\t\t<\/div>\n\t\t\t\t<div class=\"elementor-element elementor-element-cee1b00 elementor-widget elementor-widget-button\" data-id=\"cee1b00\" data-element_type=\"widget\" data-e-type=\"widget\" data-widget_type=\"button.default\">\n\t\t\t\t\t\t\t\t\t\t<a class=\"elementor-button elementor-button-link elementor-size-sm\" href=\"https:\/\/medicaltravel.net\/de\/das-liv-krankenhaus-in-istanbul\/neurologie-kliniken-tuerkei-istanbul-antalya-izmir\/\">\n\t\t\t\t\t\t<span class=\"elementor-button-content-wrapper\">\n\t\t\t\t\t\t\t\t\t<span class=\"elementor-button-text\">Weitere Behandlungen<\/span>\n\t\t\t\t\t<\/span>\n\t\t\t\t\t<\/a>\n\t\t\t\t\t\t\t\t<\/div>\n\t\t\t\t<\/div>\n\t\t\t\t<div class=\"elementor-element elementor-element-64e12ff6 elementor-widget elementor-widget-text-editor\" data-id=\"64e12ff6\" data-element_type=\"widget\" data-e-type=\"widget\" data-widget_type=\"text-editor.default\">\n\t\t\t\t\t\t\t\t\t\n<h3 class=\"wp-block-heading\">NEUROLOGIEBEHANDLUNGEN T\u00fcrkei- Istanbul- Antalya- Izmir<\/h3>\n\n<p>Kopfschmerzen, zerebrale Embolien oder L\u00e4hmungen nach Blutungen, Bewegungsst\u00f6rungen wie Morbus Parkinson, Demenz mit Ged\u00e4chtnisverlust und Erkrankungen wie Alzheimer, Epilepsie und andere Ohnmachtsanf\u00e4lle, Schwindel sowie Polyneuropathie, die haupts\u00e4chlich durch Diabetes entsteht, sind die Themen, die in der neurologischen Klinik behandelt werden.<\/p>\n\n<p>In unserer Klinik wird eine integrierte Thrombolyse-Behandlung bei Notfallpatienten angewendet, die mit Embolie innerhalb der ersten drei Stunden eintreffen, vom Rettungsdienst bis zum Personal der Intensivstation. Die 24-Stunden-Unterst\u00fctzung durch das Radiologie- und Neurochirurgie-Team sowie das erfahrene Personal der Intensivstation unseres Krankenhauses erm\u00f6glicht die Durchf\u00fchrung dieser Behandlungsmethode, da wir \u00fcber die erforderliche Organisation verf\u00fcgen. Dank der in unserer Klinik verf\u00fcgbaren transkraniellen Doppler-Sonographie k\u00f6nnen wir Diagnosen stellen und die \u00dcberwachung zerebrovaskul\u00e4rer Erkrankungen durchf\u00fchren.  <\/p>\n\n<p>Dank des EEG-Ger\u00e4ts in unserer Klinik sind wir in der Lage, Epilepsie und andere Ohnmachtsanf\u00e4lle zu erkennen. Neben Medikamenten wird bei Patienten mit Epilepsie auch eine chirurgische Behandlung durchgef\u00fchrt. Die vorbereitende Planung ist bei der chirurgischen Behandlung von Epilepsie von gr\u00f6\u00dfter Bedeutung. Mit Video-EEG-Monitoring k\u00f6nnen wir geeignete Epilepsie-Kandidaten identifizieren, diagnostizieren und bereits bestehende Epilepsie-Patienten behandeln.   <\/p>\n\n<p>Kopfschmerzen machen den Gro\u00dfteil unserer Poliklinik aus. Unsere Klinik arbeitet in Zusammenarbeit mit Abteilungen, die sich auf die Diagnose und Behandlung von Kopfschmerzen spezialisiert haben. <\/p>\n\n<p>Das Schlaflabor unserer Klinik untersucht, diagnostiziert und behandelt Schlafst\u00f6rungen, die durch Tagesm\u00fcdigkeit, geringe Energie, morgendliche Ersch\u00f6pfung, medikamentenresistente Hypertonie, verschiedene Gef\u00e4\u00dferkrankungen und erfolglose Gewichtsabnahme entstehen.<\/p>\n\n<h3 class=\"wp-block-heading\">BEHANDLUNGSPROGRAMME F\u00dcR NEUROLOGISCHE ERKRANKUNGEN IN DER T\u00dcRKEI<\/h3>\n\n<p>Alle Arten von neurochirurgischen Operationen k\u00f6nnen durchgef\u00fchrt werden.<\/p>\n\n<p><strong>Erwachsene<\/strong><\/p>\n\n<ul class=\"wp-block-list\">\n<li><strong>Das Gehirn<\/strong>\n<ul class=\"wp-block-list\">\n<li>Hirntumore (gutartig und b\u00f6sartig)<\/li>\n\n<li>Sch\u00e4delbasistumore<\/li>\n\n<li>Gef\u00e4\u00dferkrankungen (Hirnblutung, zerebrale Aneurysmen, arterioven\u00f6se Malformationen, kavern\u00f6se Malformationen und Schlaganfall)<\/li>\n\n<li>Hydrozephalus (Fl\u00fcssigkeitsansammlung im Gehirn)<\/li>\n\n<li>Trauma<\/li>\n\n<li>Angeborene Fehlbildungen<\/li>\n\n<li>Infektionen<\/li>\n\n<li>Funktionelle Neurochirurgie (Chirurgie bei Bewegungsst\u00f6rungen, Schmerzchirurgie)<\/li>\n\n<li>Gamma-Knife-Radiochirurgie<\/li>\n<\/ul>\n<\/li>\n<\/ul>\n\n<ul class=\"wp-block-list\">\n<li><strong>Die Wirbels\u00e4ule<\/strong>\n<ul class=\"wp-block-list\">\n<li>Bandscheibenvorfall-Operation\n<ul class=\"wp-block-list\">\n<li>Zervikal<\/li>\n\n<li>Thorakal<\/li>\n\n<li>Lumbal<\/li>\n<\/ul>\n<\/li>\n\n<li>Degenerative und altersbedingte Wirbels\u00e4ulenerkrankungen<\/li>\n\n<li>Komplexe Wirbels\u00e4ulenoperationen, einschlie\u00dflich Instrumentierungen<\/li>\n\n<li>R\u00fcckenmark- und Wirbelknochentumore<\/li>\n\n<li>Gef\u00e4\u00dffehlbildungen (Spinale arterioven\u00f6se Malformationen)<\/li>\n\n<li>Trauma<\/li>\n\n<li>Infektionen<\/li>\n<\/ul>\n<\/li>\n<\/ul>\n\n<ul class=\"wp-block-list\">\n<li><strong>Das periphere Nervensystem<\/strong>\n<ul class=\"wp-block-list\">\n<li>Nervenkompressionssyndrome<\/li>\n\n<li>Nervenverletzungen<\/li>\n<\/ul>\n<\/li>\n<\/ul>\n\n<ul class=\"wp-block-list\">\n<li><strong>P\u00e4diatrie<\/strong>\n<ul class=\"wp-block-list\">\n<li>Angeborene zerebrale Anomalien<\/li>\n\n<li>Hydrozephalus (Fl\u00fcssigkeitsansammlung im Gehirn)<\/li>\n\n<li>Kraniosynostose (vorzeitiger Verschluss der Sch\u00e4delknochen)<\/li>\n\n<li>Arachnoidalzysten (Hirnzysten)<\/li>\n\n<li>Die kraniovertebralen \u00dcbergangsanomalien<\/li>\n\n<li>Spinale Dysraphie (Tethered-Cord-Syndrom, Split-Cord-Anomalien)<\/li>\n<\/ul>\n<\/li>\n<\/ul>\n\t\t\t\t\t\t\t\t<\/div>\n\t\t\t\t\t<\/div>\n\t\t\t\t<\/div>\n\t\t\t\t<\/div>\n\t\t","protected":false},"excerpt":{"rendered":"<p>Morbus Parkinson Epilepsiechirurgie Zerebralparese Weitere Behandlungen NEUROLOGIEBEHANDLUNGEN T\u00fcrkei- Istanbul- Antalya- Izmir Kopfschmerzen, zerebrale Embolien oder L\u00e4hmungen nach Blutungen, Bewegungsst\u00f6rungen wie Morbus Parkinson, Demenz mit Ged\u00e4chtnisverlust und Erkrankungen wie Alzheimer, Epilepsie und andere Ohnmachtsanf\u00e4lle, Schwindel sowie Polyneuropathie, die haupts\u00e4chlich durch Diabetes entsteht, sind die Themen, die in der neurologischen Klinik behandelt werden. In unserer Klinik wird eine integrierte Thrombolyse-Behandlung bei Notfallpatienten angewendet, die mit Embolie innerhalb der ersten drei Stunden eintreffen, vom Rettungsdienst bis zum Personal der Intensivstation. Die 24-Stunden-Unterst\u00fctzung durch das Radiologie- und Neurochirurgie-Team sowie das erfahrene Personal der Intensivstation unseres Krankenhauses erm\u00f6glicht die Durchf\u00fchrung dieser Behandlungsmethode, da wir \u00fcber die erforderliche Organisation verf\u00fcgen. Dank der in unserer Klinik verf\u00fcgbaren transkraniellen Doppler-Sonographie k\u00f6nnen wir Diagnosen stellen und die \u00dcberwachung zerebrovaskul\u00e4rer Erkrankungen durchf\u00fchren. Dank des EEG-Ger\u00e4ts in unserer Klinik sind wir in der Lage, Epilepsie und andere Ohnmachtsanf\u00e4lle zu erkennen. Neben Medikamenten wird bei Patienten mit Epilepsie auch eine chirurgische Behandlung durchgef\u00fchrt. Die vorbereitende Planung ist bei der chirurgischen Behandlung von Epilepsie von gr\u00f6\u00dfter Bedeutung. Mit Video-EEG-Monitoring k\u00f6nnen wir geeignete Epilepsie-Kandidaten identifizieren, diagnostizieren und bereits bestehende Epilepsie-Patienten behandeln. Kopfschmerzen machen den Gro\u00dfteil unserer Poliklinik aus. Unsere Klinik arbeitet in Zusammenarbeit mit Abteilungen, die sich auf die Diagnose und Behandlung von Kopfschmerzen spezialisiert haben. Das Schlaflabor unserer Klinik untersucht, diagnostiziert und behandelt Schlafst\u00f6rungen, die durch Tagesm\u00fcdigkeit, geringe Energie, morgendliche Ersch\u00f6pfung, medikamentenresistente Hypertonie, verschiedene Gef\u00e4\u00dferkrankungen und erfolglose Gewichtsabnahme entstehen. BEHANDLUNGSPROGRAMME F\u00dcR NEUROLOGISCHE ERKRANKUNGEN IN DER T\u00dcRKEI Alle Arten von neurochirurgischen Operationen k\u00f6nnen durchgef\u00fchrt werden. Erwachsene Das Gehirn Hirntumore (gutartig und b\u00f6sartig) Sch\u00e4delbasistumore Gef\u00e4\u00dferkrankungen (Hirnblutung, zerebrale Aneurysmen, arterioven\u00f6se Malformationen, kavern\u00f6se Malformationen und Schlaganfall) Hydrozephalus (Fl\u00fcssigkeitsansammlung im Gehirn) Trauma Angeborene Fehlbildungen Infektionen Funktionelle Neurochirurgie (Chirurgie bei Bewegungsst\u00f6rungen, Schmerzchirurgie) Gamma-Knife-Radiochirurgie Die Wirbels\u00e4ule Bandscheibenvorfall-Operation Zervikal Thorakal Lumbal Degenerative und altersbedingte Wirbels\u00e4ulenerkrankungen Komplexe Wirbels\u00e4ulenoperationen, einschlie\u00dflich Instrumentierungen R\u00fcckenmark- und Wirbelknochentumore Gef\u00e4\u00dffehlbildungen (Spinale arterioven\u00f6se Malformationen) Trauma Infektionen Das periphere Nervensystem Nervenkompressionssyndrome Nervenverletzungen P\u00e4diatrie Angeborene zerebrale Anomalien Hydrozephalus (Fl\u00fcssigkeitsansammlung im Gehirn) Kraniosynostose (vorzeitiger Verschluss der Sch\u00e4delknochen) Arachnoidalzysten (Hirnzysten) Die kraniovertebralen \u00dcbergangsanomalien Spinale Dysraphie (Tethered-Cord-Syndrom, Split-Cord-Anomalien)<\/p>\n","protected":false},"author":4,"featured_media":0,"parent":2287,"menu_order":0,"comment_status":"closed","ping_status":"closed","template":"","meta":{"_joinchat":[],"footnotes":""},"class_list":["post-2314","page","type-page","status-publish","hentry"],"acf":[],"_links":{"self":[{"href":"https:\/\/medicaltravel.net\/de\/wp-json\/wp\/v2\/pages\/2314","targetHints":{"allow":["GET"]}}],"collection":[{"href":"https:\/\/medicaltravel.net\/de\/wp-json\/wp\/v2\/pages"}],"about":[{"href":"https:\/\/medicaltravel.net\/de\/wp-json\/wp\/v2\/types\/page"}],"author":[{"embeddable":true,"href":"https:\/\/medicaltravel.net\/de\/wp-json\/wp\/v2\/users\/4"}],"replies":[{"embeddable":true,"href":"https:\/\/medicaltravel.net\/de\/wp-json\/wp\/v2\/comments?post=2314"}],"version-history":[{"count":5,"href":"https:\/\/medicaltravel.net\/de\/wp-json\/wp\/v2\/pages\/2314\/revisions"}],"predecessor-version":[{"id":2320,"href":"https:\/\/medicaltravel.net\/de\/wp-json\/wp\/v2\/pages\/2314\/revisions\/2320"}],"up":[{"embeddable":true,"href":"https:\/\/medicaltravel.net\/de\/wp-json\/wp\/v2\/pages\/2287"}],"wp:attachment":[{"href":"https:\/\/medicaltravel.net\/de\/wp-json\/wp\/v2\/media?parent=2314"}],"curies":[{"name":"wp","href":"https:\/\/api.w.org\/{rel}","templated":true}]}}