{"id":2322,"date":"2025-09-29T09:50:23","date_gmt":"2025-09-29T08:50:23","guid":{"rendered":"https:\/\/medicaltravel.net\/nasenkorrektur\/"},"modified":"2026-01-08T21:17:15","modified_gmt":"2026-01-08T20:17:15","slug":"nasenkorrektur","status":"publish","type":"page","link":"https:\/\/medicaltravel.net\/de\/nasenkorrektur\/","title":{"rendered":"Nasenkorrektur"},"content":{"rendered":"\t\t<div data-elementor-type=\"wp-page\" data-elementor-id=\"2322\" class=\"elementor elementor-2322 elementor-91\" data-elementor-post-type=\"page\">\n\t\t\t\t<div class=\"elementor-element elementor-element-4a2c6318 e-flex e-con-boxed wpr-particle-no wpr-jarallax-no wpr-parallax-no wpr-sticky-section-no e-con e-parent\" data-id=\"4a2c6318\" data-element_type=\"container\" data-e-type=\"container\">\n\t\t\t\t\t<div class=\"e-con-inner\">\n\t\t<div class=\"elementor-element elementor-element-35c0342 e-con-full e-flex wpr-particle-no wpr-jarallax-no wpr-parallax-no wpr-sticky-section-no e-con e-child\" data-id=\"35c0342\" data-element_type=\"container\" data-e-type=\"container\">\n\t\t\t\t<div class=\"elementor-element elementor-element-65942cd elementor-widget elementor-widget-button\" data-id=\"65942cd\" data-element_type=\"widget\" data-e-type=\"widget\" data-widget_type=\"button.default\">\n\t\t\t\t\t\t\t\t\t\t<a class=\"elementor-button elementor-button-link elementor-size-sm\" href=\"https:\/\/medicaltravel.net\/de\/brustoperationen\/\">\n\t\t\t\t\t\t<span class=\"elementor-button-content-wrapper\">\n\t\t\t\t\t\t\t\t\t<span class=\"elementor-button-text\">Brustoperationen<\/span>\n\t\t\t\t\t<\/span>\n\t\t\t\t\t<\/a>\n\t\t\t\t\t\t\t\t<\/div>\n\t\t\t\t<div class=\"elementor-element elementor-element-93161b8 elementor-widget elementor-widget-button\" data-id=\"93161b8\" data-element_type=\"widget\" data-e-type=\"widget\" data-widget_type=\"button.default\">\n\t\t\t\t\t\t\t\t\t\t<a class=\"elementor-button elementor-button-link elementor-size-sm\" href=\"https:\/\/medicaltravel.net\/de\/liposuktion\/\">\n\t\t\t\t\t\t<span class=\"elementor-button-content-wrapper\">\n\t\t\t\t\t\t\t\t\t<span class=\"elementor-button-text\">Liposuktion<\/span>\n\t\t\t\t\t<\/span>\n\t\t\t\t\t<\/a>\n\t\t\t\t\t\t\t\t<\/div>\n\t\t\t\t<div class=\"elementor-element elementor-element-cf0f587 elementor-widget elementor-widget-button\" data-id=\"cf0f587\" data-element_type=\"widget\" data-e-type=\"widget\" data-widget_type=\"button.default\">\n\t\t\t\t\t\t\t\t\t\t<a class=\"elementor-button elementor-button-link elementor-size-sm\" href=\"https:\/\/medicaltravel.net\/tummy-tuck\/\">\n\t\t\t\t\t\t<span class=\"elementor-button-content-wrapper\">\n\t\t\t\t\t\t\t\t\t<span class=\"elementor-button-text\">Bauchstraffung<\/span>\n\t\t\t\t\t<\/span>\n\t\t\t\t\t<\/a>\n\t\t\t\t\t\t\t\t<\/div>\n\t\t\t\t<div class=\"elementor-element elementor-element-e36a8b7 elementor-widget elementor-widget-button\" data-id=\"e36a8b7\" data-element_type=\"widget\" data-e-type=\"widget\" data-widget_type=\"button.default\">\n\t\t\t\t\t\t\t\t\t\t<a class=\"elementor-button elementor-button-link elementor-size-sm\" href=\"https:\/\/medicaltravel.net\/de\/lidkorrektur\/\">\n\t\t\t\t\t\t<span class=\"elementor-button-content-wrapper\">\n\t\t\t\t\t\t\t\t\t<span class=\"elementor-button-text\">Lidkorrektur<\/span>\n\t\t\t\t\t<\/span>\n\t\t\t\t\t<\/a>\n\t\t\t\t\t\t\t\t<\/div>\n\t\t\t\t<div class=\"elementor-element elementor-element-9bf3a76 elementor-widget elementor-widget-button\" data-id=\"9bf3a76\" data-element_type=\"widget\" data-e-type=\"widget\" data-widget_type=\"button.default\">\n\t\t\t\t\t\t\t\t\t\t<a class=\"elementor-button elementor-button-link elementor-size-sm\" href=\"https:\/\/medicaltravel.net\/de\/nasenkorrektur\/\">\n\t\t\t\t\t\t<span class=\"elementor-button-content-wrapper\">\n\t\t\t\t\t\t\t\t\t<span class=\"elementor-button-text\">Nasenkorrektur<\/span>\n\t\t\t\t\t<\/span>\n\t\t\t\t\t<\/a>\n\t\t\t\t\t\t\t\t<\/div>\n\t\t\t\t<div class=\"elementor-element elementor-element-2a3d7ea elementor-widget elementor-widget-button\" data-id=\"2a3d7ea\" data-element_type=\"widget\" data-e-type=\"widget\" data-widget_type=\"button.default\">\n\t\t\t\t\t\t\t\t\t\t<a class=\"elementor-button elementor-button-link elementor-size-sm\" href=\"https:\/\/medicaltravel.net\/de\/gesichtsstraffung\/\">\n\t\t\t\t\t\t<span class=\"elementor-button-content-wrapper\">\n\t\t\t\t\t\t\t\t\t<span class=\"elementor-button-text\">Gesichtsstraffung<\/span>\n\t\t\t\t\t<\/span>\n\t\t\t\t\t<\/a>\n\t\t\t\t\t\t\t\t<\/div>\n\t\t\t\t<div class=\"elementor-element elementor-element-663a6ba elementor-widget elementor-widget-button\" data-id=\"663a6ba\" data-element_type=\"widget\" data-e-type=\"widget\" data-widget_type=\"button.default\">\n\t\t\t\t\t\t\t\t\t\t<a class=\"elementor-button elementor-button-link elementor-size-sm\" href=\"https:\/\/medicaltravel.net\/de\/ohrkorrektur\/\">\n\t\t\t\t\t\t<span class=\"elementor-button-content-wrapper\">\n\t\t\t\t\t\t\t\t\t<span class=\"elementor-button-text\">Ohrkorrektur<\/span>\n\t\t\t\t\t<\/span>\n\t\t\t\t\t<\/a>\n\t\t\t\t\t\t\t\t<\/div>\n\t\t\t\t<div class=\"elementor-element elementor-element-433b7e1 elementor-widget elementor-widget-button\" data-id=\"433b7e1\" data-element_type=\"widget\" data-e-type=\"widget\" data-widget_type=\"button.default\">\n\t\t\t\t\t\t\t\t\t\t<a class=\"elementor-button elementor-button-link elementor-size-sm\" href=\"https:\/\/medicaltravel.net\/de\/bodylifting\/\">\n\t\t\t\t\t\t<span class=\"elementor-button-content-wrapper\">\n\t\t\t\t\t\t\t\t\t<span class=\"elementor-button-text\">Bodylifting<\/span>\n\t\t\t\t\t<\/span>\n\t\t\t\t\t<\/a>\n\t\t\t\t\t\t\t\t<\/div>\n\t\t\t\t<\/div>\n\t\t\t\t<div class=\"elementor-element elementor-element-4930f1f0 elementor-widget elementor-widget-text-editor\" data-id=\"4930f1f0\" data-element_type=\"widget\" data-e-type=\"widget\" data-widget_type=\"text-editor.default\">\n\t\t\t\t\t\t\t\t\t<p><\/p>\n<h3 class=\"wp-block-heading\"><span style=\"color: inherit; font-family: inherit; font-size: 1.75rem;\">NASENKORREKTUR \u2013 RHINOPLASTIK IN DER T\u00dcRKEI<\/span><\/h3>\n<p><\/p>\n<h3 class=\"wp-block-heading\">Rhinoplastik \/ Nasenmodellierung in Istanbul, Antalya, Izmir, Bodrum<\/h3>\n<p><\/p>\n<p>Die Nase spielt eine bedeutende Rolle in der pers\u00f6nlichen Kommunikation, da sie das zentrale Organ im Gesicht ist.<\/p>\n<p><\/p>\n<p>Daher k\u00f6nnen Abnormalit\u00e4ten in Form und Gr\u00f6\u00dfe stark sichtbar sein und ein gro\u00dfes Problem f\u00fcr die betroffene Person darstellen.<\/p>\n<p><\/p>\n<p>Bei der Rhinoplastik ist eine Modellierung ohne sichtbare Narben m\u00f6glich, und dies wird Ihr Selbstbewusstsein st\u00e4rken. Der Unterschied mag klein sein, aber die Wirkung ist gro\u00df! <\/p>\n<p><\/p>\n<p><em><strong>Gr\u00fcnde f\u00fcr die Behandlung<\/strong><\/em><\/p>\n<p><\/p>\n<p>Verformungen durch nat\u00fcrliche Ursachen oder Unf\u00e4lle sowie die Korrektur von r\u00f6mischen oder gro\u00dfen Nasen.<\/p>\n<p><\/p>\n<p><em><strong>Operation<\/strong><\/em><\/p>\n<p><\/p>\n<p>Heutzutage hat die moderne \u00e4sthetische plastische Chirurgie die M\u00f6glichkeit, die Nase auf positive Weise umzuformen.<\/p>\n<p><\/p>\n<figure class=\"wp-block-image size-full\"><img fetchpriority=\"high\" decoding=\"async\" width=\"292\" height=\"233\" class=\"wp-image-253\" src=\"https:\/\/medicaltravel.net\/wp-content\/uploads\/2025\/09\/csm_nasenkorrektur_9a370cdb18.jpg\" alt=\"\"><\/figure>\n<p><\/p>\n<p id=\"caption-attachment-570\">Natural results on nose correction in Turkey<\/p>\n<p><\/p>\n<p><em><strong>Um ein symmetrisches Ergebnis zu erzielen, werden die Augenlider vollst\u00e4ndig vermessen.<\/strong><\/em><\/p>\n<p><\/p>\n<p>Um die h\u00e4ngenden Augenlider zu korrigieren, wird ein sichelf\u00f6rmiges Hautst\u00fcck entfernt und \u00fcbersch\u00fcssiges Fettgewebe abgetragen. Anschlie\u00dfend wird die Wunde entlang der Lidlinie mit N\u00e4hten verschlossen, sodass sie unsichtbar werden. <\/p>\n<p><\/p>\n<p>Um die unteren Augenlider zu korrigieren, erfolgt der Schnitt etwa zwei Millimeter unterhalb der Wimpernlinie. Anschlie\u00dfend werden \u00fcbersch\u00fcssiges Fett und das Fett, das die Tr\u00e4nens\u00e4cke verursacht, entfernt. <\/p>\n<p><\/p>\n<p><em><strong>Nach der Operation<\/strong><\/em><\/p>\n<p><\/p>\n<p>Nach dieser Operation werden Ihre Augen etwas anschwellen und Bluterg\u00fcsse k\u00f6nnen auftreten. Etwa eine Woche sp\u00e4ter sind keine Spuren von Bluterg\u00fcssen oder N\u00e4hten mehr sichtbar. <\/p>\n<p><\/p>\n<p>Um die Schwellung zu verringern, k\u00f6nnen Sie in den ersten Tagen feuchte Kompressen oder k\u00fchlende Eisbeutel auflegen. Die N\u00e4hte werden f\u00fcnf bis sechs Tage nach der Operation entfernt. <\/p>\n<p><\/p>\n<p><em><strong>Vorteile<\/strong><\/em><\/p>\n<p><\/p>\n<p>Sobald Ihre Augen ein frisches, junges und lebendiges Aussehen zur\u00fcckgewinnen, werden Sie eine neue, strahlende Lebensfreude erlangen. Im Allgemeinen sind die Ergebnisse der Augenlidkorrektur dauerhaft. <\/p>\n<p><\/p>\t\t\t\t\t\t\t\t<\/div>\n\t\t\t\t\t<\/div>\n\t\t\t\t<\/div>\n\t\t\t\t<\/div>\n\t\t","protected":false},"excerpt":{"rendered":"<p>Brustoperationen Liposuktion Bauchstraffung Lidkorrektur Nasenkorrektur Gesichtsstraffung Ohrkorrektur Bodylifting NASENKORREKTUR \u2013 RHINOPLASTIK IN DER T\u00dcRKEI Rhinoplastik \/ Nasenmodellierung in Istanbul, Antalya, Izmir, Bodrum Die Nase spielt eine bedeutende Rolle in der pers\u00f6nlichen Kommunikation, da sie das zentrale Organ im Gesicht ist. Daher k\u00f6nnen Abnormalit\u00e4ten in Form und Gr\u00f6\u00dfe stark sichtbar sein und ein gro\u00dfes Problem f\u00fcr die betroffene Person darstellen. Bei der Rhinoplastik ist eine Modellierung ohne sichtbare Narben m\u00f6glich, und dies wird Ihr Selbstbewusstsein st\u00e4rken. Der Unterschied mag klein sein, aber die Wirkung ist gro\u00df! Gr\u00fcnde f\u00fcr die Behandlung Verformungen durch nat\u00fcrliche Ursachen oder Unf\u00e4lle sowie die Korrektur von r\u00f6mischen oder gro\u00dfen Nasen. Operation Heutzutage hat die moderne \u00e4sthetische plastische Chirurgie die M\u00f6glichkeit, die Nase auf positive Weise umzuformen. Natural results on nose correction in Turkey Um ein symmetrisches Ergebnis zu erzielen, werden die Augenlider vollst\u00e4ndig vermessen. Um die h\u00e4ngenden Augenlider zu korrigieren, wird ein sichelf\u00f6rmiges Hautst\u00fcck entfernt und \u00fcbersch\u00fcssiges Fettgewebe abgetragen. Anschlie\u00dfend wird die Wunde entlang der Lidlinie mit N\u00e4hten verschlossen, sodass sie unsichtbar werden. Um die unteren Augenlider zu korrigieren, erfolgt der Schnitt etwa zwei Millimeter unterhalb der Wimpernlinie. Anschlie\u00dfend werden \u00fcbersch\u00fcssiges Fett und das Fett, das die Tr\u00e4nens\u00e4cke verursacht, entfernt. Nach der Operation Nach dieser Operation werden Ihre Augen etwas anschwellen und Bluterg\u00fcsse k\u00f6nnen auftreten. Etwa eine Woche sp\u00e4ter sind keine Spuren von Bluterg\u00fcssen oder N\u00e4hten mehr sichtbar. Um die Schwellung zu verringern, k\u00f6nnen Sie in den ersten Tagen feuchte Kompressen oder k\u00fchlende Eisbeutel auflegen. Die N\u00e4hte werden f\u00fcnf bis sechs Tage nach der Operation entfernt. Vorteile Sobald Ihre Augen ein frisches, junges und lebendiges Aussehen zur\u00fcckgewinnen, werden Sie eine neue, strahlende Lebensfreude erlangen. Im Allgemeinen sind die Ergebnisse der Augenlidkorrektur dauerhaft.<\/p>\n","protected":false},"author":4,"featured_media":0,"parent":0,"menu_order":0,"comment_status":"closed","ping_status":"closed","template":"","meta":{"_joinchat":[],"footnotes":""},"class_list":["post-2322","page","type-page","status-publish","hentry"],"acf":[],"_links":{"self":[{"href":"https:\/\/medicaltravel.net\/de\/wp-json\/wp\/v2\/pages\/2322","targetHints":{"allow":["GET"]}}],"collection":[{"href":"https:\/\/medicaltravel.net\/de\/wp-json\/wp\/v2\/pages"}],"about":[{"href":"https:\/\/medicaltravel.net\/de\/wp-json\/wp\/v2\/types\/page"}],"author":[{"embeddable":true,"href":"https:\/\/medicaltravel.net\/de\/wp-json\/wp\/v2\/users\/4"}],"replies":[{"embeddable":true,"href":"https:\/\/medicaltravel.net\/de\/wp-json\/wp\/v2\/comments?post=2322"}],"version-history":[{"count":3,"href":"https:\/\/medicaltravel.net\/de\/wp-json\/wp\/v2\/pages\/2322\/revisions"}],"predecessor-version":[{"id":2325,"href":"https:\/\/medicaltravel.net\/de\/wp-json\/wp\/v2\/pages\/2322\/revisions\/2325"}],"wp:attachment":[{"href":"https:\/\/medicaltravel.net\/de\/wp-json\/wp\/v2\/media?parent=2322"}],"curies":[{"name":"wp","href":"https:\/\/api.w.org\/{rel}","templated":true}]}}