{"id":2326,"date":"2025-09-29T09:53:48","date_gmt":"2025-09-29T08:53:48","guid":{"rendered":"https:\/\/medicaltravel.net\/angebot\/"},"modified":"2026-01-08T21:53:30","modified_gmt":"2026-01-08T20:53:30","slug":"angebot","status":"publish","type":"page","link":"https:\/\/medicaltravel.net\/de\/angebot\/","title":{"rendered":"Angebot"},"content":{"rendered":"\t\t<div data-elementor-type=\"wp-page\" data-elementor-id=\"2326\" class=\"elementor elementor-2326 elementor-99\" data-elementor-post-type=\"page\">\n\t\t\t\t<div class=\"elementor-element elementor-element-34c0336c e-flex e-con-boxed wpr-particle-no wpr-jarallax-no wpr-parallax-no wpr-sticky-section-no e-con e-parent\" data-id=\"34c0336c\" data-element_type=\"container\" data-e-type=\"container\">\n\t\t\t\t\t<div class=\"e-con-inner\">\n\t\t<div class=\"elementor-element elementor-element-31089e4 e-con-full e-flex wpr-particle-no wpr-jarallax-no wpr-parallax-no wpr-sticky-section-no e-con e-child\" data-id=\"31089e4\" data-element_type=\"container\" data-e-type=\"container\">\n\t\t\t\t<div class=\"elementor-element elementor-element-c5bfa7e elementor-widget elementor-widget-button\" data-id=\"c5bfa7e\" data-element_type=\"widget\" data-e-type=\"widget\" data-widget_type=\"button.default\">\n\t\t\t\t\t\t\t\t\t\t<a class=\"elementor-button elementor-button-link elementor-size-sm\" href=\"https:\/\/medicaltravel.net\/de\/schoenheitsoperationen\/\">\n\t\t\t\t\t\t<span class=\"elementor-button-content-wrapper\">\n\t\t\t\t\t\t\t\t\t<span class=\"elementor-button-text\">Sch\u00f6nheitsoperationen<\/span>\n\t\t\t\t\t<\/span>\n\t\t\t\t\t<\/a>\n\t\t\t\t\t\t\t\t<\/div>\n\t\t\t\t<div class=\"elementor-element elementor-element-5768634 elementor-widget elementor-widget-button\" data-id=\"5768634\" data-element_type=\"widget\" data-e-type=\"widget\" data-widget_type=\"button.default\">\n\t\t\t\t\t\t\t\t\t\t<a class=\"elementor-button elementor-button-link elementor-size-sm\" href=\"https:\/\/medicaltravel.net\/de\/brustoperationen\/\">\n\t\t\t\t\t\t<span class=\"elementor-button-content-wrapper\">\n\t\t\t\t\t\t\t\t\t<span class=\"elementor-button-text\">Leistungsspektrum<\/span>\n\t\t\t\t\t<\/span>\n\t\t\t\t\t<\/a>\n\t\t\t\t\t\t\t\t<\/div>\n\t\t\t\t<div class=\"elementor-element elementor-element-9377580 elementor-widget elementor-widget-button\" data-id=\"9377580\" data-element_type=\"widget\" data-e-type=\"widget\" data-widget_type=\"button.default\">\n\t\t\t\t\t\t\t\t\t\t<a class=\"elementor-button elementor-button-link elementor-size-sm\" href=\"https:\/\/medicaltravel.net\/de\/angebot\/\">\n\t\t\t\t\t\t<span class=\"elementor-button-content-wrapper\">\n\t\t\t\t\t\t\t\t\t<span class=\"elementor-button-text\">Angebot<\/span>\n\t\t\t\t\t<\/span>\n\t\t\t\t\t<\/a>\n\t\t\t\t\t\t\t\t<\/div>\n\t\t\t\t<div class=\"elementor-element elementor-element-a9a15cd elementor-widget elementor-widget-button\" data-id=\"a9a15cd\" data-element_type=\"widget\" data-e-type=\"widget\" data-widget_type=\"button.default\">\n\t\t\t\t\t\t\t\t\t\t<a class=\"elementor-button elementor-button-link elementor-size-sm\" href=\"https:\/\/medicaltravel.net\/prices\/\">\n\t\t\t\t\t\t<span class=\"elementor-button-content-wrapper\">\n\t\t\t\t\t\t\t\t\t<span class=\"elementor-button-text\">Preise<\/span>\n\t\t\t\t\t<\/span>\n\t\t\t\t\t<\/a>\n\t\t\t\t\t\t\t\t<\/div>\n\t\t\t\t<\/div>\n\t\t\t\t<div class=\"elementor-element elementor-element-54143e79 elementor-widget elementor-widget-text-editor\" data-id=\"54143e79\" data-element_type=\"widget\" data-e-type=\"widget\" data-widget_type=\"text-editor.default\">\n\t\t\t\t\t\t\t\t\t<h1 class=\"wp-block-heading\">ANGEBOT<\/h1>\n<h3 class=\"wp-block-heading\">UNSERE DIENSTLEISTUNGEN F\u00dcR IHRE SCH\u00d6NHEITSREISE IN DIE T\u00dcRKEI<\/h3>\n<p>Unser Ziel ist es, Ihren Wunsch nach einem \u201e<strong>sch\u00f6neren Aussehen<\/strong>\u201c durch eine <strong>plastische Operation<\/strong> in einer au\u00dfergew\u00f6hnlich sch\u00f6nen Weltstadt \u2013 Istanbul, Bodrum, Izmir oder Antalya \u2013 zu erf\u00fcllen, und dabei medizinische und organisatorische H\u00f6chstqualit\u00e4t zu bieten.<\/p>\n<p>Unsere Mission: zuverl\u00e4ssig, umfassend und preislich fair.<\/p>\n<h3 class=\"wp-block-heading\">Verlassen Sie sich auf uns<\/h3>\n<p>Was kann wichtiger sein als unser K\u00f6rper? Daher ist es nicht leicht, sich f\u00fcr eine \u00e4sthetische Operation zu entscheiden. <\/p>\n<p>Und eine solche Operation im Ausland durchzuf\u00fchren, verst\u00e4rkt diese Entscheidung noch. Wir begleiten Sie auf jedem Schritt Ihres Weges, indem wir Ihnen die zuverl\u00e4ssigsten Optionen zeigen, w\u00e4hrend Sie die Entscheidung Ihres Lebens treffen. <\/p>\n<ul class=\"wp-block-list\">\n<li>Wir sind die einzige Organisation in Europa, die das Prinzip \u201eAll inclusive\u201c f\u00fcr eine Operation im Ausland anbietet.<\/li>\n<li>Mit anderen Worten: Sie genie\u00dfen ausschlie\u00dflich unsere Dienstleistungen und m\u00fcssen von Anfang bis Ende an nichts anderes denken.<\/li>\n<\/ul>\n<h3 class=\"wp-block-heading\"><strong>Wir sind umfassend<\/strong><\/h3>\n<p>Eine Reise in die T\u00fcrkei f\u00fcr eine Sch\u00f6nheitsbehandlung erfordert zahlreiche organisatorische Schritte. Wir \u00fcbernehmen diese Organisation gerne f\u00fcr Sie. <\/p>\n<p>Und alles, was Sie tun m\u00fcssen, ist, unsere kostenlosen und unverbindlichen Beratungsdienste zu genie\u00dfen.<\/p>\n<ul class=\"wp-block-list\">\n<li>Unsere Beratungsdienste sind in deutscher, englischer und t\u00fcrkischer Sprache verf\u00fcgbar, und wir bieten schriftliche Beratung auf Franz\u00f6sisch an.<\/li>\n<li><strong>Vorausuntersuchung in Europa<\/strong><br>Es ist m\u00f6glich, unseren Kooperationschirurgen in Z\u00fcrich f\u00fcr eine medizinische Beratung zu treffen, bevor Sie in die T\u00fcrkei reisen (Kosten nur 100 CHF). Sie k\u00f6nnen sogar entscheiden, Ihre Operation in Z\u00fcrich durchf\u00fchren zu lassen. <a href=\"https:\/\/medicaltravel.net\/de\/kontakt\/\" data-type=\"page\" data-id=\"168\">Hier<\/a> k\u00f6nnen Sie sich f\u00fcr eine Vorausuntersuchung anmelden.<br><br>Eine weitere M\u00f6glichkeit ist die Untersuchung im Rahmen unserer Info-Veranstaltungen in Z\u00fcrich. Unser Chirurg aus Istanbul kommt mehrmals im Jahr nach Z\u00fcrich. Sie k\u00f6nnen ein Treffen mit ihm vereinbaren. Diese Beratung ist kostenlos.     <\/li>\n<li><strong>Medicaltravelpass<\/strong><br>Dies ist unser einzigartiger Zusatzservice. Der Pass enth\u00e4lt alle pers\u00f6nlichen Informationen und Daten zu Ihrem Aufenthalt in der T\u00fcrkei sowie zum Heilungsverlauf Ihrer Behandlung. Da er die Gr\u00f6\u00dfe eines Reisepasses hat, k\u00f6nnen Sie ihn jederzeit in Ihrer Tasche aufbewahren. Dieser Pass wird Ihnen individuell vor Ihrer Reise \u00fcbergeben.   <\/li>\n<li><strong>Flug<\/strong><br>Wir schlagen vor, Sie entscheiden. Stellen Sie sicher, dass Sie von unseren <strong>speziellen Flugpreisen f\u00fcr Gesundheitsreisen<\/strong> bei verschiedenen Fluggesellschaften profitieren. <\/li>\n<li><strong>Transfer vom Flughafen zum Hotel<\/strong><br><strong>Unser Patientenempfangsteam<\/strong> bringt Sie direkt zu Ihrem Hotel. Diese Dienstleistungen sind exklusiv und keine \u00f6ffentlichen Verkehrsmittel, bei denen Sie aufgrund des Innenstadtverkehrs stundenlang durch die Stadt fahren m\u00fcssen. Genie\u00dfen Sie diesen exklusiven VIP-Service!  <\/li>\n<li><strong>Hotel<\/strong><br>Sie w\u00e4hlen die beste Option, die wir Ihnen in Bezug auf die Unterkunft anbieten. <strong>Die Hotels befinden sich in der N\u00e4he der Krankenh\u00e4user<\/strong>. Das Hotel ist ein wichtiger Bestandteil bei Operationen. Das Zimmer, in dem Sie \u00fcbernachten, muss hygienisch sein. Wir arbeiten ausschlie\u00dflich mit guten und sauberen Hotels zusammen.  <\/li>\n<li><strong>Dolmetscher mit flie\u00dfenden Englischkenntnissen<\/strong><br>Es ist sehr wichtig, dass Sie die Sprache des Operationsteams verstehen. Englischsprachiges Personal gew\u00e4hrleistet eine reibungslose Kommunikation. Dieser Service kann auch in anderen Sprachen organisiert werden.  <\/li>\n<li><strong>Voruntersuchungen<\/strong><br>Vor einer Entscheidung muss gepr\u00fcft werden, ob Ihr K\u00f6rper f\u00fcr eine Operation geeignet ist. Ihr erstes Beratungsgespr\u00e4ch mit Ihrem Chirurgen hilft Ihnen, umfassend \u00fcber Ihre Behandlung informiert zu werden. <\/li>\n<li><strong>Ihre Operation<\/strong><br>Die Krankenh\u00e4user und Kliniken, mit denen wir zusammenarbeiten, werden nach detaillierten Pr\u00fcfungen unter Ber\u00fccksichtigung verschiedener Faktoren ausgew\u00e4hlt. Die Krankenh\u00e4user und Kliniken, mit denen wir arbeiten, verf\u00fcgen \u00fcber internationale Zertifizierungen. <br><a href=\"https:\/\/medicaltravel.net\/de\/das-acibadem-krankenhaus-in-istanbul\/\" data-type=\"page\" data-id=\"103\">Hier k\u00f6nnen Sie detaillierte Informationen \u00fcber Krankenh\u00e4user und Kliniken erhalten.<\/a><\/li>\n<li><strong>Nachuntersuchungen an den Tagen nach der Operation<\/strong><br>Neben der ersten Nachuntersuchung nach der Operation werden weitere an den folgenden Tagen durchgef\u00fchrt. Diese Untersuchungen erm\u00f6glichen es dem Operationsteam, die ersten Ergebnisse selbst zu analysieren und erforderliche Behandlungen nach der Operation anzuwenden. Die nachfolgenden Nachuntersuchungen sind Pflicht. Ihre Reise sollte entsprechend geplant werden.   <\/li>\n<li>Kostenlose Zahnkontrolle<br>Ihre Operation bietet jetzt noch mehr Vorteile! Wenn Sie Ihre Behandlung mit den besten Technologien der Welt durchf\u00fchren lassen, erhalten Sie auch die M\u00f6glichkeit, unsere moderne Zahnklinik kennenzulernen. Ihre Zahnkontrolle erfolgt auf Wunsch und ist vollst\u00e4ndig kostenlos. Dieser Service ist nicht obligatorisch und wird nur auf Anfrage organisiert.   <\/li>\n<li>Stadtrundfahrt auf Anfrage<br>Dank unserer Dienstleistungen haben Sie die M\u00f6glichkeit, eine Weltstadt zu besichtigen. Wir helfen Ihnen dabei, wo Sie besuchen k\u00f6nnen und was Sie tun k\u00f6nnen, indem wir Ihren pers\u00f6nlichen Reiseplan erstellen. So k\u00f6nnen sch\u00f6ne Erinnerungen der Beginn Ihres neuen Lebens sein. Detaillierte Informationen \u00fcber die St\u00e4dte finden Sie hier.   <\/li>\n<li><strong>Transfer vom hotel zum flughafen<\/strong><br>unser transferteam sorgt daf\u00fcr, dass sie eine rundum positive reise bis zum ende haben.<\/li>\n<li><strong>Nachuntersuchungen in der Schweiz<\/strong><br>Bis jetzt waren patienten, die eine operation im ausland hatten, benachteiligt, da ihre untersuchungen und regelm\u00e4\u00dfigen kontrolle vernachl\u00e4ssigt wurden. Wir haben die notwendigen vorsichtsma\u00dfnahmen getroffen, um dies zu verhindern. Bei uns ist nichts zuf\u00e4llig. unser designierter arzt in z\u00fcrich kontrolliert und untersucht die ergebnisse. Dadurch wird ein problemfreier heilungsprozess f\u00fcr ihren k\u00f6rper sichergestellt. Die erste untersuchung ist ein geschenk von uns an sie. Ihre nachuntersuchungen, die nur f\u00fcr patienten in istanbul gelten, k\u00f6nnen sogar in z\u00fcrich vom chirurgen aus istanbul durchgef\u00fchrt werden. Wir veranstalten j\u00e4hrlich drei bis vier info-events in z\u00fcrich, und der chirurg aus istanbul kommt ebenfalls. diese untersuchungen sind kostenlos.       <\/li>\n<\/ul>\n<h3 class=\"wp-block-heading\">Angemessene Preise<\/h3>\n<p>Dank seiner angemessenen preise machen wir eine sch\u00f6nheitsoperation f\u00fcr jeden m\u00f6glich<\/p>\n<ul class=\"wp-block-list\">\n<li>Warum ist eine \u00e4sthetische operation in europa teurer<br>Die l\u00e4nder in europa geh\u00f6ren zu den teuersten der welt. dies liegt daran, dass das personal teurer ist und die kosten f\u00fcr mieten und infrastrukturen hoch sind. Zus\u00e4tzlich sind moderne und hochentwickelte technologische ger\u00e4te ebenfalls sehr teuer. Daher ist es erforderlich, eine gro\u00dfe anzahl von patienten zu haben, um eine rentable investition zu gew\u00e4hrleisten.   <\/li>\n<li>wWrum sind die preise in der T\u00fcrkei so vern\u00fcnftig?<br>Laut einer oecd-studie zahlen sie in der t\u00fcrkei nur 45 euro f\u00fcr etwas, das in europa 100 euro wert ist. Folglich ist das honorar eines chirurgen in der T\u00fcrkei niedriger als das, was sein europ\u00e4ischer kollege erh\u00e4lt. Au\u00dferdem ist istanbul die gr\u00f6\u00dfte stadt europas; dies erm\u00f6glicht nicht nur den kauf von high-tech-ger\u00e4ten zu \u00e4hnlichen preisen wie in europa, sondern auch die anbietung niedrigerer operationskosten. deshalb empf\u00e4ngt die T\u00fcrkei jedes jahr tausende von patienten aus europa, und das ist der grund, warum wir ihnen vern\u00fcnftige preise f\u00fcr einen hochwertigen service anbieten k\u00f6nnen. <\/li>\n<li>Warum ist es besser, meine Reise mit MedicalTravel zu planen, wenn ich sie auch selbst planen k\u00f6nnte?<br>Nat\u00fcrlich k\u00f6nnen Sie Ihre Reise selbst planen. Es ist jedoch normalerweise sehr anstrengend und riskant. MedicalTravel bietet das All-inclusive-Prinzip. Wir k\u00fcmmern uns um alles, was Sie w\u00e4hrend Ihrer Behandlung im Ausland ben\u00f6tigen; wir bleiben Ihr vertrauensw\u00fcrdiger Partner nicht nur in der Zeit vor der Operation, sondern auch in der Zeit nach der Operation. Haben Sie Fragen? Z\u00f6gern Sie bitte nicht, uns zu <a href=\"https:\/\/medicaltravel.net\/de\/kontakt\/\" data-type=\"page\" data-id=\"168\">kontaktieren.<\/a>    <\/li>\n<\/ul>\t\t\t\t\t\t\t\t<\/div>\n\t\t\t\t\t<\/div>\n\t\t\t\t<\/div>\n\t\t\t\t<\/div>\n\t\t","protected":false},"excerpt":{"rendered":"<p>Sch\u00f6nheitsoperationen Leistungsspektrum Angebot Preise ANGEBOT UNSERE DIENSTLEISTUNGEN F\u00dcR IHRE SCH\u00d6NHEITSREISE IN DIE T\u00dcRKEI Unser Ziel ist es, Ihren Wunsch nach einem \u201esch\u00f6neren Aussehen\u201c durch eine plastische Operation in einer au\u00dfergew\u00f6hnlich sch\u00f6nen Weltstadt \u2013 Istanbul, Bodrum, Izmir oder Antalya \u2013 zu erf\u00fcllen, und dabei medizinische und organisatorische H\u00f6chstqualit\u00e4t zu bieten. Unsere Mission: zuverl\u00e4ssig, umfassend und preislich fair. Verlassen Sie sich auf uns Was kann wichtiger sein als unser K\u00f6rper? Daher ist es nicht leicht, sich f\u00fcr eine \u00e4sthetische Operation zu entscheiden. Und eine solche Operation im Ausland durchzuf\u00fchren, verst\u00e4rkt diese Entscheidung noch. Wir begleiten Sie auf jedem Schritt Ihres Weges, indem wir Ihnen die zuverl\u00e4ssigsten Optionen zeigen, w\u00e4hrend Sie die Entscheidung Ihres Lebens treffen. Wir sind die einzige Organisation in Europa, die das Prinzip \u201eAll inclusive\u201c f\u00fcr eine Operation im Ausland anbietet. Mit anderen Worten: Sie genie\u00dfen ausschlie\u00dflich unsere Dienstleistungen und m\u00fcssen von Anfang bis Ende an nichts anderes denken. Wir sind umfassend Eine Reise in die T\u00fcrkei f\u00fcr eine Sch\u00f6nheitsbehandlung erfordert zahlreiche organisatorische Schritte. Wir \u00fcbernehmen diese Organisation gerne f\u00fcr Sie. Und alles, was Sie tun m\u00fcssen, ist, unsere kostenlosen und unverbindlichen Beratungsdienste zu genie\u00dfen. Unsere Beratungsdienste sind in deutscher, englischer und t\u00fcrkischer Sprache verf\u00fcgbar, und wir bieten schriftliche Beratung auf Franz\u00f6sisch an. Vorausuntersuchung in EuropaEs ist m\u00f6glich, unseren Kooperationschirurgen in Z\u00fcrich f\u00fcr eine medizinische Beratung zu treffen, bevor Sie in die T\u00fcrkei reisen (Kosten nur 100 CHF). Sie k\u00f6nnen sogar entscheiden, Ihre Operation in Z\u00fcrich durchf\u00fchren zu lassen. Hier k\u00f6nnen Sie sich f\u00fcr eine Vorausuntersuchung anmelden. Eine weitere M\u00f6glichkeit ist die Untersuchung im Rahmen unserer Info-Veranstaltungen in Z\u00fcrich. Unser Chirurg aus Istanbul kommt mehrmals im Jahr nach Z\u00fcrich. Sie k\u00f6nnen ein Treffen mit ihm vereinbaren. Diese Beratung ist kostenlos. MedicaltravelpassDies ist unser einzigartiger Zusatzservice. Der Pass enth\u00e4lt alle pers\u00f6nlichen Informationen und Daten zu Ihrem Aufenthalt in der T\u00fcrkei sowie zum Heilungsverlauf Ihrer Behandlung. Da er die Gr\u00f6\u00dfe eines Reisepasses hat, k\u00f6nnen Sie ihn jederzeit in Ihrer Tasche aufbewahren. Dieser Pass wird Ihnen individuell vor Ihrer Reise \u00fcbergeben. FlugWir schlagen vor, Sie entscheiden. Stellen Sie sicher, dass Sie von unseren speziellen Flugpreisen f\u00fcr Gesundheitsreisen bei verschiedenen Fluggesellschaften profitieren. Transfer vom Flughafen zum HotelUnser Patientenempfangsteam bringt Sie direkt zu Ihrem Hotel. Diese Dienstleistungen sind exklusiv und keine \u00f6ffentlichen Verkehrsmittel, bei denen Sie aufgrund des Innenstadtverkehrs stundenlang durch die Stadt fahren m\u00fcssen. Genie\u00dfen Sie diesen exklusiven VIP-Service! HotelSie w\u00e4hlen die beste Option, die wir Ihnen in Bezug auf die Unterkunft anbieten. Die Hotels befinden sich in der N\u00e4he der Krankenh\u00e4user. Das Hotel ist ein wichtiger Bestandteil bei Operationen. Das Zimmer, in dem Sie \u00fcbernachten, muss hygienisch sein. Wir arbeiten ausschlie\u00dflich mit guten und sauberen Hotels zusammen. Dolmetscher mit flie\u00dfenden EnglischkenntnissenEs ist sehr wichtig, dass Sie die Sprache des Operationsteams verstehen. Englischsprachiges Personal gew\u00e4hrleistet eine reibungslose Kommunikation. Dieser Service kann auch in anderen Sprachen organisiert werden. VoruntersuchungenVor einer Entscheidung muss gepr\u00fcft werden, ob Ihr K\u00f6rper f\u00fcr eine Operation geeignet ist. Ihr erstes Beratungsgespr\u00e4ch mit Ihrem Chirurgen hilft Ihnen, umfassend \u00fcber Ihre Behandlung informiert zu werden. Ihre OperationDie Krankenh\u00e4user und Kliniken, mit denen wir zusammenarbeiten, werden nach detaillierten Pr\u00fcfungen unter Ber\u00fccksichtigung verschiedener Faktoren ausgew\u00e4hlt. Die Krankenh\u00e4user und Kliniken, mit denen wir arbeiten, verf\u00fcgen \u00fcber internationale Zertifizierungen. Hier k\u00f6nnen Sie detaillierte Informationen \u00fcber Krankenh\u00e4user und Kliniken erhalten. Nachuntersuchungen an den Tagen nach der OperationNeben der ersten Nachuntersuchung nach der Operation werden weitere an den folgenden Tagen durchgef\u00fchrt. Diese Untersuchungen erm\u00f6glichen es dem Operationsteam, die ersten Ergebnisse selbst zu analysieren und erforderliche Behandlungen nach der Operation anzuwenden. Die nachfolgenden Nachuntersuchungen sind Pflicht. Ihre Reise sollte entsprechend geplant werden. Kostenlose ZahnkontrolleIhre Operation bietet jetzt noch mehr Vorteile! Wenn Sie Ihre Behandlung mit den besten Technologien der Welt durchf\u00fchren lassen, erhalten Sie auch die M\u00f6glichkeit, unsere moderne Zahnklinik kennenzulernen. Ihre Zahnkontrolle erfolgt auf Wunsch und ist vollst\u00e4ndig kostenlos. Dieser Service ist nicht obligatorisch und wird nur auf Anfrage organisiert. Stadtrundfahrt auf AnfrageDank unserer Dienstleistungen haben Sie die M\u00f6glichkeit, eine Weltstadt zu besichtigen. Wir helfen Ihnen dabei, wo Sie besuchen k\u00f6nnen und was Sie tun k\u00f6nnen, indem wir Ihren pers\u00f6nlichen Reiseplan erstellen. So k\u00f6nnen sch\u00f6ne Erinnerungen der Beginn Ihres neuen Lebens sein. Detaillierte Informationen \u00fcber die St\u00e4dte finden Sie hier. Transfer vom hotel zum flughafenunser transferteam sorgt daf\u00fcr, dass sie eine rundum positive reise bis zum ende haben. Nachuntersuchungen in der SchweizBis jetzt waren patienten, die eine operation im ausland hatten, benachteiligt, da ihre untersuchungen und regelm\u00e4\u00dfigen kontrolle vernachl\u00e4ssigt wurden. Wir haben die notwendigen vorsichtsma\u00dfnahmen getroffen, um dies zu verhindern. Bei uns ist nichts zuf\u00e4llig. unser designierter arzt in z\u00fcrich kontrolliert und untersucht die ergebnisse. Dadurch wird ein problemfreier heilungsprozess f\u00fcr ihren k\u00f6rper sichergestellt. Die erste untersuchung ist ein geschenk von uns an sie. Ihre nachuntersuchungen, die nur f\u00fcr patienten in istanbul gelten, k\u00f6nnen sogar in z\u00fcrich vom chirurgen aus istanbul durchgef\u00fchrt werden. Wir veranstalten j\u00e4hrlich drei bis vier info-events in z\u00fcrich, und der chirurg aus istanbul kommt ebenfalls. diese untersuchungen sind kostenlos. Angemessene Preise Dank seiner angemessenen preise machen wir eine sch\u00f6nheitsoperation f\u00fcr jeden m\u00f6glich Warum ist eine \u00e4sthetische operation in europa teurerDie l\u00e4nder in europa geh\u00f6ren zu den teuersten der welt. dies liegt daran, dass das personal teurer ist und die kosten f\u00fcr mieten und infrastrukturen hoch sind. Zus\u00e4tzlich sind moderne und hochentwickelte technologische ger\u00e4te ebenfalls sehr teuer. Daher ist es erforderlich, eine gro\u00dfe anzahl von patienten zu haben, um eine rentable investition zu gew\u00e4hrleisten. wWrum sind die preise in der T\u00fcrkei so vern\u00fcnftig?Laut einer oecd-studie zahlen sie in der t\u00fcrkei nur 45 euro f\u00fcr etwas, das in europa 100 euro wert ist. Folglich ist das honorar eines chirurgen in der T\u00fcrkei niedriger als das, was sein europ\u00e4ischer kollege erh\u00e4lt. Au\u00dferdem ist istanbul die gr\u00f6\u00dfte stadt europas; dies erm\u00f6glicht nicht nur den kauf von high-tech-ger\u00e4ten zu \u00e4hnlichen preisen wie in europa, sondern auch die anbietung niedrigerer operationskosten. deshalb empf\u00e4ngt die T\u00fcrkei jedes jahr tausende von patienten aus europa, und das ist der grund, warum wir ihnen vern\u00fcnftige preise f\u00fcr einen hochwertigen service anbieten k\u00f6nnen. Warum ist es besser, meine Reise mit MedicalTravel zu planen, wenn ich sie auch selbst planen k\u00f6nnte?Nat\u00fcrlich k\u00f6nnen Sie Ihre Reise selbst<\/p>\n","protected":false},"author":4,"featured_media":0,"parent":0,"menu_order":0,"comment_status":"closed","ping_status":"closed","template":"","meta":{"_joinchat":[],"footnotes":""},"class_list":["post-2326","page","type-page","status-publish","hentry"],"acf":[],"_links":{"self":[{"href":"https:\/\/medicaltravel.net\/de\/wp-json\/wp\/v2\/pages\/2326","targetHints":{"allow":["GET"]}}],"collection":[{"href":"https:\/\/medicaltravel.net\/de\/wp-json\/wp\/v2\/pages"}],"about":[{"href":"https:\/\/medicaltravel.net\/de\/wp-json\/wp\/v2\/types\/page"}],"author":[{"embeddable":true,"href":"https:\/\/medicaltravel.net\/de\/wp-json\/wp\/v2\/users\/4"}],"replies":[{"embeddable":true,"href":"https:\/\/medicaltravel.net\/de\/wp-json\/wp\/v2\/comments?post=2326"}],"version-history":[{"count":1,"href":"https:\/\/medicaltravel.net\/de\/wp-json\/wp\/v2\/pages\/2326\/revisions"}],"predecessor-version":[{"id":2327,"href":"https:\/\/medicaltravel.net\/de\/wp-json\/wp\/v2\/pages\/2326\/revisions\/2327"}],"wp:attachment":[{"href":"https:\/\/medicaltravel.net\/de\/wp-json\/wp\/v2\/media?parent=2326"}],"curies":[{"name":"wp","href":"https:\/\/api.w.org\/{rel}","templated":true}]}}