{"id":2328,"date":"2025-09-29T09:54:22","date_gmt":"2025-09-29T08:54:22","guid":{"rendered":"https:\/\/medicaltravel.net\/preise\/"},"modified":"2026-01-08T22:00:39","modified_gmt":"2026-01-08T21:00:39","slug":"preise","status":"publish","type":"page","link":"https:\/\/medicaltravel.net\/de\/preise\/","title":{"rendered":"Preise"},"content":{"rendered":"\n<ul class=\"wp-block-list\">\n<li><a href=\"https:\/\/medicaltravel.net\/home\/beauty-operations\/\" data-type=\"page\" data-id=\"81\">Sch\u00f6nheitsoperationen<\/a><\/li>\n\n\n\n<li><a href=\"https:\/\/medicaltravel.net\/home\/breast-ops\/\" data-type=\"page\" data-id=\"83\">Leistungsspektrum<\/a><\/li>\n\n\n\n<li><a href=\"https:\/\/medicaltravel.net\/home\/offer\/\" data-type=\"page\" data-id=\"99\">Angebot<\/a><\/li>\n\n\n\n<li><a href=\"https:\/\/medicaltravel.net\/home\/prices\/\" data-type=\"page\" data-id=\"101\">Preise<\/a><\/li>\n<\/ul>\n\n<h1 class=\"wp-block-heading\">PRICES<\/h1>\n\n<h3 class=\"wp-block-heading\">PREISE F\u00dcR SCH\u00d6NHEITSOPERATIONEN IN DER T\u00dcRKEI<\/h3>\n\n<p>Verlockende <strong>Preise<\/strong>, die wir <strong>f\u00fcr Ihre \u00e4sthetische Operation in der T\u00fcrkei anbieten<\/strong><\/p>\n\n<figure class=\"wp-block-table\"><table class=\"has-fixed-layout\"><thead><tr><th>Treatments<\/th><th>Preise *<\/th><\/tr><\/thead><tbody><tr><td>Gesichtslifting<\/td><td>ca. 2500- 3728<\/td><\/tr><tr><td><strong>Nasenkorrektur<\/strong><\/td><td> <strong>ca. 1800- 2875<\/strong> <\/td><\/tr><tr><td>Ohrkorrektur<\/td><td>ca. 1390- 2000<\/td><\/tr><tr><td><strong>Mammoplastik<\/strong><\/td><td> <strong>ca. 2755- 4500<\/strong> <\/td><\/tr><tr><td>Brustverkleinerung<\/td><td>ca. 2490- 4025<\/td><\/tr><tr><td><strong>Bruststraffung<\/strong><\/td><td> <strong>ca. 2000 -3738<\/strong> <\/td><\/tr><tr><td>Liposuktion<\/td><td>ca. 1500- 3875<\/td><\/tr><tr><td><strong>Abdominoplastik<\/strong><\/td><td> <strong>ca. 2090- 3450<\/strong> <\/td><\/tr><tr><td>Augenlidoperation<\/td><td>ca. 1100-2300<\/td><\/tr><\/tbody><\/table><\/figure>\n\n<p>Die Preise sind in Euro angegeben. Die Preise k\u00f6nnen je nach verwendetem Material und Methode variieren. Das Recht, die Preise zu \u00e4ndern, bleibt vorbehalten. Bei der Mammoplastik sind Implantate im Preis enthalten.   <\/p>\n\n<p>Eine Nachuntersuchung in Z\u00fcrich sowie Transfers zwischen Flughafen, Hotel und Klinik sind ebenfalls im Preis inbegriffen. Patienten, die in Istanbul behandelt werden, k\u00f6nnen ihre Nachuntersuchung bei den Info-Veranstaltungen in Z\u00fcrich ebenfalls kostenlos wahrnehmen. <\/p>\n\n<p><strong>Planung Ihrer Reise<\/strong><br\/>Damit wir Ihre Behandlung planen k\u00f6nnen, f\u00fcllen Sie bitte dieses Kontaktformular vollst\u00e4ndig aus und senden es an uns. Relevante Fotos k\u00f6nnen Sie an unsere E-Mail-Adresse info@medicaltravel.net schicken. <\/p>\n\n<p><strong>Zahlung<\/strong><br\/>Alle Zahlungen erfolgen in der T\u00fcrkei, ohne dass eine Vorauszahlung erforderlich ist. Sie k\u00f6nnen bar in Schweizer Franken, T\u00fcrkischer Lira oder Euro bezahlen; es ist auch m\u00f6glich, per Kreditkarte oder \u00dcberweisung zu zahlen. <\/p>\n\n<p><strong>Flugpreise<\/strong><br\/>Die Flugpreise variieren stark. Sie h\u00e4ngen sowohl von der Fluggesellschaft als auch von den Reisedaten ab. Sie liegen zwischen 100 und 300 Euro. Wir k\u00f6nnen Ihnen helfen, einen passenden Flug zu finden.   <\/p>\n\n<p><strong>Hotelpreise<\/strong><br\/>In der T\u00fcrkei gibt es Hotels mit unterschiedlichen Preisen von 55 bis 80 Euro pro Nacht, je nach dem Hotel, in dem Sie \u00fcbernachten m\u00f6chten.<\/p>\n\n<p>Zum Beispiel kostet die Unterkunft f\u00fcr eine Nacht im <a href=\"https:\/\/www.leventotelistanbul.com\/en\/\" target=\"_blank\" rel=\"noreferrer noopener\">Levent Hotel<\/a> in Istanbul 55 Euro, und das Hotel liegt ganz in der N\u00e4he mehrerer Einkaufszentren.<\/p>\n\n<p>in Antalya und Izmir k\u00f6nnen Sie auch in verschiedenen Strandhotels \u00fcbernachten. Die Hotels in Bodrum, Izmir und Antalya k\u00f6nnen wir mit Fl\u00fcgen kombinieren. <\/p>\n","protected":false},"excerpt":{"rendered":"<p>PRICES PREISE F\u00dcR SCH\u00d6NHEITSOPERATIONEN IN DER T\u00dcRKEI Verlockende Preise, die wir f\u00fcr Ihre \u00e4sthetische Operation in der T\u00fcrkei anbieten Treatments Preise * Gesichtslifting ca. 2500- 3728 Nasenkorrektur ca. 1800- 2875 Ohrkorrektur ca. 1390- 2000 Mammoplastik ca. 2755- 4500 Brustverkleinerung ca. 2490- 4025 Bruststraffung ca. 2000 -3738 Liposuktion ca. 1500- 3875 Abdominoplastik ca. 2090- 3450 Augenlidoperation ca. 1100-2300 Die Preise sind in Euro angegeben. Die Preise k\u00f6nnen je nach verwendetem Material und Methode variieren. Das Recht, die Preise zu \u00e4ndern, bleibt vorbehalten. Bei der Mammoplastik sind Implantate im Preis enthalten. Eine Nachuntersuchung in Z\u00fcrich sowie Transfers zwischen Flughafen, Hotel und Klinik sind ebenfalls im Preis inbegriffen. Patienten, die in Istanbul behandelt werden, k\u00f6nnen ihre Nachuntersuchung bei den Info-Veranstaltungen in Z\u00fcrich ebenfalls kostenlos wahrnehmen. Planung Ihrer ReiseDamit wir Ihre Behandlung planen k\u00f6nnen, f\u00fcllen Sie bitte dieses Kontaktformular vollst\u00e4ndig aus und senden es an uns. Relevante Fotos k\u00f6nnen Sie an unsere E-Mail-Adresse info@medicaltravel.net schicken. ZahlungAlle Zahlungen erfolgen in der T\u00fcrkei, ohne dass eine Vorauszahlung erforderlich ist. Sie k\u00f6nnen bar in Schweizer Franken, T\u00fcrkischer Lira oder Euro bezahlen; es ist auch m\u00f6glich, per Kreditkarte oder \u00dcberweisung zu zahlen. FlugpreiseDie Flugpreise variieren stark. Sie h\u00e4ngen sowohl von der Fluggesellschaft als auch von den Reisedaten ab. Sie liegen zwischen 100 und 300 Euro. Wir k\u00f6nnen Ihnen helfen, einen passenden Flug zu finden. HotelpreiseIn der T\u00fcrkei gibt es Hotels mit unterschiedlichen Preisen von 55 bis 80 Euro pro Nacht, je nach dem Hotel, in dem Sie \u00fcbernachten m\u00f6chten. Zum Beispiel kostet die Unterkunft f\u00fcr eine Nacht im Levent Hotel in Istanbul 55 Euro, und das Hotel liegt ganz in der N\u00e4he mehrerer Einkaufszentren. in Antalya und Izmir k\u00f6nnen Sie auch in verschiedenen Strandhotels \u00fcbernachten. Die Hotels in Bodrum, Izmir und Antalya k\u00f6nnen wir mit Fl\u00fcgen kombinieren.<\/p>\n","protected":false},"author":4,"featured_media":0,"parent":0,"menu_order":0,"comment_status":"closed","ping_status":"closed","template":"","meta":{"_joinchat":[],"footnotes":""},"class_list":["post-2328","page","type-page","status-publish","hentry"],"acf":[],"_links":{"self":[{"href":"https:\/\/medicaltravel.net\/de\/wp-json\/wp\/v2\/pages\/2328","targetHints":{"allow":["GET"]}}],"collection":[{"href":"https:\/\/medicaltravel.net\/de\/wp-json\/wp\/v2\/pages"}],"about":[{"href":"https:\/\/medicaltravel.net\/de\/wp-json\/wp\/v2\/types\/page"}],"author":[{"embeddable":true,"href":"https:\/\/medicaltravel.net\/de\/wp-json\/wp\/v2\/users\/4"}],"replies":[{"embeddable":true,"href":"https:\/\/medicaltravel.net\/de\/wp-json\/wp\/v2\/comments?post=2328"}],"version-history":[{"count":1,"href":"https:\/\/medicaltravel.net\/de\/wp-json\/wp\/v2\/pages\/2328\/revisions"}],"predecessor-version":[{"id":2329,"href":"https:\/\/medicaltravel.net\/de\/wp-json\/wp\/v2\/pages\/2328\/revisions\/2329"}],"wp:attachment":[{"href":"https:\/\/medicaltravel.net\/de\/wp-json\/wp\/v2\/media?parent=2328"}],"curies":[{"name":"wp","href":"https:\/\/api.w.org\/{rel}","templated":true}]}}