{"id":2338,"date":"2025-09-29T09:59:00","date_gmt":"2025-09-29T08:59:00","guid":{"rendered":"https:\/\/medicaltravel.net\/rommer-orthopaedisches-und-neurologisches-rehabilitationszentrum-klinik-bursa-tuerkei\/"},"modified":"2026-01-09T21:21:15","modified_gmt":"2026-01-09T20:21:15","slug":"rommer-orthopaedisches-und-neurologisches-rehabilitationszentrum-klinik-bursa-tuerkei","status":"publish","type":"page","link":"https:\/\/medicaltravel.net\/de\/rommer-orthopaedisches-und-neurologisches-rehabilitationszentrum-klinik-bursa-tuerkei\/","title":{"rendered":"Rommer Orthop\u00e4disches und Neurologisches Rehabilitationszentrum Klinik Bursa T\u00fcrkei"},"content":{"rendered":"\t\t<div data-elementor-type=\"wp-page\" data-elementor-id=\"2338\" class=\"elementor elementor-2338 elementor-113\" data-elementor-post-type=\"page\">\n\t\t\t\t<div class=\"elementor-element elementor-element-321dc5af e-flex e-con-boxed wpr-particle-no wpr-jarallax-no wpr-parallax-no wpr-sticky-section-no e-con e-parent\" data-id=\"321dc5af\" data-element_type=\"container\" data-e-type=\"container\">\n\t\t\t\t\t<div class=\"e-con-inner\">\n\t\t<div class=\"elementor-element elementor-element-772ef0a e-con-full e-flex wpr-particle-no wpr-jarallax-no wpr-parallax-no wpr-sticky-section-no e-con e-child\" data-id=\"772ef0a\" data-element_type=\"container\" data-e-type=\"container\">\n\t\t\t\t<div class=\"elementor-element elementor-element-f34676e elementor-widget elementor-widget-button\" data-id=\"f34676e\" data-element_type=\"widget\" data-e-type=\"widget\" data-widget_type=\"button.default\">\n\t\t\t\t\t\t\t\t\t\t<a class=\"elementor-button elementor-button-link elementor-size-sm\" href=\"https:\/\/medicaltravel.net\/de\/das-acibadem-krankenhaus-in-istanbul\/\">\n\t\t\t\t\t\t<span class=\"elementor-button-content-wrapper\">\n\t\t\t\t\t\t\t\t\t<span class=\"elementor-button-text\">Acibadem<\/span>\n\t\t\t\t\t<\/span>\n\t\t\t\t\t<\/a>\n\t\t\t\t\t\t\t\t<\/div>\n\t\t\t\t<div class=\"elementor-element elementor-element-2c35cd5 elementor-widget elementor-widget-button\" data-id=\"2c35cd5\" data-element_type=\"widget\" data-e-type=\"widget\" data-widget_type=\"button.default\">\n\t\t\t\t\t\t\t\t\t\t<a class=\"elementor-button elementor-button-link elementor-size-sm\" href=\"https:\/\/medicaltravel.net\/de\/liv-hospital\/\">\n\t\t\t\t\t\t<span class=\"elementor-button-content-wrapper\">\n\t\t\t\t\t\t\t\t\t<span class=\"elementor-button-text\">Liv<\/span>\n\t\t\t\t\t<\/span>\n\t\t\t\t\t<\/a>\n\t\t\t\t\t\t\t\t<\/div>\n\t\t\t\t<div class=\"elementor-element elementor-element-001279b elementor-widget elementor-widget-button\" data-id=\"001279b\" data-element_type=\"widget\" data-e-type=\"widget\" data-widget_type=\"button.default\">\n\t\t\t\t\t\t\t\t\t\t<a class=\"elementor-button elementor-button-link elementor-size-sm\" href=\"https:\/\/medicaltravel.net\/de\/krankenhaeuser-in-antalya\/\">\n\t\t\t\t\t\t<span class=\"elementor-button-content-wrapper\">\n\t\t\t\t\t\t\t\t\t<span class=\"elementor-button-text\">Antalya<\/span>\n\t\t\t\t\t<\/span>\n\t\t\t\t\t<\/a>\n\t\t\t\t\t\t\t\t<\/div>\n\t\t\t\t<div class=\"elementor-element elementor-element-2a34360 elementor-widget elementor-widget-button\" data-id=\"2a34360\" data-element_type=\"widget\" data-e-type=\"widget\" data-widget_type=\"button.default\">\n\t\t\t\t\t\t\t\t\t\t<a class=\"elementor-button elementor-button-link elementor-size-sm\" href=\"https:\/\/medicaltravel.net\/de\/krankenhaus-in-izmir\/\">\n\t\t\t\t\t\t<span class=\"elementor-button-content-wrapper\">\n\t\t\t\t\t\t\t\t\t<span class=\"elementor-button-text\"> Izmir<\/span>\n\t\t\t\t\t<\/span>\n\t\t\t\t\t<\/a>\n\t\t\t\t\t\t\t\t<\/div>\n\t\t\t\t<div class=\"elementor-element elementor-element-d11f8ff elementor-widget elementor-widget-button\" data-id=\"d11f8ff\" data-element_type=\"widget\" data-e-type=\"widget\" data-widget_type=\"button.default\">\n\t\t\t\t\t\t\t\t\t\t<a class=\"elementor-button elementor-button-link elementor-size-sm\" href=\"https:\/\/medicaltravel.net\/de\/krankenhaus-in-bodrum\/\">\n\t\t\t\t\t\t<span class=\"elementor-button-content-wrapper\">\n\t\t\t\t\t\t\t\t\t<span class=\"elementor-button-text\">Bodrum<\/span>\n\t\t\t\t\t<\/span>\n\t\t\t\t\t<\/a>\n\t\t\t\t\t\t\t\t<\/div>\n\t\t\t\t<div class=\"elementor-element elementor-element-81c3e2f elementor-widget elementor-widget-button\" data-id=\"81c3e2f\" data-element_type=\"widget\" data-e-type=\"widget\" data-widget_type=\"button.default\">\n\t\t\t\t\t\t\t\t\t\t<a class=\"elementor-button elementor-button-link elementor-size-sm\" href=\"https:\/\/medicaltravel.net\/de\/rommer-orthopaedisches-und-neurologisches-rehabilitationszentrum-klinik-bursa-tuerkei\/\">\n\t\t\t\t\t\t<span class=\"elementor-button-content-wrapper\">\n\t\t\t\t\t\t\t\t\t<span class=\"elementor-button-text\">Rommer Bursa<\/span>\n\t\t\t\t\t<\/span>\n\t\t\t\t\t<\/a>\n\t\t\t\t\t\t\t\t<\/div>\n\t\t\t\t<\/div>\n\t\t\t\t<div class=\"elementor-element elementor-element-470bf51f elementor-widget elementor-widget-text-editor\" data-id=\"470bf51f\" data-element_type=\"widget\" data-e-type=\"widget\" data-widget_type=\"text-editor.default\">\n\t\t\t\t\t\t\t\t\t<h3 class=\"wp-block-heading\">Rommer Orthop\u00e4disches und Neurologisches Rehabilitationszentrum Klinik Bursa T\u00fcrkei<\/h3>\n<p><strong>ROMMER<\/strong> Internationale Physiotherapie- und <strong>Rehabilitationsklinik<\/strong>; bietet Physiotherapie- und Rehabilitationsbehandlungen unter Einsatz fortschrittlicher Technologie und Thermalwasser in der historischen, nat\u00fcrlichen und Thermenstadt <strong>Bursa<\/strong> in der T\u00fcrkei an.<\/p>\n<p>Seit 1994 bietet ROMMER Gesundheitsdienstleistungen mit seinem erfahrenen, professionellen Personal in den Bereichen Physiotherapie und Rehabilitation, Innere Medizin, Neurochirurgie, Ern\u00e4hrung und Di\u00e4tetik sowie Klinische Psychologie an.<\/p>\n<p>Jeden Monat kommen internationale Patienten aus der ganzen Welt, um hochwertige Behandlungsm\u00f6glichkeiten zu erhalten.<\/p>\n<p>ROMMER behandelt <strong>neurologische und orthop\u00e4dische Erkrankungen<\/strong> wie:<\/p>\n<ul class=\"wp-block-list\">\n<li>Hemiplegie<\/li>\n<li><strong>parkinson<\/strong><\/li>\n<li>MS<\/li>\n<li><strong>p\u00e4diatrische erkrankungen wie zerebralparese<\/strong><\/li>\n<li>spina bifida<\/li>\n<li><strong>brachial plexus<\/strong><\/li>\n<li>orthop\u00e4dische erkrankungen wie gelenksteifigkeit<\/li>\n<li><strong>frakturen und verrenkungen<\/strong><\/li>\n<li>schmerzhafte erkrankungen wie lenden- und nackenhernien, die mit speziellen computergest\u00fctzten Ger\u00e4ten behandelt werden<\/li>\n<li><strong>robotergest\u00fctzte rehabilitationssysteme<\/strong><\/li>\n<li>methoden der ergotherapie<\/li>\n<\/ul>\n<p><strong>Das Rehabilitationszentrum<\/strong> hat zum Ziel, den Patienten zu erm\u00f6glichen, ihre t\u00e4glichen Aktivit\u00e4ten selbstst\u00e4ndig und schmerzfrei auszuf\u00fchren und ihre Lebensqualit\u00e4t am Ende der Rehabilitationsprogramme zu steigern.<\/p>\n<p><strong>Bursa liegt im Nordwesten der T\u00fcrkei, in der Region Marmara, nahe dem Marmarameer. Es ist die viertgr\u00f6\u00dfte Stadt des Landes und bekannt f\u00fcr seine reiche Geschichte, Thermalquellen, Berge und nat\u00fcrliche Landschaften.<\/strong><br><a href=\"https:\/\/de.wikipedia.org\/wiki\/Bursa\" target=\"_blank\" rel=\"noreferrer noopener\">Bursa<\/a> ist nur 155 km von Istanbul entfernt, war die erste Hauptstadt des Osmanischen Reiches und ist sehr bekannt als gr\u00fcne Stadt. Die Klinik bietet Transfers vom Flughafen Istanbul und Sabiha-G\u00f6k\u00e7en-Flughafen an. <\/p>\n<figure class=\"wp-block-image size-full\"><img fetchpriority=\"high\" decoding=\"async\" width=\"1000\" height=\"667\" class=\"wp-image-290\" src=\"https:\/\/medicaltravel.net\/wp-content\/uploads\/2025\/09\/IMG_1878-1_klein-jpg.webp\" alt=\"\" srcset=\"https:\/\/medicaltravel.net\/wp-content\/uploads\/2025\/09\/IMG_1878-1_klein-jpg.webp 1000w, https:\/\/medicaltravel.net\/wp-content\/uploads\/2025\/09\/IMG_1878-1_klein-jpg-300x200.webp 300w, https:\/\/medicaltravel.net\/wp-content\/uploads\/2025\/09\/IMG_1878-1_klein-jpg-768x512.webp 768w\" sizes=\"(max-width: 1000px) 100vw, 1000px\" \/><\/figure>\n<p id=\"caption-attachment-2017\">orthop\u00e4dische und neurochirurgische rehabilitationsklinik T\u00fcrkei<\/p>\n<figure class=\"wp-block-image size-large\"><img decoding=\"async\" width=\"1024\" height=\"680\" class=\"wp-image-292\" src=\"https:\/\/medicaltravel.net\/wp-content\/uploads\/2025\/09\/bursa-1536x1020-1-1024x680.webp\" alt=\"\" srcset=\"https:\/\/medicaltravel.net\/wp-content\/uploads\/2025\/09\/bursa-1536x1020-1-1024x680.webp 1024w, https:\/\/medicaltravel.net\/wp-content\/uploads\/2025\/09\/bursa-1536x1020-1-300x199.webp 300w, https:\/\/medicaltravel.net\/wp-content\/uploads\/2025\/09\/bursa-1536x1020-1-768x510.webp 768w, https:\/\/medicaltravel.net\/wp-content\/uploads\/2025\/09\/bursa-1536x1020-1.webp 1536w\" sizes=\"(max-width: 1024px) 100vw, 1024px\" \/><\/figure>\n<p id=\"caption-attachment-2056\">Bursa<\/p>\n<p><strong>Die Klinik bietet folgende Behandlungen an:<\/strong><\/p>\n<ul class=\"wp-block-list\">\n<li>Physiotherapie<\/li>\n<li><strong>Aquatherapy Hydrotherapy<\/strong><\/li>\n<li>P\u00e4diatrische Rehabilitation<\/li>\n<li><strong>Orthopedic Rehabilitation<\/strong><\/li>\n<li>Neurologische Rehabilitation<\/li>\n<li><strong>Robotergest\u00fctzte Rehabilitation<\/strong><\/li>\n<li>Lymph\u00f6dem-Rehabilitation<\/li>\n<li><strong>Ergotherapie-Anwendungen<\/strong><\/li>\n<li>Beckenbodenrehabilitation<\/li>\n<li><strong>Schmerzlinderung<\/strong><\/li>\n<\/ul>\n<div><b> <\/b><\/div>\n<figure class=\"wp-block-image size-large\"><img decoding=\"async\" width=\"683\" height=\"1024\" class=\"wp-image-293\" src=\"https:\/\/medicaltravel.net\/wp-content\/uploads\/2025\/09\/Why-Rommer_Page-20_klein-rotated-1-683x1024.webp\" alt=\"\" srcset=\"https:\/\/medicaltravel.net\/wp-content\/uploads\/2025\/09\/Why-Rommer_Page-20_klein-rotated-1-683x1024.webp 683w, https:\/\/medicaltravel.net\/wp-content\/uploads\/2025\/09\/Why-Rommer_Page-20_klein-rotated-1-200x300.webp 200w, https:\/\/medicaltravel.net\/wp-content\/uploads\/2025\/09\/Why-Rommer_Page-20_klein-rotated-1-768x1152.webp 768w, https:\/\/medicaltravel.net\/wp-content\/uploads\/2025\/09\/Why-Rommer_Page-20_klein-rotated-1.webp 1000w\" sizes=\"(max-width: 683px) 100vw, 683px\" \/><\/figure>\n<p id=\"caption-attachment-2045\">Neurologische Rehabilitationsklinik Bursa T\u00fcrkei<\/p>\n<p>Die Klinik ist auch sehr stark in der <strong>p\u00e4diatrischen Rehabilitation<\/strong>. Kinderbetreuung und Rehabilitation werden kombiniert, sodass das Kind seine t\u00e4glichen Aktivit\u00e4ten leichter ausf\u00fchren kann. Gleichzeitig soll die Entwicklung dieser F\u00e4higkeiten gef\u00f6rdert werden. Fr\u00fche Behandlung erh\u00f6ht die Erfolgschancen. Die Ziele sollten realistisch sein und altersgerecht festgelegt werden, mit dem Ziel, nacheinander Funktionen wie Kopf aufrecht halten, Sitzen, Krabbeln, Gehen, Handgriff zu erlernen. Anschlie\u00dfend sollten Bildung, soziale F\u00e4higkeiten, Anpassung und Aktivit\u00e4ten der pers\u00f6nlichen Pflege durchgef\u00fchrt werden.    <\/p>\n<figure class=\"wp-block-image size-large\"><img loading=\"lazy\" decoding=\"async\" width=\"683\" height=\"1024\" class=\"wp-image-294\" src=\"https:\/\/medicaltravel.net\/wp-content\/uploads\/2025\/09\/disabled-children-reh_Page-33_1_klein-jpg-683x1024.webp\" alt=\"\" srcset=\"https:\/\/medicaltravel.net\/wp-content\/uploads\/2025\/09\/disabled-children-reh_Page-33_1_klein-jpg-683x1024.webp 683w, https:\/\/medicaltravel.net\/wp-content\/uploads\/2025\/09\/disabled-children-reh_Page-33_1_klein-jpg-200x300.webp 200w, https:\/\/medicaltravel.net\/wp-content\/uploads\/2025\/09\/disabled-children-reh_Page-33_1_klein-jpg-768x1152.webp 768w, https:\/\/medicaltravel.net\/wp-content\/uploads\/2025\/09\/disabled-children-reh_Page-33_1_klein-jpg.webp 900w\" sizes=\"(max-width: 683px) 100vw, 683px\" \/><\/figure>\n<p id=\"caption-attachment-2005\">P\u00e4diatrische Rehabilitationsklinik in der T\u00fcrkei<\/p>\n<p><strong>WIE SIE UNS ERREICHEN<\/strong><br>Sie k\u00f6nnen uns Ihre medizinischen Berichte und Videos kostenlos f\u00fcr medizinische Beratung zusenden. Kontaktieren Sie uns jetzt <a href=\"https:\/\/medicaltravel.net\/de\/kontakt\/\" data-type=\"page\" data-id=\"168\">hier<\/a>, per <a href=\"mailto:info@medicaltravel.net\">E-Mail<\/a> oder \u00fcber <a href=\"https:\/\/wa.me\/41787373541\" target=\"_blank\" rel=\"noreferrer noopener\">WhatsApp.<\/a> <\/p>\n<h2 class=\"wp-block-heading\">Sehen Sie das Video des Rommer orthop\u00e4dischen und neurologischen Rehabilitationszentrums T\u00fcrkei an<\/h2>\t\t\t\t\t\t\t\t<\/div>\n\t\t\t\t\t<\/div>\n\t\t\t\t<\/div>\n\t\t<div class=\"elementor-element elementor-element-6875c8c e-flex e-con-boxed wpr-particle-no wpr-jarallax-no wpr-parallax-no wpr-sticky-section-no e-con e-parent\" data-id=\"6875c8c\" data-element_type=\"container\" data-e-type=\"container\">\n\t\t\t\t\t<div class=\"e-con-inner\">\n\t\t\t\t<div class=\"elementor-element elementor-element-a3117e0 elementor-widget elementor-widget-video\" data-id=\"a3117e0\" data-element_type=\"widget\" data-e-type=\"widget\" data-settings=\"{&quot;youtube_url&quot;:&quot;https:\\\/\\\/www.youtube.com\\\/watch?v=FfryM-eU5ts&quot;,&quot;video_type&quot;:&quot;youtube&quot;,&quot;controls&quot;:&quot;yes&quot;}\" data-widget_type=\"video.default\">\n\t\t\t\t\t\t\t<div class=\"elementor-wrapper elementor-open-inline\">\n\t\t\t<div class=\"elementor-video\"><\/div>\t\t<\/div>\n\t\t\t\t\t\t<\/div>\n\t\t\t\t\t<\/div>\n\t\t\t\t<\/div>\n\t\t\t\t<\/div>\n\t\t","protected":false},"excerpt":{"rendered":"<p>Acibadem Liv Antalya Izmir Bodrum Rommer Bursa Rommer Orthop\u00e4disches und Neurologisches Rehabilitationszentrum Klinik Bursa T\u00fcrkei ROMMER Internationale Physiotherapie- und Rehabilitationsklinik; bietet Physiotherapie- und Rehabilitationsbehandlungen unter Einsatz fortschrittlicher Technologie und Thermalwasser in der historischen, nat\u00fcrlichen und Thermenstadt Bursa in der T\u00fcrkei an. Seit 1994 bietet ROMMER Gesundheitsdienstleistungen mit seinem erfahrenen, professionellen Personal in den Bereichen Physiotherapie und Rehabilitation, Innere Medizin, Neurochirurgie, Ern\u00e4hrung und Di\u00e4tetik sowie Klinische Psychologie an. Jeden Monat kommen internationale Patienten aus der ganzen Welt, um hochwertige Behandlungsm\u00f6glichkeiten zu erhalten. ROMMER behandelt neurologische und orthop\u00e4dische Erkrankungen wie: Hemiplegie parkinson MS p\u00e4diatrische erkrankungen wie zerebralparese spina bifida brachial plexus orthop\u00e4dische erkrankungen wie gelenksteifigkeit frakturen und verrenkungen schmerzhafte erkrankungen wie lenden- und nackenhernien, die mit speziellen computergest\u00fctzten Ger\u00e4ten behandelt werden robotergest\u00fctzte rehabilitationssysteme methoden der ergotherapie Das Rehabilitationszentrum hat zum Ziel, den Patienten zu erm\u00f6glichen, ihre t\u00e4glichen Aktivit\u00e4ten selbstst\u00e4ndig und schmerzfrei auszuf\u00fchren und ihre Lebensqualit\u00e4t am Ende der Rehabilitationsprogramme zu steigern. Bursa liegt im Nordwesten der T\u00fcrkei, in der Region Marmara, nahe dem Marmarameer. Es ist die viertgr\u00f6\u00dfte Stadt des Landes und bekannt f\u00fcr seine reiche Geschichte, Thermalquellen, Berge und nat\u00fcrliche Landschaften.Bursa ist nur 155 km von Istanbul entfernt, war die erste Hauptstadt des Osmanischen Reiches und ist sehr bekannt als gr\u00fcne Stadt. Die Klinik bietet Transfers vom Flughafen Istanbul und Sabiha-G\u00f6k\u00e7en-Flughafen an. orthop\u00e4dische und neurochirurgische rehabilitationsklinik T\u00fcrkei Bursa Die Klinik bietet folgende Behandlungen an: Physiotherapie Aquatherapy Hydrotherapy P\u00e4diatrische Rehabilitation Orthopedic Rehabilitation Neurologische Rehabilitation Robotergest\u00fctzte Rehabilitation Lymph\u00f6dem-Rehabilitation Ergotherapie-Anwendungen Beckenbodenrehabilitation Schmerzlinderung Neurologische Rehabilitationsklinik Bursa T\u00fcrkei Die Klinik ist auch sehr stark in der p\u00e4diatrischen Rehabilitation. Kinderbetreuung und Rehabilitation werden kombiniert, sodass das Kind seine t\u00e4glichen Aktivit\u00e4ten leichter ausf\u00fchren kann. Gleichzeitig soll die Entwicklung dieser F\u00e4higkeiten gef\u00f6rdert werden. Fr\u00fche Behandlung erh\u00f6ht die Erfolgschancen. Die Ziele sollten realistisch sein und altersgerecht festgelegt werden, mit dem Ziel, nacheinander Funktionen wie Kopf aufrecht halten, Sitzen, Krabbeln, Gehen, Handgriff zu erlernen. Anschlie\u00dfend sollten Bildung, soziale F\u00e4higkeiten, Anpassung und Aktivit\u00e4ten der pers\u00f6nlichen Pflege durchgef\u00fchrt werden. P\u00e4diatrische Rehabilitationsklinik in der T\u00fcrkei WIE SIE UNS ERREICHENSie k\u00f6nnen uns Ihre medizinischen Berichte und Videos kostenlos f\u00fcr medizinische Beratung zusenden. Kontaktieren Sie uns jetzt hier, per E-Mail oder \u00fcber WhatsApp. Sehen Sie das Video des Rommer orthop\u00e4dischen und neurologischen Rehabilitationszentrums T\u00fcrkei an https:\/\/www.youtube.com\/watch?v=FfryM-eU5ts<\/p>\n","protected":false},"author":4,"featured_media":0,"parent":0,"menu_order":0,"comment_status":"closed","ping_status":"closed","template":"","meta":{"_joinchat":[],"footnotes":""},"class_list":["post-2338","page","type-page","status-publish","hentry"],"acf":[],"_links":{"self":[{"href":"https:\/\/medicaltravel.net\/de\/wp-json\/wp\/v2\/pages\/2338","targetHints":{"allow":["GET"]}}],"collection":[{"href":"https:\/\/medicaltravel.net\/de\/wp-json\/wp\/v2\/pages"}],"about":[{"href":"https:\/\/medicaltravel.net\/de\/wp-json\/wp\/v2\/types\/page"}],"author":[{"embeddable":true,"href":"https:\/\/medicaltravel.net\/de\/wp-json\/wp\/v2\/users\/4"}],"replies":[{"embeddable":true,"href":"https:\/\/medicaltravel.net\/de\/wp-json\/wp\/v2\/comments?post=2338"}],"version-history":[{"count":1,"href":"https:\/\/medicaltravel.net\/de\/wp-json\/wp\/v2\/pages\/2338\/revisions"}],"predecessor-version":[{"id":2339,"href":"https:\/\/medicaltravel.net\/de\/wp-json\/wp\/v2\/pages\/2338\/revisions\/2339"}],"wp:attachment":[{"href":"https:\/\/medicaltravel.net\/de\/wp-json\/wp\/v2\/media?parent=2338"}],"curies":[{"name":"wp","href":"https:\/\/api.w.org\/{rel}","templated":true}]}}