{"id":2341,"date":"2025-09-29T09:43:46","date_gmt":"2025-09-29T08:43:46","guid":{"rendered":"https:\/\/medicaltravel.net\/sportmedizin\/"},"modified":"2026-01-09T21:40:32","modified_gmt":"2026-01-09T20:40:32","slug":"sportmedizin","status":"publish","type":"page","link":"https:\/\/medicaltravel.net\/de\/sportmedizin\/","title":{"rendered":"Sportmedizin"},"content":{"rendered":"\t\t<div data-elementor-type=\"wp-page\" data-elementor-id=\"2341\" class=\"elementor elementor-2341 elementor-79\" data-elementor-post-type=\"page\">\n\t\t\t\t<div class=\"elementor-element elementor-element-2a5a7475 e-flex e-con-boxed wpr-particle-no wpr-jarallax-no wpr-parallax-no wpr-sticky-section-no e-con e-parent\" data-id=\"2a5a7475\" data-element_type=\"container\" data-e-type=\"container\">\n\t\t\t\t\t<div class=\"e-con-inner\">\n\t\t\t\t<div class=\"elementor-element elementor-element-2adf7006 elementor-widget elementor-widget-text-editor\" data-id=\"2adf7006\" data-element_type=\"widget\" data-e-type=\"widget\" data-widget_type=\"text-editor.default\">\n\t\t\t\t\t\t\t\t\t\n<h3 class=\"wp-block-heading\">SPORTMEDIZIN<\/h3>\n\n\n\n<p>Die Ac\u0131badem Hospital Group bietet die h\u00f6chste Qualit\u00e4t medizinischer und chirurgischer Behandlung f\u00fcr sportbedingte Verletzungen in hochmodernen Einrichtungen, die von f\u00fchrenden Sportmedizinern und Forschern betreut werden.<\/p>\n\n\n\n<p>Durch exzellente Leistungen in Sportmedizin, Physiotherapie und Rehabilitation, orthop\u00e4discher Chirurgie, kardiopulmonaler Medizin, Trainingsphysiologie, angewandter Biomechanik und Schmerzwissenschaft erf\u00fcllt die Ac\u0131badem Klinik f\u00fcr Orthop\u00e4die und Sportmedizin die Bed\u00fcrfnisse nationaler und internationaler Sportvereine und -verb\u00e4nde sowie von Amateur- und Profisportlern.<\/p>\n\n\n\n<p>Ac\u0131badem bietet ein vollst\u00e4ndiges Spektrum an Leistungen, von der Pr\u00e4vention und Behandlung von Verletzungen bis hin zur Leistungssteigerung. Die Klinik stellt klinische Unterst\u00fctzung, Fachwissen und Einrichtungen bereit, um das Trainings- und Wettkampfpotenzial von Amateur- und Profisportlern zu maximieren. Ma\u00dfgeschneiderte Trainings- und Bildungsprogramme umfassen Fitnessbewertungen sowie Unterst\u00fctzungsleistungen wie Ern\u00e4hrung und Di\u00e4tetik, Psychologie, Physiologie und k\u00f6rperliches Training. Zudem behandelt die Klinik Sportverletzungen und bietet Check-up-Dienste f\u00fcr Sportler an.   <\/p>\n\n\n\n<h3 class=\"wp-block-heading\">Fachgerechte Behandlung und Unterst\u00fctzung einer schnellen Genesung<\/h3>\n\n\n\n<p>Die von den Spezialisten der Ac\u0131badem Sportklinik durchgef\u00fchrten Behandlungsverfahren erm\u00f6glichen es den Sportlern, schneller in ihre berufliche Karriere zur\u00fcckzukehren.<\/p>\n\n\n\n<figure class=\"wp-block-image size-full\"><img fetchpriority=\"high\" decoding=\"async\" width=\"352\" height=\"490\" src=\"https:\/\/medicaltravel.net\/wp-content\/uploads\/2025\/09\/csm_219_8e13cec656.jpg\" alt=\"\" class=\"wp-image-236\" srcset=\"https:\/\/medicaltravel.net\/wp-content\/uploads\/2025\/09\/csm_219_8e13cec656.jpg 352w, https:\/\/medicaltravel.net\/wp-content\/uploads\/2025\/09\/csm_219_8e13cec656-216x300.jpg 216w\" sizes=\"(max-width: 352px) 100vw, 352px\" \/><\/figure>\n\n\n\n<p id=\"caption-attachment-414\">Das Sportmedizinische Zentrum des Ac\u0131badem Fulya Krankenhauses bietet ein vollst\u00e4ndiges Spektrum evidenzbasierter Diagnose- und Behandlungsleistungen in den Bereichen Sportmedizin und -chirurgie nach internationalen Standards.<\/p>\n\n\n\n<h3 class=\"wp-block-heading\">Sports Medicine<\/h3>\n\n\n\n<p>Die Sportmedizin-Abteilung wird von zwei Sportmedizinern und einem Trainingsphysiologen betreut. Die \u00c4rzte verf\u00fcgen \u00fcber Erfahrung als Berater und Mannschafts\u00e4rzte der t\u00fcrkischen Fu\u00dfballnationalmannschaft sowie f\u00fchrender Fu\u00dfballvereine. Sie haben au\u00dferdem als Berater und Mannschafts\u00e4rzte f\u00fcr andere Sportarten wie Basketball, Volleyball, Handball, Ringen, Rudern und Tennis gearbeitet. Die von unserem Sportmedizin-Team angebotenen Leistungen sind wie folgt:   <\/p>\n\n\n\n<p>Die Durchf\u00fchrung der medizinischen Untersuchungen von Fu\u00dfballspielern, die Durchf\u00fchrung von Leistungstests und bei Bedarf die \u00dcberweisung der Patienten an die entsprechenden Fach\u00e4rzte f\u00fcr weiterf\u00fchrende Untersuchungen.<\/p>\n\n\n\n<p>Die Bestimmung der Anf\u00e4lligkeit f\u00fcr Sportverletzungen durch Bewegungsanalysen in Zusammenarbeit mit Spezialisten f\u00fcr angewandte Biomechanik. Die Diagnose von Verletzungen und Erkrankungen erfolgt in Kooperation und Absprache mit anderen medizinischen Fach\u00e4rzten. <\/p>\n\n\n\n<p>Die Durchf\u00fchrung von Rehabilitationsprogrammen nach Verletzungen oder Erkrankungen und die Gew\u00e4hrleistung einer sicheren R\u00fcckkehr zum Sport bei maximaler Leistungsf\u00e4higkeit<\/p>\n\n\n\n<p>Die \u00dcberwachung der Leistung von Sportlern durch Trainingsphysiologen, Trainer und Betreuer sowie die Unterst\u00fctzung der Athleten bei der Erreichung ihrer maximalen Leistungsf\u00e4higkeit<\/p>\n\n\n\n<p>Die Aufkl\u00e4rung der Spieler \u00fcber gesundheitsbezogene Risiken von Doping und Anti-Doping-Ma\u00dfnahmen<\/p>\n\n\n\n<p>estellung ma\u00dfgeschneiderter trainingsprogramme gegen fettleibigkeit und einen sitzenden lebensstil<\/p>\n\n\n\n<h3 class=\"wp-block-heading\">Trainingsphysiologie<\/h3>\n\n\n\n<p>Die Disziplin der Trainingsphysiologie richtet sich haupts\u00e4chlich an vier verschiedene Gruppen von Patienten und Besuchern: Die erste Gruppe besteht aus gesunden Sportlern, die pr\u00e4ventive oder leistungsorientierte Leistungen wie Leistungsbewertung, Belastungstests, Trainingspl\u00e4ne, Beratung usw. erhalten. Die zweite Gruppe besteht aus Amateur- oder Profisportlern, die sich nach einer Verletzung oder Operation auf die R\u00fcckkehr zum Sport vorbereiten. Die dritte Patientengruppe umfasst Personen mit sitzendem Lebensstil oder solche, die Freizeitsport betreiben, und die diagnostische und funktionelle Leistungspr\u00fcfungen sowie Dienstleistungen in der Trainingsplanung erhalten. Die letzte Gruppe besteht aus Patienten mit chronischen Erkrankungen oder Zust\u00e4nden wie Bluthochdruck, metabolischem Syndrom, Diabetes oder Fettleibigkeit.   <\/p>\n\n\n\n<h3 class=\"wp-block-heading\">Kardiopulmonale Medizin<\/h3>\n\n\n\n<p>In der Ac\u0131badem Hospitals Group werden Echokardiographie, Belastungstests, Rhythmuslaborleistungen sowie nicht-invasive Untersuchungen wie die ambulante Blutdruck\u00fcberwachung durchgef\u00fchrt. Ebenso werden Interventionen wie Angiographie, Katheterisierung, kardiale Elektrophysiologie und Ablation angeboten. F\u00fcr Fu\u00dfballspieler bietet Ac\u0131badem aus kardiologischer Sicht folgende Leistungen an: <\/p>\n\n\n\n<ul class=\"wp-block-list\">\n<li>Vorsaison-Screening und medizinische Beratungen vor, w\u00e4hrend und nach der Spielsaison<\/li>\n\n\n\n<li>Eine umfassende medizinische Behandlung identifizierter Probleme<\/li>\n\n\n\n<li>Die Untersuchung von Patienten mit chronischen Erkrankungen, die Sport treiben m\u00f6chten; die Risikobewertung, Trainingsplanung und Festlegung der \u00dcbungsintensit\u00e4t f\u00fcr diese Personen durch Sportmediziner und einen Trainingsphysiologen<\/li>\n<\/ul>\n\n\n\n<h3 class=\"wp-block-heading\">Physikalische Medizin und Rehabilitation<\/h3>\n\n\n\n<p>Mit 1.000 m\u00b2 Innen- und 350 m\u00b2 Au\u00dfenfl\u00e4che ist die Abteilung f\u00fcr Physikalische Medizin und Rehabilitation (PM&amp;R) darauf ausgelegt, jede Art von Sportverletzung oder Gesundheitsproblem von der Diagnose bis zur R\u00fcckkehr des Sportlers ins Spiel zu betreuen. Das PM&amp;R-Team ist f\u00fcr die umfassende medizinische Bewertung aller Sportler verantwortlich. Zusammen mit Orthop\u00e4den, Sportmedizinern und Physiotherapeuten arbeitet es darauf hin, dass die Spieler so schnell wie m\u00f6glich und in bestm\u00f6glichem medizinischen und physischen Zustand wieder einsatzbereit sind.  <\/p>\n\n\n\n<h3 class=\"wp-block-heading\">Physiotherapie<\/h3>\n\n\n\n<p>Das Team der Physiotherapeuten in der Ac\u0131badem Sportklinik ist in allen Bereichen der Sportrehabilitation, mit speziellem Fokus auf Fu\u00dfball, sehr erfahren und verf\u00fcgt \u00fcber zus\u00e4tzliche Qualifikationen in Osteopathie, Manueller Therapie und Trainingsphysiologie. Die siebzehn Behandlungsboxen in zwei der Hauptbereiche der Abteilung erm\u00f6glichen alle Arten von Behandlungen \u00fcber ein sehr breites Spektrum der Physiotherapie. Die Physiotherapie-Abteilung ist mit einem Rehabilitations- und Trainingsbecken ausgestattet, das Zubeh\u00f6r wie Hydro-Massage und Infinity-Pool, ein Laufband mit individuell einstellbarer Schwerkraftkontrolle, ein isokinetisches System, Systeme zur Balancebewertung und -verbesserung, ESWT-Behandlungen und viele weitere Modalit\u00e4ten umfasst. Das von der FIFA empfohlene 36 mal 8 Meter gro\u00dfe Kunstrasenfeld und die 40 mal 1,65 Meter gro\u00dfe Laufbahn werden sowohl von Fu\u00dfballspielern als auch von anderen Sportlern in den Phasen der Regeneration und Rehabilitation genutzt.   <\/p>\n\n\n\n<h3 class=\"wp-block-heading\">Angewandte Biomechanik<\/h3>\n\n\n\n<p>Die Abteilung f\u00fcr Angewandte Biomechanik verwendet Hochgeschwindigkeitskameras und Bewegungsanalysesysteme, die eine wissenschaftliche Bewertung von Geh- und anderen sportlichen Bewegungsf\u00e4higkeiten, -mustern und -fertigkeiten erm\u00f6glichen. Diese werden nicht nur von Sportlern, sondern auch von Patienten mit vielf\u00e4ltigen orthop\u00e4dischen und neurologischen Erkrankungen genutzt. Als Ergebnis dieser Analysen:  <\/p>\n\n\n\n<ul class=\"wp-block-list\">\n<li>Die Kinematik und Biomechanik des betroffenen Sportlers k\u00f6nnen untersucht und diagnostiziert werden, was zu einem pr\u00e4ziseren Behandlungsplan f\u00fchrt, der entsprechend erstellt wird.<\/li>\n\n\n\n<li>Die Sportler k\u00f6nnen regelm\u00e4\u00dfig \u00fcberwacht und bewertet werden, wodurch verletzungsgef\u00e4hrdete Athleten identifiziert und die erforderlichen pr\u00e4ventiven Ma\u00dfnahmen ergriffen werden k\u00f6nnen.<\/li>\n\n\n\n<li>Den Sportlern k\u00f6nnen auf Basis der aus der Analyse gewonnenen Daten die erforderlichen \u00dcbungen und dynamischen Orthesen verordnet werden. Die Daten k\u00f6nnen zudem f\u00fcr wissenschaftliche Forschung und Analysen genutzt werden. <\/li>\n\n\n\n<li>Die Abteilung bietet spezielle Erfahrung und Fachkenntnis in der Bewertung von Geh- und Laufbewegungen sowie im Einsatz von Korrekturmaterialien wie Einlagen zur Behebung identifizierter Probleme.<\/li>\n<\/ul>\n\n\n\n<h3 class=\"wp-block-heading\">Schmerzwissenschaft<\/h3>\n\n\n\n<p>Die Abteilung f\u00fcr Schmerzwissenschaft (Algologie) unterst\u00fctzt die Behandlung von Fu\u00dfballspielern durch kontinuierliche Nervenblockaden, epidurale Interventionen, symptomatische Blockaden, intra-diskale und intervertebrale Anwendungen sowie neuro-ablative und neuromodulative Techniken. Die Klinik verf\u00fcgt \u00fcber alle notwendigen Ger\u00e4te und Infrastrukturen f\u00fcr die Schmerzwissenschaft: einen Interventionsraum, Stimulationsger\u00e4te, einen L\u00e4sionsgenerator, Kryotherapie, einen Ozon-Generator, Endoskope sowie einen rund um die Uhr besetzten Operationssaal. Sowohl sportlich aktive als auch sitzende Patienten, die die Abteilung f\u00fcr Schmerzwissenschaft aufsuchen, leiden in der Regel aufgrund von Wirbels\u00e4ulenproblemen unter Nacken- und R\u00fcckenschmerzen.  <\/p>\n\n\n\n<h3 class=\"wp-block-heading\">Ern\u00e4hrungswissenschaft und Di\u00e4tetik<\/h3>\n\n\n\n<p>Die Klinik verf\u00fcgt \u00fcber eine festangestellte Di\u00e4tassistentin, die Patienten sowie Amateur- und Profisportler jeden Alters, aller Sportarten und beider Geschlechter unterst\u00fctzt und ber\u00e4t. Die Di\u00e4tassistentin bewertet die t\u00e4gliche Ern\u00e4hrung der Patienten und gibt bei Bedarf Empfehlungen. Sie ber\u00e4t au\u00dferdem Sportler, die Gewichtskontrolle ben\u00f6tigen, und entwickelt Strategien f\u00fcr ergogene\/nutritionelle Supplementierung, um eine optimale Leistungsf\u00e4higkeit zu erreichen. Das angebotene Fachwissen umfasst allgemeine Ern\u00e4hrungsplanung, Beratung zu Gewichtsreduktion, Gewichtszunahme oder -erhaltung, die \u00dcberwachung und Bewertung der K\u00f6rperzusammensetzung, Hydration und des Elektrolytgleichgewichts, die Planung und Optimierung der Ern\u00e4hrung vor, w\u00e4hrend und nach Training, Wettkampf und Regeneration sowie die Aufkl\u00e4rung \u00fcber die sinnvolle Nutzung von Nahrungserg\u00e4nzungsmitteln, die Gefahren von Doping und Anti-Doping-Themen.   <\/p>\n\n\n\n<h3 class=\"wp-block-heading\">Psychologie<\/h3>\n\n\n\n<p>Die Klinik verf\u00fcgt zudem \u00fcber eine festangestellte Psychologin, die Athleten psychologische Unterst\u00fctzung, Beratung und erg\u00e4nzende psychologische Leistungen bietet, haupts\u00e4chlich vor und nach Operationen oder zur Leistungssteigerung nicht verletzter Sportler. Die Patient:innen- und Besuchergruppe umfasst Amateur- und Profisportler jeden Alters, beider Geschlechter und aller Sportarten. <\/p>\n\n\n\n<p>Sie k\u00f6nnen sich auch <a href=\"https:\/\/www.youtube.com\/watch?v=zKXVQGCgogk&amp;feature=youtu.be\" target=\"_blank\" rel=\"noreferrer noopener\">hier<\/a> &nbsp; <strong>DAS ERSTE UND EINZIGE VON DER FIFA AKKREDITIERTE MEDIZINISCHE ZENTRUM F\u00dcR EXZELLENZ IN DER SPORTMEDIZIN IN DER T\u00dcRKEI &nbsp;<\/strong> ansehen<\/p>\n\t\t\t\t\t\t\t\t<\/div>\n\t\t\t\t\t<\/div>\n\t\t\t\t<\/div>\n\t\t\t\t<\/div>\n\t\t","protected":false},"excerpt":{"rendered":"<p>SPORTMEDIZIN Die Ac\u0131badem Hospital Group bietet die h\u00f6chste Qualit\u00e4t medizinischer und chirurgischer Behandlung f\u00fcr sportbedingte Verletzungen in hochmodernen Einrichtungen, die von f\u00fchrenden Sportmedizinern und Forschern betreut werden. Durch exzellente Leistungen in Sportmedizin, Physiotherapie und Rehabilitation, orthop\u00e4discher Chirurgie, kardiopulmonaler Medizin, Trainingsphysiologie, angewandter Biomechanik und Schmerzwissenschaft erf\u00fcllt die Ac\u0131badem Klinik f\u00fcr Orthop\u00e4die und Sportmedizin die Bed\u00fcrfnisse nationaler und internationaler Sportvereine und -verb\u00e4nde sowie von Amateur- und Profisportlern. Ac\u0131badem bietet ein vollst\u00e4ndiges Spektrum an Leistungen, von der Pr\u00e4vention und Behandlung von Verletzungen bis hin zur Leistungssteigerung. Die Klinik stellt klinische Unterst\u00fctzung, Fachwissen und Einrichtungen bereit, um das Trainings- und Wettkampfpotenzial von Amateur- und Profisportlern zu maximieren. Ma\u00dfgeschneiderte Trainings- und Bildungsprogramme umfassen Fitnessbewertungen sowie Unterst\u00fctzungsleistungen wie Ern\u00e4hrung und Di\u00e4tetik, Psychologie, Physiologie und k\u00f6rperliches Training. Zudem behandelt die Klinik Sportverletzungen und bietet Check-up-Dienste f\u00fcr Sportler an. Fachgerechte Behandlung und Unterst\u00fctzung einer schnellen Genesung Die von den Spezialisten der Ac\u0131badem Sportklinik durchgef\u00fchrten Behandlungsverfahren erm\u00f6glichen es den Sportlern, schneller in ihre berufliche Karriere zur\u00fcckzukehren. Das Sportmedizinische Zentrum des Ac\u0131badem Fulya Krankenhauses bietet ein vollst\u00e4ndiges Spektrum evidenzbasierter Diagnose- und Behandlungsleistungen in den Bereichen Sportmedizin und -chirurgie nach internationalen Standards. Sports Medicine Die Sportmedizin-Abteilung wird von zwei Sportmedizinern und einem Trainingsphysiologen betreut. Die \u00c4rzte verf\u00fcgen \u00fcber Erfahrung als Berater und Mannschafts\u00e4rzte der t\u00fcrkischen Fu\u00dfballnationalmannschaft sowie f\u00fchrender Fu\u00dfballvereine. Sie haben au\u00dferdem als Berater und Mannschafts\u00e4rzte f\u00fcr andere Sportarten wie Basketball, Volleyball, Handball, Ringen, Rudern und Tennis gearbeitet. Die von unserem Sportmedizin-Team angebotenen Leistungen sind wie folgt: Die Durchf\u00fchrung der medizinischen Untersuchungen von Fu\u00dfballspielern, die Durchf\u00fchrung von Leistungstests und bei Bedarf die \u00dcberweisung der Patienten an die entsprechenden Fach\u00e4rzte f\u00fcr weiterf\u00fchrende Untersuchungen. Die Bestimmung der Anf\u00e4lligkeit f\u00fcr Sportverletzungen durch Bewegungsanalysen in Zusammenarbeit mit Spezialisten f\u00fcr angewandte Biomechanik. Die Diagnose von Verletzungen und Erkrankungen erfolgt in Kooperation und Absprache mit anderen medizinischen Fach\u00e4rzten. Die Durchf\u00fchrung von Rehabilitationsprogrammen nach Verletzungen oder Erkrankungen und die Gew\u00e4hrleistung einer sicheren R\u00fcckkehr zum Sport bei maximaler Leistungsf\u00e4higkeit Die \u00dcberwachung der Leistung von Sportlern durch Trainingsphysiologen, Trainer und Betreuer sowie die Unterst\u00fctzung der Athleten bei der Erreichung ihrer maximalen Leistungsf\u00e4higkeit Die Aufkl\u00e4rung der Spieler \u00fcber gesundheitsbezogene Risiken von Doping und Anti-Doping-Ma\u00dfnahmen estellung ma\u00dfgeschneiderter trainingsprogramme gegen fettleibigkeit und einen sitzenden lebensstil Trainingsphysiologie Die Disziplin der Trainingsphysiologie richtet sich haupts\u00e4chlich an vier verschiedene Gruppen von Patienten und Besuchern: Die erste Gruppe besteht aus gesunden Sportlern, die pr\u00e4ventive oder leistungsorientierte Leistungen wie Leistungsbewertung, Belastungstests, Trainingspl\u00e4ne, Beratung usw. erhalten. Die zweite Gruppe besteht aus Amateur- oder Profisportlern, die sich nach einer Verletzung oder Operation auf die R\u00fcckkehr zum Sport vorbereiten. Die dritte Patientengruppe umfasst Personen mit sitzendem Lebensstil oder solche, die Freizeitsport betreiben, und die diagnostische und funktionelle Leistungspr\u00fcfungen sowie Dienstleistungen in der Trainingsplanung erhalten. Die letzte Gruppe besteht aus Patienten mit chronischen Erkrankungen oder Zust\u00e4nden wie Bluthochdruck, metabolischem Syndrom, Diabetes oder Fettleibigkeit. Kardiopulmonale Medizin In der Ac\u0131badem Hospitals Group werden Echokardiographie, Belastungstests, Rhythmuslaborleistungen sowie nicht-invasive Untersuchungen wie die ambulante Blutdruck\u00fcberwachung durchgef\u00fchrt. Ebenso werden Interventionen wie Angiographie, Katheterisierung, kardiale Elektrophysiologie und Ablation angeboten. F\u00fcr Fu\u00dfballspieler bietet Ac\u0131badem aus kardiologischer Sicht folgende Leistungen an: Vorsaison-Screening und medizinische Beratungen vor, w\u00e4hrend und nach der Spielsaison Eine umfassende medizinische Behandlung identifizierter Probleme Die Untersuchung von Patienten mit chronischen Erkrankungen, die Sport treiben m\u00f6chten; die Risikobewertung, Trainingsplanung und Festlegung der \u00dcbungsintensit\u00e4t f\u00fcr diese Personen durch Sportmediziner und einen Trainingsphysiologen Physikalische Medizin und Rehabilitation Mit 1.000 m\u00b2 Innen- und 350 m\u00b2 Au\u00dfenfl\u00e4che ist die Abteilung f\u00fcr Physikalische Medizin und Rehabilitation (PM&amp;R) darauf ausgelegt, jede Art von Sportverletzung oder Gesundheitsproblem von der Diagnose bis zur R\u00fcckkehr des Sportlers ins Spiel zu betreuen. Das PM&amp;R-Team ist f\u00fcr die umfassende medizinische Bewertung aller Sportler verantwortlich. Zusammen mit Orthop\u00e4den, Sportmedizinern und Physiotherapeuten arbeitet es darauf hin, dass die Spieler so schnell wie m\u00f6glich und in bestm\u00f6glichem medizinischen und physischen Zustand wieder einsatzbereit sind. Physiotherapie Das Team der Physiotherapeuten in der Ac\u0131badem Sportklinik ist in allen Bereichen der Sportrehabilitation, mit speziellem Fokus auf Fu\u00dfball, sehr erfahren und verf\u00fcgt \u00fcber zus\u00e4tzliche Qualifikationen in Osteopathie, Manueller Therapie und Trainingsphysiologie. Die siebzehn Behandlungsboxen in zwei der Hauptbereiche der Abteilung erm\u00f6glichen alle Arten von Behandlungen \u00fcber ein sehr breites Spektrum der Physiotherapie. Die Physiotherapie-Abteilung ist mit einem Rehabilitations- und Trainingsbecken ausgestattet, das Zubeh\u00f6r wie Hydro-Massage und Infinity-Pool, ein Laufband mit individuell einstellbarer Schwerkraftkontrolle, ein isokinetisches System, Systeme zur Balancebewertung und -verbesserung, ESWT-Behandlungen und viele weitere Modalit\u00e4ten umfasst. Das von der FIFA empfohlene 36 mal 8 Meter gro\u00dfe Kunstrasenfeld und die 40 mal 1,65 Meter gro\u00dfe Laufbahn werden sowohl von Fu\u00dfballspielern als auch von anderen Sportlern in den Phasen der Regeneration und Rehabilitation genutzt. Angewandte Biomechanik Die Abteilung f\u00fcr Angewandte Biomechanik verwendet Hochgeschwindigkeitskameras und Bewegungsanalysesysteme, die eine wissenschaftliche Bewertung von Geh- und anderen sportlichen Bewegungsf\u00e4higkeiten, -mustern und -fertigkeiten erm\u00f6glichen. Diese werden nicht nur von Sportlern, sondern auch von Patienten mit vielf\u00e4ltigen orthop\u00e4dischen und neurologischen Erkrankungen genutzt. Als Ergebnis dieser Analysen: Die Kinematik und Biomechanik des betroffenen Sportlers k\u00f6nnen untersucht und diagnostiziert werden, was zu einem pr\u00e4ziseren Behandlungsplan f\u00fchrt, der entsprechend erstellt wird. Die Sportler k\u00f6nnen regelm\u00e4\u00dfig \u00fcberwacht und bewertet werden, wodurch verletzungsgef\u00e4hrdete Athleten identifiziert und die erforderlichen pr\u00e4ventiven Ma\u00dfnahmen ergriffen werden k\u00f6nnen. Den Sportlern k\u00f6nnen auf Basis der aus der Analyse gewonnenen Daten die erforderlichen \u00dcbungen und dynamischen Orthesen verordnet werden. Die Daten k\u00f6nnen zudem f\u00fcr wissenschaftliche Forschung und Analysen genutzt werden. Die Abteilung bietet spezielle Erfahrung und Fachkenntnis in der Bewertung von Geh- und Laufbewegungen sowie im Einsatz von Korrekturmaterialien wie Einlagen zur Behebung identifizierter Probleme. Schmerzwissenschaft Die Abteilung f\u00fcr Schmerzwissenschaft (Algologie) unterst\u00fctzt die Behandlung von Fu\u00dfballspielern durch kontinuierliche Nervenblockaden, epidurale Interventionen, symptomatische Blockaden, intra-diskale und intervertebrale Anwendungen sowie neuro-ablative und neuromodulative Techniken. Die Klinik verf\u00fcgt \u00fcber alle notwendigen Ger\u00e4te und Infrastrukturen f\u00fcr die Schmerzwissenschaft: einen Interventionsraum, Stimulationsger\u00e4te, einen L\u00e4sionsgenerator, Kryotherapie, einen Ozon-Generator, Endoskope sowie einen rund um die Uhr besetzten Operationssaal. Sowohl sportlich aktive als auch sitzende Patienten, die die Abteilung f\u00fcr Schmerzwissenschaft aufsuchen, leiden in der Regel aufgrund von Wirbels\u00e4ulenproblemen unter Nacken- und R\u00fcckenschmerzen. Ern\u00e4hrungswissenschaft und Di\u00e4tetik Die Klinik verf\u00fcgt \u00fcber eine festangestellte Di\u00e4tassistentin, die Patienten sowie Amateur- und Profisportler jeden Alters, aller Sportarten und beider Geschlechter unterst\u00fctzt und ber\u00e4t. Die Di\u00e4tassistentin bewertet die t\u00e4gliche Ern\u00e4hrung der Patienten und gibt bei Bedarf Empfehlungen.<\/p>\n","protected":false},"author":4,"featured_media":0,"parent":0,"menu_order":0,"comment_status":"closed","ping_status":"closed","template":"","meta":{"_joinchat":[],"footnotes":""},"class_list":["post-2341","page","type-page","status-publish","hentry"],"acf":[],"_links":{"self":[{"href":"https:\/\/medicaltravel.net\/de\/wp-json\/wp\/v2\/pages\/2341","targetHints":{"allow":["GET"]}}],"collection":[{"href":"https:\/\/medicaltravel.net\/de\/wp-json\/wp\/v2\/pages"}],"about":[{"href":"https:\/\/medicaltravel.net\/de\/wp-json\/wp\/v2\/types\/page"}],"author":[{"embeddable":true,"href":"https:\/\/medicaltravel.net\/de\/wp-json\/wp\/v2\/users\/4"}],"replies":[{"embeddable":true,"href":"https:\/\/medicaltravel.net\/de\/wp-json\/wp\/v2\/comments?post=2341"}],"version-history":[{"count":3,"href":"https:\/\/medicaltravel.net\/de\/wp-json\/wp\/v2\/pages\/2341\/revisions"}],"predecessor-version":[{"id":2344,"href":"https:\/\/medicaltravel.net\/de\/wp-json\/wp\/v2\/pages\/2341\/revisions\/2344"}],"wp:attachment":[{"href":"https:\/\/medicaltravel.net\/de\/wp-json\/wp\/v2\/media?parent=2341"}],"curies":[{"name":"wp","href":"https:\/\/api.w.org\/{rel}","templated":true}]}}