{"id":2349,"date":"2025-09-29T08:59:49","date_gmt":"2025-09-29T07:59:49","guid":{"rendered":"https:\/\/medicaltravel.net\/stammzellenbehandlungen-therapie-in-istanbul-tuerkei\/"},"modified":"2026-01-09T22:35:32","modified_gmt":"2026-01-09T21:35:32","slug":"stammzellenbehandlungen-therapie-in-istanbul-tuerkei","status":"publish","type":"page","link":"https:\/\/medicaltravel.net\/de\/stammzellenbehandlungen-therapie-in-istanbul-tuerkei\/","title":{"rendered":"Stammzellenbehandlungen Therapie in Istanbul T\u00fcrkei"},"content":{"rendered":"\t\t<div data-elementor-type=\"wp-page\" data-elementor-id=\"2349\" class=\"elementor elementor-2349 elementor-24\" data-elementor-post-type=\"page\">\n\t\t\t\t<div class=\"elementor-element elementor-element-4c57db4f e-flex e-con-boxed wpr-particle-no wpr-jarallax-no wpr-parallax-no wpr-sticky-section-no e-con e-parent\" data-id=\"4c57db4f\" data-element_type=\"container\" data-e-type=\"container\">\n\t\t\t\t\t<div class=\"e-con-inner\">\n\t\t\t\t<div class=\"elementor-element elementor-element-a6eaa61 elementor-widget elementor-widget-text-editor\" data-id=\"a6eaa61\" data-element_type=\"widget\" data-e-type=\"widget\" data-widget_type=\"text-editor.default\">\n\t\t\t\t\t\t\t\t\t<h3 class=\"wp-block-heading\">STAMMZELLENBEHANDLUNGEN IN ISTANBUL\u202f\u2013\u202fT\u00dcRKEI<\/h3>\n<p>Im Bereich der \u201eStammzellen\u201c, in dem derzeit erstaunliche Entwicklungen stattfinden und der auf dem Weg ist, eine der wichtigsten Behandlungsm\u00f6glichkeiten der modernen Medizin zu werden, bietet das \u201e<a href=\"https:\/\/medicaltravel.net\/de\/liv-hospital\/\" data-type=\"page\" data-id=\"105\">Liv Hospital<\/a> Regenerative Medicine Stem Cell Center\u201c Dienstleistungen an. Dort k\u00f6nnen personalisierte Zellen und Stammzellen f\u00fcr die Zelltherapie erstmals in der T\u00fcrkei unter internationalen Standards in Krankenhausbedingungen produziert werden.<\/p>\n<p>In dem Glauben an die Bedeutung interdisziplin\u00e4rer Zusammenarbeit in diesem Bereich, der institutionell alle medizinischen Fachrichtungen abdeckt, arbeitet das Krankenhaus mit Wissenschaftlern und \u00c4rzten zusammen, die in unserem Land wichtige Beitr\u00e4ge zur universellen Wissenschaft in diesem Bereich leisten. Ziel ist es, unseren Patienten in Zukunft Zell-Stammzellen-, Zell-Gewebe-Engineering-Produkte und zugelassene Behandlungsoptionen im Bereich der Gentherapie im Rahmen wissenschaftlicher und ethischer Richtlinien anzubieten.<\/p>\n<figure class=\"wp-block-image size-large\"><img fetchpriority=\"high\" decoding=\"async\" width=\"1024\" height=\"661\" class=\"wp-image-165\" src=\"https:\/\/medicaltravel.net\/wp-content\/uploads\/2025\/09\/Fotolia_139857590__Stem_cell_L_klein-1-1024x661.jpg\" alt=\"\" srcset=\"https:\/\/medicaltravel.net\/wp-content\/uploads\/2025\/09\/Fotolia_139857590__Stem_cell_L_klein-1-1024x661.jpg 1024w, https:\/\/medicaltravel.net\/wp-content\/uploads\/2025\/09\/Fotolia_139857590__Stem_cell_L_klein-1-300x194.jpg 300w, https:\/\/medicaltravel.net\/wp-content\/uploads\/2025\/09\/Fotolia_139857590__Stem_cell_L_klein-1-768x496.jpg 768w, https:\/\/medicaltravel.net\/wp-content\/uploads\/2025\/09\/Fotolia_139857590__Stem_cell_L_klein-1.jpg 1197w\" sizes=\"(max-width: 1024px) 100vw, 1024px\" \/>\n<figcaption class=\"wp-element-caption\">Biochemie- und pharmazeutisches Forschungskonzept Hintergrund 3D-Illustration<\/figcaption>\n<\/figure>\n<p id=\"caption-attachment-1769\">stammzellenbehandlung Istanbul T\u00fcrkei<\/p>\n<p><strong>WAS KANN VORWIEGEND MIT STAMMZELLENBEHANDLUNGEN BEHANDELT WERDEN?<\/strong><\/p>\n<ul class=\"wp-block-list\"><li>Periphere arterielle Erkrankungen (wie die Buerger-Krankheit)<\/li>\n<li><strong>Chronische kritische Gliedma\u00dfenisch\u00e4mien und Fu\u00dfgeschw\u00fcre<\/strong><\/li>\n<li>Knorpeldegenerationen<\/li>\n<li><strong>Behandlung von Weichteilverletzungen<\/strong><\/li>\n<li>Plastische Chirurgie Eingriffe, chirurgische Wundheilung<\/li>\n<li><strong>Rekonstruktive Operationen (Brustrekonstruktion)<\/strong><\/li>\n<li>Unterst\u00fctzende Behandlungen, die eine Immuntherapie erfordern (wie Graft-versus-Host-Erkrankung)<\/li>\n<li><strong>Sehnenreparatur<\/strong><\/li>\n<li>Narben- und Brandwundenbehandlung<\/li>\n<li><strong>Covid-19-Pneumonie<\/strong><\/li>\n<li>Idiopathische pulmonale Fibrose (IPF)<\/li>\n<li><strong>Chronisch obstruktive Lungenerkrankung<\/strong><\/li>\n<li>Erkrankung (COPD)<\/li>\n<li><strong>Diabetische Fu\u00dfverletzungen<\/strong><\/li>\n<li>Periphere arterielle Erkrankung<\/li>\n<li><strong>R\u00fcckenmarksverletzung<\/strong><\/li>\n<li>Zerebralparese (CP)<\/li>\n<li><strong>Sch\u00e4del-Hirn-Trauma (SHT)<\/strong><\/li>\n<li>Hypoxisch-isch\u00e4mische Enzephalopathie (HIE)<\/li>\n<li><strong>Spinocerebell\u00e4re Ataxie (SCA)<\/strong><\/li>\n<li>Friedreich-Ataxie (FA)<\/li>\n<li><strong>Duchenne-Muskeldystrophie (DMD)<\/strong><\/li>\n<li>Mukoviszidose (CF)<\/li>\n<li><strong>Behandlung isch\u00e4mischer Herzkrankheiten<\/strong><\/li>\n<li>Autoimmunenzephalitis (OE)<\/li>\n<li><strong>Miyoshi-Myopathie und Gliederg\u00fcrtel-Muskeldystrophie<\/strong><\/li>\n<li>Muskeldystrophie (LGMD)<\/li>\n<li><strong>Autismus-Spektrum-St\u00f6rung (ASD)<\/strong><\/li>\n<li>Multiple Sklerose (MS)<\/li>\n<li><strong>Schlaganfall<\/strong><\/li>\n<li>Angeborene progressive Myopathie<\/li>\n<li><strong>Optische Atrophie<\/strong><\/li>\n<li>Retinitis pigmentosa (RP)<\/li>\n<li><strong>Erektile Dysfunktion<\/strong><\/li>\n<li>Ovarielle Insuffizienz<\/li>\n<li><strong>Sklerodermie (Systemische Sklerose)<\/strong><\/li>\n<li>Morbus Crohn<\/li>\n<li><strong>Kurzdarmsyndrom<\/strong><\/li>\n<\/ul>\n<ul class=\"wp-block-list\"><li>Was sind Stammzellen?<\/li>\n<\/ul>\n<p>Zellen, die das Potenzial haben, sich in verschiedene Zelltypen zu verwandeln und sich selbst zu erneuern, werden \u201eStammzellen\u201c genannt. Stammzellen haben zwei wichtige Eigenschaften: Erstens k\u00f6nnen sich diese Zellen teilen, um sich \u00fcber lange Zeitr\u00e4ume selbst zu erneuern, Millionen von Zellen k\u00f6nnen aus einer einzigen Stammzelle entstehen. Zweitens kann eine Stammzelle nicht wie ihre Nachbarzellen arbeiten, um Blut durch den K\u00f6rper zu pumpen, wie Herzmuskelzellen, kann keinen Sauerstoff zu Geweben transportieren, wie rote Blutk\u00f6rperchen, oder die erforderlichen elektrochemischen Signale an Gewebe und Organe weiterleiten, wie Nervenzellen. Nicht-spezialisierte Stammzellen k\u00f6nnen jedoch aus spezialisierten Zellen wie Herzmuskelzellen, Blutzellen oder Nervenzellen entstehen.   <\/p>\n<ul class=\"wp-block-list\"><li>Woher stammen die Stammzellen?<\/li>\n<\/ul>\n<p>Obwohl Stammzellen theoretisch aus vielen Geweben und Organen gewonnen werden k\u00f6nnen, sind derzeit die am h\u00e4ufigsten genutzten Quellen f\u00fcr behandlungszwecke Stammzellanwendungen: Knochenmark, Nabelschnur, Gelenkfl\u00fcssigkeit oder -membran und Nabelschnur-Fettgewebe.<\/p>\n<ul class=\"wp-block-list\"><li>Wie werden Stammzellen in einer Laborumgebung hergestellt?<\/li>\n<\/ul>\n<p>Stammzellen werden im Labor unter Verwendung einer (autologen) Biopsieprobe hergestellt, die aus dem k\u00f6rpereigenen Gewebe des Patienten, das mit der Erkrankung zusammenh\u00e4ngt, entnommen wird. Zun\u00e4chst werden die relevanten Zellen aus dieser Biopsieprobe isoliert und durch kontinuierliche N\u00e4hrstoffversorgung sowie detaillierte Kontrollen unter geeigneten Bedingungen vermehrt. Eine weitere Methode ist die Herstellung von Zellen von einem anderen Spender (allogen), zum Beispiel aus der Nabelschnur eines Neugeborenen, durch Kultivierung und Vermehrung unter GMP-Bedingungen.  <\/p>\n<ul class=\"wp-block-list\"><li>Wie verbreitet ist die Stammzellenbehandlung bisher?<\/li>\n<\/ul>\n<p>Stammzellenbehandlungen werden weltweit seit etwa 20 Jahren erprobt, insbesondere in den letzten Jahren hat ihre Anwendung begonnen, sich zu verbreiten. Dennoch k\u00f6nnen solche Behandlungen nur mit zellul\u00e4ren Produkten durchgef\u00fchrt werden, die in lizenzierten und zertifizierten Zentren wie dem Liv Hospital in Istanbul hergestellt werden. <\/p>\n<ul class=\"wp-block-list\"><li>Wie sind die Altersgrenzen f\u00fcr Stammzellenbehandlungen?<\/li>\n<\/ul>\n<p>Stammzellenbehandlungen werden in der Regel nach dem Alter des Patienten, der Erkrankung und den klinischen Bedingungen bewertet. Es ist notwendig, alle Faktoren gemeinsam zu ber\u00fccksichtigen. <\/p>\n<ul class=\"wp-block-list\"><li>Wer ist der Arzt, der die Behandlungen anbietet?<\/li>\n<\/ul>\n<figure class=\"wp-block-image size-full\"><img decoding=\"async\" width=\"768\" height=\"768\" class=\"wp-image-166\" src=\"https:\/\/medicaltravel.net\/wp-content\/uploads\/2025\/09\/Prof_Dr_Erdal_Karaoz_Stemcell-768x768-1.jpeg\" alt=\"\" srcset=\"https:\/\/medicaltravel.net\/wp-content\/uploads\/2025\/09\/Prof_Dr_Erdal_Karaoz_Stemcell-768x768-1.jpeg 768w, https:\/\/medicaltravel.net\/wp-content\/uploads\/2025\/09\/Prof_Dr_Erdal_Karaoz_Stemcell-768x768-1-300x300.jpeg 300w, https:\/\/medicaltravel.net\/wp-content\/uploads\/2025\/09\/Prof_Dr_Erdal_Karaoz_Stemcell-768x768-1-150x150.jpeg 150w\" sizes=\"(max-width: 768px) 100vw, 768px\" \/><\/figure>\n<p id=\"caption-attachment-1774\">Prof. Dr. Erdal Kara\u00f6z<\/p>\n<p>Prof. Dr. Erdal Kara\u00f6z ist der Leiter der Stammzellenabteilung im <a href=\"https:\/\/medicaltravel.net\/de\/liv-hospital\/\" data-type=\"page\" data-id=\"105\">Liv Hospital<\/a> Ulus in Istanbul, T\u00fcrkei. Er ist der f\u00fchrende Arzt auf nationaler Ebene und geh\u00f6rt weltweit zu den Besten auf seinem Gebiet. Seinen Lebenslauf finden Sie <a href=\"https:\/\/medicaltravel.net\/wp-content\/uploads\/2025\/09\/Prof_Erdal_Karaoz_CV.pdf\" data-type=\"link\" data-id=\"https:\/\/medicaltravel.net\/wp-content\/uploads\/2025\/09\/Prof_Erdal_Karaoz_CV.pdf\">hier.<\/a>  <\/p>\n<ul class=\"wp-block-list\"><li>Wie lange dauert es, Stammzellen herzustellen?<\/li>\n<\/ul>\n<p>Die Produktionszeiten variieren je nach Gewebe, aus dem die Stammzellen gewonnen werden, und nach dem Verarbeitungsverfahren. Es kann bis zu 4\u20136 Wochen dauern, bis die Stammzellen aus einer Biopsieprobe eines Gewebes isoliert, kultiviert und in der erforderlichen Anzahl vermehrt und f\u00fcr die Transplantation bereit sind. Normalerweise erfolgen zwei Injektionen, dazwischen etwa zwei Wochen Abstand.  <\/p>\n<ul class=\"wp-block-list\"><li>Was sind die Kosten f\u00fcr Stammzellenbehandlungen?<\/li>\n<\/ul>\n<p>Es h\u00e4ngt nat\u00fcrlich davon ab, welche Behandlung und unter welchen Bedingungen sie durchgef\u00fchrt wird. Der Preis wird f\u00fcr jeden Fall individuell festgelegt. Stammzellenbehandlungen in Istanbul kosten ungef\u00e4hr zwischen 5.000 und 30.000 Euro. Alle Preise k\u00f6nnen ohne vorherige Ank\u00fcndigung ge\u00e4ndert werden.   <\/p>\n<ul class=\"wp-block-list\"><li>Was m\u00fcssen Sie f\u00fcr eine kostenlose Beratung einsenden? \u2013 Diagnose Ihres \u00f6rtlichen Arztes, detaillierte Informationen zur medizinischen Vorgeschichte und zu Medikamenten<br>\u2013 Falls vorhanden, virtuelle Befunde wie MRT, PET, CT-Scans usw.<br>\u2013 Falls erforderlich, ein Patienten-Video <strong>KONTAKTIEREN SIE UNS JETZT F\u00dcR EINE KOSTENLOSE BERATUNG<\/strong><br>Kontaktieren Sie uns jetzt f\u00fcr Ihre kostenlose Beratung per <a href=\"mailto:info@medicaltravel.net\">E-Mail<\/a>, <a href=\"https:\/\/medicaltravel.net\/de\/kontakt\/\" data-type=\"page\" data-id=\"168\">hier<\/a> oder \u00fcber <a href=\"https:\/\/wa.me\/41787373541\" target=\"_blank\" rel=\"noreferrer noopener\">WhatsApp.<\/a><\/li>\n<\/ul>\n<p>&nbsp;<\/p>\t\t\t\t\t\t\t\t<\/div>\n\t\t\t\t\t<\/div>\n\t\t\t\t<\/div>\n\t\t\t\t<\/div>\n\t\t","protected":false},"excerpt":{"rendered":"<p>STAMMZELLENBEHANDLUNGEN IN ISTANBUL\u202f\u2013\u202fT\u00dcRKEI Im Bereich der \u201eStammzellen\u201c, in dem derzeit erstaunliche Entwicklungen stattfinden und der auf dem Weg ist, eine der wichtigsten Behandlungsm\u00f6glichkeiten der modernen Medizin zu werden, bietet das \u201eLiv Hospital Regenerative Medicine Stem Cell Center\u201c Dienstleistungen an. Dort k\u00f6nnen personalisierte Zellen und Stammzellen f\u00fcr die Zelltherapie erstmals in der T\u00fcrkei unter internationalen Standards in Krankenhausbedingungen produziert werden. In dem Glauben an die Bedeutung interdisziplin\u00e4rer Zusammenarbeit in diesem Bereich, der institutionell alle medizinischen Fachrichtungen abdeckt, arbeitet das Krankenhaus mit Wissenschaftlern und \u00c4rzten zusammen, die in unserem Land wichtige Beitr\u00e4ge zur universellen Wissenschaft in diesem Bereich leisten. Ziel ist es, unseren Patienten in Zukunft Zell-Stammzellen-, Zell-Gewebe-Engineering-Produkte und zugelassene Behandlungsoptionen im Bereich der Gentherapie im Rahmen wissenschaftlicher und ethischer Richtlinien anzubieten. Biochemie- und pharmazeutisches Forschungskonzept Hintergrund 3D-Illustration stammzellenbehandlung Istanbul T\u00fcrkei WAS KANN VORWIEGEND MIT STAMMZELLENBEHANDLUNGEN BEHANDELT WERDEN? Periphere arterielle Erkrankungen (wie die Buerger-Krankheit) Chronische kritische Gliedma\u00dfenisch\u00e4mien und Fu\u00dfgeschw\u00fcre Knorpeldegenerationen Behandlung von Weichteilverletzungen Plastische Chirurgie Eingriffe, chirurgische Wundheilung Rekonstruktive Operationen (Brustrekonstruktion) Unterst\u00fctzende Behandlungen, die eine Immuntherapie erfordern (wie Graft-versus-Host-Erkrankung) Sehnenreparatur Narben- und Brandwundenbehandlung Covid-19-Pneumonie Idiopathische pulmonale Fibrose (IPF) Chronisch obstruktive Lungenerkrankung Erkrankung (COPD) Diabetische Fu\u00dfverletzungen Periphere arterielle Erkrankung R\u00fcckenmarksverletzung Zerebralparese (CP) Sch\u00e4del-Hirn-Trauma (SHT) Hypoxisch-isch\u00e4mische Enzephalopathie (HIE) Spinocerebell\u00e4re Ataxie (SCA) Friedreich-Ataxie (FA) Duchenne-Muskeldystrophie (DMD) Mukoviszidose (CF) Behandlung isch\u00e4mischer Herzkrankheiten Autoimmunenzephalitis (OE) Miyoshi-Myopathie und Gliederg\u00fcrtel-Muskeldystrophie Muskeldystrophie (LGMD) Autismus-Spektrum-St\u00f6rung (ASD) Multiple Sklerose (MS) Schlaganfall Angeborene progressive Myopathie Optische Atrophie Retinitis pigmentosa (RP) Erektile Dysfunktion Ovarielle Insuffizienz Sklerodermie (Systemische Sklerose) Morbus Crohn Kurzdarmsyndrom Was sind Stammzellen? Zellen, die das Potenzial haben, sich in verschiedene Zelltypen zu verwandeln und sich selbst zu erneuern, werden \u201eStammzellen\u201c genannt. Stammzellen haben zwei wichtige Eigenschaften: Erstens k\u00f6nnen sich diese Zellen teilen, um sich \u00fcber lange Zeitr\u00e4ume selbst zu erneuern, Millionen von Zellen k\u00f6nnen aus einer einzigen Stammzelle entstehen. Zweitens kann eine Stammzelle nicht wie ihre Nachbarzellen arbeiten, um Blut durch den K\u00f6rper zu pumpen, wie Herzmuskelzellen, kann keinen Sauerstoff zu Geweben transportieren, wie rote Blutk\u00f6rperchen, oder die erforderlichen elektrochemischen Signale an Gewebe und Organe weiterleiten, wie Nervenzellen. Nicht-spezialisierte Stammzellen k\u00f6nnen jedoch aus spezialisierten Zellen wie Herzmuskelzellen, Blutzellen oder Nervenzellen entstehen. Woher stammen die Stammzellen? Obwohl Stammzellen theoretisch aus vielen Geweben und Organen gewonnen werden k\u00f6nnen, sind derzeit die am h\u00e4ufigsten genutzten Quellen f\u00fcr behandlungszwecke Stammzellanwendungen: Knochenmark, Nabelschnur, Gelenkfl\u00fcssigkeit oder -membran und Nabelschnur-Fettgewebe. Wie werden Stammzellen in einer Laborumgebung hergestellt? Stammzellen werden im Labor unter Verwendung einer (autologen) Biopsieprobe hergestellt, die aus dem k\u00f6rpereigenen Gewebe des Patienten, das mit der Erkrankung zusammenh\u00e4ngt, entnommen wird. Zun\u00e4chst werden die relevanten Zellen aus dieser Biopsieprobe isoliert und durch kontinuierliche N\u00e4hrstoffversorgung sowie detaillierte Kontrollen unter geeigneten Bedingungen vermehrt. Eine weitere Methode ist die Herstellung von Zellen von einem anderen Spender (allogen), zum Beispiel aus der Nabelschnur eines Neugeborenen, durch Kultivierung und Vermehrung unter GMP-Bedingungen. Wie verbreitet ist die Stammzellenbehandlung bisher? Stammzellenbehandlungen werden weltweit seit etwa 20 Jahren erprobt, insbesondere in den letzten Jahren hat ihre Anwendung begonnen, sich zu verbreiten. Dennoch k\u00f6nnen solche Behandlungen nur mit zellul\u00e4ren Produkten durchgef\u00fchrt werden, die in lizenzierten und zertifizierten Zentren wie dem Liv Hospital in Istanbul hergestellt werden. Wie sind die Altersgrenzen f\u00fcr Stammzellenbehandlungen? Stammzellenbehandlungen werden in der Regel nach dem Alter des Patienten, der Erkrankung und den klinischen Bedingungen bewertet. Es ist notwendig, alle Faktoren gemeinsam zu ber\u00fccksichtigen. Wer ist der Arzt, der die Behandlungen anbietet? Prof. Dr. Erdal Kara\u00f6z Prof. Dr. Erdal Kara\u00f6z ist der Leiter der Stammzellenabteilung im Liv Hospital Ulus in Istanbul, T\u00fcrkei. Er ist der f\u00fchrende Arzt auf nationaler Ebene und geh\u00f6rt weltweit zu den Besten auf seinem Gebiet. Seinen Lebenslauf finden Sie hier. Wie lange dauert es, Stammzellen herzustellen? Die Produktionszeiten variieren je nach Gewebe, aus dem die Stammzellen gewonnen werden, und nach dem Verarbeitungsverfahren. Es kann bis zu 4\u20136 Wochen dauern, bis die Stammzellen aus einer Biopsieprobe eines Gewebes isoliert, kultiviert und in der erforderlichen Anzahl vermehrt und f\u00fcr die Transplantation bereit sind. Normalerweise erfolgen zwei Injektionen, dazwischen etwa zwei Wochen Abstand. Was sind die Kosten f\u00fcr Stammzellenbehandlungen? Es h\u00e4ngt nat\u00fcrlich davon ab, welche Behandlung und unter welchen Bedingungen sie durchgef\u00fchrt wird. Der Preis wird f\u00fcr jeden Fall individuell festgelegt. Stammzellenbehandlungen in Istanbul kosten ungef\u00e4hr zwischen 5.000 und 30.000 Euro. Alle Preise k\u00f6nnen ohne vorherige Ank\u00fcndigung ge\u00e4ndert werden. Was m\u00fcssen Sie f\u00fcr eine kostenlose Beratung einsenden? \u2013 Diagnose Ihres \u00f6rtlichen Arztes, detaillierte Informationen zur medizinischen Vorgeschichte und zu Medikamenten\u2013 Falls vorhanden, virtuelle Befunde wie MRT, PET, CT-Scans usw.\u2013 Falls erforderlich, ein Patienten-Video KONTAKTIEREN SIE UNS JETZT F\u00dcR EINE KOSTENLOSE BERATUNGKontaktieren Sie uns jetzt f\u00fcr Ihre kostenlose Beratung per E-Mail, hier oder \u00fcber WhatsApp. &nbsp;<\/p>\n","protected":false},"author":4,"featured_media":0,"parent":0,"menu_order":0,"comment_status":"closed","ping_status":"closed","template":"","meta":{"_joinchat":[],"footnotes":""},"class_list":["post-2349","page","type-page","status-publish","hentry"],"acf":[],"_links":{"self":[{"href":"https:\/\/medicaltravel.net\/de\/wp-json\/wp\/v2\/pages\/2349","targetHints":{"allow":["GET"]}}],"collection":[{"href":"https:\/\/medicaltravel.net\/de\/wp-json\/wp\/v2\/pages"}],"about":[{"href":"https:\/\/medicaltravel.net\/de\/wp-json\/wp\/v2\/types\/page"}],"author":[{"embeddable":true,"href":"https:\/\/medicaltravel.net\/de\/wp-json\/wp\/v2\/users\/4"}],"replies":[{"embeddable":true,"href":"https:\/\/medicaltravel.net\/de\/wp-json\/wp\/v2\/comments?post=2349"}],"version-history":[{"count":1,"href":"https:\/\/medicaltravel.net\/de\/wp-json\/wp\/v2\/pages\/2349\/revisions"}],"predecessor-version":[{"id":2350,"href":"https:\/\/medicaltravel.net\/de\/wp-json\/wp\/v2\/pages\/2349\/revisions\/2350"}],"wp:attachment":[{"href":"https:\/\/medicaltravel.net\/de\/wp-json\/wp\/v2\/media?parent=2349"}],"curies":[{"name":"wp","href":"https:\/\/api.w.org\/{rel}","templated":true}]}}