{"id":2362,"date":"2025-09-29T10:01:52","date_gmt":"2025-09-29T09:01:52","guid":{"rendered":"https:\/\/medicaltravel.net\/erfahrungsberichte\/hoher-service-beste-ergebnisse\/"},"modified":"2026-01-13T13:38:44","modified_gmt":"2026-01-13T12:38:44","slug":"hoher-service-beste-ergebnisse","status":"publish","type":"page","link":"https:\/\/medicaltravel.net\/de\/erfahrungsberichte\/hoher-service-beste-ergebnisse\/","title":{"rendered":"Hoher Service\/Beste Ergebnisse"},"content":{"rendered":"\n<h3 class=\"wp-block-heading\">Hoher Service\/Beste Ergebnisse<\/h3>\n\n\n\n<p>\u2013 Bericht vom Samstag, 22. M\u00e4rz 2014 <\/p>\n\n\n\n<p>Ich bin gerade mit meiner Familie aus Istanbul zur\u00fcckgekehrt. Wie mein Thema sagt: Hoher Service\/Beste Ergebnisse. Ich m\u00f6chte meine Geschichte mit Ihnen teilen und hoffe, dass Sie den Schritt zur Augenlaserbehandlung in Istanbul \u00fcber MedicalTravel wagen.  <\/p>\n\n\n\n<p>Letztes Jahr hat ein Familienmitglied, das in der Schweiz lebt, seine Augen in Istanbul lasern lassen \u2013 alles organisiert von MedicalTravel. Er erz\u00e4hlte mir von dem gro\u00dfartigen Service und der perfekten Organisation. Und er hatte Recht, alles wird f\u00fcr einen organisiert.  <\/p>\n\n\n\n<p>Vor drei Wochen reisten meine Familie und ich nach Istanbul. Als wir am Flughafen ankamen, stand der Fahrer schon am Ausgang bereit und hielt ein Schild mit meinem Namen. Der Fahrer brachte uns zu einem sehr guten und freundlichen Hotel. Am Tag meines Termins holte uns der Fahrer p\u00fcnktlich vom Hotel ab und brachte uns zum Krankenhaus.    <\/p>\n\n\n\n<p>Das Acibadem-Krankenhaus ist ein sehr hochmodernes Krankenhaus. Wir kamen im Krankenhaus an und wurden dort vom Ansprechpartner herzlich empfangen. Er begleitete uns durch den gesamten Ablauf und spricht sehr gut Englisch und Deutsch. Die Voruntersuchung dauert etwa 90 Minuten. Danach gab es das Gespr\u00e4ch mit der \u00c4rztin, die mir die M\u00f6glichkeiten von Lasik, Lasek und PRK erkl\u00e4rte. Meine Hornhaut war etwas d\u00fcnn, daher war die beste Option Lasek.      <\/p>\n\n\n\n<p>Die Operation fand 90 Minuten sp\u00e4ter statt, also brachte uns der Ansprechpartner in ein Restaurant. Ein sehr gutes Restaurant, das auch einen Spielplatz f\u00fcr die Kinder hatte. Unsere Kinder spielten dort die gesamten 90 Minuten. Danach holte uns der Ansprechpartner p\u00fcnktlich f\u00fcr die Operation ab. Die Gesamtdauer der Operation betrug 30 Minuten und alles verlief problemlos. Ich erhielt meine Brille und die Augentropfen. Danach brachte uns der Fahrer zur\u00fcck zum Hotel. Nach der Operation hatte ich ein brennendes Gef\u00fchl in den Augen, als w\u00fcrde Sand darin sein oder als w\u00fcrden kleine Schnitte stechen.        <\/p>\n\n\n\n<p>Am n\u00e4chsten Tag hatte ich \u00fcberhaupt keine Schmerzen. Abschlusskontrolle. Es gibt keine Worte, um das Gef\u00fchl zu beschreiben, wenn man scharf sieht, ganz ohne Brille oder Kontaktlinsen \u2013 es ist einfach unglaublich. Der Ansprechpartner wartete bereits am Eingang des Krankenhauses auf uns. Man f\u00fchlt sich sofort willkommen. Wir warteten nur 2 Minuten, dann rief die Krankenschwester meinen Namen f\u00fcr das Gespr\u00e4ch mit dem Arzt auf. Ergebnis: Ich sehe mit beiden Augen 100 Prozent.      <\/p>\n\n\n\n<p>In den Tagen danach hatten wir Zeit, Istanbul zu erkunden. Man muss unbedingt die wundersch\u00f6ne Sultan-Ahmed-Moschee, die Hagia Sophia, den Topkapi-Palast, die S\u00fcleyman-Moschee, die Galata-Br\u00fccke besuchen \u2013 und nat\u00fcrlich darf eine Bootstour auf dem Bosporus nicht fehlen.<\/p>\n\n\n\n<p>Kurz gesagt: SwissLasik organisiert f\u00fcr Sie das gesamte Paket (Flug, Hotel, Krankenhaus, Transfers etc.) mit exzellentem pers\u00f6nlichem Service. Sie k\u00f6nnen ihnen alles fragen und erhalten schnelle, klare Antworten sowie kompetente Beratung.  <\/p>\n\n\n\n<p>Zur\u00fcck in den Niederlanden werde ich meinen Augenarzt f\u00fcr die Nachkontrollen nach der Operation aufsuchen.<\/p>\n\n\n\n<p>Das war meine Erfahrung mit der Augenlaserbehandlung und MedicalTravel. Mit freundlichen Gr\u00fc\u00dfen, Natasja K. <\/p>\n\n\n\n<figure class=\"wp-block-image size-full\"><img fetchpriority=\"high\" decoding=\"async\" width=\"300\" height=\"225\" src=\"https:\/\/medicaltravel.net\/wp-content\/uploads\/2025\/09\/RTEmagicC_IMG_0537_01.jpg.jpg\" alt=\"\" class=\"wp-image-296\"\/><\/figure>\n\n\n\n<figure class=\"wp-block-image size-full\"><img decoding=\"async\" width=\"300\" height=\"225\" src=\"https:\/\/medicaltravel.net\/wp-content\/uploads\/2025\/09\/RTEmagicC_IMG_0536_01.jpg.jpg\" alt=\"\" class=\"wp-image-297\"\/><\/figure>\n\n\n\n<figure class=\"wp-block-image size-full\"><img decoding=\"async\" width=\"300\" height=\"225\" src=\"https:\/\/medicaltravel.net\/wp-content\/uploads\/2025\/09\/RTEmagicC_IMG_0496_01.jpg.jpg\" alt=\"\" class=\"wp-image-298\"\/><\/figure>\n\n\n\n<figure class=\"wp-block-image size-full\"><img loading=\"lazy\" decoding=\"async\" width=\"300\" height=\"400\" src=\"https:\/\/medicaltravel.net\/wp-content\/uploads\/2025\/09\/RTEmagicC_IMG_0492_01.jpg.jpg\" alt=\"\" class=\"wp-image-299\" srcset=\"https:\/\/medicaltravel.net\/wp-content\/uploads\/2025\/09\/RTEmagicC_IMG_0492_01.jpg.jpg 300w, https:\/\/medicaltravel.net\/wp-content\/uploads\/2025\/09\/RTEmagicC_IMG_0492_01.jpg-225x300.jpg 225w\" sizes=\"(max-width: 300px) 100vw, 300px\" \/><\/figure>\n\n\n\n<figure class=\"wp-block-image size-full\"><img loading=\"lazy\" decoding=\"async\" width=\"300\" height=\"400\" src=\"https:\/\/medicaltravel.net\/wp-content\/uploads\/2025\/09\/RTEmagicC_IMG_0540_01.jpg.jpg\" alt=\"\" class=\"wp-image-300\" srcset=\"https:\/\/medicaltravel.net\/wp-content\/uploads\/2025\/09\/RTEmagicC_IMG_0540_01.jpg.jpg 300w, https:\/\/medicaltravel.net\/wp-content\/uploads\/2025\/09\/RTEmagicC_IMG_0540_01.jpg-225x300.jpg 225w\" sizes=\"(max-width: 300px) 100vw, 300px\" \/><\/figure>\n\n\n\n<figure class=\"wp-block-image size-full\"><img loading=\"lazy\" decoding=\"async\" width=\"300\" height=\"400\" src=\"https:\/\/medicaltravel.net\/wp-content\/uploads\/2025\/09\/RTEmagicC_IMG_0552_01.jpg.jpg\" alt=\"\" class=\"wp-image-301\" srcset=\"https:\/\/medicaltravel.net\/wp-content\/uploads\/2025\/09\/RTEmagicC_IMG_0552_01.jpg.jpg 300w, https:\/\/medicaltravel.net\/wp-content\/uploads\/2025\/09\/RTEmagicC_IMG_0552_01.jpg-225x300.jpg 225w\" sizes=\"(max-width: 300px) 100vw, 300px\" \/><\/figure>\n\n\n\n<div class=\"wp-block-group is-layout-grid wp-container-core-group-is-layout-baef362d wp-block-group-is-layout-grid\">\n<p><\/p>\n\n\n\n<p class=\"has-text-align-right wp-container-content-5e2576f9\"><\/p>\n<\/div>\n\n\n\n<div class=\"wp-block-group is-layout-grid wp-container-core-group-is-layout-baef362d wp-block-group-is-layout-grid\">\n<p><a href=\"https:\/\/medicaltravel.at\/home\/agb\/\" data-type=\"page\" data-id=\"2191\" target=\"_blank\" rel=\"noopener\"><\/a><a href=\"https:\/\/medicaltravel.net\/de\/erfahrungsberichte\/meine-nasenoperation-in-istanbul-tuerkei-erfahrungsbericht\/\" data-type=\"link\" data-id=\"https:\/\/medicaltravel.net\/de\/erfahrungsberichte\/meine-nasenoperation-in-istanbul-tuerkei-erfahrungsbericht\/\">Der vorherige Bericht<\/a><\/p>\n\n\n\n<p class=\"has-text-align-right wp-container-content-5e2576f9\"><a href=\"https:\/\/medicaltravel.at\/home\/impressum\/\" data-type=\"page\" data-id=\"2193\" target=\"_blank\" rel=\"noopener\"><\/a><a href=\"https:\/\/medicaltravel.at\/home\/berichte-von-patienten\/erfahrungsberichte\/erfahrungsbericht-zahnbehandlung-in-istanbul\/\" data-type=\"page\" data-id=\"981\" target=\"_blank\" rel=\"noopener\"><\/a><a href=\"https:\/\/medicaltravel.net\/de\/erfahrungsberichte\/service-organisation-ein-sensationelles-krankenhaus-und-toller-preis\/\" data-type=\"link\" data-id=\"https:\/\/medicaltravel.net\/de\/erfahrungsberichte\/service-organisation-ein-sensationelles-krankenhaus-und-toller-preis\/\">Der n\u00e4chste Bericht<\/a><\/p>\n<\/div>\n","protected":false},"excerpt":{"rendered":"<p>Hoher Service\/Beste Ergebnisse \u2013 Bericht vom Samstag, 22. M\u00e4rz 2014 Ich bin gerade mit meiner Familie aus Istanbul zur\u00fcckgekehrt. Wie mein Thema sagt: Hoher Service\/Beste Ergebnisse. Ich m\u00f6chte meine Geschichte mit Ihnen teilen und hoffe, dass Sie den Schritt zur Augenlaserbehandlung in Istanbul \u00fcber MedicalTravel wagen. Letztes Jahr hat ein Familienmitglied, das in der Schweiz lebt, seine Augen in Istanbul lasern lassen \u2013 alles organisiert von MedicalTravel. Er erz\u00e4hlte mir von dem gro\u00dfartigen Service und der perfekten Organisation. Und er hatte Recht, alles wird f\u00fcr einen organisiert. Vor drei Wochen reisten meine Familie und ich nach Istanbul. Als wir am Flughafen ankamen, stand der Fahrer schon am Ausgang bereit und hielt ein Schild mit meinem Namen. Der Fahrer brachte uns zu einem sehr guten und freundlichen Hotel. Am Tag meines Termins holte uns der Fahrer p\u00fcnktlich vom Hotel ab und brachte uns zum Krankenhaus. Das Acibadem-Krankenhaus ist ein sehr hochmodernes Krankenhaus. Wir kamen im Krankenhaus an und wurden dort vom Ansprechpartner herzlich empfangen. Er begleitete uns durch den gesamten Ablauf und spricht sehr gut Englisch und Deutsch. Die Voruntersuchung dauert etwa 90 Minuten. Danach gab es das Gespr\u00e4ch mit der \u00c4rztin, die mir die M\u00f6glichkeiten von Lasik, Lasek und PRK erkl\u00e4rte. Meine Hornhaut war etwas d\u00fcnn, daher war die beste Option Lasek. Die Operation fand 90 Minuten sp\u00e4ter statt, also brachte uns der Ansprechpartner in ein Restaurant. Ein sehr gutes Restaurant, das auch einen Spielplatz f\u00fcr die Kinder hatte. Unsere Kinder spielten dort die gesamten 90 Minuten. Danach holte uns der Ansprechpartner p\u00fcnktlich f\u00fcr die Operation ab. Die Gesamtdauer der Operation betrug 30 Minuten und alles verlief problemlos. Ich erhielt meine Brille und die Augentropfen. Danach brachte uns der Fahrer zur\u00fcck zum Hotel. Nach der Operation hatte ich ein brennendes Gef\u00fchl in den Augen, als w\u00fcrde Sand darin sein oder als w\u00fcrden kleine Schnitte stechen. Am n\u00e4chsten Tag hatte ich \u00fcberhaupt keine Schmerzen. Abschlusskontrolle. Es gibt keine Worte, um das Gef\u00fchl zu beschreiben, wenn man scharf sieht, ganz ohne Brille oder Kontaktlinsen \u2013 es ist einfach unglaublich. Der Ansprechpartner wartete bereits am Eingang des Krankenhauses auf uns. Man f\u00fchlt sich sofort willkommen. Wir warteten nur 2 Minuten, dann rief die Krankenschwester meinen Namen f\u00fcr das Gespr\u00e4ch mit dem Arzt auf. Ergebnis: Ich sehe mit beiden Augen 100 Prozent. In den Tagen danach hatten wir Zeit, Istanbul zu erkunden. Man muss unbedingt die wundersch\u00f6ne Sultan-Ahmed-Moschee, die Hagia Sophia, den Topkapi-Palast, die S\u00fcleyman-Moschee, die Galata-Br\u00fccke besuchen \u2013 und nat\u00fcrlich darf eine Bootstour auf dem Bosporus nicht fehlen. Kurz gesagt: SwissLasik organisiert f\u00fcr Sie das gesamte Paket (Flug, Hotel, Krankenhaus, Transfers etc.) mit exzellentem pers\u00f6nlichem Service. Sie k\u00f6nnen ihnen alles fragen und erhalten schnelle, klare Antworten sowie kompetente Beratung. Zur\u00fcck in den Niederlanden werde ich meinen Augenarzt f\u00fcr die Nachkontrollen nach der Operation aufsuchen. Das war meine Erfahrung mit der Augenlaserbehandlung und MedicalTravel. Mit freundlichen Gr\u00fc\u00dfen, Natasja K. Der vorherige Bericht Der n\u00e4chste Bericht<\/p>\n","protected":false},"author":4,"featured_media":0,"parent":2352,"menu_order":0,"comment_status":"closed","ping_status":"closed","template":"","meta":{"_joinchat":[],"footnotes":""},"class_list":["post-2362","page","type-page","status-publish","hentry"],"acf":[],"_links":{"self":[{"href":"https:\/\/medicaltravel.net\/de\/wp-json\/wp\/v2\/pages\/2362","targetHints":{"allow":["GET"]}}],"collection":[{"href":"https:\/\/medicaltravel.net\/de\/wp-json\/wp\/v2\/pages"}],"about":[{"href":"https:\/\/medicaltravel.net\/de\/wp-json\/wp\/v2\/types\/page"}],"author":[{"embeddable":true,"href":"https:\/\/medicaltravel.net\/de\/wp-json\/wp\/v2\/users\/4"}],"replies":[{"embeddable":true,"href":"https:\/\/medicaltravel.net\/de\/wp-json\/wp\/v2\/comments?post=2362"}],"version-history":[{"count":2,"href":"https:\/\/medicaltravel.net\/de\/wp-json\/wp\/v2\/pages\/2362\/revisions"}],"predecessor-version":[{"id":3300,"href":"https:\/\/medicaltravel.net\/de\/wp-json\/wp\/v2\/pages\/2362\/revisions\/3300"}],"up":[{"embeddable":true,"href":"https:\/\/medicaltravel.net\/de\/wp-json\/wp\/v2\/pages\/2352"}],"wp:attachment":[{"href":"https:\/\/medicaltravel.net\/de\/wp-json\/wp\/v2\/media?parent=2362"}],"curies":[{"name":"wp","href":"https:\/\/api.w.org\/{rel}","templated":true}]}}