{"id":2364,"date":"2025-09-29T10:05:02","date_gmt":"2025-09-29T09:05:02","guid":{"rendered":"https:\/\/medicaltravel.net\/erfahrungsberichte\/meine-zahnbehandlung-in-istanbul\/"},"modified":"2026-01-13T13:46:02","modified_gmt":"2026-01-13T12:46:02","slug":"meine-zahnbehandlung-in-istanbul","status":"publish","type":"page","link":"https:\/\/medicaltravel.net\/de\/erfahrungsberichte\/meine-zahnbehandlung-in-istanbul\/","title":{"rendered":"Meine Zahnbehandlung in Istanbul"},"content":{"rendered":"\n<h3 class=\"wp-block-heading\">Meine Zahnbehandlung in Istanbul<\/h3>\n\n\n\n<p>\u2013 Bericht vom Saturday, 06. August 2011 <\/p>\n\n\n\n<p>Zustand und Hintergrund des Patienten zu Beginn:<\/p>\n\n\n\n<p>Ich hatte schon immer Probleme mit meinen Z\u00e4hnen und insbesondere mit meinem Zahnfleisch. Daher waren j\u00e4hrliche zahn\u00e4rztliche Kontrollen und Zahnreinigungen f\u00fcr mich eine unverzichtbare Pflicht. Nach meinem 45. Geburtstag wurde eine Zahnfleischerkrankung sichtbar. Der Knochenabbau bei Zahnfleischerkrankungen beginnt an Knochen, Gewebe und Haltestrukturen und breitet sich dann in Richtung Zahnfleisch aus. Der Zahnarzt versuchte, diesen Prozess so weit wie m\u00f6glich zu stoppen. Darauf folgten alle sechs Monate Zahnreinigungen und anschlie\u00dfend eine Parodontalbehandlung mit offenen Behandlungsphasen. W\u00e4hrend dieser Behandlungen wurden die betroffenen Bereiche chirurgisch ge\u00f6ffnet und gereinigt, und die parodontalen Taschen wurden mit Ersatzmaterial f\u00fcr das Parodontium aufgef\u00fcllt. Obwohl dies sehr teuer war, war das Ergebnis nicht erfolgreich, und Ende 2009 sowie Anfang 2010 begannen die Schneidez\u00e4hne im Ober- und Unterkiefer zu wackeln.       <\/p>\n\n\n\n<p>Nachdem ich die Kosten f\u00fcr die vermeintlich sinnvollste L\u00f6sung berechnet hatte \u2013 n\u00e4mlich herausnehmbare Br\u00fcckenprothesen f\u00fcr Ober- und Unterkiefer, jeweils bestehend aus mindestens vier Z\u00e4hnen \u2013, entschied ich mich, nach einer sichereren und vern\u00fcnftigeren L\u00f6sung zu suchen, da diese Br\u00fccken das eigentliche Problem nicht beheben w\u00fcrden und etwa 12.000,00 CHF kosten sollten. Als Ergebnis weiterer Untersuchungen stellte sich heraus, dass die sinnvollste Wahl festsitzender Zahnersatz und Implantate w\u00e4ren. Dies entsprach eher meinen Vorstellungen, da ich mich aufgrund meines Alters noch nicht bereit f\u00fcr herausnehmbaren Zahnersatz f\u00fchlte.  <\/p>\n\n\n\n<p>Die gesch\u00e4tzten Kosten in der Schweiz betrugen 70.000,00 CHF.<\/p>\n\n\n\n<p>Ich hatte einige Bekannte, die im Ausland (wie z.\u202fB. Ungarn und Deutschland) sehr gute Ergebnisse zu einem vern\u00fcnftigeren Preis erzielt hatten. Daher holte ich Angebote von Zahnbehandlungsanbietern in Ungarn, Deutschland und Istanbul ein. Die entsprechenden Adressen fand ich zusammen mit weiteren Informationen im Internet. Ich hatte drei Adressen, von denen ich detailliertere Informationen erhalten wollte. Zwei davon befanden sich in Ungarn und eine in Istanbul.    <\/p>\n\n\n\n<p>Der Grund, warum ich mich entschied, meine Behandlung \u00fcber Swisslasik in Istanbul durchf\u00fchren zu lassen, war, dass ich dieses Unternehmen auf deren eigenem Stand auf der Ferienmesse in St.\u202fGallen besucht habe und sie auf mich einen sehr guten und qualifizierten Eindruck machten. Sie stellten auch Referenzadressen zur Verf\u00fcgung, und ich konnte durch die Kontaktaufnahme mit einer davon einen Eindruck gewinnen. Au\u00dferdem gefiel mir, dass Swisslasik alle Details wie Flug, Hotel und Transfer usw. f\u00fcr einen organisiert. Zus\u00e4tzlich hatte ich pers\u00f6nliche Kontakte, die ihre Laser-Augenbehandlungen bei Swisslasik gemacht hatten und mir Details zum Ablauf geben konnten.   <\/p>\n\n\n\n<p>Der erste Besuch in Istanbul (5 Tage), drei Sitzungen:<br>Mein Mann und ich flogen am 29. M\u00e4rz 2011 direkt nach Istanbul und wurden von einem Fahrer empfangen, der uns zum Zahnklinikum brachte. \u2013 Dienstagabend: Voruntersuchung, R\u00f6ntgenaufnahmen, Besprechung der anzuwendenden Methode \u2013 Donnerstagabend: 28 meiner Z\u00e4hne wurden entfernt und eine provisorische Prothese eingesetzt \u2013 Samstagnachmittag: \u00e4rztliche Kontrolle und Anpassung der Prothese vor der Heimreise.  <\/p>\n\n\n\n<p>Dentist Bilhan welcomed us warmly with his fluent English and at that moment I was relieved of my fears. Anaesthesia was really fine and I felt no pain. Then I was given pain killers to feel relieved during my first visit to Istanbul. The only problem was the problem of English communication during the correction procedure on the prosthesis before our return as Dr Bilhan was not available. However, Ms. Selda Arat had a very delicate and exquisite work despite that.    <\/p>\n\n\n\n<p>Medizinische Kontrolle in der Zahnarztpraxis in Z\u00fcrich: Ich nutzte diese Gelegenheit, da ich nach unserer Reise nach Istanbul eine einw\u00f6chige Urlaubsreise in die USA machen sollte. Alles wurde erneut \u00fcberpr\u00fcft und die verbleibenden F\u00e4den entfernt. Da die geschwollenen Bereiche nachlie\u00dfen, begann sich die Prothese zu bewegen. Deshalb wurde dort sofort eine weiche Unterst\u00fctzung angefertigt, und ich f\u00fchlte mich damit sehr wohl.   <\/p>\n\n\n\n<p>Ich konnte fast alles essen, sogar ein Steak. Ich ging noch einmal nach Z\u00fcrich, als<br>wir aus dem Urlaub zur\u00fcckkamen, und sie best\u00e4tigten, dass die Heilung wirklich gut verlief. Au\u00dferdem wurde ein R\u00f6ntgenbild gemacht, um sicherzustellen, dass keine Entz\u00fcndung in der Tiefe vorhanden war. Gott sei Dank war alles in Ordnung. Es gab auch in Z\u00fcrich einen sehr qualifizierten Behandlungs-, Informations- und Beratungsservice.<br><br>Der zweite Istanbul-Besuch (im Juli, 7 Tage), drei Sitzungen: Diesmal wurde ich von meiner Schwester begleitet. Wir wurden vom Krankenhaus zur Zahnarztpraxis gebracht.     <\/p>\n\n\n\n<ul class=\"wp-block-list\">\n<li>Samstagabend: einsetzen der implantate, strukturierung des knochens, antibiotikabehandlung<\/li>\n\n\n\n<li>Mittwochabend: Medizinische Kontrolle, Anpassen der provisorischen Prothese<\/li>\n\n\n\n<li>Samstagmorgen: Entfernen der N\u00e4hte und Anpassen der provisorischen Prothese<\/li>\n<\/ul>\n\n\n\n<p>Zahnarzt Bilhan begann mit dem Einsetzen der Implantate. Laut Plan sollten 6 Implantate im Oberkiefer und die anderen 6 im Unterkiefer eingesetzt werden. Der Eingriff dauerte jedoch etwas l\u00e4nger, da eine Umstrukturierung des Knochens im Oberkiefer erforderlich war. Ich wurde erneut bet\u00e4ubt, um keine Schmerzen zu sp\u00fcren, und dies wurde f\u00fcr den Unterkiefer wiederholt.   <\/p>\n\n\n\n<p>Der Umgang mit all dem auf einmal war jedoch psychologisch etwas zu viel. Ich sa\u00df fast drei Stunden auf dem Zahnarztstuhl. Zahnarzt Bilhan empfahl mir jedoch, diesmal den Oberkiefer fertigzustellen und f\u00fcr den Unterkiefer noch einmal wiederzukommen. Das war nicht das, was ich wollte. Ich dachte, ich k\u00f6nnte alles an einem einzigen Tag erledigen. Mit Antibiotika und Schmerzmitteln ausgestattet, konnte ich die Freude am Sommer in Istanbul genie\u00dfen. Bevor ich nach Hause zur\u00fcckkehrte, wurden am Samstag die F\u00e4den entfernt und Korrekturen vorgenommen.      <\/p>\n\n\n\n<p>Trotz allem bin ich sehr froh, Z\u00e4hne zu haben, die ich nicht die ganze Zeit herausnehmen muss. Und ich hoffe, dass dies auf lange Sicht mein letzter Zahnarztbesuch ist. <\/p>\n\n\n\n<p>Der 3. Besuch in Istanbul Dieser Besuch wird im Januar 2012 stattfinden. Ich werde meine Zahnkronen einsetzen lassen und hoffe, dass ich damit f\u00fcr ein paar Jahrzehnte komfortabel sein werde. Obwohl die Menschen in der Schweiz gegen\u00fcber Zahn\u00e4rzten im Ausland skeptisch sind, habe ich tats\u00e4chlich meinen eigenen Mut gest\u00e4rkt und bereue es nicht. Istanbul hat einen sehr guten Ruf in Bezug auf allgemeine Zahnheilkunde und die Preise betragen ein Drittel der Schweizer Preise. Um ehrlich zu sein, sind Besuche beim Zahnarzt in der Schweiz auch nicht schmerzfrei und man sp\u00fcrt einen weiteren Schmerz, wenn man die Rechnung sieht.    <\/p>\n\n\n\n<p>Ich fand die Swisslasik-Organisationen sehr professionell und die Hotels waren sehr gut (ich \u00fcbernachtete einmal im Levent Hotel und einmal im Taksim Hotel). Die Menschen sind fr\u00f6hlich und freundlich. Wir wurden am Flughafen begr\u00fc\u00dft, um zum Krankenhaus gebracht zu werden, und anschlie\u00dfend wieder vom Krankenhaus zu unserem Hotel gefahren. Der Fahrer war bei jedem Termin sehr p\u00fcnktlich.   <\/p>\n\n\n\n<p>Zwischen den Sitzungen hatten wir Zeit, Istanbul und seine Umgebung zu besichtigen. Es gibt so viele Orte zu sehen, wie die Blaue Moschee, die Hagia Sophia, den Topkapi-Palast, den Gew\u00fcrzbasar und den Gro\u00dfen Basar. Die Inseln sollte man ebenfalls nicht vergessen.  <\/p>\n\n\n\n<p>Abschlie\u00dfend m\u00f6chte ich Ihnen allen danken und garantiere, dass ich Ihr Unternehmen immer weiterempfehlen werde. Tats\u00e4chlich habe ich das bereits getan \u2026<br>Marlis Koch, Engelburg, 6. August 2011 <\/p>\n\n\n\n<div class=\"wp-block-group is-layout-grid wp-container-core-group-is-layout-baef362d wp-block-group-is-layout-grid\">\n<p><a href=\"https:\/\/medicaltravel.at\/home\/agb\/\" data-type=\"page\" data-id=\"2191\" target=\"_blank\" rel=\"noopener\"><\/a><a href=\"https:\/\/medicaltravel.net\/de\/erfahrungsberichte\/meine-fettabsaugungsoperation-im-acibadem-hospital-in-istanbul\/\" data-type=\"link\" data-id=\"https:\/\/medicaltravel.net\/de\/erfahrungsberichte\/meine-fettabsaugungsoperation-im-acibadem-hospital-in-istanbul\/\">Der vorherige Bericht<\/a><\/p>\n\n\n\n<p class=\"has-text-align-right wp-container-content-5e2576f9\"><\/p>\n<\/div>\n","protected":false},"excerpt":{"rendered":"<p>Meine Zahnbehandlung in Istanbul \u2013 Bericht vom Saturday, 06. August 2011 Zustand und Hintergrund des Patienten zu Beginn: Ich hatte schon immer Probleme mit meinen Z\u00e4hnen und insbesondere mit meinem Zahnfleisch. Daher waren j\u00e4hrliche zahn\u00e4rztliche Kontrollen und Zahnreinigungen f\u00fcr mich eine unverzichtbare Pflicht. Nach meinem 45. Geburtstag wurde eine Zahnfleischerkrankung sichtbar. Der Knochenabbau bei Zahnfleischerkrankungen beginnt an Knochen, Gewebe und Haltestrukturen und breitet sich dann in Richtung Zahnfleisch aus. Der Zahnarzt versuchte, diesen Prozess so weit wie m\u00f6glich zu stoppen. Darauf folgten alle sechs Monate Zahnreinigungen und anschlie\u00dfend eine Parodontalbehandlung mit offenen Behandlungsphasen. W\u00e4hrend dieser Behandlungen wurden die betroffenen Bereiche chirurgisch ge\u00f6ffnet und gereinigt, und die parodontalen Taschen wurden mit Ersatzmaterial f\u00fcr das Parodontium aufgef\u00fcllt. Obwohl dies sehr teuer war, war das Ergebnis nicht erfolgreich, und Ende 2009 sowie Anfang 2010 begannen die Schneidez\u00e4hne im Ober- und Unterkiefer zu wackeln. Nachdem ich die Kosten f\u00fcr die vermeintlich sinnvollste L\u00f6sung berechnet hatte \u2013 n\u00e4mlich herausnehmbare Br\u00fcckenprothesen f\u00fcr Ober- und Unterkiefer, jeweils bestehend aus mindestens vier Z\u00e4hnen \u2013, entschied ich mich, nach einer sichereren und vern\u00fcnftigeren L\u00f6sung zu suchen, da diese Br\u00fccken das eigentliche Problem nicht beheben w\u00fcrden und etwa 12.000,00 CHF kosten sollten. Als Ergebnis weiterer Untersuchungen stellte sich heraus, dass die sinnvollste Wahl festsitzender Zahnersatz und Implantate w\u00e4ren. Dies entsprach eher meinen Vorstellungen, da ich mich aufgrund meines Alters noch nicht bereit f\u00fcr herausnehmbaren Zahnersatz f\u00fchlte. Die gesch\u00e4tzten Kosten in der Schweiz betrugen 70.000,00 CHF. Ich hatte einige Bekannte, die im Ausland (wie z.\u202fB. Ungarn und Deutschland) sehr gute Ergebnisse zu einem vern\u00fcnftigeren Preis erzielt hatten. Daher holte ich Angebote von Zahnbehandlungsanbietern in Ungarn, Deutschland und Istanbul ein. Die entsprechenden Adressen fand ich zusammen mit weiteren Informationen im Internet. Ich hatte drei Adressen, von denen ich detailliertere Informationen erhalten wollte. Zwei davon befanden sich in Ungarn und eine in Istanbul. Der Grund, warum ich mich entschied, meine Behandlung \u00fcber Swisslasik in Istanbul durchf\u00fchren zu lassen, war, dass ich dieses Unternehmen auf deren eigenem Stand auf der Ferienmesse in St.\u202fGallen besucht habe und sie auf mich einen sehr guten und qualifizierten Eindruck machten. Sie stellten auch Referenzadressen zur Verf\u00fcgung, und ich konnte durch die Kontaktaufnahme mit einer davon einen Eindruck gewinnen. Au\u00dferdem gefiel mir, dass Swisslasik alle Details wie Flug, Hotel und Transfer usw. f\u00fcr einen organisiert. Zus\u00e4tzlich hatte ich pers\u00f6nliche Kontakte, die ihre Laser-Augenbehandlungen bei Swisslasik gemacht hatten und mir Details zum Ablauf geben konnten. Der erste Besuch in Istanbul (5 Tage), drei Sitzungen:Mein Mann und ich flogen am 29. M\u00e4rz 2011 direkt nach Istanbul und wurden von einem Fahrer empfangen, der uns zum Zahnklinikum brachte. \u2013 Dienstagabend: Voruntersuchung, R\u00f6ntgenaufnahmen, Besprechung der anzuwendenden Methode \u2013 Donnerstagabend: 28 meiner Z\u00e4hne wurden entfernt und eine provisorische Prothese eingesetzt \u2013 Samstagnachmittag: \u00e4rztliche Kontrolle und Anpassung der Prothese vor der Heimreise. Dentist Bilhan welcomed us warmly with his fluent English and at that moment I was relieved of my fears. Anaesthesia was really fine and I felt no pain. Then I was given pain killers to feel relieved during my first visit to Istanbul. The only problem was the problem of English communication during the correction procedure on the prosthesis before our return as Dr Bilhan was not available. However, Ms. Selda Arat had a very delicate and exquisite work despite that. Medizinische Kontrolle in der Zahnarztpraxis in Z\u00fcrich: Ich nutzte diese Gelegenheit, da ich nach unserer Reise nach Istanbul eine einw\u00f6chige Urlaubsreise in die USA machen sollte. Alles wurde erneut \u00fcberpr\u00fcft und die verbleibenden F\u00e4den entfernt. Da die geschwollenen Bereiche nachlie\u00dfen, begann sich die Prothese zu bewegen. Deshalb wurde dort sofort eine weiche Unterst\u00fctzung angefertigt, und ich f\u00fchlte mich damit sehr wohl. Ich konnte fast alles essen, sogar ein Steak. Ich ging noch einmal nach Z\u00fcrich, alswir aus dem Urlaub zur\u00fcckkamen, und sie best\u00e4tigten, dass die Heilung wirklich gut verlief. Au\u00dferdem wurde ein R\u00f6ntgenbild gemacht, um sicherzustellen, dass keine Entz\u00fcndung in der Tiefe vorhanden war. Gott sei Dank war alles in Ordnung. Es gab auch in Z\u00fcrich einen sehr qualifizierten Behandlungs-, Informations- und Beratungsservice. Der zweite Istanbul-Besuch (im Juli, 7 Tage), drei Sitzungen: Diesmal wurde ich von meiner Schwester begleitet. Wir wurden vom Krankenhaus zur Zahnarztpraxis gebracht. Zahnarzt Bilhan begann mit dem Einsetzen der Implantate. Laut Plan sollten 6 Implantate im Oberkiefer und die anderen 6 im Unterkiefer eingesetzt werden. Der Eingriff dauerte jedoch etwas l\u00e4nger, da eine Umstrukturierung des Knochens im Oberkiefer erforderlich war. Ich wurde erneut bet\u00e4ubt, um keine Schmerzen zu sp\u00fcren, und dies wurde f\u00fcr den Unterkiefer wiederholt. Der Umgang mit all dem auf einmal war jedoch psychologisch etwas zu viel. Ich sa\u00df fast drei Stunden auf dem Zahnarztstuhl. Zahnarzt Bilhan empfahl mir jedoch, diesmal den Oberkiefer fertigzustellen und f\u00fcr den Unterkiefer noch einmal wiederzukommen. Das war nicht das, was ich wollte. Ich dachte, ich k\u00f6nnte alles an einem einzigen Tag erledigen. Mit Antibiotika und Schmerzmitteln ausgestattet, konnte ich die Freude am Sommer in Istanbul genie\u00dfen. Bevor ich nach Hause zur\u00fcckkehrte, wurden am Samstag die F\u00e4den entfernt und Korrekturen vorgenommen. Trotz allem bin ich sehr froh, Z\u00e4hne zu haben, die ich nicht die ganze Zeit herausnehmen muss. Und ich hoffe, dass dies auf lange Sicht mein letzter Zahnarztbesuch ist. Der 3. Besuch in Istanbul Dieser Besuch wird im Januar 2012 stattfinden. Ich werde meine Zahnkronen einsetzen lassen und hoffe, dass ich damit f\u00fcr ein paar Jahrzehnte komfortabel sein werde. Obwohl die Menschen in der Schweiz gegen\u00fcber Zahn\u00e4rzten im Ausland skeptisch sind, habe ich tats\u00e4chlich meinen eigenen Mut gest\u00e4rkt und bereue es nicht. Istanbul hat einen sehr guten Ruf in Bezug auf allgemeine Zahnheilkunde und die Preise betragen ein Drittel der Schweizer Preise. Um ehrlich zu sein, sind Besuche beim Zahnarzt in der Schweiz auch nicht schmerzfrei und man sp\u00fcrt einen weiteren Schmerz, wenn man die Rechnung sieht. Ich fand die Swisslasik-Organisationen sehr professionell und die Hotels waren sehr gut (ich \u00fcbernachtete einmal im Levent Hotel und einmal im Taksim Hotel). Die Menschen sind fr\u00f6hlich und freundlich. Wir wurden am Flughafen begr\u00fc\u00dft, um zum Krankenhaus gebracht zu werden, und anschlie\u00dfend wieder vom Krankenhaus zu unserem Hotel gefahren. Der Fahrer war<\/p>\n","protected":false},"author":4,"featured_media":0,"parent":2352,"menu_order":0,"comment_status":"closed","ping_status":"closed","template":"","meta":{"_joinchat":[],"footnotes":""},"class_list":["post-2364","page","type-page","status-publish","hentry"],"acf":[],"_links":{"self":[{"href":"https:\/\/medicaltravel.net\/de\/wp-json\/wp\/v2\/pages\/2364","targetHints":{"allow":["GET"]}}],"collection":[{"href":"https:\/\/medicaltravel.net\/de\/wp-json\/wp\/v2\/pages"}],"about":[{"href":"https:\/\/medicaltravel.net\/de\/wp-json\/wp\/v2\/types\/page"}],"author":[{"embeddable":true,"href":"https:\/\/medicaltravel.net\/de\/wp-json\/wp\/v2\/users\/4"}],"replies":[{"embeddable":true,"href":"https:\/\/medicaltravel.net\/de\/wp-json\/wp\/v2\/comments?post=2364"}],"version-history":[{"count":2,"href":"https:\/\/medicaltravel.net\/de\/wp-json\/wp\/v2\/pages\/2364\/revisions"}],"predecessor-version":[{"id":3308,"href":"https:\/\/medicaltravel.net\/de\/wp-json\/wp\/v2\/pages\/2364\/revisions\/3308"}],"up":[{"embeddable":true,"href":"https:\/\/medicaltravel.net\/de\/wp-json\/wp\/v2\/pages\/2352"}],"wp:attachment":[{"href":"https:\/\/medicaltravel.net\/de\/wp-json\/wp\/v2\/media?parent=2364"}],"curies":[{"name":"wp","href":"https:\/\/api.w.org\/{rel}","templated":true}]}}