{"id":2366,"date":"2025-09-29T10:03:59","date_gmt":"2025-09-29T09:03:59","guid":{"rendered":"https:\/\/medicaltravel.net\/erfahrungsberichte\/meine-laser-augenbehandlung-in-antalya-tuerkei-ueber-medicaltravel\/"},"modified":"2026-01-13T13:44:23","modified_gmt":"2026-01-13T12:44:23","slug":"meine-laser-augenbehandlung-in-antalya-tuerkei-ueber-medicaltravel","status":"publish","type":"page","link":"https:\/\/medicaltravel.net\/de\/erfahrungsberichte\/meine-laser-augenbehandlung-in-antalya-tuerkei-ueber-medicaltravel\/","title":{"rendered":"Meine Laser-Augenbehandlung in Antalya T\u00fcrkei \u00fcber MedicalTravel"},"content":{"rendered":"\n<h3 class=\"wp-block-heading\">Meine Laser-Augenbehandlung in Antalya T\u00fcrkei \u00fcber MedicalTravel<\/h3>\n\n\n\n<p>\u2013 Bericht vom Donnerstag, 02. August 2012 <\/p>\n\n\n\n<p>geschrieben am Donnerstag, den 2. August 2012<\/p>\n\n\n\n<p>Ich entschied mich, meine Brille loszuwerden, da sie mich wirklich st\u00f6rte und einschr\u00e4nkte. Allerdings musste ich nach Alternativen suchen, da Laser-Augenoperationen so teuer sind, dass ich sie mir in der Schweiz nicht leisten kann. Ich fand mehrere Krankenh\u00e4user f\u00fcr Laser-Augenoperationen im Ausland.  <\/p>\n\n\n\n<p>Mein erster Eindruck von der Website von MedicalTravel war, dass sie professionell ist, da sie st\u00e4ndig Informationsabende organisieren, bei denen man den operierenden \u00c4rzten jede Frage stellen und Informationen erhalten kann, ohne sich verpflichtet zu f\u00fchlen. Es war auch vertrauensw\u00fcrdig zu sehen, dass es m\u00f6glich ist, die Voruntersuchungen in der Schweiz durchf\u00fchren zu lassen. Au\u00dferdem konnte man die Kosten \u00fcber die klare und genaue Preisliste auf der Website einsehen. Ich nahm sehr schnell und einfach per E-Mail Kontakt mit MedicalTravel auf.<br><br>Ich entschied mich auch, die Laser-Augenbehandlung in einem Krankenhaus in Antalya durchf\u00fchren zu lassen, sodass ich sie mit meinem Sommerurlaub in Side\/T\u00fcrkei kombinieren konnte. Ich vereinbarte meinen Termin per E-Mail und alles wurde organisiert, einschlie\u00dflich unserer An- und Abreise, Operation, \u00dcbernachtung, Voruntersuchungen und medizinischen Kontrollen. Sie beantworteten auch alle Fragen, die mir im Kopf standen. Es war sehr einfach und unkompliziert, mit MedicalTravel in Kontakt zu treten.     <\/p>\n\n\n\n<p>Vor meiner Reise erhielt ich meinen MedicalTravel-Pass, einen sehr n\u00fctzlichen Leitfaden, der alle wichtigen Informationen, Telefonnummern und hilfreiche Hinweise zum Land sowie zu touristischen Sehensw\u00fcrdigkeiten enth\u00e4lt. Zwei Tage vor der Operation rief mich mein \u00dcbersetzer an, um mich dar\u00fcber zu informieren, wann ich zum Krankenhaus gefahren werde und wie der Tagesplan aussieht.<\/p>\n\n\n\n<p>Am Tag der Operation holte mich der Fahrer ab und fuhr mich zum Krankenhaus. Ich wurde vom \u00dcbersetzer empfangen. Er erkl\u00e4rte mir, was an diesem Tag auf mich zukommen w\u00fcrde, und war die ganze Zeit bei mir, um alles zu \u00fcbersetzen. Dann begann die Voruntersuchung. Alles wurde detailliert erkl\u00e4rt. Als die Voruntersuchung mittags beendet war, gingen wir mit f\u00fcnf weiteren Patienten aus Deutschland zu Mittag essen. Gegen 15.00 Uhr begann meine Operation, und da ich sehr gut auf die Operation vorbereitet war, wusste ich genau, was auf mich zukommt. F\u00fcr beide Augen dauerte die Operation insgesamt 20 Minuten. W\u00e4hrend der Operation hatte ich keine Schmerzen und danach nur einen leichten Druck im Kopf. Ich schlief ein paar Stunden. Ich war sehr \u00fcberrascht, dass ich keine Schmerzen au\u00dfer dem Druckgef\u00fchl im Kopf hatte. Am Abend konnte ich die ersten Textnachrichten auf meinem Handy ohne Brille lesen :-). Am n\u00e4chsten Morgen hatte ich meine medizinische Kontrolle, und alles war in Ordnung. Danach erhielt ich eine Informationsseite mit Angaben, wie oft ich die Augentropfen verwenden sollte und worauf ich in den folgenden Wochen nach der Operation achten muss. Danach brachte mich der Fahrer zur\u00fcck in mein Hotel.              <\/p>\n\n\n\n<p>In den ersten zwei Tagen musste ich eine Sonnenbrille tragen, da meine Augen lichtempfindlich waren. Ich war sehr froh, dass ich ohne Sonnenbrille leben konnte, und bin immer noch sehr gl\u00fccklich. Ich hatte das Gef\u00fchl, von einer gro\u00dfen Last befreit zu sein, frei von diesen st\u00f6renden Brillen. Ich glaube, ich bin in guten H\u00e4nden im Krankenhaus, das mit MedicalTravel in Antalya zusammenarbeitet, und ich kann diesen Ort jedem empfehlen.   <\/p>\n\n\n\n<p>Urs K\u00f6pfli aus Wohlen AG\u2013 Schweiz hatte am 20. Juli 2012 eine Operation in Antalya.<\/p>\n\n\n\n<div class=\"wp-block-group is-layout-grid wp-container-core-group-is-layout-baef362d wp-block-group-is-layout-grid\">\n<p><a href=\"https:\/\/medicaltravel.at\/home\/agb\/\" data-type=\"page\" data-id=\"2191\" target=\"_blank\" rel=\"noopener\"><\/a><a href=\"https:\/\/medicaltravel.net\/de\/erfahrungsberichte\/urlaub-und-brustvergroesserung-mit-silikonimplantaten-von-250-ml-kombiniert-in-istanbul\/\" data-type=\"link\" data-id=\"https:\/\/medicaltravel.net\/de\/erfahrungsberichte\/urlaub-und-brustvergroesserung-mit-silikonimplantaten-von-250-ml-kombiniert-in-istanbul\/\"><a href=\"https:\/\/medicaltravel.ch\/berichte-von-patienten-istanbul-turkei\/erfahrungsberichte\/brustop-liposuction-istanbul\/\" data-type=\"link\" data-id=\"https:\/\/medicaltravel.ch\/berichte-von-patienten-istanbul-turkei\/erfahrungsberichte\/brustop-liposuction-istanbul\/\" target=\"_blank\" rel=\"noopener\">Der vorherige Bericht<\/a><\/a><\/p>\n\n\n\n<p class=\"has-text-align-right wp-container-content-5e2576f9\"><a href=\"https:\/\/medicaltravel.at\/home\/impressum\/\" data-type=\"page\" data-id=\"2193\" target=\"_blank\" rel=\"noopener\"><\/a><a href=\"https:\/\/medicaltravel.at\/home\/berichte-von-patienten\/erfahrungsberichte\/erfahrungsbericht-zahnbehandlung-in-istanbul\/\" data-type=\"page\" data-id=\"981\" target=\"_blank\" rel=\"noopener\"><\/a><a href=\"https:\/\/medicaltravel.net\/de\/erfahrungsberichte\/meine-fettabsaugungsoperation-im-acibadem-hospital-in-istanbul\/\" data-type=\"link\" data-id=\"https:\/\/medicaltravel.net\/de\/erfahrungsberichte\/meine-fettabsaugungsoperation-im-acibadem-hospital-in-istanbul\/\"><a href=\"https:\/\/medicaltravel.ch\/berichte-von-patienten-istanbul-turkei\/erfahrungsberichte\/augenlidstraffung-istanbul-beurteilung-patientenmeinung\/\" data-type=\"link\" data-id=\"https:\/\/medicaltravel.ch\/home\/berichte-von-patienten-istanbul-turkei\/erfahrungsberichte\/augenlidstraffung-istanbul-beurteilung-patientenmeinung\/\" target=\"_blank\" rel=\"noopener\">Der n\u00e4chste Bericht<\/a><\/a><\/p>\n<\/div>\n","protected":false},"excerpt":{"rendered":"<p>Meine Laser-Augenbehandlung in Antalya T\u00fcrkei \u00fcber MedicalTravel \u2013 Bericht vom Donnerstag, 02. August 2012 geschrieben am Donnerstag, den 2. August 2012 Ich entschied mich, meine Brille loszuwerden, da sie mich wirklich st\u00f6rte und einschr\u00e4nkte. Allerdings musste ich nach Alternativen suchen, da Laser-Augenoperationen so teuer sind, dass ich sie mir in der Schweiz nicht leisten kann. Ich fand mehrere Krankenh\u00e4user f\u00fcr Laser-Augenoperationen im Ausland. Mein erster Eindruck von der Website von MedicalTravel war, dass sie professionell ist, da sie st\u00e4ndig Informationsabende organisieren, bei denen man den operierenden \u00c4rzten jede Frage stellen und Informationen erhalten kann, ohne sich verpflichtet zu f\u00fchlen. Es war auch vertrauensw\u00fcrdig zu sehen, dass es m\u00f6glich ist, die Voruntersuchungen in der Schweiz durchf\u00fchren zu lassen. Au\u00dferdem konnte man die Kosten \u00fcber die klare und genaue Preisliste auf der Website einsehen. Ich nahm sehr schnell und einfach per E-Mail Kontakt mit MedicalTravel auf. Ich entschied mich auch, die Laser-Augenbehandlung in einem Krankenhaus in Antalya durchf\u00fchren zu lassen, sodass ich sie mit meinem Sommerurlaub in Side\/T\u00fcrkei kombinieren konnte. Ich vereinbarte meinen Termin per E-Mail und alles wurde organisiert, einschlie\u00dflich unserer An- und Abreise, Operation, \u00dcbernachtung, Voruntersuchungen und medizinischen Kontrollen. Sie beantworteten auch alle Fragen, die mir im Kopf standen. Es war sehr einfach und unkompliziert, mit MedicalTravel in Kontakt zu treten. Vor meiner Reise erhielt ich meinen MedicalTravel-Pass, einen sehr n\u00fctzlichen Leitfaden, der alle wichtigen Informationen, Telefonnummern und hilfreiche Hinweise zum Land sowie zu touristischen Sehensw\u00fcrdigkeiten enth\u00e4lt. Zwei Tage vor der Operation rief mich mein \u00dcbersetzer an, um mich dar\u00fcber zu informieren, wann ich zum Krankenhaus gefahren werde und wie der Tagesplan aussieht. Am Tag der Operation holte mich der Fahrer ab und fuhr mich zum Krankenhaus. Ich wurde vom \u00dcbersetzer empfangen. Er erkl\u00e4rte mir, was an diesem Tag auf mich zukommen w\u00fcrde, und war die ganze Zeit bei mir, um alles zu \u00fcbersetzen. Dann begann die Voruntersuchung. Alles wurde detailliert erkl\u00e4rt. Als die Voruntersuchung mittags beendet war, gingen wir mit f\u00fcnf weiteren Patienten aus Deutschland zu Mittag essen. Gegen 15.00 Uhr begann meine Operation, und da ich sehr gut auf die Operation vorbereitet war, wusste ich genau, was auf mich zukommt. F\u00fcr beide Augen dauerte die Operation insgesamt 20 Minuten. W\u00e4hrend der Operation hatte ich keine Schmerzen und danach nur einen leichten Druck im Kopf. Ich schlief ein paar Stunden. Ich war sehr \u00fcberrascht, dass ich keine Schmerzen au\u00dfer dem Druckgef\u00fchl im Kopf hatte. Am Abend konnte ich die ersten Textnachrichten auf meinem Handy ohne Brille lesen :-). Am n\u00e4chsten Morgen hatte ich meine medizinische Kontrolle, und alles war in Ordnung. Danach erhielt ich eine Informationsseite mit Angaben, wie oft ich die Augentropfen verwenden sollte und worauf ich in den folgenden Wochen nach der Operation achten muss. Danach brachte mich der Fahrer zur\u00fcck in mein Hotel. In den ersten zwei Tagen musste ich eine Sonnenbrille tragen, da meine Augen lichtempfindlich waren. Ich war sehr froh, dass ich ohne Sonnenbrille leben konnte, und bin immer noch sehr gl\u00fccklich. Ich hatte das Gef\u00fchl, von einer gro\u00dfen Last befreit zu sein, frei von diesen st\u00f6renden Brillen. Ich glaube, ich bin in guten H\u00e4nden im Krankenhaus, das mit MedicalTravel in Antalya zusammenarbeitet, und ich kann diesen Ort jedem empfehlen. Urs K\u00f6pfli aus Wohlen AG\u2013 Schweiz hatte am 20. Juli 2012 eine Operation in Antalya. Der vorherige Bericht Der n\u00e4chste Bericht<\/p>\n","protected":false},"author":4,"featured_media":0,"parent":2352,"menu_order":0,"comment_status":"closed","ping_status":"closed","template":"","meta":{"_joinchat":[],"footnotes":""},"class_list":["post-2366","page","type-page","status-publish","hentry"],"acf":[],"_links":{"self":[{"href":"https:\/\/medicaltravel.net\/de\/wp-json\/wp\/v2\/pages\/2366","targetHints":{"allow":["GET"]}}],"collection":[{"href":"https:\/\/medicaltravel.net\/de\/wp-json\/wp\/v2\/pages"}],"about":[{"href":"https:\/\/medicaltravel.net\/de\/wp-json\/wp\/v2\/types\/page"}],"author":[{"embeddable":true,"href":"https:\/\/medicaltravel.net\/de\/wp-json\/wp\/v2\/users\/4"}],"replies":[{"embeddable":true,"href":"https:\/\/medicaltravel.net\/de\/wp-json\/wp\/v2\/comments?post=2366"}],"version-history":[{"count":2,"href":"https:\/\/medicaltravel.net\/de\/wp-json\/wp\/v2\/pages\/2366\/revisions"}],"predecessor-version":[{"id":3306,"href":"https:\/\/medicaltravel.net\/de\/wp-json\/wp\/v2\/pages\/2366\/revisions\/3306"}],"up":[{"embeddable":true,"href":"https:\/\/medicaltravel.net\/de\/wp-json\/wp\/v2\/pages\/2352"}],"wp:attachment":[{"href":"https:\/\/medicaltravel.net\/de\/wp-json\/wp\/v2\/media?parent=2366"}],"curies":[{"name":"wp","href":"https:\/\/api.w.org\/{rel}","templated":true}]}}