{"id":2368,"date":"2025-09-29T10:04:30","date_gmt":"2025-09-29T09:04:30","guid":{"rendered":"https:\/\/medicaltravel.net\/erfahrungsberichte\/meine-fettabsaugungsoperation-im-acibadem-hospital-in-istanbul\/"},"modified":"2026-01-13T13:45:15","modified_gmt":"2026-01-13T12:45:15","slug":"meine-fettabsaugungsoperation-im-acibadem-hospital-in-istanbul","status":"publish","type":"page","link":"https:\/\/medicaltravel.net\/de\/erfahrungsberichte\/meine-fettabsaugungsoperation-im-acibadem-hospital-in-istanbul\/","title":{"rendered":"Meine Fettabsaugungsoperation im Acibadem Hospital in Istanbul"},"content":{"rendered":"\n<h3 class=\"wp-block-heading\">Meine Fettabsaugungsoperation im Acibadem Hospital in Istanbul<\/h3>\n\n\n\n<p>\u2013 Bericht vom Sonntag, 07. August 2011 <\/p>\n\n\n\n<p>geschrieben am 07. August 2011 Montag<\/p>\n\n\n\n<p>Ich wurde schon lange durch das Fett an meinen H\u00fcften und Oberschenkeln gest\u00f6rt. Egal welche Di\u00e4t oder Sport ich ausprobierte, ich konnte diese Bereiche nicht schlanker bekommen. Ich recherchierte im Internet \u00fcber Operationen. Ich pr\u00fcfte die Folgen und m\u00f6glichen Risiken sehr sorgf\u00e4ltig. Ich fand sehr viele positive Erfahrungen von Patienten. Die Ergebnisse sahen wirklich perfekt aus. Dann entschied ich mich ebenfalls f\u00fcr eine Fettabsaugung. Nun war das Einzige, was zu tun blieb, den richtigen Chirurgen zu finden. Ein Kollege von mir war wegen einer Augenoperation in Istanbul; das gab mir die Idee, f\u00fcr eine Operation nach Istanbul zu gehen. Au\u00dferdem gefiel mir die Vorstellung, im Urlaub zu sein und als ver\u00e4nderter Mensch zur\u00fcckzukehren. Ich bat Swisslasik um Informationen \u00fcber den Chirurgen und sie schickten mir sofort seinen Lebenslauf. Soweit ich sehen konnte, war Herr Sukru Yazar die beste Adresse f\u00fcr \u00e4sthetische Operationen.           <\/p>\n\n\n\n<p>Zuerst erschien mir die Idee, mich in der T\u00fcrkei operieren zu lassen, etwas seltsam; doch als ich es gr\u00fcndlich \u00fcberdachte, waren die Risiken \u00fcberall gleich. Eine virtuelle Tour durch das Krankenhaus war verf\u00fcgbar und auf den ersten Blick war ich wirklich beeindruckt. Dann entschied ich mich f\u00fcr die Operation und meldete mich an. <\/p>\n\n\n\n<p>Wir flogen zusammen mit meiner Kollegin von Z\u00fcrich nach Istanbul. Der Fahrer des Acibadem Krankenhauses empfing mich am Flughafen und brachte mich f\u00fcr die Voruntersuchung zum Chirurgen ins Krankenhaus. Dort begr\u00fc\u00dfte mich meine Begleiterin Seyma. Sie sprach nur Englisch, aber da ich sehr gut Englisch kann, war das kein Problem. Nach der Angabe meiner Personendaten hatte ich meinen Termin beim Chirurgen. Er untersuchte meinen K\u00f6rper, zeigte mir die Stellen, an denen er das Fett entfernen sollte, und erkl\u00e4rte mir noch einmal die Risiken. Wir sprachen auch \u00fcber Narkose; da ich eine Vollnarkose nicht bevorzugte, kam auch der Narkosearzt. Ich w\u00fcnschte mir eine \u00f6rtliche Bet\u00e4ubung. Dann wurde mir Blut abgenommen und ich wurde zur\u00fcck zu meinem Hotel gebracht. Am n\u00e4chsten Tag holte mich der Fahrer um 07.00 Uhr ab und brachte mich ins Krankenhaus. Man zeigte mir mein Zimmer, und als ich mich eingerichtet hatte, kam der Arzt und markierte die Bereiche, an denen das Fett abgesaugt werden sollte. Dann kam der Narkosearzt und besprach mit mir die Art der Narkose, die ich haben wollte. Bald wurde ich in den Operationssaal gebracht. Ich erhielt die Narkose und schlief halb ein. Ich sp\u00fcrte die Operation \u00fcberhaupt nicht. Zwei Stunden sp\u00e4ter wurde ich geweckt und man teilte mir mit, dass die Operation beendet sei. Ich blieb eine Weile im Aufwachraum, dann brachte mich die Krankenschwester in mein Zimmer. Ich f\u00fchlte mich sehr gut, war aber etwas schwindelig. Einige Stunden sp\u00e4ter kam Herr Sukru Yazar, um sich nach meinem Befinden zu erkundigen; er fragte, ob ich Schmerzen habe oder nicht. Ich bekam eine Infusion mit Schmerzmitteln und wurde au\u00dferdem verpflegt. Da es nach der Operation wichtig ist aufzustehen, kam eine Krankenschwester und half mir, aufzustehen. Ich war bis zum Gang zur Toilette ein wenig schwindelig, konnte aber gehen. Die Krankenschwestern waren alle sehr freundlich und haben viel Aufmerksamkeit auf mich verwendet. Obwohl die Kommunikation manchmal schwierig war, haben wir dank Gesten alles gemeistert. Sp\u00e4ter am Abend konnte ich alleine laufen. Ich blieb eine Nacht im Krankenhaus und konnte meine H\u00fcften und Oberschenkel zum ersten Mal sehen. Da alles mit Bluterg\u00fcssen bedeckt war, konnte ich erkennen, dass sich an meinen H\u00fcften eine deutliche Ver\u00e4nderung zeigte, und ich war sehr froh. Sie gaben mir ein Rezept und erkl\u00e4rten mir, wie ich meine Medikamente einnehmen sollte. Dann brachte mir eine junge Frau meine Medikamente. Als es Zeit war, das Krankenhaus zu verlassen, brachte mich der Fahrer zur\u00fcck zu meinem Hotel. Ich kann sagen, dass ich mit dem Krankenhaus sehr zufrieden war. Der Service war ausgezeichnet und das Einzelzimmer war wie in einem Hotel. Es war wirklich perfekt.                               <\/p>\n\n\n\n<p>Ich war den ganzen Tag sehr m\u00fcde, ging aber zwischendurch immer wieder ein wenig spazieren. Jetzt begann ich, die Schmerzen zu sp\u00fcren. Sie waren \u00e4hnlich wie Muskelverspannungen.  <\/p>\n\n\n\n<p>Die Nacht war dank der Medikamente gut. Am n\u00e4chsten Tag duschte ich. Alles war in Ordnung, aber die Schmerzen hielten an und die Bewegungen waren sehr steif. Die Operationsstellen sahen sehr h\u00e4sslich aus. Da ich jedoch sehr gut informiert wurde, wusste ich, dass dies alles normal ist. Am gleichen Tag besichtigte ich sogar den Gro\u00dfen Basar, wurde aber sehr schnell m\u00fcde und war sehr erleichtert, als wir ins Hotel zur\u00fcckkehrten.     <\/p>\n\n\n\n<p>Ich bin neulich in die Schweiz geflogen der Flug war in Ordnung und ich war froh, nach Hause zur\u00fcckzukehren ich konnte die spezielle Kleidung, die sie mir gegeben hatten, loswerden und ein Bad nehmen der Schmerz war deutlich geringer und ich konnte mich viel besser bewegen ich habe nach der Reise hervorragend geschlafen    <\/p>\n\n\n\n<p>Heute, 4 Wochen nach der Operation, habe ich keine Schmerzen und keine Bluterg\u00fcsse die Narben sind so klein, dass sie fast unsichtbar sind obwohl es zu fr\u00fch ist, um die endg\u00fcltigen Ergebnisse zu sehen, freue ich mich zu sehen, was ich sehe  <br>Jeanette Kramer<\/p>\n\n\n\n<div class=\"wp-block-group is-layout-grid wp-container-core-group-is-layout-baef362d wp-block-group-is-layout-grid\">\n<p><a href=\"https:\/\/medicaltravel.at\/home\/agb\/\" data-type=\"page\" data-id=\"2191\" target=\"_blank\" rel=\"noopener\"><\/a><a href=\"https:\/\/medicaltravel.net\/de\/erfahrungsberichte\/meine-laser-augenbehandlung-in-antalya-tuerkei-ueber-medicaltravel\/\" data-type=\"link\" data-id=\"https:\/\/medicaltravel.net\/testimonials\/my-laser-eye-treatment-in-antalya-turkey-via-medicaltravel\/\"><a href=\"https:\/\/medicaltravel.ch\/berichte-von-patienten-istanbul-turkei\/erfahrungsberichte\/brustop-liposuction-istanbul\/\" data-type=\"link\" data-id=\"https:\/\/medicaltravel.ch\/berichte-von-patienten-istanbul-turkei\/erfahrungsberichte\/brustop-liposuction-istanbul\/\" target=\"_blank\" rel=\"noopener\">Der vorherige Bericht<\/a><\/a><\/p>\n\n\n\n<p class=\"has-text-align-right wp-container-content-5e2576f9\"><a href=\"https:\/\/medicaltravel.at\/home\/impressum\/\" data-type=\"page\" data-id=\"2193\" target=\"_blank\" rel=\"noopener\"><\/a><a href=\"https:\/\/medicaltravel.at\/home\/berichte-von-patienten\/erfahrungsberichte\/erfahrungsbericht-zahnbehandlung-in-istanbul\/\" data-type=\"page\" data-id=\"981\" target=\"_blank\" rel=\"noopener\"><\/a><a href=\"https:\/\/medicaltravel.net\/de\/erfahrungsberichte\/meine-zahnbehandlung-in-istanbul\/\" data-type=\"link\" data-id=\"https:\/\/medicaltravel.net\/testimonials\/my-dental-treatment-in-istanbul\/\"><a href=\"https:\/\/medicaltravel.ch\/berichte-von-patienten-istanbul-turkei\/erfahrungsberichte\/augenlidstraffung-istanbul-beurteilung-patientenmeinung\/\" data-type=\"link\" data-id=\"https:\/\/medicaltravel.ch\/home\/berichte-von-patienten-istanbul-turkei\/erfahrungsberichte\/augenlidstraffung-istanbul-beurteilung-patientenmeinung\/\" target=\"_blank\" rel=\"noopener\">Der n\u00e4chste Bericht<\/a><\/a><\/p>\n<\/div>\n","protected":false},"excerpt":{"rendered":"<p>Meine Fettabsaugungsoperation im Acibadem Hospital in Istanbul \u2013 Bericht vom Sonntag, 07. August 2011 geschrieben am 07. August 2011 Montag Ich wurde schon lange durch das Fett an meinen H\u00fcften und Oberschenkeln gest\u00f6rt. Egal welche Di\u00e4t oder Sport ich ausprobierte, ich konnte diese Bereiche nicht schlanker bekommen. Ich recherchierte im Internet \u00fcber Operationen. Ich pr\u00fcfte die Folgen und m\u00f6glichen Risiken sehr sorgf\u00e4ltig. Ich fand sehr viele positive Erfahrungen von Patienten. Die Ergebnisse sahen wirklich perfekt aus. Dann entschied ich mich ebenfalls f\u00fcr eine Fettabsaugung. Nun war das Einzige, was zu tun blieb, den richtigen Chirurgen zu finden. Ein Kollege von mir war wegen einer Augenoperation in Istanbul; das gab mir die Idee, f\u00fcr eine Operation nach Istanbul zu gehen. Au\u00dferdem gefiel mir die Vorstellung, im Urlaub zu sein und als ver\u00e4nderter Mensch zur\u00fcckzukehren. Ich bat Swisslasik um Informationen \u00fcber den Chirurgen und sie schickten mir sofort seinen Lebenslauf. Soweit ich sehen konnte, war Herr Sukru Yazar die beste Adresse f\u00fcr \u00e4sthetische Operationen. Zuerst erschien mir die Idee, mich in der T\u00fcrkei operieren zu lassen, etwas seltsam; doch als ich es gr\u00fcndlich \u00fcberdachte, waren die Risiken \u00fcberall gleich. Eine virtuelle Tour durch das Krankenhaus war verf\u00fcgbar und auf den ersten Blick war ich wirklich beeindruckt. Dann entschied ich mich f\u00fcr die Operation und meldete mich an. Wir flogen zusammen mit meiner Kollegin von Z\u00fcrich nach Istanbul. Der Fahrer des Acibadem Krankenhauses empfing mich am Flughafen und brachte mich f\u00fcr die Voruntersuchung zum Chirurgen ins Krankenhaus. Dort begr\u00fc\u00dfte mich meine Begleiterin Seyma. Sie sprach nur Englisch, aber da ich sehr gut Englisch kann, war das kein Problem. Nach der Angabe meiner Personendaten hatte ich meinen Termin beim Chirurgen. Er untersuchte meinen K\u00f6rper, zeigte mir die Stellen, an denen er das Fett entfernen sollte, und erkl\u00e4rte mir noch einmal die Risiken. Wir sprachen auch \u00fcber Narkose; da ich eine Vollnarkose nicht bevorzugte, kam auch der Narkosearzt. Ich w\u00fcnschte mir eine \u00f6rtliche Bet\u00e4ubung. Dann wurde mir Blut abgenommen und ich wurde zur\u00fcck zu meinem Hotel gebracht. Am n\u00e4chsten Tag holte mich der Fahrer um 07.00 Uhr ab und brachte mich ins Krankenhaus. Man zeigte mir mein Zimmer, und als ich mich eingerichtet hatte, kam der Arzt und markierte die Bereiche, an denen das Fett abgesaugt werden sollte. Dann kam der Narkosearzt und besprach mit mir die Art der Narkose, die ich haben wollte. Bald wurde ich in den Operationssaal gebracht. Ich erhielt die Narkose und schlief halb ein. Ich sp\u00fcrte die Operation \u00fcberhaupt nicht. Zwei Stunden sp\u00e4ter wurde ich geweckt und man teilte mir mit, dass die Operation beendet sei. Ich blieb eine Weile im Aufwachraum, dann brachte mich die Krankenschwester in mein Zimmer. Ich f\u00fchlte mich sehr gut, war aber etwas schwindelig. Einige Stunden sp\u00e4ter kam Herr Sukru Yazar, um sich nach meinem Befinden zu erkundigen; er fragte, ob ich Schmerzen habe oder nicht. Ich bekam eine Infusion mit Schmerzmitteln und wurde au\u00dferdem verpflegt. Da es nach der Operation wichtig ist aufzustehen, kam eine Krankenschwester und half mir, aufzustehen. Ich war bis zum Gang zur Toilette ein wenig schwindelig, konnte aber gehen. Die Krankenschwestern waren alle sehr freundlich und haben viel Aufmerksamkeit auf mich verwendet. Obwohl die Kommunikation manchmal schwierig war, haben wir dank Gesten alles gemeistert. Sp\u00e4ter am Abend konnte ich alleine laufen. Ich blieb eine Nacht im Krankenhaus und konnte meine H\u00fcften und Oberschenkel zum ersten Mal sehen. Da alles mit Bluterg\u00fcssen bedeckt war, konnte ich erkennen, dass sich an meinen H\u00fcften eine deutliche Ver\u00e4nderung zeigte, und ich war sehr froh. Sie gaben mir ein Rezept und erkl\u00e4rten mir, wie ich meine Medikamente einnehmen sollte. Dann brachte mir eine junge Frau meine Medikamente. Als es Zeit war, das Krankenhaus zu verlassen, brachte mich der Fahrer zur\u00fcck zu meinem Hotel. Ich kann sagen, dass ich mit dem Krankenhaus sehr zufrieden war. Der Service war ausgezeichnet und das Einzelzimmer war wie in einem Hotel. Es war wirklich perfekt. Ich war den ganzen Tag sehr m\u00fcde, ging aber zwischendurch immer wieder ein wenig spazieren. Jetzt begann ich, die Schmerzen zu sp\u00fcren. Sie waren \u00e4hnlich wie Muskelverspannungen. Die Nacht war dank der Medikamente gut. Am n\u00e4chsten Tag duschte ich. Alles war in Ordnung, aber die Schmerzen hielten an und die Bewegungen waren sehr steif. Die Operationsstellen sahen sehr h\u00e4sslich aus. Da ich jedoch sehr gut informiert wurde, wusste ich, dass dies alles normal ist. Am gleichen Tag besichtigte ich sogar den Gro\u00dfen Basar, wurde aber sehr schnell m\u00fcde und war sehr erleichtert, als wir ins Hotel zur\u00fcckkehrten. Ich bin neulich in die Schweiz geflogen der Flug war in Ordnung und ich war froh, nach Hause zur\u00fcckzukehren ich konnte die spezielle Kleidung, die sie mir gegeben hatten, loswerden und ein Bad nehmen der Schmerz war deutlich geringer und ich konnte mich viel besser bewegen ich habe nach der Reise hervorragend geschlafen Heute, 4 Wochen nach der Operation, habe ich keine Schmerzen und keine Bluterg\u00fcsse die Narben sind so klein, dass sie fast unsichtbar sind obwohl es zu fr\u00fch ist, um die endg\u00fcltigen Ergebnisse zu sehen, freue ich mich zu sehen, was ich sehe Jeanette Kramer Der vorherige Bericht Der n\u00e4chste Bericht<\/p>\n","protected":false},"author":4,"featured_media":0,"parent":2352,"menu_order":0,"comment_status":"closed","ping_status":"closed","template":"","meta":{"_joinchat":[],"footnotes":""},"class_list":["post-2368","page","type-page","status-publish","hentry"],"acf":[],"_links":{"self":[{"href":"https:\/\/medicaltravel.net\/de\/wp-json\/wp\/v2\/pages\/2368","targetHints":{"allow":["GET"]}}],"collection":[{"href":"https:\/\/medicaltravel.net\/de\/wp-json\/wp\/v2\/pages"}],"about":[{"href":"https:\/\/medicaltravel.net\/de\/wp-json\/wp\/v2\/types\/page"}],"author":[{"embeddable":true,"href":"https:\/\/medicaltravel.net\/de\/wp-json\/wp\/v2\/users\/4"}],"replies":[{"embeddable":true,"href":"https:\/\/medicaltravel.net\/de\/wp-json\/wp\/v2\/comments?post=2368"}],"version-history":[{"count":2,"href":"https:\/\/medicaltravel.net\/de\/wp-json\/wp\/v2\/pages\/2368\/revisions"}],"predecessor-version":[{"id":3307,"href":"https:\/\/medicaltravel.net\/de\/wp-json\/wp\/v2\/pages\/2368\/revisions\/3307"}],"up":[{"embeddable":true,"href":"https:\/\/medicaltravel.net\/de\/wp-json\/wp\/v2\/pages\/2352"}],"wp:attachment":[{"href":"https:\/\/medicaltravel.net\/de\/wp-json\/wp\/v2\/media?parent=2368"}],"curies":[{"name":"wp","href":"https:\/\/api.w.org\/{rel}","templated":true}]}}