{"id":2370,"date":"2025-09-29T10:01:18","date_gmt":"2025-09-29T09:01:18","guid":{"rendered":"https:\/\/medicaltravel.net\/erfahrungsberichte\/meine-nasenoperation-in-istanbul-tuerkei-erfahrungsbericht\/"},"modified":"2026-01-13T13:37:31","modified_gmt":"2026-01-13T12:37:31","slug":"meine-nasenoperation-in-istanbul-tuerkei-erfahrungsbericht","status":"publish","type":"page","link":"https:\/\/medicaltravel.net\/de\/erfahrungsberichte\/meine-nasenoperation-in-istanbul-tuerkei-erfahrungsbericht\/","title":{"rendered":"Meine Nasenoperation in Istanbul T\u00fcrkei Erfahrungsbericht"},"content":{"rendered":"\n<h3 class=\"wp-block-heading\">MEINE NASENOPERATION IN ISTANBUL T\u00dcRKEI ERFAHRUNGSBERICHT<\/h3>\n\n\n\n<p>\u2013 Bericht vom Donnerstag, 20. Dezember 2018 <\/p>\n\n\n\n<p>Nach der Recherche verschiedener Sch\u00f6nheitskliniken im Internet hat mich die Homepage von Medical Travel am meisten beeindruckt<\/p>\n\n\n\n<p>Ich war an einer Korrektur der Nasenspitze interessiert um Rat zu erhalten, konnte ich ein pers\u00f6nliches Gespr\u00e4ch mit dem behandelnden Arzt Professor Ersoy \u00fcber Herrn Kara in Zug f\u00fchren <\/p>\n\n\n\n<p>Nach dem Gespr\u00e4ch brauchte ich etwas Zeit, um noch einmal dar\u00fcber nachzudenken<\/p>\n\n\n\n<p>Nach Vereinbarung hat Herr Kara die gesamte Reise f\u00fcr mich organisiert Flug, Hotel, Krankenhausaufenthalt, Dolmetscher<\/p>\n\n\n\n<p>Ich war froh, dass ich mir diesbez\u00fcglich keine Sorgen machen musste und alles hat perfekt funktioniert <\/p>\n\n\n\n<p>Ich wurde immer sehr p\u00fcnktlich vom Hotel abgeholt das Hotel war ausgezeichnet sehr ger\u00e4umige Zimmer und exzellentes Fr\u00fchst\u00fcck <\/p>\n\n\n\n<p>Die Operation selbst im Krankenhaus verlief gut nach der Operation blieb ich einmal im Krankenhaus, was nach der Vollnarkose ebenfalls notwendig war das Zimmer ist sehr sch\u00f6n und absolut sauber  <\/p>\n\n\n\n<p>In den ersten sieben Tagen war die Nase verbunden nach einer Woche wurde dies entfernt und ein spezieller Pflasterstreifen angebracht alle F\u00e4den wurden entfernt  <\/p>\n\n\n\n<p>Nach dem Entfernen des Pflasters war die Nase noch einige Tage geschwollen und das endg\u00fcltige Ergebnis zeichnet sich ab f\u00fcr mich war das Ergebnis nicht sofort sichtbar, daher war ich anfangs etwas entt\u00e4uscht <\/p>\n\n\n\n<p>Aber jetzt, nach sechs Wochen in Istanbul, bin ich sehr zufrieden und sehe deutlich, dass die Nase feiner ist<\/p>\n\n\n\n<p>Nach der Operation wurden mir Antibiotika und Schmerzmittel gegeben, die ich separat bezahlt habe alles in allem ist alles sehr gut organisiert und absolut professionell <\/p>\n\n\n\n<p>F\u00fcr mich hat sich die Operation gelohnt<br>Mit freundlichen Gr\u00fc\u00dfen<\/p>\n\n\n\n<p>Claudia Rudolf<\/p>\n\n\n\n<div class=\"wp-block-group is-layout-grid wp-container-core-group-is-layout-baef362d wp-block-group-is-layout-grid\">\n<p><\/p>\n\n\n\n<p class=\"has-text-align-right wp-container-content-5e2576f9\"><a href=\"https:\/\/medicaltravel.at\/home\/impressum\/\" data-type=\"page\" data-id=\"2193\" target=\"_blank\" rel=\"noopener\"><\/a><a href=\"https:\/\/medicaltravel.at\/home\/berichte-von-patienten\/erfahrungsberichte\/erfahrungsbericht-zahnbehandlung-in-istanbul\/\" data-type=\"page\" data-id=\"981\" target=\"_blank\" rel=\"noopener\"><\/a><a href=\"https:\/\/medicaltravel.net\/de\/erfahrungsberichte\/hoher-service-beste-ergebnisse\/\" data-type=\"link\" data-id=\"https:\/\/medicaltravel.net\/testimonials\/high-service-best-results\/\"><a href=\"https:\/\/medicaltravel.ch\/berichte-von-patienten-istanbul-turkei\/erfahrungsberichte\/augenlidstraffung-istanbul-beurteilung-patientenmeinung\/\" data-type=\"link\" data-id=\"https:\/\/medicaltravel.ch\/home\/berichte-von-patienten-istanbul-turkei\/erfahrungsberichte\/augenlidstraffung-istanbul-beurteilung-patientenmeinung\/\" target=\"_blank\" rel=\"noopener\">Der n\u00e4chste Bericht<\/a><\/a><\/p>\n<\/div>\n","protected":false},"excerpt":{"rendered":"<p>MEINE NASENOPERATION IN ISTANBUL T\u00dcRKEI ERFAHRUNGSBERICHT \u2013 Bericht vom Donnerstag, 20. Dezember 2018 Nach der Recherche verschiedener Sch\u00f6nheitskliniken im Internet hat mich die Homepage von Medical Travel am meisten beeindruckt Ich war an einer Korrektur der Nasenspitze interessiert um Rat zu erhalten, konnte ich ein pers\u00f6nliches Gespr\u00e4ch mit dem behandelnden Arzt Professor Ersoy \u00fcber Herrn Kara in Zug f\u00fchren Nach dem Gespr\u00e4ch brauchte ich etwas Zeit, um noch einmal dar\u00fcber nachzudenken Nach Vereinbarung hat Herr Kara die gesamte Reise f\u00fcr mich organisiert Flug, Hotel, Krankenhausaufenthalt, Dolmetscher Ich war froh, dass ich mir diesbez\u00fcglich keine Sorgen machen musste und alles hat perfekt funktioniert Ich wurde immer sehr p\u00fcnktlich vom Hotel abgeholt das Hotel war ausgezeichnet sehr ger\u00e4umige Zimmer und exzellentes Fr\u00fchst\u00fcck Die Operation selbst im Krankenhaus verlief gut nach der Operation blieb ich einmal im Krankenhaus, was nach der Vollnarkose ebenfalls notwendig war das Zimmer ist sehr sch\u00f6n und absolut sauber In den ersten sieben Tagen war die Nase verbunden nach einer Woche wurde dies entfernt und ein spezieller Pflasterstreifen angebracht alle F\u00e4den wurden entfernt Nach dem Entfernen des Pflasters war die Nase noch einige Tage geschwollen und das endg\u00fcltige Ergebnis zeichnet sich ab f\u00fcr mich war das Ergebnis nicht sofort sichtbar, daher war ich anfangs etwas entt\u00e4uscht Aber jetzt, nach sechs Wochen in Istanbul, bin ich sehr zufrieden und sehe deutlich, dass die Nase feiner ist Nach der Operation wurden mir Antibiotika und Schmerzmittel gegeben, die ich separat bezahlt habe alles in allem ist alles sehr gut organisiert und absolut professionell F\u00fcr mich hat sich die Operation gelohntMit freundlichen Gr\u00fc\u00dfen Claudia Rudolf Der n\u00e4chste Bericht<\/p>\n","protected":false},"author":4,"featured_media":0,"parent":2352,"menu_order":0,"comment_status":"closed","ping_status":"closed","template":"","meta":{"_joinchat":[],"footnotes":""},"class_list":["post-2370","page","type-page","status-publish","hentry"],"acf":[],"_links":{"self":[{"href":"https:\/\/medicaltravel.net\/de\/wp-json\/wp\/v2\/pages\/2370","targetHints":{"allow":["GET"]}}],"collection":[{"href":"https:\/\/medicaltravel.net\/de\/wp-json\/wp\/v2\/pages"}],"about":[{"href":"https:\/\/medicaltravel.net\/de\/wp-json\/wp\/v2\/types\/page"}],"author":[{"embeddable":true,"href":"https:\/\/medicaltravel.net\/de\/wp-json\/wp\/v2\/users\/4"}],"replies":[{"embeddable":true,"href":"https:\/\/medicaltravel.net\/de\/wp-json\/wp\/v2\/comments?post=2370"}],"version-history":[{"count":2,"href":"https:\/\/medicaltravel.net\/de\/wp-json\/wp\/v2\/pages\/2370\/revisions"}],"predecessor-version":[{"id":3299,"href":"https:\/\/medicaltravel.net\/de\/wp-json\/wp\/v2\/pages\/2370\/revisions\/3299"}],"up":[{"embeddable":true,"href":"https:\/\/medicaltravel.net\/de\/wp-json\/wp\/v2\/pages\/2352"}],"wp:attachment":[{"href":"https:\/\/medicaltravel.net\/de\/wp-json\/wp\/v2\/media?parent=2370"}],"curies":[{"name":"wp","href":"https:\/\/api.w.org\/{rel}","templated":true}]}}