{"id":2372,"date":"2025-09-29T10:02:22","date_gmt":"2025-09-29T09:02:22","guid":{"rendered":"https:\/\/medicaltravel.net\/erfahrungsberichte\/service-organisation-ein-sensationelles-krankenhaus-und-toller-preis\/"},"modified":"2026-01-13T13:39:54","modified_gmt":"2026-01-13T12:39:54","slug":"service-organisation-ein-sensationelles-krankenhaus-und-toller-preis","status":"publish","type":"page","link":"https:\/\/medicaltravel.net\/de\/erfahrungsberichte\/service-organisation-ein-sensationelles-krankenhaus-und-toller-preis\/","title":{"rendered":"Service, Organisation, ein sensationelles Krankenhaus und toller Preis"},"content":{"rendered":"\n<h3 class=\"wp-block-heading\">Service, Organisation, ein sensationelles Krankenhaus und toller Preis<\/h3>\n\n\n\n<p>Bericht vom Dienstag, 06. November 2012 <\/p>\n\n\n\n<p>November 2012 Dienstag Vor einem Jahr traf ich jemanden aus meinem Fortbildungskurs, der mit Hilfe von Swisslasik f\u00fcr seine Augenoperation nach Istanbul gegangen war er erz\u00e4hlte mir viel und bald gingen einige andere Klassenkameraden zusammen nach Istanbul sie waren alle sehr zufrieden und bewunderten den Ort wirklich da ich 46 war, musste ich mir Varilux-Brillen kaufen, die mich etwa 1.000 CHF kosten sollten und alle 4 oder 5 Jahre musste ich eine neue kaufen in diesem Moment wurde mir alles sehr klar ich w\u00fcrde eine Laser-Augenbehandlung machen meine Wahl war klar, da ich so viele gute Dinge \u00fcber Swisslasik geh\u00f6rt hatte wir fuhren nach Z\u00fcrich und bei der Informationsveranstaltung am Abend lernte ich die Details kennen wir wurden sehr gut informiert, erhielten zufriedenstellende Antworten auf alle unsere Fragen und gingen mit klarem Bewusstsein zur\u00fcck       <\/p>\n\n\n\n<p>Eine Woche sp\u00e4ter nahm ich Kontakt mit Herrn Karaagacli auf und er schickte uns die Angebote dann hatte ich eine Reservierung f\u00fcr 3 Personen mein Sohn, meine Tochter und ich schlie\u00dflich war es der 13. Oktober, Reisezeit und wir waren alle sehr gl\u00fccklich wir hatten einen sehr angenehmen Flug und ein wahrer Gentleman empfing uns am Flughafen unser Hotel lag im Stadtzentrum es war ein sauberes, ruhiges und h\u00fcbsches Hotel wir erkundeten die Stadt drei Tage lang und am Donnerstag war es Zeit f\u00fcr meine Behandlung das Taxi des Krankenhauses holte uns morgens vom Hotel ab und als wir ankamen, begr\u00fc\u00dfte uns ein feiner Herr, der meine Sprache flie\u00dfend sprach, und ab diesem Moment lie\u00df er uns nie allein wir stellten jede einzelne Frage, die uns einfiel, und f\u00fchlten uns trotz der bevorstehenden Behandlung sehr wohl und ruhig Aufregung war nat\u00fcrlich vorhanden, aber alles verlief gut.<br><br>Nach einigen Untersuchungen und Tests hatten wir ein abschlie\u00dfendes Gespr\u00e4ch mit unserem Arzt er war ein sehr feiner Herr mit sanfter, beruhigender Stimme, sodass ich mich immer in guten H\u00e4nden f\u00fchlte die Operation dauerte h\u00f6chstens 8 Minuten Aufregung, Stress und Feuerwerk vor den Augen\u2026 alles war so schnell vorbei vor der Operation wurde mir gesagt, dass Tr\u00e4nenfluss etwa 4 Stunden nach der Operation zu erwarten ist und dass Licht mich st\u00f6ren oder ich einen leichten stechenden Schmerz versp\u00fcren k\u00f6nnte aber danach w\u00fcrde ich ein klareres Sehverm\u00f6gen haben genau so geschah es die Operation war v\u00f6llig schmerzfrei und die n\u00e4chsten 4 Stunden waren nicht wirklich angenehm, aber ertr\u00e4glich              <\/p>\n\n\n\n<p>Wir wurden zur\u00fcck ins Hotel gebracht und schliefen zwei Stunden als wir aufwachten, war die Welt v\u00f6llig anders wir f\u00fchlten uns am n\u00e4chsten Tag gro\u00dfartig wir gingen nat\u00fcrlich einkaufen, w\u00e4hrend wir eine Sonnenbrille trugen es war wirklich wunderbar   <\/p>\n\n\n\n<p>Mein Kind kann sich keinen Tag ohne Brille erinnern, aber ohne sie sehen zu k\u00f6nnen, war erstaunlich, aber wahr<br>Ich empfehle Swisslasik jedem alles hat sich als wahr herausgestellt<br>Service, Organisation, ein sensationelles Krankenhaus zu einem tollen Preis <\/p>\n\n\n\n<p>Martina W\u00e4lle<\/p>\n\n\n\n<div class=\"wp-block-group is-layout-grid wp-container-core-group-is-layout-baef362d wp-block-group-is-layout-grid\">\n<p><a href=\"https:\/\/medicaltravel.at\/home\/agb\/\" data-type=\"page\" data-id=\"2191\" target=\"_blank\" rel=\"noopener\"><\/a><a href=\"https:\/\/medicaltravel.net\/de\/erfahrungsberichte\/hoher-service-beste-ergebnisse\/\" data-type=\"link\" data-id=\"https:\/\/medicaltravel.net\/testimonials\/high-service-best-results\/\"><a href=\"https:\/\/medicaltravel.ch\/berichte-von-patienten-istanbul-turkei\/erfahrungsberichte\/brustop-liposuction-istanbul\/\" data-type=\"link\" data-id=\"https:\/\/medicaltravel.ch\/berichte-von-patienten-istanbul-turkei\/erfahrungsberichte\/brustop-liposuction-istanbul\/\" target=\"_blank\" rel=\"noopener\">Der vorherige Bericht<\/a><\/a><\/p>\n\n\n\n<p class=\"has-text-align-right wp-container-content-5e2576f9\"><a href=\"https:\/\/medicaltravel.at\/home\/impressum\/\" data-type=\"page\" data-id=\"2193\" target=\"_blank\" rel=\"noopener\"><\/a><a href=\"https:\/\/medicaltravel.at\/home\/berichte-von-patienten\/erfahrungsberichte\/erfahrungsbericht-zahnbehandlung-in-istanbul\/\" data-type=\"page\" data-id=\"981\" target=\"_blank\" rel=\"noopener\"><\/a><a href=\"https:\/\/medicaltravel.net\/de\/erfahrungsberichte\/erfahrungen-von-dita-cecchin-in-istanbul-am-11-september-2012\/\" data-type=\"link\" data-id=\"https:\/\/medicaltravel.net\/testimonials\/experiences-of-dita-cecchin-s-in-istanbul-on-the-11th-of-september-2012\/\"><a href=\"https:\/\/medicaltravel.ch\/berichte-von-patienten-istanbul-turkei\/erfahrungsberichte\/augenlidstraffung-istanbul-beurteilung-patientenmeinung\/\" data-type=\"link\" data-id=\"https:\/\/medicaltravel.ch\/home\/berichte-von-patienten-istanbul-turkei\/erfahrungsberichte\/augenlidstraffung-istanbul-beurteilung-patientenmeinung\/\" target=\"_blank\" rel=\"noopener\">Der n\u00e4chste Bericht<\/a><\/a><\/p>\n<\/div>\n","protected":false},"excerpt":{"rendered":"<p>Service, Organisation, ein sensationelles Krankenhaus und toller Preis Bericht vom Dienstag, 06. November 2012 November 2012 Dienstag Vor einem Jahr traf ich jemanden aus meinem Fortbildungskurs, der mit Hilfe von Swisslasik f\u00fcr seine Augenoperation nach Istanbul gegangen war er erz\u00e4hlte mir viel und bald gingen einige andere Klassenkameraden zusammen nach Istanbul sie waren alle sehr zufrieden und bewunderten den Ort wirklich da ich 46 war, musste ich mir Varilux-Brillen kaufen, die mich etwa 1.000 CHF kosten sollten und alle 4 oder 5 Jahre musste ich eine neue kaufen in diesem Moment wurde mir alles sehr klar ich w\u00fcrde eine Laser-Augenbehandlung machen meine Wahl war klar, da ich so viele gute Dinge \u00fcber Swisslasik geh\u00f6rt hatte wir fuhren nach Z\u00fcrich und bei der Informationsveranstaltung am Abend lernte ich die Details kennen wir wurden sehr gut informiert, erhielten zufriedenstellende Antworten auf alle unsere Fragen und gingen mit klarem Bewusstsein zur\u00fcck Eine Woche sp\u00e4ter nahm ich Kontakt mit Herrn Karaagacli auf und er schickte uns die Angebote dann hatte ich eine Reservierung f\u00fcr 3 Personen mein Sohn, meine Tochter und ich schlie\u00dflich war es der 13. Oktober, Reisezeit und wir waren alle sehr gl\u00fccklich wir hatten einen sehr angenehmen Flug und ein wahrer Gentleman empfing uns am Flughafen unser Hotel lag im Stadtzentrum es war ein sauberes, ruhiges und h\u00fcbsches Hotel wir erkundeten die Stadt drei Tage lang und am Donnerstag war es Zeit f\u00fcr meine Behandlung das Taxi des Krankenhauses holte uns morgens vom Hotel ab und als wir ankamen, begr\u00fc\u00dfte uns ein feiner Herr, der meine Sprache flie\u00dfend sprach, und ab diesem Moment lie\u00df er uns nie allein wir stellten jede einzelne Frage, die uns einfiel, und f\u00fchlten uns trotz der bevorstehenden Behandlung sehr wohl und ruhig Aufregung war nat\u00fcrlich vorhanden, aber alles verlief gut. Nach einigen Untersuchungen und Tests hatten wir ein abschlie\u00dfendes Gespr\u00e4ch mit unserem Arzt er war ein sehr feiner Herr mit sanfter, beruhigender Stimme, sodass ich mich immer in guten H\u00e4nden f\u00fchlte die Operation dauerte h\u00f6chstens 8 Minuten Aufregung, Stress und Feuerwerk vor den Augen\u2026 alles war so schnell vorbei vor der Operation wurde mir gesagt, dass Tr\u00e4nenfluss etwa 4 Stunden nach der Operation zu erwarten ist und dass Licht mich st\u00f6ren oder ich einen leichten stechenden Schmerz versp\u00fcren k\u00f6nnte aber danach w\u00fcrde ich ein klareres Sehverm\u00f6gen haben genau so geschah es die Operation war v\u00f6llig schmerzfrei und die n\u00e4chsten 4 Stunden waren nicht wirklich angenehm, aber ertr\u00e4glich Wir wurden zur\u00fcck ins Hotel gebracht und schliefen zwei Stunden als wir aufwachten, war die Welt v\u00f6llig anders wir f\u00fchlten uns am n\u00e4chsten Tag gro\u00dfartig wir gingen nat\u00fcrlich einkaufen, w\u00e4hrend wir eine Sonnenbrille trugen es war wirklich wunderbar Mein Kind kann sich keinen Tag ohne Brille erinnern, aber ohne sie sehen zu k\u00f6nnen, war erstaunlich, aber wahrIch empfehle Swisslasik jedem alles hat sich als wahr herausgestelltService, Organisation, ein sensationelles Krankenhaus zu einem tollen Preis Martina W\u00e4lle Der vorherige Bericht Der n\u00e4chste Bericht<\/p>\n","protected":false},"author":4,"featured_media":0,"parent":2352,"menu_order":0,"comment_status":"closed","ping_status":"closed","template":"","meta":{"_joinchat":[],"footnotes":""},"class_list":["post-2372","page","type-page","status-publish","hentry"],"acf":[],"_links":{"self":[{"href":"https:\/\/medicaltravel.net\/de\/wp-json\/wp\/v2\/pages\/2372","targetHints":{"allow":["GET"]}}],"collection":[{"href":"https:\/\/medicaltravel.net\/de\/wp-json\/wp\/v2\/pages"}],"about":[{"href":"https:\/\/medicaltravel.net\/de\/wp-json\/wp\/v2\/types\/page"}],"author":[{"embeddable":true,"href":"https:\/\/medicaltravel.net\/de\/wp-json\/wp\/v2\/users\/4"}],"replies":[{"embeddable":true,"href":"https:\/\/medicaltravel.net\/de\/wp-json\/wp\/v2\/comments?post=2372"}],"version-history":[{"count":2,"href":"https:\/\/medicaltravel.net\/de\/wp-json\/wp\/v2\/pages\/2372\/revisions"}],"predecessor-version":[{"id":3301,"href":"https:\/\/medicaltravel.net\/de\/wp-json\/wp\/v2\/pages\/2372\/revisions\/3301"}],"up":[{"embeddable":true,"href":"https:\/\/medicaltravel.net\/de\/wp-json\/wp\/v2\/pages\/2352"}],"wp:attachment":[{"href":"https:\/\/medicaltravel.net\/de\/wp-json\/wp\/v2\/media?parent=2372"}],"curies":[{"name":"wp","href":"https:\/\/api.w.org\/{rel}","templated":true}]}}