{"id":2374,"date":"2025-09-29T10:03:26","date_gmt":"2025-09-29T09:03:26","guid":{"rendered":"https:\/\/medicaltravel.net\/erfahrungsberichte\/urlaub-und-brustvergroesserung-mit-silikonimplantaten-von-250-ml-kombiniert-in-istanbul\/"},"modified":"2026-01-13T13:42:43","modified_gmt":"2026-01-13T12:42:43","slug":"urlaub-und-brustvergroesserung-mit-silikonimplantaten-von-250-ml-kombiniert-in-istanbul","status":"publish","type":"page","link":"https:\/\/medicaltravel.net\/de\/erfahrungsberichte\/urlaub-und-brustvergroesserung-mit-silikonimplantaten-von-250-ml-kombiniert-in-istanbul\/","title":{"rendered":"Urlaub und Brustvergr\u00f6\u00dferung mit Silikonimplantaten von 250 ml kombiniert in Istanbul"},"content":{"rendered":"\n<h3 class=\"wp-block-heading\">Urlaub und Brustvergr\u00f6\u00dferung mit Silikonimplantaten von 250 ml kombiniert in Istanbul<\/h3>\n\n\n\n<p>\u2013 Bericht vom Montag, 15. Oktober 2012 <\/p>\n\n\n\n<p>Geschrieben am 15. Oktober 2012 Montag 12.10.2012<br>\u00c4sthetische Operationserfahrung der 26-j\u00e4hrigen Ramona S.<\/p>\n\n\n\n<p>Nach einer schrecklichen Behandlung mit einem Macro-Lane-Gel beschloss ich, eine einw\u00f6chige Reise in die T\u00fcrkei zu machen, um den Schaden auszugleichen Im Fr\u00fchjahr 2012 hatte ich eine Behandlung mit Macro-Lane-Gel bei einer Dermatologin in der Schweiz ich bekam gr\u00f6\u00dfere Br\u00fcste, indem mir jeweils 140 ml Hyalurons\u00e4uregel in jede Brust gespritzt wurden da ich Angst vor einer Operation und operationsbedingten Narben hatte, hielt ich die Injektion f\u00fcr eine gute Alternative   <\/p>\n\n\n\n<p>Am Anfang schien alles in Ordnung zu sein obwohl der Unterschied nicht sehr auff\u00e4llig war, war es f\u00fcr mich sehr wichtig, gr\u00f6\u00dfere Br\u00fcste zu haben ich war zu diesem Zeitpunkt mit dem Ergebnis zufrieden mein Ziel war es zu sehen, wie sich die Form meiner Br\u00fcste ver\u00e4ndert und vergr\u00f6\u00dfert, bevor ich mich endg\u00fcltig f\u00fcr eine Operation entscheide leider verwandelten sich die L\u00f6cher, durch die das Macro-Lane-Gel injiziert wurde, in Schwellungen und verursachten ein sichtbares und unangenehmes Erscheinungsbild daher musste meine Dermatologin einen Teil des angesammelten Hyalurons\u00e4uregels freisetzen, indem sie diese Injektionsl\u00f6cher wieder \u00f6ffnete dennoch schlossen sich diese L\u00f6cher nicht vollst\u00e4ndig und selbst Wochen sp\u00e4ter trat noch eine betr\u00e4chtliche Menge Gel aus     <\/p>\n\n\n\n<p>Auf meiner rechten Brust hatte sich das Gel stark angesammelt und als das Gel in der Gr\u00f6\u00dfe eines kleinen Apfels entfernt wurde, wurde der Unterschied zwischen beiden Br\u00fcsten sichtbar daher musste auch das Gel auf der linken Brust entfernt werden, um das verbleibende Gel zu entfernen \u00f6ffnete die Dermatologin diese L\u00f6cher erneut und versuchte, so viel wie m\u00f6glich des zur\u00fcckgebliebenen Materials zu entfernen aufgrund des unangenehmen Ergebnisses der Behandlung berechnete mir meine \u00c4rztin vern\u00fcnftigerweise einen gro\u00dfen Teil der Kosten nicht und erstattete zudem einen Teil der Materialkosten offenbar hatte meine \u00c4rztin die Macro-Lane-Behandlung bei mehr als dreihundert Frauen durchgef\u00fchrt und war nie auf einen so unangenehmen Fall wie meinen gesto\u00dfen.<br><br>Da ich so viel durchgemacht hatte und immer noch keine Verbesserung der Brustgr\u00f6\u00dfe feststellen konnte, entschied ich mich f\u00fcr eine Brustvergr\u00f6\u00dferung, um ein Implantat einsetzen zu lassen ich begann, im Internet zu recherchieren und erhielt Informationen \u00fcber M\u00f6glichkeiten, Ablauf und Kosten von Chirurgen in meiner Umgebung Brustvergr\u00f6\u00dferungen sind in der Schweiz sehr teuer und die Operation durch einen Schweizer Chirurgen muss nicht unbedingt besser sein als die eines ausl\u00e4ndischen Chirurgen als ich dieses Thema mit Freunden besprach, die eine Brustvergr\u00f6\u00dferung im Ausland hatten, sah ich, dass die Anwendungen im Ausland besser und professioneller waren wenn man bedenkt, dass \u00e4sthetische Operationen im Ausland h\u00e4ufiger durchgef\u00fchrt werden als in der Schweiz und ich an die schreckliche Erfahrung zuvor denke, hatte ich ein st\u00e4rkeres Vertrauen in ausl\u00e4ndische Chirurgen in Bezug auf Erfahrung und Arbeitsroutine.<br><br>Dann stie\u00df ich im Internet auf Swisslasik und nahm zun\u00e4chst per E-Mail und anschlie\u00dfend pers\u00f6nlich Kontakt mit dieser Vermittlungsfirma auf ich erhielt alle Informationen, die ich suchte, durch einen sehr schnellen und aufrichtigen Beratungsservice die Gr\u00f6\u00dfe der Br\u00fcste und weitere Details w\u00fcrden nach dem Termin beim Arzt in Istanbul festgelegt werden ich bevorzugte das Acibadem Hospital in Istanbul und ein Termin f\u00fcr die Voruntersuchung durch den \u00e4sthetischen Chirurgen wurde vereinbart          <\/p>\n\n\n\n<p>Als ich landete, empfing mich meine Begleitung und wir wurden mit einem Privatwagen zum Hotel gefahren der Fahrer war sehr p\u00fcnktlich am n\u00e4chsten Tag brachte er mich p\u00fcnktlich vom Hotel zu meinem Voruntersuchungstermin im Krankenhaus aufgrund einer besonderen Situation nach einer schrecklichen Macro-Lane-Gel-Erfahrung verlangte der Chirurg eine Ultraschalluntersuchung, um die verbleibende Menge vor dem Einsetzen von 250-ml-Silikonimplantaten in die Br\u00fcste zu sehen er wollte die Operation nicht beginnen, ohne zu wissen, wie das verbleibende Material in meinen Br\u00fcsten verteilt war und ohne die entsprechenden Infektionsrisiken zu beurteilen ich stimmte diesen Voruntersuchungen auf jeden Fall zu, da ich wirklich w\u00fcnschte, dass das Infektionsrisiko gering war au\u00dferdem war es sehr sch\u00f6n zu sehen, dass der Arzt sich wirklich um meine Gesundheit sorgte und keine Operation durchf\u00fchren wollte, ohne sich sicher zu sein      <\/p>\n\n\n\n<p>Er sagte mir, dass er die Operation nicht durchf\u00fchren w\u00fcrde, da dies meine und seine Sicherheit gef\u00e4hrden w\u00fcrde, wenn das verbleibende Restmaterial zu viel w\u00e4re die Ultraschalluntersuchung zeigte, dass sich in beiden Br\u00fcsten nur eine geringe Menge Macro-Lane-Gel entlang der Brustlinien befand zudem war in der linken Brust eine kleine Menge auch in den Brustmuskel injiziert worden es war nat\u00fcrlich unm\u00f6glich, das Gel im Brustmuskel zu entfernen dieses Problem musste auf nat\u00fcrliche Weise gel\u00f6st werden und w\u00fcrde etwa ein bis anderthalb Jahre ab dem Injektionsdatum dauern   <\/p>\n\n\n\n<p>Sobald die \u00c4rzte meine Ergebnisse hatten, stimmte der Chirurg der Operation zu er wollte das Gel so weit wie m\u00f6glich entfernen, bevor die Silikonimplantate eingesetzt wurden au\u00dferdem bestand er darauf, dass ich zur Minimierung des Infektionsrisikos mindestens zwei Tage im Krankenhaus bleiben sollte, und ich stimmte zu dann konnte die Operation am n\u00e4chsten Tag begonnen werden   <\/p>\n\n\n\n<p>Der Chirurg zeichnete die Markierungen im Vorbereitungsraum und die letzten Details wurden besprochen dann wurde ich nach dem Anziehen des Operationskittels und der St\u00fctzsstr\u00fcmpfe auf einer Trage in den Operationssaal gebracht sobald ich von der Trage auf den Operationstisch transferiert wurde, erhielt ich eine Narkose und schlief friedlich und komfortabel ich konnte beim Aufwachen nicht genau erkennen, dass die Operation beendet war daher fragte ich die \u00c4rzte, wann sie beginnen w\u00fcrden sie sagten mir, dass alles vorbei und erfolgreich sei als ich meine Br\u00fcste betrachtete, um das Ergebnis zu sehen, erkannte ich sofort den Unterschied und das perfekte Resultat nach einer kurzen Ruhepause wurde ich in ein Einzelzimmer gebracht das Krankenhauszimmer im Acibadem Maslak war sehr sch\u00f6n eingerichtet und mir fehlte in den n\u00e4chsten zwei Tagen nichts die Krankenschwestern und Pfleger waren sehr herzlich und mitf\u00fchlend das Essen war k\u00f6stlich es war eine Mischung aus traditioneller t\u00fcrkischer K\u00fcche und moderner K\u00fcche zu jeder Mahlzeit wurden zwei Tabletts gebracht, sodass das Essen meiner Begleitung immer bereit war            <\/p>\n\n\n\n<p>Nach der zweiten Nacht wurden die Drainagen entfernt die Schmerzen hielten sich im Rahmen besonders morgens und am sp\u00e4ten Abend war ein unangenehmer Druck sp\u00fcrbar dennoch konnte ich ein paar Tage sp\u00e4ter mit wenigen oder gar keinen Schmerzmitteln zurechtkommen meine Br\u00fcste waren noch einige Tage geschwollen und die Haut war straff, was nat\u00fcrlich war es sollte zwei bis vier Monate dauern, bis die Brusthaut weich wurde und die endg\u00fcltige Form der Br\u00fcste sichtbar war     <\/p>\n\n\n\n<p>Direkt nach der Operation und nach diesen zwei Tagen konnte ich jedoch sehen, dass sie eine sch\u00f6ne und gro\u00dfe Erscheinung hatten das Ergebnis war sch\u00f6n und symmetrisch ich war mit meiner neuen K\u00f6rperform sehr zufrieden ich durfte das Krankenhaus in guter und gesunder Stimmung verlassen und somit ein paar Tage in Istanbul genie\u00dfen einige Tage sp\u00e4ter, bevor ich nach Hause zur\u00fcckkehrte, f\u00fchrte der Arzt am Ende meiner zehn Tage in Istanbul noch eine letzte medizinische Untersuchung durch w\u00e4hrend des Fluges hatte ich keine Schmerzen und in den folgenden Tagen und Wochen hatte ich keinerlei Probleme es sind nun zwei Monate seit der Operation vergangen die Narben sind nat\u00fcrlich noch etwas rot, aber der Heilungsprozess verl\u00e4uft sehr gut der st\u00fctzende BH, den mir das Krankenhaus gegeben hat, passt perfekt ich trage ihn Tag und Nacht, sogar beim Sport        <\/p>\n\n\n\n<p>Ich kann nur Gutes \u00fcber meine Operation in der T\u00fcrkei sagen und f\u00fchle mich sehr wohl dabei, diesen Ort allen zu empfehlen, die eine \u00e4sthetische Operation durchf\u00fchren lassen m\u00f6chten<\/p>\n\n\n\n<div class=\"wp-block-group is-layout-grid wp-container-core-group-is-layout-baef362d wp-block-group-is-layout-grid\">\n<p><a href=\"https:\/\/medicaltravel.at\/home\/agb\/\" data-type=\"page\" data-id=\"2191\" target=\"_blank\" rel=\"noopener\"><\/a><a href=\"https:\/\/medicaltravel.net\/de\/erfahrungsberichte\/erfahrungen-von-dita-cecchin-in-istanbul-am-11-september-2012\/\" data-type=\"link\" data-id=\"https:\/\/medicaltravel.net\/de\/erfahrungsberichte\/erfahrungen-von-dita-cecchin-in-istanbul-am-11-september-2012\/\">Der vorherige Bericht<\/a><\/p>\n\n\n\n<p class=\"has-text-align-right wp-container-content-5e2576f9\"><a href=\"https:\/\/medicaltravel.at\/home\/impressum\/\" data-type=\"page\" data-id=\"2193\" target=\"_blank\" rel=\"noopener\"><\/a><a href=\"https:\/\/medicaltravel.at\/home\/berichte-von-patienten\/erfahrungsberichte\/erfahrungsbericht-zahnbehandlung-in-istanbul\/\" data-type=\"page\" data-id=\"981\" target=\"_blank\" rel=\"noopener\"><\/a><a href=\"https:\/\/medicaltravel.net\/de\/erfahrungsberichte\/meine-laser-augenbehandlung-in-antalya-tuerkei-ueber-medicaltravel\/\" data-type=\"link\" data-id=\"https:\/\/medicaltravel.net\/de\/erfahrungsberichte\/meine-laser-augenbehandlung-in-antalya-tuerkei-ueber-medicaltravel\/\">Der n\u00e4chste Bericht<\/a><\/p>\n<\/div>\n\n\n\n<p><\/p>\n","protected":false},"excerpt":{"rendered":"<p>Urlaub und Brustvergr\u00f6\u00dferung mit Silikonimplantaten von 250 ml kombiniert in Istanbul \u2013 Bericht vom Montag, 15. Oktober 2012 Geschrieben am 15. Oktober 2012 Montag 12.10.2012\u00c4sthetische Operationserfahrung der 26-j\u00e4hrigen Ramona S. Nach einer schrecklichen Behandlung mit einem Macro-Lane-Gel beschloss ich, eine einw\u00f6chige Reise in die T\u00fcrkei zu machen, um den Schaden auszugleichen Im Fr\u00fchjahr 2012 hatte ich eine Behandlung mit Macro-Lane-Gel bei einer Dermatologin in der Schweiz ich bekam gr\u00f6\u00dfere Br\u00fcste, indem mir jeweils 140 ml Hyalurons\u00e4uregel in jede Brust gespritzt wurden da ich Angst vor einer Operation und operationsbedingten Narben hatte, hielt ich die Injektion f\u00fcr eine gute Alternative Am Anfang schien alles in Ordnung zu sein obwohl der Unterschied nicht sehr auff\u00e4llig war, war es f\u00fcr mich sehr wichtig, gr\u00f6\u00dfere Br\u00fcste zu haben ich war zu diesem Zeitpunkt mit dem Ergebnis zufrieden mein Ziel war es zu sehen, wie sich die Form meiner Br\u00fcste ver\u00e4ndert und vergr\u00f6\u00dfert, bevor ich mich endg\u00fcltig f\u00fcr eine Operation entscheide leider verwandelten sich die L\u00f6cher, durch die das Macro-Lane-Gel injiziert wurde, in Schwellungen und verursachten ein sichtbares und unangenehmes Erscheinungsbild daher musste meine Dermatologin einen Teil des angesammelten Hyalurons\u00e4uregels freisetzen, indem sie diese Injektionsl\u00f6cher wieder \u00f6ffnete dennoch schlossen sich diese L\u00f6cher nicht vollst\u00e4ndig und selbst Wochen sp\u00e4ter trat noch eine betr\u00e4chtliche Menge Gel aus Auf meiner rechten Brust hatte sich das Gel stark angesammelt und als das Gel in der Gr\u00f6\u00dfe eines kleinen Apfels entfernt wurde, wurde der Unterschied zwischen beiden Br\u00fcsten sichtbar daher musste auch das Gel auf der linken Brust entfernt werden, um das verbleibende Gel zu entfernen \u00f6ffnete die Dermatologin diese L\u00f6cher erneut und versuchte, so viel wie m\u00f6glich des zur\u00fcckgebliebenen Materials zu entfernen aufgrund des unangenehmen Ergebnisses der Behandlung berechnete mir meine \u00c4rztin vern\u00fcnftigerweise einen gro\u00dfen Teil der Kosten nicht und erstattete zudem einen Teil der Materialkosten offenbar hatte meine \u00c4rztin die Macro-Lane-Behandlung bei mehr als dreihundert Frauen durchgef\u00fchrt und war nie auf einen so unangenehmen Fall wie meinen gesto\u00dfen. Da ich so viel durchgemacht hatte und immer noch keine Verbesserung der Brustgr\u00f6\u00dfe feststellen konnte, entschied ich mich f\u00fcr eine Brustvergr\u00f6\u00dferung, um ein Implantat einsetzen zu lassen ich begann, im Internet zu recherchieren und erhielt Informationen \u00fcber M\u00f6glichkeiten, Ablauf und Kosten von Chirurgen in meiner Umgebung Brustvergr\u00f6\u00dferungen sind in der Schweiz sehr teuer und die Operation durch einen Schweizer Chirurgen muss nicht unbedingt besser sein als die eines ausl\u00e4ndischen Chirurgen als ich dieses Thema mit Freunden besprach, die eine Brustvergr\u00f6\u00dferung im Ausland hatten, sah ich, dass die Anwendungen im Ausland besser und professioneller waren wenn man bedenkt, dass \u00e4sthetische Operationen im Ausland h\u00e4ufiger durchgef\u00fchrt werden als in der Schweiz und ich an die schreckliche Erfahrung zuvor denke, hatte ich ein st\u00e4rkeres Vertrauen in ausl\u00e4ndische Chirurgen in Bezug auf Erfahrung und Arbeitsroutine. Dann stie\u00df ich im Internet auf Swisslasik und nahm zun\u00e4chst per E-Mail und anschlie\u00dfend pers\u00f6nlich Kontakt mit dieser Vermittlungsfirma auf ich erhielt alle Informationen, die ich suchte, durch einen sehr schnellen und aufrichtigen Beratungsservice die Gr\u00f6\u00dfe der Br\u00fcste und weitere Details w\u00fcrden nach dem Termin beim Arzt in Istanbul festgelegt werden ich bevorzugte das Acibadem Hospital in Istanbul und ein Termin f\u00fcr die Voruntersuchung durch den \u00e4sthetischen Chirurgen wurde vereinbart Als ich landete, empfing mich meine Begleitung und wir wurden mit einem Privatwagen zum Hotel gefahren der Fahrer war sehr p\u00fcnktlich am n\u00e4chsten Tag brachte er mich p\u00fcnktlich vom Hotel zu meinem Voruntersuchungstermin im Krankenhaus aufgrund einer besonderen Situation nach einer schrecklichen Macro-Lane-Gel-Erfahrung verlangte der Chirurg eine Ultraschalluntersuchung, um die verbleibende Menge vor dem Einsetzen von 250-ml-Silikonimplantaten in die Br\u00fcste zu sehen er wollte die Operation nicht beginnen, ohne zu wissen, wie das verbleibende Material in meinen Br\u00fcsten verteilt war und ohne die entsprechenden Infektionsrisiken zu beurteilen ich stimmte diesen Voruntersuchungen auf jeden Fall zu, da ich wirklich w\u00fcnschte, dass das Infektionsrisiko gering war au\u00dferdem war es sehr sch\u00f6n zu sehen, dass der Arzt sich wirklich um meine Gesundheit sorgte und keine Operation durchf\u00fchren wollte, ohne sich sicher zu sein Er sagte mir, dass er die Operation nicht durchf\u00fchren w\u00fcrde, da dies meine und seine Sicherheit gef\u00e4hrden w\u00fcrde, wenn das verbleibende Restmaterial zu viel w\u00e4re die Ultraschalluntersuchung zeigte, dass sich in beiden Br\u00fcsten nur eine geringe Menge Macro-Lane-Gel entlang der Brustlinien befand zudem war in der linken Brust eine kleine Menge auch in den Brustmuskel injiziert worden es war nat\u00fcrlich unm\u00f6glich, das Gel im Brustmuskel zu entfernen dieses Problem musste auf nat\u00fcrliche Weise gel\u00f6st werden und w\u00fcrde etwa ein bis anderthalb Jahre ab dem Injektionsdatum dauern Sobald die \u00c4rzte meine Ergebnisse hatten, stimmte der Chirurg der Operation zu er wollte das Gel so weit wie m\u00f6glich entfernen, bevor die Silikonimplantate eingesetzt wurden au\u00dferdem bestand er darauf, dass ich zur Minimierung des Infektionsrisikos mindestens zwei Tage im Krankenhaus bleiben sollte, und ich stimmte zu dann konnte die Operation am n\u00e4chsten Tag begonnen werden Der Chirurg zeichnete die Markierungen im Vorbereitungsraum und die letzten Details wurden besprochen dann wurde ich nach dem Anziehen des Operationskittels und der St\u00fctzsstr\u00fcmpfe auf einer Trage in den Operationssaal gebracht sobald ich von der Trage auf den Operationstisch transferiert wurde, erhielt ich eine Narkose und schlief friedlich und komfortabel ich konnte beim Aufwachen nicht genau erkennen, dass die Operation beendet war daher fragte ich die \u00c4rzte, wann sie beginnen w\u00fcrden sie sagten mir, dass alles vorbei und erfolgreich sei als ich meine Br\u00fcste betrachtete, um das Ergebnis zu sehen, erkannte ich sofort den Unterschied und das perfekte Resultat nach einer kurzen Ruhepause wurde ich in ein Einzelzimmer gebracht das Krankenhauszimmer im Acibadem Maslak war sehr sch\u00f6n eingerichtet und mir fehlte in den n\u00e4chsten zwei Tagen nichts die Krankenschwestern und Pfleger waren sehr herzlich und mitf\u00fchlend das Essen war k\u00f6stlich es war eine Mischung aus traditioneller t\u00fcrkischer K\u00fcche und moderner K\u00fcche zu jeder Mahlzeit wurden zwei Tabletts gebracht, sodass das Essen meiner Begleitung immer bereit war Nach der zweiten Nacht wurden die Drainagen entfernt die Schmerzen hielten sich im Rahmen besonders morgens und am sp\u00e4ten Abend war ein unangenehmer Druck sp\u00fcrbar dennoch konnte ich ein paar Tage sp\u00e4ter mit wenigen oder gar keinen Schmerzmitteln zurechtkommen meine<\/p>\n","protected":false},"author":4,"featured_media":0,"parent":2352,"menu_order":0,"comment_status":"closed","ping_status":"closed","template":"","meta":{"_joinchat":[],"footnotes":""},"class_list":["post-2374","page","type-page","status-publish","hentry"],"acf":[],"_links":{"self":[{"href":"https:\/\/medicaltravel.net\/de\/wp-json\/wp\/v2\/pages\/2374","targetHints":{"allow":["GET"]}}],"collection":[{"href":"https:\/\/medicaltravel.net\/de\/wp-json\/wp\/v2\/pages"}],"about":[{"href":"https:\/\/medicaltravel.net\/de\/wp-json\/wp\/v2\/types\/page"}],"author":[{"embeddable":true,"href":"https:\/\/medicaltravel.net\/de\/wp-json\/wp\/v2\/users\/4"}],"replies":[{"embeddable":true,"href":"https:\/\/medicaltravel.net\/de\/wp-json\/wp\/v2\/comments?post=2374"}],"version-history":[{"count":2,"href":"https:\/\/medicaltravel.net\/de\/wp-json\/wp\/v2\/pages\/2374\/revisions"}],"predecessor-version":[{"id":3304,"href":"https:\/\/medicaltravel.net\/de\/wp-json\/wp\/v2\/pages\/2374\/revisions\/3304"}],"up":[{"embeddable":true,"href":"https:\/\/medicaltravel.net\/de\/wp-json\/wp\/v2\/pages\/2352"}],"wp:attachment":[{"href":"https:\/\/medicaltravel.net\/de\/wp-json\/wp\/v2\/media?parent=2374"}],"curies":[{"name":"wp","href":"https:\/\/api.w.org\/{rel}","templated":true}]}}