{"id":2377,"date":"2025-09-29T09:40:12","date_gmt":"2025-09-29T08:40:12","guid":{"rendered":"https:\/\/medicaltravel.net\/traumatologie\/"},"modified":"2026-01-10T02:31:55","modified_gmt":"2026-01-10T01:31:55","slug":"traumatologie","status":"publish","type":"page","link":"https:\/\/medicaltravel.net\/de\/traumatologie\/","title":{"rendered":"Traumatologie"},"content":{"rendered":"\t\t<div data-elementor-type=\"wp-page\" data-elementor-id=\"2377\" class=\"elementor elementor-2377 elementor-73\" data-elementor-post-type=\"page\">\n\t\t\t\t<div class=\"elementor-element elementor-element-b6b5493 e-flex e-con-boxed wpr-particle-no wpr-jarallax-no wpr-parallax-no wpr-sticky-section-no e-con e-parent\" data-id=\"b6b5493\" data-element_type=\"container\" data-e-type=\"container\">\n\t\t\t\t\t<div class=\"e-con-inner\">\n\t\t<div class=\"elementor-element elementor-element-0067a35 e-con-full e-flex wpr-particle-no wpr-jarallax-no wpr-parallax-no wpr-sticky-section-no e-con e-child\" data-id=\"0067a35\" data-element_type=\"container\" data-e-type=\"container\">\n\t\t\t\t<div class=\"elementor-element elementor-element-9c090eb elementor-widget elementor-widget-button\" data-id=\"9c090eb\" data-element_type=\"widget\" data-e-type=\"widget\" data-widget_type=\"button.default\">\n\t\t\t\t\t\t\t\t\t\t<a class=\"elementor-button elementor-button-link elementor-size-sm\" href=\"https:\/\/medicaltravel.net\/de\/traumatologie\/orthopaedie-tuerkei\/\">\n\t\t\t\t\t\t<span class=\"elementor-button-content-wrapper\">\n\t\t\t\t\t\t\t\t\t<span class=\"elementor-button-text\">Orthop\u00e4die T\u00fcrkei<\/span>\n\t\t\t\t\t<\/span>\n\t\t\t\t\t<\/a>\n\t\t\t\t\t\t\t\t<\/div>\n\t\t\t\t<div class=\"elementor-element elementor-element-c23482b elementor-widget elementor-widget-button\" data-id=\"c23482b\" data-element_type=\"widget\" data-e-type=\"widget\" data-widget_type=\"button.default\">\n\t\t\t\t\t\t\t\t\t\t<a class=\"elementor-button elementor-button-link elementor-size-sm\" href=\"https:\/\/medicaltravel.net\/traumatology\/pediatric-hand-surgery\/\">\n\t\t\t\t\t\t<span class=\"elementor-button-content-wrapper\">\n\t\t\t\t\t\t\t\t\t<span class=\"elementor-button-text\">Kinderhandchirurgie<\/span>\n\t\t\t\t\t<\/span>\n\t\t\t\t\t<\/a>\n\t\t\t\t\t\t\t\t<\/div>\n\t\t\t\t<\/div>\n\t\t\t\t<div class=\"elementor-element elementor-element-537188de elementor-widget elementor-widget-text-editor\" data-id=\"537188de\" data-element_type=\"widget\" data-e-type=\"widget\" data-widget_type=\"text-editor.default\">\n\t\t\t\t\t\t\t\t\t\n<h3 class=\"wp-block-heading\">ORTHOP\u00c4DIE &amp; TRAUMATOLOGIE T\u00dcRKEI<\/h3>\n\n<figure class=\"wp-block-image size-full\"><img fetchpriority=\"high\" decoding=\"async\" width=\"560\" height=\"260\" class=\"wp-image-229\" src=\"https:\/\/medicaltravel.net\/wp-content\/uploads\/2025\/09\/MG_0750.jpg\" alt=\"\" srcset=\"https:\/\/medicaltravel.net\/wp-content\/uploads\/2025\/09\/MG_0750.jpg 560w, https:\/\/medicaltravel.net\/wp-content\/uploads\/2025\/09\/MG_0750-300x139.jpg 300w\" sizes=\"(max-width: 560px) 100vw, 560px\" \/><\/figure>\n\n<p id=\"caption-attachment-406\">Orthop\u00e4dische Chirurgie im Ausland<\/p>\n\n<h3 class=\"wp-block-heading\">ORTHOP\u00c4DIE &amp; SPORTMEDIZIN<\/h3>\n\n<p>Die Abteilungen f\u00fcr Orthop\u00e4die und Traumatologie von Ac\u0131badem bieten Patienten jeden Alters die h\u00f6chste Versorgungsqualit\u00e4t bei vielen orthop\u00e4dischen Erkrankungen die Orthop\u00e4den von Ac\u0131badem sind auf zahlreiche Bereiche spezialisiert, darunter allgemeine Orthop\u00e4die, orthop\u00e4dische Rehabilitation, Sportverletzungen, Arthroskopie und Kniechirurgie, Schulter- und Ellbogenchirurgie, Hand- und Handgelenkmikrochirurgie, Fu\u00df- und Sprunggelenkschirurgie, H\u00fcftchirurgie, Gelenkersatz, Mikrochirurgie, muskuloskelettale Onkologie, Transplantationen, Wirbels\u00e4ulenchirurgie, Rehabilitationsingenieurwesen, Traumachirurgie und Kinderorthop\u00e4die <\/p>\n\t\t\t\t\t\t\t\t<\/div>\n\t\t\t\t\t<\/div>\n\t\t\t\t<\/div>\n\t\t\t\t<\/div>\n\t\t","protected":false},"excerpt":{"rendered":"<p>Orthop\u00e4die T\u00fcrkei Kinderhandchirurgie ORTHOP\u00c4DIE &amp; TRAUMATOLOGIE T\u00dcRKEI Orthop\u00e4dische Chirurgie im Ausland ORTHOP\u00c4DIE &amp; SPORTMEDIZIN Die Abteilungen f\u00fcr Orthop\u00e4die und Traumatologie von Ac\u0131badem bieten Patienten jeden Alters die h\u00f6chste Versorgungsqualit\u00e4t bei vielen orthop\u00e4dischen Erkrankungen die Orthop\u00e4den von Ac\u0131badem sind auf zahlreiche Bereiche spezialisiert, darunter allgemeine Orthop\u00e4die, orthop\u00e4dische Rehabilitation, Sportverletzungen, Arthroskopie und Kniechirurgie, Schulter- und Ellbogenchirurgie, Hand- und Handgelenkmikrochirurgie, Fu\u00df- und Sprunggelenkschirurgie, H\u00fcftchirurgie, Gelenkersatz, Mikrochirurgie, muskuloskelettale Onkologie, Transplantationen, Wirbels\u00e4ulenchirurgie, Rehabilitationsingenieurwesen, Traumachirurgie und Kinderorthop\u00e4die<\/p>\n","protected":false},"author":4,"featured_media":0,"parent":0,"menu_order":0,"comment_status":"closed","ping_status":"closed","template":"","meta":{"_joinchat":[],"footnotes":""},"class_list":["post-2377","page","type-page","status-publish","hentry"],"acf":[],"_links":{"self":[{"href":"https:\/\/medicaltravel.net\/de\/wp-json\/wp\/v2\/pages\/2377","targetHints":{"allow":["GET"]}}],"collection":[{"href":"https:\/\/medicaltravel.net\/de\/wp-json\/wp\/v2\/pages"}],"about":[{"href":"https:\/\/medicaltravel.net\/de\/wp-json\/wp\/v2\/types\/page"}],"author":[{"embeddable":true,"href":"https:\/\/medicaltravel.net\/de\/wp-json\/wp\/v2\/users\/4"}],"replies":[{"embeddable":true,"href":"https:\/\/medicaltravel.net\/de\/wp-json\/wp\/v2\/comments?post=2377"}],"version-history":[{"count":7,"href":"https:\/\/medicaltravel.net\/de\/wp-json\/wp\/v2\/pages\/2377\/revisions"}],"predecessor-version":[{"id":2390,"href":"https:\/\/medicaltravel.net\/de\/wp-json\/wp\/v2\/pages\/2377\/revisions\/2390"}],"wp:attachment":[{"href":"https:\/\/medicaltravel.net\/de\/wp-json\/wp\/v2\/media?parent=2377"}],"curies":[{"name":"wp","href":"https:\/\/api.w.org\/{rel}","templated":true}]}}