{"id":2382,"date":"2025-09-29T09:41:36","date_gmt":"2025-09-29T08:41:36","guid":{"rendered":"https:\/\/medicaltravel.net\/traumatologie\/orthopaedie-tuerkei\/"},"modified":"2026-01-10T02:31:39","modified_gmt":"2026-01-10T01:31:39","slug":"orthopaedie-tuerkei","status":"publish","type":"page","link":"https:\/\/medicaltravel.net\/de\/traumatologie\/orthopaedie-tuerkei\/","title":{"rendered":"Orthop\u00e4die T\u00fcrkei"},"content":{"rendered":"\t\t<div data-elementor-type=\"wp-page\" data-elementor-id=\"2382\" class=\"elementor elementor-2382 elementor-75\" data-elementor-post-type=\"page\">\n\t\t\t\t<div class=\"elementor-element elementor-element-5f0d698b e-flex e-con-boxed wpr-particle-no wpr-jarallax-no wpr-parallax-no wpr-sticky-section-no e-con e-parent\" data-id=\"5f0d698b\" data-element_type=\"container\" data-e-type=\"container\">\n\t\t\t\t\t<div class=\"e-con-inner\">\n\t\t<div class=\"elementor-element elementor-element-abbd749 e-con-full e-flex wpr-particle-no wpr-jarallax-no wpr-parallax-no wpr-sticky-section-no e-con e-child\" data-id=\"abbd749\" data-element_type=\"container\" data-e-type=\"container\">\n\t\t\t\t<div class=\"elementor-element elementor-element-862cec9 elementor-widget elementor-widget-button\" data-id=\"862cec9\" data-element_type=\"widget\" data-e-type=\"widget\" data-widget_type=\"button.default\">\n\t\t\t\t\t\t\t\t\t\t<a class=\"elementor-button elementor-button-link elementor-size-sm\" href=\"https:\/\/medicaltravel.net\/de\/traumatologie\/orthopaedie-tuerkei\/\">\n\t\t\t\t\t\t<span class=\"elementor-button-content-wrapper\">\n\t\t\t\t\t\t\t\t\t<span class=\"elementor-button-text\">Orthop\u00e4die T\u00fcrkei<\/span>\n\t\t\t\t\t<\/span>\n\t\t\t\t\t<\/a>\n\t\t\t\t\t\t\t\t<\/div>\n\t\t\t\t<div class=\"elementor-element elementor-element-58b76ce elementor-widget elementor-widget-button\" data-id=\"58b76ce\" data-element_type=\"widget\" data-e-type=\"widget\" data-widget_type=\"button.default\">\n\t\t\t\t\t\t\t\t\t\t<a class=\"elementor-button elementor-button-link elementor-size-sm\" href=\"https:\/\/medicaltravel.net\/traumatology\/pediatric-hand-surgery\/\">\n\t\t\t\t\t\t<span class=\"elementor-button-content-wrapper\">\n\t\t\t\t\t\t\t\t\t<span class=\"elementor-button-text\">Kinderhandchirurgie<\/span>\n\t\t\t\t\t<\/span>\n\t\t\t\t\t<\/a>\n\t\t\t\t\t\t\t\t<\/div>\n\t\t\t\t<\/div>\n\t\t\t\t<div class=\"elementor-element elementor-element-5ab97260 elementor-widget elementor-widget-text-editor\" data-id=\"5ab97260\" data-element_type=\"widget\" data-e-type=\"widget\" data-widget_type=\"text-editor.default\">\n\t\t\t\t\t\t\t\t\t\n<h3 class=\"wp-block-heading\">ORTHOP\u00c4DIE<\/h3>\n\n<figure class=\"wp-block-image size-full\"><img fetchpriority=\"high\" decoding=\"async\" width=\"500\" height=\"233\" class=\"wp-image-232\" src=\"https:\/\/medicaltravel.net\/wp-content\/uploads\/2025\/09\/csm_Orthopedics_578b4a0f99.jpg\" alt=\"\" srcset=\"https:\/\/medicaltravel.net\/wp-content\/uploads\/2025\/09\/csm_Orthopedics_578b4a0f99.jpg 500w, https:\/\/medicaltravel.net\/wp-content\/uploads\/2025\/09\/csm_Orthopedics_578b4a0f99-300x140.jpg 300w\" sizes=\"(max-width: 500px) 100vw, 500px\" \/><\/figure>\n\n<p id=\"caption-attachment-649\">Ein nach JCI akkreditiertes, multidisziplin\u00e4res medizinisches Zentrum, das Teil der Acibadem Healthcare Group ist<\/p>\n\n<p>In der Abteilung f\u00fcr Orthop\u00e4die werden moderne Diagnosetechniken und hochmoderne Behandlungsm\u00f6glichkeiten f\u00fcr das gesamte Muskel- und Skelettsystem sowie f\u00fcr Wirbels\u00e4ulenerkrankungen und Traumata angeboten<br><strong>Die Verfahren sind wie folgt<\/strong><\/p>\n\n<ul class=\"wp-block-list\">\n<li>Skoliose- und Wirbels\u00e4ulenoperationen<\/li>\n\n<li>Frakturen und Traumata des Muskel- und Skelettsystems\n<ul class=\"wp-block-list\">\n<li>Gelenkverrenkungen<\/li>\n\n<li>Muskel- und Sehnenrisse<\/li>\n\n<li>Behandlung aller Frakturen und Verrenkungen bei Polytraumapatienten<\/li>\n<\/ul>\n<\/li>\n\n<li>Arthroskopische Operationen (Schulter, H\u00fcfte, Knie, Sprunggelenk und Handgelenk)\n<ul class=\"wp-block-list\">\n<li>Gonarthrose und Coxarthrose<\/li>\n\n<li>H\u00fcft- und Knieprothesen<\/li>\n\n<li>Revisionsoperationen bei Protheseninfektionen und -verlusten<\/li>\n\n<li>Periaketabul\u00e4re und hochgradige tibiale Osteotomie-Operationen<\/li>\n<\/ul>\n<\/li>\n\n<li>Wirbels\u00e4ulenoperationen\n<ul class=\"wp-block-list\">\n<li>Wirbels\u00e4ulendeformit\u00e4ten (Skoliose, Kyphose)<\/li>\n\n<li>Spondylolisthesis (Verrenkung der Wirbel)<\/li>\n\n<li>Degenerative Wirbels\u00e4ulenerkrankungen<\/li>\n\n<li>Wirbels\u00e4ulentraumata (zervikal, thorakal, lumbal, sakral)<\/li>\n\n<li>Wirbels\u00e4uleninfektionen (Wirbel tuberkulose, unspezifische Infektionen)<\/li>\n\n<li>Wirbels\u00e4ulentumoren (prim\u00e4r \u2013 metastatisch)<\/li>\n<\/ul>\n<\/li>\n\n<li>Orthop\u00e4dische Deformit\u00e4ten<\/li>\n\n<li>Knochenverl\u00e4ngerungsoperationen\n<ul class=\"wp-block-list\">\n<li>Externe Fixateur-Anwendungen bei Knochendeformit\u00e4ten<\/li>\n\n<li>Nichtverheilte Frakturen und Knocheninfektionen<\/li>\n<\/ul>\n<\/li>\n\n<li>Verschiedene Kinderkrankheiten des H\u00fcftgelenks (angeborene H\u00fcftgelenksverrenkung, aseptische Nekrosen)\n<ul class=\"wp-block-list\">\n<li>Alle Arten von angeborenen und entwicklungsbedingten Problemen wie angeborene H\u00fcftgelenksverrenkung, Pes equinovarus, Hemimelie<\/li>\n\n<li>Alle kindlichen orthop\u00e4dischen Erkrankungen wie Morbus Perthes, Knochen- und Weichteilprobleme, Knocheninfektionen, Hinken und L\u00e4ngenunterschiede der Gliedma\u00dfen<\/li>\n\n<li>Alle Arten von Traumata und Sportverletzungen, Frakturen, Sehnen- und B\u00e4nderrisse<\/li>\n\n<li>Neuromuskul\u00e4re Probleme wie Zerebralparese, Myelodysplasie, geburtliche L\u00e4hmung, Charcot-Marie-Tooth-Krankheit<\/li>\n<\/ul>\n<\/li>\n\n<li>Kompletter Kniegelenkersatz<\/li>\n\n<li>Kompletter H\u00fcftgelenkersatz<\/li>\n\n<li>Ankle and foot Diseases (Hallux Valgus Etc.)<\/li>\n\n<li>Arthroplastische Eingriffe (H\u00fcfte, Knie, Schulter, Endoprothesenoperationen)<\/li>\n\n<li>Handerkrankungen und Handchirurgie (mikrochirurgische Eingriffe werden ebenfalls angeboten)\n<ul class=\"wp-block-list\">\n<li>Operationen der oberen Extremit\u00e4t<\/li>\n\n<li>Operationen an Hand, Handgelenk und Arm<\/li>\n\n<li>Mikrochirurgie<\/li>\n\n<li>Replantation<\/li>\n\n<li>Freie Gewebetransplantationen<\/li>\n\n<li>Rekonstruktion aller akuten Traumata der oberen Extremit\u00e4t, Gelenkersatzoperationen und Arthroskopien kleiner Gelenke<\/li>\n\n<li>Rekonstruktion angeborener Handdeformit\u00e4ten<\/li>\n<\/ul>\n<\/li>\n\n<li>Tumoren des Muskel- und Skelettsystems<\/li>\n<\/ul>\n\t\t\t\t\t\t\t\t<\/div>\n\t\t\t\t\t<\/div>\n\t\t\t\t<\/div>\n\t\t\t\t<\/div>\n\t\t","protected":false},"excerpt":{"rendered":"<p>Orthop\u00e4die T\u00fcrkei Kinderhandchirurgie ORTHOP\u00c4DIE Ein nach JCI akkreditiertes, multidisziplin\u00e4res medizinisches Zentrum, das Teil der Acibadem Healthcare Group ist In der Abteilung f\u00fcr Orthop\u00e4die werden moderne Diagnosetechniken und hochmoderne Behandlungsm\u00f6glichkeiten f\u00fcr das gesamte Muskel- und Skelettsystem sowie f\u00fcr Wirbels\u00e4ulenerkrankungen und Traumata angebotenDie Verfahren sind wie folgt Skoliose- und Wirbels\u00e4ulenoperationen Frakturen und Traumata des Muskel- und Skelettsystems Gelenkverrenkungen Muskel- und Sehnenrisse Behandlung aller Frakturen und Verrenkungen bei Polytraumapatienten Arthroskopische Operationen (Schulter, H\u00fcfte, Knie, Sprunggelenk und Handgelenk) Gonarthrose und Coxarthrose H\u00fcft- und Knieprothesen Revisionsoperationen bei Protheseninfektionen und -verlusten Periaketabul\u00e4re und hochgradige tibiale Osteotomie-Operationen Wirbels\u00e4ulenoperationen Wirbels\u00e4ulendeformit\u00e4ten (Skoliose, Kyphose) Spondylolisthesis (Verrenkung der Wirbel) Degenerative Wirbels\u00e4ulenerkrankungen Wirbels\u00e4ulentraumata (zervikal, thorakal, lumbal, sakral) Wirbels\u00e4uleninfektionen (Wirbel tuberkulose, unspezifische Infektionen) Wirbels\u00e4ulentumoren (prim\u00e4r \u2013 metastatisch) Orthop\u00e4dische Deformit\u00e4ten Knochenverl\u00e4ngerungsoperationen Externe Fixateur-Anwendungen bei Knochendeformit\u00e4ten Nichtverheilte Frakturen und Knocheninfektionen Verschiedene Kinderkrankheiten des H\u00fcftgelenks (angeborene H\u00fcftgelenksverrenkung, aseptische Nekrosen) Alle Arten von angeborenen und entwicklungsbedingten Problemen wie angeborene H\u00fcftgelenksverrenkung, Pes equinovarus, Hemimelie Alle kindlichen orthop\u00e4dischen Erkrankungen wie Morbus Perthes, Knochen- und Weichteilprobleme, Knocheninfektionen, Hinken und L\u00e4ngenunterschiede der Gliedma\u00dfen Alle Arten von Traumata und Sportverletzungen, Frakturen, Sehnen- und B\u00e4nderrisse Neuromuskul\u00e4re Probleme wie Zerebralparese, Myelodysplasie, geburtliche L\u00e4hmung, Charcot-Marie-Tooth-Krankheit Kompletter Kniegelenkersatz Kompletter H\u00fcftgelenkersatz Ankle and foot Diseases (Hallux Valgus Etc.) Arthroplastische Eingriffe (H\u00fcfte, Knie, Schulter, Endoprothesenoperationen) Handerkrankungen und Handchirurgie (mikrochirurgische Eingriffe werden ebenfalls angeboten) Operationen der oberen Extremit\u00e4t Operationen an Hand, Handgelenk und Arm Mikrochirurgie Replantation Freie Gewebetransplantationen Rekonstruktion aller akuten Traumata der oberen Extremit\u00e4t, Gelenkersatzoperationen und Arthroskopien kleiner Gelenke Rekonstruktion angeborener Handdeformit\u00e4ten Tumoren des Muskel- und Skelettsystems<\/p>\n","protected":false},"author":4,"featured_media":0,"parent":2377,"menu_order":0,"comment_status":"closed","ping_status":"closed","template":"","meta":{"_joinchat":[],"footnotes":""},"class_list":["post-2382","page","type-page","status-publish","hentry"],"acf":[],"_links":{"self":[{"href":"https:\/\/medicaltravel.net\/de\/wp-json\/wp\/v2\/pages\/2382","targetHints":{"allow":["GET"]}}],"collection":[{"href":"https:\/\/medicaltravel.net\/de\/wp-json\/wp\/v2\/pages"}],"about":[{"href":"https:\/\/medicaltravel.net\/de\/wp-json\/wp\/v2\/types\/page"}],"author":[{"embeddable":true,"href":"https:\/\/medicaltravel.net\/de\/wp-json\/wp\/v2\/users\/4"}],"replies":[{"embeddable":true,"href":"https:\/\/medicaltravel.net\/de\/wp-json\/wp\/v2\/comments?post=2382"}],"version-history":[{"count":3,"href":"https:\/\/medicaltravel.net\/de\/wp-json\/wp\/v2\/pages\/2382\/revisions"}],"predecessor-version":[{"id":2385,"href":"https:\/\/medicaltravel.net\/de\/wp-json\/wp\/v2\/pages\/2382\/revisions\/2385"}],"up":[{"embeddable":true,"href":"https:\/\/medicaltravel.net\/de\/wp-json\/wp\/v2\/pages\/2377"}],"wp:attachment":[{"href":"https:\/\/medicaltravel.net\/de\/wp-json\/wp\/v2\/media?parent=2382"}],"curies":[{"name":"wp","href":"https:\/\/api.w.org\/{rel}","templated":true}]}}